{"id":9590,"date":"2025-11-11T04:49:57","date_gmt":"2025-11-11T04:49:57","guid":{"rendered":"https:\/\/gambling6.com\/lotteria\/ottieni-i-biglietti-della-lotteria-el-gordo-da-qualsiasi-luogo\/"},"modified":"2025-11-11T04:49:57","modified_gmt":"2025-11-11T04:49:57","slug":"ottieni-i-biglietti-della-lotteria-el-gordo-da-qualsiasi-luogo","status":"publish","type":"page","link":"https:\/\/gambling6.com\/it\/lotteria\/ottieni-i-biglietti-della-lotteria-el-gordo-da-qualsiasi-luogo\/","title":{"rendered":"Ottieni i biglietti della lotteria El Gordo da qualsiasi luogo"},"content":{"rendered":"<h2>Facile acquistare online i biglietti per la lotteria El Gordo.<\/h2>\n<p><img loading=\"lazy\" decoding=\"async\" class=\" wp-image-1569 alignright\" src=\"https:\/\/gambling6.com\/wp-content\/uploads\/2022\/04\/2_ticket_spanish_lottery.jpg\" alt=\"biglietto El Gordo\" width=\"200\" height=\"274\" \/>In Europa, la lotteria El Gordo \u00e8 enorme e viene giocata sia in Spagna che a livello internazionale. Ci si pu\u00f2 aspettare un jackpot minimo di circa 6,5 \u200b\u200bmilioni di euro a settimana. C&#8217;\u00e8 una sola estrazione a settimana, la domenica, e i giocatori sono in fila per giocare ogni settimana. Il jackpot pu\u00f2 accumularsi fino a 26 milioni di euro. Tuttavia, se ci sono frequenti rollover di prezzo (non jackpot), a volte pu\u00f2 raggiungere i 35 milioni di euro, una volta che si considerano i riporti delle settimane precedenti.<\/p>\n<h2>Gli europei acquistano biglietti della lotteria online ogni settimana.<\/h2>\n<p>L&#8217;Europa \u00e8 rimasta una fonte crescente di entrate dalla lotteria; ogni settimana, milioni di giocatori si mettono in fila per giocare al lotto in questo continente. Per acquistare i biglietti online per la lotteria El Gordo, \u00e8 necessario visitare il nostro partner RedFoxLotto, accedere al proprio account e quindi decidere se utilizzare la selezione rapida o scegliere i propri numeri. Se si scelgono i propri numeri, sar\u00e0 necessario scegliere cinque numeri principali e un numero bonus.<\/p>\n<h2>Gli europei acquistano i biglietti online per l&#8217;estrazione di domenica.<\/h2>\n<p>El Gordo, nota come lotteria spagnola 6\/49, non deve essere confusa con la lotteria di Natale El Gordo. Questa popolare lotteria settimanale viene estratta la domenica. Quando si acquistano biglietti online per la lotteria El Gordo, \u00e8 importante tenere presente che la probabilit\u00e0 di vincere un premio \u00e8 di 1 su 10. Questo perch\u00e9 ci sono sette diversi livelli di premio oltre alla vincita del jackpot.<\/p>\n<h2>Milioni di dollari vengono spesi ogni mese per l&#8217;acquisto di biglietti.<\/h2>\n<p>Negli ultimi anni gli europei sono impazziti per i biglietti della lotteria. Secondi solo al Nord America, gli europei spendono centinaia di milioni di dollari in biglietti ogni anno. Ora che \u00e8 possibile acquistare online i biglietti per le lotterie di tutto il mondo, le vendite sono aumentate drasticamente. Se desideri acquistare i biglietti per la prossima lotteria El Gordo, <a class=\"thirstylink\" title=\"Redfoxlotto\" href=\"https:\/\/gambling6.com\/go\/redfoxlotto\/\" target=\"_blank\" rel=\"nofollow noopener\">visita semplicemente il nostro partner RedFoxLotto<\/a>, crea un account e potresti essere sulla buona strada per diventare multimilionario da un giorno all&#8217;altro.<\/p>\n<table style=\"width: 500px;\" border=\"1\" cellspacing=\"5\" cellpadding=\"5\" align=\"center\">\n<tbody>\n<tr>\n<td colspan=\"3\" align=\"center\">I migliori jackpot del 2013<\/td>\n<\/tr>\n<tr>\n<td>Estrazione<\/td>\n<td align=\"center\">Data<\/td>\n<td align=\"center\">Jackpot (USD)<\/td>\n<\/tr>\n<tr>\n<td>El Gordo &#8211; Spagna<\/td>\n<td align=\"center\">13-ott-13<\/td>\n<td align=\"right\">$13.327.360<\/td>\n<\/tr>\n<tr>\n<td>El Gordo &#8211; Spagna<\/td>\n<td align=\"center\">4-ago-13<\/td>\n<td align=\"right\">$10.275.000<\/td>\n<\/tr>\n<tr>\n<td>El Gordo &#8211; Spagna<\/td>\n<td align=\"center\">16-giu-13<\/td>\n<td align=\"right\">$9.590.000<\/td>\n<\/tr>\n<tr>\n<td>El Gordo &#8211; Spagna<\/td>\n<td align=\"center\">23-giu-13<\/td>\n<td align=\"right\">$6.850.000<\/td>\n<\/tr>\n<\/tbody>\n<\/table>\n<p>&nbsp;<\/p>\n<table style=\"width: 500px;\" border=\"1\" cellspacing=\"5\" cellpadding=\"5\" align=\"center\">\n<tbody>\n<tr>\n<td colspan=\"3\" align=\"center\">Lotto El Gordo &#8211; Livelli di premio Spagnolo 6\/49<\/td>\n<\/tr>\n<tr>\n<td>Premio<\/td>\n<td align=\"center\">Partite<\/td>\n<td align=\"center\">Quote<\/td>\n<\/tr>\n<tr>\n<td>1\u00b0 (Jackpot)<\/td>\n<td align=\"center\">5 + 1<\/td>\n<td align=\"right\">31.625.100 : 1<\/td>\n<\/tr>\n<tr>\n<td>2\u00b0<\/td>\n<td align=\"center\">5<\/td>\n<td align=\"right\">3.513.900 : 1<\/td>\n<\/tr>\n<tr>\n<td>3\u00b0<\/td>\n<td align=\"center\">4 + 1<\/td>\n<td align=\"right\">129.082 : 1<\/td>\n<\/tr>\n<tr>\n<td>4\u00b0<\/td>\n<td align=\"center\">4<\/td>\n<td align=\"right\">14.342 : 1<\/td>\n<\/tr>\n<tr>\n<td>5\u00b0<\/td>\n<td align=\"center\">3 + 1<\/td>\n<td align=\"right\">2.689 : 1<\/td>\n<\/tr>\n<tr>\n<td>6\u00b0<\/td>\n<td align=\"center\">3<\/td>\n<td align=\"right\">299 : 1<\/td>\n<\/tr>\n<tr>\n<td>7\u00b0<\/td>\n<td align=\"center\">2 + 1<\/td>\n<td align=\"right\">172 : 1<\/td>\n<\/tr>\n<tr>\n<td>8\u00b0<\/td>\n<td align=\"center\">2<\/td>\n<td align=\"right\">19 : 1<\/td>\n<\/tr>\n<tr>\n<td>9\u00b0<\/td>\n<td align=\"center\">0 + 1<\/td>\n<td align=\"right\">10 : 1<\/td>\n<\/tr>\n<\/tbody>\n<\/table>\n","protected":false},"excerpt":{"rendered":"<p>Facile acquistare online i biglietti per la lotteria El Gordo. In Europa, la lotteria El Gordo \u00e8 enorme e viene giocata sia in Spagna che a livello internazionale. Ci si pu\u00f2 aspettare un jackpot minimo di circa 6,5 \u200b\u200bmilioni di euro a settimana. C&#8217;\u00e8 una sola estrazione a settimana, la domenica, e i giocatori sono [&hellip;]<\/p>\n","protected":false},"author":1,"featured_media":0,"parent":9304,"menu_order":3,"comment_status":"closed","ping_status":"closed","template":"","meta":{"footnotes":""},"class_list":["post-9590","page","type-page","status-publish","hentry"],"yoast_head":"<!-- This site is optimized with the Yoast SEO plugin v27.4 - https:\/\/yoast.com\/product\/yoast-seo-wordpress\/ -->\n<title>Acquista online i biglietti per la lotteria El Gordo<\/title>\n<meta name=\"description\" content=\"Diventa milionario acquistando online i biglietti della lotteria El Gordo.\" \/>\n<meta name=\"robots\" content=\"index, follow, max-snippet:-1, max-image-preview:large, max-video-preview:-1\" \/>\n<link rel=\"canonical\" href=\"https:\/\/gambling6.com\/it\/lotteria\/ottieni-i-biglietti-della-lotteria-el-gordo-da-qualsiasi-luogo\/\" \/>\n<meta property=\"og:locale\" content=\"it_IT\" \/>\n<meta property=\"og:type\" content=\"article\" \/>\n<meta property=\"og:title\" content=\"Acquista online i biglietti per la lotteria El Gordo\" \/>\n<meta property=\"og:description\" content=\"Diventa milionario acquistando online i biglietti della lotteria El Gordo.\" \/>\n<meta property=\"og:url\" content=\"https:\/\/gambling6.com\/it\/lotteria\/ottieni-i-biglietti-della-lotteria-el-gordo-da-qualsiasi-luogo\/\" \/>\n<meta property=\"og:site_name\" content=\"Gambling6\" \/>\n<meta property=\"og:image\" content=\"https:\/\/gambling6.com\/wp-content\/uploads\/2022\/04\/2_ticket_spanish_lottery.jpg\" \/>\n\t<meta property=\"og:image:width\" content=\"219\" \/>\n\t<meta property=\"og:image:height\" content=\"300\" \/>\n\t<meta property=\"og:image:type\" content=\"image\/jpeg\" \/>\n<meta name=\"twitter:card\" content=\"summary_large_image\" \/>\n<meta name=\"twitter:label1\" content=\"Tempo di lettura stimato\" \/>\n\t<meta name=\"twitter:data1\" content=\"2 minuti\" \/>\n<script type=\"application\/ld+json\" class=\"yoast-schema-graph\">{\"@context\":\"https:\\\/\\\/schema.org\",\"@graph\":[{\"@type\":\"WebPage\",\"@id\":\"https:\\\/\\\/gambling6.com\\\/it\\\/lotteria\\\/ottieni-i-biglietti-della-lotteria-el-gordo-da-qualsiasi-luogo\\\/\",\"url\":\"https:\\\/\\\/gambling6.com\\\/it\\\/lotteria\\\/ottieni-i-biglietti-della-lotteria-el-gordo-da-qualsiasi-luogo\\\/\",\"name\":\"Acquista online i biglietti per la lotteria El Gordo\",\"isPartOf\":{\"@id\":\"https:\\\/\\\/gambling6.com\\\/it\\\/#website\"},\"primaryImageOfPage\":{\"@id\":\"https:\\\/\\\/gambling6.com\\\/it\\\/lotteria\\\/ottieni-i-biglietti-della-lotteria-el-gordo-da-qualsiasi-luogo\\\/#primaryimage\"},\"image\":{\"@id\":\"https:\\\/\\\/gambling6.com\\\/it\\\/lotteria\\\/ottieni-i-biglietti-della-lotteria-el-gordo-da-qualsiasi-luogo\\\/#primaryimage\"},\"thumbnailUrl\":\"https:\\\/\\\/gambling6.com\\\/wp-content\\\/uploads\\\/2022\\\/04\\\/2_ticket_spanish_lottery.jpg\",\"datePublished\":\"2025-11-11T04:49:57+00:00\",\"description\":\"Diventa milionario acquistando online i biglietti della lotteria El Gordo.\",\"breadcrumb\":{\"@id\":\"https:\\\/\\\/gambling6.com\\\/it\\\/lotteria\\\/ottieni-i-biglietti-della-lotteria-el-gordo-da-qualsiasi-luogo\\\/#breadcrumb\"},\"inLanguage\":\"it-IT\",\"potentialAction\":[{\"@type\":\"ReadAction\",\"target\":[\"https:\\\/\\\/gambling6.com\\\/it\\\/lotteria\\\/ottieni-i-biglietti-della-lotteria-el-gordo-da-qualsiasi-luogo\\\/\"]}]},{\"@type\":\"ImageObject\",\"inLanguage\":\"it-IT\",\"@id\":\"https:\\\/\\\/gambling6.com\\\/it\\\/lotteria\\\/ottieni-i-biglietti-della-lotteria-el-gordo-da-qualsiasi-luogo\\\/#primaryimage\",\"url\":\"https:\\\/\\\/gambling6.com\\\/wp-content\\\/uploads\\\/2022\\\/04\\\/2_ticket_spanish_lottery.jpg\",\"contentUrl\":\"https:\\\/\\\/gambling6.com\\\/wp-content\\\/uploads\\\/2022\\\/04\\\/2_ticket_spanish_lottery.jpg\"},{\"@type\":\"BreadcrumbList\",\"@id\":\"https:\\\/\\\/gambling6.com\\\/it\\\/lotteria\\\/ottieni-i-biglietti-della-lotteria-el-gordo-da-qualsiasi-luogo\\\/#breadcrumb\",\"itemListElement\":[{\"@type\":\"ListItem\",\"position\":1,\"name\":\"Home\",\"item\":\"https:\\\/\\\/gambling6.com\\\/it\\\/home\\\/\"},{\"@type\":\"ListItem\",\"position\":2,\"name\":\"Lotteria\",\"item\":\"https:\\\/\\\/gambling6.com\\\/it\\\/lotteria\\\/\"},{\"@type\":\"ListItem\",\"position\":3,\"name\":\"Ottieni i biglietti della lotteria El Gordo da qualsiasi luogo\"}]},{\"@type\":\"WebSite\",\"@id\":\"https:\\\/\\\/gambling6.com\\\/it\\\/#website\",\"url\":\"https:\\\/\\\/gambling6.com\\\/it\\\/\",\"name\":\"Gambling6\",\"description\":\"\",\"potentialAction\":[{\"@type\":\"SearchAction\",\"target\":{\"@type\":\"EntryPoint\",\"urlTemplate\":\"https:\\\/\\\/gambling6.com\\\/it\\\/?s={search_term_string}\"},\"query-input\":{\"@type\":\"PropertyValueSpecification\",\"valueRequired\":true,\"valueName\":\"search_term_string\"}}],\"inLanguage\":\"it-IT\"}]}<\/script>\n<!-- \/ Yoast SEO plugin. -->","yoast_head_json":{"title":"Acquista online i biglietti per la lotteria El Gordo","description":"Diventa milionario acquistando online i biglietti della lotteria El Gordo.","robots":{"index":"index","follow":"follow","max-snippet":"max-snippet:-1","max-image-preview":"max-image-preview:large","max-video-preview":"max-video-preview:-1"},"canonical":"https:\/\/gambling6.com\/it\/lotteria\/ottieni-i-biglietti-della-lotteria-el-gordo-da-qualsiasi-luogo\/","og_locale":"it_IT","og_type":"article","og_title":"Acquista online i biglietti per la lotteria El Gordo","og_description":"Diventa milionario acquistando online i biglietti della lotteria El Gordo.","og_url":"https:\/\/gambling6.com\/it\/lotteria\/ottieni-i-biglietti-della-lotteria-el-gordo-da-qualsiasi-luogo\/","og_site_name":"Gambling6","og_image":[{"width":219,"height":300,"url":"https:\/\/gambling6.com\/wp-content\/uploads\/2022\/04\/2_ticket_spanish_lottery.jpg","type":"image\/jpeg"}],"twitter_card":"summary_large_image","twitter_misc":{"Tempo di lettura stimato":"2 minuti"},"schema":{"@context":"https:\/\/schema.org","@graph":[{"@type":"WebPage","@id":"https:\/\/gambling6.com\/it\/lotteria\/ottieni-i-biglietti-della-lotteria-el-gordo-da-qualsiasi-luogo\/","url":"https:\/\/gambling6.com\/it\/lotteria\/ottieni-i-biglietti-della-lotteria-el-gordo-da-qualsiasi-luogo\/","name":"Acquista online i biglietti per la lotteria El Gordo","isPartOf":{"@id":"https:\/\/gambling6.com\/it\/#website"},"primaryImageOfPage":{"@id":"https:\/\/gambling6.com\/it\/lotteria\/ottieni-i-biglietti-della-lotteria-el-gordo-da-qualsiasi-luogo\/#primaryimage"},"image":{"@id":"https:\/\/gambling6.com\/it\/lotteria\/ottieni-i-biglietti-della-lotteria-el-gordo-da-qualsiasi-luogo\/#primaryimage"},"thumbnailUrl":"https:\/\/gambling6.com\/wp-content\/uploads\/2022\/04\/2_ticket_spanish_lottery.jpg","datePublished":"2025-11-11T04:49:57+00:00","description":"Diventa milionario acquistando online i biglietti della lotteria El Gordo.","breadcrumb":{"@id":"https:\/\/gambling6.com\/it\/lotteria\/ottieni-i-biglietti-della-lotteria-el-gordo-da-qualsiasi-luogo\/#breadcrumb"},"inLanguage":"it-IT","potentialAction":[{"@type":"ReadAction","target":["https:\/\/gambling6.com\/it\/lotteria\/ottieni-i-biglietti-della-lotteria-el-gordo-da-qualsiasi-luogo\/"]}]},{"@type":"ImageObject","inLanguage":"it-IT","@id":"https:\/\/gambling6.com\/it\/lotteria\/ottieni-i-biglietti-della-lotteria-el-gordo-da-qualsiasi-luogo\/#primaryimage","url":"https:\/\/gambling6.com\/wp-content\/uploads\/2022\/04\/2_ticket_spanish_lottery.jpg","contentUrl":"https:\/\/gambling6.com\/wp-content\/uploads\/2022\/04\/2_ticket_spanish_lottery.jpg"},{"@type":"BreadcrumbList","@id":"https:\/\/gambling6.com\/it\/lotteria\/ottieni-i-biglietti-della-lotteria-el-gordo-da-qualsiasi-luogo\/#breadcrumb","itemListElement":[{"@type":"ListItem","position":1,"name":"Home","item":"https:\/\/gambling6.com\/it\/home\/"},{"@type":"ListItem","position":2,"name":"Lotteria","item":"https:\/\/gambling6.com\/it\/lotteria\/"},{"@type":"ListItem","position":3,"name":"Ottieni i biglietti della lotteria El Gordo da qualsiasi luogo"}]},{"@type":"WebSite","@id":"https:\/\/gambling6.com\/it\/#website","url":"https:\/\/gambling6.com\/it\/","name":"Gambling6","description":"","potentialAction":[{"@type":"SearchAction","target":{"@type":"EntryPoint","urlTemplate":"https:\/\/gambling6.com\/it\/?s={search_term_string}"},"query-input":{"@type":"PropertyValueSpecification","valueRequired":true,"valueName":"search_term_string"}}],"inLanguage":"it-IT"}]}},"_links":{"self":[{"href":"https:\/\/gambling6.com\/it\/wp-json\/wp\/v2\/pages\/9590","targetHints":{"allow":["GET"]}}],"collection":[{"href":"https:\/\/gambling6.com\/it\/wp-json\/wp\/v2\/pages"}],"about":[{"href":"https:\/\/gambling6.com\/it\/wp-json\/wp\/v2\/types\/page"}],"author":[{"embeddable":true,"href":"https:\/\/gambling6.com\/it\/wp-json\/wp\/v2\/users\/1"}],"replies":[{"embeddable":true,"href":"https:\/\/gambling6.com\/it\/wp-json\/wp\/v2\/comments?post=9590"}],"version-history":[{"count":0,"href":"https:\/\/gambling6.com\/it\/wp-json\/wp\/v2\/pages\/9590\/revisions"}],"up":[{"embeddable":true,"href":"https:\/\/gambling6.com\/it\/wp-json\/wp\/v2\/pages\/9304"}],"wp:attachment":[{"href":"https:\/\/gambling6.com\/it\/wp-json\/wp\/v2\/media?parent=9590"}],"curies":[{"name":"wp","href":"https:\/\/api.w.org\/{rel}","templated":true}]}}