{"id":11011,"date":"2025-11-17T11:07:45","date_gmt":"2025-11-17T11:07:45","guid":{"rendered":"https:\/\/gambling6.com\/?page_id=11011"},"modified":"2025-11-17T11:07:45","modified_gmt":"2025-11-17T11:07:45","slug":"888-kazino-apzvalga","status":"publish","type":"page","link":"https:\/\/gambling6.com\/lt\/888-kazino-apzvalga\/","title":{"rendered":"888 kazino ap\u017evalga"},"content":{"rendered":"<h2>Ne tik rulet\u0117s svetain\u0117 \u2013 888 kazino<\/h2>\n<p>888 internetinis kazino yra \u017einomas prek\u0117s \u017eenklas \u017eaidim\u0173 industrijoje. \u0160is internetinis kazino si\u016blo fantasti\u0161k\u0105 \u201eFlash\u201c pagrindu sukurt\u0105 kazino, kuris greitai \u012fkeliamas nar\u0161ykl\u0117je, ir galimyb\u0119 atsisi\u0173sti \u017eaidimo programin\u0119 \u012frang\u0105, kad gal\u0117tum\u0117te pasiekti \u017eaidimus. \u017daid\u0117jai renkasi atsisiun\u010diam\u0105 versij\u0105, nes ji suteikia nuosekl\u0173 poj\u016bt\u012f ir i\u0161vaizd\u0105 visuose \u017eaidimuose.<br \/>\n<a href=\"https:\/\/ic.aff-handler.com\/C\/45871?sr=1064399&amp;anid=\" rel=\"nofollow\"><img decoding=\"async\" class=\"aligncenter\" src=\"https:\/\/ic.aff-handler.com\/I\/45871?sr=1064399&amp;anid=\" \/><\/a><\/p>\n<h2>888 rulet\u0117s \u017eaidimai<\/h2>\n<p>Nuo europieti\u0161kos iki 3D rulet\u0117s \u2013 \u0161iame kazino galite m\u0117gautis vis\u0173 tip\u0173 rulete, apie kuri\u0105 galvojate. Taip pat yra nemokam\u0173 rulet\u0117s \u017eaidim\u0173, kuriuose galite i\u0161mokti \u017eaidimo taisykles, jei esate naujokas. Pagrindinis kazino akcentas \u2013 gyva rulet\u0117. Galite rinktis i\u0161 trij\u0173 vieno nulio stal\u0173: europieti\u0161kos, pranc\u016bzi\u0161kos ir Venecijos rulet\u0117s (ital\u0173 kalban\u010dio dalintojo).<\/p>\n<p>Statymo diapazonas prasideda nuo 1 iki 200. Priimamos valiutos yra USD, euras ir GBP. \u017daidimas \u017eaid\u0117jams si\u016blo puiki\u0105 estetik\u0105. Geriausia tai, kad \u017eaid\u0117jai gali \u017eaisti nar\u0161ykl\u0117je neatsisi\u0173sdami jokios programin\u0117s \u012frangos. Yra du \u017eaidimo vaizdai: klasikinis ir 3D. \u017daidime yra viskas, ko bet kuris rulet\u0117s gerb\u0117jas negal\u0117t\u0173 pra\u0161yti daugiau.<\/p>\n<p>Ta\u010diau be rulet\u0117s \u017eaidim\u0173, \u010dia rasite vis\u0173 r\u016b\u0161i\u0173 internetini\u0173 \u017eaidim\u0173 u\u017e pinigus. Pokeris, la\u017eybos, bingo, momentin\u0117s loterijos, lo\u0161imo automatai, Blackjack \u2013 k\u0105 tik sugalvosite, jie turi visk\u0105!<\/p>\n<h2>888 saugumas<\/h2>\n<p>\u0160is Gibraltare \u012fsik\u016br\u0119s kazino labai rimtai \u017ei\u016bri \u012f savo nari\u0173 asmenin\u0117s informacijos apsaug\u0105. Jie laikosi grie\u017et\u0173 saugumo protokol\u0173, kad apsaugot\u0173 duomenis ir informacij\u0105 nuo kibernetini\u0173 nusikalt\u0117li\u0173 atak\u0173. Kazino did\u017eiuojasi tur\u0117damas \u012fvairius saugumo sertifikatus. Jie si\u016blo 20 \u012fmok\u0173 metod\u0173, \u012fskaitant patikimiausius pramon\u0117s vardus, tokius kaip \u201eVisa\u201c ir \u201eNeteller\u201c. Kazino privalo palaikyti auk\u0161t\u0105 saugumo lyg\u012f, nes \u017eaid\u0117jai privalo pateikti patvirtinimo dokumentus, kad b\u016bt\u0173 i\u0161vengta suk\u010diavimo, o informacija yra jautri. D\u0117l toki\u0173 ypating\u0173 saugumo priemoni\u0173 \u017eaid\u0117jai gali m\u0117gautis \u017eaidimu be r\u016bpes\u010di\u0173.<\/p>\n<h2>888 kazino premijos ir akcijos<\/h2>\n<p>Be \u017eaidim\u0173, kitas dalykas, kuris domina daugum\u0105 kazino \u017eaid\u0117j\u0173, yra premijos ir akcijos. 888 reguliariai si\u016blo puikias akcijas. Jie suteikia dosni\u0105 prisijungimo premij\u0105 visiems naujiems \u017eaid\u0117jams. Galite j\u0105 laisvai naudoti bet kuriame kazino \u017eaidim\u0173 skyriuje. Kai pirm\u0105 kart\u0105 \u017eaisite rulet\u0119, b\u016bsite pasveikinti 1500 \u20ac prisijungimo premija. Kazino taip pat si\u016blo rekomendacij\u0173 akcij\u0105, kurioje galite u\u017edirbti apdovanojim\u0173 pakviesdami draugus prisijungti. Apskritai 888 kazino yra smagi vieta bet kuriam rulet\u0117s entuziastui. Bet kuris lo\u0161im\u0173 gerb\u0117jas gali m\u0117gautis ir smagiai praleisti laik\u0105 \u0161iame kazino!<\/p>\n","protected":false},"excerpt":{"rendered":"<p>Ne tik rulet\u0117s svetain\u0117 \u2013 888 kazino 888 internetinis kazino yra \u017einomas prek\u0117s \u017eenklas \u017eaidim\u0173 industrijoje. \u0160is internetinis kazino si\u016blo fantasti\u0161k\u0105 \u201eFlash\u201c pagrindu sukurt\u0105 kazino, kuris greitai \u012fkeliamas nar\u0161ykl\u0117je, ir galimyb\u0119 atsisi\u0173sti \u017eaidimo programin\u0119 \u012frang\u0105, kad gal\u0117tum\u0117te pasiekti \u017eaidimus. \u017daid\u0117jai renkasi atsisiun\u010diam\u0105 versij\u0105, nes ji suteikia nuosekl\u0173 poj\u016bt\u012f ir i\u0161vaizd\u0105 visuose \u017eaidimuose. 888 rulet\u0117s \u017eaidimai [&hellip;]<\/p>\n","protected":false},"author":1,"featured_media":0,"parent":0,"menu_order":3,"comment_status":"closed","ping_status":"closed","template":"","meta":{"footnotes":""},"class_list":["post-11011","page","type-page","status-publish","hentry"],"yoast_head":"<!-- This site is optimized with the Yoast SEO plugin v27.4 - https:\/\/yoast.com\/product\/yoast-seo-wordpress\/ -->\n<title>888 kazino ap\u017evalga - Gambling6<\/title>\n<meta name=\"robots\" content=\"index, follow, max-snippet:-1, max-image-preview:large, max-video-preview:-1\" \/>\n<link rel=\"canonical\" href=\"https:\/\/gambling6.com\/lt\/888-kazino-apzvalga\/\" \/>\n<meta property=\"og:locale\" content=\"lt_LT\" \/>\n<meta property=\"og:type\" content=\"article\" \/>\n<meta property=\"og:title\" content=\"888 kazino ap\u017evalga - Gambling6\" \/>\n<meta property=\"og:description\" content=\"Ne tik rulet\u0117s svetain\u0117 \u2013 888 kazino 888 internetinis kazino yra \u017einomas prek\u0117s \u017eenklas \u017eaidim\u0173 industrijoje. \u0160is internetinis kazino si\u016blo fantasti\u0161k\u0105 \u201eFlash\u201c pagrindu sukurt\u0105 kazino, kuris greitai \u012fkeliamas nar\u0161ykl\u0117je, ir galimyb\u0119 atsisi\u0173sti \u017eaidimo programin\u0119 \u012frang\u0105, kad gal\u0117tum\u0117te pasiekti \u017eaidimus. \u017daid\u0117jai renkasi atsisiun\u010diam\u0105 versij\u0105, nes ji suteikia nuosekl\u0173 poj\u016bt\u012f ir i\u0161vaizd\u0105 visuose \u017eaidimuose. 888 rulet\u0117s \u017eaidimai [&hellip;]\" \/>\n<meta property=\"og:url\" content=\"https:\/\/gambling6.com\/lt\/888-kazino-apzvalga\/\" \/>\n<meta property=\"og:site_name\" content=\"Gambling6\" \/>\n<meta property=\"og:image\" content=\"https:\/\/ic.aff-handler.com\/I\/45871?sr=1064399&amp;anid=\" \/>\n<meta name=\"twitter:card\" content=\"summary_large_image\" \/>\n<meta name=\"twitter:label1\" content=\"Est. reading time\" \/>\n\t<meta name=\"twitter:data1\" content=\"2 minut\u0117s\" \/>\n<script type=\"application\/ld+json\" class=\"yoast-schema-graph\">{\"@context\":\"https:\\\/\\\/schema.org\",\"@graph\":[{\"@type\":\"WebPage\",\"@id\":\"https:\\\/\\\/gambling6.com\\\/lt\\\/888-kazino-apzvalga\\\/\",\"url\":\"https:\\\/\\\/gambling6.com\\\/lt\\\/888-kazino-apzvalga\\\/\",\"name\":\"888 kazino ap\u017evalga - Gambling6\",\"isPartOf\":{\"@id\":\"https:\\\/\\\/gambling6.com\\\/lt\\\/#website\"},\"primaryImageOfPage\":{\"@id\":\"https:\\\/\\\/gambling6.com\\\/lt\\\/888-kazino-apzvalga\\\/#primaryimage\"},\"image\":{\"@id\":\"https:\\\/\\\/gambling6.com\\\/lt\\\/888-kazino-apzvalga\\\/#primaryimage\"},\"thumbnailUrl\":\"https:\\\/\\\/ic.aff-handler.com\\\/I\\\/45871?sr=1064399&amp;anid=\",\"datePublished\":\"2025-11-17T11:07:45+00:00\",\"breadcrumb\":{\"@id\":\"https:\\\/\\\/gambling6.com\\\/lt\\\/888-kazino-apzvalga\\\/#breadcrumb\"},\"inLanguage\":\"lt-LT\",\"potentialAction\":[{\"@type\":\"ReadAction\",\"target\":[\"https:\\\/\\\/gambling6.com\\\/lt\\\/888-kazino-apzvalga\\\/\"]}]},{\"@type\":\"ImageObject\",\"inLanguage\":\"lt-LT\",\"@id\":\"https:\\\/\\\/gambling6.com\\\/lt\\\/888-kazino-apzvalga\\\/#primaryimage\",\"url\":\"https:\\\/\\\/ic.aff-handler.com\\\/I\\\/45871?sr=1064399&amp;anid=\",\"contentUrl\":\"https:\\\/\\\/ic.aff-handler.com\\\/I\\\/45871?sr=1064399&amp;anid=\"},{\"@type\":\"BreadcrumbList\",\"@id\":\"https:\\\/\\\/gambling6.com\\\/lt\\\/888-kazino-apzvalga\\\/#breadcrumb\",\"itemListElement\":[{\"@type\":\"ListItem\",\"position\":1,\"name\":\"Home\",\"item\":\"https:\\\/\\\/gambling6.com\\\/lt\\\/home\\\/\"},{\"@type\":\"ListItem\",\"position\":2,\"name\":\"888 kazino ap\u017evalga\"}]},{\"@type\":\"WebSite\",\"@id\":\"https:\\\/\\\/gambling6.com\\\/lt\\\/#website\",\"url\":\"https:\\\/\\\/gambling6.com\\\/lt\\\/\",\"name\":\"Gambling6\",\"description\":\"\",\"potentialAction\":[{\"@type\":\"SearchAction\",\"target\":{\"@type\":\"EntryPoint\",\"urlTemplate\":\"https:\\\/\\\/gambling6.com\\\/lt\\\/?s={search_term_string}\"},\"query-input\":{\"@type\":\"PropertyValueSpecification\",\"valueRequired\":true,\"valueName\":\"search_term_string\"}}],\"inLanguage\":\"lt-LT\"}]}<\/script>\n<!-- \/ Yoast SEO plugin. -->","yoast_head_json":{"title":"888 kazino ap\u017evalga - Gambling6","robots":{"index":"index","follow":"follow","max-snippet":"max-snippet:-1","max-image-preview":"max-image-preview:large","max-video-preview":"max-video-preview:-1"},"canonical":"https:\/\/gambling6.com\/lt\/888-kazino-apzvalga\/","og_locale":"lt_LT","og_type":"article","og_title":"888 kazino ap\u017evalga - Gambling6","og_description":"Ne tik rulet\u0117s svetain\u0117 \u2013 888 kazino 888 internetinis kazino yra \u017einomas prek\u0117s \u017eenklas \u017eaidim\u0173 industrijoje. \u0160is internetinis kazino si\u016blo fantasti\u0161k\u0105 \u201eFlash\u201c pagrindu sukurt\u0105 kazino, kuris greitai \u012fkeliamas nar\u0161ykl\u0117je, ir galimyb\u0119 atsisi\u0173sti \u017eaidimo programin\u0119 \u012frang\u0105, kad gal\u0117tum\u0117te pasiekti \u017eaidimus. \u017daid\u0117jai renkasi atsisiun\u010diam\u0105 versij\u0105, nes ji suteikia nuosekl\u0173 poj\u016bt\u012f ir i\u0161vaizd\u0105 visuose \u017eaidimuose. 888 rulet\u0117s \u017eaidimai [&hellip;]","og_url":"https:\/\/gambling6.com\/lt\/888-kazino-apzvalga\/","og_site_name":"Gambling6","og_image":[{"url":"https:\/\/ic.aff-handler.com\/I\/45871?sr=1064399&amp;anid=","type":"","width":"","height":""}],"twitter_card":"summary_large_image","twitter_misc":{"Est. reading time":"2 minut\u0117s"},"schema":{"@context":"https:\/\/schema.org","@graph":[{"@type":"WebPage","@id":"https:\/\/gambling6.com\/lt\/888-kazino-apzvalga\/","url":"https:\/\/gambling6.com\/lt\/888-kazino-apzvalga\/","name":"888 kazino ap\u017evalga - Gambling6","isPartOf":{"@id":"https:\/\/gambling6.com\/lt\/#website"},"primaryImageOfPage":{"@id":"https:\/\/gambling6.com\/lt\/888-kazino-apzvalga\/#primaryimage"},"image":{"@id":"https:\/\/gambling6.com\/lt\/888-kazino-apzvalga\/#primaryimage"},"thumbnailUrl":"https:\/\/ic.aff-handler.com\/I\/45871?sr=1064399&amp;anid=","datePublished":"2025-11-17T11:07:45+00:00","breadcrumb":{"@id":"https:\/\/gambling6.com\/lt\/888-kazino-apzvalga\/#breadcrumb"},"inLanguage":"lt-LT","potentialAction":[{"@type":"ReadAction","target":["https:\/\/gambling6.com\/lt\/888-kazino-apzvalga\/"]}]},{"@type":"ImageObject","inLanguage":"lt-LT","@id":"https:\/\/gambling6.com\/lt\/888-kazino-apzvalga\/#primaryimage","url":"https:\/\/ic.aff-handler.com\/I\/45871?sr=1064399&amp;anid=","contentUrl":"https:\/\/ic.aff-handler.com\/I\/45871?sr=1064399&amp;anid="},{"@type":"BreadcrumbList","@id":"https:\/\/gambling6.com\/lt\/888-kazino-apzvalga\/#breadcrumb","itemListElement":[{"@type":"ListItem","position":1,"name":"Home","item":"https:\/\/gambling6.com\/lt\/home\/"},{"@type":"ListItem","position":2,"name":"888 kazino ap\u017evalga"}]},{"@type":"WebSite","@id":"https:\/\/gambling6.com\/lt\/#website","url":"https:\/\/gambling6.com\/lt\/","name":"Gambling6","description":"","potentialAction":[{"@type":"SearchAction","target":{"@type":"EntryPoint","urlTemplate":"https:\/\/gambling6.com\/lt\/?s={search_term_string}"},"query-input":{"@type":"PropertyValueSpecification","valueRequired":true,"valueName":"search_term_string"}}],"inLanguage":"lt-LT"}]}},"_links":{"self":[{"href":"https:\/\/gambling6.com\/lt\/wp-json\/wp\/v2\/pages\/11011","targetHints":{"allow":["GET"]}}],"collection":[{"href":"https:\/\/gambling6.com\/lt\/wp-json\/wp\/v2\/pages"}],"about":[{"href":"https:\/\/gambling6.com\/lt\/wp-json\/wp\/v2\/types\/page"}],"author":[{"embeddable":true,"href":"https:\/\/gambling6.com\/lt\/wp-json\/wp\/v2\/users\/1"}],"replies":[{"embeddable":true,"href":"https:\/\/gambling6.com\/lt\/wp-json\/wp\/v2\/comments?post=11011"}],"version-history":[{"count":1,"href":"https:\/\/gambling6.com\/lt\/wp-json\/wp\/v2\/pages\/11011\/revisions"}],"predecessor-version":[{"id":11013,"href":"https:\/\/gambling6.com\/lt\/wp-json\/wp\/v2\/pages\/11011\/revisions\/11013"}],"wp:attachment":[{"href":"https:\/\/gambling6.com\/lt\/wp-json\/wp\/v2\/media?parent=11011"}],"curies":[{"name":"wp","href":"https:\/\/api.w.org\/{rel}","templated":true}]}}