{"id":11060,"date":"2025-11-17T14:00:18","date_gmt":"2025-11-17T14:00:18","guid":{"rendered":"https:\/\/gambling6.com\/?p=11060"},"modified":"2025-11-17T14:00:18","modified_gmt":"2025-11-17T14:00:18","slug":"ar-redfoxlotto-yra-geras","status":"publish","type":"page","link":"https:\/\/gambling6.com\/lt\/ar-redfoxlotto-yra-geras\/","title":{"rendered":"Ar \u201eRedFoxLotto\u201c yra geras?"},"content":{"rendered":"<h2>\u201eRedFoxLotto\u201c ap\u017evalga<\/h2>\n<p><strong>\u201eRedFoxLotto\u201c<\/strong>yra labai patogi naudoti, saugi ir patikima platforma, skirta pirkti bilietus internetu \u012f visas pagrindines loterijas visame pasaulyje. \u201eRedFoxLotto\u201c svetain\u0117je galite \u017eaisti daugyb\u0119 pasaulini\u0173 loterij\u0173, o bilietus galima u\u017esisakyti 24 valandas per par\u0105, septynias dienas per savait\u0119. Paprasta susikurti paskyr\u0105, \u012fne\u0161ti pinig\u0173 ir prad\u0117ti \u017eaisti tarptautinius loterijos bilietus vos per kelias minutes.<\/p>\n<h2>Visus laim\u0117tus pinigus pasiliekate \u201eRedFoxLotto\u201c<\/h2>\n<p>\u201eRedFoxLotto\u201c samdo loterij\u0173 kurjerius visame pasaulyje, kurie perka bilietus \u012f loterijas, kuriose norite \u017eaisti j\u016bs\u0173 vardu. Kai bilietai jau \u012fsigyti, jie nuskaitomi ir \u012fkeliami \u012f j\u016bs\u0173 s\u0105skait\u0105 prie\u0161 lo\u0161im\u0105. \u0160is metodas u\u017etikrina, kad galite matyti savo bilietus ir gauti 100 % savo laim\u0117jimo. \u201eRedFoxLotto\u201c neima jokio procento nuo j\u016bs\u0173 laim\u0117jimo; visi mokes\u010diai \u012fskai\u010diuoti \u012f j\u016bs\u0173 biliet\u0173 kain\u0105.<\/p>\n<h2>Bilietai parduodami visoms pagrindin\u0117ms loterijoms<\/h2>\n<p><strong>Rasite biliet\u0173 \u012f visas pagrindines pasaulines loterijas, \u012fskaitant \u201eMega Millions\u201c, \u201ePowerball USA\u201c, \u201eEurojackpot\u201c, \u201eEuro Millions\u201c ir kt.<\/strong> Nesvarbu, kurioje \u0161alyje gyvenate; galite \u012fsigyti bilietus \u012f visas pagrindines loterijas visame pasaulyje. Jums tereikia prisijungti prie savo paskyros, pasirinkti \u201eRedFoxLotto\u201c, kuri\u0105 norite \u017eaisti, pasirinkti norimus \u017eaisti skai\u010dius ir ramiai laukti, kol \u012fvyks traukimas. \u201eRedFoxLotto\u201c atsi\u0173s jums prane\u0161imus apie visus laim\u0117jimus.<\/p>\n<p>Lengva atsiimti laim\u0117jimus \u201eRedFoxLotto\u201c<\/p>\n<p>Jei turite laim\u0117jusi\u0173 biliet\u0173, <strong>\u201eRedFoxLotto\u201c atsi\u0173s jums prane\u0161im\u0105 el. pa\u0161tu arba paskambins, jei prizas didesnis, kad prane\u0161t\u0173 apie j\u016bs\u0173 laim\u0117jim\u0105.<\/strong> Laim\u0117jimas iki 2000 \u20ac bus automati\u0161kai \u012fskaitytas \u012f j\u016bs\u0173 s\u0105skait\u0105. Jei laim\u0117site priz\u0105, didesn\u012f nei 2000 \u20ac, \u201eRedFoxLotto\u201c apdorojimo ekspertai pad\u0117s jums atlikti reikiamus veiksmus, kad atsiimtum\u0117te savo laim\u0117jim\u0105. Pagrindinio prizo laim\u0117tojai gali pasirinkti, kad \u201eRedFoxLotto\u201c veikt\u0173 j\u0173 vardu, arba, jei pageidaujate, galite atvykti atsiimti savo laim\u0117jimo asmeni\u0161kai. Esame tikri, kad jei tapsite keli\u0173 milijon\u0173 doleri\u0173 laim\u0117toju, jums nekils problem\u0173 atliekant visus veiksmus, reikalingus laim\u0117jimui atsiimti.<\/p>\n<h2>Mok\u0117jimas u\u017e internetinius loterijos bilietus<\/h2>\n<p>\u201eRedFoxLotto\u201c si\u016blo daug saugi\u0173 mok\u0117jimo b\u016bd\u0173, nesvarbu, kurioje \u0161alyje gyvenate.<strong> Jie priima \u201eVisa\u201c, \u201eMasterCard\u201c, \u201eAmerican Express\u201c, \u201eSkrill\u201c, \u201eNeteller\u201c, momentinius banko pavedimus, kriptovaliutas ir \u012fvairius kitus internetini\u0173 pinigini\u0173 produktus.<\/strong> Galite pasirinkti, kad j\u016bs\u0173 laim\u0117jimas b\u016bt\u0173 \u012fne\u0161tas bet kuriuo i\u0161 \u0161i\u0173 b\u016bd\u0173 arba kad pinigai b\u016bt\u0173 pervesti tiesiai \u012f j\u016bs\u0173 banko s\u0105skait\u0105.<\/p>\n<p>Kiekvienais metais \u201eRedFoxLotto\u201c atstovauja milijon\u0173 doleri\u0173 laim\u0117tojams ir suteikia 100 % mok\u0117jimo garantij\u0105. Pasteb\u0117site, kad jei turite klausim\u0173, galite lengvai susisiekti su vis\u0105 par\u0105 dirban\u010diais klient\u0173 aptarnavimo atstovais svetain\u0117je \u201eRedFoxLotto.com\u201c. Nebereikia lankytis vietiniuose loterijos kioskuose, norint pirkti bilietus \u012f vietin\u0119 loterij\u0105. Vis\u0173 loterij\u0173 bilietus galite \u012fsigyti patogiai \u012fsigij\u0119 namuose ar biure, per daug laiko.<\/p>\n<p><strong>Prad\u0117kite \u017eaisti tarptautines loterijas internetu jau \u0161iandien apsilank\u0119 m\u016bs\u0173 partnerio \u201eRedFoxLotto\u201c svetain\u0117je ir atsidar\u0119 asmenin\u0119 paskyr\u0105.<\/strong> Suk\u016br\u0119 paskyr\u0105, rasite daugyb\u0119 skirting\u0173 premij\u0173 pasi\u016blym\u0173 ir speciali\u0173 biliet\u0173 pirkimo program\u0173, kad loterijos \u017eaidimas b\u016bt\u0173 smagus ir pelningas.<\/p>\n<p><a class=\"thirstylink\" title=\"Redfoxlotto\" href=\"https:\/\/gambling6.com\/go\/redfoxlotto\/\" target=\"_blank\" rel=\"nofollow noopener\">Spustel\u0117kite \u010dia dabar, kad sukurtum\u0117te asmenin\u0119 internetin\u0119 \u201eRedFoxLotto<\/a>\u201c paskyr\u0105 ir per nakt\u012f gal\u0117tum\u0117te tapti multimilijonieriumi.<\/p>\n","protected":false},"excerpt":{"rendered":"<p>\u201eRedFoxLotto\u201c ap\u017evalga \u201eRedFoxLotto\u201cyra labai patogi naudoti, saugi ir patikima platforma, skirta pirkti bilietus internetu \u012f visas pagrindines loterijas visame pasaulyje. \u201eRedFoxLotto\u201c svetain\u0117je galite \u017eaisti daugyb\u0119 pasaulini\u0173 loterij\u0173, o bilietus galima u\u017esisakyti 24 valandas per par\u0105, septynias dienas per savait\u0119. Paprasta susikurti paskyr\u0105, \u012fne\u0161ti pinig\u0173 ir prad\u0117ti \u017eaisti tarptautinius loterijos bilietus vos per kelias minutes. Visus [&hellip;]<\/p>\n","protected":false},"author":1,"featured_media":0,"parent":0,"menu_order":1,"comment_status":"closed","ping_status":"closed","template":"","meta":{"footnotes":""},"class_list":["post-11060","page","type-page","status-publish","hentry"],"yoast_head":"<!-- This site is optimized with the Yoast SEO plugin v27.3 - https:\/\/yoast.com\/product\/yoast-seo-wordpress\/ -->\n<title>\u201eRedFoxLotto\u201c ap\u017evalga<\/title>\n<meta name=\"description\" content=\"\u201eRedFoxLotto.com\u201c svetain\u0117je galite internetu \u012fsigyti tarptautini\u0173 loterij\u0173 bilietus, \u012fskaitant \u201ePowerball\u201c ir \u201eMega Millions\u201c. Perskaitykite m\u016bs\u0173 \u201eRedFoxlotto\u201c ap\u017evalg\u0105.\" \/>\n<meta name=\"robots\" content=\"index, follow, max-snippet:-1, max-image-preview:large, max-video-preview:-1\" \/>\n<link rel=\"canonical\" href=\"https:\/\/gambling6.com\/lt\/ar-redfoxlotto-yra-geras\/\" \/>\n<meta property=\"og:locale\" content=\"lt_LT\" \/>\n<meta property=\"og:type\" content=\"article\" \/>\n<meta property=\"og:title\" content=\"\u201eRedFoxLotto\u201c ap\u017evalga\" \/>\n<meta property=\"og:description\" content=\"\u201eRedFoxLotto.com\u201c svetain\u0117je galite internetu \u012fsigyti tarptautini\u0173 loterij\u0173 bilietus, \u012fskaitant \u201ePowerball\u201c ir \u201eMega Millions\u201c. Perskaitykite m\u016bs\u0173 \u201eRedFoxlotto\u201c ap\u017evalg\u0105.\" \/>\n<meta property=\"og:url\" content=\"https:\/\/gambling6.com\/lt\/ar-redfoxlotto-yra-geras\/\" \/>\n<meta property=\"og:site_name\" content=\"Gambling6\" \/>\n<meta property=\"article:published_time\" content=\"2025-11-17T14:00:18+00:00\" \/>\n<meta name=\"author\" content=\"Catfish\" \/>\n<meta name=\"twitter:card\" content=\"summary_large_image\" \/>\n<meta name=\"twitter:label1\" content=\"Written by\" \/>\n\t<meta name=\"twitter:data1\" content=\"Catfish\" \/>\n\t<meta name=\"twitter:label2\" content=\"Est. reading time\" \/>\n\t<meta name=\"twitter:data2\" content=\"2 minut\u0117s\" \/>\n<script type=\"application\/ld+json\" class=\"yoast-schema-graph\">{\"@context\":\"https:\\\/\\\/schema.org\",\"@graph\":[{\"@type\":\"Article\",\"@id\":\"https:\\\/\\\/gambling6.com\\\/lt\\\/ar-redfoxlotto-yra-geras\\\/#article\",\"isPartOf\":{\"@id\":\"https:\\\/\\\/gambling6.com\\\/lt\\\/ar-redfoxlotto-yra-geras\\\/\"},\"author\":{\"name\":\"Catfish\",\"@id\":\"https:\\\/\\\/gambling6.com\\\/lt\\\/#\\\/schema\\\/person\\\/d093de87a44a018ef67117d02d86ddaf\"},\"headline\":\"Ar \u201eRedFoxLotto\u201c yra geras?\",\"datePublished\":\"2025-11-17T14:00:18+00:00\",\"mainEntityOfPage\":{\"@id\":\"https:\\\/\\\/gambling6.com\\\/lt\\\/ar-redfoxlotto-yra-geras\\\/\"},\"wordCount\":486,\"articleSection\":[\"Uncategorized @lt\"],\"inLanguage\":\"lt-LT\"},{\"@type\":\"WebPage\",\"@id\":\"https:\\\/\\\/gambling6.com\\\/lt\\\/ar-redfoxlotto-yra-geras\\\/\",\"url\":\"https:\\\/\\\/gambling6.com\\\/lt\\\/ar-redfoxlotto-yra-geras\\\/\",\"name\":\"\u201eRedFoxLotto\u201c ap\u017evalga\",\"isPartOf\":{\"@id\":\"https:\\\/\\\/gambling6.com\\\/lt\\\/#website\"},\"datePublished\":\"2025-11-17T14:00:18+00:00\",\"author\":{\"@id\":\"https:\\\/\\\/gambling6.com\\\/lt\\\/#\\\/schema\\\/person\\\/d093de87a44a018ef67117d02d86ddaf\"},\"description\":\"\u201eRedFoxLotto.com\u201c svetain\u0117je galite internetu \u012fsigyti tarptautini\u0173 loterij\u0173 bilietus, \u012fskaitant \u201ePowerball\u201c ir \u201eMega Millions\u201c. Perskaitykite m\u016bs\u0173 \u201eRedFoxlotto\u201c ap\u017evalg\u0105.\",\"breadcrumb\":{\"@id\":\"https:\\\/\\\/gambling6.com\\\/lt\\\/ar-redfoxlotto-yra-geras\\\/#breadcrumb\"},\"inLanguage\":\"lt-LT\",\"potentialAction\":[{\"@type\":\"ReadAction\",\"target\":[\"https:\\\/\\\/gambling6.com\\\/lt\\\/ar-redfoxlotto-yra-geras\\\/\"]}]},{\"@type\":\"BreadcrumbList\",\"@id\":\"https:\\\/\\\/gambling6.com\\\/lt\\\/ar-redfoxlotto-yra-geras\\\/#breadcrumb\",\"itemListElement\":[{\"@type\":\"ListItem\",\"position\":1,\"name\":\"Home\",\"item\":\"https:\\\/\\\/gambling6.com\\\/lt\\\/home\\\/\"},{\"@type\":\"ListItem\",\"position\":2,\"name\":\"Ar \u201eRedFoxLotto\u201c yra geras?\"}]},{\"@type\":\"WebSite\",\"@id\":\"https:\\\/\\\/gambling6.com\\\/lt\\\/#website\",\"url\":\"https:\\\/\\\/gambling6.com\\\/lt\\\/\",\"name\":\"Gambling6\",\"description\":\"\",\"potentialAction\":[{\"@type\":\"SearchAction\",\"target\":{\"@type\":\"EntryPoint\",\"urlTemplate\":\"https:\\\/\\\/gambling6.com\\\/lt\\\/?s={search_term_string}\"},\"query-input\":{\"@type\":\"PropertyValueSpecification\",\"valueRequired\":true,\"valueName\":\"search_term_string\"}}],\"inLanguage\":\"lt-LT\"},{\"@type\":\"Person\",\"@id\":\"https:\\\/\\\/gambling6.com\\\/lt\\\/#\\\/schema\\\/person\\\/d093de87a44a018ef67117d02d86ddaf\",\"name\":\"Catfish\",\"image\":{\"@type\":\"ImageObject\",\"inLanguage\":\"lt-LT\",\"@id\":\"https:\\\/\\\/secure.gravatar.com\\\/avatar\\\/32edfa28ccbf005c231538b245a2670a36c7f33f2d3a9ab09e50843b363f2821?s=96&d=mm&r=g\",\"url\":\"https:\\\/\\\/secure.gravatar.com\\\/avatar\\\/32edfa28ccbf005c231538b245a2670a36c7f33f2d3a9ab09e50843b363f2821?s=96&d=mm&r=g\",\"contentUrl\":\"https:\\\/\\\/secure.gravatar.com\\\/avatar\\\/32edfa28ccbf005c231538b245a2670a36c7f33f2d3a9ab09e50843b363f2821?s=96&d=mm&r=g\",\"caption\":\"Catfish\"},\"sameAs\":[\"http:\\\/\\\/gambling6.com\"],\"url\":\"https:\\\/\\\/gambling6.com\\\/lt\\\/author\\\/catfish\\\/\"}]}<\/script>\n<!-- \/ Yoast SEO plugin. -->","yoast_head_json":{"title":"\u201eRedFoxLotto\u201c ap\u017evalga","description":"\u201eRedFoxLotto.com\u201c svetain\u0117je galite internetu \u012fsigyti tarptautini\u0173 loterij\u0173 bilietus, \u012fskaitant \u201ePowerball\u201c ir \u201eMega Millions\u201c. Perskaitykite m\u016bs\u0173 \u201eRedFoxlotto\u201c ap\u017evalg\u0105.","robots":{"index":"index","follow":"follow","max-snippet":"max-snippet:-1","max-image-preview":"max-image-preview:large","max-video-preview":"max-video-preview:-1"},"canonical":"https:\/\/gambling6.com\/lt\/ar-redfoxlotto-yra-geras\/","og_locale":"lt_LT","og_type":"article","og_title":"\u201eRedFoxLotto\u201c ap\u017evalga","og_description":"\u201eRedFoxLotto.com\u201c svetain\u0117je galite internetu \u012fsigyti tarptautini\u0173 loterij\u0173 bilietus, \u012fskaitant \u201ePowerball\u201c ir \u201eMega Millions\u201c. Perskaitykite m\u016bs\u0173 \u201eRedFoxlotto\u201c ap\u017evalg\u0105.","og_url":"https:\/\/gambling6.com\/lt\/ar-redfoxlotto-yra-geras\/","og_site_name":"Gambling6","article_published_time":"2025-11-17T14:00:18+00:00","author":"Catfish","twitter_card":"summary_large_image","twitter_misc":{"Written by":"Catfish","Est. reading time":"2 minut\u0117s"},"schema":{"@context":"https:\/\/schema.org","@graph":[{"@type":"Article","@id":"https:\/\/gambling6.com\/lt\/ar-redfoxlotto-yra-geras\/#article","isPartOf":{"@id":"https:\/\/gambling6.com\/lt\/ar-redfoxlotto-yra-geras\/"},"author":{"name":"Catfish","@id":"https:\/\/gambling6.com\/lt\/#\/schema\/person\/d093de87a44a018ef67117d02d86ddaf"},"headline":"Ar \u201eRedFoxLotto\u201c yra geras?","datePublished":"2025-11-17T14:00:18+00:00","mainEntityOfPage":{"@id":"https:\/\/gambling6.com\/lt\/ar-redfoxlotto-yra-geras\/"},"wordCount":486,"articleSection":["Uncategorized @lt"],"inLanguage":"lt-LT"},{"@type":"WebPage","@id":"https:\/\/gambling6.com\/lt\/ar-redfoxlotto-yra-geras\/","url":"https:\/\/gambling6.com\/lt\/ar-redfoxlotto-yra-geras\/","name":"\u201eRedFoxLotto\u201c ap\u017evalga","isPartOf":{"@id":"https:\/\/gambling6.com\/lt\/#website"},"datePublished":"2025-11-17T14:00:18+00:00","author":{"@id":"https:\/\/gambling6.com\/lt\/#\/schema\/person\/d093de87a44a018ef67117d02d86ddaf"},"description":"\u201eRedFoxLotto.com\u201c svetain\u0117je galite internetu \u012fsigyti tarptautini\u0173 loterij\u0173 bilietus, \u012fskaitant \u201ePowerball\u201c ir \u201eMega Millions\u201c. Perskaitykite m\u016bs\u0173 \u201eRedFoxlotto\u201c ap\u017evalg\u0105.","breadcrumb":{"@id":"https:\/\/gambling6.com\/lt\/ar-redfoxlotto-yra-geras\/#breadcrumb"},"inLanguage":"lt-LT","potentialAction":[{"@type":"ReadAction","target":["https:\/\/gambling6.com\/lt\/ar-redfoxlotto-yra-geras\/"]}]},{"@type":"BreadcrumbList","@id":"https:\/\/gambling6.com\/lt\/ar-redfoxlotto-yra-geras\/#breadcrumb","itemListElement":[{"@type":"ListItem","position":1,"name":"Home","item":"https:\/\/gambling6.com\/lt\/home\/"},{"@type":"ListItem","position":2,"name":"Ar \u201eRedFoxLotto\u201c yra geras?"}]},{"@type":"WebSite","@id":"https:\/\/gambling6.com\/lt\/#website","url":"https:\/\/gambling6.com\/lt\/","name":"Gambling6","description":"","potentialAction":[{"@type":"SearchAction","target":{"@type":"EntryPoint","urlTemplate":"https:\/\/gambling6.com\/lt\/?s={search_term_string}"},"query-input":{"@type":"PropertyValueSpecification","valueRequired":true,"valueName":"search_term_string"}}],"inLanguage":"lt-LT"},{"@type":"Person","@id":"https:\/\/gambling6.com\/lt\/#\/schema\/person\/d093de87a44a018ef67117d02d86ddaf","name":"Catfish","image":{"@type":"ImageObject","inLanguage":"lt-LT","@id":"https:\/\/secure.gravatar.com\/avatar\/32edfa28ccbf005c231538b245a2670a36c7f33f2d3a9ab09e50843b363f2821?s=96&d=mm&r=g","url":"https:\/\/secure.gravatar.com\/avatar\/32edfa28ccbf005c231538b245a2670a36c7f33f2d3a9ab09e50843b363f2821?s=96&d=mm&r=g","contentUrl":"https:\/\/secure.gravatar.com\/avatar\/32edfa28ccbf005c231538b245a2670a36c7f33f2d3a9ab09e50843b363f2821?s=96&d=mm&r=g","caption":"Catfish"},"sameAs":["http:\/\/gambling6.com"],"url":"https:\/\/gambling6.com\/lt\/author\/catfish\/"}]}},"_links":{"self":[{"href":"https:\/\/gambling6.com\/lt\/wp-json\/wp\/v2\/pages\/11060","targetHints":{"allow":["GET"]}}],"collection":[{"href":"https:\/\/gambling6.com\/lt\/wp-json\/wp\/v2\/pages"}],"about":[{"href":"https:\/\/gambling6.com\/lt\/wp-json\/wp\/v2\/types\/page"}],"author":[{"embeddable":true,"href":"https:\/\/gambling6.com\/lt\/wp-json\/wp\/v2\/users\/1"}],"replies":[{"embeddable":true,"href":"https:\/\/gambling6.com\/lt\/wp-json\/wp\/v2\/comments?post=11060"}],"version-history":[{"count":1,"href":"https:\/\/gambling6.com\/lt\/wp-json\/wp\/v2\/pages\/11060\/revisions"}],"predecessor-version":[{"id":11061,"href":"https:\/\/gambling6.com\/lt\/wp-json\/wp\/v2\/pages\/11060\/revisions\/11061"}],"wp:attachment":[{"href":"https:\/\/gambling6.com\/lt\/wp-json\/wp\/v2\/media?parent=11060"}],"curies":[{"name":"wp","href":"https:\/\/api.w.org\/{rel}","templated":true}]}}