{"id":11091,"date":"2025-11-17T15:26:54","date_gmt":"2025-11-17T15:26:54","guid":{"rendered":"https:\/\/gambling6.com\/sekme-internetiniame-bingo\/"},"modified":"2025-11-17T16:36:55","modified_gmt":"2025-11-17T16:36:55","slug":"sekme-internetiniame-bingo","status":"publish","type":"page","link":"https:\/\/gambling6.com\/lt\/bingo\/sekme-internetiniame-bingo\/","title":{"rendered":"S\u0117km\u0117 internetiniame bingo"},"content":{"rendered":"<h2>\u017daiskite internetin\u012f bingo su tinkama strategija<\/h2>\n<p>\u0160iandien interneto pl\u0117tros d\u0117ka galite m\u0117gautis linksmu bingo \u017eaidimu tiesiog patogiai \u012fsitais\u0119 namuose. Geriausia tai, kad galite \u017eaisti bet kada. D\u0117l \u0161ios prie\u017easties internetinis bingo tapo toks populiarus tarp \u017emoni\u0173, ypa\u010d moter\u0173. Jei esate naujokas, nesijaudinkite, galite i\u0161mokti \u017eaidim\u0105 pirmiausia i\u0161bandydami j\u012f nemokamoje bingo svetain\u0117je. <a class=\"thirstylink\" title=\"Bingo Billy en\" href=\"https:\/\/gambling6.com\/go\/bingobilly-en\/\" target=\"_blank\" rel=\"nofollow noopener\">Gera vieta prad\u0117ti b\u016bt\u0173 \u201eBingo Billy\u201c \u2013 spustel\u0117kite \u010dia, kad apsilankytum\u0117te.<\/a><\/p>\n<p>Ta\u010diau jei \u017eaid\u017eiate internetu, pateikiame kelet\u0105 patarim\u0173, kurie gali pad\u0117ti padidinti j\u016bs\u0173 laim\u0117jimo galimybes. Skaitykite toliau, kad su\u017einotum\u0117te daugiau. Atlikite greit\u0105 tyrim\u0105 ir su\u017einokite bingo svetaines, kurios si\u016blo geriausius \u012fmok\u0173 bonusus. Daugelis svetaini\u0173 taip pat si\u016blo pelningas prisijungimo premijas. Visada patartina \u017eaisti bingo patikimose kazino svetain\u0117se. Prie\u0161 registruodamiesi b\u016btinai perskaitykite \u0161i\u0173 kazino svetaini\u0173 reali\u0173 vartotoj\u0173 atsiliepimus.<\/p>\n<p><a href=\"https:\/\/record.revenueplanet.com\/_BoBybWC_aAPUOsjNOfgKefwM06wa-Rwt\/1\/\" target=\"_new\" rel=\"noopener\"><img loading=\"lazy\" decoding=\"async\" class=\"aligncenter\" style=\"border: none;\" src=\"https:\/\/media.revenueplanet.com\/uploads\/nbb-468x60-nov-generic.gif\" alt=\"BingoBilly Nemokamas Bingo\" width=\"468\" height=\"60\" \/><\/a><br \/>\nTik geros reputacijos ir patikimi kazino i\u0161moka vis\u0105 sum\u0105, kuri\u0105 laim\u0117jote \u017eaidime. Internete gausu bingo svetaini\u0173 ir, deja, daugelis suk\u010di\u0173 svetaini\u0173 vagia j\u016bs\u0173 pinigus ir nei\u0161moka, kai laimite \u017eaidim\u0105. \u0160tai kod\u0117l rinkdamiesi internetin\u012f kazino tur\u0117tum\u0117te b\u016bti ypa\u010d atid\u016bs. Bingo \u017eaidimai \u017eaid\u017eiami tik pramogai.<\/p>\n<p>\u017daidimo taisykl\u0117s ir nuostatai yra ai\u0161k\u016bs ir suprantami. Bingo \u017eaidimas yra visi\u0161kai s\u0117km\u0117s reikalas. Joks elementas negali numatyti rezultato ar paveikti \u017eaidimo. Galite atsipalaiduoti ir m\u0117gautis \u017eaidimu, nes nereikia priimti joki\u0173 sprendim\u0173. Internetinis bingo padar\u0117 \u017eaidim\u0105 prieinamesn\u012f, nes galite j\u012f \u017eaisti jums patogiu laiku ir i\u0161 bet kurios vietos, kurioje yra interneto ry\u0161ys ir kompiuteris.<\/p>\n<p>Visada stenkit\u0117s \u017eaisti ma\u017eiau perpildytoje svetain\u0117je. Tai padidins j\u016bs\u0173 \u0161ansus laim\u0117ti \u017eaidim\u0105, nes var\u017eysit\u0117s su ma\u017eesniu \u017eaid\u0117j\u0173 skai\u010diumi. Svetain\u0117 su subalansuotu \u017eaid\u0117j\u0173 skai\u010diumi suteikia jums didesn\u0119 galimyb\u0119 laim\u0117ti \u017eaidim\u0105. Rinkit\u0117s svetaines, kuriose yra pokalbi\u0173 kambariai, kad \u017eaid\u0117jai gal\u0117t\u0173 lengvai bendrauti. Taip pat galite kalb\u0117tis su kitais \u017eaid\u0117jais apie j\u0173 \u017eaid\u017eiamas kortas. Taip pat galite padidinti kort\u0173 skai\u010di\u0173, kad pergal\u0117 b\u016bt\u0173 j\u016bs\u0173 pus\u0117je.<\/p>\n<p>Daug kas taip pat priklauso nuo pasirinkto \u017eaidimo laiko. Pasteb\u0117ta, kad jei \u017eaid\u017eiate ne\u012fprastomis valandomis, turite galimyb\u0119 laim\u0117ti, nes tuo metu prisijung\u0119 nedaug \u017eaid\u0117j\u0173. Dideli\u0173 kaupiam\u0173j\u0173 priz\u0173 bingo \u017eaidimuose visada venkite per daug kort\u0173. Visada rinkit\u0117s kazino svetaines, kurios si\u016blo 100 % \u012fmokos premijas. \u0160iomis dienomis kazino svetain\u0117se taip pat galite rasti rekomendacij\u0173 program\u0173. Jei j\u016bs\u0173 rekomendacija u\u017esiregistruos kazino, gausite nemokam\u0173 pinig\u0173. Be to, internetinis kazino retkar\u010diais si\u016blo daugyb\u0119 reklamini\u0173 premij\u0173.<\/p>\n<p>&nbsp;<\/p>\n","protected":false},"excerpt":{"rendered":"<p>\u017daiskite internetin\u012f bingo su tinkama strategija \u0160iandien interneto pl\u0117tros d\u0117ka galite m\u0117gautis linksmu bingo \u017eaidimu tiesiog patogiai \u012fsitais\u0119 namuose. Geriausia tai, kad galite \u017eaisti bet kada. D\u0117l \u0161ios prie\u017easties internetinis bingo tapo toks populiarus tarp \u017emoni\u0173, ypa\u010d moter\u0173. Jei esate naujokas, nesijaudinkite, galite i\u0161mokti \u017eaidim\u0105 pirmiausia i\u0161bandydami j\u012f nemokamoje bingo svetain\u0117je. Gera vieta prad\u0117ti b\u016bt\u0173 [&hellip;]<\/p>\n","protected":false},"author":1,"featured_media":0,"parent":8516,"menu_order":3,"comment_status":"closed","ping_status":"closed","template":"","meta":{"footnotes":""},"class_list":["post-11091","page","type-page","status-publish","hentry"],"yoast_head":"<!-- This site is optimized with the Yoast SEO plugin v27.5 - https:\/\/yoast.com\/product\/yoast-seo-wordpress\/ -->\n<title>\u017daidimo strategija internetiniam bingo<\/title>\n<meta name=\"description\" content=\"Padidinkite savo \u0161ansus laim\u0117ti internetin\u012f bingo, laikydamiesi tinkamos \u017eaidimo strategijos.\" \/>\n<meta name=\"robots\" content=\"index, follow, max-snippet:-1, max-image-preview:large, max-video-preview:-1\" \/>\n<link rel=\"canonical\" href=\"https:\/\/gambling6.com\/lt\/bingo\/sekme-internetiniame-bingo\/\" \/>\n<meta property=\"og:locale\" content=\"lt_LT\" \/>\n<meta property=\"og:type\" content=\"article\" \/>\n<meta property=\"og:title\" content=\"\u017daidimo strategija internetiniam bingo\" \/>\n<meta property=\"og:description\" content=\"Padidinkite savo \u0161ansus laim\u0117ti internetin\u012f bingo, laikydamiesi tinkamos \u017eaidimo strategijos.\" \/>\n<meta property=\"og:url\" content=\"https:\/\/gambling6.com\/lt\/bingo\/sekme-internetiniame-bingo\/\" \/>\n<meta property=\"og:site_name\" content=\"Gambling6\" \/>\n<meta property=\"article:published_time\" content=\"2025-11-17T15:26:54+00:00\" \/>\n<meta property=\"article:modified_time\" content=\"2025-11-17T16:36:55+00:00\" \/>\n<meta property=\"og:image\" content=\"https:\/\/media.revenueplanet.com\/uploads\/nbb-468x60-nov-generic.gif\" \/>\n<meta name=\"author\" content=\"Catfish\" \/>\n<meta name=\"twitter:card\" content=\"summary_large_image\" \/>\n<meta name=\"twitter:label1\" content=\"Written by\" \/>\n\t<meta name=\"twitter:data1\" content=\"Catfish\" \/>\n\t<meta name=\"twitter:label2\" content=\"Est. reading time\" \/>\n\t<meta name=\"twitter:data2\" content=\"2 minut\u0117s\" \/>\n<script type=\"application\/ld+json\" class=\"yoast-schema-graph\">{\"@context\":\"https:\\\/\\\/schema.org\",\"@graph\":[{\"@type\":\"Article\",\"@id\":\"https:\\\/\\\/gambling6.com\\\/lt\\\/bingo\\\/sekme-internetiniame-bingo\\\/#article\",\"isPartOf\":{\"@id\":\"https:\\\/\\\/gambling6.com\\\/lt\\\/bingo\\\/sekme-internetiniame-bingo\\\/\"},\"author\":{\"name\":\"Catfish\",\"@id\":\"https:\\\/\\\/gambling6.com\\\/lt\\\/#\\\/schema\\\/person\\\/d093de87a44a018ef67117d02d86ddaf\"},\"headline\":\"S\u0117km\u0117 internetiniame bingo\",\"datePublished\":\"2025-11-17T15:26:54+00:00\",\"dateModified\":\"2025-11-17T16:36:55+00:00\",\"mainEntityOfPage\":{\"@id\":\"https:\\\/\\\/gambling6.com\\\/lt\\\/bingo\\\/sekme-internetiniame-bingo\\\/\"},\"wordCount\":430,\"image\":{\"@id\":\"https:\\\/\\\/gambling6.com\\\/lt\\\/bingo\\\/sekme-internetiniame-bingo\\\/#primaryimage\"},\"thumbnailUrl\":\"https:\\\/\\\/media.revenueplanet.com\\\/uploads\\\/nbb-468x60-nov-generic.gif\",\"articleSection\":[\"Bingo naujienos\",\"Bingo strategija\"],\"inLanguage\":\"lt-LT\"},{\"@type\":\"WebPage\",\"@id\":\"https:\\\/\\\/gambling6.com\\\/lt\\\/bingo\\\/sekme-internetiniame-bingo\\\/\",\"url\":\"https:\\\/\\\/gambling6.com\\\/lt\\\/bingo\\\/sekme-internetiniame-bingo\\\/\",\"name\":\"\u017daidimo strategija internetiniam bingo\",\"isPartOf\":{\"@id\":\"https:\\\/\\\/gambling6.com\\\/lt\\\/#website\"},\"primaryImageOfPage\":{\"@id\":\"https:\\\/\\\/gambling6.com\\\/lt\\\/bingo\\\/sekme-internetiniame-bingo\\\/#primaryimage\"},\"image\":{\"@id\":\"https:\\\/\\\/gambling6.com\\\/lt\\\/bingo\\\/sekme-internetiniame-bingo\\\/#primaryimage\"},\"thumbnailUrl\":\"https:\\\/\\\/media.revenueplanet.com\\\/uploads\\\/nbb-468x60-nov-generic.gif\",\"datePublished\":\"2025-11-17T15:26:54+00:00\",\"dateModified\":\"2025-11-17T16:36:55+00:00\",\"author\":{\"@id\":\"https:\\\/\\\/gambling6.com\\\/lt\\\/#\\\/schema\\\/person\\\/d093de87a44a018ef67117d02d86ddaf\"},\"description\":\"Padidinkite savo \u0161ansus laim\u0117ti internetin\u012f bingo, laikydamiesi tinkamos \u017eaidimo strategijos.\",\"breadcrumb\":{\"@id\":\"https:\\\/\\\/gambling6.com\\\/lt\\\/bingo\\\/sekme-internetiniame-bingo\\\/#breadcrumb\"},\"inLanguage\":\"lt-LT\",\"potentialAction\":[{\"@type\":\"ReadAction\",\"target\":[\"https:\\\/\\\/gambling6.com\\\/lt\\\/bingo\\\/sekme-internetiniame-bingo\\\/\"]}]},{\"@type\":\"ImageObject\",\"inLanguage\":\"lt-LT\",\"@id\":\"https:\\\/\\\/gambling6.com\\\/lt\\\/bingo\\\/sekme-internetiniame-bingo\\\/#primaryimage\",\"url\":\"https:\\\/\\\/media.revenueplanet.com\\\/uploads\\\/nbb-468x60-nov-generic.gif\",\"contentUrl\":\"https:\\\/\\\/media.revenueplanet.com\\\/uploads\\\/nbb-468x60-nov-generic.gif\"},{\"@type\":\"BreadcrumbList\",\"@id\":\"https:\\\/\\\/gambling6.com\\\/lt\\\/bingo\\\/sekme-internetiniame-bingo\\\/#breadcrumb\",\"itemListElement\":[{\"@type\":\"ListItem\",\"position\":1,\"name\":\"Home\",\"item\":\"https:\\\/\\\/gambling6.com\\\/lt\\\/home\\\/\"},{\"@type\":\"ListItem\",\"position\":2,\"name\":\"S\u0117km\u0117 internetiniame bingo\"}]},{\"@type\":\"WebSite\",\"@id\":\"https:\\\/\\\/gambling6.com\\\/lt\\\/#website\",\"url\":\"https:\\\/\\\/gambling6.com\\\/lt\\\/\",\"name\":\"Gambling6\",\"description\":\"\",\"potentialAction\":[{\"@type\":\"SearchAction\",\"target\":{\"@type\":\"EntryPoint\",\"urlTemplate\":\"https:\\\/\\\/gambling6.com\\\/lt\\\/?s={search_term_string}\"},\"query-input\":{\"@type\":\"PropertyValueSpecification\",\"valueRequired\":true,\"valueName\":\"search_term_string\"}}],\"inLanguage\":\"lt-LT\"},{\"@type\":\"Person\",\"@id\":\"https:\\\/\\\/gambling6.com\\\/lt\\\/#\\\/schema\\\/person\\\/d093de87a44a018ef67117d02d86ddaf\",\"name\":\"Catfish\",\"image\":{\"@type\":\"ImageObject\",\"inLanguage\":\"lt-LT\",\"@id\":\"https:\\\/\\\/secure.gravatar.com\\\/avatar\\\/32edfa28ccbf005c231538b245a2670a36c7f33f2d3a9ab09e50843b363f2821?s=96&d=mm&r=g\",\"url\":\"https:\\\/\\\/secure.gravatar.com\\\/avatar\\\/32edfa28ccbf005c231538b245a2670a36c7f33f2d3a9ab09e50843b363f2821?s=96&d=mm&r=g\",\"contentUrl\":\"https:\\\/\\\/secure.gravatar.com\\\/avatar\\\/32edfa28ccbf005c231538b245a2670a36c7f33f2d3a9ab09e50843b363f2821?s=96&d=mm&r=g\",\"caption\":\"Catfish\"},\"sameAs\":[\"http:\\\/\\\/gambling6.com\"],\"url\":\"https:\\\/\\\/gambling6.com\\\/lt\\\/author\\\/catfish\\\/\"}]}<\/script>\n<!-- \/ Yoast SEO plugin. -->","yoast_head_json":{"title":"\u017daidimo strategija internetiniam bingo","description":"Padidinkite savo \u0161ansus laim\u0117ti internetin\u012f bingo, laikydamiesi tinkamos \u017eaidimo strategijos.","robots":{"index":"index","follow":"follow","max-snippet":"max-snippet:-1","max-image-preview":"max-image-preview:large","max-video-preview":"max-video-preview:-1"},"canonical":"https:\/\/gambling6.com\/lt\/bingo\/sekme-internetiniame-bingo\/","og_locale":"lt_LT","og_type":"article","og_title":"\u017daidimo strategija internetiniam bingo","og_description":"Padidinkite savo \u0161ansus laim\u0117ti internetin\u012f bingo, laikydamiesi tinkamos \u017eaidimo strategijos.","og_url":"https:\/\/gambling6.com\/lt\/bingo\/sekme-internetiniame-bingo\/","og_site_name":"Gambling6","article_published_time":"2025-11-17T15:26:54+00:00","article_modified_time":"2025-11-17T16:36:55+00:00","og_image":[{"url":"https:\/\/media.revenueplanet.com\/uploads\/nbb-468x60-nov-generic.gif","type":"","width":"","height":""}],"author":"Catfish","twitter_card":"summary_large_image","twitter_misc":{"Written by":"Catfish","Est. reading time":"2 minut\u0117s"},"schema":{"@context":"https:\/\/schema.org","@graph":[{"@type":"Article","@id":"https:\/\/gambling6.com\/lt\/bingo\/sekme-internetiniame-bingo\/#article","isPartOf":{"@id":"https:\/\/gambling6.com\/lt\/bingo\/sekme-internetiniame-bingo\/"},"author":{"name":"Catfish","@id":"https:\/\/gambling6.com\/lt\/#\/schema\/person\/d093de87a44a018ef67117d02d86ddaf"},"headline":"S\u0117km\u0117 internetiniame bingo","datePublished":"2025-11-17T15:26:54+00:00","dateModified":"2025-11-17T16:36:55+00:00","mainEntityOfPage":{"@id":"https:\/\/gambling6.com\/lt\/bingo\/sekme-internetiniame-bingo\/"},"wordCount":430,"image":{"@id":"https:\/\/gambling6.com\/lt\/bingo\/sekme-internetiniame-bingo\/#primaryimage"},"thumbnailUrl":"https:\/\/media.revenueplanet.com\/uploads\/nbb-468x60-nov-generic.gif","articleSection":["Bingo naujienos","Bingo strategija"],"inLanguage":"lt-LT"},{"@type":"WebPage","@id":"https:\/\/gambling6.com\/lt\/bingo\/sekme-internetiniame-bingo\/","url":"https:\/\/gambling6.com\/lt\/bingo\/sekme-internetiniame-bingo\/","name":"\u017daidimo strategija internetiniam bingo","isPartOf":{"@id":"https:\/\/gambling6.com\/lt\/#website"},"primaryImageOfPage":{"@id":"https:\/\/gambling6.com\/lt\/bingo\/sekme-internetiniame-bingo\/#primaryimage"},"image":{"@id":"https:\/\/gambling6.com\/lt\/bingo\/sekme-internetiniame-bingo\/#primaryimage"},"thumbnailUrl":"https:\/\/media.revenueplanet.com\/uploads\/nbb-468x60-nov-generic.gif","datePublished":"2025-11-17T15:26:54+00:00","dateModified":"2025-11-17T16:36:55+00:00","author":{"@id":"https:\/\/gambling6.com\/lt\/#\/schema\/person\/d093de87a44a018ef67117d02d86ddaf"},"description":"Padidinkite savo \u0161ansus laim\u0117ti internetin\u012f bingo, laikydamiesi tinkamos \u017eaidimo strategijos.","breadcrumb":{"@id":"https:\/\/gambling6.com\/lt\/bingo\/sekme-internetiniame-bingo\/#breadcrumb"},"inLanguage":"lt-LT","potentialAction":[{"@type":"ReadAction","target":["https:\/\/gambling6.com\/lt\/bingo\/sekme-internetiniame-bingo\/"]}]},{"@type":"ImageObject","inLanguage":"lt-LT","@id":"https:\/\/gambling6.com\/lt\/bingo\/sekme-internetiniame-bingo\/#primaryimage","url":"https:\/\/media.revenueplanet.com\/uploads\/nbb-468x60-nov-generic.gif","contentUrl":"https:\/\/media.revenueplanet.com\/uploads\/nbb-468x60-nov-generic.gif"},{"@type":"BreadcrumbList","@id":"https:\/\/gambling6.com\/lt\/bingo\/sekme-internetiniame-bingo\/#breadcrumb","itemListElement":[{"@type":"ListItem","position":1,"name":"Home","item":"https:\/\/gambling6.com\/lt\/home\/"},{"@type":"ListItem","position":2,"name":"S\u0117km\u0117 internetiniame bingo"}]},{"@type":"WebSite","@id":"https:\/\/gambling6.com\/lt\/#website","url":"https:\/\/gambling6.com\/lt\/","name":"Gambling6","description":"","potentialAction":[{"@type":"SearchAction","target":{"@type":"EntryPoint","urlTemplate":"https:\/\/gambling6.com\/lt\/?s={search_term_string}"},"query-input":{"@type":"PropertyValueSpecification","valueRequired":true,"valueName":"search_term_string"}}],"inLanguage":"lt-LT"},{"@type":"Person","@id":"https:\/\/gambling6.com\/lt\/#\/schema\/person\/d093de87a44a018ef67117d02d86ddaf","name":"Catfish","image":{"@type":"ImageObject","inLanguage":"lt-LT","@id":"https:\/\/secure.gravatar.com\/avatar\/32edfa28ccbf005c231538b245a2670a36c7f33f2d3a9ab09e50843b363f2821?s=96&d=mm&r=g","url":"https:\/\/secure.gravatar.com\/avatar\/32edfa28ccbf005c231538b245a2670a36c7f33f2d3a9ab09e50843b363f2821?s=96&d=mm&r=g","contentUrl":"https:\/\/secure.gravatar.com\/avatar\/32edfa28ccbf005c231538b245a2670a36c7f33f2d3a9ab09e50843b363f2821?s=96&d=mm&r=g","caption":"Catfish"},"sameAs":["http:\/\/gambling6.com"],"url":"https:\/\/gambling6.com\/lt\/author\/catfish\/"}]}},"_links":{"self":[{"href":"https:\/\/gambling6.com\/lt\/wp-json\/wp\/v2\/pages\/11091","targetHints":{"allow":["GET"]}}],"collection":[{"href":"https:\/\/gambling6.com\/lt\/wp-json\/wp\/v2\/pages"}],"about":[{"href":"https:\/\/gambling6.com\/lt\/wp-json\/wp\/v2\/types\/page"}],"author":[{"embeddable":true,"href":"https:\/\/gambling6.com\/lt\/wp-json\/wp\/v2\/users\/1"}],"replies":[{"embeddable":true,"href":"https:\/\/gambling6.com\/lt\/wp-json\/wp\/v2\/comments?post=11091"}],"version-history":[{"count":1,"href":"https:\/\/gambling6.com\/lt\/wp-json\/wp\/v2\/pages\/11091\/revisions"}],"predecessor-version":[{"id":11109,"href":"https:\/\/gambling6.com\/lt\/wp-json\/wp\/v2\/pages\/11091\/revisions\/11109"}],"up":[{"embeddable":true,"href":"https:\/\/gambling6.com\/lt\/wp-json\/wp\/v2\/pages\/8516"}],"wp:attachment":[{"href":"https:\/\/gambling6.com\/lt\/wp-json\/wp\/v2\/media?parent=11091"}],"curies":[{"name":"wp","href":"https:\/\/api.w.org\/{rel}","templated":true}]}}