{"id":8130,"date":"2025-10-29T11:34:40","date_gmt":"2025-10-29T11:34:40","guid":{"rendered":"https:\/\/gambling6.com\/?page_id=8130"},"modified":"2025-10-29T11:34:40","modified_gmt":"2025-10-29T11:34:40","slug":"home","status":"publish","type":"page","link":"https:\/\/gambling6.com\/lt\/","title":{"rendered":"Home"},"content":{"rendered":"<h2>Sveiki atvyk\u0119 \u012f Gambling6 \u2013 informacija apie visk\u0105, ko reikia lo\u0161imams u\u017e pinigus<\/h2>\n<p><img loading=\"lazy\" decoding=\"async\" class=\" wp-image-2679 alignright\" src=\"https:\/\/gambling6.com\/wp-content\/uploads\/2022\/04\/1_win_lottery_online1.jpg\" alt=\"Internetinis lo\u0161imas u\u017e pinigus\" width=\"253\" height=\"168\" \/><br \/>\nDaugeliui \u017emoni\u0173 internetini\u0173 lo\u0161im\u0173 u\u017e tikrus pinigus pasaulis gali atrodyti bauginantis ir toks, kurio jie nenori i\u0161bandyti. Jie gali m\u0117gti lo\u0161imus apskritai, bet abejoja, ar internetin\u0117mis lo\u0161im\u0173 svetain\u0117mis galima pasitik\u0117ti. Ta\u010diau \u0161iandien tai yra vienas i\u0161 papras\u010diausi\u0173 b\u016bd\u0173 m\u0117gautis visais m\u0117gstamais kazino \u017eaidimais, net jei negyvenate netoli kazino.<\/p>\n<p>Internetin\u0117s lo\u0161im\u0173 svetain\u0117s suk\u016br\u0117 galimyb\u0119 \u017emon\u0117ms \u017eaisti poker\u012f, blackjack, rulet\u0119, vaizdo poker\u012f, lo\u0161imo automatus, bingo, momentines loterijas, la\u017eintis d\u0117l sporto rengini\u0173, o dabar j\u016bs netgi galite dalyvauti bet kuriame i\u0161 did\u017ei\u0173j\u0173 pasaulio loterij\u0173 jackpoto internete \u2013 netgi nei\u0161eidami i\u0161 savo nam\u0173.<\/p>\n<p>Visi m\u0117gsta greitai i\u0161mok\u0117jimus atliekan\u010dius kazino tinklalapius, ir jei jums patinka lo\u0161ti, turite patikrinti, apie k\u0105 tai yra, ir pa\u017ei\u016br\u0117ti, kaip galite prad\u0117ti \u017eaisti daugelyje internetini\u0173 lo\u0161im\u0173 tinklalapi\u0173, kurie yra rinkoje. Atsi\u017evelgdami \u012f m\u016bs\u0173 internetinio lo\u0161im\u0173 i\u0161tekli\u0173 tinklalapio patarimus, gal\u0117site pasirinkti ger\u0105 tiek\u0117j\u0105 ir u\u017esitikrinti puiki\u0105 patirt\u012f. Jei norite prad\u0117ti i\u0161 karto, \u0161tai mano asmeniniai rekomenduojami tinklalapiai:<\/p>\n<h2>Geriausias visapusi\u0161kas lo\u0161im\u0173 tinklalapis<\/h2>\n<p>Asmeni\u0161kai man patinka lo\u0161ti internete vienoje vietoje, be reikalo ned\u0117lioti pinig\u0173 \u012fvairiose svetain\u0117se. Tod\u0117l mano m\u0117gstamiausia visapusi\u0161ka svetain\u0117 yra 888 \u2013 puikus internetinis kazino su geriausiais lo\u0161imo automatais, kokius esu mat\u0119s, ir puikiu internetiniu pokerio kambariu. Kazino \u017eaidim\u0173 pasirinkimas, \u012fskaitant Blackjack, rulet\u0119 ir kitus, patenkins visus j\u016bs\u0173 poreikius. Jei ie\u0161kote tikro bingo ar lo\u0161imo korteli\u0173 patirties, geresnio pasirinkimo nei 888 nerastum\u0117te.<\/p>\n<p>Tod\u0117l mano m\u0117gstamiausia visapusi\u0161ka svetain\u0117 yra 888 \u2013 puikus internetinis kazino su geriausiais lo\u0161imo automatais, kokius kada nors ma\u010diau, ir puikiu internetiniu pokerio kambariu. Kazino \u017eaidim\u0173 pasirinkimas, \u012fskaitant Blackjack, rulet\u0119 ir kitus, patenkins visus j\u016bs\u0173 poreikius. Jei ie\u0161kote tikro bingo ar lo\u0161imo korteli\u0173 patirties, geresnio pasirinkimo nei 888 nerastum\u0117te.<\/p>\n<p>Be to, yra sporto la\u017eyb\u0173 skyrius, kuriame si\u016blomas platus rengini\u0173, d\u0117l kuri\u0173 galima la\u017eintis, pasirinkimas ir geriausi koeficientai, kuriuos galite rasti internete. Galite netgi la\u017eintis d\u0117l finans\u0173, pvz., pagrindini\u0173 akcij\u0173 indeks\u0173 ir valiut\u0173 keitimo kurs\u0173! <a class=\"thirstylink\" title=\"888 casino en\" href=\"https:\/\/gambling6.com\/go\/888-casino-en\/\" target=\"_blank\" rel=\"nofollow noopener\">Naudokite \u0161i\u0105 nuorod\u0105, kad \u0161iandien apsilankytum\u0117te 888, ir gausite iki 1500 \u20ac premij\u0105 u\u017e pirm\u0105j\u012f ind\u0117l\u012f.<\/a><\/p>\n<h2>Geriausia visapusi\u0161ka lo\u0161im\u0173 svetain\u0117 JAV gyventojams<\/h2>\n<p>Jei esate JAV gyventojas, j\u016bs\u0173 pasirinkimas yra ribotas, o kai kurie operatoriai, priimdami JAV klientus, yra \u0161iek tiek neai\u0161k\u016bs, tod\u0117l turite b\u016bti atsarg\u016bs renkantis.<\/p>\n<p>Ta\u010diau viena svetain\u0117 i\u0161siskiria i\u0161 kit\u0173, ir tai yra <a class=\"thirstylink\" title=\"Betonline casino en\" href=\"https:\/\/gambling6.com\/go\/betonline-casino-en\/\" target=\"_blank\" rel=\"nofollow noopener\">\u201eBetonline\u201c \u2013 \u010dia galite \u017eaisti internetin\u012f poker\u012f, kazino \u017eaidimus, lo\u0161imo automatus, rulet\u0119, blackjack\u0105 ir daryti sporto la\u017eybas.<\/a> Jie priima \u017eaid\u0117jus i\u0161 JAV, ir yra keletas b\u016bd\u0173, kaip galite \u012fne\u0161ti l\u0117\u0161as \u012f savo s\u0105skait\u0105, taip pat i\u0161siimti laim\u0117jimus.<\/p>\n<h2>Gambling6 \u2013 \u0161e\u0161ios populiariausios internetinio lo\u0161imo formos<\/h2>\n<p>Gambling6.com svetain\u0117je rasite informacijos apie:<\/p>\n<ul>\n<li>Kazino \u017eaidimus, \u012fskaitant blackjack, rulet\u0119, craps, vaizdo poker\u012f, lo\u0161imo automatus ir kt.<\/li>\n<li>Vis\u0173 r\u016b\u0161i\u0173 pokeris<\/li>\n<li>Internetinis bingo<\/li>\n<li>Internetin\u0117s momentin\u0117s loterijos<\/li>\n<li>Sporto la\u017eybos ir la\u017eybos d\u0117l kit\u0173 rengini\u0173<\/li>\n<li>Kaip \u012fsigyti biliet\u0105 internetu \u012f bet kuri\u0105 loterij\u0105 u\u017e savo gyvenamosios \u0161alies rib\u0173<\/li>\n<\/ul>\n<h2>K\u0105 manote apie loterijos pramogas ir pasaulinio lygio jackpotus?<\/h2>\n<p>Tarkime, esate loterijos gerb\u0117jas ir nenorite apsiriboti vietine loterija. Tuomet turime jums ger\u0105 naujien\u0105: dabar galite i\u0161bandyti savo laim\u0119 bet kurioje pasaulio loterijoje \u2013 \u201eRedFoxLotto\u201c leid\u017eia jums internetu \u012fsigyti loterijos bilietus \u012f did\u017eiausius pasaulio loterijos jackpotus, pvz., \u201eMega Millions\u201c, \u201ePowerball\u201c, \u201eEl Gordo\u201c, \u201eEuroMillions\u201c ir daugel\u012f kit\u0173. <a href=\"https:\/\/redfoxlotto.com\/lv\">Spauskite \u010dia, kad patikrintum\u0117te, kurioje loterijoje bus did\u017eiausias jackpotas, ir \u012fsigykite biliet\u0105 per kelias sekundes!<\/a><\/p>\n<h2>Da\u017enai u\u017eduodami klausimai apie internetinius kazino<\/h2>\n<p>Jei esate naujas internetini\u0173 kazino pasaulyje, tikriausiai turite klausim\u0173 apie \u017eaidimus internete ir kaip visa tai veikia. Kai kurie i\u0161 j\u016bs\u0173 klausim\u0173 yra tokie patys, kokius turi daugelis kit\u0173 nauj\u0173 internetini\u0173 kazino \u017eaid\u0117j\u0173. \u012e \u0161iuos klausimus atsakyta \u0161ioje da\u017enai u\u017eduodam\u0173 klausim\u0173 skiltyje, kuri pad\u0117s jums prad\u0117ti \u017eaisti.<\/p>\n<p><strong>Ar turiu b\u016bti tam tikro am\u017eiaus, kad gal\u0117\u010diau \u017eaisti internetiniame kazino?<\/strong><\/p>\n<p>Kiekvienas internetinis kazino nustato savo taisykles ir gaires. Ta\u010diau dauguma j\u0173 reikalauja, kad \u017eaid\u0117jai b\u016bt\u0173 sulauk\u0119 18 arba 21 met\u0173, kad gal\u0117t\u0173 dalyvauti kazino \u017eaidimuose u\u017e tikrus pinigus.<\/p>\n<p><strong>Ar man reikia atsisi\u0173sti k\u0105 nors \u012f savo kompiuter\u012f, kad gal\u0117\u010diau \u017eaisti internetinio kazino \u017eaidimus?<\/strong><\/p>\n<p>Daugelis internetini\u0173 kazino leid\u017eia \u017eaisti greitojo \u017eaidimo re\u017eimu. Jei nuspr\u0119site pasinaudoti greitojo \u017eaidimo re\u017eimu, jums nereik\u0117s atsisi\u0173sti jokios programin\u0117s \u012frangos \u012f savo kompiuter\u012f.<\/p>\n<p><strong>Ar sunku u\u017esiregistruoti internetiniame kazino?<\/strong><\/p>\n<p>Procesas i\u0161 ties\u0173 yra labai paprastas. Tur\u0117site \u012fvesti pagrindin\u0119 informacij\u0105 apie save ir atsisi\u0173sti bei \u012fdiegti programin\u0119 \u012frang\u0105, jei planuojate \u017eaisti \u017eaidimus, kuriems reikia atsisi\u0173sti programin\u0119 \u012frang\u0105. Visas procesas trunka tik kelet\u0105 minu\u010di\u0173.<\/p>\n<p><strong>Ar turiu i\u0161 karto \u012fne\u0161ti pinigus?<\/strong><\/p>\n<p>Dauguma kazino leid\u017eia i\u0161bandyti j\u0173 \u017eaidimus be \u012fna\u0161o. Kai kurie kazino suteikia nemokamus sukimus arba leid\u017eia \u017eaisti nemokamai tam tikr\u0105 laik\u0105. Da\u017enai per \u0161\u012f laikotarp\u012f galite netgi pasilikti laim\u0117jimus, jei v\u0117liau \u012fne\u0161ite realius pinigus!<\/p>\n<p><strong>Kas yra bonusai?<\/strong><\/p>\n<p>Dauguma internetini\u0173 kazino naudoja bonusus, kad pritraukt\u0173 \u017eaid\u0117jus \u017eaisti ir gr\u012f\u017eti. Kai kurie bonusai yra verti \u0161imt\u0173 ar net t\u016bkstan\u010di\u0173 doleri\u0173. Da\u017eniausiai, nor\u0117dami gauti bonusus, tur\u0117site \u012fvykdyti tam tikrus reikalavimus. Bonuso i\u0161gryninimo instrukcijas galite rasti internetiniame kazino, si\u016blan\u010diame bonus\u0105.<\/p>\n<p><strong>Kokius \u017eaidimus galiu \u017eaisti internetiniame kazino?<\/strong><\/p>\n<p>Kiekvienas internetinis kazino si\u016blo savo \u017eaidim\u0173 pasirinkim\u0105. Ta\u010diau kai kurie i\u0161 labiausiai paplitusi\u0173 \u017eaidim\u0173 yra vaizdo lo\u0161imo automatai, lo\u0161imo automatai, rulet\u0117, kauliukai, blackjack, pokeris ir net loterijos i\u0161 viso pasaulio.<\/p>\n<p><strong>Kiek pinig\u0173 galiu i\u0161 tikr\u0173j\u0173 laim\u0117ti \u017eaisdamas internetiniame kazino?<\/strong><\/p>\n<p>Pirmiausia, jums n\u0117ra garantuota, kad laim\u0117site k\u0105 nors. Ta\u010diau ten galima laim\u0117ti daug pinig\u0173. Rasite milijon\u0173 doleri\u0173 vert\u0117s lo\u0161imo automat\u0173 jackpots, pokerio turnyrus su 1 milijono doleri\u0173 ar didesne garantuota prizin\u0117 suma ir pan. I\u0161 ties\u0173, dauguma internetini\u0173 kazino turi geresnius i\u0161mok\u0117jimo procentus nei tradiciniai kazino. Taip yra tod\u0117l, kad jie turi ma\u017eesnes i\u0161laidas ir gali sau leisti i\u0161mok\u0117ti didesn\u0119 la\u017eyb\u0173 dal\u012f.<\/p>\n","protected":false},"excerpt":{"rendered":"<p>Sveiki atvyk\u0119 \u012f Gambling6 \u2013 informacija apie visk\u0105, ko reikia lo\u0161imams u\u017e pinigus Daugeliui \u017emoni\u0173 internetini\u0173 lo\u0161im\u0173 u\u017e tikrus pinigus pasaulis gali atrodyti bauginantis ir toks, kurio jie nenori i\u0161bandyti. Jie gali m\u0117gti lo\u0161imus apskritai, bet abejoja, ar internetin\u0117mis lo\u0161im\u0173 svetain\u0117mis galima pasitik\u0117ti. Ta\u010diau \u0161iandien tai yra vienas i\u0161 papras\u010diausi\u0173 b\u016bd\u0173 m\u0117gautis visais m\u0117gstamais kazino [&hellip;]<\/p>\n","protected":false},"author":1,"featured_media":0,"parent":0,"menu_order":1,"comment_status":"closed","ping_status":"closed","template":"","meta":{"footnotes":""},"class_list":["post-8130","page","type-page","status-publish","hentry"],"yoast_head":"<!-- This site is optimized with the Yoast SEO plugin v27.4 - https:\/\/yoast.com\/product\/yoast-seo-wordpress\/ -->\n<title>Geriausias internetinis lo\u0161imas u\u017e pinigus | Sveiki atvyk\u0119 \u012f Gambling6<\/title>\n<meta name=\"description\" content=\"Jei m\u0117gstate lo\u0161ti u\u017e pinigus, m\u016bs\u0173 lo\u0161im\u0173 i\u0161tekli\u0173 svetain\u0117je rasite vis\u0105 reikiam\u0105 informacij\u0105 apie 6 populiariausius internetinius \u017eaidimus.\" \/>\n<meta name=\"robots\" content=\"index, follow, max-snippet:-1, max-image-preview:large, max-video-preview:-1\" \/>\n<link rel=\"canonical\" href=\"https:\/\/gambling6.com\/lt\/\" \/>\n<meta property=\"og:locale\" content=\"lt_LT\" \/>\n<meta property=\"og:type\" content=\"article\" \/>\n<meta property=\"og:title\" content=\"Geriausias internetinis lo\u0161imas u\u017e pinigus | Sveiki atvyk\u0119 \u012f Gambling6\" \/>\n<meta property=\"og:description\" content=\"Jei m\u0117gstate lo\u0161ti u\u017e pinigus, m\u016bs\u0173 lo\u0161im\u0173 i\u0161tekli\u0173 svetain\u0117je rasite vis\u0105 reikiam\u0105 informacij\u0105 apie 6 populiariausius internetinius \u017eaidimus.\" \/>\n<meta property=\"og:url\" content=\"https:\/\/gambling6.com\/lt\/\" \/>\n<meta property=\"og:site_name\" content=\"Gambling6\" \/>\n<meta property=\"og:image\" content=\"https:\/\/gambling6.com\/wp-content\/uploads\/2022\/04\/1_win_lottery_online1.jpg\" \/>\n\t<meta property=\"og:image:width\" content=\"300\" \/>\n\t<meta property=\"og:image:height\" content=\"199\" \/>\n\t<meta property=\"og:image:type\" content=\"image\/jpeg\" \/>\n<meta name=\"twitter:card\" content=\"summary_large_image\" \/>\n<meta name=\"twitter:label1\" content=\"Est. reading time\" \/>\n\t<meta name=\"twitter:data1\" content=\"5 minut\u0117s\" \/>\n<script type=\"application\/ld+json\" class=\"yoast-schema-graph\">{\"@context\":\"https:\\\/\\\/schema.org\",\"@graph\":[{\"@type\":\"WebPage\",\"@id\":\"https:\\\/\\\/gambling6.com\\\/lt\\\/\",\"url\":\"https:\\\/\\\/gambling6.com\\\/lt\\\/\",\"name\":\"Geriausias internetinis lo\u0161imas u\u017e pinigus | Sveiki atvyk\u0119 \u012f Gambling6\",\"isPartOf\":{\"@id\":\"https:\\\/\\\/gambling6.com\\\/lt\\\/#website\"},\"primaryImageOfPage\":{\"@id\":\"https:\\\/\\\/gambling6.com\\\/lt\\\/#primaryimage\"},\"image\":{\"@id\":\"https:\\\/\\\/gambling6.com\\\/lt\\\/#primaryimage\"},\"thumbnailUrl\":\"https:\\\/\\\/gambling6.com\\\/wp-content\\\/uploads\\\/2022\\\/04\\\/1_win_lottery_online1.jpg\",\"datePublished\":\"2025-10-29T11:34:40+00:00\",\"description\":\"Jei m\u0117gstate lo\u0161ti u\u017e pinigus, m\u016bs\u0173 lo\u0161im\u0173 i\u0161tekli\u0173 svetain\u0117je rasite vis\u0105 reikiam\u0105 informacij\u0105 apie 6 populiariausius internetinius \u017eaidimus.\",\"breadcrumb\":{\"@id\":\"https:\\\/\\\/gambling6.com\\\/lt\\\/#breadcrumb\"},\"inLanguage\":\"lt-LT\",\"potentialAction\":[{\"@type\":\"ReadAction\",\"target\":[\"https:\\\/\\\/gambling6.com\\\/lt\\\/\"]}]},{\"@type\":\"ImageObject\",\"inLanguage\":\"lt-LT\",\"@id\":\"https:\\\/\\\/gambling6.com\\\/lt\\\/#primaryimage\",\"url\":\"https:\\\/\\\/gambling6.com\\\/wp-content\\\/uploads\\\/2022\\\/04\\\/1_win_lottery_online1.jpg\",\"contentUrl\":\"https:\\\/\\\/gambling6.com\\\/wp-content\\\/uploads\\\/2022\\\/04\\\/1_win_lottery_online1.jpg\"},{\"@type\":\"BreadcrumbList\",\"@id\":\"https:\\\/\\\/gambling6.com\\\/lt\\\/#breadcrumb\",\"itemListElement\":[{\"@type\":\"ListItem\",\"position\":1,\"name\":\"Home\",\"item\":\"https:\\\/\\\/gambling6.com\\\/lt\\\/home\\\/\"},{\"@type\":\"ListItem\",\"position\":2,\"name\":\"Home\"}]},{\"@type\":\"WebSite\",\"@id\":\"https:\\\/\\\/gambling6.com\\\/lt\\\/#website\",\"url\":\"https:\\\/\\\/gambling6.com\\\/lt\\\/\",\"name\":\"Gambling6\",\"description\":\"\",\"potentialAction\":[{\"@type\":\"SearchAction\",\"target\":{\"@type\":\"EntryPoint\",\"urlTemplate\":\"https:\\\/\\\/gambling6.com\\\/lt\\\/?s={search_term_string}\"},\"query-input\":{\"@type\":\"PropertyValueSpecification\",\"valueRequired\":true,\"valueName\":\"search_term_string\"}}],\"inLanguage\":\"lt-LT\"}]}<\/script>\n<!-- \/ Yoast SEO plugin. -->","yoast_head_json":{"title":"Geriausias internetinis lo\u0161imas u\u017e pinigus | Sveiki atvyk\u0119 \u012f Gambling6","description":"Jei m\u0117gstate lo\u0161ti u\u017e pinigus, m\u016bs\u0173 lo\u0161im\u0173 i\u0161tekli\u0173 svetain\u0117je rasite vis\u0105 reikiam\u0105 informacij\u0105 apie 6 populiariausius internetinius \u017eaidimus.","robots":{"index":"index","follow":"follow","max-snippet":"max-snippet:-1","max-image-preview":"max-image-preview:large","max-video-preview":"max-video-preview:-1"},"canonical":"https:\/\/gambling6.com\/lt\/","og_locale":"lt_LT","og_type":"article","og_title":"Geriausias internetinis lo\u0161imas u\u017e pinigus | Sveiki atvyk\u0119 \u012f Gambling6","og_description":"Jei m\u0117gstate lo\u0161ti u\u017e pinigus, m\u016bs\u0173 lo\u0161im\u0173 i\u0161tekli\u0173 svetain\u0117je rasite vis\u0105 reikiam\u0105 informacij\u0105 apie 6 populiariausius internetinius \u017eaidimus.","og_url":"https:\/\/gambling6.com\/lt\/","og_site_name":"Gambling6","og_image":[{"width":300,"height":199,"url":"https:\/\/gambling6.com\/wp-content\/uploads\/2022\/04\/1_win_lottery_online1.jpg","type":"image\/jpeg"}],"twitter_card":"summary_large_image","twitter_misc":{"Est. reading time":"5 minut\u0117s"},"schema":{"@context":"https:\/\/schema.org","@graph":[{"@type":"WebPage","@id":"https:\/\/gambling6.com\/lt\/","url":"https:\/\/gambling6.com\/lt\/","name":"Geriausias internetinis lo\u0161imas u\u017e pinigus | Sveiki atvyk\u0119 \u012f Gambling6","isPartOf":{"@id":"https:\/\/gambling6.com\/lt\/#website"},"primaryImageOfPage":{"@id":"https:\/\/gambling6.com\/lt\/#primaryimage"},"image":{"@id":"https:\/\/gambling6.com\/lt\/#primaryimage"},"thumbnailUrl":"https:\/\/gambling6.com\/wp-content\/uploads\/2022\/04\/1_win_lottery_online1.jpg","datePublished":"2025-10-29T11:34:40+00:00","description":"Jei m\u0117gstate lo\u0161ti u\u017e pinigus, m\u016bs\u0173 lo\u0161im\u0173 i\u0161tekli\u0173 svetain\u0117je rasite vis\u0105 reikiam\u0105 informacij\u0105 apie 6 populiariausius internetinius \u017eaidimus.","breadcrumb":{"@id":"https:\/\/gambling6.com\/lt\/#breadcrumb"},"inLanguage":"lt-LT","potentialAction":[{"@type":"ReadAction","target":["https:\/\/gambling6.com\/lt\/"]}]},{"@type":"ImageObject","inLanguage":"lt-LT","@id":"https:\/\/gambling6.com\/lt\/#primaryimage","url":"https:\/\/gambling6.com\/wp-content\/uploads\/2022\/04\/1_win_lottery_online1.jpg","contentUrl":"https:\/\/gambling6.com\/wp-content\/uploads\/2022\/04\/1_win_lottery_online1.jpg"},{"@type":"BreadcrumbList","@id":"https:\/\/gambling6.com\/lt\/#breadcrumb","itemListElement":[{"@type":"ListItem","position":1,"name":"Home","item":"https:\/\/gambling6.com\/lt\/home\/"},{"@type":"ListItem","position":2,"name":"Home"}]},{"@type":"WebSite","@id":"https:\/\/gambling6.com\/lt\/#website","url":"https:\/\/gambling6.com\/lt\/","name":"Gambling6","description":"","potentialAction":[{"@type":"SearchAction","target":{"@type":"EntryPoint","urlTemplate":"https:\/\/gambling6.com\/lt\/?s={search_term_string}"},"query-input":{"@type":"PropertyValueSpecification","valueRequired":true,"valueName":"search_term_string"}}],"inLanguage":"lt-LT"}]}},"_links":{"self":[{"href":"https:\/\/gambling6.com\/lt\/wp-json\/wp\/v2\/pages\/8130","targetHints":{"allow":["GET"]}}],"collection":[{"href":"https:\/\/gambling6.com\/lt\/wp-json\/wp\/v2\/pages"}],"about":[{"href":"https:\/\/gambling6.com\/lt\/wp-json\/wp\/v2\/types\/page"}],"author":[{"embeddable":true,"href":"https:\/\/gambling6.com\/lt\/wp-json\/wp\/v2\/users\/1"}],"replies":[{"embeddable":true,"href":"https:\/\/gambling6.com\/lt\/wp-json\/wp\/v2\/comments?post=8130"}],"version-history":[{"count":1,"href":"https:\/\/gambling6.com\/lt\/wp-json\/wp\/v2\/pages\/8130\/revisions"}],"predecessor-version":[{"id":8131,"href":"https:\/\/gambling6.com\/lt\/wp-json\/wp\/v2\/pages\/8130\/revisions\/8131"}],"wp:attachment":[{"href":"https:\/\/gambling6.com\/lt\/wp-json\/wp\/v2\/media?parent=8130"}],"curies":[{"name":"wp","href":"https:\/\/api.w.org\/{rel}","templated":true}]}}