{"id":8316,"date":"2025-11-07T09:48:50","date_gmt":"2025-11-07T09:48:50","guid":{"rendered":"https:\/\/gambling6.com\/kazino\/"},"modified":"2025-11-12T15:41:57","modified_gmt":"2025-11-12T15:41:57","slug":"kazino","status":"publish","type":"page","link":"https:\/\/gambling6.com\/lt\/kazino\/","title":{"rendered":"Kazino"},"content":{"rendered":"<h2>Internetinio kazino pradedan\u010di\u0173j\u0173 vadovas<\/h2>\n<p>Susitaikykime su tuo \u2013 internetinis kazino \u010dia pasiliks. Atsi\u017evelgiant \u012f did\u0117jant\u012f jo populiarum\u0105, patvirtinama, kad \u017eaid\u0117jai j\u012f m\u0117gsta. Lo\u0161imai internetu i\u0161 tikr\u0173 pinig\u0173 prad\u017eiugina visus, kurie tik pradeda, ir jie pra\u0161o daugiau. Beveik kiekvien\u0105 dien\u0105 \u0161iuose tikr\u0173 pinig\u0173 kazino pervedama didel\u0117 pinig\u0173 suma. Nesvarbu, ar tai \u012fmokos, ar i\u0161\u0117mimai, viskas vyksta itin dideliu grei\u010diu internetu.<\/p>\n<p>Ta\u010diau b\u016btent \u010dia daugelis \u017emoni\u0173 pradeda \u0161iek tiek nerimauti. \u017daid\u0117jams nerim\u0105 kelia ne korteli\u0173 ar lo\u0161imo automat\u0173 deriniai, o mok\u0117jimo b\u016bdai ir j\u0173 saugumas. J\u0173 taip pat negalima kaltinti. Internetin\u0117s operacijos gali sukelti daug galvos skausmo, jei \u017emogus n\u0117ra pakankamai atsargus.<\/p>\n<p>\u0160tai kod\u0117l daugelis internetini\u0173 kazino deda visas pastangas, kad \u012ftikint\u0173 klientus, jog <strong>j\u0173 svetain\u0117se teikiamos mok\u0117jimo galimyb\u0117s yra saugios ir patikimos<\/strong> I\u0161 ties\u0173, gera mintis b\u016bti budriems, kai kalbama apie internetines operacijas. Paskutinis dalykas, kurio norite, yra tai, kad j\u016bs\u0173 kredito kortel\u0117s duomenys patekt\u0173 \u012f netinkamas rankas. Internete gausu \u012fsilau\u017e\u0117li\u0173 ir suk\u010di\u0173, ir tikrai nenorite tapti j\u0173 kita auka. Geriausia, k\u0105 galite padaryti, tai pagilinti savo \u017einias apie internetinius mok\u0117jimo b\u016bdus ir j\u0173 \u012fvairov\u0119.<\/p>\n<p>Internetiniai kazino si\u016blo nema\u017eai mok\u0117jimo kanal\u0173, kuriuos saugu naudoti \u017eaid\u017eiant internetu. Mok\u0117jimas kreditin\u0117mis arba debeto kortel\u0117mis yra gana \u012fprastas internetini\u0173 kazino scenarijuje. Beveik visi kazino priima \u201eVisa\u201c, \u201eMasterCard\u201c ir \u201eAmerican Express\u201c korteles. Galite naudoti bet kuri\u0105 i\u0161 \u0161i\u0173 korteli\u0173 operacijoms atlikti.<\/p>\n<h2>Internetiniai kazino, priimantys JAV klientus<\/h2>\n<p><img loading=\"lazy\" decoding=\"async\" class=\" wp-image-2901 alignright\" src=\"https:\/\/gambling6.com\/wp-content\/uploads\/2022\/04\/download-image2-300x190.jpg\" alt=\"interneto kazino atsisiuntimas\n\" width=\"249\" height=\"158\" srcset=\"https:\/\/gambling6.com\/wp-content\/uploads\/2022\/04\/download-image2-300x190.jpg 300w, https:\/\/gambling6.com\/wp-content\/uploads\/2022\/04\/download-image2.jpg 435w\" sizes=\"auto, (max-width: 249px) 100vw, 249px\" \/>Jei esate Jungtini\u0173 Amerikos Valstij\u0173 gyventojas, j\u016bs\u0173 galimyb\u0117s, susijusios su internetiniais kazino, yra \u0161iek tiek ribotos d\u0117l JAV teis\u0117s akt\u0173. Tas pats pasakytina ir apie jums prieinamas mok\u0117jimo galimybes. \u0160tai kod\u0117l, b\u016bdamas JAV gyventoju, tur\u0117tum\u0117te ie\u0161koti kazino su patogiais \u012fmok\u0173 ir i\u0161mok\u0173 b\u016bdais, kad gal\u0117tum\u0117te prad\u0117ti lo\u0161ti internetu.<\/p>\n<p>Ypa\u010d kalbant apie paprast\u0105 mok\u0117jim\u0173 apdorojim\u0105, \u201eBetOnline\u201c kazino i\u0161siskiria i\u0161 minios, tod\u0117l labai rekomenduojame j\u012f JAV lankytojams. <a class=\"thirstylink\" title=\"Betonline casino en\" href=\"https:\/\/gambling6.com\/go\/betonline-casino-en\/\" target=\"_blank\" rel=\"nofollow noopener\"><strong>Spustel\u0117kite <\/strong><strong>\u010dia, kad apsilankytum\u0117te juos dabar.<\/strong><\/a><\/p>\n<p>Nors tai gali atrodyti kaip savaime suprantamas pasi\u016blymas, prie\u0161 \u012fvesdami savo kredito kortel\u0117s duomenis, \u012fsitikinkite, kad ai\u0161kiai suprantate operacijos tiksl\u0105 ir pasitikite svetaine. Taip pat galite pasirinkti ne tik kredito kortel\u0117s informacijos \u012fvedim\u0105, bet ir internetinius mok\u0117jimo b\u016bdus. Yra nema\u017eai internetini\u0173 portal\u0173, skirt\u0173 \u0161iam tikslui. Tiesa, kad kazino gali tur\u0117ti savo m\u0117gstamiausias internetini\u0173 mok\u0117jim\u0173 svetaines, ta\u010diau kai kurios yra populiaresn\u0117s u\u017e kitas.<\/p>\n<p>\u0160ios internetini\u0173 mok\u0117jim\u0173 svetain\u0117s yra \u201eNeteller\u201c, \u201eMoney Transfer\u201c, \u201eeWalletXpress\u201c, \u201ePayPal\u201c, \u201eInstadebit\u201c ir \u201eMoneybookers\u201c. \u201eMoneybookers\u201c yra gana populiarus metodas Europos \u0161alyse, \u012fskaitant JK. \u0160i paslauga pavert\u0117 Europos pilie\u010dius dideliais internetini\u0173 kazino gerb\u0117jais.<\/p>\n<h2>Kazino, kurie apdoroja mok\u0117jimus per \u201ePayPal\u201c<\/h2>\n<p>Jei esate susipa\u017ein\u0119 su \u201ePayPal\u201c, tuomet netur\u0117site problem\u0173 j\u012f naudodami internetini\u0173 \u017eaidim\u0173 sesijoms. Viskas, k\u0105 jums reik\u0117s padaryti, tai u\u017eregistruoti savo vard\u0105 ir susieti savo kreditin\u0119 kortel\u0119 su paskyra. \u0160\u012f mok\u0117jimo b\u016bd\u0105 priima dauguma kazino ir internetini\u0173 lo\u0161im\u0173 svetaini\u0173. Jei norite likti anonimi\u0161ki lo\u0161dami internetu, \u201eeWalletXpress\u201c jums geriausiai tinka. Be saugumo, \u0161i svetain\u0117 padeda ind\u0117lininkams likti paslaptyje. Tai greitas operacij\u0173 metodas, kur\u012f priima dauguma internetini\u0173 kazino.<\/p>\n<p>D\u0117l internetini\u0173 mok\u0117jim\u0173, \u012fskaitant lo\u0161imus internetu, populiarumo \u201ePayPal\u201c sulauk\u0117 daug d\u0117mesio. Atrodo, kad nedaug kazino pasitiki \u0161ia svetaine d\u0117l saugaus mok\u0117jimo b\u016bdo.<\/p>\n<p>\u201e888 Casino\u201c si\u016blo \u201ePayPal\u201c parinkt\u012f visiems savo \u017eaid\u0117jams, gyvenantiems JK ir Airijoje. Ta\u010diau jei esate Australijos gyventojas ir norite \u017eaisti \u0161ioje svetain\u0117je, galite atlikti mok\u0117jimus naudodami \u201eMasterCard\u201c. Be dviej\u0173 auk\u0161\u010diau pamin\u0117t\u0173 \u0161ali\u0173, \u0161i internetini\u0173 mok\u0117jim\u0173 sistema apima ir Ispanij\u0105, Portugalij\u0105, Italij\u0105, Austrij\u0105, Suomij\u0105, \u0160vedij\u0105 ir Danij\u0105.<\/p>\n<p>\u0160iuo metu \u201e888 Casino\u201c netgi si\u016blo puik\u0173 pasi\u016blym\u0105 naujiems \u017eaid\u0117jams: <strong>100 % ir iki 1500,00 \u20ac premij\u0105 u\u017e pirm\u0105j\u012f \u012fna\u0161\u0105 naujiems \u017eaid\u0117jams!<\/strong> \u0160is reklaminis pasi\u016blymas galioja tik tam tikr\u0173 \u0161ali\u0173 gyventojams, <a class=\"thirstylink\" title=\"888 casino en\" href=\"https:\/\/gambling6.com\/go\/888-casino-en\/\" target=\"_blank\" rel=\"nofollow noopener\">daugiau informacijos rasite 888 svetain\u0117se.<\/a><\/p>\n<p>Trumpai tariant, dauguma j\u0173 si\u016blo mok\u0117jimo b\u016bdus visiems \u017eaid\u0117jams, nepriklausomai nuo j\u0173 gyvenamosios vietos. NorsAmerikos ir Australijos pilie\u010diai gali naudotis \u201eVisa\u201c, \u201eMaster Card\u201c, \u201eNeteller\u201c ir \u201eMoneybookers\u201c kortel\u0117mis, o Europoje gyvenantys asmenys gali naudotis \u201ePayPal\u201c sistema.<\/p>\n<p>\u201e888 Casino\u201c si\u016blo \u012fvairi\u0173 \u017eaidim\u0173, \u012fskaitant 3D. Statymus galite atlikti naudodami \u201ePayPal\u201c, \u201eMaster Card\u201c arba bet kur\u012f kit\u0105 priimtin\u0105 mok\u0117jimo b\u016bd\u0105. Visi \u0161ie mok\u0117jimo b\u016bdai yra gana saug\u016bs. Ta\u010diau, kaip ir daugelyje kit\u0173 internetini\u0173 kazino, \u201e888casinos.com\u201c taip pat turi minimali\u0105 \u012fmokos sum\u0105, kurios tur\u0117site laikytis. Ta\u010diau suma da\u017enai priklauso nuo pasirinkto mok\u0117jimo b\u016bdo. Jei naudojate \u201eMaster Card\u201c arba \u201eVisa\u201c korteles, tur\u0117site sumok\u0117ti 20 USD, 20 EUR arba 20 GBP, priklausomai nuo regiono, kuriame esate. Ta\u010diau \u017eaid\u0117jai, naudojantys \u201eMaestro\u201c debeto korteles, tur\u0117s \u012fne\u0161ti bent 10 USD arba 10 EUR. Jei naudojat\u0117s internetin\u0117mis svetain\u0117mis, tokiomis kaip \u201ePayPal\u201c, \u201eMoneyBookers\u201c arba \u201eNeteller\u201c, minimali suma bus 20 USD.<\/p>\n<p>Da\u017eniausiai suma gali skirtis priklausomai nuo valiutos, priklausomai nuo valiutos kurso ir kit\u0173 taikom\u0173 mokes\u010di\u0173. \u0160tai kod\u0117l vienas \u017eaid\u0117jas per \u201eNeteller\u201c gali \u012fne\u0161ti 10 svar\u0173 sterling\u0173, o kitas gali sumok\u0117ti 20 doleri\u0173 \u2013 dvigubai daugiau nei ankstesn\u0117 suma. Taigi, atliekant operacijas, geriau \u017einoti valiut\u0105, kuri\u0105 tur\u0117tum\u0117te naudoti konkre\u010diame kazino.<\/p>\n<p>Esminis dalykas yra tas, kad lo\u0161iant internetu savo pinigais internetiniame kazino, geriau naudoti patikim\u0105 mok\u0117jimo b\u016bd\u0105. Tokiu b\u016bdu v\u0117liau nesigail\u0117site. Juk esate \u010dia tam, kad smagiai praleistum\u0117te laik\u0105 ir netaptum\u0117te suk\u010diavimo auka. Taigi, \u017eaiskite saugiai ir leiskite ratui suktis!<\/p>\n","protected":false},"excerpt":{"rendered":"<p>Internetinio kazino pradedan\u010di\u0173j\u0173 vadovas Susitaikykime su tuo \u2013 internetinis kazino \u010dia pasiliks. Atsi\u017evelgiant \u012f did\u0117jant\u012f jo populiarum\u0105, patvirtinama, kad \u017eaid\u0117jai j\u012f m\u0117gsta. Lo\u0161imai internetu i\u0161 tikr\u0173 pinig\u0173 prad\u017eiugina visus, kurie tik pradeda, ir jie pra\u0161o daugiau. Beveik kiekvien\u0105 dien\u0105 \u0161iuose tikr\u0173 pinig\u0173 kazino pervedama didel\u0117 pinig\u0173 suma. Nesvarbu, ar tai \u012fmokos, ar i\u0161\u0117mimai, viskas vyksta [&hellip;]<\/p>\n","protected":false},"author":1,"featured_media":0,"parent":0,"menu_order":2,"comment_status":"closed","ping_status":"closed","template":"","meta":{"footnotes":""},"class_list":["post-8316","page","type-page","status-publish","hentry"],"yoast_head":"<!-- This site is optimized with the Yoast SEO plugin v27.5 - https:\/\/yoast.com\/product\/yoast-seo-wordpress\/ -->\n<title>Prad\u0117kite lo\u0161ti internetu | Internetinio kazino vadovas<\/title>\n<meta name=\"description\" content=\"Susitaikykime su tuo \u2013 internetinis kazino \u010dia pasiliks. Prad\u0117kite dabar \u2013 m\u016bs\u0173 internetinio kazino vadovas pad\u0117s jums i\u0161sirinkti geriausias svetaines.\" \/>\n<meta name=\"robots\" content=\"index, follow, max-snippet:-1, max-image-preview:large, max-video-preview:-1\" \/>\n<link rel=\"canonical\" href=\"https:\/\/gambling6.com\/lt\/kazino\/\" \/>\n<meta property=\"og:locale\" content=\"lt_LT\" \/>\n<meta property=\"og:type\" content=\"article\" \/>\n<meta property=\"og:title\" content=\"Prad\u0117kite lo\u0161ti internetu | Internetinio kazino vadovas\" \/>\n<meta property=\"og:description\" content=\"Susitaikykime su tuo \u2013 internetinis kazino \u010dia pasiliks. Prad\u0117kite dabar \u2013 m\u016bs\u0173 internetinio kazino vadovas pad\u0117s jums i\u0161sirinkti geriausias svetaines.\" \/>\n<meta property=\"og:url\" content=\"https:\/\/gambling6.com\/lt\/kazino\/\" \/>\n<meta property=\"og:site_name\" content=\"Gambling6\" \/>\n<meta property=\"article:modified_time\" content=\"2025-11-12T15:41:57+00:00\" \/>\n<meta property=\"og:image\" content=\"https:\/\/gambling6.com\/wp-content\/uploads\/2022\/04\/download-image2.jpg\" \/>\n\t<meta property=\"og:image:width\" content=\"435\" \/>\n\t<meta property=\"og:image:height\" content=\"276\" \/>\n\t<meta property=\"og:image:type\" content=\"image\/jpeg\" \/>\n<meta name=\"twitter:card\" content=\"summary_large_image\" \/>\n<meta name=\"twitter:label1\" content=\"Est. reading time\" \/>\n\t<meta name=\"twitter:data1\" content=\"5 minut\u0117s\" \/>\n<script type=\"application\/ld+json\" class=\"yoast-schema-graph\">{\"@context\":\"https:\\\/\\\/schema.org\",\"@graph\":[{\"@type\":\"WebPage\",\"@id\":\"https:\\\/\\\/gambling6.com\\\/lt\\\/kazino\\\/\",\"url\":\"https:\\\/\\\/gambling6.com\\\/lt\\\/kazino\\\/\",\"name\":\"Prad\u0117kite lo\u0161ti internetu | Internetinio kazino vadovas\",\"isPartOf\":{\"@id\":\"https:\\\/\\\/gambling6.com\\\/lt\\\/#website\"},\"primaryImageOfPage\":{\"@id\":\"https:\\\/\\\/gambling6.com\\\/lt\\\/kazino\\\/#primaryimage\"},\"image\":{\"@id\":\"https:\\\/\\\/gambling6.com\\\/lt\\\/kazino\\\/#primaryimage\"},\"thumbnailUrl\":\"https:\\\/\\\/gambling6.com\\\/wp-content\\\/uploads\\\/2022\\\/04\\\/download-image2-300x190.jpg\",\"datePublished\":\"2025-11-07T09:48:50+00:00\",\"dateModified\":\"2025-11-12T15:41:57+00:00\",\"description\":\"Susitaikykime su tuo \u2013 internetinis kazino \u010dia pasiliks. Prad\u0117kite dabar \u2013 m\u016bs\u0173 internetinio kazino vadovas pad\u0117s jums i\u0161sirinkti geriausias svetaines.\",\"breadcrumb\":{\"@id\":\"https:\\\/\\\/gambling6.com\\\/lt\\\/kazino\\\/#breadcrumb\"},\"inLanguage\":\"lt-LT\",\"potentialAction\":[{\"@type\":\"ReadAction\",\"target\":[\"https:\\\/\\\/gambling6.com\\\/lt\\\/kazino\\\/\"]}]},{\"@type\":\"ImageObject\",\"inLanguage\":\"lt-LT\",\"@id\":\"https:\\\/\\\/gambling6.com\\\/lt\\\/kazino\\\/#primaryimage\",\"url\":\"https:\\\/\\\/gambling6.com\\\/wp-content\\\/uploads\\\/2022\\\/04\\\/download-image2-300x190.jpg\",\"contentUrl\":\"https:\\\/\\\/gambling6.com\\\/wp-content\\\/uploads\\\/2022\\\/04\\\/download-image2-300x190.jpg\"},{\"@type\":\"BreadcrumbList\",\"@id\":\"https:\\\/\\\/gambling6.com\\\/lt\\\/kazino\\\/#breadcrumb\",\"itemListElement\":[{\"@type\":\"ListItem\",\"position\":1,\"name\":\"Home\",\"item\":\"https:\\\/\\\/gambling6.com\\\/lt\\\/home\\\/\"},{\"@type\":\"ListItem\",\"position\":2,\"name\":\"Kazino\"}]},{\"@type\":\"WebSite\",\"@id\":\"https:\\\/\\\/gambling6.com\\\/lt\\\/#website\",\"url\":\"https:\\\/\\\/gambling6.com\\\/lt\\\/\",\"name\":\"Gambling6\",\"description\":\"\",\"potentialAction\":[{\"@type\":\"SearchAction\",\"target\":{\"@type\":\"EntryPoint\",\"urlTemplate\":\"https:\\\/\\\/gambling6.com\\\/lt\\\/?s={search_term_string}\"},\"query-input\":{\"@type\":\"PropertyValueSpecification\",\"valueRequired\":true,\"valueName\":\"search_term_string\"}}],\"inLanguage\":\"lt-LT\"}]}<\/script>\n<!-- \/ Yoast SEO plugin. -->","yoast_head_json":{"title":"Prad\u0117kite lo\u0161ti internetu | Internetinio kazino vadovas","description":"Susitaikykime su tuo \u2013 internetinis kazino \u010dia pasiliks. Prad\u0117kite dabar \u2013 m\u016bs\u0173 internetinio kazino vadovas pad\u0117s jums i\u0161sirinkti geriausias svetaines.","robots":{"index":"index","follow":"follow","max-snippet":"max-snippet:-1","max-image-preview":"max-image-preview:large","max-video-preview":"max-video-preview:-1"},"canonical":"https:\/\/gambling6.com\/lt\/kazino\/","og_locale":"lt_LT","og_type":"article","og_title":"Prad\u0117kite lo\u0161ti internetu | Internetinio kazino vadovas","og_description":"Susitaikykime su tuo \u2013 internetinis kazino \u010dia pasiliks. Prad\u0117kite dabar \u2013 m\u016bs\u0173 internetinio kazino vadovas pad\u0117s jums i\u0161sirinkti geriausias svetaines.","og_url":"https:\/\/gambling6.com\/lt\/kazino\/","og_site_name":"Gambling6","article_modified_time":"2025-11-12T15:41:57+00:00","og_image":[{"width":435,"height":276,"url":"https:\/\/gambling6.com\/wp-content\/uploads\/2022\/04\/download-image2.jpg","type":"image\/jpeg"}],"twitter_card":"summary_large_image","twitter_misc":{"Est. reading time":"5 minut\u0117s"},"schema":{"@context":"https:\/\/schema.org","@graph":[{"@type":"WebPage","@id":"https:\/\/gambling6.com\/lt\/kazino\/","url":"https:\/\/gambling6.com\/lt\/kazino\/","name":"Prad\u0117kite lo\u0161ti internetu | Internetinio kazino vadovas","isPartOf":{"@id":"https:\/\/gambling6.com\/lt\/#website"},"primaryImageOfPage":{"@id":"https:\/\/gambling6.com\/lt\/kazino\/#primaryimage"},"image":{"@id":"https:\/\/gambling6.com\/lt\/kazino\/#primaryimage"},"thumbnailUrl":"https:\/\/gambling6.com\/wp-content\/uploads\/2022\/04\/download-image2-300x190.jpg","datePublished":"2025-11-07T09:48:50+00:00","dateModified":"2025-11-12T15:41:57+00:00","description":"Susitaikykime su tuo \u2013 internetinis kazino \u010dia pasiliks. Prad\u0117kite dabar \u2013 m\u016bs\u0173 internetinio kazino vadovas pad\u0117s jums i\u0161sirinkti geriausias svetaines.","breadcrumb":{"@id":"https:\/\/gambling6.com\/lt\/kazino\/#breadcrumb"},"inLanguage":"lt-LT","potentialAction":[{"@type":"ReadAction","target":["https:\/\/gambling6.com\/lt\/kazino\/"]}]},{"@type":"ImageObject","inLanguage":"lt-LT","@id":"https:\/\/gambling6.com\/lt\/kazino\/#primaryimage","url":"https:\/\/gambling6.com\/wp-content\/uploads\/2022\/04\/download-image2-300x190.jpg","contentUrl":"https:\/\/gambling6.com\/wp-content\/uploads\/2022\/04\/download-image2-300x190.jpg"},{"@type":"BreadcrumbList","@id":"https:\/\/gambling6.com\/lt\/kazino\/#breadcrumb","itemListElement":[{"@type":"ListItem","position":1,"name":"Home","item":"https:\/\/gambling6.com\/lt\/home\/"},{"@type":"ListItem","position":2,"name":"Kazino"}]},{"@type":"WebSite","@id":"https:\/\/gambling6.com\/lt\/#website","url":"https:\/\/gambling6.com\/lt\/","name":"Gambling6","description":"","potentialAction":[{"@type":"SearchAction","target":{"@type":"EntryPoint","urlTemplate":"https:\/\/gambling6.com\/lt\/?s={search_term_string}"},"query-input":{"@type":"PropertyValueSpecification","valueRequired":true,"valueName":"search_term_string"}}],"inLanguage":"lt-LT"}]}},"_links":{"self":[{"href":"https:\/\/gambling6.com\/lt\/wp-json\/wp\/v2\/pages\/8316","targetHints":{"allow":["GET"]}}],"collection":[{"href":"https:\/\/gambling6.com\/lt\/wp-json\/wp\/v2\/pages"}],"about":[{"href":"https:\/\/gambling6.com\/lt\/wp-json\/wp\/v2\/types\/page"}],"author":[{"embeddable":true,"href":"https:\/\/gambling6.com\/lt\/wp-json\/wp\/v2\/users\/1"}],"replies":[{"embeddable":true,"href":"https:\/\/gambling6.com\/lt\/wp-json\/wp\/v2\/comments?post=8316"}],"version-history":[{"count":2,"href":"https:\/\/gambling6.com\/lt\/wp-json\/wp\/v2\/pages\/8316\/revisions"}],"predecessor-version":[{"id":10663,"href":"https:\/\/gambling6.com\/lt\/wp-json\/wp\/v2\/pages\/8316\/revisions\/10663"}],"wp:attachment":[{"href":"https:\/\/gambling6.com\/lt\/wp-json\/wp\/v2\/media?parent=8316"}],"curies":[{"name":"wp","href":"https:\/\/api.w.org\/{rel}","templated":true}]}}