{"id":8378,"date":"2025-11-07T13:35:34","date_gmt":"2025-11-07T13:35:34","guid":{"rendered":"https:\/\/gambling6.com\/kazino\/internetiniai-kazino-ir-tradiciniai-kazino\/"},"modified":"2025-11-07T13:35:34","modified_gmt":"2025-11-07T13:35:34","slug":"internetiniai-kazino-ir-tradiciniai-kazino","status":"publish","type":"page","link":"https:\/\/gambling6.com\/lt\/kazino\/internetiniai-kazino-ir-tradiciniai-kazino\/","title":{"rendered":"Internetiniai kazino ir tradiciniai kazino"},"content":{"rendered":"<h2>Tiesioginiai arba internetiniai kazino<\/h2>\n<h3>Kiekvienas tipas turi ka\u017ek\u0105, kas patinka \u017eaid\u0117jams<\/h3>\n<p><img loading=\"lazy\" decoding=\"async\" class=\" wp-image-332 alignright\" src=\"https:\/\/gambling6.com\/wp-content\/uploads\/2013\/12\/phil_ivey-247x300.jpg\" alt=\"tiesioginis kazino\" width=\"175\" height=\"213\" srcset=\"https:\/\/gambling6.com\/wp-content\/uploads\/2013\/12\/phil_ivey-247x300.jpg 247w, https:\/\/gambling6.com\/wp-content\/uploads\/2013\/12\/phil_ivey.jpg 250w\" sizes=\"auto, (max-width: 175px) 100vw, 175px\" \/>Kazino \u017eaid\u0117jai tur\u0117t\u0173 \u017eaisti savo m\u0117gstamus \u017eaidimus taip, kad jiems b\u016bt\u0173 patogu ir atitikt\u0173 j\u0173 asmenyb\u0119. Kai kurie \u017eaid\u0117jai visada pirmenyb\u0119 teiks \u017eaidimui sausumos kazino, nes jiems patinka atmosfera. Jiems patinka \u017eaisti su kitais \u017eaid\u0117jais, minia ir triuk\u0161mu.<\/p>\n<p>Ta\u010diau kitiems kazino \u017eaid\u0117jams patinka \u017eaisti ramioje, atpalaiduojan\u010dioje aplinkoje, kurioje jie gali visi\u0161kai kontroliuoti \u017eaidim\u0105. \u0160ie \u017eaid\u0117jai link\u0119 rinktis internetinius kazino. Nesvarbu, kaip \u017eaid\u0117jas nori m\u0117gautis \u017eaidimais, yra ka\u017ekas tinkamo, nesvarbu, ar tai sausumos, ar internetiniai kazino. <\/p>\n<h3>\u0160tai svarbiausi internetini\u0173 ir tradicini\u0173 kazino skirtumai:<\/h3>\n<ul>\n<li>Akivaizdu, kad internetiniai ir tradiciniai kazino veikia visi\u0161kai skirtingose \u200b\u200baplinkose. Tradiciniame kazino \u017eaid\u0117jai gali jaustis ir b\u016bti fizi\u0161kai jo dalimi. Internetiniai kazino \u017eaid\u017eiami internete, o tai rei\u0161kia, kad \u017eaid\u0117jai gali \u017eaisti norimus \u017eaidimus i\u0161 bet kurios pasirinktos vietos. \u0160i vieta gali b\u016bti j\u0173 namai, biuras ar bet kuri kita vieta, jei tik jie gali prisijungti prie interneto.<\/li>\n<li>Tamsiuose kazino yra \u017eaid\u0117j\u0173 klubai, kuriuose \u017eaid\u0117jai gali u\u017esidirbti apdovanojim\u0173. Apdovanojimai skirsis priklausomai nuo kazino. Internetini\u0173 lo\u0161im\u0173 svetain\u0117s taip pat turi savo \u0161i\u0173 klub\u0173 versijas, kurios vadinamos VIP programomis. Ta\u010diau daugelis kazino \u017eaid\u0117j\u0173 pastebi, kad internetiniai kazino yra dosnesni, nes jiems nereikia toki\u0173 pa\u010di\u0173 i\u0161laid\u0173 kaip tradiciniams kazino.<\/li>\n<li>Nors tradiciniai kazino si\u016blo \u017eaid\u0117jams galimyb\u0119 \u017eaisti beveik bet kok\u012f norim\u0105 kazino \u017eaidim\u0105, \u017eaid\u0117jai vis tiek tur\u0117s laiko, kai nenor\u0117s vaik\u0161\u010dioti po vis\u0105 kazino, kad pereit\u0173 nuo \u017eaidimo prie \u017eaidimo. Jie taip pat ras akimirk\u0173, kai nor\u0117s \u017eaisti konkret\u0173 \u017eaidim\u0105, bet laisvos vietos nebus. Ta\u010diau internetiniai kazino leid\u017eia \u017eaid\u0117jams \u017eaisti norimus \u017eaidimus bet kuriuo metu, nevaik\u0161\u010diojant ar laukiant vietos.<\/li>\n<li>Sausumos kazino gali g\u0105sdinti naujus \u017eaid\u0117jus, ir juose da\u017enai tr\u016bksta nemokam\u0173 i\u0161tekli\u0173, kurie pad\u0117t\u0173 jiems i\u0161mokti \u017eaidim\u0173 ir \u012fvairi\u0173 strategij\u0173. Internetiniai kazino leid\u017eia \u017eaid\u0117jams \u017eaisti aplinkoje, kurioje jie gali jaustis ma\u017eiau bailiai, ir si\u016blo daugyb\u0119 nemokamo turinio, kuris pad\u0117s jiems suprasti \u012fvairius internetini\u0173 kazino \u017eaidim\u0173 aspektus.<\/li>\n<\/ul>\n<p>Kiekvienas, manantis, kad internetiniai kazino gali b\u016bti skirti jiems, nor\u0117s prad\u0117ti nuo to, kad su\u017einot\u0173 visk\u0105, k\u0105 gali, apie \u201eMicrogaming\u201c valdomus kazino. Geriausias i\u0161 j\u0173 neabejotinai yra \u201e888 Casino\u201c, kur\u012f galite aplankyti spustel\u0117j\u0119 toliau pateikt\u0105 reklamjuost\u0119. <a href=\"https:\/\/ic.aff-handler.com\/C\/45871?sr=1064399&amp;anid=\" rel=\"nofollow\"><img loading=\"lazy\" decoding=\"async\" class=\"aligncenter\" src=\"https:\/\/ic.aff-handler.com\/I\/45871?sr=1064399&amp;anid=\" width=\"725\" height=\"93\" \/><\/a><br \/>\nJei esate JAV gyventojas, geriausias pasirinkimas b\u016bt\u0173 \u201eBetOnline\u201c, jei norite \u017eaisti bendrus kazino \u017eaidimus arba internetin\u012f poker\u012f.<br \/>\n<img loading=\"lazy\" decoding=\"async\" class=\" wp-image-7875 aligncenter\" src=\"https:\/\/gambling6.com\/wp-content\/uploads\/2025\/10\/BOL_AQC_banner_468x60_FS1_casino-300x38.gif\" alt=\"BetOnline casino\" width=\"694\" height=\"88\" \/><\/p>\n","protected":false},"excerpt":{"rendered":"<p>Tiesioginiai arba internetiniai kazino Kiekvienas tipas turi ka\u017ek\u0105, kas patinka \u017eaid\u0117jams Kazino \u017eaid\u0117jai tur\u0117t\u0173 \u017eaisti savo m\u0117gstamus \u017eaidimus taip, kad jiems b\u016bt\u0173 patogu ir atitikt\u0173 j\u0173 asmenyb\u0119. Kai kurie \u017eaid\u0117jai visada pirmenyb\u0119 teiks \u017eaidimui sausumos kazino, nes jiems patinka atmosfera. Jiems patinka \u017eaisti su kitais \u017eaid\u0117jais, minia ir triuk\u0161mu. Ta\u010diau kitiems kazino \u017eaid\u0117jams patinka \u017eaisti [&hellip;]<\/p>\n","protected":false},"author":1,"featured_media":0,"parent":8316,"menu_order":28,"comment_status":"closed","ping_status":"closed","template":"","meta":{"footnotes":""},"class_list":["post-8378","page","type-page","status-publish","hentry"],"yoast_head":"<!-- This site is optimized with the Yoast SEO plugin v27.4 - https:\/\/yoast.com\/product\/yoast-seo-wordpress\/ -->\n<title>Palyginus sausumos ir internetinius kazino<\/title>\n<meta name=\"description\" content=\"Internetiniai ir tradiciniai kazino \u017eaid\u0117jams suteikia puik\u0173 laik\u0105 ir daug galimybi\u0173.\" \/>\n<meta name=\"robots\" content=\"index, follow, max-snippet:-1, max-image-preview:large, max-video-preview:-1\" \/>\n<link rel=\"canonical\" href=\"https:\/\/gambling6.com\/lt\/kazino\/internetiniai-kazino-ir-tradiciniai-kazino\/\" \/>\n<meta property=\"og:locale\" content=\"lt_LT\" \/>\n<meta property=\"og:type\" content=\"article\" \/>\n<meta property=\"og:title\" content=\"Palyginus sausumos ir internetinius kazino\" \/>\n<meta property=\"og:description\" content=\"Internetiniai ir tradiciniai kazino \u017eaid\u0117jams suteikia puik\u0173 laik\u0105 ir daug galimybi\u0173.\" \/>\n<meta property=\"og:url\" content=\"https:\/\/gambling6.com\/lt\/kazino\/internetiniai-kazino-ir-tradiciniai-kazino\/\" \/>\n<meta property=\"og:site_name\" content=\"Gambling6\" \/>\n<meta property=\"og:image\" content=\"https:\/\/gambling6.com\/wp-content\/uploads\/2013\/12\/phil_ivey.jpg\" \/>\n\t<meta property=\"og:image:width\" content=\"250\" \/>\n\t<meta property=\"og:image:height\" content=\"304\" \/>\n\t<meta property=\"og:image:type\" content=\"image\/jpeg\" \/>\n<meta name=\"twitter:card\" content=\"summary_large_image\" \/>\n<meta name=\"twitter:label1\" content=\"Est. reading time\" \/>\n\t<meta name=\"twitter:data1\" content=\"2 minut\u0117s\" \/>\n<script type=\"application\/ld+json\" class=\"yoast-schema-graph\">{\"@context\":\"https:\\\/\\\/schema.org\",\"@graph\":[{\"@type\":\"WebPage\",\"@id\":\"https:\\\/\\\/gambling6.com\\\/lt\\\/kazino\\\/internetiniai-kazino-ir-tradiciniai-kazino\\\/\",\"url\":\"https:\\\/\\\/gambling6.com\\\/lt\\\/kazino\\\/internetiniai-kazino-ir-tradiciniai-kazino\\\/\",\"name\":\"Palyginus sausumos ir internetinius kazino\",\"isPartOf\":{\"@id\":\"https:\\\/\\\/gambling6.com\\\/lt\\\/#website\"},\"primaryImageOfPage\":{\"@id\":\"https:\\\/\\\/gambling6.com\\\/lt\\\/kazino\\\/internetiniai-kazino-ir-tradiciniai-kazino\\\/#primaryimage\"},\"image\":{\"@id\":\"https:\\\/\\\/gambling6.com\\\/lt\\\/kazino\\\/internetiniai-kazino-ir-tradiciniai-kazino\\\/#primaryimage\"},\"thumbnailUrl\":\"https:\\\/\\\/gambling6.com\\\/wp-content\\\/uploads\\\/2013\\\/12\\\/phil_ivey-247x300.jpg\",\"datePublished\":\"2025-11-07T13:35:34+00:00\",\"description\":\"Internetiniai ir tradiciniai kazino \u017eaid\u0117jams suteikia puik\u0173 laik\u0105 ir daug galimybi\u0173.\",\"breadcrumb\":{\"@id\":\"https:\\\/\\\/gambling6.com\\\/lt\\\/kazino\\\/internetiniai-kazino-ir-tradiciniai-kazino\\\/#breadcrumb\"},\"inLanguage\":\"lt-LT\",\"potentialAction\":[{\"@type\":\"ReadAction\",\"target\":[\"https:\\\/\\\/gambling6.com\\\/lt\\\/kazino\\\/internetiniai-kazino-ir-tradiciniai-kazino\\\/\"]}]},{\"@type\":\"ImageObject\",\"inLanguage\":\"lt-LT\",\"@id\":\"https:\\\/\\\/gambling6.com\\\/lt\\\/kazino\\\/internetiniai-kazino-ir-tradiciniai-kazino\\\/#primaryimage\",\"url\":\"https:\\\/\\\/gambling6.com\\\/wp-content\\\/uploads\\\/2013\\\/12\\\/phil_ivey-247x300.jpg\",\"contentUrl\":\"https:\\\/\\\/gambling6.com\\\/wp-content\\\/uploads\\\/2013\\\/12\\\/phil_ivey-247x300.jpg\"},{\"@type\":\"BreadcrumbList\",\"@id\":\"https:\\\/\\\/gambling6.com\\\/lt\\\/kazino\\\/internetiniai-kazino-ir-tradiciniai-kazino\\\/#breadcrumb\",\"itemListElement\":[{\"@type\":\"ListItem\",\"position\":1,\"name\":\"Home\",\"item\":\"https:\\\/\\\/gambling6.com\\\/lt\\\/home\\\/\"},{\"@type\":\"ListItem\",\"position\":2,\"name\":\"Kazino\",\"item\":\"https:\\\/\\\/gambling6.com\\\/lt\\\/get-started-with-online-gambling\\\/\"},{\"@type\":\"ListItem\",\"position\":3,\"name\":\"Internetiniai kazino ir tradiciniai kazino\"}]},{\"@type\":\"WebSite\",\"@id\":\"https:\\\/\\\/gambling6.com\\\/lt\\\/#website\",\"url\":\"https:\\\/\\\/gambling6.com\\\/lt\\\/\",\"name\":\"Gambling6\",\"description\":\"\",\"potentialAction\":[{\"@type\":\"SearchAction\",\"target\":{\"@type\":\"EntryPoint\",\"urlTemplate\":\"https:\\\/\\\/gambling6.com\\\/lt\\\/?s={search_term_string}\"},\"query-input\":{\"@type\":\"PropertyValueSpecification\",\"valueRequired\":true,\"valueName\":\"search_term_string\"}}],\"inLanguage\":\"lt-LT\"}]}<\/script>\n<!-- \/ Yoast SEO plugin. -->","yoast_head_json":{"title":"Palyginus sausumos ir internetinius kazino","description":"Internetiniai ir tradiciniai kazino \u017eaid\u0117jams suteikia puik\u0173 laik\u0105 ir daug galimybi\u0173.","robots":{"index":"index","follow":"follow","max-snippet":"max-snippet:-1","max-image-preview":"max-image-preview:large","max-video-preview":"max-video-preview:-1"},"canonical":"https:\/\/gambling6.com\/lt\/kazino\/internetiniai-kazino-ir-tradiciniai-kazino\/","og_locale":"lt_LT","og_type":"article","og_title":"Palyginus sausumos ir internetinius kazino","og_description":"Internetiniai ir tradiciniai kazino \u017eaid\u0117jams suteikia puik\u0173 laik\u0105 ir daug galimybi\u0173.","og_url":"https:\/\/gambling6.com\/lt\/kazino\/internetiniai-kazino-ir-tradiciniai-kazino\/","og_site_name":"Gambling6","og_image":[{"width":250,"height":304,"url":"https:\/\/gambling6.com\/wp-content\/uploads\/2013\/12\/phil_ivey.jpg","type":"image\/jpeg"}],"twitter_card":"summary_large_image","twitter_misc":{"Est. reading time":"2 minut\u0117s"},"schema":{"@context":"https:\/\/schema.org","@graph":[{"@type":"WebPage","@id":"https:\/\/gambling6.com\/lt\/kazino\/internetiniai-kazino-ir-tradiciniai-kazino\/","url":"https:\/\/gambling6.com\/lt\/kazino\/internetiniai-kazino-ir-tradiciniai-kazino\/","name":"Palyginus sausumos ir internetinius kazino","isPartOf":{"@id":"https:\/\/gambling6.com\/lt\/#website"},"primaryImageOfPage":{"@id":"https:\/\/gambling6.com\/lt\/kazino\/internetiniai-kazino-ir-tradiciniai-kazino\/#primaryimage"},"image":{"@id":"https:\/\/gambling6.com\/lt\/kazino\/internetiniai-kazino-ir-tradiciniai-kazino\/#primaryimage"},"thumbnailUrl":"https:\/\/gambling6.com\/wp-content\/uploads\/2013\/12\/phil_ivey-247x300.jpg","datePublished":"2025-11-07T13:35:34+00:00","description":"Internetiniai ir tradiciniai kazino \u017eaid\u0117jams suteikia puik\u0173 laik\u0105 ir daug galimybi\u0173.","breadcrumb":{"@id":"https:\/\/gambling6.com\/lt\/kazino\/internetiniai-kazino-ir-tradiciniai-kazino\/#breadcrumb"},"inLanguage":"lt-LT","potentialAction":[{"@type":"ReadAction","target":["https:\/\/gambling6.com\/lt\/kazino\/internetiniai-kazino-ir-tradiciniai-kazino\/"]}]},{"@type":"ImageObject","inLanguage":"lt-LT","@id":"https:\/\/gambling6.com\/lt\/kazino\/internetiniai-kazino-ir-tradiciniai-kazino\/#primaryimage","url":"https:\/\/gambling6.com\/wp-content\/uploads\/2013\/12\/phil_ivey-247x300.jpg","contentUrl":"https:\/\/gambling6.com\/wp-content\/uploads\/2013\/12\/phil_ivey-247x300.jpg"},{"@type":"BreadcrumbList","@id":"https:\/\/gambling6.com\/lt\/kazino\/internetiniai-kazino-ir-tradiciniai-kazino\/#breadcrumb","itemListElement":[{"@type":"ListItem","position":1,"name":"Home","item":"https:\/\/gambling6.com\/lt\/home\/"},{"@type":"ListItem","position":2,"name":"Kazino","item":"https:\/\/gambling6.com\/lt\/get-started-with-online-gambling\/"},{"@type":"ListItem","position":3,"name":"Internetiniai kazino ir tradiciniai kazino"}]},{"@type":"WebSite","@id":"https:\/\/gambling6.com\/lt\/#website","url":"https:\/\/gambling6.com\/lt\/","name":"Gambling6","description":"","potentialAction":[{"@type":"SearchAction","target":{"@type":"EntryPoint","urlTemplate":"https:\/\/gambling6.com\/lt\/?s={search_term_string}"},"query-input":{"@type":"PropertyValueSpecification","valueRequired":true,"valueName":"search_term_string"}}],"inLanguage":"lt-LT"}]}},"_links":{"self":[{"href":"https:\/\/gambling6.com\/lt\/wp-json\/wp\/v2\/pages\/8378","targetHints":{"allow":["GET"]}}],"collection":[{"href":"https:\/\/gambling6.com\/lt\/wp-json\/wp\/v2\/pages"}],"about":[{"href":"https:\/\/gambling6.com\/lt\/wp-json\/wp\/v2\/types\/page"}],"author":[{"embeddable":true,"href":"https:\/\/gambling6.com\/lt\/wp-json\/wp\/v2\/users\/1"}],"replies":[{"embeddable":true,"href":"https:\/\/gambling6.com\/lt\/wp-json\/wp\/v2\/comments?post=8378"}],"version-history":[{"count":0,"href":"https:\/\/gambling6.com\/lt\/wp-json\/wp\/v2\/pages\/8378\/revisions"}],"up":[{"embeddable":true,"href":"https:\/\/gambling6.com\/lt\/wp-json\/wp\/v2\/pages\/8316"}],"wp:attachment":[{"href":"https:\/\/gambling6.com\/lt\/wp-json\/wp\/v2\/media?parent=8378"}],"curies":[{"name":"wp","href":"https:\/\/api.w.org\/{rel}","templated":true}]}}