{"id":8402,"date":"2025-11-07T16:20:18","date_gmt":"2025-11-07T16:20:18","guid":{"rendered":"https:\/\/gambling6.com\/kazino\/penkios-pagrindines-priezastys-prisijungti-prie-internetinio-kazino\/"},"modified":"2025-11-12T16:38:21","modified_gmt":"2025-11-12T16:38:21","slug":"penkios-pagrindines-priezastys-prisijungti-prie-internetinio-kazino","status":"publish","type":"page","link":"https:\/\/gambling6.com\/lt\/kazino\/penkios-pagrindines-priezastys-prisijungti-prie-internetinio-kazino\/","title":{"rendered":"Penkios pagrindin\u0117s prie\u017eastys prisijungti prie internetinio kazino"},"content":{"rendered":"<h2>Kod\u0117l tur\u0117tum\u0117te prisijungti prie internetinio kazino<\/h2>\n<h2>Daugelis dalyk\u0173 daro internetinius kazino tokiais puikiais<\/h2>\n<p><img loading=\"lazy\" decoding=\"async\" class=\"size-medium wp-image-318 alignright\" src=\"https:\/\/gambling6.com\/wp-content\/uploads\/2013\/12\/classic-casino-games-300x179.jpg\" alt=\"interneto kazino\" width=\"300\" height=\"179\" srcset=\"https:\/\/gambling6.com\/wp-content\/uploads\/2013\/12\/classic-casino-games-300x179.jpg 300w, https:\/\/gambling6.com\/wp-content\/uploads\/2013\/12\/classic-casino-games.jpg 612w\" sizes=\"auto, (max-width: 300px) 100vw, 300px\" \/>Kiekvienas internetinio kazino \u017eaid\u0117jas turi savo asmenini\u0173 prie\u017eas\u010di\u0173 \u017eaisti kazino \u017eaidimus internete. Ta\u010diau kai kurios prie\u017eastys yra populiaresn\u0117s. Kai \u017eaid\u0117jai nusprend\u017eia \u017eaisti internetu, jie pamato, kad prie\u0161 j\u0173 akis atsivers visi\u0161kai naujas pasaulis. Internetiniai kazino b\u016bna \u012fvairi\u0173 stili\u0173, tod\u0117l \u017eaid\u0117jai gali ie\u0161koti, kol ras sau tinkam\u0105.<\/p>\n<p>Su m\u016bs\u0173 m\u0117gstamiausiu internetiniu kazino \u2013 888 \u2013 nepra\u0161ausite pro \u0161al\u012f. <a class=\"thirstylink\" title=\"888 casino en\" href=\"https:\/\/gambling6.com\/go\/888-casino-en\/\" target=\"_blank\" rel=\"nofollow noopener\">\u0160i nuoroda nukreips jus \u012f j\u0173 svetain\u0119 ir garantuos jums puiki\u0105 premij\u0105 iki 1500 \u20ac.<\/a><\/p>\n<h2>\u0160tai penkios pagrindin\u0117s prie\u017eastys, kod\u0117l dauguma \u017eaid\u0117j\u0173 prisijungia prie internetinio kazino:<\/h2>\n<ol>\n<li>Viena i\u0161 pagrindini\u0173 prie\u017eas\u010di\u0173 prisijungti prie internetinio kazino yra premijos. Yra daug internetini\u0173 kazino premij\u0173 r\u016b\u0161i\u0173, ir kiekvienas kazino leid\u017eia savo \u017eaid\u0117jams m\u0117gautis tomis, kurias jis laiko tinkamomis. Ta\u010diau kai kurios premijos gali b\u016bti labai vertingos ir netgi pasi\u016blyti \u017eaid\u0117jams galimyb\u0119 gauti \u0161imtus ar net t\u016bkstan\u010dius doleri\u0173 nemokamai. Kai kurios premijos, da\u017enai randamos internetiniuose kazino, yra pasveikinimo premijos, pakartotinio \u012fk\u0117limo premijos, \u017eaidim\u0173 premijos ir rekomendacij\u0173 premijos. \u017daid\u0117jai nori perskaityti premijos reikalavimus, kad \u017einot\u0173, kaip i\u0161likti tinkami jai gauti ir k\u0105 tiksliai turi padaryti, kad j\u0105 gaut\u0173.<\/li>\n<li>Kita svarbi prie\u017eastis, kod\u0117l daugelis \u017eaid\u0117j\u0173 prisijungia prie internetini\u0173 kazino, yra \u017eaidim\u0173, kuriuos jie gali \u017eaisti vienoje vietoje, skai\u010dius. Kai \u017eaid\u0117jai apsilanko viename i\u0161 populiari\u0173 internetini\u0173 kazino, jie gali pereiti nuo \u017eaidimo prie \u017eaidimo net nepalikdami savo viet\u0173. Jiems nereik\u0117s r\u016bpintis laukimu, kol atsilaisvins vieta, ar kitais r\u016bpes\u010diais, kylan\u010diais \u017eaid\u017eiant sausumos kazino. \u017daidimai yra lengvai prieinami ir visada vyksta, jei tik \u017eaid\u0117jas pasirinko vien\u0105 i\u0161 populiariausi\u0173 kazino.<\/li>\n<li>Dar viena prie\u017eastis, kod\u0117l daugelis \u017eaid\u0117j\u0173 renkasi internetinius kazino, yra finansin\u0117. \u017daid\u0117jams, kurie praleid\u017eia laik\u0105 internetiniuose kazino, nereikia mok\u0117ti u\u017e tokius dalykus kaip degalai, bilietai, apgyvendinimas vie\u0161butyje, maitinimas ne namuose ar kitos i\u0161laidos, su kuriomis jie susiduria planuodami kelion\u0119 \u012f sausumos kazino. Tai rei\u0161kia, kad \u017eaid\u0117jai tur\u0117s daugiau pinig\u0173 \u017eaidimams, o tai visada gerai.<\/li>\n<li>Kai kurie \u017eaid\u0117jai gyvena \u012ftempt\u0105, u\u017eimt\u0105 gyvenim\u0105. Tai rei\u0161kia, kad jiems gali b\u016bti labai sunku patekti net \u012f sausumos kazino. Ta\u010diau internetiniai kazino visada yra j\u0173 paslaugoms. Net jei jie gali prisijungti tik kelioms minut\u0117ms per dien\u0105, jie bent jau gal\u0117s \u0161iek tiek pa\u017eaisti prisijung\u0119 prie internetinio kazino.<\/li>\n<li>Dar vienas neabejotinas \u017eaidimo internetiniuose kazino privalumas yra tas, kad \u017eaid\u0117jai gali visi\u0161kai kontroliuoti savo \u017eaidim\u0173 patirt\u012f. Jie pasirenka kazino, premijas, akcijas ir \u017eaidimus bei gali pritaikyti daugel\u012f skirting\u0173 internetini\u0173 kazino \u017eaidim\u0173 aspekt\u0173.<\/li>\n<\/ol>\n<p>Kiekvienas, ie\u0161kantis gero internetinio kazino, kuriame viskas saugu ir paprasta, nor\u0117s perskaityti atsiliepimus ir rasti tok\u012f, kuris veikia patikima programine \u012franga, si\u016blo puik\u0173 palaikym\u0105 ir daug \u017eaidim\u0173.<\/p>\n","protected":false},"excerpt":{"rendered":"<p>Kod\u0117l tur\u0117tum\u0117te prisijungti prie internetinio kazino Daugelis dalyk\u0173 daro internetinius kazino tokiais puikiais Kiekvienas internetinio kazino \u017eaid\u0117jas turi savo asmenini\u0173 prie\u017eas\u010di\u0173 \u017eaisti kazino \u017eaidimus internete. Ta\u010diau kai kurios prie\u017eastys yra populiaresn\u0117s. Kai \u017eaid\u0117jai nusprend\u017eia \u017eaisti internetu, jie pamato, kad prie\u0161 j\u0173 akis atsivers visi\u0161kai naujas pasaulis. Internetiniai kazino b\u016bna \u012fvairi\u0173 stili\u0173, tod\u0117l \u017eaid\u0117jai gali ie\u0161koti, [&hellip;]<\/p>\n","protected":false},"author":1,"featured_media":0,"parent":8316,"menu_order":30,"comment_status":"closed","ping_status":"closed","template":"","meta":{"footnotes":""},"class_list":["post-8402","page","type-page","status-publish","hentry"],"yoast_head":"<!-- This site is optimized with the Yoast SEO plugin v27.3 - https:\/\/yoast.com\/product\/yoast-seo-wordpress\/ -->\n<title>Prie\u017eastys prisijungti prie internetinio kazino<\/title>\n<meta name=\"description\" content=\"Internetiniai kazino turi daug k\u0105 pasi\u016blyti \u017eaid\u0117jams, ie\u0161kantiems puikaus laiko ir daugyb\u0117s galimybi\u0173 laim\u0117ti.\" \/>\n<meta name=\"robots\" content=\"index, follow, max-snippet:-1, max-image-preview:large, max-video-preview:-1\" \/>\n<link rel=\"canonical\" href=\"https:\/\/gambling6.com\/lt\/kazino\/penkios-pagrindines-priezastys-prisijungti-prie-internetinio-kazino\/\" \/>\n<meta property=\"og:locale\" content=\"lt_LT\" \/>\n<meta property=\"og:type\" content=\"article\" \/>\n<meta property=\"og:title\" content=\"Prie\u017eastys prisijungti prie internetinio kazino\" \/>\n<meta property=\"og:description\" content=\"Internetiniai kazino turi daug k\u0105 pasi\u016blyti \u017eaid\u0117jams, ie\u0161kantiems puikaus laiko ir daugyb\u0117s galimybi\u0173 laim\u0117ti.\" \/>\n<meta property=\"og:url\" content=\"https:\/\/gambling6.com\/lt\/kazino\/penkios-pagrindines-priezastys-prisijungti-prie-internetinio-kazino\/\" \/>\n<meta property=\"og:site_name\" content=\"Gambling6\" \/>\n<meta property=\"article:modified_time\" content=\"2025-11-12T16:38:21+00:00\" \/>\n<meta property=\"og:image\" content=\"https:\/\/gambling6.com\/wp-content\/uploads\/2013\/12\/classic-casino-games.jpg\" \/>\n\t<meta property=\"og:image:width\" content=\"612\" \/>\n\t<meta property=\"og:image:height\" content=\"366\" \/>\n\t<meta property=\"og:image:type\" content=\"image\/jpeg\" \/>\n<meta name=\"twitter:card\" content=\"summary_large_image\" \/>\n<meta name=\"twitter:label1\" content=\"Est. reading time\" \/>\n\t<meta name=\"twitter:data1\" content=\"2 minut\u0117s\" \/>\n<script type=\"application\/ld+json\" class=\"yoast-schema-graph\">{\"@context\":\"https:\\\/\\\/schema.org\",\"@graph\":[{\"@type\":\"WebPage\",\"@id\":\"https:\\\/\\\/gambling6.com\\\/lt\\\/kazino\\\/penkios-pagrindines-priezastys-prisijungti-prie-internetinio-kazino\\\/\",\"url\":\"https:\\\/\\\/gambling6.com\\\/lt\\\/kazino\\\/penkios-pagrindines-priezastys-prisijungti-prie-internetinio-kazino\\\/\",\"name\":\"Prie\u017eastys prisijungti prie internetinio kazino\",\"isPartOf\":{\"@id\":\"https:\\\/\\\/gambling6.com\\\/lt\\\/#website\"},\"primaryImageOfPage\":{\"@id\":\"https:\\\/\\\/gambling6.com\\\/lt\\\/kazino\\\/penkios-pagrindines-priezastys-prisijungti-prie-internetinio-kazino\\\/#primaryimage\"},\"image\":{\"@id\":\"https:\\\/\\\/gambling6.com\\\/lt\\\/kazino\\\/penkios-pagrindines-priezastys-prisijungti-prie-internetinio-kazino\\\/#primaryimage\"},\"thumbnailUrl\":\"https:\\\/\\\/gambling6.com\\\/wp-content\\\/uploads\\\/2013\\\/12\\\/classic-casino-games-300x179.jpg\",\"datePublished\":\"2025-11-07T16:20:18+00:00\",\"dateModified\":\"2025-11-12T16:38:21+00:00\",\"description\":\"Internetiniai kazino turi daug k\u0105 pasi\u016blyti \u017eaid\u0117jams, ie\u0161kantiems puikaus laiko ir daugyb\u0117s galimybi\u0173 laim\u0117ti.\",\"breadcrumb\":{\"@id\":\"https:\\\/\\\/gambling6.com\\\/lt\\\/kazino\\\/penkios-pagrindines-priezastys-prisijungti-prie-internetinio-kazino\\\/#breadcrumb\"},\"inLanguage\":\"lt-LT\",\"potentialAction\":[{\"@type\":\"ReadAction\",\"target\":[\"https:\\\/\\\/gambling6.com\\\/lt\\\/kazino\\\/penkios-pagrindines-priezastys-prisijungti-prie-internetinio-kazino\\\/\"]}]},{\"@type\":\"ImageObject\",\"inLanguage\":\"lt-LT\",\"@id\":\"https:\\\/\\\/gambling6.com\\\/lt\\\/kazino\\\/penkios-pagrindines-priezastys-prisijungti-prie-internetinio-kazino\\\/#primaryimage\",\"url\":\"https:\\\/\\\/gambling6.com\\\/wp-content\\\/uploads\\\/2013\\\/12\\\/classic-casino-games-300x179.jpg\",\"contentUrl\":\"https:\\\/\\\/gambling6.com\\\/wp-content\\\/uploads\\\/2013\\\/12\\\/classic-casino-games-300x179.jpg\"},{\"@type\":\"BreadcrumbList\",\"@id\":\"https:\\\/\\\/gambling6.com\\\/lt\\\/kazino\\\/penkios-pagrindines-priezastys-prisijungti-prie-internetinio-kazino\\\/#breadcrumb\",\"itemListElement\":[{\"@type\":\"ListItem\",\"position\":1,\"name\":\"Home\",\"item\":\"https:\\\/\\\/gambling6.com\\\/lt\\\/home\\\/\"},{\"@type\":\"ListItem\",\"position\":2,\"name\":\"Kazino\",\"item\":\"https:\\\/\\\/gambling6.com\\\/lt\\\/get-started-with-online-gambling\\\/\"},{\"@type\":\"ListItem\",\"position\":3,\"name\":\"Penkios pagrindin\u0117s prie\u017eastys prisijungti prie internetinio kazino\"}]},{\"@type\":\"WebSite\",\"@id\":\"https:\\\/\\\/gambling6.com\\\/lt\\\/#website\",\"url\":\"https:\\\/\\\/gambling6.com\\\/lt\\\/\",\"name\":\"Gambling6\",\"description\":\"\",\"potentialAction\":[{\"@type\":\"SearchAction\",\"target\":{\"@type\":\"EntryPoint\",\"urlTemplate\":\"https:\\\/\\\/gambling6.com\\\/lt\\\/?s={search_term_string}\"},\"query-input\":{\"@type\":\"PropertyValueSpecification\",\"valueRequired\":true,\"valueName\":\"search_term_string\"}}],\"inLanguage\":\"lt-LT\"}]}<\/script>\n<!-- \/ Yoast SEO plugin. -->","yoast_head_json":{"title":"Prie\u017eastys prisijungti prie internetinio kazino","description":"Internetiniai kazino turi daug k\u0105 pasi\u016blyti \u017eaid\u0117jams, ie\u0161kantiems puikaus laiko ir daugyb\u0117s galimybi\u0173 laim\u0117ti.","robots":{"index":"index","follow":"follow","max-snippet":"max-snippet:-1","max-image-preview":"max-image-preview:large","max-video-preview":"max-video-preview:-1"},"canonical":"https:\/\/gambling6.com\/lt\/kazino\/penkios-pagrindines-priezastys-prisijungti-prie-internetinio-kazino\/","og_locale":"lt_LT","og_type":"article","og_title":"Prie\u017eastys prisijungti prie internetinio kazino","og_description":"Internetiniai kazino turi daug k\u0105 pasi\u016blyti \u017eaid\u0117jams, ie\u0161kantiems puikaus laiko ir daugyb\u0117s galimybi\u0173 laim\u0117ti.","og_url":"https:\/\/gambling6.com\/lt\/kazino\/penkios-pagrindines-priezastys-prisijungti-prie-internetinio-kazino\/","og_site_name":"Gambling6","article_modified_time":"2025-11-12T16:38:21+00:00","og_image":[{"width":612,"height":366,"url":"https:\/\/gambling6.com\/wp-content\/uploads\/2013\/12\/classic-casino-games.jpg","type":"image\/jpeg"}],"twitter_card":"summary_large_image","twitter_misc":{"Est. reading time":"2 minut\u0117s"},"schema":{"@context":"https:\/\/schema.org","@graph":[{"@type":"WebPage","@id":"https:\/\/gambling6.com\/lt\/kazino\/penkios-pagrindines-priezastys-prisijungti-prie-internetinio-kazino\/","url":"https:\/\/gambling6.com\/lt\/kazino\/penkios-pagrindines-priezastys-prisijungti-prie-internetinio-kazino\/","name":"Prie\u017eastys prisijungti prie internetinio kazino","isPartOf":{"@id":"https:\/\/gambling6.com\/lt\/#website"},"primaryImageOfPage":{"@id":"https:\/\/gambling6.com\/lt\/kazino\/penkios-pagrindines-priezastys-prisijungti-prie-internetinio-kazino\/#primaryimage"},"image":{"@id":"https:\/\/gambling6.com\/lt\/kazino\/penkios-pagrindines-priezastys-prisijungti-prie-internetinio-kazino\/#primaryimage"},"thumbnailUrl":"https:\/\/gambling6.com\/wp-content\/uploads\/2013\/12\/classic-casino-games-300x179.jpg","datePublished":"2025-11-07T16:20:18+00:00","dateModified":"2025-11-12T16:38:21+00:00","description":"Internetiniai kazino turi daug k\u0105 pasi\u016blyti \u017eaid\u0117jams, ie\u0161kantiems puikaus laiko ir daugyb\u0117s galimybi\u0173 laim\u0117ti.","breadcrumb":{"@id":"https:\/\/gambling6.com\/lt\/kazino\/penkios-pagrindines-priezastys-prisijungti-prie-internetinio-kazino\/#breadcrumb"},"inLanguage":"lt-LT","potentialAction":[{"@type":"ReadAction","target":["https:\/\/gambling6.com\/lt\/kazino\/penkios-pagrindines-priezastys-prisijungti-prie-internetinio-kazino\/"]}]},{"@type":"ImageObject","inLanguage":"lt-LT","@id":"https:\/\/gambling6.com\/lt\/kazino\/penkios-pagrindines-priezastys-prisijungti-prie-internetinio-kazino\/#primaryimage","url":"https:\/\/gambling6.com\/wp-content\/uploads\/2013\/12\/classic-casino-games-300x179.jpg","contentUrl":"https:\/\/gambling6.com\/wp-content\/uploads\/2013\/12\/classic-casino-games-300x179.jpg"},{"@type":"BreadcrumbList","@id":"https:\/\/gambling6.com\/lt\/kazino\/penkios-pagrindines-priezastys-prisijungti-prie-internetinio-kazino\/#breadcrumb","itemListElement":[{"@type":"ListItem","position":1,"name":"Home","item":"https:\/\/gambling6.com\/lt\/home\/"},{"@type":"ListItem","position":2,"name":"Kazino","item":"https:\/\/gambling6.com\/lt\/get-started-with-online-gambling\/"},{"@type":"ListItem","position":3,"name":"Penkios pagrindin\u0117s prie\u017eastys prisijungti prie internetinio kazino"}]},{"@type":"WebSite","@id":"https:\/\/gambling6.com\/lt\/#website","url":"https:\/\/gambling6.com\/lt\/","name":"Gambling6","description":"","potentialAction":[{"@type":"SearchAction","target":{"@type":"EntryPoint","urlTemplate":"https:\/\/gambling6.com\/lt\/?s={search_term_string}"},"query-input":{"@type":"PropertyValueSpecification","valueRequired":true,"valueName":"search_term_string"}}],"inLanguage":"lt-LT"}]}},"_links":{"self":[{"href":"https:\/\/gambling6.com\/lt\/wp-json\/wp\/v2\/pages\/8402","targetHints":{"allow":["GET"]}}],"collection":[{"href":"https:\/\/gambling6.com\/lt\/wp-json\/wp\/v2\/pages"}],"about":[{"href":"https:\/\/gambling6.com\/lt\/wp-json\/wp\/v2\/types\/page"}],"author":[{"embeddable":true,"href":"https:\/\/gambling6.com\/lt\/wp-json\/wp\/v2\/users\/1"}],"replies":[{"embeddable":true,"href":"https:\/\/gambling6.com\/lt\/wp-json\/wp\/v2\/comments?post=8402"}],"version-history":[{"count":3,"href":"https:\/\/gambling6.com\/lt\/wp-json\/wp\/v2\/pages\/8402\/revisions"}],"predecessor-version":[{"id":10681,"href":"https:\/\/gambling6.com\/lt\/wp-json\/wp\/v2\/pages\/8402\/revisions\/10681"}],"up":[{"embeddable":true,"href":"https:\/\/gambling6.com\/lt\/wp-json\/wp\/v2\/pages\/8316"}],"wp:attachment":[{"href":"https:\/\/gambling6.com\/lt\/wp-json\/wp\/v2\/media?parent=8402"}],"curies":[{"name":"wp","href":"https:\/\/api.w.org\/{rel}","templated":true}]}}