{"id":8457,"date":"2025-11-07T17:50:15","date_gmt":"2025-11-07T17:50:15","guid":{"rendered":"https:\/\/gambling6.com\/patarimai-apie-geriausias-bingo-svetaines\/"},"modified":"2025-11-15T07:47:27","modified_gmt":"2025-11-15T07:47:27","slug":"patarimai-apie-geriausias-bingo-svetaines","status":"publish","type":"page","link":"https:\/\/gambling6.com\/lt\/bingo\/patarimai-apie-geriausias-bingo-svetaines\/","title":{"rendered":"Patarimai apie geriausias bingo svetaines"},"content":{"rendered":"<h2>Bingo svetain\u0117s pasirinkimas<\/h2>\n<p>Bingo yra \u012fdomus \u017eaidimas, reikalaujantis daug ma\u017eiau \u012fg\u016bd\u017ei\u0173 nei tokie \u017eaidimai kaip blackjack ar pokeris. \u0160is \u017eaidimas daugel\u012f \u017emoni\u0173 traukia savo paprastumu. Nereikia mokytis joki\u0173 sud\u0117ting\u0173 taisykli\u0173 ar strategij\u0173. Be to, \u017eaisti bingo kortomis yra pigiau. Daugelis svetaini\u0173 si\u016blo \u0161\u012f \u017eaidim\u0105 internetu. Galite prisijungti prie vienos i\u0161 j\u0173 ir \u017eaisti \u017eaidim\u0105 net ir u\u017e minimali\u0105 pinig\u0173 sum\u0105.<img loading=\"lazy\" decoding=\"async\" class=\" alignright size-full wp-image-213\" style=\"margin: 5px; float: right;\" src=\"http:\/\/gambling6.com\/wp-content\/uploads\/2013\/12\/img_110.png\" alt=\"Pasirinkite geriausi\u0105 bingo svetain\u0119\" width=\"288\" height=\"175\" \/><\/p>\n<p>Esant tiek daug bingo svetaini\u0173,<strong>i\u0161siai\u0161kinti, kuri i\u0161 j\u0173 yra geriausia internetin\u0117 bingo svetain\u0117, gali b\u016bti nemenkas i\u0161\u0161\u016bkis<\/strong>. Tod\u0117l patartina atsi\u017evelgti \u012f esminius veiksnius ir nuspr\u0119sti, ar svetain\u0117 jums idealiai tinka.<\/p>\n<ul>\n<li><strong>Reputacija ir patirtis<\/strong><\/li>\n<\/ul>\n<p>\u012esitikinkite, kad pasirinkote bingo svetain\u0119, kuri \u0161ioje srityje veikia jau ilg\u0105 laik\u0105 ir turi tvirt\u0105 reputacij\u0105 d\u0117l geros \u017eaidim\u0173 patirties. Tai galite patikrinti perskait\u0119 profesional\u0173 ir tikr\u0173 \u017eaid\u0117j\u0173 atsiliepimus. Bingo svetain\u0117, kurioje yra daug \u017eaid\u0117j\u0173, gali b\u016bti patikima, nes \u017eaid\u0117jai nenori likti svetain\u0117je, kuri nesi\u016blo malonios \u017eaidim\u0173 patirties.<\/p>\n<p><a href=\"https:\/\/record.revenueplanet.com\/_BoBybWC_aAPUOsjNOfgKefwM06wa-Rwt\/1\/\" target=\"_new\"><img loading=\"lazy\" decoding=\"async\" class=\"aligncenter\" style=\"border: none;\" src=\"https:\/\/media.revenueplanet.com\/uploads\/nbb-468x60-nov-generic.gif\" alt=\"BingoBilly Free Bingo\" width=\"686\" height=\"88\" \/><\/a><\/p>\n<ul>\n<li><strong>Si\u016blomi \u017eaidimai<\/strong><\/li>\n<\/ul>\n<p>J\u016bs\u0173 pasirinkta svetain\u0117 turi pasi\u016blyti plat\u0173 \u017eaidim\u0173 pasirinkim\u0105. <strong>Bingo<\/strong> b\u016bna \u012fvairi\u0173 form\u0173. 90 kamuoliuk\u0173, 80 kamuoliuk\u0173, 75 kamuoliuk\u0173, mini, quickie, coverall, bonanza ir pattern yra keletas populiari\u0173 \u017eaidimo variant\u0173. Pasirink\u0119 svetain\u0119, kurioje si\u016blomi visi \u0161ie variantai, gal\u0117site m\u0117gautis \u017eaidimais ir nejausti nuobodulio.<\/p>\n<ul>\n<li><strong>Premija<\/strong><\/li>\n<\/ul>\n<p>Nors nepatartina spr\u0119sti remiantis \u017eaidim\u0173 svetain\u0117s si\u016bloma premija, svetain\u0117 su did\u017eiausia premija neb\u016btinai yra geriausia bingo svetain\u0117 jums. Naudingos funkcijos ir platus \u017eaidim\u0173 pasirinkimas neabejotinai yra svarbesni aspektai. Dauguma bingo svetaini\u0173 si\u016blo pasveikinimo premij\u0105. Kai atliksite pirm\u0105j\u012f \u012fna\u0161\u0105, pasveikinimo premijos suma bus automati\u0161kai pervesta \u012f j\u016bs\u0173 s\u0105skait\u0105. Galite pasinaudoti \u0161ia premija, kad \u017eaistum\u0117te daugiau. B\u016btinai perskaitykite su premija susijusias s\u0105lygas ir nuostatas. Paprastai premija tur\u0117t\u0173 b\u016bti panaudota per vien\u0105 m\u0117nes\u012f.<\/p>\n<ul>\n<li><strong>\u012emok\u0173 ir i\u0161mok\u0173 b\u016bdai<\/strong><\/li>\n<\/ul>\n<p>Geriausia bingo svetain\u0117 si\u016blo \u012fvairius \u012fmok\u0173 b\u016bdus, kad gal\u0117tum\u0117te pasirinkti jums patogiausi\u0105. Ji taip pat suteikia \u012fvairi\u0173 galimybi\u0173 atsiimti laim\u0117jimus. Jie leid\u017eia lengvai susikurti paskyr\u0105. Galite lengvai u\u017epildyti j\u0173 internetin\u0119 registracij\u0105 ir pateikti banko duomenis.<\/p>\n<ul>\n<li><strong>Klient\u0173 aptarnavimas<\/strong><\/li>\n<\/ul>\n<p>Galite patikrinti, ar \u017eaidim\u0173 svetain\u0117 si\u016blo geriausi\u0105 klient\u0173 aptarnavim\u0105. Geriausioje svetain\u0117je dirba gerai apmokyta klient\u0173 komanda, kuri greitai atsako \u012f j\u016bs\u0173 klausimus ir i\u0161sprend\u017eia j\u016bs\u0173 problemas. Nesvarbu, ar u\u017estrigote atidarydami s\u0105skait\u0105, ar susiduriate su problemomis atsiimdami laim\u0117jimus, galite gauti j\u0173 pagalb\u0105 bet kuriuo metu. Jie si\u016blo tiesiogin\u012f pokalb\u012f, telefono ir el. pa\u0161to palaikym\u0105, kad profesionaliai i\u0161spr\u0119st\u0173 j\u016bs\u0173 problemas.<\/p>\n<p>Atsi\u017evelgdami \u012f visus \u0161iuos dalykus, galite lengviau i\u0161sirinkti fantasti\u0161k\u0105 internetin\u0119 bingo svetain\u0119. Mums asmeni\u0161kai patinka \u201eBingo Billy\u201c. Net jei gyvenate JAV, <span style=\"box-sizing: border-box; margin: 0px; padding: 0px;\">vis tiek galite \u017eaisti \u201e<a class=\"thirstylink\" title=\"Bingo Billy en\" href=\"https:\/\/gambling6.com\/go\/bingobilly-en\/\" target=\"_blank\" rel=\"nofollow noopener\">Bingo Billy\u201c \u2013<\/a><\/span>spustel\u0117kite \u0161i\u0105 nuorod\u0105 \u012f j\u0173 svetain\u0119.<\/p>\n","protected":false},"excerpt":{"rendered":"<p>Bingo svetain\u0117s pasirinkimas Bingo yra \u012fdomus \u017eaidimas, reikalaujantis daug ma\u017eiau \u012fg\u016bd\u017ei\u0173 nei tokie \u017eaidimai kaip blackjack ar pokeris. \u0160is \u017eaidimas daugel\u012f \u017emoni\u0173 traukia savo paprastumu. Nereikia mokytis joki\u0173 sud\u0117ting\u0173 taisykli\u0173 ar strategij\u0173. Be to, \u017eaisti bingo kortomis yra pigiau. Daugelis svetaini\u0173 si\u016blo \u0161\u012f \u017eaidim\u0105 internetu. Galite prisijungti prie vienos i\u0161 j\u0173 ir \u017eaisti \u017eaidim\u0105 net [&hellip;]<\/p>\n","protected":false},"author":1,"featured_media":8437,"parent":8516,"menu_order":5,"comment_status":"closed","ping_status":"closed","template":"","meta":{"footnotes":""},"class_list":["post-8457","page","type-page","status-publish","has-post-thumbnail","hentry"],"yoast_head":"<!-- This site is optimized with the Yoast SEO plugin v27.5 - https:\/\/yoast.com\/product\/yoast-seo-wordpress\/ -->\n<title>Bingo patarimai \u2013 kurios yra geriausios bingo svetain\u0117s?<\/title>\n<meta name=\"description\" content=\"Svarbu i\u0161sirinkti geriausi\u0105 bingo svetain\u0119 \u2013 bet kuri\u0105 svetain\u0119 tur\u0117tum\u0117te pasirinkti? Atsakymus rasite \u010dia\" \/>\n<meta name=\"robots\" content=\"index, follow, max-snippet:-1, max-image-preview:large, max-video-preview:-1\" \/>\n<link rel=\"canonical\" href=\"https:\/\/gambling6.com\/lt\/bingo\/patarimai-apie-geriausias-bingo-svetaines\/\" \/>\n<meta property=\"og:locale\" content=\"lt_LT\" \/>\n<meta property=\"og:type\" content=\"article\" \/>\n<meta property=\"og:title\" content=\"Bingo patarimai \u2013 kurios yra geriausios bingo svetain\u0117s?\" \/>\n<meta property=\"og:description\" content=\"Svarbu i\u0161sirinkti geriausi\u0105 bingo svetain\u0119 \u2013 bet kuri\u0105 svetain\u0119 tur\u0117tum\u0117te pasirinkti? Atsakymus rasite \u010dia\" \/>\n<meta property=\"og:url\" content=\"https:\/\/gambling6.com\/lt\/bingo\/patarimai-apie-geriausias-bingo-svetaines\/\" \/>\n<meta property=\"og:site_name\" content=\"Gambling6\" \/>\n<meta property=\"article:modified_time\" content=\"2025-11-15T07:47:27+00:00\" \/>\n<meta property=\"og:image\" content=\"https:\/\/gambling6.com\/wp-content\/uploads\/2013\/12\/img_110.png\" \/>\n\t<meta property=\"og:image:width\" content=\"288\" \/>\n\t<meta property=\"og:image:height\" content=\"175\" \/>\n\t<meta property=\"og:image:type\" content=\"image\/png\" \/>\n<meta name=\"twitter:card\" content=\"summary_large_image\" \/>\n<meta name=\"twitter:label1\" content=\"Est. reading time\" \/>\n\t<meta name=\"twitter:data1\" content=\"2 minut\u0117s\" \/>\n<script type=\"application\/ld+json\" class=\"yoast-schema-graph\">{\"@context\":\"https:\\\/\\\/schema.org\",\"@graph\":[{\"@type\":\"WebPage\",\"@id\":\"https:\\\/\\\/gambling6.com\\\/lt\\\/bingo\\\/patarimai-apie-geriausias-bingo-svetaines\\\/\",\"url\":\"https:\\\/\\\/gambling6.com\\\/lt\\\/bingo\\\/patarimai-apie-geriausias-bingo-svetaines\\\/\",\"name\":\"Bingo patarimai \u2013 kurios yra geriausios bingo svetain\u0117s?\",\"isPartOf\":{\"@id\":\"https:\\\/\\\/gambling6.com\\\/lt\\\/#website\"},\"primaryImageOfPage\":{\"@id\":\"https:\\\/\\\/gambling6.com\\\/lt\\\/bingo\\\/patarimai-apie-geriausias-bingo-svetaines\\\/#primaryimage\"},\"image\":{\"@id\":\"https:\\\/\\\/gambling6.com\\\/lt\\\/bingo\\\/patarimai-apie-geriausias-bingo-svetaines\\\/#primaryimage\"},\"thumbnailUrl\":\"https:\\\/\\\/gambling6.com\\\/wp-content\\\/uploads\\\/2013\\\/12\\\/img_110.png\",\"datePublished\":\"2025-11-07T17:50:15+00:00\",\"dateModified\":\"2025-11-15T07:47:27+00:00\",\"description\":\"Svarbu i\u0161sirinkti geriausi\u0105 bingo svetain\u0119 \u2013 bet kuri\u0105 svetain\u0119 tur\u0117tum\u0117te pasirinkti? Atsakymus rasite \u010dia\",\"breadcrumb\":{\"@id\":\"https:\\\/\\\/gambling6.com\\\/lt\\\/bingo\\\/patarimai-apie-geriausias-bingo-svetaines\\\/#breadcrumb\"},\"inLanguage\":\"lt-LT\",\"potentialAction\":[{\"@type\":\"ReadAction\",\"target\":[\"https:\\\/\\\/gambling6.com\\\/lt\\\/bingo\\\/patarimai-apie-geriausias-bingo-svetaines\\\/\"]}]},{\"@type\":\"ImageObject\",\"inLanguage\":\"lt-LT\",\"@id\":\"https:\\\/\\\/gambling6.com\\\/lt\\\/bingo\\\/patarimai-apie-geriausias-bingo-svetaines\\\/#primaryimage\",\"url\":\"https:\\\/\\\/gambling6.com\\\/wp-content\\\/uploads\\\/2013\\\/12\\\/img_110.png\",\"contentUrl\":\"https:\\\/\\\/gambling6.com\\\/wp-content\\\/uploads\\\/2013\\\/12\\\/img_110.png\",\"width\":288,\"height\":175},{\"@type\":\"BreadcrumbList\",\"@id\":\"https:\\\/\\\/gambling6.com\\\/lt\\\/bingo\\\/patarimai-apie-geriausias-bingo-svetaines\\\/#breadcrumb\",\"itemListElement\":[{\"@type\":\"ListItem\",\"position\":1,\"name\":\"Home\",\"item\":\"https:\\\/\\\/gambling6.com\\\/lt\\\/home\\\/\"},{\"@type\":\"ListItem\",\"position\":2,\"name\":\"Bingo\",\"item\":\"https:\\\/\\\/gambling6.com\\\/lt\\\/bingo\\\/\"},{\"@type\":\"ListItem\",\"position\":3,\"name\":\"Patarimai apie geriausias bingo svetaines\"}]},{\"@type\":\"WebSite\",\"@id\":\"https:\\\/\\\/gambling6.com\\\/lt\\\/#website\",\"url\":\"https:\\\/\\\/gambling6.com\\\/lt\\\/\",\"name\":\"Gambling6\",\"description\":\"\",\"potentialAction\":[{\"@type\":\"SearchAction\",\"target\":{\"@type\":\"EntryPoint\",\"urlTemplate\":\"https:\\\/\\\/gambling6.com\\\/lt\\\/?s={search_term_string}\"},\"query-input\":{\"@type\":\"PropertyValueSpecification\",\"valueRequired\":true,\"valueName\":\"search_term_string\"}}],\"inLanguage\":\"lt-LT\"}]}<\/script>\n<!-- \/ Yoast SEO plugin. -->","yoast_head_json":{"title":"Bingo patarimai \u2013 kurios yra geriausios bingo svetain\u0117s?","description":"Svarbu i\u0161sirinkti geriausi\u0105 bingo svetain\u0119 \u2013 bet kuri\u0105 svetain\u0119 tur\u0117tum\u0117te pasirinkti? Atsakymus rasite \u010dia","robots":{"index":"index","follow":"follow","max-snippet":"max-snippet:-1","max-image-preview":"max-image-preview:large","max-video-preview":"max-video-preview:-1"},"canonical":"https:\/\/gambling6.com\/lt\/bingo\/patarimai-apie-geriausias-bingo-svetaines\/","og_locale":"lt_LT","og_type":"article","og_title":"Bingo patarimai \u2013 kurios yra geriausios bingo svetain\u0117s?","og_description":"Svarbu i\u0161sirinkti geriausi\u0105 bingo svetain\u0119 \u2013 bet kuri\u0105 svetain\u0119 tur\u0117tum\u0117te pasirinkti? Atsakymus rasite \u010dia","og_url":"https:\/\/gambling6.com\/lt\/bingo\/patarimai-apie-geriausias-bingo-svetaines\/","og_site_name":"Gambling6","article_modified_time":"2025-11-15T07:47:27+00:00","og_image":[{"width":288,"height":175,"url":"https:\/\/gambling6.com\/wp-content\/uploads\/2013\/12\/img_110.png","type":"image\/png"}],"twitter_card":"summary_large_image","twitter_misc":{"Est. reading time":"2 minut\u0117s"},"schema":{"@context":"https:\/\/schema.org","@graph":[{"@type":"WebPage","@id":"https:\/\/gambling6.com\/lt\/bingo\/patarimai-apie-geriausias-bingo-svetaines\/","url":"https:\/\/gambling6.com\/lt\/bingo\/patarimai-apie-geriausias-bingo-svetaines\/","name":"Bingo patarimai \u2013 kurios yra geriausios bingo svetain\u0117s?","isPartOf":{"@id":"https:\/\/gambling6.com\/lt\/#website"},"primaryImageOfPage":{"@id":"https:\/\/gambling6.com\/lt\/bingo\/patarimai-apie-geriausias-bingo-svetaines\/#primaryimage"},"image":{"@id":"https:\/\/gambling6.com\/lt\/bingo\/patarimai-apie-geriausias-bingo-svetaines\/#primaryimage"},"thumbnailUrl":"https:\/\/gambling6.com\/wp-content\/uploads\/2013\/12\/img_110.png","datePublished":"2025-11-07T17:50:15+00:00","dateModified":"2025-11-15T07:47:27+00:00","description":"Svarbu i\u0161sirinkti geriausi\u0105 bingo svetain\u0119 \u2013 bet kuri\u0105 svetain\u0119 tur\u0117tum\u0117te pasirinkti? Atsakymus rasite \u010dia","breadcrumb":{"@id":"https:\/\/gambling6.com\/lt\/bingo\/patarimai-apie-geriausias-bingo-svetaines\/#breadcrumb"},"inLanguage":"lt-LT","potentialAction":[{"@type":"ReadAction","target":["https:\/\/gambling6.com\/lt\/bingo\/patarimai-apie-geriausias-bingo-svetaines\/"]}]},{"@type":"ImageObject","inLanguage":"lt-LT","@id":"https:\/\/gambling6.com\/lt\/bingo\/patarimai-apie-geriausias-bingo-svetaines\/#primaryimage","url":"https:\/\/gambling6.com\/wp-content\/uploads\/2013\/12\/img_110.png","contentUrl":"https:\/\/gambling6.com\/wp-content\/uploads\/2013\/12\/img_110.png","width":288,"height":175},{"@type":"BreadcrumbList","@id":"https:\/\/gambling6.com\/lt\/bingo\/patarimai-apie-geriausias-bingo-svetaines\/#breadcrumb","itemListElement":[{"@type":"ListItem","position":1,"name":"Home","item":"https:\/\/gambling6.com\/lt\/home\/"},{"@type":"ListItem","position":2,"name":"Bingo","item":"https:\/\/gambling6.com\/lt\/bingo\/"},{"@type":"ListItem","position":3,"name":"Patarimai apie geriausias bingo svetaines"}]},{"@type":"WebSite","@id":"https:\/\/gambling6.com\/lt\/#website","url":"https:\/\/gambling6.com\/lt\/","name":"Gambling6","description":"","potentialAction":[{"@type":"SearchAction","target":{"@type":"EntryPoint","urlTemplate":"https:\/\/gambling6.com\/lt\/?s={search_term_string}"},"query-input":{"@type":"PropertyValueSpecification","valueRequired":true,"valueName":"search_term_string"}}],"inLanguage":"lt-LT"}]}},"_links":{"self":[{"href":"https:\/\/gambling6.com\/lt\/wp-json\/wp\/v2\/pages\/8457","targetHints":{"allow":["GET"]}}],"collection":[{"href":"https:\/\/gambling6.com\/lt\/wp-json\/wp\/v2\/pages"}],"about":[{"href":"https:\/\/gambling6.com\/lt\/wp-json\/wp\/v2\/types\/page"}],"author":[{"embeddable":true,"href":"https:\/\/gambling6.com\/lt\/wp-json\/wp\/v2\/users\/1"}],"replies":[{"embeddable":true,"href":"https:\/\/gambling6.com\/lt\/wp-json\/wp\/v2\/comments?post=8457"}],"version-history":[{"count":3,"href":"https:\/\/gambling6.com\/lt\/wp-json\/wp\/v2\/pages\/8457\/revisions"}],"predecessor-version":[{"id":10819,"href":"https:\/\/gambling6.com\/lt\/wp-json\/wp\/v2\/pages\/8457\/revisions\/10819"}],"up":[{"embeddable":true,"href":"https:\/\/gambling6.com\/lt\/wp-json\/wp\/v2\/pages\/8516"}],"wp:featuredmedia":[{"embeddable":true,"href":"https:\/\/gambling6.com\/lt\/wp-json\/wp\/v2\/media\/8437"}],"wp:attachment":[{"href":"https:\/\/gambling6.com\/lt\/wp-json\/wp\/v2\/media?parent=8457"}],"curies":[{"name":"wp","href":"https:\/\/api.w.org\/{rel}","templated":true}]}}