{"id":8516,"date":"2025-11-07T19:22:25","date_gmt":"2025-11-07T19:22:25","guid":{"rendered":"https:\/\/gambling6.com\/bingo\/"},"modified":"2025-11-15T07:54:45","modified_gmt":"2025-11-15T07:54:45","slug":"bingo","status":"publish","type":"page","link":"https:\/\/gambling6.com\/lt\/bingo\/","title":{"rendered":"Bingo"},"content":{"rendered":"<h2>Pagrindin\u0117 informacija apie bingo<\/h2>\n<p><a href=\"https:\/\/record.revenueplanet.com\/_BoBybWC_aAMWqcfzuvZcQMni_MQzyHn0\/1\/\" target=\"_new\"><img loading=\"lazy\" decoding=\"async\" class=\"alignright\" style=\"border: none;\" src=\"https:\/\/media.revenueplanet.com\/uploads\/nbb-120x600-oct-free.gif\" alt=\"BingoBilly Nemokamas Bingo\" width=\"120\" height=\"600\" \/><\/a>Bingo \u017eaidimas skirtas tiek jauniems, tiek vyresnio am\u017eiaus \u017emon\u0117ms. \u0160io \u017eaidimo i\u0161takos siekia XVI am\u017eiaus Italij\u0105, kur jis buvo \u017eaid\u017eiamas pavadinimu \u201eIl Giuoco del Lotto d&#8217;Italia\u201c, o v\u0117liau i\u0161plito po vis\u0105 Europ\u0105. Bingo yra socialinis \u017eaidimas, kuriame svarbi: laiko reakcija, \u017eaidimo suvokimas ir, galiausiai, bet ne ma\u017eiau svarbu, s\u0117km\u0117.<\/p>\n<p>Laikui b\u0117gant, \u017emon\u0117s band\u0117 rasti \u012fvairi\u0173 strategij\u0173, kaip tiksliau apskai\u010diuoti, kaip padidinti savo laim\u0117jimo galimybes. Kai kurie i\u0161 j\u0173 nepavyko, o kai kurie \u2013 s\u0117kmingai. Internetinis bingo atsirado XX a. de\u0161imtojo de\u0161imtme\u010dio viduryje ir nuo to laiko nuolat tobul\u0117jo. Internetinio bingo privalumai, skirtingai nei neprisijungus \u017eaid\u017eiamo bingo, yra \u0161ie:<\/p>\n<ul>\n<li>Galite \u017eaisti tiesiai i\u0161 nam\u0173<\/li>\n<li>Viskas paprasta<\/li>\n<li>Jie si\u016blo premijas ir apdovanojimus<\/li>\n<li>Galite \u017eaisti nemokamai<\/li>\n<li>Galite \u017eaisti bet kuriuo paros ar nakties metu<\/li>\n<li>Turite realiuoju laiku teikiam\u0105 internetin\u0119 pagalb\u0105<\/li>\n<\/ul>\n<p>Pradedantiesiems rekomenduojama \u017eaisti demonstracinius \u017eaidimus, kurie suteikia jiems galimyb\u0119 prisitaikyti prie taisykli\u0173 ir \u017eaidimo grei\u010dio. \u017daidimo strategijos negarantuoja i\u0161mok\u0117jimo, bet padidina laim\u0117jimo galimybes. Taip pat rekomenduojama \u017eaisti kambaryje, kuriame \u017eaid\u0117j\u0173 yra ma\u017eai. Labiau patyrusiems \u017eaid\u0117jams gera id\u0117ja \u017eaisti su kuo daugiau kort\u0173; Tai padidina j\u0173 \u0161ansus laim\u0117ti. Bingo \u017eaidimas \u017eaid\u017eiamas su 30, 75, 80 ir 90 kamuoliuk\u0173.<\/p>\n<p>Geriausias j\u016bs\u0173 pasirinkimas b\u016bt\u0173 <a class=\"thirstylink\" title=\"Bingo Billy en\" href=\"https:\/\/gambling6.com\/go\/bingobilly-en\/\" target=\"_blank\" rel=\"nofollow noopener\">Bingo Billy \u2013 spustel\u0117kite \u010dia, kad gal\u0117tum\u0117te \u017eaisti<\/a>, ir gausite 30 USD vert\u0117s nemokam\u0173 bingo biliet\u0173 prad\u017eiai! Bingo Billy priima \u017eaid\u0117jus i\u0161 viso pasaulio, \u012fskaitant JAV.<\/p>\n<h2>Bingo \u017eaidimas su 30 kamuoliuk\u0173<\/h2>\n<p>\u017daid\u0117jas pasirenka i\u0161 viso 30 kamuoliuk\u0173 ir naudoja skal\u0119 nuo 1 iki 75. Bingo zonos susideda i\u0161 penki\u0173 langeli\u0173. \u012esigij\u0119s biliet\u0105, \u017eaid\u0117jas turi pasirinkti i\u0161 viso 30 skai\u010di\u0173. Skai\u010diai i\u0161traukiami ir automati\u0161kai pa\u017eymimi biliete. Bingo laikomas \u012fvykusiu, kai \u017eaid\u0117jas i\u0161traukia penkis arba \u0161e\u0161is skai\u010dius, kurie leid\u017eia jam sudaryti vertikali\u0105, horizontali\u0105 arba \u012fstri\u017e\u0105 linij\u0105. \u017daidimas baigiasi, kai i\u0161traukiami 30 kamuoliuk\u0173. Laim\u0117toju paskelbiamas \u017eaid\u0117jas, surink\u0119s daugiausiai bingo linij\u0173.<\/p>\n<h2>Bingo \u017eaidimas su 90 kamuoliuk\u0173<\/h2>\n<p>Kortel\u0117 sudaryta i\u0161 9\u20133 grupi\u0173, kuriose i\u0161 viso yra 27 langeliai. Kiekvienoje eilut\u0117je yra 5 skai\u010diai ir 4 tu\u0161ti langeliai. Bendras skai\u010di\u0173 skai\u010dius kortel\u0117je yra 15<\/p>\n<h2>Bingo \u017eaidimas su 80 kamuoliuk\u0173<\/h2>\n<p>\u010cia, kiekvienoje kortel\u0117je yra 16 skai\u010di\u0173, 4 eilut\u0117s ir 4 stulpeliai<\/p>\n<h2>Internetinio bingo strategijos<\/h2>\n<p>Josephas E. Granville&#8217;as teig\u0117, kad gali \u201epadidinti tikimyb\u0119 savo naudai iki 50 %\u201c. Jis taip pat teig\u0117, kad tikrai atsitiktinai i\u0161traukti skai\u010diai turi tok\u012f model\u012f: vienodas skai\u010dius skai\u010di\u0173, kurie baigiasi 1, 2, 3, 4, 5, 6, 7, 8, 9, dideli ir ma\u017ei skai\u010diai yra pusiausvyroje kartu su \u017eaidimo atnaujinimu, i\u0161traukti skai\u010diai, art\u0117jantys prie skai\u010diaus 38, tiksliau \u012f vidur\u012f<\/p>\n<p><strong>Atsitiktinio bilieto, sudaryto pagal Josepho E. Granville&#8217;o model\u012f, pavyzdys yra<\/strong> 6, 11, 24, 32, 43, 57, 38, 69. Brit\u0173 statistikas L.C.H. Tippet pristat\u0117 teorij\u0105, pagal kuri\u0105 skai\u010diai traukiami su tikimybe, kad jie bus artimi 38. Nepaisant to, j\u016bs\u0173 \u017einioje yra platus svetaini\u0173 pasirinkimas ir nedidel\u0117 \u012f\u017eanga \u012f bingo \u017eaidim\u0173 pasaul\u012f. Pagal savo pageidavimus galite nuspr\u0119sti, kuri versija jums tinkamesn\u0117. S\u0117km\u0117s!<\/p>\n","protected":false},"excerpt":{"rendered":"<p>Pagrindin\u0117 informacija apie bingo Bingo \u017eaidimas skirtas tiek jauniems, tiek vyresnio am\u017eiaus \u017emon\u0117ms. \u0160io \u017eaidimo i\u0161takos siekia XVI am\u017eiaus Italij\u0105, kur jis buvo \u017eaid\u017eiamas pavadinimu \u201eIl Giuoco del Lotto d&#8217;Italia\u201c, o v\u0117liau i\u0161plito po vis\u0105 Europ\u0105. Bingo yra socialinis \u017eaidimas, kuriame svarbi: laiko reakcija, \u017eaidimo suvokimas ir, galiausiai, bet ne ma\u017eiau svarbu, s\u0117km\u0117. Laikui b\u0117gant, [&hellip;]<\/p>\n","protected":false},"author":1,"featured_media":0,"parent":0,"menu_order":6,"comment_status":"closed","ping_status":"closed","template":"","meta":{"footnotes":""},"class_list":["post-8516","page","type-page","status-publish","hentry"],"yoast_head":"<!-- This site is optimized with the Yoast SEO plugin v27.4 - https:\/\/yoast.com\/product\/yoast-seo-wordpress\/ -->\n<title>Pagrindin\u0117 informacija apie bingo<\/title>\n<meta name=\"description\" content=\"Viskas apie internetin\u012f bingo ir geriausios svetain\u0117s, kuriose galima \u017eaisti bingo internetu\" \/>\n<meta name=\"robots\" content=\"index, follow, max-snippet:-1, max-image-preview:large, max-video-preview:-1\" \/>\n<link rel=\"canonical\" href=\"https:\/\/gambling6.com\/lt\/bingo\/\" \/>\n<meta property=\"og:locale\" content=\"lt_LT\" \/>\n<meta property=\"og:type\" content=\"article\" \/>\n<meta property=\"og:title\" content=\"Pagrindin\u0117 informacija apie bingo\" \/>\n<meta property=\"og:description\" content=\"Viskas apie internetin\u012f bingo ir geriausios svetain\u0117s, kuriose galima \u017eaisti bingo internetu\" \/>\n<meta property=\"og:url\" content=\"https:\/\/gambling6.com\/lt\/bingo\/\" \/>\n<meta property=\"og:site_name\" content=\"Gambling6\" \/>\n<meta property=\"article:modified_time\" content=\"2025-11-15T07:54:45+00:00\" \/>\n<meta property=\"og:image\" content=\"https:\/\/media.revenueplanet.com\/uploads\/nbb-120x600-oct-free.gif\" \/>\n<meta name=\"twitter:card\" content=\"summary_large_image\" \/>\n<meta name=\"twitter:label1\" content=\"Est. reading time\" \/>\n\t<meta name=\"twitter:data1\" content=\"2 minut\u0117s\" \/>\n<script type=\"application\/ld+json\" class=\"yoast-schema-graph\">{\"@context\":\"https:\\\/\\\/schema.org\",\"@graph\":[{\"@type\":\"WebPage\",\"@id\":\"https:\\\/\\\/gambling6.com\\\/lt\\\/bingo\\\/\",\"url\":\"https:\\\/\\\/gambling6.com\\\/lt\\\/bingo\\\/\",\"name\":\"Pagrindin\u0117 informacija apie bingo\",\"isPartOf\":{\"@id\":\"https:\\\/\\\/gambling6.com\\\/lt\\\/#website\"},\"primaryImageOfPage\":{\"@id\":\"https:\\\/\\\/gambling6.com\\\/lt\\\/bingo\\\/#primaryimage\"},\"image\":{\"@id\":\"https:\\\/\\\/gambling6.com\\\/lt\\\/bingo\\\/#primaryimage\"},\"thumbnailUrl\":\"https:\\\/\\\/media.revenueplanet.com\\\/uploads\\\/nbb-120x600-oct-free.gif\",\"datePublished\":\"2025-11-07T19:22:25+00:00\",\"dateModified\":\"2025-11-15T07:54:45+00:00\",\"description\":\"Viskas apie internetin\u012f bingo ir geriausios svetain\u0117s, kuriose galima \u017eaisti bingo internetu\",\"breadcrumb\":{\"@id\":\"https:\\\/\\\/gambling6.com\\\/lt\\\/bingo\\\/#breadcrumb\"},\"inLanguage\":\"lt-LT\",\"potentialAction\":[{\"@type\":\"ReadAction\",\"target\":[\"https:\\\/\\\/gambling6.com\\\/lt\\\/bingo\\\/\"]}]},{\"@type\":\"ImageObject\",\"inLanguage\":\"lt-LT\",\"@id\":\"https:\\\/\\\/gambling6.com\\\/lt\\\/bingo\\\/#primaryimage\",\"url\":\"https:\\\/\\\/media.revenueplanet.com\\\/uploads\\\/nbb-120x600-oct-free.gif\",\"contentUrl\":\"https:\\\/\\\/media.revenueplanet.com\\\/uploads\\\/nbb-120x600-oct-free.gif\"},{\"@type\":\"BreadcrumbList\",\"@id\":\"https:\\\/\\\/gambling6.com\\\/lt\\\/bingo\\\/#breadcrumb\",\"itemListElement\":[{\"@type\":\"ListItem\",\"position\":1,\"name\":\"Home\",\"item\":\"https:\\\/\\\/gambling6.com\\\/lt\\\/home\\\/\"},{\"@type\":\"ListItem\",\"position\":2,\"name\":\"Bingo\"}]},{\"@type\":\"WebSite\",\"@id\":\"https:\\\/\\\/gambling6.com\\\/lt\\\/#website\",\"url\":\"https:\\\/\\\/gambling6.com\\\/lt\\\/\",\"name\":\"Gambling6\",\"description\":\"\",\"potentialAction\":[{\"@type\":\"SearchAction\",\"target\":{\"@type\":\"EntryPoint\",\"urlTemplate\":\"https:\\\/\\\/gambling6.com\\\/lt\\\/?s={search_term_string}\"},\"query-input\":{\"@type\":\"PropertyValueSpecification\",\"valueRequired\":true,\"valueName\":\"search_term_string\"}}],\"inLanguage\":\"lt-LT\"}]}<\/script>\n<!-- \/ Yoast SEO plugin. -->","yoast_head_json":{"title":"Pagrindin\u0117 informacija apie bingo","description":"Viskas apie internetin\u012f bingo ir geriausios svetain\u0117s, kuriose galima \u017eaisti bingo internetu","robots":{"index":"index","follow":"follow","max-snippet":"max-snippet:-1","max-image-preview":"max-image-preview:large","max-video-preview":"max-video-preview:-1"},"canonical":"https:\/\/gambling6.com\/lt\/bingo\/","og_locale":"lt_LT","og_type":"article","og_title":"Pagrindin\u0117 informacija apie bingo","og_description":"Viskas apie internetin\u012f bingo ir geriausios svetain\u0117s, kuriose galima \u017eaisti bingo internetu","og_url":"https:\/\/gambling6.com\/lt\/bingo\/","og_site_name":"Gambling6","article_modified_time":"2025-11-15T07:54:45+00:00","og_image":[{"url":"https:\/\/media.revenueplanet.com\/uploads\/nbb-120x600-oct-free.gif","type":"","width":"","height":""}],"twitter_card":"summary_large_image","twitter_misc":{"Est. reading time":"2 minut\u0117s"},"schema":{"@context":"https:\/\/schema.org","@graph":[{"@type":"WebPage","@id":"https:\/\/gambling6.com\/lt\/bingo\/","url":"https:\/\/gambling6.com\/lt\/bingo\/","name":"Pagrindin\u0117 informacija apie bingo","isPartOf":{"@id":"https:\/\/gambling6.com\/lt\/#website"},"primaryImageOfPage":{"@id":"https:\/\/gambling6.com\/lt\/bingo\/#primaryimage"},"image":{"@id":"https:\/\/gambling6.com\/lt\/bingo\/#primaryimage"},"thumbnailUrl":"https:\/\/media.revenueplanet.com\/uploads\/nbb-120x600-oct-free.gif","datePublished":"2025-11-07T19:22:25+00:00","dateModified":"2025-11-15T07:54:45+00:00","description":"Viskas apie internetin\u012f bingo ir geriausios svetain\u0117s, kuriose galima \u017eaisti bingo internetu","breadcrumb":{"@id":"https:\/\/gambling6.com\/lt\/bingo\/#breadcrumb"},"inLanguage":"lt-LT","potentialAction":[{"@type":"ReadAction","target":["https:\/\/gambling6.com\/lt\/bingo\/"]}]},{"@type":"ImageObject","inLanguage":"lt-LT","@id":"https:\/\/gambling6.com\/lt\/bingo\/#primaryimage","url":"https:\/\/media.revenueplanet.com\/uploads\/nbb-120x600-oct-free.gif","contentUrl":"https:\/\/media.revenueplanet.com\/uploads\/nbb-120x600-oct-free.gif"},{"@type":"BreadcrumbList","@id":"https:\/\/gambling6.com\/lt\/bingo\/#breadcrumb","itemListElement":[{"@type":"ListItem","position":1,"name":"Home","item":"https:\/\/gambling6.com\/lt\/home\/"},{"@type":"ListItem","position":2,"name":"Bingo"}]},{"@type":"WebSite","@id":"https:\/\/gambling6.com\/lt\/#website","url":"https:\/\/gambling6.com\/lt\/","name":"Gambling6","description":"","potentialAction":[{"@type":"SearchAction","target":{"@type":"EntryPoint","urlTemplate":"https:\/\/gambling6.com\/lt\/?s={search_term_string}"},"query-input":{"@type":"PropertyValueSpecification","valueRequired":true,"valueName":"search_term_string"}}],"inLanguage":"lt-LT"}]}},"_links":{"self":[{"href":"https:\/\/gambling6.com\/lt\/wp-json\/wp\/v2\/pages\/8516","targetHints":{"allow":["GET"]}}],"collection":[{"href":"https:\/\/gambling6.com\/lt\/wp-json\/wp\/v2\/pages"}],"about":[{"href":"https:\/\/gambling6.com\/lt\/wp-json\/wp\/v2\/types\/page"}],"author":[{"embeddable":true,"href":"https:\/\/gambling6.com\/lt\/wp-json\/wp\/v2\/users\/1"}],"replies":[{"embeddable":true,"href":"https:\/\/gambling6.com\/lt\/wp-json\/wp\/v2\/comments?post=8516"}],"version-history":[{"count":2,"href":"https:\/\/gambling6.com\/lt\/wp-json\/wp\/v2\/pages\/8516\/revisions"}],"predecessor-version":[{"id":10823,"href":"https:\/\/gambling6.com\/lt\/wp-json\/wp\/v2\/pages\/8516\/revisions\/10823"}],"wp:attachment":[{"href":"https:\/\/gambling6.com\/lt\/wp-json\/wp\/v2\/media?parent=8516"}],"curies":[{"name":"wp","href":"https:\/\/api.w.org\/{rel}","templated":true}]}}