{"id":8582,"date":"2025-11-07T20:40:52","date_gmt":"2025-11-07T20:40:52","guid":{"rendered":"https:\/\/gambling6.com\/kazino\/mobilusis-rysys-losimai-kelyje\/"},"modified":"2025-11-12T09:23:23","modified_gmt":"2025-11-12T09:23:23","slug":"mobilusis-rysys-losimai-kelyje","status":"publish","type":"page","link":"https:\/\/gambling6.com\/lt\/kazino\/mobilusis-rysys-losimai-kelyje\/","title":{"rendered":"Mobilusis ry\u0161ys \u2013 lo\u0161imai kelyje"},"content":{"rendered":"<h2>Internetiniai lo\u0161imai mobiliuosiuose \u012frenginiuose<\/h2>\n<h3>HTML5 ir vietin\u0117s program\u0117l\u0117s \u2013 pasirinkimas j\u016bs\u0173!<\/h3>\n<p>Per\u017ei\u016br\u0117jus ger\u0105 lo\u0161im\u0173 katalog\u0105, lengva pasteb\u0117ti, kad \u017eaid\u0117jams, norintiems m\u0117gautis m\u0117gstamiausiomis galimyb\u0117mis internete, yra daug puiki\u0173 variant\u0173. \u012evairios svetain\u0117s si\u016blo saugius internetinius lo\u0161imus beveik kiekvienoje kategorijoje, o pokeris, kazino ir sporto la\u017eybos paprastai yra s\u0105ra\u0161o vir\u0161uje. Svarbu pa\u017eym\u0117ti, kad yra ir JAV \u017eaid\u0117jams skirt\u0173 variant\u0173, nepaisant \u0161ios rinkos reglament\u0173, tod\u0117l amerikie\u010diai netur\u0117t\u0173 problem\u0173 rasti patikim\u0105 svetain\u0119 per \u201eiGambling\u201c portal\u0105.<\/p>\n<p><img loading=\"lazy\" decoding=\"async\" class=\" alignright size-full wp-image-400\" style=\"margin: 5px; float: right;\" src=\"http:\/\/gambling6.com\/wp-content\/uploads\/2013\/12\/mobile-gambling-150x150.jpg\" alt=\"mobili\u0173j\u0173 lo\u0161im\u0173 program\u0117l\u0117s\" width=\"150\" height=\"150\" \/>Nors internetini\u0173 lo\u0161im\u0173 pasi\u016bla toliau auga, tendencija, kad viskas juda link mobili\u0173j\u0173 lo\u0161im\u0173. Beveik visi did\u017eiausi \u0161io sektoriaus operatoriai turi arba \u0161iuo metu kuria mobili\u0105j\u0105 program\u0117l\u0119, leid\u017eian\u010di\u0105 j\u0173 vartotojams naudotis tomis pa\u010diomis paslaugomis, kurias jie gauna namuose, i\u0161maniajame telefone. Neseniai duotame interviu \u201eIntralot\u201c informacijos vadovas dr. Christos Dimitriadis teig\u0117, kad mobilieji lo\u0161imai taps legal\u016bs visose Europos S\u0105jungos \u0161alyse.<\/p>\n<p>Nors jis nenurod\u0117, kada tai grei\u010diausiai \u012fvyks, faktas, kad valstyb\u0117s turi i\u0161laikyti lo\u0161im\u0173 kontrol\u0119, mobiliuosius lo\u0161imus daro legalius ir kruop\u0161\u010diai reguliuojamus privalomus. Kadangi vis daugiau \u017eaid\u0117j\u0173 \u017eaid\u017eia mobiliuosiuose \u012frenginiuose, tiek operatoriai, tiek konkre\u010di\u0173 rink\u0173 reguliavimo institucijos turi bendradarbiauti, kad rast\u0173 ideal\u0173 sprendim\u0105.<\/p>\n<h2>HTML5<\/h2>\n<p>Kai kurie pagrindiniai internetini\u0173 lo\u0161im\u0173 rinkos operatoriai jau \u0117m\u0117si reik\u0161ming\u0173 \u017eingsni\u0173, siekdami patobulinti savo mobili\u0173j\u0173 \u012frengini\u0173 pasi\u016blymus. 888 yra \u017einomas visame pasaulyje, daugiausia d\u0117l savo internetini\u0173 sporto la\u017eyb\u0173, kurios apima beveik vis\u0105 pasaul\u012f ir si\u016blo la\u017eybas d\u0117l vis\u0173 pagrindini\u0173 sporto \u0161ak\u0173 ir \u012fvairi\u0173 lyg\u0173. Svetain\u0117je taip pat yra kazino \u017eaidim\u0173, pokerio, bingo ir kit\u0173 internetini\u0173 \u017eaidim\u0173 kategorij\u0173, tod\u0117l ji yra viena did\u017eiausi\u0173 vard\u0173 \u0161ioje pramon\u0117s \u0161akoje.<\/p>\n<p><a class=\"thirstylink\" title=\"888 casino en\" href=\"https:\/\/gambling6.com\/go\/888-casino-en\/\" target=\"_blank\" rel=\"nofollow noopener\"><strong>Nor\u0117dami apsilankyti 888 kazino, spustel\u0117kite \u010dia<\/strong><\/a> \u2013 nemokamai sukurkite \u017eaid\u0117jo paskyr\u0105, tada atsisi\u0173skite mobili\u0105j\u0105 program\u0117l\u0119.<\/p>\n<p>Neseniai 888 pakeit\u0117 savo mobili\u0105j\u0105 platform\u0105 \u012f HTML5 versij\u0105, kad \u017eaid\u0117jams b\u016bt\u0173 daug patogiau. I\u0161 esm\u0117s operatoriaus garso ir vaizdo transliacija dabar bus vykdoma naudojant HTML5, tod\u0117l vartotojai gal\u0117s sekti veiksm\u0105 pasirinktame \u012frenginyje be \u201eFlash\u201c papildinio. Tai taip pat atveria duris naujoms galimyb\u0117ms, nes vartotojai dabar gali atlikti statymus gaudami duomenis realiuoju laiku. HTML5 versija taip pat suteikia geresn\u0119 naudotojo patirt\u012f. Ji gali aptikti \u012frenginio ekrano dyd\u012f, sistemos galimybes ir galimus ry\u0161ius.<\/p>\n<p>Tai rei\u0161kia, kad reikia imtis b\u016btin\u0173 atsargumo priemoni\u0173, kad viskas veikt\u0173 skland\u017eiai, pavyzd\u017eiui, suma\u017einti kokyb\u0119 arba palaukti prie\u0161 paleid\u017eiant vaizdo \u012fra\u0161\u0105, kad b\u016bt\u0173 taupomas pralaidumas. Lo\u0161im\u0173 ap\u017evalg\u0173 svetain\u0117s labai palengvina patikimo internetinio kazino paie\u0161k\u0105, suskirstydamos svetaines \u012f skirtingas kategorijas pagal j\u0173 stipri\u0105sias puses. Kai kurios svetain\u0117s linkusios sutelkti d\u0117mes\u012f \u012f savo mobiliuosius pasi\u016blymus, o JAV internetiniai kazino visada yra puiki diskusij\u0173 tema.<\/p>\n<h2>Gimtosios program\u0117l\u0117s<\/h2>\n<p>Gimt\u0105sias program\u0117les reikia atsisi\u0173sti ir \u012fdiegti, o tai rei\u0161kia, kad turi b\u016bti skirtingos versijos, kad b\u016bt\u0173 palaikomos \u012fvairios \u0161iuo metu prieinamos mobiliosios operacin\u0117s sistemos. Nors jos yra labai paplitusios tarp internetini\u0173 kazino, jos i\u0161 ties\u0173 praranda pozicijas HTML5. Tam yra daugyb\u0117 prie\u017eas\u010di\u0173, i\u0161 kuri\u0173 pagrindin\u0117 yra ta, kad viena HTML5 versija gali tikti visiems mobiliesiems \u012frenginiams ir pati atlikti reikiamus pakeitimus. Svarbu pa\u017eym\u0117ti, kad, kaip min\u0117ta auk\u0161\u010diau, 888 neatsisakys savo vietini\u0173 program\u0117li\u0173 ir nenustos naudoti HTML4 technologijos.<\/p>\n<p>Tai puikus pavyzdys ir kitiems operatoriams, nes per\u0117jimas prie HTML5 per nakt\u012f ir ankstesni\u0173 parink\u010di\u0173 atsisakymas reik\u0161t\u0173, kad kai kurie vartotojai nebetur\u0117s prieigos prie pasi\u016blym\u0173. Ne visi \u017eaid\u0117jai turi technologijas, reikalingas tobulai valdyti naujos kartos programin\u0119 \u012frang\u0105, tod\u0117l, nors tai yra geras \u017eingsnis geresni\u0173 mobili\u0173j\u0173 lo\u0161im\u0173 link, tai netur\u0117t\u0173 neigiamai paveikti esam\u0173 klient\u0173. Vietin\u0117s program\u0117l\u0117s i\u0161lieka puikiu b\u016bdu m\u0117gautis internetiniais kazino \u017eaidimais \u012fvairiuose mobiliuosiuose \u012frenginiuose. Visas prad\u017eios procesas paprastai neu\u017etrunka ilgai, tod\u0117l, nors HTML5 bus kitas didelis \u017eingsnis visiems operatoriams, dabartiniai pasi\u016blymai taip pat yra gana nuostab\u016bs.<\/p>\n","protected":false},"excerpt":{"rendered":"<p>Internetiniai lo\u0161imai mobiliuosiuose \u012frenginiuose HTML5 ir vietin\u0117s program\u0117l\u0117s \u2013 pasirinkimas j\u016bs\u0173! Per\u017ei\u016br\u0117jus ger\u0105 lo\u0161im\u0173 katalog\u0105, lengva pasteb\u0117ti, kad \u017eaid\u0117jams, norintiems m\u0117gautis m\u0117gstamiausiomis galimyb\u0117mis internete, yra daug puiki\u0173 variant\u0173. \u012evairios svetain\u0117s si\u016blo saugius internetinius lo\u0161imus beveik kiekvienoje kategorijoje, o pokeris, kazino ir sporto la\u017eybos paprastai yra s\u0105ra\u0161o vir\u0161uje. Svarbu pa\u017eym\u0117ti, kad yra ir JAV \u017eaid\u0117jams skirt\u0173 [&hellip;]<\/p>\n","protected":false},"author":1,"featured_media":8567,"parent":8316,"menu_order":40,"comment_status":"closed","ping_status":"closed","template":"","meta":{"footnotes":""},"class_list":["post-8582","page","type-page","status-publish","has-post-thumbnail","hentry"],"yoast_head":"<!-- This site is optimized with the Yoast SEO plugin v27.5 - https:\/\/yoast.com\/product\/yoast-seo-wordpress\/ -->\n<title>Internetiniai lo\u0161imai mobiliuosiuose \u012frenginiuose<\/title>\n<meta name=\"description\" content=\"Mobilieji lo\u0161imai tampa vis populiaresni, o program\u0117l\u0117s gauna geresn\u0119 grafik\u0105 ir daugiau funkcij\u0173.\" \/>\n<meta name=\"robots\" content=\"index, follow, max-snippet:-1, max-image-preview:large, max-video-preview:-1\" \/>\n<link rel=\"canonical\" href=\"https:\/\/gambling6.com\/lt\/kazino\/mobilusis-rysys-losimai-kelyje\/\" \/>\n<meta property=\"og:locale\" content=\"lt_LT\" \/>\n<meta property=\"og:type\" content=\"article\" \/>\n<meta property=\"og:title\" content=\"Internetiniai lo\u0161imai mobiliuosiuose \u012frenginiuose\" \/>\n<meta property=\"og:description\" content=\"Mobilieji lo\u0161imai tampa vis populiaresni, o program\u0117l\u0117s gauna geresn\u0119 grafik\u0105 ir daugiau funkcij\u0173.\" \/>\n<meta property=\"og:url\" content=\"https:\/\/gambling6.com\/lt\/kazino\/mobilusis-rysys-losimai-kelyje\/\" \/>\n<meta property=\"og:site_name\" content=\"Gambling6\" \/>\n<meta property=\"article:modified_time\" content=\"2025-11-12T09:23:23+00:00\" \/>\n<meta property=\"og:image\" content=\"https:\/\/gambling6.com\/wp-content\/uploads\/2013\/12\/mobile-gambling-150x150.jpg\" \/>\n\t<meta property=\"og:image:width\" content=\"150\" \/>\n\t<meta property=\"og:image:height\" content=\"150\" \/>\n\t<meta property=\"og:image:type\" content=\"image\/jpeg\" \/>\n<meta name=\"twitter:card\" content=\"summary_large_image\" \/>\n<meta name=\"twitter:label1\" content=\"Est. reading time\" \/>\n\t<meta name=\"twitter:data1\" content=\"3 minut\u0117s\" \/>\n<script type=\"application\/ld+json\" class=\"yoast-schema-graph\">{\"@context\":\"https:\\\/\\\/schema.org\",\"@graph\":[{\"@type\":\"WebPage\",\"@id\":\"https:\\\/\\\/gambling6.com\\\/lt\\\/kazino\\\/mobilusis-rysys-losimai-kelyje\\\/\",\"url\":\"https:\\\/\\\/gambling6.com\\\/lt\\\/kazino\\\/mobilusis-rysys-losimai-kelyje\\\/\",\"name\":\"Internetiniai lo\u0161imai mobiliuosiuose \u012frenginiuose\",\"isPartOf\":{\"@id\":\"https:\\\/\\\/gambling6.com\\\/lt\\\/#website\"},\"primaryImageOfPage\":{\"@id\":\"https:\\\/\\\/gambling6.com\\\/lt\\\/kazino\\\/mobilusis-rysys-losimai-kelyje\\\/#primaryimage\"},\"image\":{\"@id\":\"https:\\\/\\\/gambling6.com\\\/lt\\\/kazino\\\/mobilusis-rysys-losimai-kelyje\\\/#primaryimage\"},\"thumbnailUrl\":\"https:\\\/\\\/gambling6.com\\\/wp-content\\\/uploads\\\/2013\\\/12\\\/mobile-gambling-150x150.jpg\",\"datePublished\":\"2025-11-07T20:40:52+00:00\",\"dateModified\":\"2025-11-12T09:23:23+00:00\",\"description\":\"Mobilieji lo\u0161imai tampa vis populiaresni, o program\u0117l\u0117s gauna geresn\u0119 grafik\u0105 ir daugiau funkcij\u0173.\",\"breadcrumb\":{\"@id\":\"https:\\\/\\\/gambling6.com\\\/lt\\\/kazino\\\/mobilusis-rysys-losimai-kelyje\\\/#breadcrumb\"},\"inLanguage\":\"lt-LT\",\"potentialAction\":[{\"@type\":\"ReadAction\",\"target\":[\"https:\\\/\\\/gambling6.com\\\/lt\\\/kazino\\\/mobilusis-rysys-losimai-kelyje\\\/\"]}]},{\"@type\":\"ImageObject\",\"inLanguage\":\"lt-LT\",\"@id\":\"https:\\\/\\\/gambling6.com\\\/lt\\\/kazino\\\/mobilusis-rysys-losimai-kelyje\\\/#primaryimage\",\"url\":\"https:\\\/\\\/gambling6.com\\\/wp-content\\\/uploads\\\/2013\\\/12\\\/mobile-gambling-150x150.jpg\",\"contentUrl\":\"https:\\\/\\\/gambling6.com\\\/wp-content\\\/uploads\\\/2013\\\/12\\\/mobile-gambling-150x150.jpg\",\"width\":150,\"height\":150,\"caption\":\"online slotmachine\"},{\"@type\":\"BreadcrumbList\",\"@id\":\"https:\\\/\\\/gambling6.com\\\/lt\\\/kazino\\\/mobilusis-rysys-losimai-kelyje\\\/#breadcrumb\",\"itemListElement\":[{\"@type\":\"ListItem\",\"position\":1,\"name\":\"Home\",\"item\":\"https:\\\/\\\/gambling6.com\\\/lt\\\/home\\\/\"},{\"@type\":\"ListItem\",\"position\":2,\"name\":\"Kazino\",\"item\":\"https:\\\/\\\/gambling6.com\\\/lt\\\/get-started-with-online-gambling\\\/\"},{\"@type\":\"ListItem\",\"position\":3,\"name\":\"Mobilusis ry\u0161ys \u2013 lo\u0161imai kelyje\"}]},{\"@type\":\"WebSite\",\"@id\":\"https:\\\/\\\/gambling6.com\\\/lt\\\/#website\",\"url\":\"https:\\\/\\\/gambling6.com\\\/lt\\\/\",\"name\":\"Gambling6\",\"description\":\"\",\"potentialAction\":[{\"@type\":\"SearchAction\",\"target\":{\"@type\":\"EntryPoint\",\"urlTemplate\":\"https:\\\/\\\/gambling6.com\\\/lt\\\/?s={search_term_string}\"},\"query-input\":{\"@type\":\"PropertyValueSpecification\",\"valueRequired\":true,\"valueName\":\"search_term_string\"}}],\"inLanguage\":\"lt-LT\"}]}<\/script>\n<!-- \/ Yoast SEO plugin. -->","yoast_head_json":{"title":"Internetiniai lo\u0161imai mobiliuosiuose \u012frenginiuose","description":"Mobilieji lo\u0161imai tampa vis populiaresni, o program\u0117l\u0117s gauna geresn\u0119 grafik\u0105 ir daugiau funkcij\u0173.","robots":{"index":"index","follow":"follow","max-snippet":"max-snippet:-1","max-image-preview":"max-image-preview:large","max-video-preview":"max-video-preview:-1"},"canonical":"https:\/\/gambling6.com\/lt\/kazino\/mobilusis-rysys-losimai-kelyje\/","og_locale":"lt_LT","og_type":"article","og_title":"Internetiniai lo\u0161imai mobiliuosiuose \u012frenginiuose","og_description":"Mobilieji lo\u0161imai tampa vis populiaresni, o program\u0117l\u0117s gauna geresn\u0119 grafik\u0105 ir daugiau funkcij\u0173.","og_url":"https:\/\/gambling6.com\/lt\/kazino\/mobilusis-rysys-losimai-kelyje\/","og_site_name":"Gambling6","article_modified_time":"2025-11-12T09:23:23+00:00","og_image":[{"width":150,"height":150,"url":"https:\/\/gambling6.com\/wp-content\/uploads\/2013\/12\/mobile-gambling-150x150.jpg","type":"image\/jpeg"}],"twitter_card":"summary_large_image","twitter_misc":{"Est. reading time":"3 minut\u0117s"},"schema":{"@context":"https:\/\/schema.org","@graph":[{"@type":"WebPage","@id":"https:\/\/gambling6.com\/lt\/kazino\/mobilusis-rysys-losimai-kelyje\/","url":"https:\/\/gambling6.com\/lt\/kazino\/mobilusis-rysys-losimai-kelyje\/","name":"Internetiniai lo\u0161imai mobiliuosiuose \u012frenginiuose","isPartOf":{"@id":"https:\/\/gambling6.com\/lt\/#website"},"primaryImageOfPage":{"@id":"https:\/\/gambling6.com\/lt\/kazino\/mobilusis-rysys-losimai-kelyje\/#primaryimage"},"image":{"@id":"https:\/\/gambling6.com\/lt\/kazino\/mobilusis-rysys-losimai-kelyje\/#primaryimage"},"thumbnailUrl":"https:\/\/gambling6.com\/wp-content\/uploads\/2013\/12\/mobile-gambling-150x150.jpg","datePublished":"2025-11-07T20:40:52+00:00","dateModified":"2025-11-12T09:23:23+00:00","description":"Mobilieji lo\u0161imai tampa vis populiaresni, o program\u0117l\u0117s gauna geresn\u0119 grafik\u0105 ir daugiau funkcij\u0173.","breadcrumb":{"@id":"https:\/\/gambling6.com\/lt\/kazino\/mobilusis-rysys-losimai-kelyje\/#breadcrumb"},"inLanguage":"lt-LT","potentialAction":[{"@type":"ReadAction","target":["https:\/\/gambling6.com\/lt\/kazino\/mobilusis-rysys-losimai-kelyje\/"]}]},{"@type":"ImageObject","inLanguage":"lt-LT","@id":"https:\/\/gambling6.com\/lt\/kazino\/mobilusis-rysys-losimai-kelyje\/#primaryimage","url":"https:\/\/gambling6.com\/wp-content\/uploads\/2013\/12\/mobile-gambling-150x150.jpg","contentUrl":"https:\/\/gambling6.com\/wp-content\/uploads\/2013\/12\/mobile-gambling-150x150.jpg","width":150,"height":150,"caption":"online slotmachine"},{"@type":"BreadcrumbList","@id":"https:\/\/gambling6.com\/lt\/kazino\/mobilusis-rysys-losimai-kelyje\/#breadcrumb","itemListElement":[{"@type":"ListItem","position":1,"name":"Home","item":"https:\/\/gambling6.com\/lt\/home\/"},{"@type":"ListItem","position":2,"name":"Kazino","item":"https:\/\/gambling6.com\/lt\/get-started-with-online-gambling\/"},{"@type":"ListItem","position":3,"name":"Mobilusis ry\u0161ys \u2013 lo\u0161imai kelyje"}]},{"@type":"WebSite","@id":"https:\/\/gambling6.com\/lt\/#website","url":"https:\/\/gambling6.com\/lt\/","name":"Gambling6","description":"","potentialAction":[{"@type":"SearchAction","target":{"@type":"EntryPoint","urlTemplate":"https:\/\/gambling6.com\/lt\/?s={search_term_string}"},"query-input":{"@type":"PropertyValueSpecification","valueRequired":true,"valueName":"search_term_string"}}],"inLanguage":"lt-LT"}]}},"_links":{"self":[{"href":"https:\/\/gambling6.com\/lt\/wp-json\/wp\/v2\/pages\/8582","targetHints":{"allow":["GET"]}}],"collection":[{"href":"https:\/\/gambling6.com\/lt\/wp-json\/wp\/v2\/pages"}],"about":[{"href":"https:\/\/gambling6.com\/lt\/wp-json\/wp\/v2\/types\/page"}],"author":[{"embeddable":true,"href":"https:\/\/gambling6.com\/lt\/wp-json\/wp\/v2\/users\/1"}],"replies":[{"embeddable":true,"href":"https:\/\/gambling6.com\/lt\/wp-json\/wp\/v2\/comments?post=8582"}],"version-history":[{"count":1,"href":"https:\/\/gambling6.com\/lt\/wp-json\/wp\/v2\/pages\/8582\/revisions"}],"predecessor-version":[{"id":10465,"href":"https:\/\/gambling6.com\/lt\/wp-json\/wp\/v2\/pages\/8582\/revisions\/10465"}],"up":[{"embeddable":true,"href":"https:\/\/gambling6.com\/lt\/wp-json\/wp\/v2\/pages\/8316"}],"wp:featuredmedia":[{"embeddable":true,"href":"https:\/\/gambling6.com\/lt\/wp-json\/wp\/v2\/media\/8567"}],"wp:attachment":[{"href":"https:\/\/gambling6.com\/lt\/wp-json\/wp\/v2\/media?parent=8582"}],"curies":[{"name":"wp","href":"https:\/\/api.w.org\/{rel}","templated":true}]}}