{"id":8639,"date":"2025-11-07T21:56:35","date_gmt":"2025-11-07T21:56:35","guid":{"rendered":"https:\/\/gambling6.com\/zaisti-europos-pokerio-svetainese\/"},"modified":"2025-11-15T08:02:57","modified_gmt":"2025-11-15T08:02:57","slug":"zaisti-europos-pokerio-svetainese","status":"publish","type":"page","link":"https:\/\/gambling6.com\/lt\/poker\/zaisti-europos-pokerio-svetainese\/","title":{"rendered":"\u017daisti Europos pokerio svetain\u0117se"},"content":{"rendered":"<h2>Europos svetain\u0117se taip pat yra pokerio.<\/h2>\n<p>Per pastaruosius kelerius metus pokerio populiarumas pasiek\u0117 naujas auk\u0161tumas. Europos \u0161alys yra reik\u0161minga internetinio pokerio svetaini\u0173 rinka, o Amerikos vyriausyb\u0117s grie\u017etos priemon\u0117s azartiniams lo\u0161imams internete privert\u0117 operatorius sutelkti d\u0117mes\u012f \u012f Europos rink\u0105. Nors gyvas pokeris yra aistra tarp europie\u010di\u0173, internetinis pokeris greitai vejasi interneto i\u0161manan\u010dius \u017eaid\u0117jus. Tokios \u0161alys kaip JK, Austrija ir Vokietija netgi rengia tarptautinius pokerio turus ir turnyrus.<\/p>\n<p><img loading=\"lazy\" decoding=\"async\" class=\"size-full wp-image-3075 alignright\" src=\"https:\/\/gambling6.com\/wp-content\/uploads\/2022\/04\/poker_bonusode_test_bericht.png\" alt=\"Europos pokerio svetain\u0117s\" width=\"246\" height=\"200\" \/>Europos \u017eemyn\u0105 sudaro kelios \u0161alys, kurios yra Europos S\u0105jungos (ES) nar\u0117s. Internetinis pokeris yra palankiai vertinamas visoje Europos S\u0105jungoje \u2013 i\u0161 tikr\u0173j\u0173 internetin\u0117ms pokerio svetain\u0117ms nebuvo u\u017edrausta veikti Europos rinkose. Ta\u010diau kiekviena valstyb\u0117 nar\u0117 taiko savo \u012fstatymus d\u0117l internetini\u0173 lo\u0161im\u0173. Tod\u0117l internetinio pokerio teis\u0117tumo paai\u0161kinimas visoje Europoje yra gana sud\u0117tingas. Visos Europos S\u0105jungos valstyb\u0117s nar\u0117s privalo priimti paslaugas i\u0161 kit\u0173 valstybi\u0173 nari\u0173, ta\u010diau kiekviena \u0161alis gali laisvai spr\u0119sti d\u0117l internetini\u0173 lo\u0161im\u0173 teis\u0117tumo.<\/p>\n<p>Tod\u0117l kai kurios ES nar\u0117s u\u017edraud\u0117 internetinius lo\u0161imus, kelios juos legalizavo, o kitos laik\u0117si dviprasmi\u0161ko po\u017ei\u016brio. Nors lo\u0161ti internetu yra gerai, Europos internetinio pokerio \u017eaid\u0117jai turi elgtis atsargiai \u2013 prie\u0161 nuspr\u0119sdami \u017eaisti, rekomenduojama pasitikrinti vietin\u0119 politik\u0105, susijusi\u0105 su internetiniais lo\u0161imais. Nors internetinio pokerio svetaines apmokestina ir reguliuoja Europos S\u0105junga, atskir\u0173 valstybi\u0173 nari\u0173 \u012fstatymuose d\u0117l internetini\u0173 lo\u0161im\u0173 yra skirtum\u0173.<\/p>\n<h2>Geriausia internetinio pokerio svetain\u0117 Europos \u017eaid\u0117jams<\/h2>\n<p>Europos internetinio pokerio \u017eaid\u0117jai turi daug platesn\u012f pokerio svetaini\u0173 pasirinkim\u0105 nei JAV \u017eaid\u0117jai. I\u0161 minios i\u0161siskirianti svetain\u0117 yra \u201e888 Poker\u201c.<\/p>\n<p><span style=\"background-color: transparent;\"><strong>888 Poker<\/strong> yra \u017einomas vardas tarp Europos pokerio svetaini\u0173. Ir jie netgi suteikia naujiems \u017eaid\u0117jams <span style=\"font-size: medium;\"><strong>nemokam\u0105 20 \u20ac bankroll\u0105 \u2013 visi\u0161kai neriziking\u0105 tikr\u0173 pinig\u0173 pokerio prad\u017ei\u0105<\/strong><\/span>! Be to, j\u016bs turite teis\u0119 \u012f dar vien\u0105 300 \u20ac premij\u0105 u\u017e kit\u0105 \u012fmok\u0105. <\/span><a class=\"thirstylink\" title=\"888 poker en\" href=\"https:\/\/gambling6.com\/go\/888-poker-en\/\" target=\"_blank\" rel=\"nofollow noopener\"><strong>Spustel\u0117kite \u010dia, kad u\u017esiregistruotum\u0117te 888 ir prad\u0117tum\u0117te \u017eaisti su 20 \u20ac tikrais pinigais nemokamai.<\/strong><\/a><br \/>\n<a href=\"https:\/\/ic.aff-handler.com\/C\/46138?sr=1073333&amp;anid=\" rel=\"nofollow\"><img loading=\"lazy\" decoding=\"async\" class=\"aligncenter\" src=\"https:\/\/ic.aff-handler.com\/I\/46138?sr=1073333&amp;anid=\" width=\"530\" height=\"68\" \/><\/a><\/p>\n<p>Pavyzd\u017eiui, Jungtin\u0117 Karalyst\u0117 leid\u017eia savo pilie\u010diams lo\u0161ti internetu ir taip pat leid\u017eia u\u017esienio lo\u0161im\u0173 svetain\u0117ms veikti \u0161alyje. Nyderlandai leid\u017eia tik gyventojams \u017eaisti internetinio pokerio svetain\u0117se, turin\u010diose Nyderland\u0173 licencij\u0105. Kita vertus, Ryt\u0173 Europos \u0161alys nebuvo \u012fsitraukusios \u012f internetini\u0173 lo\u0161im\u0173 lenktynes, ta\u010diau pastaruoju metu, tur\u0117damos lengv\u0105 prieig\u0105 prie interneto, jos taip pat prisijung\u0117 prie \u0161ios kovos. Neseniai ES buvo pateiktas pasi\u016blymas, kuriame raginama sukurti vienod\u0105 internetini\u0173 lo\u0161im\u0173 reguliavimo sistem\u0105 visose valstyb\u0117se nar\u0117se. Tai pad\u0117t\u0173 standartizuoti licencijavimo proces\u0105 visoje Europoje ir j\u012f supaprastinti.<\/p>\n<p>Kalbant apie Europos pokerio svetaini\u0173 \u017eaid\u0117jus, jiems taikomi tik mokes\u010di\u0173 \u012fstatymai. \u017daid\u0117jai apmokestinami savo atitinkamose \u0161alyse ir ES, kai jie \u012fne\u0161a pinigus \u012f u\u017esienyje esan\u010di\u0105 internetinio pokerio svetain\u0119. Skirtingos Europos \u0161alys kalba kitomis kalbomis. Europos pokerio svetain\u0117s paprastai aptarnauja savo klientus vietine kalba. Ta\u010diau kai kurios did\u017eiosios pokerio svetain\u0117s \u0161iandien si\u016blo savo svetaines \u012fvairiomis kalbomis, nes j\u0173 pokerio programin\u0117 \u012franga palaiko kelias kalbas.<\/p>\n<p>Klient\u0173 aptarnavimas taip pat teikiamas \u012fvairiomis kalbomis. Be angl\u0173, pokerio svetain\u0117 gali pasi\u016blyti pranc\u016bz\u0173, ispan\u0173, vokie\u010di\u0173, oland\u0173, dan\u0173, ital\u0173, norveg\u0173, portugal\u0173 ir kt. kalbas. Kaip ir kalbant apie kalbas, Europos pokerio svetain\u0117s priima skirtingas valiutas. Nors pagrindin\u0117s valiutos yra JAV doleriai arba JK svarai sterling\u0173, euras yra bendra valiuta ES. Europos pokerio \u017eaid\u0117jai, atlikdami \u012fmokas internetin\u0117se pokerio svetain\u0117se, renkasi naudoti eurus arba JK svarus.<\/p>\n<p>Europos pokerio svetain\u0117s paprastai si\u016blo kelet\u0105 \u012fmok\u0173 ir i\u0161mok\u0173 b\u016bd\u0173, kad tikt\u0173 klientams i\u0161 \u012fvairi\u0173 Europos S\u0105jungos \u0161ali\u0173. Standartiniai mok\u0117jimo b\u016bdai internetin\u0117se pokerio svetain\u0117se apima debeto korteles, kredito korteles, elektronines pinigines, pavedimus, banko pavedimus ir elektroninius \u010dekius. Lengviausias ir populiariausias b\u016bdas papildyti internetinio pokerio s\u0105skait\u0105 yra kredito kortel\u0117. Ta\u010diau kai kurie kredito korteli\u0173 i\u0161dav\u0117jai gali nepatvirtinti internetini\u0173 lo\u0161im\u0173 operacij\u0173, tod\u0117l geriausia pasitikrinti prie\u0161 pasirenkant \u0161\u012f metod\u0105.<\/p>\n<p>Daugelis pokerio \u017eaid\u0117j\u0173 mano, kad patogu papildyti savo internetinio pokerio s\u0105skaitas naudojant elektronines pinigines. \u017daid\u0117jai gali atidaryti s\u0105skait\u0105 bet kurioje elektronini\u0173 pinigini\u0173 paslaugoje ir papildyti s\u0105skait\u0105 per savo bank\u0105. Elektronin\u0117 siena&#8230;ir \u201eet\u201c s\u0105skait\u0105, savo ruo\u017etu, galima naudoti \u012fmokoms \u012f pokerio s\u0105skait\u0105 atlikti. Populiarios Europos bendrovi\u0173 si\u016blomos elektronin\u0117s pinigin\u0117s yra \u201eNeteller\u201c, \u201eMoneybookers\u201c ir \u201ee-WalletXpress\u201c. \u017daid\u0117jas gali rinktis i\u0161 daugelio kit\u0173 elektronini\u0173 pinigini\u0173, priklausomai nuo j\u0173 tinkamumo.<\/p>\n","protected":false},"excerpt":{"rendered":"<p>Europos svetain\u0117se taip pat yra pokerio. Per pastaruosius kelerius metus pokerio populiarumas pasiek\u0117 naujas auk\u0161tumas. Europos \u0161alys yra reik\u0161minga internetinio pokerio svetaini\u0173 rinka, o Amerikos vyriausyb\u0117s grie\u017etos priemon\u0117s azartiniams lo\u0161imams internete privert\u0117 operatorius sutelkti d\u0117mes\u012f \u012f Europos rink\u0105. Nors gyvas pokeris yra aistra tarp europie\u010di\u0173, internetinis pokeris greitai vejasi interneto i\u0161manan\u010dius \u017eaid\u0117jus. Tokios \u0161alys kaip [&hellip;]<\/p>\n","protected":false},"author":1,"featured_media":0,"parent":8769,"menu_order":22,"comment_status":"closed","ping_status":"closed","template":"","meta":{"footnotes":""},"class_list":["post-8639","page","type-page","status-publish","hentry"],"yoast_head":"<!-- This site is optimized with the Yoast SEO plugin v27.3 - https:\/\/yoast.com\/product\/yoast-seo-wordpress\/ -->\n<title>Geriausios Europos pokerio svetain\u0117s<\/title>\n<meta name=\"description\" content=\"Europos pokerio \u017eaid\u0117jai gali rinktis i\u0161 daugyb\u0117s svetaini\u0173 \u2013 \u010dia yra m\u016bs\u0173 m\u0117gstamiausi ES pokerio kambariai\" \/>\n<meta name=\"robots\" content=\"index, follow, max-snippet:-1, max-image-preview:large, max-video-preview:-1\" \/>\n<link rel=\"canonical\" href=\"https:\/\/gambling6.com\/lt\/poker\/zaisti-europos-pokerio-svetainese\/\" \/>\n<meta property=\"og:locale\" content=\"lt_LT\" \/>\n<meta property=\"og:type\" content=\"article\" \/>\n<meta property=\"og:title\" content=\"Geriausios Europos pokerio svetain\u0117s\" \/>\n<meta property=\"og:description\" content=\"Europos pokerio \u017eaid\u0117jai gali rinktis i\u0161 daugyb\u0117s svetaini\u0173 \u2013 \u010dia yra m\u016bs\u0173 m\u0117gstamiausi ES pokerio kambariai\" \/>\n<meta property=\"og:url\" content=\"https:\/\/gambling6.com\/lt\/poker\/zaisti-europos-pokerio-svetainese\/\" \/>\n<meta property=\"og:site_name\" content=\"Gambling6\" \/>\n<meta property=\"article:modified_time\" content=\"2025-11-15T08:02:57+00:00\" \/>\n<meta property=\"og:image\" content=\"https:\/\/gambling6.com\/wp-content\/uploads\/2022\/04\/poker_bonusode_test_bericht.png\" \/>\n\t<meta property=\"og:image:width\" content=\"246\" \/>\n\t<meta property=\"og:image:height\" content=\"200\" \/>\n\t<meta property=\"og:image:type\" content=\"image\/png\" \/>\n<meta name=\"twitter:card\" content=\"summary_large_image\" \/>\n<meta name=\"twitter:label1\" content=\"Est. reading time\" \/>\n\t<meta name=\"twitter:data1\" content=\"4 minut\u0117s\" \/>\n<script type=\"application\/ld+json\" class=\"yoast-schema-graph\">{\"@context\":\"https:\\\/\\\/schema.org\",\"@graph\":[{\"@type\":\"WebPage\",\"@id\":\"https:\\\/\\\/gambling6.com\\\/lt\\\/poker\\\/zaisti-europos-pokerio-svetainese\\\/\",\"url\":\"https:\\\/\\\/gambling6.com\\\/lt\\\/poker\\\/zaisti-europos-pokerio-svetainese\\\/\",\"name\":\"Geriausios Europos pokerio svetain\u0117s\",\"isPartOf\":{\"@id\":\"https:\\\/\\\/gambling6.com\\\/lt\\\/#website\"},\"primaryImageOfPage\":{\"@id\":\"https:\\\/\\\/gambling6.com\\\/lt\\\/poker\\\/zaisti-europos-pokerio-svetainese\\\/#primaryimage\"},\"image\":{\"@id\":\"https:\\\/\\\/gambling6.com\\\/lt\\\/poker\\\/zaisti-europos-pokerio-svetainese\\\/#primaryimage\"},\"thumbnailUrl\":\"https:\\\/\\\/gambling6.com\\\/wp-content\\\/uploads\\\/2022\\\/04\\\/poker_bonusode_test_bericht.png\",\"datePublished\":\"2025-11-07T21:56:35+00:00\",\"dateModified\":\"2025-11-15T08:02:57+00:00\",\"description\":\"Europos pokerio \u017eaid\u0117jai gali rinktis i\u0161 daugyb\u0117s svetaini\u0173 \u2013 \u010dia yra m\u016bs\u0173 m\u0117gstamiausi ES pokerio kambariai\",\"breadcrumb\":{\"@id\":\"https:\\\/\\\/gambling6.com\\\/lt\\\/poker\\\/zaisti-europos-pokerio-svetainese\\\/#breadcrumb\"},\"inLanguage\":\"lt-LT\",\"potentialAction\":[{\"@type\":\"ReadAction\",\"target\":[\"https:\\\/\\\/gambling6.com\\\/lt\\\/poker\\\/zaisti-europos-pokerio-svetainese\\\/\"]}]},{\"@type\":\"ImageObject\",\"inLanguage\":\"lt-LT\",\"@id\":\"https:\\\/\\\/gambling6.com\\\/lt\\\/poker\\\/zaisti-europos-pokerio-svetainese\\\/#primaryimage\",\"url\":\"https:\\\/\\\/gambling6.com\\\/wp-content\\\/uploads\\\/2022\\\/04\\\/poker_bonusode_test_bericht.png\",\"contentUrl\":\"https:\\\/\\\/gambling6.com\\\/wp-content\\\/uploads\\\/2022\\\/04\\\/poker_bonusode_test_bericht.png\"},{\"@type\":\"BreadcrumbList\",\"@id\":\"https:\\\/\\\/gambling6.com\\\/lt\\\/poker\\\/zaisti-europos-pokerio-svetainese\\\/#breadcrumb\",\"itemListElement\":[{\"@type\":\"ListItem\",\"position\":1,\"name\":\"Home\",\"item\":\"https:\\\/\\\/gambling6.com\\\/lt\\\/home\\\/\"},{\"@type\":\"ListItem\",\"position\":2,\"name\":\"Poker\",\"item\":\"https:\\\/\\\/gambling6.com\\\/lt\\\/poker\\\/\"},{\"@type\":\"ListItem\",\"position\":3,\"name\":\"\u017daisti Europos pokerio svetain\u0117se\"}]},{\"@type\":\"WebSite\",\"@id\":\"https:\\\/\\\/gambling6.com\\\/lt\\\/#website\",\"url\":\"https:\\\/\\\/gambling6.com\\\/lt\\\/\",\"name\":\"Gambling6\",\"description\":\"\",\"potentialAction\":[{\"@type\":\"SearchAction\",\"target\":{\"@type\":\"EntryPoint\",\"urlTemplate\":\"https:\\\/\\\/gambling6.com\\\/lt\\\/?s={search_term_string}\"},\"query-input\":{\"@type\":\"PropertyValueSpecification\",\"valueRequired\":true,\"valueName\":\"search_term_string\"}}],\"inLanguage\":\"lt-LT\"}]}<\/script>\n<!-- \/ Yoast SEO plugin. -->","yoast_head_json":{"title":"Geriausios Europos pokerio svetain\u0117s","description":"Europos pokerio \u017eaid\u0117jai gali rinktis i\u0161 daugyb\u0117s svetaini\u0173 \u2013 \u010dia yra m\u016bs\u0173 m\u0117gstamiausi ES pokerio kambariai","robots":{"index":"index","follow":"follow","max-snippet":"max-snippet:-1","max-image-preview":"max-image-preview:large","max-video-preview":"max-video-preview:-1"},"canonical":"https:\/\/gambling6.com\/lt\/poker\/zaisti-europos-pokerio-svetainese\/","og_locale":"lt_LT","og_type":"article","og_title":"Geriausios Europos pokerio svetain\u0117s","og_description":"Europos pokerio \u017eaid\u0117jai gali rinktis i\u0161 daugyb\u0117s svetaini\u0173 \u2013 \u010dia yra m\u016bs\u0173 m\u0117gstamiausi ES pokerio kambariai","og_url":"https:\/\/gambling6.com\/lt\/poker\/zaisti-europos-pokerio-svetainese\/","og_site_name":"Gambling6","article_modified_time":"2025-11-15T08:02:57+00:00","og_image":[{"width":246,"height":200,"url":"https:\/\/gambling6.com\/wp-content\/uploads\/2022\/04\/poker_bonusode_test_bericht.png","type":"image\/png"}],"twitter_card":"summary_large_image","twitter_misc":{"Est. reading time":"4 minut\u0117s"},"schema":{"@context":"https:\/\/schema.org","@graph":[{"@type":"WebPage","@id":"https:\/\/gambling6.com\/lt\/poker\/zaisti-europos-pokerio-svetainese\/","url":"https:\/\/gambling6.com\/lt\/poker\/zaisti-europos-pokerio-svetainese\/","name":"Geriausios Europos pokerio svetain\u0117s","isPartOf":{"@id":"https:\/\/gambling6.com\/lt\/#website"},"primaryImageOfPage":{"@id":"https:\/\/gambling6.com\/lt\/poker\/zaisti-europos-pokerio-svetainese\/#primaryimage"},"image":{"@id":"https:\/\/gambling6.com\/lt\/poker\/zaisti-europos-pokerio-svetainese\/#primaryimage"},"thumbnailUrl":"https:\/\/gambling6.com\/wp-content\/uploads\/2022\/04\/poker_bonusode_test_bericht.png","datePublished":"2025-11-07T21:56:35+00:00","dateModified":"2025-11-15T08:02:57+00:00","description":"Europos pokerio \u017eaid\u0117jai gali rinktis i\u0161 daugyb\u0117s svetaini\u0173 \u2013 \u010dia yra m\u016bs\u0173 m\u0117gstamiausi ES pokerio kambariai","breadcrumb":{"@id":"https:\/\/gambling6.com\/lt\/poker\/zaisti-europos-pokerio-svetainese\/#breadcrumb"},"inLanguage":"lt-LT","potentialAction":[{"@type":"ReadAction","target":["https:\/\/gambling6.com\/lt\/poker\/zaisti-europos-pokerio-svetainese\/"]}]},{"@type":"ImageObject","inLanguage":"lt-LT","@id":"https:\/\/gambling6.com\/lt\/poker\/zaisti-europos-pokerio-svetainese\/#primaryimage","url":"https:\/\/gambling6.com\/wp-content\/uploads\/2022\/04\/poker_bonusode_test_bericht.png","contentUrl":"https:\/\/gambling6.com\/wp-content\/uploads\/2022\/04\/poker_bonusode_test_bericht.png"},{"@type":"BreadcrumbList","@id":"https:\/\/gambling6.com\/lt\/poker\/zaisti-europos-pokerio-svetainese\/#breadcrumb","itemListElement":[{"@type":"ListItem","position":1,"name":"Home","item":"https:\/\/gambling6.com\/lt\/home\/"},{"@type":"ListItem","position":2,"name":"Poker","item":"https:\/\/gambling6.com\/lt\/poker\/"},{"@type":"ListItem","position":3,"name":"\u017daisti Europos pokerio svetain\u0117se"}]},{"@type":"WebSite","@id":"https:\/\/gambling6.com\/lt\/#website","url":"https:\/\/gambling6.com\/lt\/","name":"Gambling6","description":"","potentialAction":[{"@type":"SearchAction","target":{"@type":"EntryPoint","urlTemplate":"https:\/\/gambling6.com\/lt\/?s={search_term_string}"},"query-input":{"@type":"PropertyValueSpecification","valueRequired":true,"valueName":"search_term_string"}}],"inLanguage":"lt-LT"}]}},"_links":{"self":[{"href":"https:\/\/gambling6.com\/lt\/wp-json\/wp\/v2\/pages\/8639","targetHints":{"allow":["GET"]}}],"collection":[{"href":"https:\/\/gambling6.com\/lt\/wp-json\/wp\/v2\/pages"}],"about":[{"href":"https:\/\/gambling6.com\/lt\/wp-json\/wp\/v2\/types\/page"}],"author":[{"embeddable":true,"href":"https:\/\/gambling6.com\/lt\/wp-json\/wp\/v2\/users\/1"}],"replies":[{"embeddable":true,"href":"https:\/\/gambling6.com\/lt\/wp-json\/wp\/v2\/comments?post=8639"}],"version-history":[{"count":2,"href":"https:\/\/gambling6.com\/lt\/wp-json\/wp\/v2\/pages\/8639\/revisions"}],"predecessor-version":[{"id":10832,"href":"https:\/\/gambling6.com\/lt\/wp-json\/wp\/v2\/pages\/8639\/revisions\/10832"}],"up":[{"embeddable":true,"href":"https:\/\/gambling6.com\/lt\/wp-json\/wp\/v2\/pages\/8769"}],"wp:attachment":[{"href":"https:\/\/gambling6.com\/lt\/wp-json\/wp\/v2\/media?parent=8639"}],"curies":[{"name":"wp","href":"https:\/\/api.w.org\/{rel}","templated":true}]}}