{"id":8714,"date":"2025-11-07T23:06:30","date_gmt":"2025-11-07T23:06:30","guid":{"rendered":"https:\/\/gambling6.com\/nutrinamos-korteles\/"},"modified":"2025-11-15T10:21:58","modified_gmt":"2025-11-15T10:21:58","slug":"nutrinamos-korteles","status":"publish","type":"page","link":"https:\/\/gambling6.com\/lt\/nutrinamos-korteles\/","title":{"rendered":"Nutrinamos kortel\u0117s"},"content":{"rendered":"<p>Jei m\u0117gstate momentini\u0173 loterij\u0173 ar kit\u0173 momentini\u0173 laim\u0117jim\u0173 \u017eaidim\u0173 teikiam\u0105 azart\u0105, <strong>jums patiks m\u016bs\u0173 svetain\u0117s rekomendacija \u017eaisti momentines loterijas internetu.<\/strong> Internete yra daugyb\u0117 momentini\u0173 loterij\u0173 variant\u0173. Visos \u0161ios svetain\u0117s si\u016blo registracijos premijas ir didel\u012f produkt\u0173 pasirinkim\u0105. Galite u\u017esiregistruoti, pasirinkti mok\u0117jimo b\u016bd\u0105, papildyti s\u0105skait\u0105 ir prad\u0117ti \u017eaisti per kelias minutes.<img loading=\"lazy\" decoding=\"async\" class=\" alignright wp-image-511\" style=\"margin: 10px; border: 5px solid #ffffff; float: right;\" src=\"http:\/\/gambling6.com\/wp-content\/uploads\/2013\/12\/best_online_scratchcards.jpg\" alt=\"geriausios internetin\u0117s momentin\u0117s loterijos\" width=\"299\" height=\"163\" srcset=\"https:\/\/gambling6.com\/wp-content\/uploads\/2013\/12\/best_online_scratchcards.jpg 446w, https:\/\/gambling6.com\/wp-content\/uploads\/2013\/12\/best_online_scratchcards-300x163.jpg 300w\" sizes=\"auto, (max-width: 299px) 100vw, 299px\" \/><\/p>\n<h2>Internetin\u0117s momentini\u0173 loterij\u0173 svetain\u0117s si\u016blo puiki\u0105 animacij\u0105<\/h2>\n<p>Skirtingai nuo \u017eaidim\u0173, kuriuos \u017eaid\u017eiate kortomis i\u0161 m\u0117gstamo loterij\u0173 ma\u017emenininko, internetin\u0117s momentini\u0173 loterij\u0173 versijos si\u016blo \u012fdomi\u0105 animacij\u0105, kuri sukuria smagi\u0105 aplink\u0105. Laim\u0117jimo jaudulys ir adrenalino antpl\u016bdis, kur\u012f patiriame matydami laim\u0117tus daiktus ekrane, yra tai, kas skatina \u017eaid\u0117jus gr\u012f\u017eti \u012f internetines momentini\u0173 loterij\u0173 svetaines. \u0160iose svetain\u0117se prid\u0117tos vaizdin\u0117s priemon\u0117s, siekiant padidinti \u012ftamp\u0105 ir jaudul\u012f.<\/p>\n<h2>888 Casino momentini\u0173 laim\u0117jim\u0173 momentin\u0117s loterijos skirtos Europos ir JK \u017eaid\u0117jams<\/h2>\n<p>888 Casino tarptautiniu mastu gerai \u017einomas kaip pasaulinio lygio kazino, ta\u010diau jis taip pat yra j\u0117ga, su kuria reikia skaitytis internetini\u0173 momentini\u0173 loterij\u0173 srityje. <a class=\"thirstylink\" title=\"888 casino en\" href=\"https:\/\/gambling6.com\/go\/888-casino-en\/\" target=\"_blank\" rel=\"nofollow noopener\">Momentini\u0173 loterij\u0173 skyri\u0173 galite aplankyti spustel\u0117dami \u010dia.<\/a><\/p>\n<p>K\u0105 tiksliai pamatysite 888 Casino internetiniuose momentini\u0173 loterij\u0173 \u017eaidimuose? Svarbiausia, kad \u017eaid\u0117jams patiks si\u016blom\u0173 korteli\u0173 skai\u010dius. Galite \u017eaisti daugiau nei 40 skirting\u0173 \u017eaidim\u0173, o jei pavargsite \u017eaisti momentines loterijas, galite greitai pereiti prie \u0161imt\u0173 internetini\u0173 lo\u0161imo automat\u0173 su progresyviais kaupiamaisiais prizais ir \u017eaidim\u0173 asortimentu visiems \u017eaid\u0117jams. Daugelis \u0161i\u0173 automat\u0173 prasideda kaip lo\u0161imo automatai su centais ir fantasti\u0161kais i\u0161mok\u0117jimais.<\/p>\n<p>\u0160i svetain\u0117 si\u016blo plat\u0173 kazino \u017eaidim\u0173 pasirinkim\u0105, taip pat poker\u012f ir sporto la\u017eybas.<\/p>\n<p>\u201e888 Casino\u201c jaudul\u012f skatina palaikymo komanda, kuri yra atsakinga u\u017e aplinkos, kurioje j\u016bs nuolat sugr\u012f\u017etate, k\u016brim\u0105. Jie visada sugalvoja nauj\u0173 b\u016bd\u0173, kaip pasi\u016blyti jums nauj\u0173 \u017eaidim\u0173 ir nauj\u0173 b\u016bd\u0173 laim\u0117ti, ir informuoja jus apie kiekvien\u0105 \u017eingsn\u012f.<\/p>\n<p>Sujunkite did\u017eiulius kaupiamuosius prizus su daugybe \u017eaidim\u0173 ir prid\u0117kite pasaulinio lygio komand\u0105, dirban\u010di\u0105 dien\u0105 nakt\u012f, kad pateikt\u0173 jums naujas programas, kurios jus linksmint\u0173, ir gausite nuostab\u0173 momentini\u0173 loterij\u0173 palaimos mi\u0161in\u012f. B\u016btinai \u012fsitraukite \u012f momentini\u0173 loterij\u0173 veiksm\u0105 \u201e888 Casino\u201c.<\/p>\n","protected":false},"excerpt":{"rendered":"<p>Jei m\u0117gstate momentini\u0173 loterij\u0173 ar kit\u0173 momentini\u0173 laim\u0117jim\u0173 \u017eaidim\u0173 teikiam\u0105 azart\u0105, jums patiks m\u016bs\u0173 svetain\u0117s rekomendacija \u017eaisti momentines loterijas internetu. Internete yra daugyb\u0117 momentini\u0173 loterij\u0173 variant\u0173. Visos \u0161ios svetain\u0117s si\u016blo registracijos premijas ir didel\u012f produkt\u0173 pasirinkim\u0105. Galite u\u017esiregistruoti, pasirinkti mok\u0117jimo b\u016bd\u0105, papildyti s\u0105skait\u0105 ir prad\u0117ti \u017eaisti per kelias minutes. Internetin\u0117s momentini\u0173 loterij\u0173 svetain\u0117s si\u016blo puiki\u0105 [&hellip;]<\/p>\n","protected":false},"author":1,"featured_media":8688,"parent":0,"menu_order":7,"comment_status":"closed","ping_status":"closed","template":"","meta":{"footnotes":""},"class_list":["post-8714","page","type-page","status-publish","has-post-thumbnail","hentry"],"yoast_head":"<!-- This site is optimized with the Yoast SEO plugin v27.4 - https:\/\/yoast.com\/product\/yoast-seo-wordpress\/ -->\n<title>Kurios yra geriausios internetini\u0173 momentini\u0173 loterij\u0173 svetain\u0117s?<\/title>\n<meta name=\"description\" content=\"Prad\u0117kite \u017eaisti geriausioje internetini\u0173 momentini\u0173 loterij\u0173 svetain\u0117je. De\u0161imtys momentini\u0173 loterij\u0173 biliet\u0173 su pla\u010diu priz\u0173 diapazonu.\" \/>\n<meta name=\"robots\" content=\"index, follow, max-snippet:-1, max-image-preview:large, max-video-preview:-1\" \/>\n<link rel=\"canonical\" href=\"https:\/\/gambling6.com\/lt\/nutrinamos-korteles\/\" \/>\n<meta property=\"og:locale\" content=\"lt_LT\" \/>\n<meta property=\"og:type\" content=\"article\" \/>\n<meta property=\"og:title\" content=\"Kurios yra geriausios internetini\u0173 momentini\u0173 loterij\u0173 svetain\u0117s?\" \/>\n<meta property=\"og:description\" content=\"Prad\u0117kite \u017eaisti geriausioje internetini\u0173 momentini\u0173 loterij\u0173 svetain\u0117je. De\u0161imtys momentini\u0173 loterij\u0173 biliet\u0173 su pla\u010diu priz\u0173 diapazonu.\" \/>\n<meta property=\"og:url\" content=\"https:\/\/gambling6.com\/lt\/nutrinamos-korteles\/\" \/>\n<meta property=\"og:site_name\" content=\"Gambling6\" \/>\n<meta property=\"article:modified_time\" content=\"2025-11-15T10:21:58+00:00\" \/>\n<meta property=\"og:image\" content=\"https:\/\/gambling6.com\/wp-content\/uploads\/2013\/12\/best_online_scratchcards.jpg\" \/>\n\t<meta property=\"og:image:width\" content=\"446\" \/>\n\t<meta property=\"og:image:height\" content=\"243\" \/>\n\t<meta property=\"og:image:type\" content=\"image\/jpeg\" \/>\n<meta name=\"twitter:card\" content=\"summary_large_image\" \/>\n<meta name=\"twitter:label1\" content=\"Est. reading time\" \/>\n\t<meta name=\"twitter:data1\" content=\"2 minut\u0117s\" \/>\n<script type=\"application\/ld+json\" class=\"yoast-schema-graph\">{\"@context\":\"https:\\\/\\\/schema.org\",\"@graph\":[{\"@type\":\"WebPage\",\"@id\":\"https:\\\/\\\/gambling6.com\\\/lt\\\/nutrinamos-korteles\\\/\",\"url\":\"https:\\\/\\\/gambling6.com\\\/lt\\\/nutrinamos-korteles\\\/\",\"name\":\"Kurios yra geriausios internetini\u0173 momentini\u0173 loterij\u0173 svetain\u0117s?\",\"isPartOf\":{\"@id\":\"https:\\\/\\\/gambling6.com\\\/lt\\\/#website\"},\"primaryImageOfPage\":{\"@id\":\"https:\\\/\\\/gambling6.com\\\/lt\\\/nutrinamos-korteles\\\/#primaryimage\"},\"image\":{\"@id\":\"https:\\\/\\\/gambling6.com\\\/lt\\\/nutrinamos-korteles\\\/#primaryimage\"},\"thumbnailUrl\":\"https:\\\/\\\/gambling6.com\\\/wp-content\\\/uploads\\\/2013\\\/12\\\/best_online_scratchcards.jpg\",\"datePublished\":\"2025-11-07T23:06:30+00:00\",\"dateModified\":\"2025-11-15T10:21:58+00:00\",\"description\":\"Prad\u0117kite \u017eaisti geriausioje internetini\u0173 momentini\u0173 loterij\u0173 svetain\u0117je. De\u0161imtys momentini\u0173 loterij\u0173 biliet\u0173 su pla\u010diu priz\u0173 diapazonu.\",\"breadcrumb\":{\"@id\":\"https:\\\/\\\/gambling6.com\\\/lt\\\/nutrinamos-korteles\\\/#breadcrumb\"},\"inLanguage\":\"lt-LT\",\"potentialAction\":[{\"@type\":\"ReadAction\",\"target\":[\"https:\\\/\\\/gambling6.com\\\/lt\\\/nutrinamos-korteles\\\/\"]}]},{\"@type\":\"ImageObject\",\"inLanguage\":\"lt-LT\",\"@id\":\"https:\\\/\\\/gambling6.com\\\/lt\\\/nutrinamos-korteles\\\/#primaryimage\",\"url\":\"https:\\\/\\\/gambling6.com\\\/wp-content\\\/uploads\\\/2013\\\/12\\\/best_online_scratchcards.jpg\",\"contentUrl\":\"https:\\\/\\\/gambling6.com\\\/wp-content\\\/uploads\\\/2013\\\/12\\\/best_online_scratchcards.jpg\",\"width\":446,\"height\":243},{\"@type\":\"BreadcrumbList\",\"@id\":\"https:\\\/\\\/gambling6.com\\\/lt\\\/nutrinamos-korteles\\\/#breadcrumb\",\"itemListElement\":[{\"@type\":\"ListItem\",\"position\":1,\"name\":\"Home\",\"item\":\"https:\\\/\\\/gambling6.com\\\/lt\\\/home\\\/\"},{\"@type\":\"ListItem\",\"position\":2,\"name\":\"Nutrinamos kortel\u0117s\"}]},{\"@type\":\"WebSite\",\"@id\":\"https:\\\/\\\/gambling6.com\\\/lt\\\/#website\",\"url\":\"https:\\\/\\\/gambling6.com\\\/lt\\\/\",\"name\":\"Gambling6\",\"description\":\"\",\"potentialAction\":[{\"@type\":\"SearchAction\",\"target\":{\"@type\":\"EntryPoint\",\"urlTemplate\":\"https:\\\/\\\/gambling6.com\\\/lt\\\/?s={search_term_string}\"},\"query-input\":{\"@type\":\"PropertyValueSpecification\",\"valueRequired\":true,\"valueName\":\"search_term_string\"}}],\"inLanguage\":\"lt-LT\"}]}<\/script>\n<!-- \/ Yoast SEO plugin. -->","yoast_head_json":{"title":"Kurios yra geriausios internetini\u0173 momentini\u0173 loterij\u0173 svetain\u0117s?","description":"Prad\u0117kite \u017eaisti geriausioje internetini\u0173 momentini\u0173 loterij\u0173 svetain\u0117je. De\u0161imtys momentini\u0173 loterij\u0173 biliet\u0173 su pla\u010diu priz\u0173 diapazonu.","robots":{"index":"index","follow":"follow","max-snippet":"max-snippet:-1","max-image-preview":"max-image-preview:large","max-video-preview":"max-video-preview:-1"},"canonical":"https:\/\/gambling6.com\/lt\/nutrinamos-korteles\/","og_locale":"lt_LT","og_type":"article","og_title":"Kurios yra geriausios internetini\u0173 momentini\u0173 loterij\u0173 svetain\u0117s?","og_description":"Prad\u0117kite \u017eaisti geriausioje internetini\u0173 momentini\u0173 loterij\u0173 svetain\u0117je. De\u0161imtys momentini\u0173 loterij\u0173 biliet\u0173 su pla\u010diu priz\u0173 diapazonu.","og_url":"https:\/\/gambling6.com\/lt\/nutrinamos-korteles\/","og_site_name":"Gambling6","article_modified_time":"2025-11-15T10:21:58+00:00","og_image":[{"width":446,"height":243,"url":"https:\/\/gambling6.com\/wp-content\/uploads\/2013\/12\/best_online_scratchcards.jpg","type":"image\/jpeg"}],"twitter_card":"summary_large_image","twitter_misc":{"Est. reading time":"2 minut\u0117s"},"schema":{"@context":"https:\/\/schema.org","@graph":[{"@type":"WebPage","@id":"https:\/\/gambling6.com\/lt\/nutrinamos-korteles\/","url":"https:\/\/gambling6.com\/lt\/nutrinamos-korteles\/","name":"Kurios yra geriausios internetini\u0173 momentini\u0173 loterij\u0173 svetain\u0117s?","isPartOf":{"@id":"https:\/\/gambling6.com\/lt\/#website"},"primaryImageOfPage":{"@id":"https:\/\/gambling6.com\/lt\/nutrinamos-korteles\/#primaryimage"},"image":{"@id":"https:\/\/gambling6.com\/lt\/nutrinamos-korteles\/#primaryimage"},"thumbnailUrl":"https:\/\/gambling6.com\/wp-content\/uploads\/2013\/12\/best_online_scratchcards.jpg","datePublished":"2025-11-07T23:06:30+00:00","dateModified":"2025-11-15T10:21:58+00:00","description":"Prad\u0117kite \u017eaisti geriausioje internetini\u0173 momentini\u0173 loterij\u0173 svetain\u0117je. De\u0161imtys momentini\u0173 loterij\u0173 biliet\u0173 su pla\u010diu priz\u0173 diapazonu.","breadcrumb":{"@id":"https:\/\/gambling6.com\/lt\/nutrinamos-korteles\/#breadcrumb"},"inLanguage":"lt-LT","potentialAction":[{"@type":"ReadAction","target":["https:\/\/gambling6.com\/lt\/nutrinamos-korteles\/"]}]},{"@type":"ImageObject","inLanguage":"lt-LT","@id":"https:\/\/gambling6.com\/lt\/nutrinamos-korteles\/#primaryimage","url":"https:\/\/gambling6.com\/wp-content\/uploads\/2013\/12\/best_online_scratchcards.jpg","contentUrl":"https:\/\/gambling6.com\/wp-content\/uploads\/2013\/12\/best_online_scratchcards.jpg","width":446,"height":243},{"@type":"BreadcrumbList","@id":"https:\/\/gambling6.com\/lt\/nutrinamos-korteles\/#breadcrumb","itemListElement":[{"@type":"ListItem","position":1,"name":"Home","item":"https:\/\/gambling6.com\/lt\/home\/"},{"@type":"ListItem","position":2,"name":"Nutrinamos kortel\u0117s"}]},{"@type":"WebSite","@id":"https:\/\/gambling6.com\/lt\/#website","url":"https:\/\/gambling6.com\/lt\/","name":"Gambling6","description":"","potentialAction":[{"@type":"SearchAction","target":{"@type":"EntryPoint","urlTemplate":"https:\/\/gambling6.com\/lt\/?s={search_term_string}"},"query-input":{"@type":"PropertyValueSpecification","valueRequired":true,"valueName":"search_term_string"}}],"inLanguage":"lt-LT"}]}},"_links":{"self":[{"href":"https:\/\/gambling6.com\/lt\/wp-json\/wp\/v2\/pages\/8714","targetHints":{"allow":["GET"]}}],"collection":[{"href":"https:\/\/gambling6.com\/lt\/wp-json\/wp\/v2\/pages"}],"about":[{"href":"https:\/\/gambling6.com\/lt\/wp-json\/wp\/v2\/types\/page"}],"author":[{"embeddable":true,"href":"https:\/\/gambling6.com\/lt\/wp-json\/wp\/v2\/users\/1"}],"replies":[{"embeddable":true,"href":"https:\/\/gambling6.com\/lt\/wp-json\/wp\/v2\/comments?post=8714"}],"version-history":[{"count":1,"href":"https:\/\/gambling6.com\/lt\/wp-json\/wp\/v2\/pages\/8714\/revisions"}],"predecessor-version":[{"id":10924,"href":"https:\/\/gambling6.com\/lt\/wp-json\/wp\/v2\/pages\/8714\/revisions\/10924"}],"wp:featuredmedia":[{"embeddable":true,"href":"https:\/\/gambling6.com\/lt\/wp-json\/wp\/v2\/media\/8688"}],"wp:attachment":[{"href":"https:\/\/gambling6.com\/lt\/wp-json\/wp\/v2\/media?parent=8714"}],"curies":[{"name":"wp","href":"https:\/\/api.w.org\/{rel}","templated":true}]}}