{"id":8769,"date":"2025-11-07T23:55:36","date_gmt":"2025-11-07T23:55:36","guid":{"rendered":"https:\/\/gambling6.com\/poker\/"},"modified":"2025-11-12T11:21:14","modified_gmt":"2025-11-12T11:21:14","slug":"poker","status":"publish","type":"page","link":"https:\/\/gambling6.com\/lt\/poker\/","title":{"rendered":"Poker"},"content":{"rendered":"<h2 style=\"text-align: left;\"><img loading=\"lazy\" decoding=\"async\" class=\" wp-image-3009 alignright\" src=\"https:\/\/gambling6.com\/wp-content\/uploads\/2022\/04\/pokertournament-300x209.jpg\" alt=\"prad\u0117ti poker\u012f\" width=\"266\" height=\"185\" srcset=\"https:\/\/gambling6.com\/wp-content\/uploads\/2022\/04\/pokertournament-300x209.jpg 300w, https:\/\/gambling6.com\/wp-content\/uploads\/2022\/04\/pokertournament.jpg 415w\" sizes=\"auto, (max-width: 266px) 100vw, 266px\" \/>Prad\u0117kite \u017eaisti internetin\u012f poker\u012f<\/h2>\n<p>Jei norite prad\u0117ti \u017eaisti internetin\u012f poker\u012f, turite \u017einoti kelet\u0105 dalyk\u0173. Pokeris yra \u012fg\u016bd\u017ei\u0173 \u017eaidimas. Nesakome, kad jame n\u0117ra s\u0117km\u0117s \u2013 i\u0161 tikr\u0173j\u0173 ji yra \u2013 bet tiesa ta, kad jei norite u\u017esidirbti pinig\u0173, tikrai yra mokymosi kreiv\u0117.<\/p>\n<h2>5 auksin\u0117s taisykl\u0117s pradedant \u017eaisti poker\u012f internete<\/h2>\n<ol>\n<li>I\u0161mintingai rinkit\u0117s pokerio kambar\u012f \u2013 prie\u0161 pasirinkdami svetain\u0119, kurioje \u017eaisite, perskaitykite m\u016bs\u0173 ap\u017evalgas<\/li>\n<li>Prad\u0117kite nuo \u017eaidimini\u0173 pinig\u0173, kad susipa\u017eintum\u0117te su taisykl\u0117mis ir pa\u010diu \u017eaidimu, o tada prad\u0117kite nuo \u017eemiausio tikr\u0173 pinig\u0173 lygio<\/li>\n<li>Skirkite daug laiko skaitydami apie pokerio strategij\u0105. \u017dinokite, kurios pradin\u0117s rankos yra geros kiekvienoje situacijoje ir kaip jas \u017eaisti kurioje pozicijoje prie stalo. \u201eTvirtas yra teisingas\u201c \u2013 geriausias patarimas pradedantiesiems, o j\u016bs\u0173 santykin\u0117 pozicija yra labai svarbi j\u016bs\u0173 sprendimams.<\/li>\n<li>Pasinaudokite geru premijos pasi\u016blymu pirmajam \u012fna\u0161ui arba netgi pasinaudokite nemokamo banko s\u0105skaitos pasi\u016blymu, pavyzd\u017eiui, \u201e888 Poker\u201c. Jie nemokamai suteiks jums 20,00 \u20ac (arba GBP, priklausomai nuo to, kur gyvenate) vien u\u017e registracij\u0105! Be to, \u012fne\u0161\u0119 pinig\u0173, vis tiek gausite 100 % ir iki 300,00 \u20ac arba GBP premij\u0105. <a class=\"thirstylink\" title=\"888 poker en\" href=\"https:\/\/gambling6.com\/go\/888-poker-en\/\" target=\"_blank\" rel=\"nofollow noopener\"><span style=\"text-decoration: underline;\"><strong>Spustel\u0117kite \u010dia, kad<\/strong><\/span><span style=\"text-decoration: underline;\"><strong>eitum\u0117te<\/strong><\/span><span style=\"text-decoration: underline;\"><strong>\u012f<\/strong><\/span><span style=\"text-decoration: underline;\"><strong>8<\/strong><\/span><span style=\"text-decoration: underline;\"><strong>88 Poker dabar.<\/strong><\/span><\/a><\/li>\n<li>Atid\u017eiai valdykite savo bankroll\u0105. Tur\u0117kite bent 100 kart\u0173, o geriau 200 kart\u0173 didesn\u0119 sum\u0105 nei minimali statymo suma, skirta j\u016bs\u0173 \u017eaid\u017eiamam lygiui.<\/li>\n<\/ol>\n<p><a href=\"https:\/\/ic.aff-handler.com\/C\/46138?sr=1073333&amp;anid=\" rel=\"nofollow\"><img loading=\"lazy\" decoding=\"async\" class=\"aligncenter\" src=\"https:\/\/ic.aff-handler.com\/I\/46138?sr=1073333&amp;anid=\" width=\"563\" height=\"72\" \/><\/a><\/p>\n<h2>Geriausios svetain\u0117s, skirtos \u017eaisti internetin\u012f poker\u012f pradedantiesiems<\/h2>\n<p>Na, viena svetain\u0117, kuri\u0105 jau min\u0117jome. Tai \u201e888 Poker\u201c, kur 20 \u20ac nemokamo bankrollo akcija leid\u017eia jums \u017eaisti su tikrais pinigais i\u0161 karto, nereikia \u012fne\u0161ti depozito. V\u0117liau, \u012fne\u0161\u0119 savo pinig\u0173, gausite dar vien\u0105 premij\u0105, kuri padvigubins j\u016bs\u0173 pinigus. Ta\u010diau \u0161is tiek\u0117jas nepriima \u017eaid\u0117j\u0173 i\u0161 JAV.<\/p>\n<h2>Geriausios svetain\u0117s JAV pokerio \u017eaid\u0117jams<\/h2>\n<p>D\u0117l teisini\u0173 apribojim\u0173 JAV neturite tiek daug pasirinkim\u0173. Dauguma operatori\u0173 pasitrauk\u0117 i\u0161 JAV rinkos, o reguliuojama internetini\u0173 lo\u0161im\u0173 rinka JAV vis dar yra ateities reikalas \u2013 bent jau daugumoje valstij\u0173.<\/p>\n<p>Nepaisant to, \u0161iuo metu geriausias pasirinkimas b\u016bt\u0173 \u201eBetOnline Poker\u201c. <a class=\"thirstylink\" title=\"Betonline poker en\" href=\"https:\/\/gambling6.com\/go\/betonline-poker-en\/\" target=\"_blank\" rel=\"nofollow noopener\">Spustel\u0117kite \u0161i\u0105 nuorod\u0105, kad apsilankytum\u0117te j\u0173 svetain\u0117je<\/a>, kurioje galite \u017eaisti poker\u012f ir \u012fvairius kazino \u017eaidimus.<\/p>\n","protected":false},"excerpt":{"rendered":"<p>Prad\u0117kite \u017eaisti internetin\u012f poker\u012f Jei norite prad\u0117ti \u017eaisti internetin\u012f poker\u012f, turite \u017einoti kelet\u0105 dalyk\u0173. Pokeris yra \u012fg\u016bd\u017ei\u0173 \u017eaidimas. Nesakome, kad jame n\u0117ra s\u0117km\u0117s \u2013 i\u0161 tikr\u0173j\u0173 ji yra \u2013 bet tiesa ta, kad jei norite u\u017esidirbti pinig\u0173, tikrai yra mokymosi kreiv\u0117. 5 auksin\u0117s taisykl\u0117s pradedant \u017eaisti poker\u012f internete I\u0161mintingai rinkit\u0117s pokerio kambar\u012f \u2013 prie\u0161 pasirinkdami [&hellip;]<\/p>\n","protected":false},"author":1,"featured_media":0,"parent":0,"menu_order":5,"comment_status":"closed","ping_status":"closed","template":"","meta":{"footnotes":""},"class_list":["post-8769","page","type-page","status-publish","hentry"],"yoast_head":"<!-- This site is optimized with the Yoast SEO plugin v27.4 - https:\/\/yoast.com\/product\/yoast-seo-wordpress\/ -->\n<title>Geriausios vietos prad\u0117ti \u017eaisti poker\u012f internete?<\/title>\n<meta name=\"description\" content=\"Geriausios internetinio pokerio vietos, 5 auksin\u0117s taisykl\u0117s prad\u017eiai\" \/>\n<meta name=\"robots\" content=\"index, follow, max-snippet:-1, max-image-preview:large, max-video-preview:-1\" \/>\n<link rel=\"canonical\" href=\"https:\/\/gambling6.com\/lt\/poker\/\" \/>\n<meta property=\"og:locale\" content=\"lt_LT\" \/>\n<meta property=\"og:type\" content=\"article\" \/>\n<meta property=\"og:title\" content=\"Geriausios vietos prad\u0117ti \u017eaisti poker\u012f internete?\" \/>\n<meta property=\"og:description\" content=\"Geriausios internetinio pokerio vietos, 5 auksin\u0117s taisykl\u0117s prad\u017eiai\" \/>\n<meta property=\"og:url\" content=\"https:\/\/gambling6.com\/lt\/poker\/\" \/>\n<meta property=\"og:site_name\" content=\"Gambling6\" \/>\n<meta property=\"article:modified_time\" content=\"2025-11-12T11:21:14+00:00\" \/>\n<meta property=\"og:image\" content=\"https:\/\/gambling6.com\/wp-content\/uploads\/2022\/04\/pokertournament.jpg\" \/>\n\t<meta property=\"og:image:width\" content=\"415\" \/>\n\t<meta property=\"og:image:height\" content=\"289\" \/>\n\t<meta property=\"og:image:type\" content=\"image\/jpeg\" \/>\n<meta name=\"twitter:card\" content=\"summary_large_image\" \/>\n<meta name=\"twitter:label1\" content=\"Est. reading time\" \/>\n\t<meta name=\"twitter:data1\" content=\"2 minut\u0117s\" \/>\n<script type=\"application\/ld+json\" class=\"yoast-schema-graph\">{\"@context\":\"https:\\\/\\\/schema.org\",\"@graph\":[{\"@type\":\"WebPage\",\"@id\":\"https:\\\/\\\/gambling6.com\\\/lt\\\/poker\\\/\",\"url\":\"https:\\\/\\\/gambling6.com\\\/lt\\\/poker\\\/\",\"name\":\"Geriausios vietos prad\u0117ti \u017eaisti poker\u012f internete?\",\"isPartOf\":{\"@id\":\"https:\\\/\\\/gambling6.com\\\/lt\\\/#website\"},\"primaryImageOfPage\":{\"@id\":\"https:\\\/\\\/gambling6.com\\\/lt\\\/poker\\\/#primaryimage\"},\"image\":{\"@id\":\"https:\\\/\\\/gambling6.com\\\/lt\\\/poker\\\/#primaryimage\"},\"thumbnailUrl\":\"https:\\\/\\\/gambling6.com\\\/wp-content\\\/uploads\\\/2022\\\/04\\\/pokertournament-300x209.jpg\",\"datePublished\":\"2025-11-07T23:55:36+00:00\",\"dateModified\":\"2025-11-12T11:21:14+00:00\",\"description\":\"Geriausios internetinio pokerio vietos, 5 auksin\u0117s taisykl\u0117s prad\u017eiai\",\"breadcrumb\":{\"@id\":\"https:\\\/\\\/gambling6.com\\\/lt\\\/poker\\\/#breadcrumb\"},\"inLanguage\":\"lt-LT\",\"potentialAction\":[{\"@type\":\"ReadAction\",\"target\":[\"https:\\\/\\\/gambling6.com\\\/lt\\\/poker\\\/\"]}]},{\"@type\":\"ImageObject\",\"inLanguage\":\"lt-LT\",\"@id\":\"https:\\\/\\\/gambling6.com\\\/lt\\\/poker\\\/#primaryimage\",\"url\":\"https:\\\/\\\/gambling6.com\\\/wp-content\\\/uploads\\\/2022\\\/04\\\/pokertournament-300x209.jpg\",\"contentUrl\":\"https:\\\/\\\/gambling6.com\\\/wp-content\\\/uploads\\\/2022\\\/04\\\/pokertournament-300x209.jpg\"},{\"@type\":\"BreadcrumbList\",\"@id\":\"https:\\\/\\\/gambling6.com\\\/lt\\\/poker\\\/#breadcrumb\",\"itemListElement\":[{\"@type\":\"ListItem\",\"position\":1,\"name\":\"Home\",\"item\":\"https:\\\/\\\/gambling6.com\\\/lt\\\/home\\\/\"},{\"@type\":\"ListItem\",\"position\":2,\"name\":\"Poker\"}]},{\"@type\":\"WebSite\",\"@id\":\"https:\\\/\\\/gambling6.com\\\/lt\\\/#website\",\"url\":\"https:\\\/\\\/gambling6.com\\\/lt\\\/\",\"name\":\"Gambling6\",\"description\":\"\",\"potentialAction\":[{\"@type\":\"SearchAction\",\"target\":{\"@type\":\"EntryPoint\",\"urlTemplate\":\"https:\\\/\\\/gambling6.com\\\/lt\\\/?s={search_term_string}\"},\"query-input\":{\"@type\":\"PropertyValueSpecification\",\"valueRequired\":true,\"valueName\":\"search_term_string\"}}],\"inLanguage\":\"lt-LT\"}]}<\/script>\n<!-- \/ Yoast SEO plugin. -->","yoast_head_json":{"title":"Geriausios vietos prad\u0117ti \u017eaisti poker\u012f internete?","description":"Geriausios internetinio pokerio vietos, 5 auksin\u0117s taisykl\u0117s prad\u017eiai","robots":{"index":"index","follow":"follow","max-snippet":"max-snippet:-1","max-image-preview":"max-image-preview:large","max-video-preview":"max-video-preview:-1"},"canonical":"https:\/\/gambling6.com\/lt\/poker\/","og_locale":"lt_LT","og_type":"article","og_title":"Geriausios vietos prad\u0117ti \u017eaisti poker\u012f internete?","og_description":"Geriausios internetinio pokerio vietos, 5 auksin\u0117s taisykl\u0117s prad\u017eiai","og_url":"https:\/\/gambling6.com\/lt\/poker\/","og_site_name":"Gambling6","article_modified_time":"2025-11-12T11:21:14+00:00","og_image":[{"width":415,"height":289,"url":"https:\/\/gambling6.com\/wp-content\/uploads\/2022\/04\/pokertournament.jpg","type":"image\/jpeg"}],"twitter_card":"summary_large_image","twitter_misc":{"Est. reading time":"2 minut\u0117s"},"schema":{"@context":"https:\/\/schema.org","@graph":[{"@type":"WebPage","@id":"https:\/\/gambling6.com\/lt\/poker\/","url":"https:\/\/gambling6.com\/lt\/poker\/","name":"Geriausios vietos prad\u0117ti \u017eaisti poker\u012f internete?","isPartOf":{"@id":"https:\/\/gambling6.com\/lt\/#website"},"primaryImageOfPage":{"@id":"https:\/\/gambling6.com\/lt\/poker\/#primaryimage"},"image":{"@id":"https:\/\/gambling6.com\/lt\/poker\/#primaryimage"},"thumbnailUrl":"https:\/\/gambling6.com\/wp-content\/uploads\/2022\/04\/pokertournament-300x209.jpg","datePublished":"2025-11-07T23:55:36+00:00","dateModified":"2025-11-12T11:21:14+00:00","description":"Geriausios internetinio pokerio vietos, 5 auksin\u0117s taisykl\u0117s prad\u017eiai","breadcrumb":{"@id":"https:\/\/gambling6.com\/lt\/poker\/#breadcrumb"},"inLanguage":"lt-LT","potentialAction":[{"@type":"ReadAction","target":["https:\/\/gambling6.com\/lt\/poker\/"]}]},{"@type":"ImageObject","inLanguage":"lt-LT","@id":"https:\/\/gambling6.com\/lt\/poker\/#primaryimage","url":"https:\/\/gambling6.com\/wp-content\/uploads\/2022\/04\/pokertournament-300x209.jpg","contentUrl":"https:\/\/gambling6.com\/wp-content\/uploads\/2022\/04\/pokertournament-300x209.jpg"},{"@type":"BreadcrumbList","@id":"https:\/\/gambling6.com\/lt\/poker\/#breadcrumb","itemListElement":[{"@type":"ListItem","position":1,"name":"Home","item":"https:\/\/gambling6.com\/lt\/home\/"},{"@type":"ListItem","position":2,"name":"Poker"}]},{"@type":"WebSite","@id":"https:\/\/gambling6.com\/lt\/#website","url":"https:\/\/gambling6.com\/lt\/","name":"Gambling6","description":"","potentialAction":[{"@type":"SearchAction","target":{"@type":"EntryPoint","urlTemplate":"https:\/\/gambling6.com\/lt\/?s={search_term_string}"},"query-input":{"@type":"PropertyValueSpecification","valueRequired":true,"valueName":"search_term_string"}}],"inLanguage":"lt-LT"}]}},"_links":{"self":[{"href":"https:\/\/gambling6.com\/lt\/wp-json\/wp\/v2\/pages\/8769","targetHints":{"allow":["GET"]}}],"collection":[{"href":"https:\/\/gambling6.com\/lt\/wp-json\/wp\/v2\/pages"}],"about":[{"href":"https:\/\/gambling6.com\/lt\/wp-json\/wp\/v2\/types\/page"}],"author":[{"embeddable":true,"href":"https:\/\/gambling6.com\/lt\/wp-json\/wp\/v2\/users\/1"}],"replies":[{"embeddable":true,"href":"https:\/\/gambling6.com\/lt\/wp-json\/wp\/v2\/comments?post=8769"}],"version-history":[{"count":1,"href":"https:\/\/gambling6.com\/lt\/wp-json\/wp\/v2\/pages\/8769\/revisions"}],"predecessor-version":[{"id":10567,"href":"https:\/\/gambling6.com\/lt\/wp-json\/wp\/v2\/pages\/8769\/revisions\/10567"}],"wp:attachment":[{"href":"https:\/\/gambling6.com\/lt\/wp-json\/wp\/v2\/media?parent=8769"}],"curies":[{"name":"wp","href":"https:\/\/api.w.org\/{rel}","templated":true}]}}