{"id":8860,"date":"2025-11-08T08:58:55","date_gmt":"2025-11-08T08:58:55","guid":{"rendered":"https:\/\/gambling6.com\/kazino\/jusu-internetiniu-losimu-saskaitos-saugumas\/"},"modified":"2025-11-12T09:07:54","modified_gmt":"2025-11-12T09:07:54","slug":"jusu-internetiniu-losimu-saskaitos-saugumas","status":"publish","type":"page","link":"https:\/\/gambling6.com\/lt\/kazino\/jusu-internetiniu-losimu-saskaitos-saugumas\/","title":{"rendered":"J\u016bs\u0173 internetini\u0173 lo\u0161im\u0173 s\u0105skaitos saugumas"},"content":{"rendered":"<h2>Venkite blog\u0173 svetaini\u0173 ir imkit\u0117s saugumo priemoni\u0173.<\/h2>\n<p>Internetini\u0173 lo\u0161im\u0173 pasaulis gerokai i\u0161augo, ir nors tai paprastai yra geras dalykas \u017eaid\u0117jams, jis taip pat turi kelet\u0105 tr\u016bkum\u0173. Kazino si\u016blomas internetinis saugumas yra bene svarbiausias elementas \u017eaid\u017eiant i\u0161 tikr\u0173 pinig\u0173, o vartotojams turi b\u016bti garantuotos nepriekai\u0161tingos finansin\u0117s operacijos.<\/p>\n<p>Deja, \u0161iandieniniame technologi\u0161kai pa\u017eangiame pasaulyje suk\u010diavimas ir internetinis suk\u010diavimas yra pernelyg da\u017eni, kad b\u016bt\u0173 galima manyti, jog jie jums nenutiks, ir tod\u0117l nesiimti joki\u0173 priemoni\u0173 jiems u\u017ekirsti keli\u0105. Nauji internetiniai kazino atsiranda beveik per nakt\u012f, \u017ead\u0117dami did\u017eiulius bonusus, kad paskatint\u0173 versl\u0105 ir pritraukt\u0173 daug klient\u0173.<\/p>\n<p>Labai svarbu \u017einoti, ar jais galima pasitik\u0117ti, ir labai rekomenduojama pirmiausia gauti daugiau informacijos i\u0161 kit\u0173 svetaini\u0173. Vartotoj\u0173 ar patyrusi\u0173 \u017eaid\u0117j\u0173 atsiliepimai tampa labai populiar\u016bs internete, nes vis daugiau lo\u0161\u0117j\u0173 mato rizik\u0105 \u0161okti aklai ir pirmiausia ie\u0161ko u\u017etikrintumo.<\/p>\n<h2>Internetiniai lo\u0161imai JAV<\/h2>\n<p><img loading=\"lazy\" decoding=\"async\" class=\" wp-image-2415 alignright\" src=\"https:\/\/gambling6.com\/wp-content\/uploads\/2022\/04\/1_play_euromillions_online3-300x200.jpg\" alt=\"kazino saugumas\" width=\"263\" height=\"175\" srcset=\"https:\/\/gambling6.com\/wp-content\/uploads\/2022\/04\/1_play_euromillions_online3-300x200.jpg 300w, https:\/\/gambling6.com\/wp-content\/uploads\/2022\/04\/1_play_euromillions_online3.jpg 320w\" sizes=\"auto, (max-width: 263px) 100vw, 263px\" \/>JAV yra \u012fdomi internetini\u0173 lo\u0161im\u0173 rinka. Nors internetiniai kazino yra u\u017edrausti visose valstijose, i\u0161skyrus dvi, pilkoji internetini\u0173 lo\u0161im\u0173 pramon\u0117 yra mil\u017eini\u0161ka, daugiausia d\u0117l to, kad Amerikos lo\u0161\u0117jai nori \u017eaisti kazino \u017eaidimus internetu. Didelis potenciali\u0173 klient\u0173 skai\u010dius taip pat rei\u0161kia, kad yra daugiau nei saujel\u0117 JAV internetini\u0173 kazino, tod\u0117l Amerikos \u017eaid\u0117jams labai lengva prad\u0117ti.<\/p>\n<p>Ties\u0105 sakant, pirmaujan\u010dios svetain\u0117s netgi priima amerikieti\u0161kas kreditines korteles kaip mok\u0117jimo b\u016bd\u0105, ir viskas sukurta taip, kad \u017eaid\u0117jams b\u016bt\u0173 kuo patogiau. Nors \u0161i\u0173 internetini\u0173 kazino nereguliuoja JAV, jie turi licencijas i\u0161 u\u017esienio jurisdikcij\u0173, kurios u\u017etikrina saugi\u0105 ir patikim\u0105 aplink\u0105. Problema ta, kad be puiki\u0173 kazino, skirt\u0173 JAV rinkai, yra ir daugyb\u0117 abejotin\u0173 svetaini\u0173, kurios turi problem\u0173 d\u0117l i\u0161mok\u0117jim\u0173 arba tiesiog nesi\u016blo s\u0105\u017einingo i\u0161mok\u0117jimo procento savo \u017eaidimams.<\/p>\n<p>\u0160tai kod\u0117l pirmiausia b\u016btina perskaityti kelet\u0105 atsiliepim\u0173 apie svetain\u0119, prie kurios norite prisijungti, ir pa\u017ei\u016br\u0117ti, ar ji tokia gera, kaip atrodo. Tai neu\u017etrunka ilgiau nei kelias minutes ir u\u017etikrina, kad j\u016bs\u0173 internetini\u0173 \u017eaidim\u0173 patirtis b\u016bt\u0173 kuo geresn\u0117. Kalbant apie s\u0105\u017eining\u0105 \u017eaidim\u0105, patikimi internetiniai kazino naudoja atsitiktini\u0173 skai\u010di\u0173 generatorius, kad u\u017etikrint\u0173, jog kiekvienas \u017eaidimas b\u016bt\u0173 pagr\u012fstas tik atsitiktinumu. Internetinis kazino gali derinti tradicinius kazino stalus su internetinio \u017eaidimo privalumais per tiesiogin\u0119 dalintojo vaizdo transliacij\u0105.<\/p>\n<p>B\u016bdami JAV gyvenan\u010diu lo\u0161\u0117ju, negalite suklysti pasirinkdami rinkos lyder\u012f internetini\u0173 kazino veiksm\u0173 teik\u0117j\u0105 \u2013 \u201eBetOnline\u201c. <a class=\"thirstylink\" title=\"Betonline casino en\" href=\"https:\/\/gambling6.com\/go\/betonline-casino-en\/\" target=\"_blank\" rel=\"nofollow noopener\">Spustel\u0117kite \u010dia, kad apsilankytum\u0117te j\u0173 svetain\u0117je<\/a>. J\u016bs\u0173 saugumas ten yra patikimose rankose, kitaip nei daugumos kit\u0173 of\u0161orini\u0173 kazino operatori\u0173, kurie priima JAV gyventojus.<\/p>\n<h2>Saugumo priemon\u0117s, \u012f kurias reikia atsi\u017evelgti<\/h2>\n<p>Taip pat tur\u0117tume pamin\u0117ti, kad didel\u0117 atsakomyb\u0117s dalis tenka \u017eaid\u0117jui, ir yra konkre\u010di\u0173 priemoni\u0173, kuri\u0173 jis gali imtis, kad u\u017ekirst\u0173 keli\u0105 suk\u010diavimui ir u\u017etikrint\u0173 savo l\u0117\u0161\u0173 saugum\u0105.<\/p>\n<p><strong>1. Tur\u0117kite saug\u0173 slapta\u017eod\u012f<\/strong><\/p>\n<p>Vis daugiau svetaini\u0173 skatina vartotojus naudoti saugius, sunkiai atsp\u0117jamus slapta\u017eod\u017eius. Skai\u010di\u0173 ir raid\u017ei\u0173 \u012ftraukimas tiek did\u017eiosiomis, tiek ma\u017eosiomis raid\u0117mis daro slapta\u017eod\u012f daug saugesn\u012f, taip pat rekomenduojama nenaudoti to paties slapta\u017eod\u017eio kelioms paskyroms.<\/p>\n<p><strong>2. \u012esitikinkite, kad turite ger\u0105 antivirusin\u0119 program\u0105<\/strong><\/p>\n<p>Dauguma \u017eaid\u0117j\u0173 link\u0119 pamir\u0161ti geros antivirusin\u0117s programos svarb\u0105. Ji gali i\u0161 karto aptikti bet kokias problemas, kai nar\u0161ote internete arba atsisiun\u010diate k\u0105 nors, pavyzd\u017eiui, naujo internetinio kazino program\u0117l\u0119.<\/p>\n<p><strong>3. Visada \u012fsitikinkite, kad puslapis yra saugus<\/strong><\/p>\n<p>\u012evesdami asmeninius duomenis, pvz., paskyros informacij\u0105, \u012fsitikinkite, kad puslapis yra saugus. Tai atliekama nar\u0161ykl\u0117s adreso juostoje patikrinus, ar n\u0117ra HTTPS, ir ie\u0161kant u\u017edaros spynos simbolio.<\/p>\n","protected":false},"excerpt":{"rendered":"<p>Venkite blog\u0173 svetaini\u0173 ir imkit\u0117s saugumo priemoni\u0173. Internetini\u0173 lo\u0161im\u0173 pasaulis gerokai i\u0161augo, ir nors tai paprastai yra geras dalykas \u017eaid\u0117jams, jis taip pat turi kelet\u0105 tr\u016bkum\u0173. Kazino si\u016blomas internetinis saugumas yra bene svarbiausias elementas \u017eaid\u017eiant i\u0161 tikr\u0173 pinig\u0173, o vartotojams turi b\u016bti garantuotos nepriekai\u0161tingos finansin\u0117s operacijos. Deja, \u0161iandieniniame technologi\u0161kai pa\u017eangiame pasaulyje suk\u010diavimas ir internetinis suk\u010diavimas [&hellip;]<\/p>\n","protected":false},"author":1,"featured_media":0,"parent":8316,"menu_order":36,"comment_status":"closed","ping_status":"closed","template":"","meta":{"footnotes":""},"class_list":["post-8860","page","type-page","status-publish","hentry"],"yoast_head":"<!-- This site is optimized with the Yoast SEO plugin v27.4 - https:\/\/yoast.com\/product\/yoast-seo-wordpress\/ -->\n<title>Kaip galiu apsaugoti savo internetinio kazino s\u0105skait\u0105<\/title>\n<meta name=\"description\" content=\"Naudingi patarimai, kaip saugiai lo\u0161ti internete, kad j\u016bs\u0173 kazino s\u0105skaita b\u016bt\u0173 saugi\" \/>\n<meta name=\"robots\" content=\"index, follow, max-snippet:-1, max-image-preview:large, max-video-preview:-1\" \/>\n<link rel=\"canonical\" href=\"https:\/\/gambling6.com\/lt\/kazino\/jusu-internetiniu-losimu-saskaitos-saugumas\/\" \/>\n<meta property=\"og:locale\" content=\"lt_LT\" \/>\n<meta property=\"og:type\" content=\"article\" \/>\n<meta property=\"og:title\" content=\"Kaip galiu apsaugoti savo internetinio kazino s\u0105skait\u0105\" \/>\n<meta property=\"og:description\" content=\"Naudingi patarimai, kaip saugiai lo\u0161ti internete, kad j\u016bs\u0173 kazino s\u0105skaita b\u016bt\u0173 saugi\" \/>\n<meta property=\"og:url\" content=\"https:\/\/gambling6.com\/lt\/kazino\/jusu-internetiniu-losimu-saskaitos-saugumas\/\" \/>\n<meta property=\"og:site_name\" content=\"Gambling6\" \/>\n<meta property=\"article:modified_time\" content=\"2025-11-12T09:07:54+00:00\" \/>\n<meta property=\"og:image\" content=\"https:\/\/gambling6.com\/wp-content\/uploads\/2022\/04\/1_play_euromillions_online3.jpg\" \/>\n\t<meta property=\"og:image:width\" content=\"320\" \/>\n\t<meta property=\"og:image:height\" content=\"213\" \/>\n\t<meta property=\"og:image:type\" content=\"image\/jpeg\" \/>\n<meta name=\"twitter:card\" content=\"summary_large_image\" \/>\n<meta name=\"twitter:label1\" content=\"Est. reading time\" \/>\n\t<meta name=\"twitter:data1\" content=\"3 minut\u0117s\" \/>\n<script type=\"application\/ld+json\" class=\"yoast-schema-graph\">{\"@context\":\"https:\\\/\\\/schema.org\",\"@graph\":[{\"@type\":\"WebPage\",\"@id\":\"https:\\\/\\\/gambling6.com\\\/lt\\\/kazino\\\/jusu-internetiniu-losimu-saskaitos-saugumas\\\/\",\"url\":\"https:\\\/\\\/gambling6.com\\\/lt\\\/kazino\\\/jusu-internetiniu-losimu-saskaitos-saugumas\\\/\",\"name\":\"Kaip galiu apsaugoti savo internetinio kazino s\u0105skait\u0105\",\"isPartOf\":{\"@id\":\"https:\\\/\\\/gambling6.com\\\/lt\\\/#website\"},\"primaryImageOfPage\":{\"@id\":\"https:\\\/\\\/gambling6.com\\\/lt\\\/kazino\\\/jusu-internetiniu-losimu-saskaitos-saugumas\\\/#primaryimage\"},\"image\":{\"@id\":\"https:\\\/\\\/gambling6.com\\\/lt\\\/kazino\\\/jusu-internetiniu-losimu-saskaitos-saugumas\\\/#primaryimage\"},\"thumbnailUrl\":\"https:\\\/\\\/gambling6.com\\\/wp-content\\\/uploads\\\/2022\\\/04\\\/1_play_euromillions_online3-300x200.jpg\",\"datePublished\":\"2025-11-08T08:58:55+00:00\",\"dateModified\":\"2025-11-12T09:07:54+00:00\",\"description\":\"Naudingi patarimai, kaip saugiai lo\u0161ti internete, kad j\u016bs\u0173 kazino s\u0105skaita b\u016bt\u0173 saugi\",\"breadcrumb\":{\"@id\":\"https:\\\/\\\/gambling6.com\\\/lt\\\/kazino\\\/jusu-internetiniu-losimu-saskaitos-saugumas\\\/#breadcrumb\"},\"inLanguage\":\"lt-LT\",\"potentialAction\":[{\"@type\":\"ReadAction\",\"target\":[\"https:\\\/\\\/gambling6.com\\\/lt\\\/kazino\\\/jusu-internetiniu-losimu-saskaitos-saugumas\\\/\"]}]},{\"@type\":\"ImageObject\",\"inLanguage\":\"lt-LT\",\"@id\":\"https:\\\/\\\/gambling6.com\\\/lt\\\/kazino\\\/jusu-internetiniu-losimu-saskaitos-saugumas\\\/#primaryimage\",\"url\":\"https:\\\/\\\/gambling6.com\\\/wp-content\\\/uploads\\\/2022\\\/04\\\/1_play_euromillions_online3-300x200.jpg\",\"contentUrl\":\"https:\\\/\\\/gambling6.com\\\/wp-content\\\/uploads\\\/2022\\\/04\\\/1_play_euromillions_online3-300x200.jpg\"},{\"@type\":\"BreadcrumbList\",\"@id\":\"https:\\\/\\\/gambling6.com\\\/lt\\\/kazino\\\/jusu-internetiniu-losimu-saskaitos-saugumas\\\/#breadcrumb\",\"itemListElement\":[{\"@type\":\"ListItem\",\"position\":1,\"name\":\"Home\",\"item\":\"https:\\\/\\\/gambling6.com\\\/lt\\\/home\\\/\"},{\"@type\":\"ListItem\",\"position\":2,\"name\":\"Kazino\",\"item\":\"https:\\\/\\\/gambling6.com\\\/lt\\\/get-started-with-online-gambling\\\/\"},{\"@type\":\"ListItem\",\"position\":3,\"name\":\"J\u016bs\u0173 internetini\u0173 lo\u0161im\u0173 s\u0105skaitos saugumas\"}]},{\"@type\":\"WebSite\",\"@id\":\"https:\\\/\\\/gambling6.com\\\/lt\\\/#website\",\"url\":\"https:\\\/\\\/gambling6.com\\\/lt\\\/\",\"name\":\"Gambling6\",\"description\":\"\",\"potentialAction\":[{\"@type\":\"SearchAction\",\"target\":{\"@type\":\"EntryPoint\",\"urlTemplate\":\"https:\\\/\\\/gambling6.com\\\/lt\\\/?s={search_term_string}\"},\"query-input\":{\"@type\":\"PropertyValueSpecification\",\"valueRequired\":true,\"valueName\":\"search_term_string\"}}],\"inLanguage\":\"lt-LT\"}]}<\/script>\n<!-- \/ Yoast SEO plugin. -->","yoast_head_json":{"title":"Kaip galiu apsaugoti savo internetinio kazino s\u0105skait\u0105","description":"Naudingi patarimai, kaip saugiai lo\u0161ti internete, kad j\u016bs\u0173 kazino s\u0105skaita b\u016bt\u0173 saugi","robots":{"index":"index","follow":"follow","max-snippet":"max-snippet:-1","max-image-preview":"max-image-preview:large","max-video-preview":"max-video-preview:-1"},"canonical":"https:\/\/gambling6.com\/lt\/kazino\/jusu-internetiniu-losimu-saskaitos-saugumas\/","og_locale":"lt_LT","og_type":"article","og_title":"Kaip galiu apsaugoti savo internetinio kazino s\u0105skait\u0105","og_description":"Naudingi patarimai, kaip saugiai lo\u0161ti internete, kad j\u016bs\u0173 kazino s\u0105skaita b\u016bt\u0173 saugi","og_url":"https:\/\/gambling6.com\/lt\/kazino\/jusu-internetiniu-losimu-saskaitos-saugumas\/","og_site_name":"Gambling6","article_modified_time":"2025-11-12T09:07:54+00:00","og_image":[{"width":320,"height":213,"url":"https:\/\/gambling6.com\/wp-content\/uploads\/2022\/04\/1_play_euromillions_online3.jpg","type":"image\/jpeg"}],"twitter_card":"summary_large_image","twitter_misc":{"Est. reading time":"3 minut\u0117s"},"schema":{"@context":"https:\/\/schema.org","@graph":[{"@type":"WebPage","@id":"https:\/\/gambling6.com\/lt\/kazino\/jusu-internetiniu-losimu-saskaitos-saugumas\/","url":"https:\/\/gambling6.com\/lt\/kazino\/jusu-internetiniu-losimu-saskaitos-saugumas\/","name":"Kaip galiu apsaugoti savo internetinio kazino s\u0105skait\u0105","isPartOf":{"@id":"https:\/\/gambling6.com\/lt\/#website"},"primaryImageOfPage":{"@id":"https:\/\/gambling6.com\/lt\/kazino\/jusu-internetiniu-losimu-saskaitos-saugumas\/#primaryimage"},"image":{"@id":"https:\/\/gambling6.com\/lt\/kazino\/jusu-internetiniu-losimu-saskaitos-saugumas\/#primaryimage"},"thumbnailUrl":"https:\/\/gambling6.com\/wp-content\/uploads\/2022\/04\/1_play_euromillions_online3-300x200.jpg","datePublished":"2025-11-08T08:58:55+00:00","dateModified":"2025-11-12T09:07:54+00:00","description":"Naudingi patarimai, kaip saugiai lo\u0161ti internete, kad j\u016bs\u0173 kazino s\u0105skaita b\u016bt\u0173 saugi","breadcrumb":{"@id":"https:\/\/gambling6.com\/lt\/kazino\/jusu-internetiniu-losimu-saskaitos-saugumas\/#breadcrumb"},"inLanguage":"lt-LT","potentialAction":[{"@type":"ReadAction","target":["https:\/\/gambling6.com\/lt\/kazino\/jusu-internetiniu-losimu-saskaitos-saugumas\/"]}]},{"@type":"ImageObject","inLanguage":"lt-LT","@id":"https:\/\/gambling6.com\/lt\/kazino\/jusu-internetiniu-losimu-saskaitos-saugumas\/#primaryimage","url":"https:\/\/gambling6.com\/wp-content\/uploads\/2022\/04\/1_play_euromillions_online3-300x200.jpg","contentUrl":"https:\/\/gambling6.com\/wp-content\/uploads\/2022\/04\/1_play_euromillions_online3-300x200.jpg"},{"@type":"BreadcrumbList","@id":"https:\/\/gambling6.com\/lt\/kazino\/jusu-internetiniu-losimu-saskaitos-saugumas\/#breadcrumb","itemListElement":[{"@type":"ListItem","position":1,"name":"Home","item":"https:\/\/gambling6.com\/lt\/home\/"},{"@type":"ListItem","position":2,"name":"Kazino","item":"https:\/\/gambling6.com\/lt\/get-started-with-online-gambling\/"},{"@type":"ListItem","position":3,"name":"J\u016bs\u0173 internetini\u0173 lo\u0161im\u0173 s\u0105skaitos saugumas"}]},{"@type":"WebSite","@id":"https:\/\/gambling6.com\/lt\/#website","url":"https:\/\/gambling6.com\/lt\/","name":"Gambling6","description":"","potentialAction":[{"@type":"SearchAction","target":{"@type":"EntryPoint","urlTemplate":"https:\/\/gambling6.com\/lt\/?s={search_term_string}"},"query-input":{"@type":"PropertyValueSpecification","valueRequired":true,"valueName":"search_term_string"}}],"inLanguage":"lt-LT"}]}},"_links":{"self":[{"href":"https:\/\/gambling6.com\/lt\/wp-json\/wp\/v2\/pages\/8860","targetHints":{"allow":["GET"]}}],"collection":[{"href":"https:\/\/gambling6.com\/lt\/wp-json\/wp\/v2\/pages"}],"about":[{"href":"https:\/\/gambling6.com\/lt\/wp-json\/wp\/v2\/types\/page"}],"author":[{"embeddable":true,"href":"https:\/\/gambling6.com\/lt\/wp-json\/wp\/v2\/users\/1"}],"replies":[{"embeddable":true,"href":"https:\/\/gambling6.com\/lt\/wp-json\/wp\/v2\/comments?post=8860"}],"version-history":[{"count":1,"href":"https:\/\/gambling6.com\/lt\/wp-json\/wp\/v2\/pages\/8860\/revisions"}],"predecessor-version":[{"id":10444,"href":"https:\/\/gambling6.com\/lt\/wp-json\/wp\/v2\/pages\/8860\/revisions\/10444"}],"up":[{"embeddable":true,"href":"https:\/\/gambling6.com\/lt\/wp-json\/wp\/v2\/pages\/8316"}],"wp:attachment":[{"href":"https:\/\/gambling6.com\/lt\/wp-json\/wp\/v2\/media?parent=8860"}],"curies":[{"name":"wp","href":"https:\/\/api.w.org\/{rel}","templated":true}]}}