{"id":8896,"date":"2025-11-08T09:30:17","date_gmt":"2025-11-08T09:30:17","guid":{"rendered":"https:\/\/gambling6.com\/kazino\/blackjacko-kilme\/"},"modified":"2025-11-15T09:22:50","modified_gmt":"2025-11-15T09:22:50","slug":"blackjacko-kilme","status":"publish","type":"page","link":"https:\/\/gambling6.com\/lt\/kazino\/blackjacko-kilme\/","title":{"rendered":"Blackjacko kilm\u0117"},"content":{"rendered":"<h2>Kai pirm\u0105 kart\u0105 buvo \u017eaid\u017eiamas Blackjack<\/h2>\n<p><a href=\"http:\/\/gambling6.com\/wp-content\/uploads\/2013\/12\/history-of-balck-jack.jpg\"><img loading=\"lazy\" decoding=\"async\" class=\"aligncenter size-full wp-image-547 alignright size-full wp-image-183\" style=\"margin: 5px; float: right;\" src=\"http:\/\/gambling6.com\/wp-content\/uploads\/2013\/12\/history-of-balck-jack.jpg\" alt=\"Blackjack istorija\" width=\"243\" height=\"207\" \/><\/a>Lo\u0161im\u0173 istorikai yra sutrik\u0119 d\u0117l \u017eaidimo, kur\u012f \u017einome kaip Black Jack, istorijos ir kilm\u0117s. Net ir \u0161iandien jo istorija yra kar\u0161ta daugelio tyr\u0117j\u0173 diskusij\u0173 tema. Remiantis kort\u0173 \u017eaidim\u0173 istorija, galima nustatyti, kad \u017eaidimo kortos i\u0161 prad\u017ei\u0173 buvo naudojamos Kinijoje, Indijoje ir Egipte jau 900 m. po Kr. Sakoma, kad pirmieji kort\u0173 \u017eaidimai atsirado Kinijoje.<\/p>\n<p>Ta\u010diau vis dar sakoma, kad i\u0161 tikr\u0173j\u0173 Blackjack \u017eaidim\u0105 i\u0161rado pranc\u016bzai. Pranc\u016bzai tur\u0117jo kort\u0173 \u017eaidimus, \u017einomus kaip \u201echemin de fer\u201c ir \u201eFrench Ferme\u201c. Manoma, kad Blackjack i\u0161 tikr\u0173j\u0173 yra \u0161i\u0173 dviej\u0173 pranc\u016bzi\u0161k\u0173 \u017eaidim\u0173 at\u0161aka.<\/p>\n<p>Ma\u017edaug 1700 m. Pranc\u016bzijos kazino buvo pristatytas \u017eaidimas, \u017einomas kaip \u201evingt-et-un\u201c, rei\u0161kiantis dvide\u0161imt vien\u0105. XIX am\u017eiuje tas pats \u017eaidimas persik\u0117l\u0117 \u012f Jungtines Valstijas.<\/p>\n<p>Nors \u201evingt-et-un\u201c atrodo gana pana\u0161us \u012f Blackjack, jis kai kuriais aspektais skiriasi. \u0160iame \u017eaidime tikslas yra pasiekti \u201eNatural\u201c su kortomis, kuri\u0173 bendra suma yra dvide\u0161imt viena. Be to, kortos buvo dalijamos raundais, o statymai buvo statomi kiekvienam raundui. Be to, tik dalintojas tur\u0117jo teis\u0119 \u201epadvigubinti\u201c ir jei jis ar ji gaudavo Natural, visi kiti \u017eaid\u0117jai prival\u0117jo jam ar jai sumok\u0117ti trigub\u0105 sum\u0105.<\/p>\n<p>Kitas atitinkam\u0173 tyr\u0117j\u0173 argumentas yra tas, kad itali\u0161kas \u017eaidimas, \u017einomas kaip \u201eSeptyni su puse\u201c, taip pat gal\u0117jo prisid\u0117ti prie dabartinio Blackjacko atsiradimo. \u017daidimas buvo \u017eaid\u017eiamas su kortomis, pa\u017eym\u0117tomis skai\u010diais 8, 9 ir 10, kartu su paveiksl\u0117liais. Tuo tarpu paveiksl\u0117liai buvo skai\u010diuojami kaip \u201epus\u0117\u201c. Be to, Deimant\u0173 karalius buvo traktuojamas kaip laukin\u0117 korta. Manoma, kad tai buvo pirmasis \u017eaidimas, kuriame buvo pristatyta \u201ebankroto\u201c s\u0105voka. Tai rei\u0161kia, kad jei bet kurio \u017eaid\u0117jo kort\u0173 suma vir\u0161ijo septynias su puse, jis arba ji bankrutavo arba i\u0161krito i\u0161 \u017eaidimo.<\/p>\n<p>Garsusis ispani\u0161kas \u017eaidimas \u201eVienas ir trisde\u0161imt\u201c taip pat buvo pana\u0161us \u012f Blackjack\u0105. Ta\u010diau jame suma buvo trisde\u0161imt viena, o ne dvide\u0161imt viena, be to, jis buvo \u017eaid\u017eiamas su trimis kortomis, o ne dviem, kaip Blackjacke.<\/p>\n<p>I\u0161 prad\u017ei\u0173, kai Blackjackas pasirod\u0117 Amerikos kazino ma\u017edaug 1910 m., jis nebuvo labai populiarus. Lo\u0161imo namai \u012fved\u0117 \u012fvairi\u0173 paskat\u0173 ir premij\u0173, kad pritraukt\u0173 \u017emones prie \u017eaidimo. I\u0161 prad\u017ei\u0173 lo\u0161imo nam\u0173 si\u016bloma premija buvo 10:1. Kai kurie lo\u0161imo namai prid\u0117jo naujo \u017eaidimo \u017eaves\u012f, pripa\u017eindami ir kry\u017ei\u0173 valet\u0105, ir pik\u0173 valet\u0105, u\u017e kuriuos laim\u0117jimas yra de\u0161imt prie\u0161 vien\u0105.<\/p>\n<p>Dar vienas keistas dalykas yra tai, kaip \u0161iame \u017eaidime vartojamas pavadinimas \u201eBlackjack\u201c. Sakoma, kad \u017eaidimas buvo pavadintas \u201eBlackjack\u201c, nes norint gauti premijos i\u0161mok\u0105, \u017eaid\u0117jas tur\u0117jo tur\u0117ti arba Pik\u0173 valet\u0105, arba Pik\u0173 t\u016bz\u0105 kaip pirm\u0105sias dvi kortas.<\/p>\n<p>Nors dabar valetas neb\u0117ra b\u016btinas norint sudaryti laim\u0117t\u0105 rank\u0105, o bet kuri de\u0161imties vert\u0117s korta su t\u016bzu bus laikoma laim\u0117ta ranka, pavadinimas \u201eBlackjack\u201c j\u0105 turi.<\/p>\n","protected":false},"excerpt":{"rendered":"<p>Kai pirm\u0105 kart\u0105 buvo \u017eaid\u017eiamas Blackjack Lo\u0161im\u0173 istorikai yra sutrik\u0119 d\u0117l \u017eaidimo, kur\u012f \u017einome kaip Black Jack, istorijos ir kilm\u0117s. Net ir \u0161iandien jo istorija yra kar\u0161ta daugelio tyr\u0117j\u0173 diskusij\u0173 tema. Remiantis kort\u0173 \u017eaidim\u0173 istorija, galima nustatyti, kad \u017eaidimo kortos i\u0161 prad\u017ei\u0173 buvo naudojamos Kinijoje, Indijoje ir Egipte jau 900 m. po Kr. Sakoma, kad [&hellip;]<\/p>\n","protected":false},"author":1,"featured_media":8881,"parent":8316,"menu_order":56,"comment_status":"closed","ping_status":"closed","template":"","meta":{"footnotes":""},"class_list":["post-8896","page","type-page","status-publish","has-post-thumbnail","hentry"],"yoast_head":"<!-- This site is optimized with the Yoast SEO plugin v27.4 - https:\/\/yoast.com\/product\/yoast-seo-wordpress\/ -->\n<title>Kort\u0173 \u017eaidimo \u201eBlackjack\u201c kilm\u0117<\/title>\n<meta name=\"description\" content=\"Skaitykite apie Black Jack istorij\u0105 \u2013 nuo \u200b\u200bpopuliaraus neoninio \u017eaidimo iki kazino pramog\u0173 ir internetini\u0173 kazino.\" \/>\n<meta name=\"robots\" content=\"index, follow, max-snippet:-1, max-image-preview:large, max-video-preview:-1\" \/>\n<link rel=\"canonical\" href=\"https:\/\/gambling6.com\/lt\/kazino\/blackjacko-kilme\/\" \/>\n<meta property=\"og:locale\" content=\"lt_LT\" \/>\n<meta property=\"og:type\" content=\"article\" \/>\n<meta property=\"og:title\" content=\"Kort\u0173 \u017eaidimo \u201eBlackjack\u201c kilm\u0117\" \/>\n<meta property=\"og:description\" content=\"Skaitykite apie Black Jack istorij\u0105 \u2013 nuo \u200b\u200bpopuliaraus neoninio \u017eaidimo iki kazino pramog\u0173 ir internetini\u0173 kazino.\" \/>\n<meta property=\"og:url\" content=\"https:\/\/gambling6.com\/lt\/kazino\/blackjacko-kilme\/\" \/>\n<meta property=\"og:site_name\" content=\"Gambling6\" \/>\n<meta property=\"article:modified_time\" content=\"2025-11-15T09:22:50+00:00\" \/>\n<meta property=\"og:image\" content=\"https:\/\/gambling6.com\/wp-content\/uploads\/2013\/12\/history-of-balck-jack.jpg\" \/>\n\t<meta property=\"og:image:width\" content=\"243\" \/>\n\t<meta property=\"og:image:height\" content=\"207\" \/>\n\t<meta property=\"og:image:type\" content=\"image\/jpeg\" \/>\n<meta name=\"twitter:card\" content=\"summary_large_image\" \/>\n<meta name=\"twitter:label1\" content=\"Est. reading time\" \/>\n\t<meta name=\"twitter:data1\" content=\"2 minut\u0117s\" \/>\n<script type=\"application\/ld+json\" class=\"yoast-schema-graph\">{\"@context\":\"https:\\\/\\\/schema.org\",\"@graph\":[{\"@type\":\"WebPage\",\"@id\":\"https:\\\/\\\/gambling6.com\\\/lt\\\/kazino\\\/blackjacko-kilme\\\/\",\"url\":\"https:\\\/\\\/gambling6.com\\\/lt\\\/kazino\\\/blackjacko-kilme\\\/\",\"name\":\"Kort\u0173 \u017eaidimo \u201eBlackjack\u201c kilm\u0117\",\"isPartOf\":{\"@id\":\"https:\\\/\\\/gambling6.com\\\/lt\\\/#website\"},\"primaryImageOfPage\":{\"@id\":\"https:\\\/\\\/gambling6.com\\\/lt\\\/kazino\\\/blackjacko-kilme\\\/#primaryimage\"},\"image\":{\"@id\":\"https:\\\/\\\/gambling6.com\\\/lt\\\/kazino\\\/blackjacko-kilme\\\/#primaryimage\"},\"thumbnailUrl\":\"https:\\\/\\\/gambling6.com\\\/wp-content\\\/uploads\\\/2013\\\/12\\\/history-of-balck-jack.jpg\",\"datePublished\":\"2025-11-08T09:30:17+00:00\",\"dateModified\":\"2025-11-15T09:22:50+00:00\",\"description\":\"Skaitykite apie Black Jack istorij\u0105 \u2013 nuo \u200b\u200bpopuliaraus neoninio \u017eaidimo iki kazino pramog\u0173 ir internetini\u0173 kazino.\",\"breadcrumb\":{\"@id\":\"https:\\\/\\\/gambling6.com\\\/lt\\\/kazino\\\/blackjacko-kilme\\\/#breadcrumb\"},\"inLanguage\":\"lt-LT\",\"potentialAction\":[{\"@type\":\"ReadAction\",\"target\":[\"https:\\\/\\\/gambling6.com\\\/lt\\\/kazino\\\/blackjacko-kilme\\\/\"]}]},{\"@type\":\"ImageObject\",\"inLanguage\":\"lt-LT\",\"@id\":\"https:\\\/\\\/gambling6.com\\\/lt\\\/kazino\\\/blackjacko-kilme\\\/#primaryimage\",\"url\":\"https:\\\/\\\/gambling6.com\\\/wp-content\\\/uploads\\\/2013\\\/12\\\/history-of-balck-jack.jpg\",\"contentUrl\":\"https:\\\/\\\/gambling6.com\\\/wp-content\\\/uploads\\\/2013\\\/12\\\/history-of-balck-jack.jpg\",\"width\":243,\"height\":207,\"caption\":\"blackjack\"},{\"@type\":\"BreadcrumbList\",\"@id\":\"https:\\\/\\\/gambling6.com\\\/lt\\\/kazino\\\/blackjacko-kilme\\\/#breadcrumb\",\"itemListElement\":[{\"@type\":\"ListItem\",\"position\":1,\"name\":\"Home\",\"item\":\"https:\\\/\\\/gambling6.com\\\/lt\\\/home\\\/\"},{\"@type\":\"ListItem\",\"position\":2,\"name\":\"Kazino\",\"item\":\"https:\\\/\\\/gambling6.com\\\/lt\\\/get-started-with-online-gambling\\\/\"},{\"@type\":\"ListItem\",\"position\":3,\"name\":\"Blackjacko kilm\u0117\"}]},{\"@type\":\"WebSite\",\"@id\":\"https:\\\/\\\/gambling6.com\\\/lt\\\/#website\",\"url\":\"https:\\\/\\\/gambling6.com\\\/lt\\\/\",\"name\":\"Gambling6\",\"description\":\"\",\"potentialAction\":[{\"@type\":\"SearchAction\",\"target\":{\"@type\":\"EntryPoint\",\"urlTemplate\":\"https:\\\/\\\/gambling6.com\\\/lt\\\/?s={search_term_string}\"},\"query-input\":{\"@type\":\"PropertyValueSpecification\",\"valueRequired\":true,\"valueName\":\"search_term_string\"}}],\"inLanguage\":\"lt-LT\"}]}<\/script>\n<!-- \/ Yoast SEO plugin. -->","yoast_head_json":{"title":"Kort\u0173 \u017eaidimo \u201eBlackjack\u201c kilm\u0117","description":"Skaitykite apie Black Jack istorij\u0105 \u2013 nuo \u200b\u200bpopuliaraus neoninio \u017eaidimo iki kazino pramog\u0173 ir internetini\u0173 kazino.","robots":{"index":"index","follow":"follow","max-snippet":"max-snippet:-1","max-image-preview":"max-image-preview:large","max-video-preview":"max-video-preview:-1"},"canonical":"https:\/\/gambling6.com\/lt\/kazino\/blackjacko-kilme\/","og_locale":"lt_LT","og_type":"article","og_title":"Kort\u0173 \u017eaidimo \u201eBlackjack\u201c kilm\u0117","og_description":"Skaitykite apie Black Jack istorij\u0105 \u2013 nuo \u200b\u200bpopuliaraus neoninio \u017eaidimo iki kazino pramog\u0173 ir internetini\u0173 kazino.","og_url":"https:\/\/gambling6.com\/lt\/kazino\/blackjacko-kilme\/","og_site_name":"Gambling6","article_modified_time":"2025-11-15T09:22:50+00:00","og_image":[{"width":243,"height":207,"url":"https:\/\/gambling6.com\/wp-content\/uploads\/2013\/12\/history-of-balck-jack.jpg","type":"image\/jpeg"}],"twitter_card":"summary_large_image","twitter_misc":{"Est. reading time":"2 minut\u0117s"},"schema":{"@context":"https:\/\/schema.org","@graph":[{"@type":"WebPage","@id":"https:\/\/gambling6.com\/lt\/kazino\/blackjacko-kilme\/","url":"https:\/\/gambling6.com\/lt\/kazino\/blackjacko-kilme\/","name":"Kort\u0173 \u017eaidimo \u201eBlackjack\u201c kilm\u0117","isPartOf":{"@id":"https:\/\/gambling6.com\/lt\/#website"},"primaryImageOfPage":{"@id":"https:\/\/gambling6.com\/lt\/kazino\/blackjacko-kilme\/#primaryimage"},"image":{"@id":"https:\/\/gambling6.com\/lt\/kazino\/blackjacko-kilme\/#primaryimage"},"thumbnailUrl":"https:\/\/gambling6.com\/wp-content\/uploads\/2013\/12\/history-of-balck-jack.jpg","datePublished":"2025-11-08T09:30:17+00:00","dateModified":"2025-11-15T09:22:50+00:00","description":"Skaitykite apie Black Jack istorij\u0105 \u2013 nuo \u200b\u200bpopuliaraus neoninio \u017eaidimo iki kazino pramog\u0173 ir internetini\u0173 kazino.","breadcrumb":{"@id":"https:\/\/gambling6.com\/lt\/kazino\/blackjacko-kilme\/#breadcrumb"},"inLanguage":"lt-LT","potentialAction":[{"@type":"ReadAction","target":["https:\/\/gambling6.com\/lt\/kazino\/blackjacko-kilme\/"]}]},{"@type":"ImageObject","inLanguage":"lt-LT","@id":"https:\/\/gambling6.com\/lt\/kazino\/blackjacko-kilme\/#primaryimage","url":"https:\/\/gambling6.com\/wp-content\/uploads\/2013\/12\/history-of-balck-jack.jpg","contentUrl":"https:\/\/gambling6.com\/wp-content\/uploads\/2013\/12\/history-of-balck-jack.jpg","width":243,"height":207,"caption":"blackjack"},{"@type":"BreadcrumbList","@id":"https:\/\/gambling6.com\/lt\/kazino\/blackjacko-kilme\/#breadcrumb","itemListElement":[{"@type":"ListItem","position":1,"name":"Home","item":"https:\/\/gambling6.com\/lt\/home\/"},{"@type":"ListItem","position":2,"name":"Kazino","item":"https:\/\/gambling6.com\/lt\/get-started-with-online-gambling\/"},{"@type":"ListItem","position":3,"name":"Blackjacko kilm\u0117"}]},{"@type":"WebSite","@id":"https:\/\/gambling6.com\/lt\/#website","url":"https:\/\/gambling6.com\/lt\/","name":"Gambling6","description":"","potentialAction":[{"@type":"SearchAction","target":{"@type":"EntryPoint","urlTemplate":"https:\/\/gambling6.com\/lt\/?s={search_term_string}"},"query-input":{"@type":"PropertyValueSpecification","valueRequired":true,"valueName":"search_term_string"}}],"inLanguage":"lt-LT"}]}},"_links":{"self":[{"href":"https:\/\/gambling6.com\/lt\/wp-json\/wp\/v2\/pages\/8896","targetHints":{"allow":["GET"]}}],"collection":[{"href":"https:\/\/gambling6.com\/lt\/wp-json\/wp\/v2\/pages"}],"about":[{"href":"https:\/\/gambling6.com\/lt\/wp-json\/wp\/v2\/types\/page"}],"author":[{"embeddable":true,"href":"https:\/\/gambling6.com\/lt\/wp-json\/wp\/v2\/users\/1"}],"replies":[{"embeddable":true,"href":"https:\/\/gambling6.com\/lt\/wp-json\/wp\/v2\/comments?post=8896"}],"version-history":[{"count":1,"href":"https:\/\/gambling6.com\/lt\/wp-json\/wp\/v2\/pages\/8896\/revisions"}],"predecessor-version":[{"id":10872,"href":"https:\/\/gambling6.com\/lt\/wp-json\/wp\/v2\/pages\/8896\/revisions\/10872"}],"up":[{"embeddable":true,"href":"https:\/\/gambling6.com\/lt\/wp-json\/wp\/v2\/pages\/8316"}],"wp:featuredmedia":[{"embeddable":true,"href":"https:\/\/gambling6.com\/lt\/wp-json\/wp\/v2\/media\/8881"}],"wp:attachment":[{"href":"https:\/\/gambling6.com\/lt\/wp-json\/wp\/v2\/media?parent=8896"}],"curies":[{"name":"wp","href":"https:\/\/api.w.org\/{rel}","templated":true}]}}