{"id":8940,"date":"2025-11-08T10:18:56","date_gmt":"2025-11-08T10:18:56","guid":{"rendered":"https:\/\/gambling6.com\/kazino\/viskas-ka-reikia-zinoti-apie-internetinius-losimo-automatus\/"},"modified":"2025-11-15T09:48:02","modified_gmt":"2025-11-15T09:48:02","slug":"viskas-ka-reikia-zinoti-apie-internetinius-losimo-automatus","status":"publish","type":"page","link":"https:\/\/gambling6.com\/lt\/kazino\/viskas-ka-reikia-zinoti-apie-internetinius-losimo-automatus\/","title":{"rendered":"Viskas, k\u0105 reikia \u017einoti apie internetinius lo\u0161imo automatus"},"content":{"rendered":"<h2>Lo\u0161imo automat\u0173 \u017eaidimas \u2013 populiariausias internetinis kazino \u017eaidimas<\/h2>\n<p>Internetiniai lo\u0161imo automatai yra populiariausias pasirinkimas tarp kazino \u017eaid\u0117j\u0173, ir tam yra daug prie\u017eas\u010di\u0173. Nors i\u0161 pirmo \u017evilgsnio \u017eaidimai atrodo paprasti, i\u0161 tikr\u0173j\u0173 yra nema\u017eai dalyk\u0173, kuriuos tur\u0117tum\u0117te \u017einoti apie juos, kad pagerintum\u0117te savo rezultatus ir sukurtum\u0117te geresn\u0119 \u017eaidim\u0173 patirt\u012f internete. Informacijos apie \u012fvairius su tikrais pinigais susijusi\u0173 lo\u0161imo automat\u0173 aspektus rasite m\u016bs\u0173 svetain\u0117je, skirtoje mokyti \u017eaid\u0117jus, kaip veikia \u017eaidimas ir kokias strategijas jie gali naudoti.<\/p>\n<h2>Pristatome internetinius lo\u0161imo automatus<\/h2>\n<p><img loading=\"lazy\" decoding=\"async\" class=\" alignright size-full wp-image-370\" style=\"margin: 5px; float: right;\" src=\"http:\/\/gambling6.com\/wp-content\/uploads\/2013\/12\/Slots-150x150.jpg\" alt=\"Lo\u0161imo automatai-150x150\" width=\"150\" height=\"150\" \/>Lo\u0161imo automatai yra labai populiar\u016bs fiziniuose kazino ir paprastai u\u017epildo dideles sales, kad patenkint\u0173 didel\u0119 paklaus\u0105. Ties\u0105 sakant, piko valandomis labai tik\u0117tina, kad populiariuose kazino nerasite lo\u0161imo automato. \u017daidimo koncepcija paprasta: ant 3 arba 5 besisukan\u010di\u0173 b\u016bgn\u0173 yra keli simboliai. \u017daid\u0117jas turi atlikti statym\u0105 ir pasirinkti norim\u0173 \u017eaisti linij\u0173 skai\u010di\u0173.<\/p>\n<p>Tada jis gali sukti b\u016bgnus, o jei simboliai sustoja tam tikroje kombinacijoje kiekvienoje pasirinktoje linijoje, \u017eaidimas skirs priz\u0105, pagr\u012fst\u0105 koeficientais ir statymo dyd\u017eiu. B\u016btent \u0161is \u017eaidimo paprastumas ir l\u0117m\u0117 jo populiarum\u0105, kartu su galimybe laim\u0117ti did\u017eiulius prizus. Kadangi internetiniai kazino b\u0117gant metams tapo vis populiaresni, lo\u0161imo automatai i\u0161laik\u0117 savo populiarum\u0105, nes \u017eaid\u0117jai persik\u0117l\u0117 \u012f internet\u0105, kad lengviau pasiekt\u0173 savo m\u0117gstamus \u017eaidimus.<\/p>\n<p>Taikomos tos pa\u010dios taisykl\u0117s, ta\u010diau internetiniai lo\u0161imo automatai dabar naudoja atsitiktini\u0173 skai\u010di\u0173 generatorius, kad nustatyt\u0173, kurie simboliai rodomi, kai b\u016bgnai nustoja suktis. Lo\u0161imo automat\u0173 tikimyb\u0117s teori\u0161kai i\u0161lieka tos pa\u010dios, ta\u010diau dauguma \u017eaid\u0117j\u0173 teigia, kad internetiniai lo\u0161imo automatai yra daug pelningesni, nes jie jokiu b\u016bdu n\u0117ra koreguojami priklausomai nuo j\u0173 vietos kazino sal\u0117je.<\/p>\n<h2>Naujos galimyb\u0117s internete<\/h2>\n<p>Internetiniai lo\u0161imo automatai per pastaruosius kelerius metus i\u0161populiar\u0117jo, o internetas suteik\u0117 programin\u0117s \u012frangos k\u016br\u0117jams galimyb\u0119 pakelti \u017eaidim\u0105 \u012f kit\u0105 lyg\u012f. \u017daid\u0117jai dabar gali rinktis i\u0161 daugyb\u0117s mok\u0117jimo linij\u0173. Kiekviena papildoma linija turi toki\u0105 pa\u010di\u0105 tikimyb\u0119 pataikyti laim\u0117jimo derin\u012f, tod\u0117l \u017eaid\u0117jas turi galimyb\u0119 mok\u0117ti daugiau ir \u017eaisti daugiau linij\u0173 per vien\u0105 sukim\u0105. Internetas taip pat suteik\u0117 geriausi\u0105 b\u016bd\u0105 pl\u0117sti internetinius lo\u0161imo automatus pagal j\u0173 tem\u0105 ir stili\u0173. Nauji \u017eaidimai i\u0161leid\u017eiami gana da\u017enai ir gali apimti \u012fvairias temas, o galimybes i\u0161 tikr\u0173j\u0173 riboja tik vaizduot\u0117. Populiar\u016bs filmai, tokie kaip \u201eTamsos riteris\u201c ir \u201eGladiatorius\u201c, \u012fkvepia internetinius lo\u0161imo automatus.<\/p>\n<p>Tarp geriausi\u0173 kazino, si\u016blan\u010di\u0173 patrauklias temas ir ak\u012f traukiant\u012f dizain\u0105, neabejotinai yra \u201e888 Casino\u201c. <a class=\"thirstylink\" title=\"888 casino en\" href=\"https:\/\/gambling6.com\/go\/888-casino-en\/\" target=\"_blank\" rel=\"nofollow noopener\">Jei norite juos i\u0161bandyti, spustel\u0117kite \u0161i\u0105 nuorod\u0105 \u2013 nenusivilsite.<\/a><\/p>\n<h2>Progresyv\u016bs lo\u0161imo automatai<\/h2>\n<p>Progresyvius lo\u0161imo automatus taip pat galima rasti fiziniuose kazino, ta\u010diau jie yra labai populiar\u016bs internete. Id\u0117ja ta, kad kazino sujungia kelis lo\u0161imo automatus, kad kiekvienas j\u0173 statymas gal\u0117t\u0173 prisid\u0117ti prie vieno standartinio kaupiamojo prizo, kur\u012f galima laim\u0117ti bet kuriuo metu. Kalbant apie internetinius kazino, susieti \u0161iuos \u017eaidimus yra daug lengviau, tod\u0117l daugiau vartotoj\u0173 gali \u017eaisti t\u0105 pat\u012f \u017eaidim\u0105. D\u0117l to atsiranda labai populiar\u016bs progresyv\u016bs lo\u0161imo automatai, kurie gali skirti milijonus doleri\u0173 kas por\u0105 m\u0117nesi\u0173.<\/p>\n<p>Didysis prizas auga su kiekvienu papildomu \u017eaid\u0117j\u0173 statymu, kol kas nors pasiekia laimint\u012f derin\u012f ir laimi vis\u0105 sum\u0105. Pavyzd\u017eiui, internetiniame lo\u0161imo automate, skirtame pokeriui, didysis prizas laimimas pataikant \u201eRoyal Flush\u201c. \u017dinoma, ma\u017eesni prizai skiriami ir u\u017e kitus da\u017eniau pasitaikan\u010dius derinius, tod\u0117l \u017eaid\u0117jai stato ne tik d\u0117l didysis prizas. Populiarius progresyvius lo\u0161imo automatus galima rasti keliuose internetiniuose kazino vienu metu, jei jie naudoja t\u0105 pat\u012f programin\u0117s \u012frangos tiek\u0117j\u0105.<\/p>\n<h2>Internetini\u0173 lo\u0161imo automat\u0173 strategijos<\/h2>\n<p>Nors lo\u0161imo automatai yra grynai s\u0117km\u0117s \u017eaidimas, keli naudingi patarimai gali pad\u0117ti padidinti j\u016bs\u0173 peln\u0105. Svarbiausia \u017einoti, kad sukimas nepriklauso nuo ankstesnio; kiekvieno sukimo tikimyb\u0117 yra tokia pati. Daugelis \u017eaid\u0117j\u0173 mano, kad jei \u017eais pakankamai ilgai, galiausiai laim\u0117s didel\u012f priz\u0105. Geriausias b\u016bdas laim\u0117ti internetiniuose lo\u0161imo automatuose \u2013 tinkamai valdyti savo bankroll\u0105, vengiant nereikalingos rizikos prad\u017eioje. Tai rei\u0161kia, kad tur\u0117tum\u0117te \u017eaisti ma\u017eiau linij\u0173 ir vengti \u017eaidim\u0173, kuriuose si\u016blomos \u201edvigubos arba nieko\u201c funkcijos. Nor\u0117dami geriau su\u017einoti, kaip veikia \u017eaidimas, pirmiausia galite \u017eaisti i\u0161 virtuali\u0173 pinig\u0173.<\/p>\n","protected":false},"excerpt":{"rendered":"<p>Lo\u0161imo automat\u0173 \u017eaidimas \u2013 populiariausias internetinis kazino \u017eaidimas Internetiniai lo\u0161imo automatai yra populiariausias pasirinkimas tarp kazino \u017eaid\u0117j\u0173, ir tam yra daug prie\u017eas\u010di\u0173. Nors i\u0161 pirmo \u017evilgsnio \u017eaidimai atrodo paprasti, i\u0161 tikr\u0173j\u0173 yra nema\u017eai dalyk\u0173, kuriuos tur\u0117tum\u0117te \u017einoti apie juos, kad pagerintum\u0117te savo rezultatus ir sukurtum\u0117te geresn\u0119 \u017eaidim\u0173 patirt\u012f internete. Informacijos apie \u012fvairius su tikrais pinigais [&hellip;]<\/p>\n","protected":false},"author":1,"featured_media":8925,"parent":8316,"menu_order":42,"comment_status":"closed","ping_status":"closed","template":"","meta":{"footnotes":""},"class_list":["post-8940","page","type-page","status-publish","has-post-thumbnail","hentry"],"yoast_head":"<!-- This site is optimized with the Yoast SEO plugin v27.6 - https:\/\/yoast.com\/product\/yoast-seo-wordpress\/ -->\n<title>Informacija apie tai, kaip \u017eaisti lo\u0161imo automatus internete<\/title>\n<meta name=\"description\" content=\"I\u0161mokite \u017eaisti internetiniais lo\u0161imo automatais ir laim\u0117ti milijonus doleri\u0173 progresyvi\u0173j\u0173 jackpot\u0173 vos vienu pel\u0117s mygtuko paspaudimu.\" \/>\n<meta name=\"robots\" content=\"index, follow, max-snippet:-1, max-image-preview:large, max-video-preview:-1\" \/>\n<link rel=\"canonical\" href=\"https:\/\/gambling6.com\/lt\/kazino\/viskas-ka-reikia-zinoti-apie-internetinius-losimo-automatus\/\" \/>\n<meta property=\"og:locale\" content=\"lt_LT\" \/>\n<meta property=\"og:type\" content=\"article\" \/>\n<meta property=\"og:title\" content=\"Informacija apie tai, kaip \u017eaisti lo\u0161imo automatus internete\" \/>\n<meta property=\"og:description\" content=\"I\u0161mokite \u017eaisti internetiniais lo\u0161imo automatais ir laim\u0117ti milijonus doleri\u0173 progresyvi\u0173j\u0173 jackpot\u0173 vos vienu pel\u0117s mygtuko paspaudimu.\" \/>\n<meta property=\"og:url\" content=\"https:\/\/gambling6.com\/lt\/kazino\/viskas-ka-reikia-zinoti-apie-internetinius-losimo-automatus\/\" \/>\n<meta property=\"og:site_name\" content=\"Gambling6\" \/>\n<meta property=\"article:modified_time\" content=\"2025-11-15T09:48:02+00:00\" \/>\n<meta property=\"og:image\" content=\"https:\/\/gambling6.com\/wp-content\/uploads\/2013\/12\/Slots-150x150.jpg\" \/>\n\t<meta property=\"og:image:width\" content=\"150\" \/>\n\t<meta property=\"og:image:height\" content=\"150\" \/>\n\t<meta property=\"og:image:type\" content=\"image\/jpeg\" \/>\n<meta name=\"twitter:card\" content=\"summary_large_image\" \/>\n<meta name=\"twitter:label1\" content=\"Est. reading time\" \/>\n\t<meta name=\"twitter:data1\" content=\"4 minut\u0117s\" \/>\n<script type=\"application\/ld+json\" class=\"yoast-schema-graph\">{\"@context\":\"https:\\\/\\\/schema.org\",\"@graph\":[{\"@type\":\"WebPage\",\"@id\":\"https:\\\/\\\/gambling6.com\\\/lt\\\/kazino\\\/viskas-ka-reikia-zinoti-apie-internetinius-losimo-automatus\\\/\",\"url\":\"https:\\\/\\\/gambling6.com\\\/lt\\\/kazino\\\/viskas-ka-reikia-zinoti-apie-internetinius-losimo-automatus\\\/\",\"name\":\"Informacija apie tai, kaip \u017eaisti lo\u0161imo automatus internete\",\"isPartOf\":{\"@id\":\"https:\\\/\\\/gambling6.com\\\/lt\\\/#website\"},\"primaryImageOfPage\":{\"@id\":\"https:\\\/\\\/gambling6.com\\\/lt\\\/kazino\\\/viskas-ka-reikia-zinoti-apie-internetinius-losimo-automatus\\\/#primaryimage\"},\"image\":{\"@id\":\"https:\\\/\\\/gambling6.com\\\/lt\\\/kazino\\\/viskas-ka-reikia-zinoti-apie-internetinius-losimo-automatus\\\/#primaryimage\"},\"thumbnailUrl\":\"https:\\\/\\\/gambling6.com\\\/wp-content\\\/uploads\\\/2013\\\/12\\\/Slots-150x150.jpg\",\"datePublished\":\"2025-11-08T10:18:56+00:00\",\"dateModified\":\"2025-11-15T09:48:02+00:00\",\"description\":\"I\u0161mokite \u017eaisti internetiniais lo\u0161imo automatais ir laim\u0117ti milijonus doleri\u0173 progresyvi\u0173j\u0173 jackpot\u0173 vos vienu pel\u0117s mygtuko paspaudimu.\",\"breadcrumb\":{\"@id\":\"https:\\\/\\\/gambling6.com\\\/lt\\\/kazino\\\/viskas-ka-reikia-zinoti-apie-internetinius-losimo-automatus\\\/#breadcrumb\"},\"inLanguage\":\"lt-LT\",\"potentialAction\":[{\"@type\":\"ReadAction\",\"target\":[\"https:\\\/\\\/gambling6.com\\\/lt\\\/kazino\\\/viskas-ka-reikia-zinoti-apie-internetinius-losimo-automatus\\\/\"]}]},{\"@type\":\"ImageObject\",\"inLanguage\":\"lt-LT\",\"@id\":\"https:\\\/\\\/gambling6.com\\\/lt\\\/kazino\\\/viskas-ka-reikia-zinoti-apie-internetinius-losimo-automatus\\\/#primaryimage\",\"url\":\"https:\\\/\\\/gambling6.com\\\/wp-content\\\/uploads\\\/2013\\\/12\\\/Slots-150x150.jpg\",\"contentUrl\":\"https:\\\/\\\/gambling6.com\\\/wp-content\\\/uploads\\\/2013\\\/12\\\/Slots-150x150.jpg\",\"width\":150,\"height\":150},{\"@type\":\"BreadcrumbList\",\"@id\":\"https:\\\/\\\/gambling6.com\\\/lt\\\/kazino\\\/viskas-ka-reikia-zinoti-apie-internetinius-losimo-automatus\\\/#breadcrumb\",\"itemListElement\":[{\"@type\":\"ListItem\",\"position\":1,\"name\":\"Home\",\"item\":\"https:\\\/\\\/gambling6.com\\\/lt\\\/home\\\/\"},{\"@type\":\"ListItem\",\"position\":2,\"name\":\"Kazino\",\"item\":\"https:\\\/\\\/gambling6.com\\\/lt\\\/get-started-with-online-gambling\\\/\"},{\"@type\":\"ListItem\",\"position\":3,\"name\":\"Viskas, k\u0105 reikia \u017einoti apie internetinius lo\u0161imo automatus\"}]},{\"@type\":\"WebSite\",\"@id\":\"https:\\\/\\\/gambling6.com\\\/lt\\\/#website\",\"url\":\"https:\\\/\\\/gambling6.com\\\/lt\\\/\",\"name\":\"Gambling6\",\"description\":\"\",\"potentialAction\":[{\"@type\":\"SearchAction\",\"target\":{\"@type\":\"EntryPoint\",\"urlTemplate\":\"https:\\\/\\\/gambling6.com\\\/lt\\\/?s={search_term_string}\"},\"query-input\":{\"@type\":\"PropertyValueSpecification\",\"valueRequired\":true,\"valueName\":\"search_term_string\"}}],\"inLanguage\":\"lt-LT\"}]}<\/script>\n<!-- \/ Yoast SEO plugin. -->","yoast_head_json":{"title":"Informacija apie tai, kaip \u017eaisti lo\u0161imo automatus internete","description":"I\u0161mokite \u017eaisti internetiniais lo\u0161imo automatais ir laim\u0117ti milijonus doleri\u0173 progresyvi\u0173j\u0173 jackpot\u0173 vos vienu pel\u0117s mygtuko paspaudimu.","robots":{"index":"index","follow":"follow","max-snippet":"max-snippet:-1","max-image-preview":"max-image-preview:large","max-video-preview":"max-video-preview:-1"},"canonical":"https:\/\/gambling6.com\/lt\/kazino\/viskas-ka-reikia-zinoti-apie-internetinius-losimo-automatus\/","og_locale":"lt_LT","og_type":"article","og_title":"Informacija apie tai, kaip \u017eaisti lo\u0161imo automatus internete","og_description":"I\u0161mokite \u017eaisti internetiniais lo\u0161imo automatais ir laim\u0117ti milijonus doleri\u0173 progresyvi\u0173j\u0173 jackpot\u0173 vos vienu pel\u0117s mygtuko paspaudimu.","og_url":"https:\/\/gambling6.com\/lt\/kazino\/viskas-ka-reikia-zinoti-apie-internetinius-losimo-automatus\/","og_site_name":"Gambling6","article_modified_time":"2025-11-15T09:48:02+00:00","og_image":[{"width":150,"height":150,"url":"https:\/\/gambling6.com\/wp-content\/uploads\/2013\/12\/Slots-150x150.jpg","type":"image\/jpeg"}],"twitter_card":"summary_large_image","twitter_misc":{"Est. reading time":"4 minut\u0117s"},"schema":{"@context":"https:\/\/schema.org","@graph":[{"@type":"WebPage","@id":"https:\/\/gambling6.com\/lt\/kazino\/viskas-ka-reikia-zinoti-apie-internetinius-losimo-automatus\/","url":"https:\/\/gambling6.com\/lt\/kazino\/viskas-ka-reikia-zinoti-apie-internetinius-losimo-automatus\/","name":"Informacija apie tai, kaip \u017eaisti lo\u0161imo automatus internete","isPartOf":{"@id":"https:\/\/gambling6.com\/lt\/#website"},"primaryImageOfPage":{"@id":"https:\/\/gambling6.com\/lt\/kazino\/viskas-ka-reikia-zinoti-apie-internetinius-losimo-automatus\/#primaryimage"},"image":{"@id":"https:\/\/gambling6.com\/lt\/kazino\/viskas-ka-reikia-zinoti-apie-internetinius-losimo-automatus\/#primaryimage"},"thumbnailUrl":"https:\/\/gambling6.com\/wp-content\/uploads\/2013\/12\/Slots-150x150.jpg","datePublished":"2025-11-08T10:18:56+00:00","dateModified":"2025-11-15T09:48:02+00:00","description":"I\u0161mokite \u017eaisti internetiniais lo\u0161imo automatais ir laim\u0117ti milijonus doleri\u0173 progresyvi\u0173j\u0173 jackpot\u0173 vos vienu pel\u0117s mygtuko paspaudimu.","breadcrumb":{"@id":"https:\/\/gambling6.com\/lt\/kazino\/viskas-ka-reikia-zinoti-apie-internetinius-losimo-automatus\/#breadcrumb"},"inLanguage":"lt-LT","potentialAction":[{"@type":"ReadAction","target":["https:\/\/gambling6.com\/lt\/kazino\/viskas-ka-reikia-zinoti-apie-internetinius-losimo-automatus\/"]}]},{"@type":"ImageObject","inLanguage":"lt-LT","@id":"https:\/\/gambling6.com\/lt\/kazino\/viskas-ka-reikia-zinoti-apie-internetinius-losimo-automatus\/#primaryimage","url":"https:\/\/gambling6.com\/wp-content\/uploads\/2013\/12\/Slots-150x150.jpg","contentUrl":"https:\/\/gambling6.com\/wp-content\/uploads\/2013\/12\/Slots-150x150.jpg","width":150,"height":150},{"@type":"BreadcrumbList","@id":"https:\/\/gambling6.com\/lt\/kazino\/viskas-ka-reikia-zinoti-apie-internetinius-losimo-automatus\/#breadcrumb","itemListElement":[{"@type":"ListItem","position":1,"name":"Home","item":"https:\/\/gambling6.com\/lt\/home\/"},{"@type":"ListItem","position":2,"name":"Kazino","item":"https:\/\/gambling6.com\/lt\/get-started-with-online-gambling\/"},{"@type":"ListItem","position":3,"name":"Viskas, k\u0105 reikia \u017einoti apie internetinius lo\u0161imo automatus"}]},{"@type":"WebSite","@id":"https:\/\/gambling6.com\/lt\/#website","url":"https:\/\/gambling6.com\/lt\/","name":"Gambling6","description":"","potentialAction":[{"@type":"SearchAction","target":{"@type":"EntryPoint","urlTemplate":"https:\/\/gambling6.com\/lt\/?s={search_term_string}"},"query-input":{"@type":"PropertyValueSpecification","valueRequired":true,"valueName":"search_term_string"}}],"inLanguage":"lt-LT"}]}},"_links":{"self":[{"href":"https:\/\/gambling6.com\/lt\/wp-json\/wp\/v2\/pages\/8940","targetHints":{"allow":["GET"]}}],"collection":[{"href":"https:\/\/gambling6.com\/lt\/wp-json\/wp\/v2\/pages"}],"about":[{"href":"https:\/\/gambling6.com\/lt\/wp-json\/wp\/v2\/types\/page"}],"author":[{"embeddable":true,"href":"https:\/\/gambling6.com\/lt\/wp-json\/wp\/v2\/users\/1"}],"replies":[{"embeddable":true,"href":"https:\/\/gambling6.com\/lt\/wp-json\/wp\/v2\/comments?post=8940"}],"version-history":[{"count":2,"href":"https:\/\/gambling6.com\/lt\/wp-json\/wp\/v2\/pages\/8940\/revisions"}],"predecessor-version":[{"id":10898,"href":"https:\/\/gambling6.com\/lt\/wp-json\/wp\/v2\/pages\/8940\/revisions\/10898"}],"up":[{"embeddable":true,"href":"https:\/\/gambling6.com\/lt\/wp-json\/wp\/v2\/pages\/8316"}],"wp:featuredmedia":[{"embeddable":true,"href":"https:\/\/gambling6.com\/lt\/wp-json\/wp\/v2\/media\/8925"}],"wp:attachment":[{"href":"https:\/\/gambling6.com\/lt\/wp-json\/wp\/v2\/media?parent=8940"}],"curies":[{"name":"wp","href":"https:\/\/api.w.org\/{rel}","templated":true}]}}