{"id":8965,"date":"2025-11-08T12:08:04","date_gmt":"2025-11-08T12:08:04","guid":{"rendered":"https:\/\/gambling6.com\/kazino\/kur-rasti-auksciausios-kokybes-losimo-automatus-internete\/"},"modified":"2025-11-15T09:38:07","modified_gmt":"2025-11-15T09:38:07","slug":"kur-rasti-auksciausios-kokybes-losimo-automatus-internete","status":"publish","type":"page","link":"https:\/\/gambling6.com\/lt\/kazino\/kur-rasti-auksciausios-kokybes-losimo-automatus-internete\/","title":{"rendered":"Kur rasti auk\u0161\u010diausios kokyb\u0117s lo\u0161imo automatus internete"},"content":{"rendered":"<h2>Kokyb\u0117s internetiniai lo\u0161imo automat\u0173 kazino<\/h2>\n<p>Kalbant apie internetinius kazino, lo\u0161imo automatai paprastai u\u017eima pirm\u0105j\u0105 viet\u0105 pagal \u012fvairov\u0119, \u017eaid\u0117j\u0173 skai\u010di\u0173 ir kaupiamuosius prizus. \u017dinoma, labai lengva suprasti, kod\u0117l internetiniai lo\u0161imo automat\u0173 \u017eaidimai yra tokie populiar\u016bs, ir vos vienu paprastu simboli\u0173 sukimu kiekvienas \u017eaid\u0117jas turi potencial\u0105 laim\u0117ti didelius prizus, net milijonus doleri\u0173. Ties\u0105 sakant, lo\u0161imo automatai yra tokie populiar\u016bs internete, kad kai kurie internetiniai kazino si\u016blo specialius bonusus tik \u0161iems \u017eaidimams, nes \u017eaid\u0117jai prisijungia tik tam, kad \u017eaist\u0173 \u012fvairius lo\u0161imo automatus, ir niekas kitas j\u0173 nedomina. Kadangi geriausia internetini\u0173 lo\u0161imo automat\u0173 strategija yra \u017eaisti daugiau, \u0161ie bonusai greitai praver\u010dia. <\/p>\n<h2>Kazino \u017eaidim\u0173 programin\u0117s \u012frangos tiek\u0117jai<\/h2>\n<p><img loading=\"lazy\" decoding=\"async\" class=\"size-full wp-image-400 alignright\" src=\"https:\/\/gambling6.com\/wp-content\/uploads\/2013\/12\/mobile-gambling-150x150.jpg\" alt=\"internetinis lo\u0161imo automatas\" width=\"150\" height=\"150\" \/>Kiekvien\u0105 internetin\u012f kazino valdo programin\u0117s \u012frangos k\u016br\u0117jas, ir yra nema\u017eai \u012fmoni\u0173, kurios i\u0161gars\u0117jo teikdamos vienus gra\u017eiausi\u0173 kazino \u017eaidim\u0173 internete. Jei ne\u017einote, koki\u0105 lo\u0161imo automat\u0173 programin\u0119 \u012frang\u0105 tur\u0117tum\u0117te pasirinkti, spustel\u0117kite nuorod\u0105, kuri nukreips jus \u012f du populiariausius pavadinimus \u0161ioje srityje.<\/p>\n<h2>Geriausi\u0173 lo\u0161imo automat\u0173 \u017eaidim\u0173 \u017eaidimas internete<\/h2>\n<p>Grafika ir funkcijos gali labai skirtis priklausomai nuo programin\u0117s \u012frangos, tod\u0117l visada pravartu per\u017ei\u016br\u0117ti kelias parinktis ir pa\u017ei\u016br\u0117ti, kuri jums labiausiai patinka. \u017dinodami, kaip atrodo kai kurie konkretaus programin\u0117s \u012frangos k\u016br\u0117jo \u017eaidimai, galite daug lengviau ie\u0161koti naujo internetinio kazino. Nors kai kuriose svetain\u0117se yra keletas unikali\u0173 \u017eaidim\u0173, specialiai sukurt\u0173 atitinkamam internetiniam kazino, visose to paties programin\u0117s \u012frangos tiek\u0117jo svetain\u0117se yra beveik tie patys \u017eaidimai. Siekdami u\u017etikrinti klient\u0173 pasitenkinim\u0105, kai kurie internetiniai kazino si\u016blo \u017eaidimus i\u0161 keli\u0173 programin\u0117s \u012frangos tiek\u0117j\u0173, ir tai visada malonu matyti.<\/p>\n<h3>Internetiniai lo\u0161imo automat\u0173 \u017eaidimai<\/h3>\n<p>Kadangi tiek daug internetini\u0173 kazino si\u016blo lo\u0161imo automat\u0173 \u017eaidimus i\u0161 skirting\u0173 tiek\u0117j\u0173, gali b\u016bti labai sunku \u017einoti, kurie i\u0161 j\u0173 yra i\u0161 tikr\u0173j\u0173 geriausi. Tai garantuos puiki\u0105 \u017eaidimo patirt\u012f kiekvien\u0105 kart\u0105. I\u0161bandykite \u0161i\u0105 parinkt\u012f, kuri dabar laikoma kazino su geriausiais lo\u0161imo automatais internete, nes ji si\u016blo beveik visk\u0105. \u010cia pateikta svetain\u0117 gali pasikeisti, jei atsiras geresnis pasirinkimas, ta\u010diau kol kas geriausia svetain\u0117 \u017eaisti lo\u0161imo automat\u0173 \u017eaidimus yra \u201e888 Casino\u201c. \u201e888\u201c yra vienas i\u0161 internetini\u0173 lo\u0161im\u0173 lyderi\u0173, turintis didel\u0119 sporto la\u017eyb\u0173 punkt\u0105, realisti\u0161k\u0105 pokerio kambar\u012f ir diding\u0105 kazino.<\/p>\n<p>\u201e888 Casino\u201c yra tokia puiki vieta \u017eaisti lo\u0161imo automat\u0173 \u017eaidimus, nes jie si\u016blo ilg\u0105 \u017eaidim\u0173 s\u0105ra\u0161\u0105 su \u201ePlaytech\u201c, \u201eIGT\u201c, \u201eMicrogaming\u201c ir kai kuriais j\u0173 pa\u010di\u0173 \u017eaidimais. Naujam \u017eaid\u0117jui prireiks keli\u0173 dien\u0173, kad per\u017ei\u016br\u0117t\u0173 visus galimus \u017eaidimus, o skirtingi stiliai garantuoja, kad jam niekada nebus nuobodu.<\/p>\n<p><a href=\"https:\/\/ic.aff-handler.com\/C\/45871?sr=1064399&amp;anid=\" rel=\"nofollow\"><img loading=\"lazy\" decoding=\"async\" class=\"aligncenter\" src=\"https:\/\/ic.aff-handler.com\/I\/45871?sr=1064399&amp;anid=\" width=\"725\" height=\"93\" \/><\/a><\/p>\n<p>\u017dinoma, puikus internetinis kazino \u2013 tai ne tik si\u016blomi \u017eaidimai; kad visa svetain\u0117 b\u016bt\u0173 laikoma reik\u0161minga, turi b\u016bti svarb\u016bs \u012fvair\u016bs veiksniai. Galb\u016bt svarbiausias dalykas yra saugumas, nes finansin\u0117s operacijos yra didel\u0117 internetini\u0173 lo\u0161im\u0173 dalis, o internetinis kazino tur\u0117t\u0173 garantuoti, kad viskas visada yra saugu ir patikima.<\/p>\n<p>O jei esate JAV gyventojas, JAV \u012fstatymai neleid\u017eia jums prisijungti prie 888 kazino. JAV lo\u0161\u0117jams ger\u0173 alternatyv\u0173 tr\u016bksta, ta\u010diau visiems azartiniams lo\u0161imams internetu galime rekomenduoti \u201eBetOnline Casino\u201c. Spustel\u0117kite \u017eemiau esan\u010di\u0105 reklamin\u0119 juost\u0105, kad apsilankytum\u0117te \u201eBetOnlineCasino\u201c \u2013 nenusivilsite!<\/p>\n<p><a class=\"thirstylink\" title=\"Betonline casino en\" href=\"https:\/\/gambling6.com\/go\/betonline-casino-en\/\" target=\"_blank\" rel=\"nofollow noopener\"><img loading=\"lazy\" decoding=\"async\" class=\" wp-image-7875 aligncenter\" src=\"https:\/\/gambling6.com\/wp-content\/uploads\/2025\/10\/BOL_AQC_banner_468x60_FS1_casino-300x38.gif\" alt=\"BetOnline casino\" width=\"553\" height=\"70\" \/><\/a><\/p>\n<p>\u0160tai kod\u0117l visada pravartu patikrinti atsiliepimus ir pa\u017ei\u016br\u0117ti, kurie internetiniai kazino yra patikimi, o kurie \u017einomi d\u0117l i\u0161mok\u0117jim\u0173 problem\u0173. Kadangi kalbame apie pinigus, premijos ir akcijos per pastaruosius kelerius metus tapo labai svarbios, ir tai da\u017eniausiai yra pirmas dalykas, kur\u012f patikrina naujas \u017eaid\u0117jas. Labai \u012fprasta, kad geriausi internetiniai kazino si\u016blo pasveikinimo premijas, pagr\u012fstas \u012fmokos suma, o lo\u0161imo automat\u0173 premijos yra labiausiai paplitusios d\u0117l \u017eaidimo populiarumo.<\/p>\n","protected":false},"excerpt":{"rendered":"<p>Kokyb\u0117s internetiniai lo\u0161imo automat\u0173 kazino Kalbant apie internetinius kazino, lo\u0161imo automatai paprastai u\u017eima pirm\u0105j\u0105 viet\u0105 pagal \u012fvairov\u0119, \u017eaid\u0117j\u0173 skai\u010di\u0173 ir kaupiamuosius prizus. \u017dinoma, labai lengva suprasti, kod\u0117l internetiniai lo\u0161imo automat\u0173 \u017eaidimai yra tokie populiar\u016bs, ir vos vienu paprastu simboli\u0173 sukimu kiekvienas \u017eaid\u0117jas turi potencial\u0105 laim\u0117ti didelius prizus, net milijonus doleri\u0173. Ties\u0105 sakant, lo\u0161imo automatai yra [&hellip;]<\/p>\n","protected":false},"author":1,"featured_media":0,"parent":8316,"menu_order":47,"comment_status":"closed","ping_status":"closed","template":"","meta":{"footnotes":""},"class_list":["post-8965","page","type-page","status-publish","hentry"],"yoast_head":"<!-- This site is optimized with the Yoast SEO plugin v27.4 - https:\/\/yoast.com\/product\/yoast-seo-wordpress\/ -->\n<title>Auk\u0161\u010diausios kokyb\u0117s internetiniai lo\u0161imo automatai<\/title>\n<meta name=\"description\" content=\"\u017daiskite geriausius lo\u0161imo automatus ir lo\u0161imo automat\u0173 \u017eaidimus internete. Raskite auk\u0161\u010diausios kokyb\u0117s lo\u0161imo automatus internete \u010dia!\" \/>\n<meta name=\"robots\" content=\"index, follow, max-snippet:-1, max-image-preview:large, max-video-preview:-1\" \/>\n<link rel=\"canonical\" href=\"https:\/\/gambling6.com\/lt\/kazino\/kur-rasti-auksciausios-kokybes-losimo-automatus-internete\/\" \/>\n<meta property=\"og:locale\" content=\"lt_LT\" \/>\n<meta property=\"og:type\" content=\"article\" \/>\n<meta property=\"og:title\" content=\"Auk\u0161\u010diausios kokyb\u0117s internetiniai lo\u0161imo automatai\" \/>\n<meta property=\"og:description\" content=\"\u017daiskite geriausius lo\u0161imo automatus ir lo\u0161imo automat\u0173 \u017eaidimus internete. Raskite auk\u0161\u010diausios kokyb\u0117s lo\u0161imo automatus internete \u010dia!\" \/>\n<meta property=\"og:url\" content=\"https:\/\/gambling6.com\/lt\/kazino\/kur-rasti-auksciausios-kokybes-losimo-automatus-internete\/\" \/>\n<meta property=\"og:site_name\" content=\"Gambling6\" \/>\n<meta property=\"article:modified_time\" content=\"2025-11-15T09:38:07+00:00\" \/>\n<meta property=\"og:image\" content=\"https:\/\/gambling6.com\/wp-content\/uploads\/2013\/12\/mobile-gambling-150x150.jpg\" \/>\n\t<meta property=\"og:image:width\" content=\"150\" \/>\n\t<meta property=\"og:image:height\" content=\"150\" \/>\n\t<meta property=\"og:image:type\" content=\"image\/jpeg\" \/>\n<meta name=\"twitter:card\" content=\"summary_large_image\" \/>\n<meta name=\"twitter:label1\" content=\"Est. reading time\" \/>\n\t<meta name=\"twitter:data1\" content=\"3 minut\u0117s\" \/>\n<script type=\"application\/ld+json\" class=\"yoast-schema-graph\">{\"@context\":\"https:\\\/\\\/schema.org\",\"@graph\":[{\"@type\":\"WebPage\",\"@id\":\"https:\\\/\\\/gambling6.com\\\/lt\\\/kazino\\\/kur-rasti-auksciausios-kokybes-losimo-automatus-internete\\\/\",\"url\":\"https:\\\/\\\/gambling6.com\\\/lt\\\/kazino\\\/kur-rasti-auksciausios-kokybes-losimo-automatus-internete\\\/\",\"name\":\"Auk\u0161\u010diausios kokyb\u0117s internetiniai lo\u0161imo automatai\",\"isPartOf\":{\"@id\":\"https:\\\/\\\/gambling6.com\\\/lt\\\/#website\"},\"primaryImageOfPage\":{\"@id\":\"https:\\\/\\\/gambling6.com\\\/lt\\\/kazino\\\/kur-rasti-auksciausios-kokybes-losimo-automatus-internete\\\/#primaryimage\"},\"image\":{\"@id\":\"https:\\\/\\\/gambling6.com\\\/lt\\\/kazino\\\/kur-rasti-auksciausios-kokybes-losimo-automatus-internete\\\/#primaryimage\"},\"thumbnailUrl\":\"https:\\\/\\\/gambling6.com\\\/wp-content\\\/uploads\\\/2013\\\/12\\\/mobile-gambling-150x150.jpg\",\"datePublished\":\"2025-11-08T12:08:04+00:00\",\"dateModified\":\"2025-11-15T09:38:07+00:00\",\"description\":\"\u017daiskite geriausius lo\u0161imo automatus ir lo\u0161imo automat\u0173 \u017eaidimus internete. Raskite auk\u0161\u010diausios kokyb\u0117s lo\u0161imo automatus internete \u010dia!\",\"breadcrumb\":{\"@id\":\"https:\\\/\\\/gambling6.com\\\/lt\\\/kazino\\\/kur-rasti-auksciausios-kokybes-losimo-automatus-internete\\\/#breadcrumb\"},\"inLanguage\":\"lt-LT\",\"potentialAction\":[{\"@type\":\"ReadAction\",\"target\":[\"https:\\\/\\\/gambling6.com\\\/lt\\\/kazino\\\/kur-rasti-auksciausios-kokybes-losimo-automatus-internete\\\/\"]}]},{\"@type\":\"ImageObject\",\"inLanguage\":\"lt-LT\",\"@id\":\"https:\\\/\\\/gambling6.com\\\/lt\\\/kazino\\\/kur-rasti-auksciausios-kokybes-losimo-automatus-internete\\\/#primaryimage\",\"url\":\"https:\\\/\\\/gambling6.com\\\/wp-content\\\/uploads\\\/2013\\\/12\\\/mobile-gambling-150x150.jpg\",\"contentUrl\":\"https:\\\/\\\/gambling6.com\\\/wp-content\\\/uploads\\\/2013\\\/12\\\/mobile-gambling-150x150.jpg\"},{\"@type\":\"BreadcrumbList\",\"@id\":\"https:\\\/\\\/gambling6.com\\\/lt\\\/kazino\\\/kur-rasti-auksciausios-kokybes-losimo-automatus-internete\\\/#breadcrumb\",\"itemListElement\":[{\"@type\":\"ListItem\",\"position\":1,\"name\":\"Home\",\"item\":\"https:\\\/\\\/gambling6.com\\\/lt\\\/home\\\/\"},{\"@type\":\"ListItem\",\"position\":2,\"name\":\"Kazino\",\"item\":\"https:\\\/\\\/gambling6.com\\\/lt\\\/get-started-with-online-gambling\\\/\"},{\"@type\":\"ListItem\",\"position\":3,\"name\":\"Kur rasti auk\u0161\u010diausios kokyb\u0117s lo\u0161imo automatus internete\"}]},{\"@type\":\"WebSite\",\"@id\":\"https:\\\/\\\/gambling6.com\\\/lt\\\/#website\",\"url\":\"https:\\\/\\\/gambling6.com\\\/lt\\\/\",\"name\":\"Gambling6\",\"description\":\"\",\"potentialAction\":[{\"@type\":\"SearchAction\",\"target\":{\"@type\":\"EntryPoint\",\"urlTemplate\":\"https:\\\/\\\/gambling6.com\\\/lt\\\/?s={search_term_string}\"},\"query-input\":{\"@type\":\"PropertyValueSpecification\",\"valueRequired\":true,\"valueName\":\"search_term_string\"}}],\"inLanguage\":\"lt-LT\"}]}<\/script>\n<!-- \/ Yoast SEO plugin. -->","yoast_head_json":{"title":"Auk\u0161\u010diausios kokyb\u0117s internetiniai lo\u0161imo automatai","description":"\u017daiskite geriausius lo\u0161imo automatus ir lo\u0161imo automat\u0173 \u017eaidimus internete. Raskite auk\u0161\u010diausios kokyb\u0117s lo\u0161imo automatus internete \u010dia!","robots":{"index":"index","follow":"follow","max-snippet":"max-snippet:-1","max-image-preview":"max-image-preview:large","max-video-preview":"max-video-preview:-1"},"canonical":"https:\/\/gambling6.com\/lt\/kazino\/kur-rasti-auksciausios-kokybes-losimo-automatus-internete\/","og_locale":"lt_LT","og_type":"article","og_title":"Auk\u0161\u010diausios kokyb\u0117s internetiniai lo\u0161imo automatai","og_description":"\u017daiskite geriausius lo\u0161imo automatus ir lo\u0161imo automat\u0173 \u017eaidimus internete. Raskite auk\u0161\u010diausios kokyb\u0117s lo\u0161imo automatus internete \u010dia!","og_url":"https:\/\/gambling6.com\/lt\/kazino\/kur-rasti-auksciausios-kokybes-losimo-automatus-internete\/","og_site_name":"Gambling6","article_modified_time":"2025-11-15T09:38:07+00:00","og_image":[{"width":150,"height":150,"url":"https:\/\/gambling6.com\/wp-content\/uploads\/2013\/12\/mobile-gambling-150x150.jpg","type":"image\/jpeg"}],"twitter_card":"summary_large_image","twitter_misc":{"Est. reading time":"3 minut\u0117s"},"schema":{"@context":"https:\/\/schema.org","@graph":[{"@type":"WebPage","@id":"https:\/\/gambling6.com\/lt\/kazino\/kur-rasti-auksciausios-kokybes-losimo-automatus-internete\/","url":"https:\/\/gambling6.com\/lt\/kazino\/kur-rasti-auksciausios-kokybes-losimo-automatus-internete\/","name":"Auk\u0161\u010diausios kokyb\u0117s internetiniai lo\u0161imo automatai","isPartOf":{"@id":"https:\/\/gambling6.com\/lt\/#website"},"primaryImageOfPage":{"@id":"https:\/\/gambling6.com\/lt\/kazino\/kur-rasti-auksciausios-kokybes-losimo-automatus-internete\/#primaryimage"},"image":{"@id":"https:\/\/gambling6.com\/lt\/kazino\/kur-rasti-auksciausios-kokybes-losimo-automatus-internete\/#primaryimage"},"thumbnailUrl":"https:\/\/gambling6.com\/wp-content\/uploads\/2013\/12\/mobile-gambling-150x150.jpg","datePublished":"2025-11-08T12:08:04+00:00","dateModified":"2025-11-15T09:38:07+00:00","description":"\u017daiskite geriausius lo\u0161imo automatus ir lo\u0161imo automat\u0173 \u017eaidimus internete. Raskite auk\u0161\u010diausios kokyb\u0117s lo\u0161imo automatus internete \u010dia!","breadcrumb":{"@id":"https:\/\/gambling6.com\/lt\/kazino\/kur-rasti-auksciausios-kokybes-losimo-automatus-internete\/#breadcrumb"},"inLanguage":"lt-LT","potentialAction":[{"@type":"ReadAction","target":["https:\/\/gambling6.com\/lt\/kazino\/kur-rasti-auksciausios-kokybes-losimo-automatus-internete\/"]}]},{"@type":"ImageObject","inLanguage":"lt-LT","@id":"https:\/\/gambling6.com\/lt\/kazino\/kur-rasti-auksciausios-kokybes-losimo-automatus-internete\/#primaryimage","url":"https:\/\/gambling6.com\/wp-content\/uploads\/2013\/12\/mobile-gambling-150x150.jpg","contentUrl":"https:\/\/gambling6.com\/wp-content\/uploads\/2013\/12\/mobile-gambling-150x150.jpg"},{"@type":"BreadcrumbList","@id":"https:\/\/gambling6.com\/lt\/kazino\/kur-rasti-auksciausios-kokybes-losimo-automatus-internete\/#breadcrumb","itemListElement":[{"@type":"ListItem","position":1,"name":"Home","item":"https:\/\/gambling6.com\/lt\/home\/"},{"@type":"ListItem","position":2,"name":"Kazino","item":"https:\/\/gambling6.com\/lt\/get-started-with-online-gambling\/"},{"@type":"ListItem","position":3,"name":"Kur rasti auk\u0161\u010diausios kokyb\u0117s lo\u0161imo automatus internete"}]},{"@type":"WebSite","@id":"https:\/\/gambling6.com\/lt\/#website","url":"https:\/\/gambling6.com\/lt\/","name":"Gambling6","description":"","potentialAction":[{"@type":"SearchAction","target":{"@type":"EntryPoint","urlTemplate":"https:\/\/gambling6.com\/lt\/?s={search_term_string}"},"query-input":{"@type":"PropertyValueSpecification","valueRequired":true,"valueName":"search_term_string"}}],"inLanguage":"lt-LT"}]}},"_links":{"self":[{"href":"https:\/\/gambling6.com\/lt\/wp-json\/wp\/v2\/pages\/8965","targetHints":{"allow":["GET"]}}],"collection":[{"href":"https:\/\/gambling6.com\/lt\/wp-json\/wp\/v2\/pages"}],"about":[{"href":"https:\/\/gambling6.com\/lt\/wp-json\/wp\/v2\/types\/page"}],"author":[{"embeddable":true,"href":"https:\/\/gambling6.com\/lt\/wp-json\/wp\/v2\/users\/1"}],"replies":[{"embeddable":true,"href":"https:\/\/gambling6.com\/lt\/wp-json\/wp\/v2\/comments?post=8965"}],"version-history":[{"count":1,"href":"https:\/\/gambling6.com\/lt\/wp-json\/wp\/v2\/pages\/8965\/revisions"}],"predecessor-version":[{"id":10888,"href":"https:\/\/gambling6.com\/lt\/wp-json\/wp\/v2\/pages\/8965\/revisions\/10888"}],"up":[{"embeddable":true,"href":"https:\/\/gambling6.com\/lt\/wp-json\/wp\/v2\/pages\/8316"}],"wp:attachment":[{"href":"https:\/\/gambling6.com\/lt\/wp-json\/wp\/v2\/media?parent=8965"}],"curies":[{"name":"wp","href":"https:\/\/api.w.org\/{rel}","templated":true}]}}