{"id":9010,"date":"2025-11-08T12:59:09","date_gmt":"2025-11-08T12:59:09","guid":{"rendered":"https:\/\/gambling6.com\/kazino\/kai-kurie-kazino-zaidimai-is-tikruju-yra-nemokami\/"},"modified":"2025-11-15T09:30:06","modified_gmt":"2025-11-15T09:30:06","slug":"kai-kurie-kazino-zaidimai-is-tikruju-yra-nemokami","status":"publish","type":"page","link":"https:\/\/gambling6.com\/lt\/kazino\/kai-kurie-kazino-zaidimai-is-tikruju-yra-nemokami\/","title":{"rendered":"Kai kurie kazino \u017eaidimai i\u0161 tikr\u0173j\u0173 yra nemokami!"},"content":{"rendered":"<h2>Kod\u0117l kazino si\u016blo nemokamus \u017eaidimus<\/h2>\n<p>Atsiradus interneto technologijoms, dauguma <a href=\"http:\/\/gambling6.com\/wp-content\/uploads\/2013\/12\/img_116.png\"><img loading=\"lazy\" decoding=\"async\" class=\"alignright size-full wp-image-638 alignleft size-full wp-image-238\" style=\"margin: 5px; float: left;\" src=\"http:\/\/gambling6.com\/wp-content\/uploads\/2013\/12\/img_116.png\" alt=\"\u201efre2\u201c kazino \u017eaidimai\" width=\"219\" height=\"151\" \/><\/a>kazino gerb\u0117j\u0173 prad\u0117jo \u017eaisti kazino \u017eaidimus patogiai \u012fsitais\u0119 namuose. Internetiniai kazino si\u016blo daugiau privalum\u0173 nei tradiciniai kazino. \u017daidimai internetu ne tik suteikia patogumo, bet ir leid\u017eia \u017eaisti m\u0117gstamus \u017eaidimus nerizikuojant pinigais. Internetiniai kazino susiduria su didele konkurencija, tod\u0117l jie si\u016blo nemokamus \u017eaidimus, kad paskatint\u0173 naujus \u017eaid\u0117jus tapti nariais. \u0160iuos nemokamus \u017eaidimus galite \u017eaisti tol, kol patobulinsite savo \u012fg\u016bd\u017eius ir tapsite ekspertu.<\/p>\n<p>Ko tik\u0117tis renkantis kazino, si\u016blan\u010dius nemokamus \u017eaidimus?<\/h2>\n<p>Svarbiausias dalykas, kur\u012f turite padaryti, nor\u0117dami \u017eaisti <strong>kazino<\/strong> \u017eaidimus nemokamai, yra susirasti ger\u0105 svetain\u0119, si\u016blan\u010di\u0105 plat\u0173 nemokam\u0173 \u017eaidim\u0173 pasirinkim\u0105. \u012esitikinkite, kad svetain\u0117 yra patikima ir ger\u0105 reputacij\u0105 turinti. J\u016bs\u0173 internetini\u0173 \u017eaidim\u0173 nuotykis prasideda nuo s\u0105skaitos atidarymo. Internetiniai kazino reikalauja pateikti asmenin\u0119 informacij\u0105, pvz., vard\u0105, pavard\u0119, am\u017ei\u0173, adres\u0105 ir el. pa\u0161to adres\u0105. Geriausi kazino stengiasi pasi\u016blyti saugi\u0105 ir patogi\u0105 aplink\u0105, kurioje gal\u0117tum\u0117te valand\u0173 valandas m\u0117gautis m\u0117gstamais \u017eaidimais. U\u017eregistrav\u0119 paskyr\u0105 svetain\u0117je, galite rinktis tarp pramoginio ir tikr\u0173 pinig\u0173 re\u017eimo. Galite pasirinkti pramogin\u012f arba nemokam\u0173 pinig\u0173 re\u017eim\u0105, kad i\u0161bandytum\u0117te \u012fvairius \u017eaidimus nei\u0161leisdami joki\u0173 pinig\u0173 i\u0161 savo pinigin\u0117s.<\/p>\n<p>Ar yra koki\u0173 nors rizik\u0173 \u017eaid\u017eiant nemokamus \u017eaidimus?<\/h2>\n<p>\u017daisti nemokamus <strong>kazino<\/strong> \u017eaidimus n\u0117ra jokios rizikos, jei atid\u017eiai renkat\u0117s patikim\u0105 svetain\u0119. Kazino imasi vis\u0173 b\u016btin\u0173 veiksm\u0173, kad pasi\u016blyt\u0173 jums maloni\u0105 \u017eaidimo patirt\u012f ir gal\u0117tum\u0117te tapti tikru \u017eaidimo \u017eaid\u0117ju.<\/p>\n<p>Jei nor\u0117tum\u0117te nemokamai i\u0161bandyti kazino \u017eaidimus \u017eaisdami u\u017e tikrus pinigus, turime jums puiki\u0105 rekomendacij\u0105. \u201e888 Casino\u201c suteikia jums 20 \u20ac \u017eaisti be jokio savo \u012fna\u0161o. O jei v\u0117liau nuspr\u0119site \u012fne\u0161ti papildom\u0173 l\u0117\u0161\u0173, vis tiek gausite dar vien\u0105 premij\u0105 iki 1500 \u20ac u\u017e savo pirm\u0105j\u012f \u012fna\u0161\u0105. <a href=\"https:\/\/ic.aff-handler.com\/C\/45871?sr=1064399&amp;anid=\" rel=\"nofollow\"><img loading=\"lazy\" decoding=\"async\" class=\"aligncenter\" src=\"https:\/\/ic.aff-handler.com\/I\/45871?sr=1064399&amp;anid=\" width=\"594\" height=\"77\" \/><\/a><br \/>\n<strong>Ar yra koki\u0173 nors apribojim\u0173?<\/strong><\/p>\n<p>Internetiniai kazino paprastai leid\u017eia \u017eaisti \u017eaidimus tam tikr\u0105 skai\u010di\u0173 kart\u0173 ir tam tikr\u0105 laikotarp\u012f. Gali b\u016bti tam tikr\u0173 apribojim\u0173 \u017eaid\u017eiant nemokamus \u017eaidimus. Kazino gali neleisti \u017eaisti vis\u0173 \u017eaidim\u0173 j\u0173 svetain\u0117je nemokamai. Dauguma kazino reikalauja, kad atliktum\u0117te statym\u0105 tam tikr\u0105 skai\u010di\u0173 kart\u0173, prie\u0161 atsiimdami laim\u0117tas l\u0117\u0161as.<\/p>\n<h2>Kur rasti nemokam\u0173 kazino \u017eaidim\u0173<\/h2>\n<p>Daugelis svetaini\u0173 leid\u017eia \u017eaisti nemokamus <strong>kazino<\/strong> \u017eaidimus. Geriausia vieta \u017eaisti nemokamus \u017eaidimus yra svetain\u0117, kurioje nereikia atsisi\u0173sti jokios programin\u0117s \u012frangos. Tai leid\u017eia jums \u017eaisti \u017eaidimus akimirksniu spustel\u0117jus m\u0117gstam\u0105 \u017eaidim\u0105. Galite patikrinti, ar svetain\u0117 si\u016blo plat\u0173 nemokam\u0173 \u017eaidim\u0173 pasirinkim\u0105, pavyzd\u017eiui, nemokamus stalo \u017eaidimus, lo\u0161imo automat\u0173 \u017eaidimus, bingo, vaizdo poker\u012f ir kitus \u017eaidimus, kad jums greitai nenuobod\u017eiaut\u0173.<\/p>\n<p>Nemokami **kazino** \u017eaidimai suteikia jums galimyb\u0119 i\u0161bandyti bet koki\u0105 nauj\u0105 program\u0105, technik\u0105 ar strategij\u0105 ir \u012fsitikinti, ar ji jums veiks realioje internetini\u0173 \u017eaidim\u0173 aplinkoje. Kadangi neprarasite joki\u0173 pinig\u0173, \u017eaisdami nejausite jokio spaudimo.<\/p>\n","protected":false},"excerpt":{"rendered":"<p>Kod\u0117l kazino si\u016blo nemokamus \u017eaidimus Atsiradus interneto technologijoms, dauguma kazino gerb\u0117j\u0173 prad\u0117jo \u017eaisti kazino \u017eaidimus patogiai \u012fsitais\u0119 namuose. Internetiniai kazino si\u016blo daugiau privalum\u0173 nei tradiciniai kazino. \u017daidimai internetu ne tik suteikia patogumo, bet ir leid\u017eia \u017eaisti m\u0117gstamus \u017eaidimus nerizikuojant pinigais. Internetiniai kazino susiduria su didele konkurencija, tod\u0117l jie si\u016blo nemokamus \u017eaidimus, kad paskatint\u0173 naujus \u017eaid\u0117jus [&hellip;]<\/p>\n","protected":false},"author":1,"featured_media":8993,"parent":8316,"menu_order":53,"comment_status":"closed","ping_status":"closed","template":"","meta":{"footnotes":""},"class_list":["post-9010","page","type-page","status-publish","has-post-thumbnail","hentry"],"yoast_head":"<!-- This site is optimized with the Yoast SEO plugin v27.4 - https:\/\/yoast.com\/product\/yoast-seo-wordpress\/ -->\n<title>\u017daiskite internetinius kazino \u017eaidimus nemokamai<\/title>\n<meta name=\"description\" content=\"\u017daisti nemokamus kazino \u017eaidimus yra labai smagu. \u017dinojimas kai kuri\u0173 svarbi\u0173 dalyk\u0173 apie nemokamus kazino \u017eaidimus jums pad\u0117s.\" \/>\n<meta name=\"robots\" content=\"index, follow, max-snippet:-1, max-image-preview:large, max-video-preview:-1\" \/>\n<link rel=\"canonical\" href=\"https:\/\/gambling6.com\/lt\/kazino\/kai-kurie-kazino-zaidimai-is-tikruju-yra-nemokami\/\" \/>\n<meta property=\"og:locale\" content=\"lt_LT\" \/>\n<meta property=\"og:type\" content=\"article\" \/>\n<meta property=\"og:title\" content=\"\u017daiskite internetinius kazino \u017eaidimus nemokamai\" \/>\n<meta property=\"og:description\" content=\"\u017daisti nemokamus kazino \u017eaidimus yra labai smagu. \u017dinojimas kai kuri\u0173 svarbi\u0173 dalyk\u0173 apie nemokamus kazino \u017eaidimus jums pad\u0117s.\" \/>\n<meta property=\"og:url\" content=\"https:\/\/gambling6.com\/lt\/kazino\/kai-kurie-kazino-zaidimai-is-tikruju-yra-nemokami\/\" \/>\n<meta property=\"og:site_name\" content=\"Gambling6\" \/>\n<meta property=\"article:modified_time\" content=\"2025-11-15T09:30:06+00:00\" \/>\n<meta property=\"og:image\" content=\"https:\/\/gambling6.com\/wp-content\/uploads\/2013\/12\/img_116.png\" \/>\n\t<meta property=\"og:image:width\" content=\"270\" \/>\n\t<meta property=\"og:image:height\" content=\"186\" \/>\n\t<meta property=\"og:image:type\" content=\"image\/png\" \/>\n<meta name=\"twitter:card\" content=\"summary_large_image\" \/>\n<meta name=\"twitter:label1\" content=\"Est. reading time\" \/>\n\t<meta name=\"twitter:data1\" content=\"2 minut\u0117s\" \/>\n<script type=\"application\/ld+json\" class=\"yoast-schema-graph\">{\"@context\":\"https:\\\/\\\/schema.org\",\"@graph\":[{\"@type\":\"WebPage\",\"@id\":\"https:\\\/\\\/gambling6.com\\\/lt\\\/kazino\\\/kai-kurie-kazino-zaidimai-is-tikruju-yra-nemokami\\\/\",\"url\":\"https:\\\/\\\/gambling6.com\\\/lt\\\/kazino\\\/kai-kurie-kazino-zaidimai-is-tikruju-yra-nemokami\\\/\",\"name\":\"\u017daiskite internetinius kazino \u017eaidimus nemokamai\",\"isPartOf\":{\"@id\":\"https:\\\/\\\/gambling6.com\\\/lt\\\/#website\"},\"primaryImageOfPage\":{\"@id\":\"https:\\\/\\\/gambling6.com\\\/lt\\\/kazino\\\/kai-kurie-kazino-zaidimai-is-tikruju-yra-nemokami\\\/#primaryimage\"},\"image\":{\"@id\":\"https:\\\/\\\/gambling6.com\\\/lt\\\/kazino\\\/kai-kurie-kazino-zaidimai-is-tikruju-yra-nemokami\\\/#primaryimage\"},\"thumbnailUrl\":\"https:\\\/\\\/gambling6.com\\\/wp-content\\\/uploads\\\/2013\\\/12\\\/img_116.png\",\"datePublished\":\"2025-11-08T12:59:09+00:00\",\"dateModified\":\"2025-11-15T09:30:06+00:00\",\"description\":\"\u017daisti nemokamus kazino \u017eaidimus yra labai smagu. \u017dinojimas kai kuri\u0173 svarbi\u0173 dalyk\u0173 apie nemokamus kazino \u017eaidimus jums pad\u0117s.\",\"breadcrumb\":{\"@id\":\"https:\\\/\\\/gambling6.com\\\/lt\\\/kazino\\\/kai-kurie-kazino-zaidimai-is-tikruju-yra-nemokami\\\/#breadcrumb\"},\"inLanguage\":\"lt-LT\",\"potentialAction\":[{\"@type\":\"ReadAction\",\"target\":[\"https:\\\/\\\/gambling6.com\\\/lt\\\/kazino\\\/kai-kurie-kazino-zaidimai-is-tikruju-yra-nemokami\\\/\"]}]},{\"@type\":\"ImageObject\",\"inLanguage\":\"lt-LT\",\"@id\":\"https:\\\/\\\/gambling6.com\\\/lt\\\/kazino\\\/kai-kurie-kazino-zaidimai-is-tikruju-yra-nemokami\\\/#primaryimage\",\"url\":\"https:\\\/\\\/gambling6.com\\\/wp-content\\\/uploads\\\/2013\\\/12\\\/img_116.png\",\"contentUrl\":\"https:\\\/\\\/gambling6.com\\\/wp-content\\\/uploads\\\/2013\\\/12\\\/img_116.png\",\"width\":270,\"height\":186},{\"@type\":\"BreadcrumbList\",\"@id\":\"https:\\\/\\\/gambling6.com\\\/lt\\\/kazino\\\/kai-kurie-kazino-zaidimai-is-tikruju-yra-nemokami\\\/#breadcrumb\",\"itemListElement\":[{\"@type\":\"ListItem\",\"position\":1,\"name\":\"Home\",\"item\":\"https:\\\/\\\/gambling6.com\\\/lt\\\/home\\\/\"},{\"@type\":\"ListItem\",\"position\":2,\"name\":\"Kazino\",\"item\":\"https:\\\/\\\/gambling6.com\\\/lt\\\/get-started-with-online-gambling\\\/\"},{\"@type\":\"ListItem\",\"position\":3,\"name\":\"Kai kurie kazino \u017eaidimai i\u0161 tikr\u0173j\u0173 yra nemokami!\"}]},{\"@type\":\"WebSite\",\"@id\":\"https:\\\/\\\/gambling6.com\\\/lt\\\/#website\",\"url\":\"https:\\\/\\\/gambling6.com\\\/lt\\\/\",\"name\":\"Gambling6\",\"description\":\"\",\"potentialAction\":[{\"@type\":\"SearchAction\",\"target\":{\"@type\":\"EntryPoint\",\"urlTemplate\":\"https:\\\/\\\/gambling6.com\\\/lt\\\/?s={search_term_string}\"},\"query-input\":{\"@type\":\"PropertyValueSpecification\",\"valueRequired\":true,\"valueName\":\"search_term_string\"}}],\"inLanguage\":\"lt-LT\"}]}<\/script>\n<!-- \/ Yoast SEO plugin. -->","yoast_head_json":{"title":"\u017daiskite internetinius kazino \u017eaidimus nemokamai","description":"\u017daisti nemokamus kazino \u017eaidimus yra labai smagu. \u017dinojimas kai kuri\u0173 svarbi\u0173 dalyk\u0173 apie nemokamus kazino \u017eaidimus jums pad\u0117s.","robots":{"index":"index","follow":"follow","max-snippet":"max-snippet:-1","max-image-preview":"max-image-preview:large","max-video-preview":"max-video-preview:-1"},"canonical":"https:\/\/gambling6.com\/lt\/kazino\/kai-kurie-kazino-zaidimai-is-tikruju-yra-nemokami\/","og_locale":"lt_LT","og_type":"article","og_title":"\u017daiskite internetinius kazino \u017eaidimus nemokamai","og_description":"\u017daisti nemokamus kazino \u017eaidimus yra labai smagu. \u017dinojimas kai kuri\u0173 svarbi\u0173 dalyk\u0173 apie nemokamus kazino \u017eaidimus jums pad\u0117s.","og_url":"https:\/\/gambling6.com\/lt\/kazino\/kai-kurie-kazino-zaidimai-is-tikruju-yra-nemokami\/","og_site_name":"Gambling6","article_modified_time":"2025-11-15T09:30:06+00:00","og_image":[{"width":270,"height":186,"url":"https:\/\/gambling6.com\/wp-content\/uploads\/2013\/12\/img_116.png","type":"image\/png"}],"twitter_card":"summary_large_image","twitter_misc":{"Est. reading time":"2 minut\u0117s"},"schema":{"@context":"https:\/\/schema.org","@graph":[{"@type":"WebPage","@id":"https:\/\/gambling6.com\/lt\/kazino\/kai-kurie-kazino-zaidimai-is-tikruju-yra-nemokami\/","url":"https:\/\/gambling6.com\/lt\/kazino\/kai-kurie-kazino-zaidimai-is-tikruju-yra-nemokami\/","name":"\u017daiskite internetinius kazino \u017eaidimus nemokamai","isPartOf":{"@id":"https:\/\/gambling6.com\/lt\/#website"},"primaryImageOfPage":{"@id":"https:\/\/gambling6.com\/lt\/kazino\/kai-kurie-kazino-zaidimai-is-tikruju-yra-nemokami\/#primaryimage"},"image":{"@id":"https:\/\/gambling6.com\/lt\/kazino\/kai-kurie-kazino-zaidimai-is-tikruju-yra-nemokami\/#primaryimage"},"thumbnailUrl":"https:\/\/gambling6.com\/wp-content\/uploads\/2013\/12\/img_116.png","datePublished":"2025-11-08T12:59:09+00:00","dateModified":"2025-11-15T09:30:06+00:00","description":"\u017daisti nemokamus kazino \u017eaidimus yra labai smagu. \u017dinojimas kai kuri\u0173 svarbi\u0173 dalyk\u0173 apie nemokamus kazino \u017eaidimus jums pad\u0117s.","breadcrumb":{"@id":"https:\/\/gambling6.com\/lt\/kazino\/kai-kurie-kazino-zaidimai-is-tikruju-yra-nemokami\/#breadcrumb"},"inLanguage":"lt-LT","potentialAction":[{"@type":"ReadAction","target":["https:\/\/gambling6.com\/lt\/kazino\/kai-kurie-kazino-zaidimai-is-tikruju-yra-nemokami\/"]}]},{"@type":"ImageObject","inLanguage":"lt-LT","@id":"https:\/\/gambling6.com\/lt\/kazino\/kai-kurie-kazino-zaidimai-is-tikruju-yra-nemokami\/#primaryimage","url":"https:\/\/gambling6.com\/wp-content\/uploads\/2013\/12\/img_116.png","contentUrl":"https:\/\/gambling6.com\/wp-content\/uploads\/2013\/12\/img_116.png","width":270,"height":186},{"@type":"BreadcrumbList","@id":"https:\/\/gambling6.com\/lt\/kazino\/kai-kurie-kazino-zaidimai-is-tikruju-yra-nemokami\/#breadcrumb","itemListElement":[{"@type":"ListItem","position":1,"name":"Home","item":"https:\/\/gambling6.com\/lt\/home\/"},{"@type":"ListItem","position":2,"name":"Kazino","item":"https:\/\/gambling6.com\/lt\/get-started-with-online-gambling\/"},{"@type":"ListItem","position":3,"name":"Kai kurie kazino \u017eaidimai i\u0161 tikr\u0173j\u0173 yra nemokami!"}]},{"@type":"WebSite","@id":"https:\/\/gambling6.com\/lt\/#website","url":"https:\/\/gambling6.com\/lt\/","name":"Gambling6","description":"","potentialAction":[{"@type":"SearchAction","target":{"@type":"EntryPoint","urlTemplate":"https:\/\/gambling6.com\/lt\/?s={search_term_string}"},"query-input":{"@type":"PropertyValueSpecification","valueRequired":true,"valueName":"search_term_string"}}],"inLanguage":"lt-LT"}]}},"_links":{"self":[{"href":"https:\/\/gambling6.com\/lt\/wp-json\/wp\/v2\/pages\/9010","targetHints":{"allow":["GET"]}}],"collection":[{"href":"https:\/\/gambling6.com\/lt\/wp-json\/wp\/v2\/pages"}],"about":[{"href":"https:\/\/gambling6.com\/lt\/wp-json\/wp\/v2\/types\/page"}],"author":[{"embeddable":true,"href":"https:\/\/gambling6.com\/lt\/wp-json\/wp\/v2\/users\/1"}],"replies":[{"embeddable":true,"href":"https:\/\/gambling6.com\/lt\/wp-json\/wp\/v2\/comments?post=9010"}],"version-history":[{"count":1,"href":"https:\/\/gambling6.com\/lt\/wp-json\/wp\/v2\/pages\/9010\/revisions"}],"predecessor-version":[{"id":10879,"href":"https:\/\/gambling6.com\/lt\/wp-json\/wp\/v2\/pages\/9010\/revisions\/10879"}],"up":[{"embeddable":true,"href":"https:\/\/gambling6.com\/lt\/wp-json\/wp\/v2\/pages\/8316"}],"wp:featuredmedia":[{"embeddable":true,"href":"https:\/\/gambling6.com\/lt\/wp-json\/wp\/v2\/media\/8993"}],"wp:attachment":[{"href":"https:\/\/gambling6.com\/lt\/wp-json\/wp\/v2\/media?parent=9010"}],"curies":[{"name":"wp","href":"https:\/\/api.w.org\/{rel}","templated":true}]}}