{"id":9050,"date":"2025-11-08T13:45:21","date_gmt":"2025-11-08T13:45:21","guid":{"rendered":"https:\/\/gambling6.com\/kazino\/internetiniai-kazino-su-grynaisiais-pinigais-smulkiojo-srifto-supratimas\/"},"modified":"2025-11-15T09:12:21","modified_gmt":"2025-11-15T09:12:21","slug":"internetiniai-kazino-su-grynaisiais-pinigais-smulkiojo-srifto-supratimas","status":"publish","type":"page","link":"https:\/\/gambling6.com\/lt\/kazino\/internetiniai-kazino-su-grynaisiais-pinigais-smulkiojo-srifto-supratimas\/","title":{"rendered":"Internetiniai kazino su grynaisiais pinigais: smulkiojo \u0161rifto supratimas"},"content":{"rendered":"<h2>Internetini\u0173 kazino s\u0105lyg\u0173 ir nuostat\u0173 per\u017ei\u016bra<\/h2>\n<p><img loading=\"lazy\" decoding=\"async\" class=\"alignright size-full wp-image-62 alignleft size-full wp-image-64\" style=\"margin: 5px; float: left;\" title=\"casino fine print\" src=\"http:\/\/gambling6.com\/wp-content\/uploads\/2013\/12\/casino-fine-print.jpg\" alt=\"casino fine print terms conditions\" width=\"168\" height=\"147\" \/><span style=\"box-sizing: border-box; margin: 0px; padding: 0px;\">Registruodamiesi <strong>internetiniame kazino,<\/strong> privalote sutikti su naudotojo sutartimi, kurioje pateikiamos internetinio kazino s\u0105lygos ir nuostatos, kuri\u0173 privalote laikytis.<\/span>\u00a0Kai kurios i\u0161 \u0161i\u0173 s\u0105lyg\u0173 yra susijusios su kazino bankininkyst\u0117s procesais, o kitos gali b\u016bti susijusios su la\u017eybomis, \u017eaidimais ir premijomis.<\/p>\n<p>Prie\u0161 sutinkant su \u0161iomis s\u0105lygomis, labai svarbu atid\u017eiai jas suprasti ir suvokti j\u0173 poveik\u012f. L\u0117\u0161\u0173 pervedimas \u012f kazino ir i\u0161 jo yra bene svarbiausia funkcija, daranti \u012ftak\u0105 \u017eaid\u0117jui. Tod\u0117l labai svarbu \u017einoti, \u012f k\u0105 tiksliai \u012fsitraukiate sutikdami su kazino s\u0105lygomis. \u0160iame straipsnyje siekiame supaprastinti teisin\u0119 kalb\u0105, kad paai\u0161kintume, k\u0105 rei\u0161kia \u0161ios s\u0105lygos. Sutikdamas su vartotojo sutartimi, \u017eaid\u0117jas privalo prisiimti tam tikrus \u012fsipareigojimus. Jis taip pat privalo pateikti tam tikras garantijas.<\/p>\n<p>Apskritai galima teigti, kad kai kurie internetiniai kazino savo smulkiu \u0161riftu \u012ftraukia pastraipas, kurios gali tur\u0117ti labai neigiam\u0173 pasekmi\u0173 \u017eaid\u0117jams. Jie remiasi tuo, kad niekas neperskaitys viso smulkaus \u0161rifto. Tod\u0117l si\u016blome rinktis kazino, kurie yra reguliuojami, turi ger\u0105 reputacij\u0105 ir tod\u0117l taiko s\u0105\u017einingas s\u0105lygas.<\/p>\n<p>\u201eBetOnline Casino\u201c yra vienas i\u0161 toki\u0173 kazino. J\u0173 smulkiu \u0161riftu para\u0161ytame tekste n\u0117ra joki\u0173 staigmen\u0173. Jie atspindi, kad d\u0117l neseniai priimt\u0173 JAV reglament\u0173 \u012fmok\u0173 ir i\u0161\u0117mim\u0173 procesas neb\u0117ra toks paprastas, kaip anks\u010diau. Ta\u010diau tokiomis aplinkyb\u0117mis j\u0173 s\u0105lygos vis dar s\u0105\u017einingos.<\/p>\n<p><a class=\"thirstylink\" title=\"Betonline casino en\" href=\"https:\/\/gambling6.com\/go\/betonline-casino-en\/\" target=\"_blank\" rel=\"nofollow noopener\"><img loading=\"lazy\" decoding=\"async\" class=\" wp-image-7875 aligncenter\" src=\"https:\/\/gambling6.com\/wp-content\/uploads\/2025\/10\/BOL_AQC_banner_468x60_FS1_casino-300x38.gif\" alt=\"BetOnline kazino\" width=\"498\" height=\"63\" \/><\/a><\/p>\n<h2>Ko paprastai reikalaujama i\u0161 \u017eaid\u0117jo pagal kazino smulkiuoju \u0161riftu para\u0161yt\u0105 tekst\u0105<\/h2>\n<p>Kazino taip pat tikisi i\u0161 \u017eaid\u0117jo patvirtinimo, kad jis yra teis\u0117tas la\u017eyboms naudojam\u0173 l\u0117\u0161\u0173 savininkas. Kitaip tariant, jis negali naudoti jam nepriklausan\u010dios kreditin\u0117s kortel\u0117s savo s\u0105skaitai papildyti. Be to, prie\u0161 atliekant bet kokius i\u0161\u0117mimus, jo kreditin\u0117 kortel\u0117 bus patikrinta. Taip pat jis negali naudoti joki\u0173 kit\u0173 mok\u0117jimo b\u016bd\u0173, kurie n\u0117ra jo vardu.<\/p>\n<p>Sutarties pa\u017eeidimai, nesvarbu, ar susij\u0119 su banko procesais, ar la\u017eybomis, pirmiausia paveiks \u017eaid\u0117jo s\u0105skait\u0105. Jei s\u0105skaita sustabdyta, kazino, teikiantis pinigines paslaugas, gali sulaikyti gin\u010dijamas l\u0117\u0161as; daugeliu atvej\u0173 jis sulaikys visas l\u0117\u0161as, \u012fskaitant premijas, \u012fmokas ir gr\u0105\u017einam\u0105sias i\u0161mokas, nedarydamas jokio skirtumo. Tai atitinka s\u0105lygas, su kuriomis sutikote.<\/p>\n<p>Jei \u017eaid\u0117jas yra skolingas kazino, kazino gali d\u0117ti visas pastangas, kad susigr\u0105\u017eint\u0173 sum\u0105, \u012fskaitant skol\u0173 i\u0161ie\u0161kojimo agent\u016br\u0173 pasitelkim\u0105. Kai kurie internetiniai kazino taiko grie\u017et\u0105 politik\u0105 d\u0117l neveikian\u010di\u0173 s\u0105skait\u0173. Vienas mano draugas tai patyr\u0117 skaud\u017eiai. Jis buvo u\u017esiregistrav\u0119s viename internetiniame kazino ir kur\u012f laik\u0105 ten \u017eaid\u0117, laim\u0117damas nema\u017e\u0105 sum\u0105. Jis per\u0117jo \u012f kit\u0105 kazino, planuodamas po trumpo laiko gr\u012f\u017eti \u012f pirm\u0105j\u012f. Kit\u0105 kart\u0105 patikrin\u0119s savo s\u0105skait\u0105, jis nerado jokio liku\u010dio. Susisiekus su klient\u0173 aptarnavimo tarnyba, jam buvo pasakyta, kad jo pinigai buvo prarasti, nes jis ne\u017eaid\u0117 kazino daugiau nei 6 m\u0117nesius. \u017dinoma, tai yra \u0161iek tiek ne\u012fprasta, ir net jei taip nutikt\u0173 jums, problem\u0105 gal\u0117tum\u0117te i\u0161spr\u0119sti trumpu el. lai\u0161ku klient\u0173 aptarnavimo skyriui.<\/p>\n<h2>Dalykai, \u012f kuriuos reikia atkreipti d\u0117mes\u012f<\/h2>\n<p>Vis d\u0117lto, jei nuspr\u0119site nustoti \u017eaisti internetiniame kazino, b\u016btinai i\u0161siimkite visas l\u0117\u0161as i\u0161 savo kazino pinig\u0173 s\u0105skaitos, nesvarbu, kokia trumpa bus pertrauka. Patikrinkite, ar u\u017e i\u0161\u0117mimus bus nuskai\u010diuojami kokie nors mokes\u010diai. Jei u\u017e i\u0161\u0117mimus taikomas fiksuotas mokestis, galb\u016bt nor\u0117site i\u0161siimti visas l\u0117\u0161as i\u0161 karto, o ne atlikti kelis i\u0161mok\u0117jimus. Nei\u0161gryninkite pinig\u0173, jei planuojate v\u0117l \u012fne\u0161ti pinig\u0173 po kurio laiko \u2013 jei tai padarysite, prarasite pinigus. <strong>Palyginkite skirtingus jums prieinamus pinig\u0173 apdorojimo b\u016bdus \u2013 vieni si\u016blo ma\u017eesnius mokes\u010dius, kiti \u2013 didesnius!<\/strong><\/p>\n<p>Yra ir kit\u0173 s\u0105lyg\u0173, susijusi\u0173 su premijomis ir kazino reklaminiais pasi\u016blymais. Paprastai tai yra tinkamumo s\u0105lygos ir la\u017eyb\u0173 reikalavimai, reikalingi norint gauti kazino premij\u0105. Prie\u0161 priimant kazino premij\u0173 pasi\u016blymus, rekomenduojama perskaityti ir suprasti \u0161iuos reikalavimus. Taip pat prie\u0161 registruodamiesi bet kuriame internetiniame kazino, \u017eaid\u0117jai privalo perskaityti taisykles ir s\u0105lygas bei suprasti smulkiu \u0161riftu para\u0161yt\u0105 tekst\u0105 ir tikr\u0173 pinig\u0173 kazino DUK, kad v\u0117liau nekilt\u0173 nereikaling\u0173 r\u016bpes\u010di\u0173. Paprastai internetiniai kazino turi vis\u0105 puslap\u012f, skirt\u0105 galutinio vartotojo sutartims, ir j\u016bsPirmoji u\u017eduotis tur\u0117t\u0173 b\u016bti atid\u017eiai jas perskaityti prie\u0161 nusprend\u017eiant prisijungti prie kazino.<\/p>\n","protected":false},"excerpt":{"rendered":"<p>Internetini\u0173 kazino s\u0105lyg\u0173 ir nuostat\u0173 per\u017ei\u016bra Registruodamiesi internetiniame kazino, privalote sutikti su naudotojo sutartimi, kurioje pateikiamos internetinio kazino s\u0105lygos ir nuostatos, kuri\u0173 privalote laikytis.\u00a0Kai kurios i\u0161 \u0161i\u0173 s\u0105lyg\u0173 yra susijusios su kazino bankininkyst\u0117s procesais, o kitos gali b\u016bti susijusios su la\u017eybomis, \u017eaidimais ir premijomis. Prie\u0161 sutinkant su \u0161iomis s\u0105lygomis, labai svarbu atid\u017eiai jas suprasti ir [&hellip;]<\/p>\n","protected":false},"author":1,"featured_media":9036,"parent":8316,"menu_order":68,"comment_status":"closed","ping_status":"closed","template":"","meta":{"footnotes":""},"class_list":["post-9050","page","type-page","status-publish","has-post-thumbnail","hentry"],"yoast_head":"<!-- This site is optimized with the Yoast SEO plugin v27.4 - https:\/\/yoast.com\/product\/yoast-seo-wordpress\/ -->\n<title>\u012e k\u0105 atkreipti d\u0117mes\u012f kazino taisykl\u0117se ir s\u0105lygose<\/title>\n<meta name=\"description\" content=\"Internetini\u0173 kazino taisykl\u0117s ir s\u0105lygos smulkiu \u0161riftu \u2013 ko tik\u0117tis, o ko ne\" \/>\n<meta name=\"robots\" content=\"index, follow, max-snippet:-1, max-image-preview:large, max-video-preview:-1\" \/>\n<link rel=\"canonical\" href=\"https:\/\/gambling6.com\/lt\/kazino\/internetiniai-kazino-su-grynaisiais-pinigais-smulkiojo-srifto-supratimas\/\" \/>\n<meta property=\"og:locale\" content=\"lt_LT\" \/>\n<meta property=\"og:type\" content=\"article\" \/>\n<meta property=\"og:title\" content=\"\u012e k\u0105 atkreipti d\u0117mes\u012f kazino taisykl\u0117se ir s\u0105lygose\" \/>\n<meta property=\"og:description\" content=\"Internetini\u0173 kazino taisykl\u0117s ir s\u0105lygos smulkiu \u0161riftu \u2013 ko tik\u0117tis, o ko ne\" \/>\n<meta property=\"og:url\" content=\"https:\/\/gambling6.com\/lt\/kazino\/internetiniai-kazino-su-grynaisiais-pinigais-smulkiojo-srifto-supratimas\/\" \/>\n<meta property=\"og:site_name\" content=\"Gambling6\" \/>\n<meta property=\"article:modified_time\" content=\"2025-11-15T09:12:21+00:00\" \/>\n<meta property=\"og:image\" content=\"https:\/\/gambling6.com\/wp-content\/uploads\/2013\/12\/casino-fine-print.jpg\" \/>\n\t<meta property=\"og:image:width\" content=\"200\" \/>\n\t<meta property=\"og:image:height\" content=\"175\" \/>\n\t<meta property=\"og:image:type\" content=\"image\/jpeg\" \/>\n<meta name=\"twitter:card\" content=\"summary_large_image\" \/>\n<meta name=\"twitter:label1\" content=\"Est. reading time\" \/>\n\t<meta name=\"twitter:data1\" content=\"4 minut\u0117s\" \/>\n<script type=\"application\/ld+json\" class=\"yoast-schema-graph\">{\"@context\":\"https:\\\/\\\/schema.org\",\"@graph\":[{\"@type\":\"WebPage\",\"@id\":\"https:\\\/\\\/gambling6.com\\\/lt\\\/kazino\\\/internetiniai-kazino-su-grynaisiais-pinigais-smulkiojo-srifto-supratimas\\\/\",\"url\":\"https:\\\/\\\/gambling6.com\\\/lt\\\/kazino\\\/internetiniai-kazino-su-grynaisiais-pinigais-smulkiojo-srifto-supratimas\\\/\",\"name\":\"\u012e k\u0105 atkreipti d\u0117mes\u012f kazino taisykl\u0117se ir s\u0105lygose\",\"isPartOf\":{\"@id\":\"https:\\\/\\\/gambling6.com\\\/lt\\\/#website\"},\"primaryImageOfPage\":{\"@id\":\"https:\\\/\\\/gambling6.com\\\/lt\\\/kazino\\\/internetiniai-kazino-su-grynaisiais-pinigais-smulkiojo-srifto-supratimas\\\/#primaryimage\"},\"image\":{\"@id\":\"https:\\\/\\\/gambling6.com\\\/lt\\\/kazino\\\/internetiniai-kazino-su-grynaisiais-pinigais-smulkiojo-srifto-supratimas\\\/#primaryimage\"},\"thumbnailUrl\":\"https:\\\/\\\/gambling6.com\\\/wp-content\\\/uploads\\\/2013\\\/12\\\/casino-fine-print.jpg\",\"datePublished\":\"2025-11-08T13:45:21+00:00\",\"dateModified\":\"2025-11-15T09:12:21+00:00\",\"description\":\"Internetini\u0173 kazino taisykl\u0117s ir s\u0105lygos smulkiu \u0161riftu \u2013 ko tik\u0117tis, o ko ne\",\"breadcrumb\":{\"@id\":\"https:\\\/\\\/gambling6.com\\\/lt\\\/kazino\\\/internetiniai-kazino-su-grynaisiais-pinigais-smulkiojo-srifto-supratimas\\\/#breadcrumb\"},\"inLanguage\":\"lt-LT\",\"potentialAction\":[{\"@type\":\"ReadAction\",\"target\":[\"https:\\\/\\\/gambling6.com\\\/lt\\\/kazino\\\/internetiniai-kazino-su-grynaisiais-pinigais-smulkiojo-srifto-supratimas\\\/\"]}]},{\"@type\":\"ImageObject\",\"inLanguage\":\"lt-LT\",\"@id\":\"https:\\\/\\\/gambling6.com\\\/lt\\\/kazino\\\/internetiniai-kazino-su-grynaisiais-pinigais-smulkiojo-srifto-supratimas\\\/#primaryimage\",\"url\":\"https:\\\/\\\/gambling6.com\\\/wp-content\\\/uploads\\\/2013\\\/12\\\/casino-fine-print.jpg\",\"contentUrl\":\"https:\\\/\\\/gambling6.com\\\/wp-content\\\/uploads\\\/2013\\\/12\\\/casino-fine-print.jpg\",\"width\":200,\"height\":175,\"caption\":\"casino fine print\"},{\"@type\":\"BreadcrumbList\",\"@id\":\"https:\\\/\\\/gambling6.com\\\/lt\\\/kazino\\\/internetiniai-kazino-su-grynaisiais-pinigais-smulkiojo-srifto-supratimas\\\/#breadcrumb\",\"itemListElement\":[{\"@type\":\"ListItem\",\"position\":1,\"name\":\"Home\",\"item\":\"https:\\\/\\\/gambling6.com\\\/lt\\\/home\\\/\"},{\"@type\":\"ListItem\",\"position\":2,\"name\":\"Kazino\",\"item\":\"https:\\\/\\\/gambling6.com\\\/lt\\\/get-started-with-online-gambling\\\/\"},{\"@type\":\"ListItem\",\"position\":3,\"name\":\"Internetiniai kazino su grynaisiais pinigais: smulkiojo \u0161rifto supratimas\"}]},{\"@type\":\"WebSite\",\"@id\":\"https:\\\/\\\/gambling6.com\\\/lt\\\/#website\",\"url\":\"https:\\\/\\\/gambling6.com\\\/lt\\\/\",\"name\":\"Gambling6\",\"description\":\"\",\"potentialAction\":[{\"@type\":\"SearchAction\",\"target\":{\"@type\":\"EntryPoint\",\"urlTemplate\":\"https:\\\/\\\/gambling6.com\\\/lt\\\/?s={search_term_string}\"},\"query-input\":{\"@type\":\"PropertyValueSpecification\",\"valueRequired\":true,\"valueName\":\"search_term_string\"}}],\"inLanguage\":\"lt-LT\"}]}<\/script>\n<!-- \/ Yoast SEO plugin. -->","yoast_head_json":{"title":"\u012e k\u0105 atkreipti d\u0117mes\u012f kazino taisykl\u0117se ir s\u0105lygose","description":"Internetini\u0173 kazino taisykl\u0117s ir s\u0105lygos smulkiu \u0161riftu \u2013 ko tik\u0117tis, o ko ne","robots":{"index":"index","follow":"follow","max-snippet":"max-snippet:-1","max-image-preview":"max-image-preview:large","max-video-preview":"max-video-preview:-1"},"canonical":"https:\/\/gambling6.com\/lt\/kazino\/internetiniai-kazino-su-grynaisiais-pinigais-smulkiojo-srifto-supratimas\/","og_locale":"lt_LT","og_type":"article","og_title":"\u012e k\u0105 atkreipti d\u0117mes\u012f kazino taisykl\u0117se ir s\u0105lygose","og_description":"Internetini\u0173 kazino taisykl\u0117s ir s\u0105lygos smulkiu \u0161riftu \u2013 ko tik\u0117tis, o ko ne","og_url":"https:\/\/gambling6.com\/lt\/kazino\/internetiniai-kazino-su-grynaisiais-pinigais-smulkiojo-srifto-supratimas\/","og_site_name":"Gambling6","article_modified_time":"2025-11-15T09:12:21+00:00","og_image":[{"width":200,"height":175,"url":"https:\/\/gambling6.com\/wp-content\/uploads\/2013\/12\/casino-fine-print.jpg","type":"image\/jpeg"}],"twitter_card":"summary_large_image","twitter_misc":{"Est. reading time":"4 minut\u0117s"},"schema":{"@context":"https:\/\/schema.org","@graph":[{"@type":"WebPage","@id":"https:\/\/gambling6.com\/lt\/kazino\/internetiniai-kazino-su-grynaisiais-pinigais-smulkiojo-srifto-supratimas\/","url":"https:\/\/gambling6.com\/lt\/kazino\/internetiniai-kazino-su-grynaisiais-pinigais-smulkiojo-srifto-supratimas\/","name":"\u012e k\u0105 atkreipti d\u0117mes\u012f kazino taisykl\u0117se ir s\u0105lygose","isPartOf":{"@id":"https:\/\/gambling6.com\/lt\/#website"},"primaryImageOfPage":{"@id":"https:\/\/gambling6.com\/lt\/kazino\/internetiniai-kazino-su-grynaisiais-pinigais-smulkiojo-srifto-supratimas\/#primaryimage"},"image":{"@id":"https:\/\/gambling6.com\/lt\/kazino\/internetiniai-kazino-su-grynaisiais-pinigais-smulkiojo-srifto-supratimas\/#primaryimage"},"thumbnailUrl":"https:\/\/gambling6.com\/wp-content\/uploads\/2013\/12\/casino-fine-print.jpg","datePublished":"2025-11-08T13:45:21+00:00","dateModified":"2025-11-15T09:12:21+00:00","description":"Internetini\u0173 kazino taisykl\u0117s ir s\u0105lygos smulkiu \u0161riftu \u2013 ko tik\u0117tis, o ko ne","breadcrumb":{"@id":"https:\/\/gambling6.com\/lt\/kazino\/internetiniai-kazino-su-grynaisiais-pinigais-smulkiojo-srifto-supratimas\/#breadcrumb"},"inLanguage":"lt-LT","potentialAction":[{"@type":"ReadAction","target":["https:\/\/gambling6.com\/lt\/kazino\/internetiniai-kazino-su-grynaisiais-pinigais-smulkiojo-srifto-supratimas\/"]}]},{"@type":"ImageObject","inLanguage":"lt-LT","@id":"https:\/\/gambling6.com\/lt\/kazino\/internetiniai-kazino-su-grynaisiais-pinigais-smulkiojo-srifto-supratimas\/#primaryimage","url":"https:\/\/gambling6.com\/wp-content\/uploads\/2013\/12\/casino-fine-print.jpg","contentUrl":"https:\/\/gambling6.com\/wp-content\/uploads\/2013\/12\/casino-fine-print.jpg","width":200,"height":175,"caption":"casino fine print"},{"@type":"BreadcrumbList","@id":"https:\/\/gambling6.com\/lt\/kazino\/internetiniai-kazino-su-grynaisiais-pinigais-smulkiojo-srifto-supratimas\/#breadcrumb","itemListElement":[{"@type":"ListItem","position":1,"name":"Home","item":"https:\/\/gambling6.com\/lt\/home\/"},{"@type":"ListItem","position":2,"name":"Kazino","item":"https:\/\/gambling6.com\/lt\/get-started-with-online-gambling\/"},{"@type":"ListItem","position":3,"name":"Internetiniai kazino su grynaisiais pinigais: smulkiojo \u0161rifto supratimas"}]},{"@type":"WebSite","@id":"https:\/\/gambling6.com\/lt\/#website","url":"https:\/\/gambling6.com\/lt\/","name":"Gambling6","description":"","potentialAction":[{"@type":"SearchAction","target":{"@type":"EntryPoint","urlTemplate":"https:\/\/gambling6.com\/lt\/?s={search_term_string}"},"query-input":{"@type":"PropertyValueSpecification","valueRequired":true,"valueName":"search_term_string"}}],"inLanguage":"lt-LT"}]}},"_links":{"self":[{"href":"https:\/\/gambling6.com\/lt\/wp-json\/wp\/v2\/pages\/9050","targetHints":{"allow":["GET"]}}],"collection":[{"href":"https:\/\/gambling6.com\/lt\/wp-json\/wp\/v2\/pages"}],"about":[{"href":"https:\/\/gambling6.com\/lt\/wp-json\/wp\/v2\/types\/page"}],"author":[{"embeddable":true,"href":"https:\/\/gambling6.com\/lt\/wp-json\/wp\/v2\/users\/1"}],"replies":[{"embeddable":true,"href":"https:\/\/gambling6.com\/lt\/wp-json\/wp\/v2\/comments?post=9050"}],"version-history":[{"count":2,"href":"https:\/\/gambling6.com\/lt\/wp-json\/wp\/v2\/pages\/9050\/revisions"}],"predecessor-version":[{"id":10863,"href":"https:\/\/gambling6.com\/lt\/wp-json\/wp\/v2\/pages\/9050\/revisions\/10863"}],"up":[{"embeddable":true,"href":"https:\/\/gambling6.com\/lt\/wp-json\/wp\/v2\/pages\/8316"}],"wp:featuredmedia":[{"embeddable":true,"href":"https:\/\/gambling6.com\/lt\/wp-json\/wp\/v2\/media\/9036"}],"wp:attachment":[{"href":"https:\/\/gambling6.com\/lt\/wp-json\/wp\/v2\/media?parent=9050"}],"curies":[{"name":"wp","href":"https:\/\/api.w.org\/{rel}","templated":true}]}}