{"id":9106,"date":"2025-11-09T04:41:08","date_gmt":"2025-11-09T04:41:08","guid":{"rendered":"https:\/\/gambling6.com\/sporto-lazybu-patarimai-jusu-internetiniu-lazybu-vadovas\/"},"modified":"2025-11-12T19:19:48","modified_gmt":"2025-11-12T19:19:48","slug":"sporto-lazybu-patarimai-jusu-internetiniu-lazybu-vadovas","status":"publish","type":"page","link":"https:\/\/gambling6.com\/lt\/sporto-lazybos\/sporto-lazybu-patarimai-jusu-internetiniu-lazybu-vadovas\/","title":{"rendered":"Sporto la\u017eyb\u0173 patarimai \u2013 j\u016bs\u0173 internetini\u0173 la\u017eyb\u0173 vadovas"},"content":{"rendered":"<h2>I\u0161samus vadovas po internetini\u0173 la\u017eyb\u0173 pasaul\u012f!<\/h2>\n<p>Nuo pat \u017emonijos au\u0161ros azartiniai lo\u0161imai buvo neatsiejama m\u016bs\u0173 dalis. Kai tik atsirado internetas, buvo nat\u016bralu, kad atsirado azartini\u0173 lo\u0161im\u0173 svetain\u0117s. Kai tik jos atsirado, jos sulauk\u0117 did\u017eiul\u0117s s\u0117km\u0117s, o azartiniai lo\u0161imai internetu dabar yra viena populiariausi\u0173 veikl\u0173 pasaulyje.<\/p>\n<p>Tarkime, norite prad\u0117ti \u017eaisti azartinius lo\u0161imus internetu. Tokiu atveju tur\u0117tum\u0117te \u017einoti, kad paskyros registracija bet kurioje i\u0161 pagrindini\u0173 internetini\u0173 azartini\u0173 lo\u0161im\u0173 svetaini\u0173 u\u017etruks tik kelias minutes, o po to gal\u0117site \u017eaisti bet k\u0105, ko norite \u2013 nuo \u200b\u200binternetini\u0173 kazino \u017eaidim\u0173 iki internetinio pokerio ar net la\u017eintis sporto ar finans\u0173 svetain\u0117se.<\/p>\n<p><img loading=\"lazy\" decoding=\"async\" class=\"size-medium wp-image-3057 alignright\" src=\"https:\/\/gambling6.com\/wp-content\/uploads\/2022\/04\/soccermoney-300x200.jpg\" alt=\"internetini\u0173 la\u017eyb\u0173 vadovas\" width=\"300\" height=\"200\" srcset=\"https:\/\/gambling6.com\/wp-content\/uploads\/2022\/04\/soccermoney-300x200.jpg 300w, https:\/\/gambling6.com\/wp-content\/uploads\/2022\/04\/soccermoney.jpg 424w\" sizes=\"auto, (max-width: 300px) 100vw, 300px\" \/>Kalbant apie la\u017eybas internetu, tur\u0117tum\u0117te \u017einoti, kad jei norite prisijungti prie internetini\u0173 lo\u0161im\u0173 svetain\u0117s, kurioje nereikia i\u0161mokti \u017eaisti naujo \u017eaidimo (kaip b\u016bt\u0173 su bet kuo \u2013 nuo \u200b\u200binternetinio pokerio iki internetini\u0173 kazino \u017eaidim\u0173), la\u017eybos internetu yra puikus sprendimas. J\u016bs jau \u017einote taisykles \u2013 tereikia teisingai atsp\u0117ti profesionalios sporto \u0161akos \u017eaidimo rezultat\u0105 ir viskas. Jei esate teisus, jums mokama. Jei klystate, galite bandyti dar kart\u0105.<\/p>\n<p>Tarkime, kad iki \u0161iol neatradote la\u017eyb\u0173 internetu. B\u016bt\u0173 kvaila prad\u0117ti \u017eaisti nieko ne\u017einant apie industrij\u0105, sport\u0105 ar net internetini\u0173 lo\u0161im\u0173 svetaines, prie kuri\u0173 norite prisijungti. \u0160tai kod\u0117l yra svetaini\u0173, kuri\u0173 vienintelis tikslas \u2013 priartinti jus prie m\u0117gstam\u0173 internetini\u0173 lo\u0161im\u0173, suteikiant jums kuo daugiau \u017eini\u0173.<\/p>\n<p><strong>BetOnline<\/strong>\u00a0yra viena geriausi\u0173 internetini\u0173 la\u017eyb\u0173 svetaini\u0173 pasaulyje. Nuo lenktyni\u0173 la\u017eyb\u0173 iki sporto la\u017eyb\u0173, finansini\u0173 la\u017eyb\u0173 \u2013 visos jos \u010dia pateikiamos labai i\u0161samiai, ir j\u016bs galite su\u017einoti visk\u0105, k\u0105 reikia \u017einoti pradedantiesiems, vos skirdami kelias minutes jus dominan\u010diame skyriuje.<\/p>\n<p><a class=\"thirstylink\" title=\"Betonline sports en\" href=\"https:\/\/gambling6.com\/go\/betonline-sports-en\/\" target=\"_blank\" rel=\"nofollow noopener\">Prisijunkite prie milijon\u0173 sporto la\u017eyb\u0173 gerb\u0117j\u0173 i\u0161 viso pasaulio \u201eBetonline\u201c, m\u016bs\u0173 m\u0117gstamiausioje sporto la\u017eyb\u0173 svetain\u0117je, paspausdami \u0161i\u0105 nuorod\u0105.<\/a><\/p>\n<p>Pavyzd\u017eiui, jei norite prad\u0117ti la\u017eintis d\u0117l lenktyni\u0173, tur\u0117tum\u0117te apsilankyti Lenktyni\u0173 la\u017eyb\u0173 skyriuje, kuriame rasite visk\u0105 apie internetines lenktynes \u200b\u200b\u2013 nuo \u200b\u200b\u0161un\u0173 lenktyni\u0173 iki senovini\u0173 \u017eirg\u0173 lenktyni\u0173 ar net naujesni\u0173 sporto \u0161ak\u0173, toki\u0173 kaip NASCAR ar Formul\u0117s 1 lenktyn\u0117s. \u201eBetOnline\u201c yra tam, kad pasi\u016blyt\u0173 jums visk\u0105, k\u0105 nor\u0117tum\u0117te \u017einoti apie kiekvien\u0105 i\u0161 \u0161i\u0173 sporto \u0161ak\u0173.<\/p>\n<p>Apskritai, jei norite prad\u0117ti la\u017eintis d\u0117l sporto, tur\u0117tum\u0117te i\u0161bandyti \u201eBetOnline\u201c \u2013 vien\u0105 geriausi\u0173 internetini\u0173 lo\u0161im\u0173 svetaini\u0173. Jie pad\u0117s jums nuo absoliu\u010diai nieko ne\u017einojimo apie \u0161i\u0105 pramon\u0117s \u0161ak\u0105 iki to, kad u\u017edirbtum\u0117te i\u0161 jos daugyb\u0119 pinig\u0173!<\/p>\n","protected":false},"excerpt":{"rendered":"<p>I\u0161samus vadovas po internetini\u0173 la\u017eyb\u0173 pasaul\u012f! Nuo pat \u017emonijos au\u0161ros azartiniai lo\u0161imai buvo neatsiejama m\u016bs\u0173 dalis. Kai tik atsirado internetas, buvo nat\u016bralu, kad atsirado azartini\u0173 lo\u0161im\u0173 svetain\u0117s. Kai tik jos atsirado, jos sulauk\u0117 did\u017eiul\u0117s s\u0117km\u0117s, o azartiniai lo\u0161imai internetu dabar yra viena populiariausi\u0173 veikl\u0173 pasaulyje. Tarkime, norite prad\u0117ti \u017eaisti azartinius lo\u0161imus internetu. Tokiu atveju tur\u0117tum\u0117te [&hellip;]<\/p>\n","protected":false},"author":1,"featured_media":0,"parent":9230,"menu_order":14,"comment_status":"closed","ping_status":"closed","template":"","meta":{"footnotes":""},"class_list":["post-9106","page","type-page","status-publish","hentry"],"yoast_head":"<!-- This site is optimized with the Yoast SEO plugin v27.3 - https:\/\/yoast.com\/product\/yoast-seo-wordpress\/ -->\n<title>Guide and Tips for Online Sports Betting<\/title>\n<meta name=\"description\" content=\"Start Betting Online today. Visit BetOnline for a full choice of betting options, as well as online poker and casino, all on one website\" \/>\n<meta name=\"robots\" content=\"index, follow, max-snippet:-1, max-image-preview:large, max-video-preview:-1\" \/>\n<link rel=\"canonical\" href=\"https:\/\/gambling6.com\/lt\/sporto-lazybos\/sporto-lazybu-patarimai-jusu-internetiniu-lazybu-vadovas\/\" \/>\n<meta property=\"og:locale\" content=\"lt_LT\" \/>\n<meta property=\"og:type\" content=\"article\" \/>\n<meta property=\"og:title\" content=\"Guide and Tips for Online Sports Betting\" \/>\n<meta property=\"og:description\" content=\"Start Betting Online today. Visit BetOnline for a full choice of betting options, as well as online poker and casino, all on one website\" \/>\n<meta property=\"og:url\" content=\"https:\/\/gambling6.com\/lt\/sporto-lazybos\/sporto-lazybu-patarimai-jusu-internetiniu-lazybu-vadovas\/\" \/>\n<meta property=\"og:site_name\" content=\"Gambling6\" \/>\n<meta property=\"article:modified_time\" content=\"2025-11-12T19:19:48+00:00\" \/>\n<meta property=\"og:image\" content=\"https:\/\/gambling6.com\/wp-content\/uploads\/2022\/04\/soccermoney.jpg\" \/>\n\t<meta property=\"og:image:width\" content=\"424\" \/>\n\t<meta property=\"og:image:height\" content=\"283\" \/>\n\t<meta property=\"og:image:type\" content=\"image\/jpeg\" \/>\n<meta name=\"twitter:card\" content=\"summary_large_image\" \/>\n<meta name=\"twitter:label1\" content=\"Est. reading time\" \/>\n\t<meta name=\"twitter:data1\" content=\"2 minut\u0117s\" \/>\n<script type=\"application\/ld+json\" class=\"yoast-schema-graph\">{\"@context\":\"https:\\\/\\\/schema.org\",\"@graph\":[{\"@type\":\"WebPage\",\"@id\":\"https:\\\/\\\/gambling6.com\\\/lt\\\/sporto-lazybos\\\/sporto-lazybu-patarimai-jusu-internetiniu-lazybu-vadovas\\\/\",\"url\":\"https:\\\/\\\/gambling6.com\\\/lt\\\/sporto-lazybos\\\/sporto-lazybu-patarimai-jusu-internetiniu-lazybu-vadovas\\\/\",\"name\":\"Guide and Tips for Online Sports Betting\",\"isPartOf\":{\"@id\":\"https:\\\/\\\/gambling6.com\\\/lt\\\/#website\"},\"primaryImageOfPage\":{\"@id\":\"https:\\\/\\\/gambling6.com\\\/lt\\\/sporto-lazybos\\\/sporto-lazybu-patarimai-jusu-internetiniu-lazybu-vadovas\\\/#primaryimage\"},\"image\":{\"@id\":\"https:\\\/\\\/gambling6.com\\\/lt\\\/sporto-lazybos\\\/sporto-lazybu-patarimai-jusu-internetiniu-lazybu-vadovas\\\/#primaryimage\"},\"thumbnailUrl\":\"https:\\\/\\\/gambling6.com\\\/wp-content\\\/uploads\\\/2022\\\/04\\\/soccermoney-300x200.jpg\",\"datePublished\":\"2025-11-09T04:41:08+00:00\",\"dateModified\":\"2025-11-12T19:19:48+00:00\",\"description\":\"Start Betting Online today. Visit BetOnline for a full choice of betting options, as well as online poker and casino, all on one website\",\"breadcrumb\":{\"@id\":\"https:\\\/\\\/gambling6.com\\\/lt\\\/sporto-lazybos\\\/sporto-lazybu-patarimai-jusu-internetiniu-lazybu-vadovas\\\/#breadcrumb\"},\"inLanguage\":\"lt-LT\",\"potentialAction\":[{\"@type\":\"ReadAction\",\"target\":[\"https:\\\/\\\/gambling6.com\\\/lt\\\/sporto-lazybos\\\/sporto-lazybu-patarimai-jusu-internetiniu-lazybu-vadovas\\\/\"]}]},{\"@type\":\"ImageObject\",\"inLanguage\":\"lt-LT\",\"@id\":\"https:\\\/\\\/gambling6.com\\\/lt\\\/sporto-lazybos\\\/sporto-lazybu-patarimai-jusu-internetiniu-lazybu-vadovas\\\/#primaryimage\",\"url\":\"https:\\\/\\\/gambling6.com\\\/wp-content\\\/uploads\\\/2022\\\/04\\\/soccermoney-300x200.jpg\",\"contentUrl\":\"https:\\\/\\\/gambling6.com\\\/wp-content\\\/uploads\\\/2022\\\/04\\\/soccermoney-300x200.jpg\"},{\"@type\":\"BreadcrumbList\",\"@id\":\"https:\\\/\\\/gambling6.com\\\/lt\\\/sporto-lazybos\\\/sporto-lazybu-patarimai-jusu-internetiniu-lazybu-vadovas\\\/#breadcrumb\",\"itemListElement\":[{\"@type\":\"ListItem\",\"position\":1,\"name\":\"Home\",\"item\":\"https:\\\/\\\/gambling6.com\\\/lt\\\/home\\\/\"},{\"@type\":\"ListItem\",\"position\":2,\"name\":\"Sporto la\u017eybos\",\"item\":\"https:\\\/\\\/gambling6.com\\\/lt\\\/introduction-to-online-sportsbetting\\\/\"},{\"@type\":\"ListItem\",\"position\":3,\"name\":\"Sporto la\u017eyb\u0173 patarimai \u2013 j\u016bs\u0173 internetini\u0173 la\u017eyb\u0173 vadovas\"}]},{\"@type\":\"WebSite\",\"@id\":\"https:\\\/\\\/gambling6.com\\\/lt\\\/#website\",\"url\":\"https:\\\/\\\/gambling6.com\\\/lt\\\/\",\"name\":\"Gambling6\",\"description\":\"\",\"potentialAction\":[{\"@type\":\"SearchAction\",\"target\":{\"@type\":\"EntryPoint\",\"urlTemplate\":\"https:\\\/\\\/gambling6.com\\\/lt\\\/?s={search_term_string}\"},\"query-input\":{\"@type\":\"PropertyValueSpecification\",\"valueRequired\":true,\"valueName\":\"search_term_string\"}}],\"inLanguage\":\"lt-LT\"}]}<\/script>\n<!-- \/ Yoast SEO plugin. -->","yoast_head_json":{"title":"Guide and Tips for Online Sports Betting","description":"Start Betting Online today. Visit BetOnline for a full choice of betting options, as well as online poker and casino, all on one website","robots":{"index":"index","follow":"follow","max-snippet":"max-snippet:-1","max-image-preview":"max-image-preview:large","max-video-preview":"max-video-preview:-1"},"canonical":"https:\/\/gambling6.com\/lt\/sporto-lazybos\/sporto-lazybu-patarimai-jusu-internetiniu-lazybu-vadovas\/","og_locale":"lt_LT","og_type":"article","og_title":"Guide and Tips for Online Sports Betting","og_description":"Start Betting Online today. Visit BetOnline for a full choice of betting options, as well as online poker and casino, all on one website","og_url":"https:\/\/gambling6.com\/lt\/sporto-lazybos\/sporto-lazybu-patarimai-jusu-internetiniu-lazybu-vadovas\/","og_site_name":"Gambling6","article_modified_time":"2025-11-12T19:19:48+00:00","og_image":[{"width":424,"height":283,"url":"https:\/\/gambling6.com\/wp-content\/uploads\/2022\/04\/soccermoney.jpg","type":"image\/jpeg"}],"twitter_card":"summary_large_image","twitter_misc":{"Est. reading time":"2 minut\u0117s"},"schema":{"@context":"https:\/\/schema.org","@graph":[{"@type":"WebPage","@id":"https:\/\/gambling6.com\/lt\/sporto-lazybos\/sporto-lazybu-patarimai-jusu-internetiniu-lazybu-vadovas\/","url":"https:\/\/gambling6.com\/lt\/sporto-lazybos\/sporto-lazybu-patarimai-jusu-internetiniu-lazybu-vadovas\/","name":"Guide and Tips for Online Sports Betting","isPartOf":{"@id":"https:\/\/gambling6.com\/lt\/#website"},"primaryImageOfPage":{"@id":"https:\/\/gambling6.com\/lt\/sporto-lazybos\/sporto-lazybu-patarimai-jusu-internetiniu-lazybu-vadovas\/#primaryimage"},"image":{"@id":"https:\/\/gambling6.com\/lt\/sporto-lazybos\/sporto-lazybu-patarimai-jusu-internetiniu-lazybu-vadovas\/#primaryimage"},"thumbnailUrl":"https:\/\/gambling6.com\/wp-content\/uploads\/2022\/04\/soccermoney-300x200.jpg","datePublished":"2025-11-09T04:41:08+00:00","dateModified":"2025-11-12T19:19:48+00:00","description":"Start Betting Online today. Visit BetOnline for a full choice of betting options, as well as online poker and casino, all on one website","breadcrumb":{"@id":"https:\/\/gambling6.com\/lt\/sporto-lazybos\/sporto-lazybu-patarimai-jusu-internetiniu-lazybu-vadovas\/#breadcrumb"},"inLanguage":"lt-LT","potentialAction":[{"@type":"ReadAction","target":["https:\/\/gambling6.com\/lt\/sporto-lazybos\/sporto-lazybu-patarimai-jusu-internetiniu-lazybu-vadovas\/"]}]},{"@type":"ImageObject","inLanguage":"lt-LT","@id":"https:\/\/gambling6.com\/lt\/sporto-lazybos\/sporto-lazybu-patarimai-jusu-internetiniu-lazybu-vadovas\/#primaryimage","url":"https:\/\/gambling6.com\/wp-content\/uploads\/2022\/04\/soccermoney-300x200.jpg","contentUrl":"https:\/\/gambling6.com\/wp-content\/uploads\/2022\/04\/soccermoney-300x200.jpg"},{"@type":"BreadcrumbList","@id":"https:\/\/gambling6.com\/lt\/sporto-lazybos\/sporto-lazybu-patarimai-jusu-internetiniu-lazybu-vadovas\/#breadcrumb","itemListElement":[{"@type":"ListItem","position":1,"name":"Home","item":"https:\/\/gambling6.com\/lt\/home\/"},{"@type":"ListItem","position":2,"name":"Sporto la\u017eybos","item":"https:\/\/gambling6.com\/lt\/introduction-to-online-sportsbetting\/"},{"@type":"ListItem","position":3,"name":"Sporto la\u017eyb\u0173 patarimai \u2013 j\u016bs\u0173 internetini\u0173 la\u017eyb\u0173 vadovas"}]},{"@type":"WebSite","@id":"https:\/\/gambling6.com\/lt\/#website","url":"https:\/\/gambling6.com\/lt\/","name":"Gambling6","description":"","potentialAction":[{"@type":"SearchAction","target":{"@type":"EntryPoint","urlTemplate":"https:\/\/gambling6.com\/lt\/?s={search_term_string}"},"query-input":{"@type":"PropertyValueSpecification","valueRequired":true,"valueName":"search_term_string"}}],"inLanguage":"lt-LT"}]}},"_links":{"self":[{"href":"https:\/\/gambling6.com\/lt\/wp-json\/wp\/v2\/pages\/9106","targetHints":{"allow":["GET"]}}],"collection":[{"href":"https:\/\/gambling6.com\/lt\/wp-json\/wp\/v2\/pages"}],"about":[{"href":"https:\/\/gambling6.com\/lt\/wp-json\/wp\/v2\/types\/page"}],"author":[{"embeddable":true,"href":"https:\/\/gambling6.com\/lt\/wp-json\/wp\/v2\/users\/1"}],"replies":[{"embeddable":true,"href":"https:\/\/gambling6.com\/lt\/wp-json\/wp\/v2\/comments?post=9106"}],"version-history":[{"count":2,"href":"https:\/\/gambling6.com\/lt\/wp-json\/wp\/v2\/pages\/9106\/revisions"}],"predecessor-version":[{"id":10548,"href":"https:\/\/gambling6.com\/lt\/wp-json\/wp\/v2\/pages\/9106\/revisions\/10548"}],"up":[{"embeddable":true,"href":"https:\/\/gambling6.com\/lt\/wp-json\/wp\/v2\/pages\/9230"}],"wp:attachment":[{"href":"https:\/\/gambling6.com\/lt\/wp-json\/wp\/v2\/media?parent=9106"}],"curies":[{"name":"wp","href":"https:\/\/api.w.org\/{rel}","templated":true}]}}