{"id":9172,"date":"2025-11-10T10:39:42","date_gmt":"2025-11-10T10:39:42","guid":{"rendered":"https:\/\/gambling6.com\/isigykite-powerball-loterijos-bilietus-internetu\/"},"modified":"2025-11-12T10:02:01","modified_gmt":"2025-11-12T10:02:01","slug":"isigykite-powerball-loterijos-bilietus-internetu","status":"publish","type":"page","link":"https:\/\/gambling6.com\/lt\/isigykite-powerball-loterijos-bilietus-internetu\/","title":{"rendered":"\u012esigykite \u201ePowerball\u201c loterijos bilietus internetu"},"content":{"rendered":"<h2>\u017daiskite \u201ePowerball\u201c loterij\u0105 internetu.<\/h2>\n<p>\u201ePowerball\u201c loterija visame pasaulyje \u017einoma d\u0117l ne\u012ftik\u0117tin\u0173 jackpot\u0173. Labai reguliariai rasite jackpot\u0173, vir\u0161ijan\u010di\u0173 100 milijon\u0173 doleri\u0173. <strong>Jackpoto did\u0117jimas yra eksponentinis, nes galite \u012fsigyti \u201ePowerball\u201c loterijos bilietus internetu.<\/strong> \u017daisti \u201ePowerball\u201c internetu paprasta patogiai namuose, tereikia kompiuterio ir interneto ry\u0161io.<\/p>\n<h2>Internetiniai \u201ePowerball\u201c bilietai \u2013 paprasta kaip 1-2-3<\/h2>\n<p>Nor\u0117dami \u017eaisti \u201ePowerball\u201c loterij\u0105 internetu, turite apsilankyti m\u016bs\u0173 partnerio \u201e<a class=\"thirstylink\" title=\"Redfoxlotto\" href=\"https:\/\/gambling6.com\/go\/redfoxlotto\/\" target=\"_blank\" rel=\"nofollow noopener\">RedFoxLotto\u201c (spustel\u0117kite \u010dia, kad apsilankytum\u0117te)<\/a> svetain\u0117je ir susikurti paskyr\u0105. Paskyr\u0105 atidaryti paprasta, o \u201ePowerball\u201c loterij\u0105 galite prad\u0117ti \u017eaisti per kelias minutes. Kitas \u017eingsnis b\u016bt\u0173 eiti \u012f biliet\u0173 skyri\u0173, kur naudodami form\u0105 pasirinktum\u0117te penkis pagrindinius skai\u010dius.<\/p>\n<p>Tai padar\u0119, dabar pasirinkite vien\u0105 \u201ePowerball\u201c premijos skai\u010di\u0173. <strong>Nor\u0117dami laim\u0117ti did\u012fj\u012f priz\u0105, turite atsp\u0117ti penkis pagrindinius skai\u010dius ir \u201ePowerball\u201c skai\u010di\u0173 su i\u0161trauktais kamuoliukais.<\/strong> Nesijaudinkite, jei neatsp\u0117site \u0161i\u0173 skai\u010di\u0173, galite dalyvauti konkurse d\u0117l vieno i\u0161 kit\u0173 septyni\u0173 priz\u0173 lygi\u0173.<\/p>\n<h2>\u201ePowerball\u201c biliet\u0173 pardavimas internetu spar\u010diai auga<\/h2>\n<p><img loading=\"lazy\" decoding=\"async\" class=\"size-medium wp-image-1533 alignright\" src=\"https:\/\/gambling6.com\/wp-content\/uploads\/2022\/04\/2_ticket_powerball_au2-1-163x300.jpg\" alt=\"powerball ticket\" width=\"163\" height=\"300\" srcset=\"https:\/\/gambling6.com\/wp-content\/uploads\/2022\/04\/2_ticket_powerball_au2-1-163x300.jpg 163w, https:\/\/gambling6.com\/wp-content\/uploads\/2022\/04\/2_ticket_powerball_au2-1.jpg 250w\" sizes=\"auto, (max-width: 163px) 100vw, 163px\" \/>Per pastaruosius dvejus metus \u201ePowerball USA\u201c biliet\u0173 pardavimas augo labai spar\u010diai, per \u0161\u012f laikotarp\u012f padvigub\u0117damas per metus. <strong>Didysis priz\u0173 dydis ir biliet\u0173 pirkimo internetu paprastumas buvo pagrindin\u0117 varomoji j\u0117ga, l\u0117musi tok\u012f didel\u012f augim\u0105.<\/strong> Jei praeitis yra koks nors b\u016bsim\u0173 pardavim\u0173 rodiklis, ateinan\u010diais metais galime tik\u0117tis didesnio jackpot\u0173 dyd\u017eio augimo.<\/p>\n<h2>Loterij\u0173 lo\u0161im\u0173 skai\u010dius visame pasaulyje auga.<\/h2>\n<p>I\u0161skyrus \u201eMega Millions\u201c, kuriai priklauso rekordinis jackpot\u0173 dydis, per pastaruosius metus daugumoje internetu \u017eaid\u017eiam\u0173 loterij\u0173 mat\u0117me rekordinius jackpotus. N\u0117ra joki\u0173 po\u017eymi\u0173, kad \u0161ie rekordiniai jackpotai greitai suma\u017e\u0117s. Ties\u0105 sakant, galime tik\u0117tis, kad rekordai bus sumu\u0161ti ne kart\u0105, nes \u017emon\u0117s u\u017epl\u016bsta savo kompiuterius, kai \u017einios apie jackpotus pasiekia auk\u0161t\u0105 lyg\u012f.<\/p>\n<h2>Patikrinkite \u201ePowerball\u201c laim\u0117jimo skai\u010dius internete.<\/h2>\n<p>Jei perkate bilietus, b\u016btinai skirkite laiko rezultatams patikrinti naudodami internetin\u0119 duomen\u0173 baz\u0117s priemon\u0119. Kasmet daug priz\u0173 lieka neatsiimti, nes \u017emon\u0117s, i\u0161gird\u0119, kad didieji prizai buvo laim\u0117ti vietov\u0117je, kurioje jie negyvena, arba \u012fstaigoje, kurioje nepirko bilieto, i\u0161meta savo biliet\u0105 ir nepasitikrina, ar laim\u0117jo kituose priz\u0173 lygiuose.<\/p>\n<p>Pra\u0161ome nedaryti klaidos i\u0161mesdami pinigus \u012f \u0161iuk\u0161liad\u0117\u017e\u0119 arba palikdami juos nematomus savo pinigin\u0117je. J\u016bs nusipeln\u0117te vis\u0173 laim\u0117t\u0173 pinig\u0173. \u017daiskite \u201ePowerball\u201c loterij\u0105 internetu \u0161iandien ir galite tapti kitu pasaulio multimilijonieriumi.<\/p>\n<table style=\"width: 500px;\" border=\"1\" cellspacing=\"5\" cellpadding=\"5\" align=\"center\">\n<tbody>\n<tr>\n<td colspan=\"3\" align=\"center\">De\u0161imt did\u017eiausi\u0173 2013 m. priz\u0173<\/td>\n<\/tr>\n<tr>\n<td>Burt\u0173 traukimas<\/td>\n<td align=\"center\">Data<\/td>\n<td align=\"center\">Didysis prizas (USD)<\/td>\n<\/tr>\n<tr>\n<td>\u201ePowerball\u201c \u2013 JAV<\/td>\n<td align=\"center\">2013 m. gegu\u017e\u0117s 18 d.<\/td>\n<td align=\"right\">590 500 000 USD<\/td>\n<\/tr>\n<tr>\n<td>\u201ePowerball\u201c \u2013 JAV<\/td>\n<td align=\"center\">2013 m. rugpj\u016b\u010dio 7 d.<\/td>\n<td align=\"right\">448 400 000 USD<\/td>\n<\/tr>\n<tr>\n<td>\u201ePowerball\u201c \u2013 JAV<\/td>\n<td align=\"center\">2013 m. rugs\u0117jo 18 d.<\/td>\n<td align=\"right\">399 400 000 USD<\/td>\n<\/tr>\n<tr>\n<td>\u201ePowerball\u201c \u2013 JAV<\/td>\n<td align=\"center\">2013 m. kovo 23 d.<\/td>\n<td align=\"right\">338 300 000 USD<\/td>\n<\/tr>\n<tr>\n<td>\u201ePowerball\u201c \u2013 JAV<\/td>\n<td align=\"center\">2013 m. vasario 6 d.<\/td>\n<td align=\"right\">217 000 000 USD<\/td>\n<\/tr>\n<tr>\n<td>\u201ePowerball\u201c \u2013 JAV<\/td>\n<td align=\"center\">2013 m. spalio 23 d.<\/td>\n<td align=\"right\">213 400 000 USD<\/td>\n<\/tr>\n<tr>\n<td>\u201ePowerball\u201c \u2013 JAV<\/td>\n<td align=\"center\">2013 m. bir\u017eelio 22 d.<\/td>\n<td align=\"right\">131 500 000 USD<\/td>\n<\/tr>\n<tr>\n<td>\u201ePowerball\u201c \u2013 JAV<\/td>\n<td align=\"center\">2013 m. lapkri\u010dio 16 d.<\/td>\n<td align=\"right\">130 300 000 USD<\/td>\n<\/tr>\n<tr>\n<td>\u201ePowerball\u201c \u2013 JAV<\/td>\n<td align=\"center\">2013 m. gruod\u017eio 11 d.<\/td>\n<td align=\"right\">122 900 000 USD<\/td>\n<\/tr>\n<tr>\n<td>\u201ePowerball\u201c \u2013 JAV<\/td>\n<td align=\"center\">2013 m. gruod\u017eio 25 d.<\/td>\n<td align=\"right\">74 000 000 USD<\/td>\n<\/tr>\n<\/tbody>\n<\/table>\n<p>&nbsp;<\/p>\n<table style=\"width: 500px;\" border=\"1\" cellspacing=\"5\" cellpadding=\"5\" align=\"center\">\n<tbody>\n<tr>\n<td colspan=\"3\" align=\"center\">\u201ePowerball\u201c loterija \u2013 JAV priz\u0173 pakopos<\/td>\n<\/tr>\n<tr>\n<td>Prizas<\/td>\n<td align=\"center\">Rungtyn\u0117s<\/td>\n<td align=\"center\">Koeficientai<\/td>\n<\/tr>\n<tr>\n<td>1 vieta (Did\u017eiasis prizas)<\/td>\n<td align=\"center\">5 + 1<\/td>\n<td align=\"right\">175 223 510 : 1<\/td>\n<\/tr>\n<tr>\n<td>2 vieta<\/td>\n<td align=\"center\">5<\/td>\n<td align=\"right\">5 153 633 : 1<\/td>\n<\/tr>\n<tr>\n<td>3-ioji<\/td>\n<td align=\"center\">4 + 1<\/td>\n<td align=\"right\">648 976 : 1<\/td>\n<\/tr>\n<tr>\n<td>4-oji<\/td>\n<td align=\"center\">4<\/td>\n<td align=\"right\">19 087 : 1<\/td>\n<\/tr>\n<tr>\n<td>5-oji<\/td>\n<td align=\"cente\">3 + 1<\/td>\n<td align=\"right\">12 245:1<\/td>\n<\/tr>\n<tr>\n<td>6-oji<\/td>\n<td align=\"center\">3<\/td>\n<td align=\"right\">360:1<\/td>\n<\/tr>\n<tr>\n<td>7-oji<\/td>\n<td align=\"center\">2 + 1<\/td>\n<td align=\"right\">706:1<\/td>\n<\/tr>\n<tr>\n<td>8-oji<\/td>\n<td align=\"center\">1 + 1<\/td>\n<td align=\"right\">111:1<\/td>\n<\/tr>\n<tr>\n<td>9-oji<\/td>\n<td align=\"center\">0 + 1<\/td>\n<td align=\"right\">55: 1<\/td>\n<\/tr>\n<\/tbody>\n<\/table>\n","protected":false},"excerpt":{"rendered":"<p>\u017daiskite \u201ePowerball\u201c loterij\u0105 internetu. \u201ePowerball\u201c loterija visame pasaulyje \u017einoma d\u0117l ne\u012ftik\u0117tin\u0173 jackpot\u0173. Labai reguliariai rasite jackpot\u0173, vir\u0161ijan\u010di\u0173 100 milijon\u0173 doleri\u0173. Jackpoto did\u0117jimas yra eksponentinis, nes galite \u012fsigyti \u201ePowerball\u201c loterijos bilietus internetu. \u017daisti \u201ePowerball\u201c internetu paprasta patogiai namuose, tereikia kompiuterio ir interneto ry\u0161io. Internetiniai \u201ePowerball\u201c bilietai \u2013 paprasta kaip 1-2-3 Nor\u0117dami \u017eaisti \u201ePowerball\u201c loterij\u0105 internetu, turite [&hellip;]<\/p>\n","protected":false},"author":1,"featured_media":0,"parent":0,"menu_order":4,"comment_status":"closed","ping_status":"closed","template":"","meta":{"footnotes":""},"class_list":["post-9172","page","type-page","status-publish","hentry"],"yoast_head":"<!-- This site is optimized with the Yoast SEO plugin v27.4 - https:\/\/yoast.com\/product\/yoast-seo-wordpress\/ -->\n<title>Pirkite \u201ePowerball\u201c loterijos bilietus internetu<\/title>\n<meta name=\"description\" content=\"\u012esigykite bilietus internetu jau \u0161iandien \u012f \u201ePowerball\u201c loterij\u0105 JAV.\" \/>\n<meta name=\"robots\" content=\"index, follow, max-snippet:-1, max-image-preview:large, max-video-preview:-1\" \/>\n<link rel=\"canonical\" href=\"https:\/\/gambling6.com\/lt\/isigykite-powerball-loterijos-bilietus-internetu\/\" \/>\n<meta property=\"og:locale\" content=\"lt_LT\" \/>\n<meta property=\"og:type\" content=\"article\" \/>\n<meta property=\"og:title\" content=\"Pirkite \u201ePowerball\u201c loterijos bilietus internetu\" \/>\n<meta property=\"og:description\" content=\"\u012esigykite bilietus internetu jau \u0161iandien \u012f \u201ePowerball\u201c loterij\u0105 JAV.\" \/>\n<meta property=\"og:url\" content=\"https:\/\/gambling6.com\/lt\/isigykite-powerball-loterijos-bilietus-internetu\/\" \/>\n<meta property=\"og:site_name\" content=\"Gambling6\" \/>\n<meta property=\"article:modified_time\" content=\"2025-11-12T10:02:01+00:00\" \/>\n<meta property=\"og:image\" content=\"https:\/\/gambling6.com\/wp-content\/uploads\/2022\/04\/2_ticket_powerball_au2-1.jpg\" \/>\n\t<meta property=\"og:image:width\" content=\"250\" \/>\n\t<meta property=\"og:image:height\" content=\"460\" \/>\n\t<meta property=\"og:image:type\" content=\"image\/jpeg\" \/>\n<meta name=\"twitter:card\" content=\"summary_large_image\" \/>\n<meta name=\"twitter:label1\" content=\"Est. reading time\" \/>\n\t<meta name=\"twitter:data1\" content=\"2 minut\u0117s\" \/>\n<script type=\"application\/ld+json\" class=\"yoast-schema-graph\">{\"@context\":\"https:\\\/\\\/schema.org\",\"@graph\":[{\"@type\":\"WebPage\",\"@id\":\"https:\\\/\\\/gambling6.com\\\/lt\\\/isigykite-powerball-loterijos-bilietus-internetu\\\/\",\"url\":\"https:\\\/\\\/gambling6.com\\\/lt\\\/isigykite-powerball-loterijos-bilietus-internetu\\\/\",\"name\":\"Pirkite \u201ePowerball\u201c loterijos bilietus internetu\",\"isPartOf\":{\"@id\":\"https:\\\/\\\/gambling6.com\\\/lt\\\/#website\"},\"primaryImageOfPage\":{\"@id\":\"https:\\\/\\\/gambling6.com\\\/lt\\\/isigykite-powerball-loterijos-bilietus-internetu\\\/#primaryimage\"},\"image\":{\"@id\":\"https:\\\/\\\/gambling6.com\\\/lt\\\/isigykite-powerball-loterijos-bilietus-internetu\\\/#primaryimage\"},\"thumbnailUrl\":\"https:\\\/\\\/gambling6.com\\\/wp-content\\\/uploads\\\/2022\\\/04\\\/2_ticket_powerball_au2-1-163x300.jpg\",\"datePublished\":\"2025-11-10T10:39:42+00:00\",\"dateModified\":\"2025-11-12T10:02:01+00:00\",\"description\":\"\u012esigykite bilietus internetu jau \u0161iandien \u012f \u201ePowerball\u201c loterij\u0105 JAV.\",\"breadcrumb\":{\"@id\":\"https:\\\/\\\/gambling6.com\\\/lt\\\/isigykite-powerball-loterijos-bilietus-internetu\\\/#breadcrumb\"},\"inLanguage\":\"lt-LT\",\"potentialAction\":[{\"@type\":\"ReadAction\",\"target\":[\"https:\\\/\\\/gambling6.com\\\/lt\\\/isigykite-powerball-loterijos-bilietus-internetu\\\/\"]}]},{\"@type\":\"ImageObject\",\"inLanguage\":\"lt-LT\",\"@id\":\"https:\\\/\\\/gambling6.com\\\/lt\\\/isigykite-powerball-loterijos-bilietus-internetu\\\/#primaryimage\",\"url\":\"https:\\\/\\\/gambling6.com\\\/wp-content\\\/uploads\\\/2022\\\/04\\\/2_ticket_powerball_au2-1-163x300.jpg\",\"contentUrl\":\"https:\\\/\\\/gambling6.com\\\/wp-content\\\/uploads\\\/2022\\\/04\\\/2_ticket_powerball_au2-1-163x300.jpg\"},{\"@type\":\"BreadcrumbList\",\"@id\":\"https:\\\/\\\/gambling6.com\\\/lt\\\/isigykite-powerball-loterijos-bilietus-internetu\\\/#breadcrumb\",\"itemListElement\":[{\"@type\":\"ListItem\",\"position\":1,\"name\":\"Home\",\"item\":\"https:\\\/\\\/gambling6.com\\\/lt\\\/home\\\/\"},{\"@type\":\"ListItem\",\"position\":2,\"name\":\"\u012esigykite \u201ePowerball\u201c loterijos bilietus internetu\"}]},{\"@type\":\"WebSite\",\"@id\":\"https:\\\/\\\/gambling6.com\\\/lt\\\/#website\",\"url\":\"https:\\\/\\\/gambling6.com\\\/lt\\\/\",\"name\":\"Gambling6\",\"description\":\"\",\"potentialAction\":[{\"@type\":\"SearchAction\",\"target\":{\"@type\":\"EntryPoint\",\"urlTemplate\":\"https:\\\/\\\/gambling6.com\\\/lt\\\/?s={search_term_string}\"},\"query-input\":{\"@type\":\"PropertyValueSpecification\",\"valueRequired\":true,\"valueName\":\"search_term_string\"}}],\"inLanguage\":\"lt-LT\"}]}<\/script>\n<!-- \/ Yoast SEO plugin. -->","yoast_head_json":{"title":"Pirkite \u201ePowerball\u201c loterijos bilietus internetu","description":"\u012esigykite bilietus internetu jau \u0161iandien \u012f \u201ePowerball\u201c loterij\u0105 JAV.","robots":{"index":"index","follow":"follow","max-snippet":"max-snippet:-1","max-image-preview":"max-image-preview:large","max-video-preview":"max-video-preview:-1"},"canonical":"https:\/\/gambling6.com\/lt\/isigykite-powerball-loterijos-bilietus-internetu\/","og_locale":"lt_LT","og_type":"article","og_title":"Pirkite \u201ePowerball\u201c loterijos bilietus internetu","og_description":"\u012esigykite bilietus internetu jau \u0161iandien \u012f \u201ePowerball\u201c loterij\u0105 JAV.","og_url":"https:\/\/gambling6.com\/lt\/isigykite-powerball-loterijos-bilietus-internetu\/","og_site_name":"Gambling6","article_modified_time":"2025-11-12T10:02:01+00:00","og_image":[{"width":250,"height":460,"url":"https:\/\/gambling6.com\/wp-content\/uploads\/2022\/04\/2_ticket_powerball_au2-1.jpg","type":"image\/jpeg"}],"twitter_card":"summary_large_image","twitter_misc":{"Est. reading time":"2 minut\u0117s"},"schema":{"@context":"https:\/\/schema.org","@graph":[{"@type":"WebPage","@id":"https:\/\/gambling6.com\/lt\/isigykite-powerball-loterijos-bilietus-internetu\/","url":"https:\/\/gambling6.com\/lt\/isigykite-powerball-loterijos-bilietus-internetu\/","name":"Pirkite \u201ePowerball\u201c loterijos bilietus internetu","isPartOf":{"@id":"https:\/\/gambling6.com\/lt\/#website"},"primaryImageOfPage":{"@id":"https:\/\/gambling6.com\/lt\/isigykite-powerball-loterijos-bilietus-internetu\/#primaryimage"},"image":{"@id":"https:\/\/gambling6.com\/lt\/isigykite-powerball-loterijos-bilietus-internetu\/#primaryimage"},"thumbnailUrl":"https:\/\/gambling6.com\/wp-content\/uploads\/2022\/04\/2_ticket_powerball_au2-1-163x300.jpg","datePublished":"2025-11-10T10:39:42+00:00","dateModified":"2025-11-12T10:02:01+00:00","description":"\u012esigykite bilietus internetu jau \u0161iandien \u012f \u201ePowerball\u201c loterij\u0105 JAV.","breadcrumb":{"@id":"https:\/\/gambling6.com\/lt\/isigykite-powerball-loterijos-bilietus-internetu\/#breadcrumb"},"inLanguage":"lt-LT","potentialAction":[{"@type":"ReadAction","target":["https:\/\/gambling6.com\/lt\/isigykite-powerball-loterijos-bilietus-internetu\/"]}]},{"@type":"ImageObject","inLanguage":"lt-LT","@id":"https:\/\/gambling6.com\/lt\/isigykite-powerball-loterijos-bilietus-internetu\/#primaryimage","url":"https:\/\/gambling6.com\/wp-content\/uploads\/2022\/04\/2_ticket_powerball_au2-1-163x300.jpg","contentUrl":"https:\/\/gambling6.com\/wp-content\/uploads\/2022\/04\/2_ticket_powerball_au2-1-163x300.jpg"},{"@type":"BreadcrumbList","@id":"https:\/\/gambling6.com\/lt\/isigykite-powerball-loterijos-bilietus-internetu\/#breadcrumb","itemListElement":[{"@type":"ListItem","position":1,"name":"Home","item":"https:\/\/gambling6.com\/lt\/home\/"},{"@type":"ListItem","position":2,"name":"\u012esigykite \u201ePowerball\u201c loterijos bilietus internetu"}]},{"@type":"WebSite","@id":"https:\/\/gambling6.com\/lt\/#website","url":"https:\/\/gambling6.com\/lt\/","name":"Gambling6","description":"","potentialAction":[{"@type":"SearchAction","target":{"@type":"EntryPoint","urlTemplate":"https:\/\/gambling6.com\/lt\/?s={search_term_string}"},"query-input":{"@type":"PropertyValueSpecification","valueRequired":true,"valueName":"search_term_string"}}],"inLanguage":"lt-LT"}]}},"_links":{"self":[{"href":"https:\/\/gambling6.com\/lt\/wp-json\/wp\/v2\/pages\/9172","targetHints":{"allow":["GET"]}}],"collection":[{"href":"https:\/\/gambling6.com\/lt\/wp-json\/wp\/v2\/pages"}],"about":[{"href":"https:\/\/gambling6.com\/lt\/wp-json\/wp\/v2\/types\/page"}],"author":[{"embeddable":true,"href":"https:\/\/gambling6.com\/lt\/wp-json\/wp\/v2\/users\/1"}],"replies":[{"embeddable":true,"href":"https:\/\/gambling6.com\/lt\/wp-json\/wp\/v2\/comments?post=9172"}],"version-history":[{"count":1,"href":"https:\/\/gambling6.com\/lt\/wp-json\/wp\/v2\/pages\/9172\/revisions"}],"predecessor-version":[{"id":10510,"href":"https:\/\/gambling6.com\/lt\/wp-json\/wp\/v2\/pages\/9172\/revisions\/10510"}],"wp:attachment":[{"href":"https:\/\/gambling6.com\/lt\/wp-json\/wp\/v2\/media?parent=9172"}],"curies":[{"name":"wp","href":"https:\/\/api.w.org\/{rel}","templated":true}]}}