{"id":9230,"date":"2025-11-10T12:27:40","date_gmt":"2025-11-10T12:27:40","guid":{"rendered":"https:\/\/gambling6.com\/sporto-lazybos\/"},"modified":"2025-11-12T10:31:24","modified_gmt":"2025-11-12T10:31:24","slug":"sporto-lazybos","status":"publish","type":"page","link":"https:\/\/gambling6.com\/lt\/sporto-lazybos\/","title":{"rendered":"Sporto la\u017eybos"},"content":{"rendered":"<h2>Sporto la\u017eyb\u0173 pagrindai<\/h2>\n<p>Sporto la\u017eybos, terminas, gaunamas tiesiog sujungiant apra\u0161omuosius \u017eod\u017eius, yra profesionali\u0173 ir m\u0117g\u0117j\u0173 sporto rezultat\u0173 prognozavimas ir statymas u\u017e rezultat\u0105. <strong>Sporto la\u017eybos yra terminas, vartojamas apib\u016bdinti viet\u0105, kurioje b\u016bt\u0173 dalyvaujama sporto la\u017eyb\u0173 veikloje.<\/strong> Apskritai JAV \u0161i veikla n\u0117ra legali. I\u0161 esm\u0117s, tik keturiose i\u0161 penkiasde\u0161imties Amerikos valstij\u0173 yra pripa\u017eintos 100 % legaliomis sporto la\u017eybomis ir sporto statymais. Tada atsirado internetas.<\/p>\n<h2>Milijonai \u017emoni\u0173 kasdien dalyvauja sporto la\u017eybose<\/h2>\n<p>Kasdien milijonai \u017emoni\u0173 pl\u016bsta \u012f t\u016bkstan\u010dius svetaini\u0173, kad statyt\u0173 u\u017e bet kuri\u0105 sporto \u0161ak\u0105, kuri\u0105 tik galite rasti. Ta\u010diau <strong>\u0161i internetini\u0173 sporto la\u017eyb\u0173 \u012f\u017eanga parodys, kad tai daugiau nei tiesiog \u017einoti skirtum\u0105 ir statyti u\u017e komand\u0105, kuri\u0105 norite laim\u0117ti. Statymas ne tik gali padaryti rungtynes \u200b\u200b\u012fdomesnes, bet ir sporto la\u017eyb\u0173 menas, jei tai daroma teisingai, gali u\u017edirbti daug pinig\u0173. Jei tai nauja veikla tiems, kurie neturi sporto la\u017eyb\u0173 patirties, tur\u0117site \u017einoti sporto la\u017eyb\u0173 pagrindus ir principus, jei norite nepasimesti prasid\u0117jus var\u017eyboms.<\/strong><\/p>\n<h2>Internetini\u0173 sporto la\u017eyb\u0173 terminologija<\/h2>\n<p>Pirmiausia,<strong>tur\u0117site susipa\u017einti su kai kuriais sporto la\u017eybose vartojamais terminais<\/strong>. \u201e<a href=\"http:\/\/en.wikipedia.org\/wiki\/Handicapping\" target=\"_blank\" rel=\"noopener\">Handicap<\/a>\u201c yra pirmasis terminas, kur\u012f pristatysiu; tai rei\u0161kia suteikti vienai komandai ar asmeniui prana\u0161um\u0105 prie\u0161 kit\u0105, padidinant kito sm\u016bgi\u0173, \u012fvar\u010di\u0173, ta\u0161k\u0173 ar tiesiog ta\u0161k\u0173 skai\u010di\u0173, kad suteikt\u0173 savo var\u017eovui geresn\u0119 galimyb\u0119 atsilyginti u\u017e savo \u017eaidimo lyg\u012f. Tarkime, pavyzd\u017eiui, \u017eais\u010diau krep\u0161in\u012f su Michaelu Jordanu vienas prie\u0161 vien\u0105, ir laim\u0117t\u0173 tas, kuris pirmas surinkt\u0173 21 ta\u0161k\u0105. A\u0161 galiu gauti 18 ta\u0161k\u0173 prana\u0161um\u0105, o tai reik\u0161t\u0173, kad jis turi 18 ta\u0161k\u0173 handikap\u0105. Kad laim\u0117t\u0173, jam reik\u0117s pelnyti 21 ta\u0161k\u0105, o man \u2013 3 ta\u0161kus. Yra daug handikap\u0173 arba \u201eta\u0161k\u0173 skirtum\u0173\u201c, kaip jie dar gali b\u016bti vadinami, pavyzd\u017ei\u0173. \u0160io principo supratimas yra vienas i\u0161 rakt\u0173 \u012f ger\u0173 statym\u0173 supratim\u0105 internetin\u0117se sporto la\u017eybose.<\/p>\n<h2>Pa\u017einkite savo internetin\u0119 sporto la\u017eyb\u0173 bendrov\u0119<\/h2>\n<p><strong>Sporto la\u017eybos, tiek internetu, tiek gyvai, paprastai atliekamos vadinamojoje \u201esporto la\u017eyb\u0173 bendrov\u0117je\u201c.<\/strong> \u201eLa\u017eyb\u0173 bendrov\u0117\u201c \u2013 tai \u012fstaiga, kuri priima statymus, o la\u017eyb\u0173 tarpininkas \u2013 tai asmuo, kuris paprastai nustato skirtum\u0105 konkre\u010diai \u012fstaigai. \u201eSkirto\u201c nustatymo procesas, palyginti su \u201elygi\u0173 pinig\u0173\u201c (1:1 koeficiento statymu), gali b\u016bti labai sud\u0117tingas ir skirtis skirtingose \u200b\u200bsporto la\u017eyb\u0173 bendrov\u0117se.<\/p>\n<h2>\u201eBetonline Sportsbook\u201c \u2013 priima JAV sporto gerb\u0117jus<\/h2>\n<p>Kai esate pasiruo\u0161\u0119 la\u017eyboms u\u017e sport\u0105, turite rasti patikim\u0105 internetin\u012f kazino arba la\u017eyb\u0173 punkt\u0105, kad gal\u0117tum\u0117te atlikti statymus.<a class=\"thirstylink\" title=\"Betonline casino en\" href=\"https:\/\/gambling6.com\/go\/betonline-casino-en\/\" target=\"_blank\" rel=\"nofollow noopener\"> Galite per\u017ei\u016br\u0117ti \u201eBetonline sportsbook\u201c<\/a> \u2013 tai gerai \u017einomas internetinis kazino, gars\u0117jantis ne\u012ftik\u0117tinu saugumu. Jie si\u016blo daug skirting\u0173 \u012fmok\u0173 ir i\u0161mok\u0173 b\u016bd\u0173, tod\u0117l tur\u0117tum\u0117te rasti b\u016bd\u0105, kaip su jais elgtis pagal savo asmeninius poreikius.<\/p>\n<p>Kita puiki alternatyva yra \u201e888 Casino\u201c \u2013 j\u0173 sporto la\u017eyb\u0173 skyrius yra vienas geriausi\u0173 rinkoje. Be to, jie taip pat turi puik\u0173 pokerio kambar\u012f, absoliu\u010diai geriausius kazino \u017eaidimus ir netgi tokius dalykus kaip bingo ir momentin\u0117s loterijos.<\/p>\n<p>Vienintelis \u201e888\u201c tr\u016bkumas yra tas, kad jie nepriima klient\u0173 i\u0161 Jungtini\u0173 Amerikos Valstij\u0173. Ta\u010diau jei esate kitos \u0161alies gyventojas, b\u016btinai tur\u0117tum\u0117te <a class=\"thirstylink\" title=\"888 casino en\" href=\"https:\/\/gambling6.com\/go\/888-casino-en\/\" target=\"_blank\" rel=\"nofollow noopener\">apsilankyti 888 kazino svetain\u0117je \u2013 tiesiog spustel\u0117kite \u0161i\u0105 nuorod\u0105.<\/a><\/p>\n<p>I\u0161bandykite vandenis, bet j\u016bs turite daug ko i\u0161mokti apie sporto la\u017eybas internetu. Mes ir toliau atnaujinsime \u0161i\u0105 svetain\u0119, kad gal\u0117tum\u0117te su\u017einoti apie koeficientus ir veiksnius, turin\u010dius \u012ftakos tam tikr\u0173 \u012fvyki\u0173 rezultatams.<strong> Jei norite tapti sporto la\u017eyb\u0173 ekspertu<\/strong>, at\u0117jote \u012f reikiam\u0105 viet\u0105. Atsis\u0117skite, patogiai \u012fsitaisykite ir laukite smagi\u0173 akimirk\u0173 su sporto la\u017eybomis internetu.<\/p>\n","protected":false},"excerpt":{"rendered":"<p>Sporto la\u017eyb\u0173 pagrindai Sporto la\u017eybos, terminas, gaunamas tiesiog sujungiant apra\u0161omuosius \u017eod\u017eius, yra profesionali\u0173 ir m\u0117g\u0117j\u0173 sporto rezultat\u0173 prognozavimas ir statymas u\u017e rezultat\u0105. Sporto la\u017eybos yra terminas, vartojamas apib\u016bdinti viet\u0105, kurioje b\u016bt\u0173 dalyvaujama sporto la\u017eyb\u0173 veikloje. Apskritai JAV \u0161i veikla n\u0117ra legali. I\u0161 esm\u0117s, tik keturiose i\u0161 penkiasde\u0161imties Amerikos valstij\u0173 yra pripa\u017eintos 100 % legaliomis sporto [&hellip;]<\/p>\n","protected":false},"author":1,"featured_media":0,"parent":0,"menu_order":4,"comment_status":"closed","ping_status":"closed","template":"","meta":{"footnotes":""},"class_list":["post-9230","page","type-page","status-publish","hentry"],"yoast_head":"<!-- This site is optimized with the Yoast SEO plugin v27.4 - https:\/\/yoast.com\/product\/yoast-seo-wordpress\/ -->\n<title>\u012evadas \u012f internetines sporto la\u017eybas<\/title>\n<meta name=\"description\" content=\"Susipa\u017einkite su kai kuriais internetini\u0173 sporto la\u017eyb\u0173 terminais.\" \/>\n<meta name=\"robots\" content=\"index, follow, max-snippet:-1, max-image-preview:large, max-video-preview:-1\" \/>\n<link rel=\"canonical\" href=\"https:\/\/gambling6.com\/lt\/sporto-lazybos\/\" \/>\n<meta property=\"og:locale\" content=\"lt_LT\" \/>\n<meta property=\"og:type\" content=\"article\" \/>\n<meta property=\"og:title\" content=\"\u012evadas \u012f internetines sporto la\u017eybas\" \/>\n<meta property=\"og:description\" content=\"Susipa\u017einkite su kai kuriais internetini\u0173 sporto la\u017eyb\u0173 terminais.\" \/>\n<meta property=\"og:url\" content=\"https:\/\/gambling6.com\/lt\/sporto-lazybos\/\" \/>\n<meta property=\"og:site_name\" content=\"Gambling6\" \/>\n<meta property=\"article:modified_time\" content=\"2025-11-12T10:31:24+00:00\" \/>\n<meta name=\"twitter:card\" content=\"summary_large_image\" \/>\n<meta name=\"twitter:label1\" content=\"Est. reading time\" \/>\n\t<meta name=\"twitter:data1\" content=\"3 minut\u0117s\" \/>\n<script type=\"application\/ld+json\" class=\"yoast-schema-graph\">{\"@context\":\"https:\\\/\\\/schema.org\",\"@graph\":[{\"@type\":\"WebPage\",\"@id\":\"https:\\\/\\\/gambling6.com\\\/lt\\\/sporto-lazybos\\\/\",\"url\":\"https:\\\/\\\/gambling6.com\\\/lt\\\/sporto-lazybos\\\/\",\"name\":\"\u012evadas \u012f internetines sporto la\u017eybas\",\"isPartOf\":{\"@id\":\"https:\\\/\\\/gambling6.com\\\/lt\\\/#website\"},\"datePublished\":\"2025-11-10T12:27:40+00:00\",\"dateModified\":\"2025-11-12T10:31:24+00:00\",\"description\":\"Susipa\u017einkite su kai kuriais internetini\u0173 sporto la\u017eyb\u0173 terminais.\",\"breadcrumb\":{\"@id\":\"https:\\\/\\\/gambling6.com\\\/lt\\\/sporto-lazybos\\\/#breadcrumb\"},\"inLanguage\":\"lt-LT\",\"potentialAction\":[{\"@type\":\"ReadAction\",\"target\":[\"https:\\\/\\\/gambling6.com\\\/lt\\\/sporto-lazybos\\\/\"]}]},{\"@type\":\"BreadcrumbList\",\"@id\":\"https:\\\/\\\/gambling6.com\\\/lt\\\/sporto-lazybos\\\/#breadcrumb\",\"itemListElement\":[{\"@type\":\"ListItem\",\"position\":1,\"name\":\"Home\",\"item\":\"https:\\\/\\\/gambling6.com\\\/lt\\\/home\\\/\"},{\"@type\":\"ListItem\",\"position\":2,\"name\":\"Sporto la\u017eybos\"}]},{\"@type\":\"WebSite\",\"@id\":\"https:\\\/\\\/gambling6.com\\\/lt\\\/#website\",\"url\":\"https:\\\/\\\/gambling6.com\\\/lt\\\/\",\"name\":\"Gambling6\",\"description\":\"\",\"potentialAction\":[{\"@type\":\"SearchAction\",\"target\":{\"@type\":\"EntryPoint\",\"urlTemplate\":\"https:\\\/\\\/gambling6.com\\\/lt\\\/?s={search_term_string}\"},\"query-input\":{\"@type\":\"PropertyValueSpecification\",\"valueRequired\":true,\"valueName\":\"search_term_string\"}}],\"inLanguage\":\"lt-LT\"}]}<\/script>\n<!-- \/ Yoast SEO plugin. -->","yoast_head_json":{"title":"\u012evadas \u012f internetines sporto la\u017eybas","description":"Susipa\u017einkite su kai kuriais internetini\u0173 sporto la\u017eyb\u0173 terminais.","robots":{"index":"index","follow":"follow","max-snippet":"max-snippet:-1","max-image-preview":"max-image-preview:large","max-video-preview":"max-video-preview:-1"},"canonical":"https:\/\/gambling6.com\/lt\/sporto-lazybos\/","og_locale":"lt_LT","og_type":"article","og_title":"\u012evadas \u012f internetines sporto la\u017eybas","og_description":"Susipa\u017einkite su kai kuriais internetini\u0173 sporto la\u017eyb\u0173 terminais.","og_url":"https:\/\/gambling6.com\/lt\/sporto-lazybos\/","og_site_name":"Gambling6","article_modified_time":"2025-11-12T10:31:24+00:00","twitter_card":"summary_large_image","twitter_misc":{"Est. reading time":"3 minut\u0117s"},"schema":{"@context":"https:\/\/schema.org","@graph":[{"@type":"WebPage","@id":"https:\/\/gambling6.com\/lt\/sporto-lazybos\/","url":"https:\/\/gambling6.com\/lt\/sporto-lazybos\/","name":"\u012evadas \u012f internetines sporto la\u017eybas","isPartOf":{"@id":"https:\/\/gambling6.com\/lt\/#website"},"datePublished":"2025-11-10T12:27:40+00:00","dateModified":"2025-11-12T10:31:24+00:00","description":"Susipa\u017einkite su kai kuriais internetini\u0173 sporto la\u017eyb\u0173 terminais.","breadcrumb":{"@id":"https:\/\/gambling6.com\/lt\/sporto-lazybos\/#breadcrumb"},"inLanguage":"lt-LT","potentialAction":[{"@type":"ReadAction","target":["https:\/\/gambling6.com\/lt\/sporto-lazybos\/"]}]},{"@type":"BreadcrumbList","@id":"https:\/\/gambling6.com\/lt\/sporto-lazybos\/#breadcrumb","itemListElement":[{"@type":"ListItem","position":1,"name":"Home","item":"https:\/\/gambling6.com\/lt\/home\/"},{"@type":"ListItem","position":2,"name":"Sporto la\u017eybos"}]},{"@type":"WebSite","@id":"https:\/\/gambling6.com\/lt\/#website","url":"https:\/\/gambling6.com\/lt\/","name":"Gambling6","description":"","potentialAction":[{"@type":"SearchAction","target":{"@type":"EntryPoint","urlTemplate":"https:\/\/gambling6.com\/lt\/?s={search_term_string}"},"query-input":{"@type":"PropertyValueSpecification","valueRequired":true,"valueName":"search_term_string"}}],"inLanguage":"lt-LT"}]}},"_links":{"self":[{"href":"https:\/\/gambling6.com\/lt\/wp-json\/wp\/v2\/pages\/9230","targetHints":{"allow":["GET"]}}],"collection":[{"href":"https:\/\/gambling6.com\/lt\/wp-json\/wp\/v2\/pages"}],"about":[{"href":"https:\/\/gambling6.com\/lt\/wp-json\/wp\/v2\/types\/page"}],"author":[{"embeddable":true,"href":"https:\/\/gambling6.com\/lt\/wp-json\/wp\/v2\/users\/1"}],"replies":[{"embeddable":true,"href":"https:\/\/gambling6.com\/lt\/wp-json\/wp\/v2\/comments?post=9230"}],"version-history":[{"count":1,"href":"https:\/\/gambling6.com\/lt\/wp-json\/wp\/v2\/pages\/9230\/revisions"}],"predecessor-version":[{"id":10532,"href":"https:\/\/gambling6.com\/lt\/wp-json\/wp\/v2\/pages\/9230\/revisions\/10532"}],"wp:attachment":[{"href":"https:\/\/gambling6.com\/lt\/wp-json\/wp\/v2\/media?parent=9230"}],"curies":[{"name":"wp","href":"https:\/\/api.w.org\/{rel}","templated":true}]}}