{"id":9308,"date":"2025-11-10T13:28:09","date_gmt":"2025-11-10T13:28:09","guid":{"rendered":"https:\/\/gambling6.com\/loterija\/"},"modified":"2025-11-12T18:33:53","modified_gmt":"2025-11-12T18:33:53","slug":"loterija","status":"publish","type":"page","link":"https:\/\/gambling6.com\/lt\/loterija\/","title":{"rendered":"Loterija"},"content":{"rendered":"<h2>Lotto tampa tarptautine ir internetine loterija.<\/h2>\n<p>Nors tarptautini\u0173 loterij\u0173 biliet\u0173 pirkimas laikomas puikia pramoga, jis taip pat tapo dideliu verslu. Lo\u0161imai apskritai i\u0161populiar\u0117jo i\u0161 dalies d\u0117l puikaus pokerio d\u0117mesio \u017einiasklaidoje, o papildomos s\u0117km\u0117s priskiriama internetui. <strong>\u017daisti tarptautin\u0117se loterijose ir pirkti bilietus internetu paspartino kaupiam\u0173j\u0173 priz\u0173 augim\u0105,<\/strong> ir daugelis \u017emoni\u0173 dabar \u201eRedFoxLotto\u201c \u017eaidim\u0105 \u012ftraukia \u012f savo pajam\u0173 plan\u0105.<\/p>\n<h2>Internetas palengvina loterijos biliet\u0173 pirkim\u0105.<\/h2>\n<p>Internetas daugeliu at\u017evilgi\u0173 pakeit\u0117 m\u016bs\u0173 gyvenim\u0105; jis neabejotinai suma\u017eino pasaul\u012f. Daugelyje pasaulio \u0161ali\u0173 kasdien \u017eaid\u017eiama \u0161imtai loterij\u0173. Dauguma nacionalini\u0173 loterij\u0173, \u012fskaitant tas, kuriose yra didesni kaupiamieji prizai, tapo prieinamos \u017emon\u0117ms, perkantiems loterijos bilietus tarptautiniu mastu. <strong>Did\u017eiausios pasaulin\u0117s loterijos, tokios kaip \u201eMega Millions\u201c Jungtin\u0117se Valstijose ir \u201ePowerball\u201c JAV bei Australijoje, leid\u017eia bilietus \u012fsigyti internetu per m\u016bs\u0173 partner\u012f \u201eRedFoxLotto\u201c.<\/strong><img loading=\"lazy\" decoding=\"async\" class=\" alignright size-full wp-image-437\" style=\"margin: 10px; border: 5px none #ffffff; float: right;\" src=\"http:\/\/gambling6.com\/wp-content\/uploads\/2013\/12\/International-Community-150x150.jpg\" alt=\"tarptautiniai loterijos internetu\" width=\"150\" height=\"150\" \/><\/p>\n<h2>Pirkite loterijos bilietus vis\u0105 par\u0105<\/h2>\n<p>\u0160iandienos technologij\u0173 pasaulyje daugelio tarptautini\u0173 loterij\u0173 bilietus galime \u012fsigyti 24 valandas per par\u0105, 365 dienas per savait\u0119. Tur\u0117dami internet\u0105, \u0161iuos bilietus galime \u012fsigyti neb\u0117gdami \u012f loterij\u0173 pardav\u0117jus ar nestodami eil\u0117se. Galime skirti laiko j\u016bs\u0173 numeri\u0173 pasirinkimui ir tam panaudoti \u012fvairias jums prieinamas priemones. D\u0117l tarptautini\u0173 loterij\u0173 \u017eaidimo paprastumo didieji prizai ir daugiapakopiai prizai pasiek\u0117 rekordin\u012f lyg\u012f. D\u0117l dideli\u0173 priz\u0173 daugelis suk\u016br\u0117 versl\u0105, \u017eaisdami \u201eRedFoxLotto\u201c internetu.<\/p>\n<h2>Loterijos biliet\u0173 pirkimas internetu yra saugus.<\/h2>\n<p>Su m\u016bs\u0173 partneriu \u201eRedFoxLotto\u201c tarptautini\u0173 loterij\u0173 bilietus pirkti saugu ir paprasta. Pirmiausia tur\u0117site atidaryti s\u0105skait\u0105. Atidarydami s\u0105skait\u0105, j\u016bs\u0173 bus papra\u0161yta pateikti asmenin\u0119 informacij\u0105. B\u016btinai \u012fveskite naujausi\u0105 ir teising\u0105 savo paskyros informacij\u0105, kad gal\u0117tum\u0117te patvirtinti savo tapatyb\u0119, kai laim\u0117site didel\u012f priz\u0105. J\u016bs\u0173 \u012fvesta ir siun\u010diama informacija yra apsaugota 256 bit\u0173 \u0161ifravimu, o saugaus uosto talpinimas u\u017etikrina, kad ji b\u016bt\u0173 laikoma privati \u200b\u200bir naudojama tik svetain\u0117je nurodytais tikslais.<\/p>\n<h2>Internetin\u0117s bankininkyst\u0117s metodai laim\u0117ti \u201eRedFoxLotto\u201c<\/h2>\n<p>Bilietams \u012fsigyti galite naudoti tokias korteles kaip \u201eVisa\u201c, \u201eMasterCard\u201c ir \u201eVisa debeto\u201c. Galimi ir kiti mok\u0117jimo b\u016bdai, pavyzd\u017eiui, banko pavedimai ir mok\u0117jimai kriptovaliuta. Ta\u010diau jei laim\u0117site nema\u017e\u0105 sum\u0105, tur\u0117site pateikti banko s\u0105skait\u0105, kad j\u016bs\u0173 laim\u0117jimas b\u016bt\u0173 pervestas jums. Saugi aplinka daro tai puikiu pasirinkimu \u017eaisti tarptautines loterijas ir gauti laim\u0117jimus.<\/p>\n<h2>Loterijos biliet\u0173 pirkimas internetu turi privalum\u0173.<\/h2>\n<p>Kitas loterijos biliet\u0173 pirkimo internetu privalumas yra tas, kad yra daug \u012franki\u0173, kurie padeda analizuoti daugumos dideli\u0173 tarptautini\u0173 loterij\u0173 skai\u010dius. Internetin\u0117s loterijos \u012frankiai leid\u017eia per\u017ei\u016br\u0117ti da\u017eniausiai pasitaikan\u010dius skai\u010dius, re\u010diausius skai\u010dius ir loterij\u0173 visame pasaulyje istorij\u0105. \u0160i informacija suteikia jums prana\u0161umo perkant bilietus ir gali papildyti j\u016bs\u0173 banko s\u0105skait\u0105 daugiapakopiais laim\u0117jimais.<\/p>\n<p>\u017daisti \u201eRedFoxLotto\u201c gali b\u016bti smagu ir pelninga. Prad\u0117kite \u017eaisti tarptautines loterijas jau \u0161iandien. <a class=\"thirstylink\" title=\"Redfoxlotto\" href=\"https:\/\/gambling6.com\/go\/redfoxlotto\/\" target=\"_blank\" rel=\"nofollow noopener\">Nor\u0117dami internetu \u012fsigyti tarptautini\u0173 loterij\u0173 bilietus, apsilankykite m\u016bs\u0173 partnerio \u201eRedFoxLotto\u201c svetain\u0117je.<\/a><\/p>\n<h2>Ar turite b\u016bti \u0161alies gyventojas, kad gal\u0117tum\u0117te \u017eaisti tarptautin\u0117je loterijoje?<\/h2>\n<p>Atsakymas paprastas: ne, neb\u016btina! Jei internete ar laikra\u0161\u010diuose skait\u0117te straipsnius apie \u017emones, laim\u0117jusius keli\u0173 milijon\u0173 doleri\u0173 vert\u0117s prizus, galb\u016bt pagalvojote: \u201eKod\u0117l a\u0161 negaliu i\u0161bandyti vienos i\u0161 t\u0173 loterij\u0173?\u201c Na, dabar nebe problema, kad nesate \u0161alies, kurioje traukiamas jackpoto loterija, gyventojas.<\/p>\n<p>Galite gauti biliet\u0105 \u012f bet kur\u012f norim\u0105 laim\u0117ti jackpot\u0105, nes jie prieinami internetu bet kam pasaulyje. \u0160i svetain\u0117 padeda jums \u012fsigyti internetin\u012f loterijos biliet\u0105 \u012f did\u017eiausius tarptautinius jackpotus. Ir proced\u016bra negal\u0117jo b\u016bti paprastesn\u0117. Spustel\u0117kite auk\u0161\u010diau esan\u010di\u0105 nuorod\u0105 ir pasirinkite loterij\u0105. B\u016bsite nukreipti \u012f puslap\u012f, kuriame gal\u0117site patys pasirinkti m\u0117gstamiausius tos loterijos skai\u010dius arba leisti kompiuteriui atsitiktinai parinkti skai\u010dius u\u017e jus.<\/p>\n<p>Tada mok\u0117site internetu, naudodami jums patogiausi\u0105 mok\u0117jimo b\u016bd\u0105. \u0160ie mok\u0117jimo b\u016bdai apima populiarius, saugius elektronini\u0173 pinigini\u0173 sprendimus, tokius kaip \u201eSkrill\u201c ir net kriptovaliut\u0105. \u017dinoma, galite pasirinkti ir populiariausi\u0105 variant\u0105: mok\u0117ti kreditine kortele.<\/p>\n<p><strong>Kas toliau \u2013 kaip gauti internetin\u012f loterijos biliet\u0105?<\/strong> Tai veikia kaip kurjerio paslauga \u2013 j\u016bs\u0173 internetinis loterijos bilietas busl bus nupirktas j\u016bs\u0173 vardu, tada nuskaitytas ir \u012fkeltas \u012f j\u016bs\u0173 paskyr\u0105.<\/p>\n<p>Jums tereikia atsipalaiduoti ir palaukti traukimo, patikrinti savo skai\u010dius ir pamatyti, kiek laim\u0117jote. Jei laim\u0117site ma\u017eiau nei 2000 \u20ac, pinigai bus \u012fskaityti \u012f j\u016bs\u0173 kliento s\u0105skait\u0105. Didesn\u0117ms sumoms \u201eRedFoxLotto\u201c taisykl\u0117s reikalauja u\u017epildyti pra\u0161ymo form\u0105, kuri\u0105 pateikia svetain\u0117. Jie persiun\u010dia j\u0105 atitinkamai loterijos komisijai j\u016bs\u0173 vardu, ir nepasteb\u0117site, kaip pa\u0161tu jau gausite \u010dek\u012f! <a class=\"thirstylink\" title=\"Redfoxlotto\" href=\"https:\/\/gambling6.com\/go\/redfoxlotto\/\" target=\"_blank\" rel=\"nofollow noopener\">Pirkite loterijos bilietus \u0161iandien \u201eRedFoxLotto\u201c!<\/a><\/p>\n<p>&nbsp;<\/p>\n","protected":false},"excerpt":{"rendered":"<p>Lotto tampa tarptautine ir internetine loterija. Nors tarptautini\u0173 loterij\u0173 biliet\u0173 pirkimas laikomas puikia pramoga, jis taip pat tapo dideliu verslu. Lo\u0161imai apskritai i\u0161populiar\u0117jo i\u0161 dalies d\u0117l puikaus pokerio d\u0117mesio \u017einiasklaidoje, o papildomos s\u0117km\u0117s priskiriama internetui. \u017daisti tarptautin\u0117se loterijose ir pirkti bilietus internetu paspartino kaupiam\u0173j\u0173 priz\u0173 augim\u0105, ir daugelis \u017emoni\u0173 dabar \u201eRedFoxLotto\u201c \u017eaidim\u0105 \u012ftraukia \u012f savo [&hellip;]<\/p>\n","protected":false},"author":1,"featured_media":9288,"parent":0,"menu_order":8,"comment_status":"closed","ping_status":"closed","template":"","meta":{"footnotes":""},"class_list":["post-9308","page","type-page","status-publish","has-post-thumbnail","hentry"],"yoast_head":"<!-- This site is optimized with the Yoast SEO plugin v27.5 - https:\/\/yoast.com\/product\/yoast-seo-wordpress\/ -->\n<title>Tarptautini\u0173 loterij\u0173 biliet\u0173 pirkimas internetu<\/title>\n<meta name=\"description\" content=\"pirkimas, bilietai, tarptautin\u0117s, loterijos, lengva, 24 valandas per par\u0105, 365 dienas per metus, loterija, laim\u0117jimas, internetu\" \/>\n<meta name=\"robots\" content=\"index, follow, max-snippet:-1, max-image-preview:large, max-video-preview:-1\" \/>\n<link rel=\"canonical\" href=\"https:\/\/gambling6.com\/lt\/loterija\/\" \/>\n<meta property=\"og:locale\" content=\"lt_LT\" \/>\n<meta property=\"og:type\" content=\"article\" \/>\n<meta property=\"og:title\" content=\"Tarptautini\u0173 loterij\u0173 biliet\u0173 pirkimas internetu\" \/>\n<meta property=\"og:description\" content=\"pirkimas, bilietai, tarptautin\u0117s, loterijos, lengva, 24 valandas per par\u0105, 365 dienas per metus, loterija, laim\u0117jimas, internetu\" \/>\n<meta property=\"og:url\" content=\"https:\/\/gambling6.com\/lt\/loterija\/\" \/>\n<meta property=\"og:site_name\" content=\"Gambling6\" \/>\n<meta property=\"article:modified_time\" content=\"2025-11-12T18:33:53+00:00\" \/>\n<meta property=\"og:image\" content=\"https:\/\/gambling6.com\/wp-content\/uploads\/2013\/12\/International-Community-150x150.jpg\" \/>\n\t<meta property=\"og:image:width\" content=\"150\" \/>\n\t<meta property=\"og:image:height\" content=\"150\" \/>\n\t<meta property=\"og:image:type\" content=\"image\/jpeg\" \/>\n<meta name=\"twitter:card\" content=\"summary_large_image\" \/>\n<meta name=\"twitter:label1\" content=\"Est. reading time\" \/>\n\t<meta name=\"twitter:data1\" content=\"4 minut\u0117s\" \/>\n<script type=\"application\/ld+json\" class=\"yoast-schema-graph\">{\"@context\":\"https:\\\/\\\/schema.org\",\"@graph\":[{\"@type\":\"WebPage\",\"@id\":\"https:\\\/\\\/gambling6.com\\\/lt\\\/loterija\\\/\",\"url\":\"https:\\\/\\\/gambling6.com\\\/lt\\\/loterija\\\/\",\"name\":\"Tarptautini\u0173 loterij\u0173 biliet\u0173 pirkimas internetu\",\"isPartOf\":{\"@id\":\"https:\\\/\\\/gambling6.com\\\/lt\\\/#website\"},\"primaryImageOfPage\":{\"@id\":\"https:\\\/\\\/gambling6.com\\\/lt\\\/loterija\\\/#primaryimage\"},\"image\":{\"@id\":\"https:\\\/\\\/gambling6.com\\\/lt\\\/loterija\\\/#primaryimage\"},\"thumbnailUrl\":\"https:\\\/\\\/gambling6.com\\\/wp-content\\\/uploads\\\/2013\\\/12\\\/International-Community-150x150.jpg\",\"datePublished\":\"2025-11-10T13:28:09+00:00\",\"dateModified\":\"2025-11-12T18:33:53+00:00\",\"description\":\"pirkimas, bilietai, tarptautin\u0117s, loterijos, lengva, 24 valandas per par\u0105, 365 dienas per metus, loterija, laim\u0117jimas, internetu\",\"breadcrumb\":{\"@id\":\"https:\\\/\\\/gambling6.com\\\/lt\\\/loterija\\\/#breadcrumb\"},\"inLanguage\":\"lt-LT\",\"potentialAction\":[{\"@type\":\"ReadAction\",\"target\":[\"https:\\\/\\\/gambling6.com\\\/lt\\\/loterija\\\/\"]}]},{\"@type\":\"ImageObject\",\"inLanguage\":\"lt-LT\",\"@id\":\"https:\\\/\\\/gambling6.com\\\/lt\\\/loterija\\\/#primaryimage\",\"url\":\"https:\\\/\\\/gambling6.com\\\/wp-content\\\/uploads\\\/2013\\\/12\\\/International-Community-150x150.jpg\",\"contentUrl\":\"https:\\\/\\\/gambling6.com\\\/wp-content\\\/uploads\\\/2013\\\/12\\\/International-Community-150x150.jpg\",\"width\":150,\"height\":150},{\"@type\":\"BreadcrumbList\",\"@id\":\"https:\\\/\\\/gambling6.com\\\/lt\\\/loterija\\\/#breadcrumb\",\"itemListElement\":[{\"@type\":\"ListItem\",\"position\":1,\"name\":\"Home\",\"item\":\"https:\\\/\\\/gambling6.com\\\/lt\\\/home\\\/\"},{\"@type\":\"ListItem\",\"position\":2,\"name\":\"Loterija\"}]},{\"@type\":\"WebSite\",\"@id\":\"https:\\\/\\\/gambling6.com\\\/lt\\\/#website\",\"url\":\"https:\\\/\\\/gambling6.com\\\/lt\\\/\",\"name\":\"Gambling6\",\"description\":\"\",\"potentialAction\":[{\"@type\":\"SearchAction\",\"target\":{\"@type\":\"EntryPoint\",\"urlTemplate\":\"https:\\\/\\\/gambling6.com\\\/lt\\\/?s={search_term_string}\"},\"query-input\":{\"@type\":\"PropertyValueSpecification\",\"valueRequired\":true,\"valueName\":\"search_term_string\"}}],\"inLanguage\":\"lt-LT\"}]}<\/script>\n<!-- \/ Yoast SEO plugin. -->","yoast_head_json":{"title":"Tarptautini\u0173 loterij\u0173 biliet\u0173 pirkimas internetu","description":"pirkimas, bilietai, tarptautin\u0117s, loterijos, lengva, 24 valandas per par\u0105, 365 dienas per metus, loterija, laim\u0117jimas, internetu","robots":{"index":"index","follow":"follow","max-snippet":"max-snippet:-1","max-image-preview":"max-image-preview:large","max-video-preview":"max-video-preview:-1"},"canonical":"https:\/\/gambling6.com\/lt\/loterija\/","og_locale":"lt_LT","og_type":"article","og_title":"Tarptautini\u0173 loterij\u0173 biliet\u0173 pirkimas internetu","og_description":"pirkimas, bilietai, tarptautin\u0117s, loterijos, lengva, 24 valandas per par\u0105, 365 dienas per metus, loterija, laim\u0117jimas, internetu","og_url":"https:\/\/gambling6.com\/lt\/loterija\/","og_site_name":"Gambling6","article_modified_time":"2025-11-12T18:33:53+00:00","og_image":[{"width":150,"height":150,"url":"https:\/\/gambling6.com\/wp-content\/uploads\/2013\/12\/International-Community-150x150.jpg","type":"image\/jpeg"}],"twitter_card":"summary_large_image","twitter_misc":{"Est. reading time":"4 minut\u0117s"},"schema":{"@context":"https:\/\/schema.org","@graph":[{"@type":"WebPage","@id":"https:\/\/gambling6.com\/lt\/loterija\/","url":"https:\/\/gambling6.com\/lt\/loterija\/","name":"Tarptautini\u0173 loterij\u0173 biliet\u0173 pirkimas internetu","isPartOf":{"@id":"https:\/\/gambling6.com\/lt\/#website"},"primaryImageOfPage":{"@id":"https:\/\/gambling6.com\/lt\/loterija\/#primaryimage"},"image":{"@id":"https:\/\/gambling6.com\/lt\/loterija\/#primaryimage"},"thumbnailUrl":"https:\/\/gambling6.com\/wp-content\/uploads\/2013\/12\/International-Community-150x150.jpg","datePublished":"2025-11-10T13:28:09+00:00","dateModified":"2025-11-12T18:33:53+00:00","description":"pirkimas, bilietai, tarptautin\u0117s, loterijos, lengva, 24 valandas per par\u0105, 365 dienas per metus, loterija, laim\u0117jimas, internetu","breadcrumb":{"@id":"https:\/\/gambling6.com\/lt\/loterija\/#breadcrumb"},"inLanguage":"lt-LT","potentialAction":[{"@type":"ReadAction","target":["https:\/\/gambling6.com\/lt\/loterija\/"]}]},{"@type":"ImageObject","inLanguage":"lt-LT","@id":"https:\/\/gambling6.com\/lt\/loterija\/#primaryimage","url":"https:\/\/gambling6.com\/wp-content\/uploads\/2013\/12\/International-Community-150x150.jpg","contentUrl":"https:\/\/gambling6.com\/wp-content\/uploads\/2013\/12\/International-Community-150x150.jpg","width":150,"height":150},{"@type":"BreadcrumbList","@id":"https:\/\/gambling6.com\/lt\/loterija\/#breadcrumb","itemListElement":[{"@type":"ListItem","position":1,"name":"Home","item":"https:\/\/gambling6.com\/lt\/home\/"},{"@type":"ListItem","position":2,"name":"Loterija"}]},{"@type":"WebSite","@id":"https:\/\/gambling6.com\/lt\/#website","url":"https:\/\/gambling6.com\/lt\/","name":"Gambling6","description":"","potentialAction":[{"@type":"SearchAction","target":{"@type":"EntryPoint","urlTemplate":"https:\/\/gambling6.com\/lt\/?s={search_term_string}"},"query-input":{"@type":"PropertyValueSpecification","valueRequired":true,"valueName":"search_term_string"}}],"inLanguage":"lt-LT"}]}},"_links":{"self":[{"href":"https:\/\/gambling6.com\/lt\/wp-json\/wp\/v2\/pages\/9308","targetHints":{"allow":["GET"]}}],"collection":[{"href":"https:\/\/gambling6.com\/lt\/wp-json\/wp\/v2\/pages"}],"about":[{"href":"https:\/\/gambling6.com\/lt\/wp-json\/wp\/v2\/types\/page"}],"author":[{"embeddable":true,"href":"https:\/\/gambling6.com\/lt\/wp-json\/wp\/v2\/users\/1"}],"replies":[{"embeddable":true,"href":"https:\/\/gambling6.com\/lt\/wp-json\/wp\/v2\/comments?post=9308"}],"version-history":[{"count":1,"href":"https:\/\/gambling6.com\/lt\/wp-json\/wp\/v2\/pages\/9308\/revisions"}],"predecessor-version":[{"id":10746,"href":"https:\/\/gambling6.com\/lt\/wp-json\/wp\/v2\/pages\/9308\/revisions\/10746"}],"wp:featuredmedia":[{"embeddable":true,"href":"https:\/\/gambling6.com\/lt\/wp-json\/wp\/v2\/media\/9288"}],"wp:attachment":[{"href":"https:\/\/gambling6.com\/lt\/wp-json\/wp\/v2\/media?parent=9308"}],"curies":[{"name":"wp","href":"https:\/\/api.w.org\/{rel}","templated":true}]}}