{"id":9362,"date":"2025-11-10T20:45:49","date_gmt":"2025-11-10T20:45:49","guid":{"rendered":"https:\/\/gambling6.com\/loterija\/isigykite-bilietus-i-mega-millions-loterija-internetu\/"},"modified":"2025-11-10T20:45:49","modified_gmt":"2025-11-10T20:45:49","slug":"isigykite-bilietus-i-mega-millions-loterija-internetu","status":"publish","type":"page","link":"https:\/\/gambling6.com\/lt\/loterija\/isigykite-bilietus-i-mega-millions-loterija-internetu\/","title":{"rendered":"\u012esigykite bilietus \u012f \u201eMega Millions\u201c loterij\u0105 internetu"},"content":{"rendered":"<h2>\u201eMega Millions\u201c loterijos bilietus galima \u012fsigyti bet kurioje pasaulio vietoje<\/h2>\n<p>Ne\u012ftik\u0117tinai daug \u017emoni\u0173 kasdien perka loterijos bilietus tiek \u0160iaur\u0117s Amerikoje, tiek visame pasaulyje. Dauguma loterijos dalyvi\u0173 puikiai \u017eino, kad j\u0173 \u0161ansai laim\u0117ti pagrindin\u012f priz\u0105 yra labai menki. <strong>Ta\u010diau tur\u0117dami galimyb\u0119\u00a0<\/strong><span style=\"box-sizing: border-box; margin: 0px; padding: 0px;\"><strong>pirkti \u201eMega Millions\u201c loterijos bilietus internetu, \u017emon\u0117s kasdien skuba prie savo kompiuteri\u0173<\/strong>, prisijungia prie m\u016bs\u0173 partnerio \u201eRedFoxLotto.com\u201c ir perka bilietus<\/span>\u012f mil\u017eini\u0161k\u0105 JAV \u012fsik\u016brusi\u0105 \u201eMega Millions\u201c loterij\u0105.<img loading=\"lazy\" decoding=\"async\" class=\" alignright wp-image-544\" style=\"margin: 10px; border: 5px solid #ffffff; float: right;\" src=\"http:\/\/gambling6.com\/wp-content\/uploads\/2013\/12\/get-mega-millions-tickets-online.png\" alt=\"j\u016bs\u0173 \u201eMegamillions\u201c bilietai internetu\" width=\"297\" height=\"163\" srcset=\"https:\/\/gambling6.com\/wp-content\/uploads\/2013\/12\/get-mega-millions-tickets-online.png 388w, https:\/\/gambling6.com\/wp-content\/uploads\/2013\/12\/get-mega-millions-tickets-online-300x165.png 300w\" sizes=\"auto, (max-width: 297px) 100vw, 297px\" \/><\/p>\n<h2>Nor\u0117dami laim\u0117ti, turite \u012fsigyti bilietus internetu.<\/h2>\n<p>Daugelis \u017emoni\u0173 mieliau tur\u0117t\u0173 bent menk\u0105 \u0161ans\u0105 laim\u0117ti, nei jokios. Kaip sakoma: \u201enegali laim\u0117ti be bilieto\u201c. \u0160i fraz\u0117 \u012fstringa daugelio \u017emoni\u0173 atmintyje, ir, kasdien juos u\u017epl\u016bstant loterijos vaizdams, jie labai link\u0119 pirkti bilietus internetu. Internetas leido \u017emon\u0117ms visame pasaulyje \u012fsigyti bilietus \u012f kiekvien\u0105 loterijos traukim\u0105. Kadangi \u201eMega Millions\u201c yra vienas did\u017eiausi\u0173 traukim\u0173 pasaulyje, tiesiog logi\u0161ka, kad \u017emon\u0117s pl\u016bsta pirkti bilietus internetu.<\/p>\n<p>Nor\u0117dami gauti biliet\u0105, <a class=\"thirstylink\" title=\"Redfoxlotto\" href=\"https:\/\/gambling6.com\/go\/redfoxlotto\/\" target=\"_blank\" rel=\"nofollow noopener\">spustel\u0117kite \u010dia, kad apsilankytum\u0117te RedFoxLotto.com<\/a> \u2013 puikioje loterijos biliet\u0173 siuntimo paslaugoje, kurioje galite \u012fsigyti loterijos bilietus \u012f did\u017eiausius kaupiamuosius prizus i\u0161 viso pasaulio.<\/p>\n<h2>Pirk\u0117j\u0173 internetu laukia gyvenim\u0105 kei\u010dian\u010dios galimyb\u0117s.<\/h2>\n<p>Svarbu atkreipti d\u0117mes\u012f, kad \u017emon\u0117s perka \u201eMega Millions\u201c loterijos bilietus internetu, nor\u0117dami pakeisti savo gyvenim\u0105. I\u0161gird\u0119 rezultatus, kad pora i\u0161 Tunkhannocko, Pensilvanijos, laim\u0117jo pagrindin\u012f priz\u0105, jie nusivilia ir net netikrina savo biliet\u0173.<\/p>\n<h2>\u201eMega Millions\u201c ir \u201ePowerball\u201c bilietai internetu yra populiariausi.<\/h2>\n<p>Dvi loterijos JAV, b\u016btent \u201eMegamillions\u201c ir \u201ePowerball\u201c, i\u0161 ties\u0173 yra did\u017eiausius kaupiamuosius prizus generuojan\u010dios loterijos pasaulyje. Tad nieko keisto, kad \u0161i\u0173 dviej\u0173 gigant\u0173 biliet\u0173 pardavimai internetu kiekvien\u0105 savait\u0119 kyla \u012f naujas auk\u0161tumas. \u012esigijus bilietus \u012f \u201eMega Millions\u201c loterij\u0105 internetu, kaupiamieji prizai reguliariai pasiekia nepaprast\u0105 lyg\u012f.<\/p>\n<h2>Nuostab\u016bs \u201eMega Millions\u201c kaupiamieji prizai 2013 m. beveik pasiek\u0117 rekord\u0105<\/h2>\n<table style=\"width: 500px;\" border=\"1\" cellspacing=\"5\" cellpadding=\"5\" align=\"center\">\n<tbody>\n<tr>\n<td colspan=\"3\" align=\"center\">Penki did\u017eiausi 2013 m. prizai<\/td>\n<\/tr>\n<tr>\n<td>Burt\u0173 traukimas<\/td>\n<td align=\"center\">Data<\/td>\n<td align=\"center\">Didysis prizas (USD)<\/td>\n<\/tr>\n<tr>\n<td>Mega Millions \u2013 JAV<\/td>\n<td align=\"center\">2013 m. gruod\u017eio 17 d.<\/td>\n<td align=\"right\">636 000 000 USD<\/td>\n<\/tr>\n<tr>\n<td>Mega Millions \u2013 JAV<\/td>\n<td align=\"center\">2013 m. gegu\u017e\u0117s 17 d.<\/td>\n<td align=\"right\">190 000 000 USD<\/td>\n<\/tr>\n<tr>\n<td>\u201eMega Millions\u201c \u2013 JAV<\/td>\n<td align=\"center\">2013 m. spalio 1 d.<\/td>\n<td align=\"right\">189 000 000 USD<\/td>\n<\/tr>\n<tr>\n<td>\u201eMega Millions\u201c \u2013 JAV<\/td>\n<td align=\"center\">2013 m. sausio 25 d.<\/td>\n<td align=\"right\">89 000 000 USD<\/td>\n<\/tr>\n<tr>\n<td>\u201eMega Millions\u201c \u2013 JAV<\/td>\n<td align=\"center\">2013 m. liepos 5 d.<\/td>\n<td align=\"right\">79 000 000 USD<\/td>\n<\/tr>\n<\/tbody>\n<\/table>\n<h2>\u00a0Daug priz\u0173 u\u017e internetin\u012f \u201eMega Millions\u201c biliet\u0105 tur\u0117tojai<\/h2>\n<table style=\"width: 500px;\" border=\"1\" cellspacing=\"5\" cellpadding=\"5\" align=\"center\">\n<tbody>\n<tr>\n<td colspan=\"3\" align=\"center\">\u201eMega Millions\u201c loterijos priz\u0173 pakopos<\/td>\n<\/tr>\n<tr>\n<td>Prizas<\/td>\n<td align=\"center\">Rungtyn\u0117s<\/td>\n<td align=\"center\">Koeficientai<\/td>\n<\/tr>\n<tr>\n<td>1 vieta (Did\u017eiasis prizas)<\/td>\n<td align=\"center\">5 + 1<\/td>\n<td align=\"right\">175 711 538 : 1<\/td>\n<\/tr>\n<tr>\n<td>2 vieta<\/td>\n<td align=\"center\">5<\/td>\n<td align=\"right\">3 904 701 : 1<\/td>\n<\/tr>\n<tr>\n<td>3-ioji<\/td>\n<td align=\"center\">4 + 1<\/td>\n<td align=\"right\">689 065 : 1<\/td>\n<\/tr>\n<tr>\n<td>4-oji<\/td>\n<td align=\"center\">4<\/td>\n<td align=\"right\">15 313 \u200b\u200b: 1<\/td>\n<\/tr>\n<tr>\n<td>5-oji<\/td>\n<td align=\"center\">3 + 1<\/td>\n<td align=\"right\">13 781 : 1<\/td>\n<\/tr>\n<tr>\n<td>6-oji<\/td>\n<td align=\"center\">2 + 1<\/td>\n<td align=\"right\">844 : 1<\/td>\n<\/tr>\n<tr>\n<td>7-oji<\/td>\n<td align=\"center\">3<\/td>\n<td align=\"right\">360 : 1<\/td>\n<\/tr>\n<tr>\n<td>8-oji<\/td>\n<td align=\"center\">1 + 1<\/td>\n<td align=\"right\">141 : 1<\/td>\n<\/tr>\n<tr>\n<td>9-oji<\/td>\n<td align=\"center\">0 + 1<\/td>\n<td align=\"right\">75 : 1<\/td>\n<\/tr>\n<\/tbody>\n<\/table>\n<p style=\"text-align: center;\"><strong>\u017daiskite \u201eMega Millions\u201c \u0161iandien su savo internetiniais bilietais ir galb\u016bt j\u016bs\u0173 svajon\u0117s i\u0161sipildys!<\/strong><\/p>\n","protected":false},"excerpt":{"rendered":"<p>\u201eMega Millions\u201c loterijos bilietus galima \u012fsigyti bet kurioje pasaulio vietoje Ne\u012ftik\u0117tinai daug \u017emoni\u0173 kasdien perka loterijos bilietus tiek \u0160iaur\u0117s Amerikoje, tiek visame pasaulyje. Dauguma loterijos dalyvi\u0173 puikiai \u017eino, kad j\u0173 \u0161ansai laim\u0117ti pagrindin\u012f priz\u0105 yra labai menki. Ta\u010diau tur\u0117dami galimyb\u0119\u00a0pirkti \u201eMega Millions\u201c loterijos bilietus internetu, \u017emon\u0117s kasdien skuba prie savo kompiuteri\u0173, prisijungia prie m\u016bs\u0173 partnerio [&hellip;]<\/p>\n","protected":false},"author":1,"featured_media":9347,"parent":9308,"menu_order":13,"comment_status":"closed","ping_status":"closed","template":"","meta":{"footnotes":""},"class_list":["post-9362","page","type-page","status-publish","has-post-thumbnail","hentry"],"yoast_head":"<!-- This site is optimized with the Yoast SEO plugin v27.4 - https:\/\/yoast.com\/product\/yoast-seo-wordpress\/ -->\n<title>Pirkite \u201eMega Millions\u201c loterijos bilietus internetu<\/title>\n<meta name=\"description\" content=\"Laim\u0117kite didelius prizus \u012fsigydami \u201eMega Millions\u201c loterijos bilietus internetu.\" \/>\n<meta name=\"robots\" content=\"index, follow, max-snippet:-1, max-image-preview:large, max-video-preview:-1\" \/>\n<link rel=\"canonical\" href=\"https:\/\/gambling6.com\/lt\/loterija\/isigykite-bilietus-i-mega-millions-loterija-internetu\/\" \/>\n<meta property=\"og:locale\" content=\"lt_LT\" \/>\n<meta property=\"og:type\" content=\"article\" \/>\n<meta property=\"og:title\" content=\"Pirkite \u201eMega Millions\u201c loterijos bilietus internetu\" \/>\n<meta property=\"og:description\" content=\"Laim\u0117kite didelius prizus \u012fsigydami \u201eMega Millions\u201c loterijos bilietus internetu.\" \/>\n<meta property=\"og:url\" content=\"https:\/\/gambling6.com\/lt\/loterija\/isigykite-bilietus-i-mega-millions-loterija-internetu\/\" \/>\n<meta property=\"og:site_name\" content=\"Gambling6\" \/>\n<meta property=\"og:image\" content=\"https:\/\/gambling6.com\/wp-content\/uploads\/2013\/12\/get-mega-millions-tickets-online.png\" \/>\n\t<meta property=\"og:image:width\" content=\"388\" \/>\n\t<meta property=\"og:image:height\" content=\"213\" \/>\n\t<meta property=\"og:image:type\" content=\"image\/png\" \/>\n<meta name=\"twitter:card\" content=\"summary_large_image\" \/>\n<meta name=\"twitter:label1\" content=\"Est. reading time\" \/>\n\t<meta name=\"twitter:data1\" content=\"2 minut\u0117s\" \/>\n<script type=\"application\/ld+json\" class=\"yoast-schema-graph\">{\"@context\":\"https:\\\/\\\/schema.org\",\"@graph\":[{\"@type\":\"WebPage\",\"@id\":\"https:\\\/\\\/gambling6.com\\\/lt\\\/loterija\\\/isigykite-bilietus-i-mega-millions-loterija-internetu\\\/\",\"url\":\"https:\\\/\\\/gambling6.com\\\/lt\\\/loterija\\\/isigykite-bilietus-i-mega-millions-loterija-internetu\\\/\",\"name\":\"Pirkite \u201eMega Millions\u201c loterijos bilietus internetu\",\"isPartOf\":{\"@id\":\"https:\\\/\\\/gambling6.com\\\/lt\\\/#website\"},\"primaryImageOfPage\":{\"@id\":\"https:\\\/\\\/gambling6.com\\\/lt\\\/loterija\\\/isigykite-bilietus-i-mega-millions-loterija-internetu\\\/#primaryimage\"},\"image\":{\"@id\":\"https:\\\/\\\/gambling6.com\\\/lt\\\/loterija\\\/isigykite-bilietus-i-mega-millions-loterija-internetu\\\/#primaryimage\"},\"thumbnailUrl\":\"https:\\\/\\\/gambling6.com\\\/wp-content\\\/uploads\\\/2013\\\/12\\\/get-mega-millions-tickets-online.png\",\"datePublished\":\"2025-11-10T20:45:49+00:00\",\"description\":\"Laim\u0117kite didelius prizus \u012fsigydami \u201eMega Millions\u201c loterijos bilietus internetu.\",\"breadcrumb\":{\"@id\":\"https:\\\/\\\/gambling6.com\\\/lt\\\/loterija\\\/isigykite-bilietus-i-mega-millions-loterija-internetu\\\/#breadcrumb\"},\"inLanguage\":\"lt-LT\",\"potentialAction\":[{\"@type\":\"ReadAction\",\"target\":[\"https:\\\/\\\/gambling6.com\\\/lt\\\/loterija\\\/isigykite-bilietus-i-mega-millions-loterija-internetu\\\/\"]}]},{\"@type\":\"ImageObject\",\"inLanguage\":\"lt-LT\",\"@id\":\"https:\\\/\\\/gambling6.com\\\/lt\\\/loterija\\\/isigykite-bilietus-i-mega-millions-loterija-internetu\\\/#primaryimage\",\"url\":\"https:\\\/\\\/gambling6.com\\\/wp-content\\\/uploads\\\/2013\\\/12\\\/get-mega-millions-tickets-online.png\",\"contentUrl\":\"https:\\\/\\\/gambling6.com\\\/wp-content\\\/uploads\\\/2013\\\/12\\\/get-mega-millions-tickets-online.png\",\"width\":388,\"height\":213},{\"@type\":\"BreadcrumbList\",\"@id\":\"https:\\\/\\\/gambling6.com\\\/lt\\\/loterija\\\/isigykite-bilietus-i-mega-millions-loterija-internetu\\\/#breadcrumb\",\"itemListElement\":[{\"@type\":\"ListItem\",\"position\":1,\"name\":\"Home\",\"item\":\"https:\\\/\\\/gambling6.com\\\/lt\\\/home\\\/\"},{\"@type\":\"ListItem\",\"position\":2,\"name\":\"Loterija\",\"item\":\"https:\\\/\\\/gambling6.com\\\/lt\\\/loterija\\\/\"},{\"@type\":\"ListItem\",\"position\":3,\"name\":\"\u012esigykite bilietus \u012f \u201eMega Millions\u201c loterij\u0105 internetu\"}]},{\"@type\":\"WebSite\",\"@id\":\"https:\\\/\\\/gambling6.com\\\/lt\\\/#website\",\"url\":\"https:\\\/\\\/gambling6.com\\\/lt\\\/\",\"name\":\"Gambling6\",\"description\":\"\",\"potentialAction\":[{\"@type\":\"SearchAction\",\"target\":{\"@type\":\"EntryPoint\",\"urlTemplate\":\"https:\\\/\\\/gambling6.com\\\/lt\\\/?s={search_term_string}\"},\"query-input\":{\"@type\":\"PropertyValueSpecification\",\"valueRequired\":true,\"valueName\":\"search_term_string\"}}],\"inLanguage\":\"lt-LT\"}]}<\/script>\n<!-- \/ Yoast SEO plugin. -->","yoast_head_json":{"title":"Pirkite \u201eMega Millions\u201c loterijos bilietus internetu","description":"Laim\u0117kite didelius prizus \u012fsigydami \u201eMega Millions\u201c loterijos bilietus internetu.","robots":{"index":"index","follow":"follow","max-snippet":"max-snippet:-1","max-image-preview":"max-image-preview:large","max-video-preview":"max-video-preview:-1"},"canonical":"https:\/\/gambling6.com\/lt\/loterija\/isigykite-bilietus-i-mega-millions-loterija-internetu\/","og_locale":"lt_LT","og_type":"article","og_title":"Pirkite \u201eMega Millions\u201c loterijos bilietus internetu","og_description":"Laim\u0117kite didelius prizus \u012fsigydami \u201eMega Millions\u201c loterijos bilietus internetu.","og_url":"https:\/\/gambling6.com\/lt\/loterija\/isigykite-bilietus-i-mega-millions-loterija-internetu\/","og_site_name":"Gambling6","og_image":[{"width":388,"height":213,"url":"https:\/\/gambling6.com\/wp-content\/uploads\/2013\/12\/get-mega-millions-tickets-online.png","type":"image\/png"}],"twitter_card":"summary_large_image","twitter_misc":{"Est. reading time":"2 minut\u0117s"},"schema":{"@context":"https:\/\/schema.org","@graph":[{"@type":"WebPage","@id":"https:\/\/gambling6.com\/lt\/loterija\/isigykite-bilietus-i-mega-millions-loterija-internetu\/","url":"https:\/\/gambling6.com\/lt\/loterija\/isigykite-bilietus-i-mega-millions-loterija-internetu\/","name":"Pirkite \u201eMega Millions\u201c loterijos bilietus internetu","isPartOf":{"@id":"https:\/\/gambling6.com\/lt\/#website"},"primaryImageOfPage":{"@id":"https:\/\/gambling6.com\/lt\/loterija\/isigykite-bilietus-i-mega-millions-loterija-internetu\/#primaryimage"},"image":{"@id":"https:\/\/gambling6.com\/lt\/loterija\/isigykite-bilietus-i-mega-millions-loterija-internetu\/#primaryimage"},"thumbnailUrl":"https:\/\/gambling6.com\/wp-content\/uploads\/2013\/12\/get-mega-millions-tickets-online.png","datePublished":"2025-11-10T20:45:49+00:00","description":"Laim\u0117kite didelius prizus \u012fsigydami \u201eMega Millions\u201c loterijos bilietus internetu.","breadcrumb":{"@id":"https:\/\/gambling6.com\/lt\/loterija\/isigykite-bilietus-i-mega-millions-loterija-internetu\/#breadcrumb"},"inLanguage":"lt-LT","potentialAction":[{"@type":"ReadAction","target":["https:\/\/gambling6.com\/lt\/loterija\/isigykite-bilietus-i-mega-millions-loterija-internetu\/"]}]},{"@type":"ImageObject","inLanguage":"lt-LT","@id":"https:\/\/gambling6.com\/lt\/loterija\/isigykite-bilietus-i-mega-millions-loterija-internetu\/#primaryimage","url":"https:\/\/gambling6.com\/wp-content\/uploads\/2013\/12\/get-mega-millions-tickets-online.png","contentUrl":"https:\/\/gambling6.com\/wp-content\/uploads\/2013\/12\/get-mega-millions-tickets-online.png","width":388,"height":213},{"@type":"BreadcrumbList","@id":"https:\/\/gambling6.com\/lt\/loterija\/isigykite-bilietus-i-mega-millions-loterija-internetu\/#breadcrumb","itemListElement":[{"@type":"ListItem","position":1,"name":"Home","item":"https:\/\/gambling6.com\/lt\/home\/"},{"@type":"ListItem","position":2,"name":"Loterija","item":"https:\/\/gambling6.com\/lt\/loterija\/"},{"@type":"ListItem","position":3,"name":"\u012esigykite bilietus \u012f \u201eMega Millions\u201c loterij\u0105 internetu"}]},{"@type":"WebSite","@id":"https:\/\/gambling6.com\/lt\/#website","url":"https:\/\/gambling6.com\/lt\/","name":"Gambling6","description":"","potentialAction":[{"@type":"SearchAction","target":{"@type":"EntryPoint","urlTemplate":"https:\/\/gambling6.com\/lt\/?s={search_term_string}"},"query-input":{"@type":"PropertyValueSpecification","valueRequired":true,"valueName":"search_term_string"}}],"inLanguage":"lt-LT"}]}},"_links":{"self":[{"href":"https:\/\/gambling6.com\/lt\/wp-json\/wp\/v2\/pages\/9362","targetHints":{"allow":["GET"]}}],"collection":[{"href":"https:\/\/gambling6.com\/lt\/wp-json\/wp\/v2\/pages"}],"about":[{"href":"https:\/\/gambling6.com\/lt\/wp-json\/wp\/v2\/types\/page"}],"author":[{"embeddable":true,"href":"https:\/\/gambling6.com\/lt\/wp-json\/wp\/v2\/users\/1"}],"replies":[{"embeddable":true,"href":"https:\/\/gambling6.com\/lt\/wp-json\/wp\/v2\/comments?post=9362"}],"version-history":[{"count":0,"href":"https:\/\/gambling6.com\/lt\/wp-json\/wp\/v2\/pages\/9362\/revisions"}],"up":[{"embeddable":true,"href":"https:\/\/gambling6.com\/lt\/wp-json\/wp\/v2\/pages\/9308"}],"wp:featuredmedia":[{"embeddable":true,"href":"https:\/\/gambling6.com\/lt\/wp-json\/wp\/v2\/media\/9347"}],"wp:attachment":[{"href":"https:\/\/gambling6.com\/lt\/wp-json\/wp\/v2\/media?parent=9362"}],"curies":[{"name":"wp","href":"https:\/\/api.w.org\/{rel}","templated":true}]}}