{"id":9405,"date":"2025-11-10T21:47:55","date_gmt":"2025-11-10T21:47:55","guid":{"rendered":"https:\/\/gambling6.com\/loterija\/kaip-galiu-nusipirkti-euromillions-loterijos-bilietus-internetu-ne-is-europos\/"},"modified":"2025-11-15T11:34:57","modified_gmt":"2025-11-15T11:34:57","slug":"kaip-galiu-nusipirkti-euromillions-loterijos-bilietus-internetu-ne-is-europos","status":"publish","type":"page","link":"https:\/\/gambling6.com\/lt\/loterija\/kaip-galiu-nusipirkti-euromillions-loterijos-bilietus-internetu-ne-is-europos\/","title":{"rendered":"Kaip galiu nusipirkti \u201eEuromillions\u201c loterijos bilietus internetu ne i\u0161 Europos?"},"content":{"rendered":"<h2>\u201eEuro Millions\u201c<\/h2>\n<p>Laim\u0117dami 185 mln. eur\u0173 ir tur\u0117dami \u012fprast\u0105 <span style=\"box-sizing: border-box; margin: 0px; padding: 0px;\">tikimyb\u0119 laim\u0117ti daugiau nei 100 mln. eur\u0173, <strong>\u017emon\u0117s skuba prie kompiuteri\u0173, kad pirkt\u0173 \u201eEuroMillions\u201c loterijos bilietus internetu<\/strong><\/span><strong>.<\/strong> \u201eEuromillions\u201c loterija \u017eaid\u017eiama 9 Europos \u0161alyse, o pra\u0117jusiais metais priz\u0173 suma vir\u0161ijo 2,5 mlrd. doleri\u0173. Kod\u0117l nenor\u0117tum\u0117te laim\u0117ti \u0161io didysis prizo? Jums tereikia apsilankyti m\u016bs\u0173 partnerio \u201eRedFoxLotto\u201c svetain\u0117je ir \u012fsigyti bilietus internetu. \u017daisti \u201eRedFoxLotto\u201c dar niekada nebuvo taip paprasta.<\/p>\n<p><strong>\u201eEuromillions\u201c loterijos bilietus internetu galite \u012fsigyti du kartus per savait\u0119<\/strong> ir tai darydami turite galimyb\u0119 laim\u0117ti iki 13 skirting\u0173 priz\u0173 lygi\u0173. Nor\u0117dami \u012fsigyti bilietus internetu, pasirinkite 5 pagrindinius skai\u010dius nuo 1 iki 50. Antra, yra du laimingos \u017evaig\u017ed\u0117s skai\u010diai, abu nuo 1 iki 11, i\u0161traukiami i\u0161 atskiro aparato. Nor\u0117dami gauti pirm\u0105j\u012f priz\u0105, turite atsp\u0117ti visus septynis skai\u010dius.<\/p>\n<p><img loading=\"lazy\" decoding=\"async\" class=\" wp-image-1437 alignright\" src=\"https:\/\/gambling6.com\/wp-content\/uploads\/2022\/04\/2_ticket_euromillions-112x300.jpg\" alt=\"\u201eEuromillions\u201c bilietas\" width=\"99\" height=\"265\" srcset=\"https:\/\/gambling6.com\/wp-content\/uploads\/2022\/04\/2_ticket_euromillions-112x300.jpg 112w, https:\/\/gambling6.com\/wp-content\/uploads\/2022\/04\/2_ticket_euromillions.jpg 200w\" sizes=\"auto, (max-width: 99px) 100vw, 99px\" \/>Loterij\u0173 kar\u0161tin\u0117 Europoje gali pasiekti \u2013 ir pasiek\u0117 \u2013 epidemijos lyg\u012f. Tod\u0117l \u017emon\u0117s kas savait\u0119 stoja \u012f eiles, kad gal\u0117t\u0173 \u017eaisti did\u017eiausioje loterijoje Europoje, kurioje yra vienas i\u0161 trij\u0173 did\u017eiausi\u0173 pasaulyje kaupiam\u0173 priz\u0173. \u201eEuromillions\u201c loterija prad\u0117ta 2004 m. ir \u017eaid\u017eiama Belgijoje, Pranc\u016bzijoje, Airijoje, Austrijoje, Liuksemburge, Ispanijoje, Portugalijoje, \u0160veicarijoje ir Jungtin\u0117je Karalyst\u0117je. 2011 m. liep\u0105 \u0161kot\u0173 pora laim\u0117jo did\u017eiausi\u0105 kada nors sukaupt\u0105 priz\u0105 \u2013 185 mln. eur\u0173.<\/p>\n<p>Be vis\u0173 Europos \u017eaid\u0117j\u0173 min\u0117tose \u0161alyse, milijonai \u017emoni\u0173 kiekvien\u0105 savait\u0119 perka bilietus internetu. \u012esigyti \u201eEuromillions\u201c loterijos bilietus internetu labai paprasta: apsilankykite m\u016bs\u0173 partnerio \u201eRedFoxLotto\u201c svetain\u0117je. Tikimyb\u0117 laim\u0117ti pirm\u0105j\u012f \u201eEuroMillions\u201c loterijos priz\u0105 yra 1 i\u0161 116 531 800. Ta\u010diau norint dalyvauti viename i\u0161 kit\u0173 13 priz\u0173 lygi\u0173, j\u016bs\u0173 bendra tikimyb\u0117 yra 1 i\u0161 13.<\/p>\n<p>\u201eEuromillions\u201c loterija v\u0117lgi yra viena \u012fdomiausi\u0173 loterij\u0173 visame pasaulyje. <span style=\"box-sizing: border-box; margin: 0px; padding: 0px;\">Skirkite laiko <a href=\"https:\/\/gambling6.com\/go\/redfoxlotto-en\/\" target=\"_blank\" rel=\"noopener\">apsilankyti \u201eRedFoxLotto\u201c \u0161iandien, paspausdami \u0161i\u0105 nuorod\u0105<\/a>, atsidarydami s\u0105skait\u0105 ir prad\u0117dami \u017eaisti \u0161ioje mil\u017eini\u0161koje Europos loterijoje.<\/span> Esame tikri, kad d\u017eiaugsit\u0117s tai padar\u0119. Gauti bilietus \u012f \u201eEuroMillions\u201c ir kitas populiarias loterijas visame pasaulyje internetu yra paprasta.<\/p>\n<table style=\"width: 500px;\" border=\"1\" cellspacing=\"5\" cellpadding=\"5\" align=\"center\">\n<tbody>\n<tr>\n<td colspan=\"3\" align=\"center\">Penki did\u017eiausi 2013 m. prizai<\/td>\n<\/tr>\n<tr>\n<td>Burt\u0173 traukimas<\/td>\n<td align=\"center\">Data<\/td>\n<td align=\"center\">Didysis prizas (USD)<\/td>\n<\/tr>\n<tr>\n<td>\u201eEuro Millions\u201c \u2013 Europa<\/td>\n<td align=\"center\">2013 m. bir\u017eelio 25 d.<\/td>\n<td align=\"right\">260 129 094 USD<\/td>\n<\/tr>\n<tr>\n<td>\u201eEuro Millions\u201c \u2013 Europa<\/td>\n<td align=\"center\">2013 m. lapkri\u010dio 15 d.<\/td>\n<td align=\"right\">137 000 000 USD<\/td>\n<\/tr>\n<tr>\n<td>\u201eEuro Millions\u201c \u2013 Europa<\/td>\n<td align=\"center\">2013 m. gegu\u017e\u0117s 28 d.<\/td>\n<td align=\"right\">132 676 542 USD<\/td>\n<\/tr>\n<tr>\n<td>\u201eEuro Millions\u201c \u2013 Europa<\/td>\n<td align=\"center\">2013 m. bir\u017eelio 25 d.<\/td>\n<td align=\"right\">131 636 203 USD<\/td>\n<\/tr>\n<tr>\n<td>\u201eEuro Millions\u201c \u2013 Europa<\/td>\n<td align=\"center\">2013 m. rugpj\u016b\u010dio 23 d.<\/td>\n<td align=\"right\">131 628 767 USD<\/td>\n<\/tr>\n<\/tbody>\n<\/table>\n<p>&nbsp; <\/p>\n<table style=\"width: 500px;\" border=\"1\" cellspacing=\"5\" cellpadding=\"5\" align=\"center\">\n<tbody>\n<tr>\n<td colspan=\"3\" align=\"center\">\u201eEuro Millions\u201c priz\u0173 pakopos<\/td>\n<\/tr>\n<tr>\n<td>Prizas<\/td>\n<td align=\"center\">Rungtyn\u0117s<\/td>\n<td align=\"center\">Koeficientai<\/td>\n<\/tr>\n<tr>\n<td>1 vieta (Did\u017eiasis prizas)<\/td>\n<td align=\"center\">5 + 2<\/td>\n<td align=\"right\">116 531 800 : 1<\/td>\n<\/tr>\n<tr>\n<td>2 vieta<\/td>\n<td align=\"center\">5 + 1<\/td>\n<td align=\"right\">6 473 989 : 1<\/td>\n<\/tr>\n<tr>\n<td>3-ioji<\/td>\n<td align=\"center\">5<\/td>\n<td align=\"right\">3 236 994 : 1<\/td>\n<\/tr>\n<tr>\n<td>4-oji<\/td>\n<td align=\"center\">4 + 2<\/td>\n<td align=\"right\">517 919 : 1<\/td>\n<\/tr>\n<tr>\n<td>5-oji<\/td>\n<td align=\"center\">4 + 1<\/td>\n<td align=\"right\">28 773 : 1<\/td>\n<\/tr>\n<tr>\n<td>6-oji<\/td>\n<td align=\"center\">4<\/td>\n<td align=\"right\">14 387 : 1<\/td>\n<\/tr>\n<tr>\n<td>7-oji<\/td>\n<td align=\"center\">3 + 2<\/td>\n<td align=\"right\">11 771 : 1<\/td>\n<\/tr>\n<tr>\n<td>8-oji<\/td>\n<td align=\"center\">2 + 2<\/td>\n<td align=\"right\">821 : 1<\/td>\n<\/tr>\n<tr>\n<td>9-oji<\/td>\n<td align=\"center\">3 + 1<\/td>\n<td align=\"right\">654 : 1<\/td>\n<\/tr>\n<tr>\n<td>10-oji<\/td>\n<td align=\"center\">3<\/td>\n<td align=\"right\">327 : 1<\/td>\n<\/tr>\n<tr>\n<td>11-oji<\/td>\n<td align=\"center\">1 + 2<\/td>\n<td align=\"right\">156 : 1<\/td>\n<\/tr>\n<tr>\n<td>12-oji<\/td>\n<td align=\"center\">2 + 1<\/td>\n<td align=\"right\">46 : 1<\/td>\n<\/tr>\n<tr>\n<td>13-oji<\/td>\n<td align=\"center\">2<\/td>\n<td align=\"right\">23 : 1<\/td>\n<\/tr>\n<\/tbody>\n<\/table>\n","protected":false},"excerpt":{"rendered":"<p>\u201eEuro Millions\u201c Laim\u0117dami 185 mln. eur\u0173 ir tur\u0117dami \u012fprast\u0105 tikimyb\u0119 laim\u0117ti daugiau nei 100 mln. eur\u0173, \u017emon\u0117s skuba prie kompiuteri\u0173, kad pirkt\u0173 \u201eEuroMillions\u201c loterijos bilietus internetu. \u201eEuromillions\u201c loterija \u017eaid\u017eiama 9 Europos \u0161alyse, o pra\u0117jusiais metais priz\u0173 suma vir\u0161ijo 2,5 mlrd. doleri\u0173. Kod\u0117l nenor\u0117tum\u0117te laim\u0117ti \u0161io didysis prizo? Jums tereikia apsilankyti m\u016bs\u0173 partnerio \u201eRedFoxLotto\u201c svetain\u0117je ir [&hellip;]<\/p>\n","protected":false},"author":1,"featured_media":0,"parent":9308,"menu_order":2,"comment_status":"closed","ping_status":"closed","template":"","meta":{"footnotes":""},"class_list":["post-9405","page","type-page","status-publish","hentry"],"yoast_head":"<!-- This site is optimized with the Yoast SEO plugin v27.5 - https:\/\/yoast.com\/product\/yoast-seo-wordpress\/ -->\n<title>Pirkite \u201eEuromillions\u201c loterijos bilietus internetu<\/title>\n<meta name=\"description\" content=\"B\u016btinai \u012fsigykite did\u017eiausios Europos loterijos \u201eEuromillions\u201c ir \u201eEuromillions UK\u201c bilietus internetu i\u0161 patikimo tiek\u0117jo, pavyzd\u017eiui, \u201eRedFoxLotto.com\u201c.\" \/>\n<meta name=\"robots\" content=\"index, follow, max-snippet:-1, max-image-preview:large, max-video-preview:-1\" \/>\n<link rel=\"canonical\" href=\"https:\/\/gambling6.com\/lt\/loterija\/kaip-galiu-nusipirkti-euromillions-loterijos-bilietus-internetu-ne-is-europos\/\" \/>\n<meta property=\"og:locale\" content=\"lt_LT\" \/>\n<meta property=\"og:type\" content=\"article\" \/>\n<meta property=\"og:title\" content=\"Pirkite \u201eEuromillions\u201c loterijos bilietus internetu\" \/>\n<meta property=\"og:description\" content=\"B\u016btinai \u012fsigykite did\u017eiausios Europos loterijos \u201eEuromillions\u201c ir \u201eEuromillions UK\u201c bilietus internetu i\u0161 patikimo tiek\u0117jo, pavyzd\u017eiui, \u201eRedFoxLotto.com\u201c.\" \/>\n<meta property=\"og:url\" content=\"https:\/\/gambling6.com\/lt\/loterija\/kaip-galiu-nusipirkti-euromillions-loterijos-bilietus-internetu-ne-is-europos\/\" \/>\n<meta property=\"og:site_name\" content=\"Gambling6\" \/>\n<meta property=\"article:modified_time\" content=\"2025-11-15T11:34:57+00:00\" \/>\n<meta property=\"og:image\" content=\"https:\/\/gambling6.com\/wp-content\/uploads\/2022\/04\/2_ticket_euromillions.jpg\" \/>\n\t<meta property=\"og:image:width\" content=\"200\" \/>\n\t<meta property=\"og:image:height\" content=\"534\" \/>\n\t<meta property=\"og:image:type\" content=\"image\/jpeg\" \/>\n<meta name=\"twitter:card\" content=\"summary_large_image\" \/>\n<meta name=\"twitter:label1\" content=\"Est. reading time\" \/>\n\t<meta name=\"twitter:data1\" content=\"2 minut\u0117s\" \/>\n<script type=\"application\/ld+json\" class=\"yoast-schema-graph\">{\"@context\":\"https:\\\/\\\/schema.org\",\"@graph\":[{\"@type\":\"WebPage\",\"@id\":\"https:\\\/\\\/gambling6.com\\\/lt\\\/loterija\\\/kaip-galiu-nusipirkti-euromillions-loterijos-bilietus-internetu-ne-is-europos\\\/\",\"url\":\"https:\\\/\\\/gambling6.com\\\/lt\\\/loterija\\\/kaip-galiu-nusipirkti-euromillions-loterijos-bilietus-internetu-ne-is-europos\\\/\",\"name\":\"Pirkite \u201eEuromillions\u201c loterijos bilietus internetu\",\"isPartOf\":{\"@id\":\"https:\\\/\\\/gambling6.com\\\/lt\\\/#website\"},\"primaryImageOfPage\":{\"@id\":\"https:\\\/\\\/gambling6.com\\\/lt\\\/loterija\\\/kaip-galiu-nusipirkti-euromillions-loterijos-bilietus-internetu-ne-is-europos\\\/#primaryimage\"},\"image\":{\"@id\":\"https:\\\/\\\/gambling6.com\\\/lt\\\/loterija\\\/kaip-galiu-nusipirkti-euromillions-loterijos-bilietus-internetu-ne-is-europos\\\/#primaryimage\"},\"thumbnailUrl\":\"https:\\\/\\\/gambling6.com\\\/wp-content\\\/uploads\\\/2022\\\/04\\\/2_ticket_euromillions-112x300.jpg\",\"datePublished\":\"2025-11-10T21:47:55+00:00\",\"dateModified\":\"2025-11-15T11:34:57+00:00\",\"description\":\"B\u016btinai \u012fsigykite did\u017eiausios Europos loterijos \u201eEuromillions\u201c ir \u201eEuromillions UK\u201c bilietus internetu i\u0161 patikimo tiek\u0117jo, pavyzd\u017eiui, \u201eRedFoxLotto.com\u201c.\",\"breadcrumb\":{\"@id\":\"https:\\\/\\\/gambling6.com\\\/lt\\\/loterija\\\/kaip-galiu-nusipirkti-euromillions-loterijos-bilietus-internetu-ne-is-europos\\\/#breadcrumb\"},\"inLanguage\":\"lt-LT\",\"potentialAction\":[{\"@type\":\"ReadAction\",\"target\":[\"https:\\\/\\\/gambling6.com\\\/lt\\\/loterija\\\/kaip-galiu-nusipirkti-euromillions-loterijos-bilietus-internetu-ne-is-europos\\\/\"]}]},{\"@type\":\"ImageObject\",\"inLanguage\":\"lt-LT\",\"@id\":\"https:\\\/\\\/gambling6.com\\\/lt\\\/loterija\\\/kaip-galiu-nusipirkti-euromillions-loterijos-bilietus-internetu-ne-is-europos\\\/#primaryimage\",\"url\":\"https:\\\/\\\/gambling6.com\\\/wp-content\\\/uploads\\\/2022\\\/04\\\/2_ticket_euromillions-112x300.jpg\",\"contentUrl\":\"https:\\\/\\\/gambling6.com\\\/wp-content\\\/uploads\\\/2022\\\/04\\\/2_ticket_euromillions-112x300.jpg\"},{\"@type\":\"BreadcrumbList\",\"@id\":\"https:\\\/\\\/gambling6.com\\\/lt\\\/loterija\\\/kaip-galiu-nusipirkti-euromillions-loterijos-bilietus-internetu-ne-is-europos\\\/#breadcrumb\",\"itemListElement\":[{\"@type\":\"ListItem\",\"position\":1,\"name\":\"Home\",\"item\":\"https:\\\/\\\/gambling6.com\\\/lt\\\/home\\\/\"},{\"@type\":\"ListItem\",\"position\":2,\"name\":\"Loterija\",\"item\":\"https:\\\/\\\/gambling6.com\\\/lt\\\/loterija\\\/\"},{\"@type\":\"ListItem\",\"position\":3,\"name\":\"Kaip galiu nusipirkti \u201eEuromillions\u201c loterijos bilietus internetu ne i\u0161 Europos?\"}]},{\"@type\":\"WebSite\",\"@id\":\"https:\\\/\\\/gambling6.com\\\/lt\\\/#website\",\"url\":\"https:\\\/\\\/gambling6.com\\\/lt\\\/\",\"name\":\"Gambling6\",\"description\":\"\",\"potentialAction\":[{\"@type\":\"SearchAction\",\"target\":{\"@type\":\"EntryPoint\",\"urlTemplate\":\"https:\\\/\\\/gambling6.com\\\/lt\\\/?s={search_term_string}\"},\"query-input\":{\"@type\":\"PropertyValueSpecification\",\"valueRequired\":true,\"valueName\":\"search_term_string\"}}],\"inLanguage\":\"lt-LT\"}]}<\/script>\n<!-- \/ Yoast SEO plugin. -->","yoast_head_json":{"title":"Pirkite \u201eEuromillions\u201c loterijos bilietus internetu","description":"B\u016btinai \u012fsigykite did\u017eiausios Europos loterijos \u201eEuromillions\u201c ir \u201eEuromillions UK\u201c bilietus internetu i\u0161 patikimo tiek\u0117jo, pavyzd\u017eiui, \u201eRedFoxLotto.com\u201c.","robots":{"index":"index","follow":"follow","max-snippet":"max-snippet:-1","max-image-preview":"max-image-preview:large","max-video-preview":"max-video-preview:-1"},"canonical":"https:\/\/gambling6.com\/lt\/loterija\/kaip-galiu-nusipirkti-euromillions-loterijos-bilietus-internetu-ne-is-europos\/","og_locale":"lt_LT","og_type":"article","og_title":"Pirkite \u201eEuromillions\u201c loterijos bilietus internetu","og_description":"B\u016btinai \u012fsigykite did\u017eiausios Europos loterijos \u201eEuromillions\u201c ir \u201eEuromillions UK\u201c bilietus internetu i\u0161 patikimo tiek\u0117jo, pavyzd\u017eiui, \u201eRedFoxLotto.com\u201c.","og_url":"https:\/\/gambling6.com\/lt\/loterija\/kaip-galiu-nusipirkti-euromillions-loterijos-bilietus-internetu-ne-is-europos\/","og_site_name":"Gambling6","article_modified_time":"2025-11-15T11:34:57+00:00","og_image":[{"width":200,"height":534,"url":"https:\/\/gambling6.com\/wp-content\/uploads\/2022\/04\/2_ticket_euromillions.jpg","type":"image\/jpeg"}],"twitter_card":"summary_large_image","twitter_misc":{"Est. reading time":"2 minut\u0117s"},"schema":{"@context":"https:\/\/schema.org","@graph":[{"@type":"WebPage","@id":"https:\/\/gambling6.com\/lt\/loterija\/kaip-galiu-nusipirkti-euromillions-loterijos-bilietus-internetu-ne-is-europos\/","url":"https:\/\/gambling6.com\/lt\/loterija\/kaip-galiu-nusipirkti-euromillions-loterijos-bilietus-internetu-ne-is-europos\/","name":"Pirkite \u201eEuromillions\u201c loterijos bilietus internetu","isPartOf":{"@id":"https:\/\/gambling6.com\/lt\/#website"},"primaryImageOfPage":{"@id":"https:\/\/gambling6.com\/lt\/loterija\/kaip-galiu-nusipirkti-euromillions-loterijos-bilietus-internetu-ne-is-europos\/#primaryimage"},"image":{"@id":"https:\/\/gambling6.com\/lt\/loterija\/kaip-galiu-nusipirkti-euromillions-loterijos-bilietus-internetu-ne-is-europos\/#primaryimage"},"thumbnailUrl":"https:\/\/gambling6.com\/wp-content\/uploads\/2022\/04\/2_ticket_euromillions-112x300.jpg","datePublished":"2025-11-10T21:47:55+00:00","dateModified":"2025-11-15T11:34:57+00:00","description":"B\u016btinai \u012fsigykite did\u017eiausios Europos loterijos \u201eEuromillions\u201c ir \u201eEuromillions UK\u201c bilietus internetu i\u0161 patikimo tiek\u0117jo, pavyzd\u017eiui, \u201eRedFoxLotto.com\u201c.","breadcrumb":{"@id":"https:\/\/gambling6.com\/lt\/loterija\/kaip-galiu-nusipirkti-euromillions-loterijos-bilietus-internetu-ne-is-europos\/#breadcrumb"},"inLanguage":"lt-LT","potentialAction":[{"@type":"ReadAction","target":["https:\/\/gambling6.com\/lt\/loterija\/kaip-galiu-nusipirkti-euromillions-loterijos-bilietus-internetu-ne-is-europos\/"]}]},{"@type":"ImageObject","inLanguage":"lt-LT","@id":"https:\/\/gambling6.com\/lt\/loterija\/kaip-galiu-nusipirkti-euromillions-loterijos-bilietus-internetu-ne-is-europos\/#primaryimage","url":"https:\/\/gambling6.com\/wp-content\/uploads\/2022\/04\/2_ticket_euromillions-112x300.jpg","contentUrl":"https:\/\/gambling6.com\/wp-content\/uploads\/2022\/04\/2_ticket_euromillions-112x300.jpg"},{"@type":"BreadcrumbList","@id":"https:\/\/gambling6.com\/lt\/loterija\/kaip-galiu-nusipirkti-euromillions-loterijos-bilietus-internetu-ne-is-europos\/#breadcrumb","itemListElement":[{"@type":"ListItem","position":1,"name":"Home","item":"https:\/\/gambling6.com\/lt\/home\/"},{"@type":"ListItem","position":2,"name":"Loterija","item":"https:\/\/gambling6.com\/lt\/loterija\/"},{"@type":"ListItem","position":3,"name":"Kaip galiu nusipirkti \u201eEuromillions\u201c loterijos bilietus internetu ne i\u0161 Europos?"}]},{"@type":"WebSite","@id":"https:\/\/gambling6.com\/lt\/#website","url":"https:\/\/gambling6.com\/lt\/","name":"Gambling6","description":"","potentialAction":[{"@type":"SearchAction","target":{"@type":"EntryPoint","urlTemplate":"https:\/\/gambling6.com\/lt\/?s={search_term_string}"},"query-input":{"@type":"PropertyValueSpecification","valueRequired":true,"valueName":"search_term_string"}}],"inLanguage":"lt-LT"}]}},"_links":{"self":[{"href":"https:\/\/gambling6.com\/lt\/wp-json\/wp\/v2\/pages\/9405","targetHints":{"allow":["GET"]}}],"collection":[{"href":"https:\/\/gambling6.com\/lt\/wp-json\/wp\/v2\/pages"}],"about":[{"href":"https:\/\/gambling6.com\/lt\/wp-json\/wp\/v2\/types\/page"}],"author":[{"embeddable":true,"href":"https:\/\/gambling6.com\/lt\/wp-json\/wp\/v2\/users\/1"}],"replies":[{"embeddable":true,"href":"https:\/\/gambling6.com\/lt\/wp-json\/wp\/v2\/comments?post=9405"}],"version-history":[{"count":2,"href":"https:\/\/gambling6.com\/lt\/wp-json\/wp\/v2\/pages\/9405\/revisions"}],"predecessor-version":[{"id":10953,"href":"https:\/\/gambling6.com\/lt\/wp-json\/wp\/v2\/pages\/9405\/revisions\/10953"}],"up":[{"embeddable":true,"href":"https:\/\/gambling6.com\/lt\/wp-json\/wp\/v2\/pages\/9308"}],"wp:attachment":[{"href":"https:\/\/gambling6.com\/lt\/wp-json\/wp\/v2\/media?parent=9405"}],"curies":[{"name":"wp","href":"https:\/\/api.w.org\/{rel}","templated":true}]}}