{"id":9429,"date":"2025-11-11T02:35:22","date_gmt":"2025-11-11T02:35:22","guid":{"rendered":"https:\/\/gambling6.com\/loterija\/isigykite-niujorko-loterijos-bilietus-internetu\/"},"modified":"2025-11-11T02:35:22","modified_gmt":"2025-11-11T02:35:22","slug":"isigykite-niujorko-loterijos-bilietus-internetu","status":"publish","type":"page","link":"https:\/\/gambling6.com\/lt\/loterija\/isigykite-niujorko-loterijos-bilietus-internetu\/","title":{"rendered":"\u012esigykite Niujorko loterijos bilietus internetu"},"content":{"rendered":"<h2>Internetin\u0117 Niujorko loterija<\/h2>\n<p>Niujorko loterija, kurios didieji prizai prasideda nuo 3 milijon\u0173 doleri\u0173, loterijos dien\u0105 tampa tokia pat didel\u0117 kaip ir pats miestas. J\u016bs\u0173 \u017einiai, minimalus didysis prizas yra daug didesnis nei daugumos kit\u0173, <strong>tod\u0117l priimdami sprendim\u0105 apsvarstykite galimyb\u0119 \u012fsigyti Niujorko loterijos bilietus internetu<\/strong>.<\/p>\n<p>Jei didysis prizas nelaimimas, galite tik\u0117tis did\u0173j\u0173 priz\u0173 perk\u0117limo, kurie da\u017enai padidinami iki 10 skaitmen\u0173. Ties\u0105 sakant, rekordinis Niujorko loterijos didysis prizas yra 58 milijonai doleri\u0173. <strong>Tur\u0117dami galimyb\u0119 \u012fsigyti bilietus internetu, galite dalyvauti kitame rekordiniame didysis prize.<\/strong><\/p>\n<h2>Niujorko loterija lo\u0161iama du kartus per savait\u0119.<\/h2>\n<p>Didysis prizas visada yra milijonai doleri\u0173 loterijoje, kuri vyksta du kartus per savait\u0119 Niujorke. Visi\u0161kai logi\u0161ka, kad viename did\u017eiausi\u0173 pasaulio miest\u0173 vyksta didysis prizas, kuris prasideda kaip vienas did\u017eiausi\u0173 pasaulyje. Kiekvien\u0105 savait\u0119 milijonai Niujorko gyventoj\u0173 rikiuojasi eil\u0117se, kad nusipirkt\u0173 bilietus \u012f \u0161i\u0105 gyvenim\u0105 kei\u010dian\u010di\u0105 loterij\u0105. <b>Jums nereikia stov\u0117ti eil\u0117je, jei bilietus galite \u012fsigyti internetu.<\/b><\/p>\n<p>Niujorko loterija, viena seniausi\u0173 loterij\u0173 JAV, \u012fkurta 1967 m., visame pasaulyje labdaros tikslais surinko beveik 40 milijard\u0173 doleri\u0173. 2004 m. vienas bilieto tur\u0117tojas pasi\u0117m\u0117 net 58 milijonus doleri\u0173 \u2013 tuo metu tai buvo vienas did\u017eiausi\u0173 loterijos laim\u0117jim\u0173 JAV istorijoje.<\/p>\n<p>Niujorko loterij\u0105 \u017eaisti lengva. \u0160ioje 6\/59 stiliaus loterijoje reikia pasirinkti \u0161e\u0161is skai\u010dius nuo 1 iki 59 ir papildom\u0105 skai\u010di\u0173.<strong> Nor\u0117dami laim\u0117ti did\u012fj\u012f priz\u0105, turite atsp\u0117ti \u0161e\u0161is pagrindinius skai\u010dius, o j\u016bs\u0173 tikimyb\u0117 yra ma\u017edaug 1 i\u0161 45 milijon\u0173.<\/strong> Atsp\u0117j\u0119 penkis, keturis arba tris skai\u010dius, galite dalyvauti viename i\u0161 penki\u0173 antrini\u0173 priz\u0173, kurie galimi kiekviename kiekvienos savait\u0117s tre\u010diadien\u012f ir \u0161e\u0161tadien\u012f vykstan\u010diame traukime.<\/p>\n<p>Niujorko loterija \u2013 tai \u017eaidimas, kur\u012f nori \u017eaisti visi, ir dabar\u00a0<span style=\"box-sizing: border-box; margin: 0px; padding: 0px;\">galite\u00a0<a href=\"https:\/\/gambling6.com\/go\/redfoxlotto-en\/\" target=\"_blank\" rel=\"noopener\">\u012fsigyti bilietus internetu per m\u016bs\u0173 partner\u012f \u201eRedFoxLotto\u201c naudodami<\/a><\/span><a class=\"thirstylink\" title=\"RedFoxLotto en\" href=\"https:\/\/gambling6.com\/go\/redfoxlotto-en\/\" target=\"_blank\" rel=\"nofollow noopener\">\u00a0\u0161i\u0105 nuorod\u0105.<\/a><\/p>\n<table style=\"width: 500px;\" border=\"1\" cellspacing=\"5\" cellpadding=\"5\" align=\"center\">\n<tbody>\n<tr>\n<td colspan=\"3\" align=\"center\">Penki did\u017eiausi 2013 m. prizai<\/td>\n<\/tr>\n<tr>\n<td>Traukimas<\/td>\n<td align=\"center\">Data<\/td>\n<td align=\"center\">Didysis prizas (USD)<\/td>\n<\/tr>\n<tr>\n<td>Niujorko loterija \u2013 JAV<\/td>\n<td align=\"center\">2013 m. baland\u017eio 10 d.<\/td>\n<td align=\"right\">26 500 000 USD<\/td>\n<\/tr>\n<tr>\n<td>Niujorko loterija \u2013 JAV<\/td>\n<td align=\"center\">2013 m. bir\u017eelio 29 d.<\/td>\n<td align=\"right\">10 700 000 USD<\/td>\n<\/tr>\n<tr>\n<td>Niujorko loterija \u2013 JAV<\/td>\n<td align=\"center\">2013 m. rugs\u0117jo 4 d.<\/td>\n<td align=\"right\">7 100 000 USD<\/td>\n<\/tr>\n<tr>\n<td>Niujorko loterija \u2013 JAV<\/td>\n<td align=\"center\">2013 m. lapkri\u010dio 6 d.<\/td>\n<td align=\"right\">6 200 000 USD<\/td>\n<\/tr>\n<tr>\n<td>Niujorko loterija \u2013 JAV<\/td>\n<td align=\"center\">2013 m. lapkri\u010dio 23 d.<\/td>\n<td align=\"right\">3 200 000 USD<\/td>\n<\/tr>\n<\/tbody>\n<\/table>\n<p>&nbsp;<\/p>\n<table style=\"width: 500px;\" border=\"1\" cellspacing=\"5\" cellpadding=\"5\" align=\"center\">\n<tbody>\n<tr>\n<td colspan=\"3\" align=\"center\">Niujorko loterija \u2013 JAV priz\u0173 pakopos<\/td>\n<\/tr>\n<tr>\n<td>Prizas<\/td>\n<td align=\"center\">Rungtyn\u0117s<\/td>\n<td align=\"center\">Koeficientai<\/td>\n<\/tr>\n<tr>\n<td>1-a (Didysis prizas)<\/td>\n<td align=\"center\">6<\/td>\n<td align=\"right\">45 057 474 : 1<\/td>\n<\/tr>\n<tr>\n<td>2-a<\/td>\n<td align=\"center\">5 + 1<\/td>\n<td align=\"right\">7 509 579 : 1<\/td>\n<\/tr>\n<tr>\n<td>3-ioji<\/td>\n<td align=\"center\">5<\/td>\n<td align=\"right\">141 690 : 1<\/td>\n<\/tr>\n<tr>\n<td>4-oji<\/td>\n<td align=\"center\">4<\/td>\n<td align=\"right\">2 180 : 1<\/td>\n<\/tr>\n<tr>\n<td>5-oji<\/td>\n<td align=\"center\">3<\/td>\n<td align=\"right\">96 : 1<\/td>\n<\/tr>\n<\/tbody>\n<\/table>\n","protected":false},"excerpt":{"rendered":"<p>Internetin\u0117 Niujorko loterija Niujorko loterija, kurios didieji prizai prasideda nuo 3 milijon\u0173 doleri\u0173, loterijos dien\u0105 tampa tokia pat didel\u0117 kaip ir pats miestas. J\u016bs\u0173 \u017einiai, minimalus didysis prizas yra daug didesnis nei daugumos kit\u0173, tod\u0117l priimdami sprendim\u0105 apsvarstykite galimyb\u0119 \u012fsigyti Niujorko loterijos bilietus internetu. Jei didysis prizas nelaimimas, galite tik\u0117tis did\u0173j\u0173 priz\u0173 perk\u0117limo, kurie da\u017enai [&hellip;]<\/p>\n","protected":false},"author":1,"featured_media":0,"parent":9308,"menu_order":12,"comment_status":"closed","ping_status":"closed","template":"","meta":{"footnotes":""},"class_list":["post-9429","page","type-page","status-publish","hentry"],"yoast_head":"<!-- This site is optimized with the Yoast SEO plugin v27.4 - https:\/\/yoast.com\/product\/yoast-seo-wordpress\/ -->\n<title>Pirkite Niujorko loterijos bilietus internetu<\/title>\n<meta name=\"description\" content=\"Tapkite akimirksniu milijonieriumi, \u012fsigydami bilietus internetu \u012f Niujorko loterij\u0105.\" \/>\n<meta name=\"robots\" content=\"index, follow, max-snippet:-1, max-image-preview:large, max-video-preview:-1\" \/>\n<link rel=\"canonical\" href=\"https:\/\/gambling6.com\/lt\/loterija\/isigykite-niujorko-loterijos-bilietus-internetu\/\" \/>\n<meta property=\"og:locale\" content=\"lt_LT\" \/>\n<meta property=\"og:type\" content=\"article\" \/>\n<meta property=\"og:title\" content=\"Pirkite Niujorko loterijos bilietus internetu\" \/>\n<meta property=\"og:description\" content=\"Tapkite akimirksniu milijonieriumi, \u012fsigydami bilietus internetu \u012f Niujorko loterij\u0105.\" \/>\n<meta property=\"og:url\" content=\"https:\/\/gambling6.com\/lt\/loterija\/isigykite-niujorko-loterijos-bilietus-internetu\/\" \/>\n<meta property=\"og:site_name\" content=\"Gambling6\" \/>\n<meta name=\"twitter:card\" content=\"summary_large_image\" \/>\n<meta name=\"twitter:label1\" content=\"Est. reading time\" \/>\n\t<meta name=\"twitter:data1\" content=\"2 minut\u0117s\" \/>\n<script type=\"application\/ld+json\" class=\"yoast-schema-graph\">{\"@context\":\"https:\\\/\\\/schema.org\",\"@graph\":[{\"@type\":\"WebPage\",\"@id\":\"https:\\\/\\\/gambling6.com\\\/lt\\\/loterija\\\/isigykite-niujorko-loterijos-bilietus-internetu\\\/\",\"url\":\"https:\\\/\\\/gambling6.com\\\/lt\\\/loterija\\\/isigykite-niujorko-loterijos-bilietus-internetu\\\/\",\"name\":\"Pirkite Niujorko loterijos bilietus internetu\",\"isPartOf\":{\"@id\":\"https:\\\/\\\/gambling6.com\\\/lt\\\/#website\"},\"datePublished\":\"2025-11-11T02:35:22+00:00\",\"description\":\"Tapkite akimirksniu milijonieriumi, \u012fsigydami bilietus internetu \u012f Niujorko loterij\u0105.\",\"breadcrumb\":{\"@id\":\"https:\\\/\\\/gambling6.com\\\/lt\\\/loterija\\\/isigykite-niujorko-loterijos-bilietus-internetu\\\/#breadcrumb\"},\"inLanguage\":\"lt-LT\",\"potentialAction\":[{\"@type\":\"ReadAction\",\"target\":[\"https:\\\/\\\/gambling6.com\\\/lt\\\/loterija\\\/isigykite-niujorko-loterijos-bilietus-internetu\\\/\"]}]},{\"@type\":\"BreadcrumbList\",\"@id\":\"https:\\\/\\\/gambling6.com\\\/lt\\\/loterija\\\/isigykite-niujorko-loterijos-bilietus-internetu\\\/#breadcrumb\",\"itemListElement\":[{\"@type\":\"ListItem\",\"position\":1,\"name\":\"Home\",\"item\":\"https:\\\/\\\/gambling6.com\\\/lt\\\/home\\\/\"},{\"@type\":\"ListItem\",\"position\":2,\"name\":\"Loterija\",\"item\":\"https:\\\/\\\/gambling6.com\\\/lt\\\/loterija\\\/\"},{\"@type\":\"ListItem\",\"position\":3,\"name\":\"\u012esigykite Niujorko loterijos bilietus internetu\"}]},{\"@type\":\"WebSite\",\"@id\":\"https:\\\/\\\/gambling6.com\\\/lt\\\/#website\",\"url\":\"https:\\\/\\\/gambling6.com\\\/lt\\\/\",\"name\":\"Gambling6\",\"description\":\"\",\"potentialAction\":[{\"@type\":\"SearchAction\",\"target\":{\"@type\":\"EntryPoint\",\"urlTemplate\":\"https:\\\/\\\/gambling6.com\\\/lt\\\/?s={search_term_string}\"},\"query-input\":{\"@type\":\"PropertyValueSpecification\",\"valueRequired\":true,\"valueName\":\"search_term_string\"}}],\"inLanguage\":\"lt-LT\"}]}<\/script>\n<!-- \/ Yoast SEO plugin. -->","yoast_head_json":{"title":"Pirkite Niujorko loterijos bilietus internetu","description":"Tapkite akimirksniu milijonieriumi, \u012fsigydami bilietus internetu \u012f Niujorko loterij\u0105.","robots":{"index":"index","follow":"follow","max-snippet":"max-snippet:-1","max-image-preview":"max-image-preview:large","max-video-preview":"max-video-preview:-1"},"canonical":"https:\/\/gambling6.com\/lt\/loterija\/isigykite-niujorko-loterijos-bilietus-internetu\/","og_locale":"lt_LT","og_type":"article","og_title":"Pirkite Niujorko loterijos bilietus internetu","og_description":"Tapkite akimirksniu milijonieriumi, \u012fsigydami bilietus internetu \u012f Niujorko loterij\u0105.","og_url":"https:\/\/gambling6.com\/lt\/loterija\/isigykite-niujorko-loterijos-bilietus-internetu\/","og_site_name":"Gambling6","twitter_card":"summary_large_image","twitter_misc":{"Est. reading time":"2 minut\u0117s"},"schema":{"@context":"https:\/\/schema.org","@graph":[{"@type":"WebPage","@id":"https:\/\/gambling6.com\/lt\/loterija\/isigykite-niujorko-loterijos-bilietus-internetu\/","url":"https:\/\/gambling6.com\/lt\/loterija\/isigykite-niujorko-loterijos-bilietus-internetu\/","name":"Pirkite Niujorko loterijos bilietus internetu","isPartOf":{"@id":"https:\/\/gambling6.com\/lt\/#website"},"datePublished":"2025-11-11T02:35:22+00:00","description":"Tapkite akimirksniu milijonieriumi, \u012fsigydami bilietus internetu \u012f Niujorko loterij\u0105.","breadcrumb":{"@id":"https:\/\/gambling6.com\/lt\/loterija\/isigykite-niujorko-loterijos-bilietus-internetu\/#breadcrumb"},"inLanguage":"lt-LT","potentialAction":[{"@type":"ReadAction","target":["https:\/\/gambling6.com\/lt\/loterija\/isigykite-niujorko-loterijos-bilietus-internetu\/"]}]},{"@type":"BreadcrumbList","@id":"https:\/\/gambling6.com\/lt\/loterija\/isigykite-niujorko-loterijos-bilietus-internetu\/#breadcrumb","itemListElement":[{"@type":"ListItem","position":1,"name":"Home","item":"https:\/\/gambling6.com\/lt\/home\/"},{"@type":"ListItem","position":2,"name":"Loterija","item":"https:\/\/gambling6.com\/lt\/loterija\/"},{"@type":"ListItem","position":3,"name":"\u012esigykite Niujorko loterijos bilietus internetu"}]},{"@type":"WebSite","@id":"https:\/\/gambling6.com\/lt\/#website","url":"https:\/\/gambling6.com\/lt\/","name":"Gambling6","description":"","potentialAction":[{"@type":"SearchAction","target":{"@type":"EntryPoint","urlTemplate":"https:\/\/gambling6.com\/lt\/?s={search_term_string}"},"query-input":{"@type":"PropertyValueSpecification","valueRequired":true,"valueName":"search_term_string"}}],"inLanguage":"lt-LT"}]}},"_links":{"self":[{"href":"https:\/\/gambling6.com\/lt\/wp-json\/wp\/v2\/pages\/9429","targetHints":{"allow":["GET"]}}],"collection":[{"href":"https:\/\/gambling6.com\/lt\/wp-json\/wp\/v2\/pages"}],"about":[{"href":"https:\/\/gambling6.com\/lt\/wp-json\/wp\/v2\/types\/page"}],"author":[{"embeddable":true,"href":"https:\/\/gambling6.com\/lt\/wp-json\/wp\/v2\/users\/1"}],"replies":[{"embeddable":true,"href":"https:\/\/gambling6.com\/lt\/wp-json\/wp\/v2\/comments?post=9429"}],"version-history":[{"count":0,"href":"https:\/\/gambling6.com\/lt\/wp-json\/wp\/v2\/pages\/9429\/revisions"}],"up":[{"embeddable":true,"href":"https:\/\/gambling6.com\/lt\/wp-json\/wp\/v2\/pages\/9308"}],"wp:attachment":[{"href":"https:\/\/gambling6.com\/lt\/wp-json\/wp\/v2\/media?parent=9429"}],"curies":[{"name":"wp","href":"https:\/\/api.w.org\/{rel}","templated":true}]}}