{"id":9495,"date":"2025-11-11T03:32:23","date_gmt":"2025-11-11T03:32:23","guid":{"rendered":"https:\/\/gambling6.com\/loterija\/dalyvaukite-kanados-6-49-loterijoje\/"},"modified":"2025-11-11T03:32:23","modified_gmt":"2025-11-11T03:32:23","slug":"dalyvaukite-kanados-6-49-loterijoje","status":"publish","type":"page","link":"https:\/\/gambling6.com\/lt\/loterija\/dalyvaukite-kanados-6-49-loterijoje\/","title":{"rendered":"Dalyvaukite Kanados 6\/49 loterijoje"},"content":{"rendered":"<h2>Kanados loterija 6\/49<\/h2>\n<p>Nuo 1982 m. Kanadoje \u017eiem\u0105 buvo garantuoti du dalykai. Pirmas dalykas, kuriuo gal\u0117jote pasikliauti, buvo tai, kad per CBC gal\u0117site steb\u0117ti \u201eHockey Night in Canada\u201c. Antras dalykas, kur\u012f gal\u0117jote nusp\u0117ti, buvo tai, kad ka\u017ekas taps milijonieriumi \u017eaisdamas \u201eLotto 6\/49\u201c. \u0160iandien vis dar galite pasikliauti \u0161e\u0161tadienio vakaro traukimu. <strong>Didelis skirtumas \u0161iandien yra tas, kad galite \u012fsigyti bilietus \u012f Kanados \u201eLotto 6\/49\u201c traukim\u0105 internetu.<\/strong> Skirkite laiko <a class=\"thirstylink\" title=\"Redfoxlotto\" href=\"https:\/\/gambling6.com\/go\/redfoxlotto\/\" target=\"_blank\" rel=\"nofollow noopener\">\u012fsigyti bilietus internetu jau \u0161iandien i\u0161 m\u016bs\u0173 partnerio \u201eRedFoxLotto.com\u201c.<\/a><img loading=\"lazy\" decoding=\"async\" class=\" alignright size-full wp-image-562\" style=\"margin: 10px; border: 5px solid #ffffff; float: right;\" src=\"http:\/\/gambling6.com\/wp-content\/uploads\/2013\/12\/get-online-649-lotto-tickets.png\" alt=\"Lotto 6\/49 Canada\" width=\"300\" height=\"190\" \/><\/p>\n<p>Tikimyb\u0117 laim\u0117ti pirm\u0105j\u012f priz\u0105 Kanados Lotto 6\/49 yra 13 983 816:1. Bendra tikimyb\u0117 laim\u0117ti priz\u0105 yra ma\u017edaug viena i\u0161 32. Nor\u0117dami gauti bilietus internetu, pirmiausia pasirinkite \u0161e\u0161is pagrindinius kamuoliukus nuo 1 iki 49. <strong>Nor\u0117dami gauti dal\u012f didysis prizo, turite atsp\u0117ti visus \u0161e\u0161is i\u0161trauktus skai\u010dius<\/strong>. Nor\u0117dami laim\u0117ti antr\u0105j\u012f priz\u0105, teisingai pasirinkite penkis pagrindinius skai\u010dius ir papildom\u0105 skai\u010di\u0173. Burtai traukiami \u0161e\u0161tadienio ir tre\u010diadienio vakarais ma\u017edaug 19:10 EST Kanadoje. Yra \u0161e\u0161i priz\u0173 lygiai, ir jei niekas neatsiima didysis prizo, jis perkeliamas \u012f kit\u0105 \u017eaidim\u0105, kol kas nors galiausiai laimi.<\/p>\n<h2>\u017daiskite d\u0117l did\u017eiuli\u0173 priz\u0173 su internetiniais \u201eLotto 6\/49\u201c bilietais<\/h2>\n<table style=\"width: 500px;\" border=\"1\" cellspacing=\"5\" cellpadding=\"5\" align=\"center\">\n<tbody>\n<tr>\n<td colspan=\"3\" align=\"center\">Penki did\u017eiausi 2013 m. prizai<\/td>\n<\/tr>\n<tr>\n<td>Burt\u0173 traukimas<\/td>\n<td align=\"center\">Data<\/td>\n<td align=\"center\">Didysis prizas (USD)<\/td>\n<\/tr>\n<tr>\n<td>6\/49 loterija \u2013 Kanada<\/td>\n<td align=\"center\">2013 m. baland\u017eio 13 d.<\/td>\n<td align=\"right\">58 974 913 USD<\/td>\n<\/tr>\n<tr>\n<td>6\/49 loterija \u2013 Kanada<\/td>\n<td align=\"center\">2013 m. spalio 12 d.<\/td>\n<td align=\"right\">37 200 000 USD<\/td>\n<\/tr>\n<tr>\n<td>6\/49 loterija \u2013 Kanada<\/td>\n<td align=\"center\">2013 m. spalio 30 d.<\/td>\n<td align=\"right\">18 807 390 USD<\/td>\n<\/tr>\n<tr>\n<td>6\/49 loterija \u2013 Kanada<\/td>\n<td align=\"center\">2013 m. liepos 6 d.<\/td>\n<td align=\"right\">18 351 756 USD<\/td>\n<\/tr>\n<tr>\n<td>6\/49 loterija \u2013 Kanada<\/td>\n<td align=\"center\">2013 m. gruod\u017eio 4 d.<\/td>\n<td align=\"right\">17 670 000 USD<\/td>\n<\/tr>\n<\/tbody>\n<\/table>\n<h2>Laim\u0117ti galima \u012fvairi\u0173 priz\u0173 lygi\u0173 su internetiniais loterijos bilietais<\/h2>\n<p>Galimyb\u0117 laim\u0117ti septyniuose skirtinguose priz\u0173 lygiuose atveria daugyb\u0119 galimybi\u0173 u\u017esidirbti pinig\u0173 perkant \u201eLotto 6\/49\u201c bilietus internetu. Daugelis \u017emoni\u0173 i\u0161 tikr\u0173j\u0173 pamir\u0161ta apie visus papildomus lygius, kuriuose galima laim\u0117ti priz\u0105. \u012esigijus bilietus, svarbu juos patikrinti, ar k\u0105 nors laim\u0117jote.<\/p>\n<p>Faktas yra tas, kad daugelis \u017emoni\u0173 kiekvien\u0105 savait\u0119 perka bilietus ir nepatikrina, ar k\u0105 nors laim\u0117jo, i\u0161gird\u0119, kad ka\u017ekas kitas nusipirko biliet\u0105 kitoje vietoje ir laim\u0117jo pagrindin\u012f priz\u0105. <b>Lotto 6\/49 bilietus internetu \u012fsigyti taip pat paprasta, kaip ir patikrinti savo bilietus.<\/b> Yra daugyb\u0117 \u012franki\u0173, kurie pad\u0117s ie\u0161koti daugyb\u0117je pagrindini\u0173 loterij\u0173 visame pasaulyje duomen\u0173 bazi\u0173.<\/p>\n<table style=\"width: 500px;\" border=\"1\" cellspacing=\"5\" cellpadding=\"5\" align=\"center\">\n<tbody>\n<tr>\n<td colspan=\"3\" align=\"center\">Lotto 6\/49 \u2013 Kanados priz\u0173 pakopos<\/td>\n<\/tr>\n<tr>\n<td>Prizas<\/td>\n<td align=\"center\">Rungtyn\u0117s<\/td>\n<td align=\"center\">Koeficientai<\/td>\n<\/tr>\n<tr>\n<td>1-a (Did\u017eiasis prizas)<\/td>\n<td align=\"center\">6<\/td>\n<td align=\"right\">13 983 816 : 1<\/td>\n<\/tr>\n<tr>\n<td>2-a<\/td>\n<td align=\"center\">5 + 1<\/td>\n<td align=\"right\">2 330 636 : 1<\/td>\n<\/tr>\n<tr>\n<td>3-ioji<\/td>\n<td align=\"center\">5<\/td>\n<td align=\"right\">55 492 : 1<\/td>\n<\/tr>\n<tr>\n<td>4-oji<\/td>\n<td align=\"center\">4<\/td>\n<td align=\"right\">1 033 : 1<\/td>\n<\/tr>\n<tr>\n<td>5-oji<\/td>\n<td align=\"center\">3<\/td>\n<td align=\"right\">57 : 1<\/td>\n<\/tr>\n<tr>\n<td>6-oji<\/td>\n<td align=\"center\">2 + 1<\/td>\n<td align=\"right\">81 : 1<\/td>\n<\/tr>\n<tr>\n<td>7-oji<\/td>\n<td align=\"center\">2<\/td>\n<td align=\"right\">8 : 1<\/td>\n<\/tr>\n<\/tbody>\n<\/table>\n<p style=\"text-align: center;\"><strong>\u017daiskite Kanados loterij\u0105 6\/49 internetu ir m\u0117gaukit\u0117s laisve, kuri\u0105 suteikia tapimas milijonieriumi!<\/strong><\/p>\n","protected":false},"excerpt":{"rendered":"<p>Kanados loterija 6\/49 Nuo 1982 m. Kanadoje \u017eiem\u0105 buvo garantuoti du dalykai. Pirmas dalykas, kuriuo gal\u0117jote pasikliauti, buvo tai, kad per CBC gal\u0117site steb\u0117ti \u201eHockey Night in Canada\u201c. Antras dalykas, kur\u012f gal\u0117jote nusp\u0117ti, buvo tai, kad ka\u017ekas taps milijonieriumi \u017eaisdamas \u201eLotto 6\/49\u201c. \u0160iandien vis dar galite pasikliauti \u0161e\u0161tadienio vakaro traukimu. Didelis skirtumas \u0161iandien yra tas, [&hellip;]<\/p>\n","protected":false},"author":1,"featured_media":9480,"parent":9308,"menu_order":5,"comment_status":"closed","ping_status":"closed","template":"","meta":{"footnotes":""},"class_list":["post-9495","page","type-page","status-publish","has-post-thumbnail","hentry"],"yoast_head":"<!-- This site is optimized with the Yoast SEO plugin v27.5 - https:\/\/yoast.com\/product\/yoast-seo-wordpress\/ -->\n<title>\u012esigykite Kanados 6\/49 loterijos bilietus internetu<\/title>\n<meta name=\"description\" content=\"Dabar Kanadoje lengva internetu \u012fsigyti \u201eLotto 6\/49\u201c bilietus.\" \/>\n<meta name=\"robots\" content=\"index, follow, max-snippet:-1, max-image-preview:large, max-video-preview:-1\" \/>\n<link rel=\"canonical\" href=\"https:\/\/gambling6.com\/lt\/loterija\/dalyvaukite-kanados-6-49-loterijoje\/\" \/>\n<meta property=\"og:locale\" content=\"lt_LT\" \/>\n<meta property=\"og:type\" content=\"article\" \/>\n<meta property=\"og:title\" content=\"\u012esigykite Kanados 6\/49 loterijos bilietus internetu\" \/>\n<meta property=\"og:description\" content=\"Dabar Kanadoje lengva internetu \u012fsigyti \u201eLotto 6\/49\u201c bilietus.\" \/>\n<meta property=\"og:url\" content=\"https:\/\/gambling6.com\/lt\/loterija\/dalyvaukite-kanados-6-49-loterijoje\/\" \/>\n<meta property=\"og:site_name\" content=\"Gambling6\" \/>\n<meta property=\"og:image\" content=\"https:\/\/gambling6.com\/wp-content\/uploads\/2013\/12\/get-online-649-lotto-tickets.png\" \/>\n\t<meta property=\"og:image:width\" content=\"300\" \/>\n\t<meta property=\"og:image:height\" content=\"190\" \/>\n\t<meta property=\"og:image:type\" content=\"image\/png\" \/>\n<meta name=\"twitter:card\" content=\"summary_large_image\" \/>\n<meta name=\"twitter:label1\" content=\"Est. reading time\" \/>\n\t<meta name=\"twitter:data1\" content=\"2 minut\u0117s\" \/>\n<script type=\"application\/ld+json\" class=\"yoast-schema-graph\">{\"@context\":\"https:\\\/\\\/schema.org\",\"@graph\":[{\"@type\":\"WebPage\",\"@id\":\"https:\\\/\\\/gambling6.com\\\/lt\\\/loterija\\\/dalyvaukite-kanados-6-49-loterijoje\\\/\",\"url\":\"https:\\\/\\\/gambling6.com\\\/lt\\\/loterija\\\/dalyvaukite-kanados-6-49-loterijoje\\\/\",\"name\":\"\u012esigykite Kanados 6\\\/49 loterijos bilietus internetu\",\"isPartOf\":{\"@id\":\"https:\\\/\\\/gambling6.com\\\/lt\\\/#website\"},\"primaryImageOfPage\":{\"@id\":\"https:\\\/\\\/gambling6.com\\\/lt\\\/loterija\\\/dalyvaukite-kanados-6-49-loterijoje\\\/#primaryimage\"},\"image\":{\"@id\":\"https:\\\/\\\/gambling6.com\\\/lt\\\/loterija\\\/dalyvaukite-kanados-6-49-loterijoje\\\/#primaryimage\"},\"thumbnailUrl\":\"https:\\\/\\\/gambling6.com\\\/wp-content\\\/uploads\\\/2013\\\/12\\\/get-online-649-lotto-tickets.png\",\"datePublished\":\"2025-11-11T03:32:23+00:00\",\"description\":\"Dabar Kanadoje lengva internetu \u012fsigyti \u201eLotto 6\\\/49\u201c bilietus.\",\"breadcrumb\":{\"@id\":\"https:\\\/\\\/gambling6.com\\\/lt\\\/loterija\\\/dalyvaukite-kanados-6-49-loterijoje\\\/#breadcrumb\"},\"inLanguage\":\"lt-LT\",\"potentialAction\":[{\"@type\":\"ReadAction\",\"target\":[\"https:\\\/\\\/gambling6.com\\\/lt\\\/loterija\\\/dalyvaukite-kanados-6-49-loterijoje\\\/\"]}]},{\"@type\":\"ImageObject\",\"inLanguage\":\"lt-LT\",\"@id\":\"https:\\\/\\\/gambling6.com\\\/lt\\\/loterija\\\/dalyvaukite-kanados-6-49-loterijoje\\\/#primaryimage\",\"url\":\"https:\\\/\\\/gambling6.com\\\/wp-content\\\/uploads\\\/2013\\\/12\\\/get-online-649-lotto-tickets.png\",\"contentUrl\":\"https:\\\/\\\/gambling6.com\\\/wp-content\\\/uploads\\\/2013\\\/12\\\/get-online-649-lotto-tickets.png\",\"width\":300,\"height\":190},{\"@type\":\"BreadcrumbList\",\"@id\":\"https:\\\/\\\/gambling6.com\\\/lt\\\/loterija\\\/dalyvaukite-kanados-6-49-loterijoje\\\/#breadcrumb\",\"itemListElement\":[{\"@type\":\"ListItem\",\"position\":1,\"name\":\"Home\",\"item\":\"https:\\\/\\\/gambling6.com\\\/lt\\\/home\\\/\"},{\"@type\":\"ListItem\",\"position\":2,\"name\":\"Loterija\",\"item\":\"https:\\\/\\\/gambling6.com\\\/lt\\\/loterija\\\/\"},{\"@type\":\"ListItem\",\"position\":3,\"name\":\"Dalyvaukite Kanados 6\\\/49 loterijoje\"}]},{\"@type\":\"WebSite\",\"@id\":\"https:\\\/\\\/gambling6.com\\\/lt\\\/#website\",\"url\":\"https:\\\/\\\/gambling6.com\\\/lt\\\/\",\"name\":\"Gambling6\",\"description\":\"\",\"potentialAction\":[{\"@type\":\"SearchAction\",\"target\":{\"@type\":\"EntryPoint\",\"urlTemplate\":\"https:\\\/\\\/gambling6.com\\\/lt\\\/?s={search_term_string}\"},\"query-input\":{\"@type\":\"PropertyValueSpecification\",\"valueRequired\":true,\"valueName\":\"search_term_string\"}}],\"inLanguage\":\"lt-LT\"}]}<\/script>\n<!-- \/ Yoast SEO plugin. -->","yoast_head_json":{"title":"\u012esigykite Kanados 6\/49 loterijos bilietus internetu","description":"Dabar Kanadoje lengva internetu \u012fsigyti \u201eLotto 6\/49\u201c bilietus.","robots":{"index":"index","follow":"follow","max-snippet":"max-snippet:-1","max-image-preview":"max-image-preview:large","max-video-preview":"max-video-preview:-1"},"canonical":"https:\/\/gambling6.com\/lt\/loterija\/dalyvaukite-kanados-6-49-loterijoje\/","og_locale":"lt_LT","og_type":"article","og_title":"\u012esigykite Kanados 6\/49 loterijos bilietus internetu","og_description":"Dabar Kanadoje lengva internetu \u012fsigyti \u201eLotto 6\/49\u201c bilietus.","og_url":"https:\/\/gambling6.com\/lt\/loterija\/dalyvaukite-kanados-6-49-loterijoje\/","og_site_name":"Gambling6","og_image":[{"width":300,"height":190,"url":"https:\/\/gambling6.com\/wp-content\/uploads\/2013\/12\/get-online-649-lotto-tickets.png","type":"image\/png"}],"twitter_card":"summary_large_image","twitter_misc":{"Est. reading time":"2 minut\u0117s"},"schema":{"@context":"https:\/\/schema.org","@graph":[{"@type":"WebPage","@id":"https:\/\/gambling6.com\/lt\/loterija\/dalyvaukite-kanados-6-49-loterijoje\/","url":"https:\/\/gambling6.com\/lt\/loterija\/dalyvaukite-kanados-6-49-loterijoje\/","name":"\u012esigykite Kanados 6\/49 loterijos bilietus internetu","isPartOf":{"@id":"https:\/\/gambling6.com\/lt\/#website"},"primaryImageOfPage":{"@id":"https:\/\/gambling6.com\/lt\/loterija\/dalyvaukite-kanados-6-49-loterijoje\/#primaryimage"},"image":{"@id":"https:\/\/gambling6.com\/lt\/loterija\/dalyvaukite-kanados-6-49-loterijoje\/#primaryimage"},"thumbnailUrl":"https:\/\/gambling6.com\/wp-content\/uploads\/2013\/12\/get-online-649-lotto-tickets.png","datePublished":"2025-11-11T03:32:23+00:00","description":"Dabar Kanadoje lengva internetu \u012fsigyti \u201eLotto 6\/49\u201c bilietus.","breadcrumb":{"@id":"https:\/\/gambling6.com\/lt\/loterija\/dalyvaukite-kanados-6-49-loterijoje\/#breadcrumb"},"inLanguage":"lt-LT","potentialAction":[{"@type":"ReadAction","target":["https:\/\/gambling6.com\/lt\/loterija\/dalyvaukite-kanados-6-49-loterijoje\/"]}]},{"@type":"ImageObject","inLanguage":"lt-LT","@id":"https:\/\/gambling6.com\/lt\/loterija\/dalyvaukite-kanados-6-49-loterijoje\/#primaryimage","url":"https:\/\/gambling6.com\/wp-content\/uploads\/2013\/12\/get-online-649-lotto-tickets.png","contentUrl":"https:\/\/gambling6.com\/wp-content\/uploads\/2013\/12\/get-online-649-lotto-tickets.png","width":300,"height":190},{"@type":"BreadcrumbList","@id":"https:\/\/gambling6.com\/lt\/loterija\/dalyvaukite-kanados-6-49-loterijoje\/#breadcrumb","itemListElement":[{"@type":"ListItem","position":1,"name":"Home","item":"https:\/\/gambling6.com\/lt\/home\/"},{"@type":"ListItem","position":2,"name":"Loterija","item":"https:\/\/gambling6.com\/lt\/loterija\/"},{"@type":"ListItem","position":3,"name":"Dalyvaukite Kanados 6\/49 loterijoje"}]},{"@type":"WebSite","@id":"https:\/\/gambling6.com\/lt\/#website","url":"https:\/\/gambling6.com\/lt\/","name":"Gambling6","description":"","potentialAction":[{"@type":"SearchAction","target":{"@type":"EntryPoint","urlTemplate":"https:\/\/gambling6.com\/lt\/?s={search_term_string}"},"query-input":{"@type":"PropertyValueSpecification","valueRequired":true,"valueName":"search_term_string"}}],"inLanguage":"lt-LT"}]}},"_links":{"self":[{"href":"https:\/\/gambling6.com\/lt\/wp-json\/wp\/v2\/pages\/9495","targetHints":{"allow":["GET"]}}],"collection":[{"href":"https:\/\/gambling6.com\/lt\/wp-json\/wp\/v2\/pages"}],"about":[{"href":"https:\/\/gambling6.com\/lt\/wp-json\/wp\/v2\/types\/page"}],"author":[{"embeddable":true,"href":"https:\/\/gambling6.com\/lt\/wp-json\/wp\/v2\/users\/1"}],"replies":[{"embeddable":true,"href":"https:\/\/gambling6.com\/lt\/wp-json\/wp\/v2\/comments?post=9495"}],"version-history":[{"count":0,"href":"https:\/\/gambling6.com\/lt\/wp-json\/wp\/v2\/pages\/9495\/revisions"}],"up":[{"embeddable":true,"href":"https:\/\/gambling6.com\/lt\/wp-json\/wp\/v2\/pages\/9308"}],"wp:featuredmedia":[{"embeddable":true,"href":"https:\/\/gambling6.com\/lt\/wp-json\/wp\/v2\/media\/9480"}],"wp:attachment":[{"href":"https:\/\/gambling6.com\/lt\/wp-json\/wp\/v2\/media?parent=9495"}],"curies":[{"name":"wp","href":"https:\/\/api.w.org\/{rel}","templated":true}]}}