{"id":9627,"date":"2025-11-11T08:17:10","date_gmt":"2025-11-11T08:17:10","guid":{"rendered":"https:\/\/gambling6.com\/loterija\/pirkite-floridos-loterijos-bilietus-internetu\/"},"modified":"2025-11-11T08:17:10","modified_gmt":"2025-11-11T08:17:10","slug":"pirkite-floridos-loterijos-bilietus-internetu","status":"publish","type":"page","link":"https:\/\/gambling6.com\/lt\/loterija\/pirkite-floridos-loterijos-bilietus-internetu\/","title":{"rendered":"Pirkite Floridos loterijos bilietus internetu"},"content":{"rendered":"<h2>Floridos loterija<\/h2>\n<p>Kar\u0161ta valstija, kar\u0161ta loterija! Floridos \u017emon\u0117s tikrai sutikt\u0173, kad j\u0173 loterijoje b\u016btina dalyvauti kiekvien\u0105 tre\u010diadien\u012f ir \u0161e\u0161tadien\u012f. Floridos loterija, kurios didieji prizai prasideda nuo 2 milijon\u0173 doleri\u0173 ir gana da\u017enai vir\u0161ija 10 milijon\u0173 ir daugiau, tapo ne\u012ftik\u0117tinai populiari tarp sniego pauk\u0161\u010di\u0173 ir internetini\u0173 loterij\u0173 fanatik\u0173. <strong>\u012esigyti bilietus \u012f Floridos loterij\u0105 internetu yra lengviau nei keliauti \u012f Florid\u0105 j\u0173 \u012fsigyti.<\/strong><\/p>\n<p>Nors tikimyb\u0117 laim\u0117ti did\u012fj\u012f priz\u0105 yra viena i\u0161 22 957 480,<strong> j\u016bs\u0173 tikimyb\u0117 laim\u0117ti vien\u0105 i\u0161 priz\u0173, galim\u0173 keturiuose lygiuose, yra didesn\u0117 nei 1 i\u0161 67. Kadangi yra tik keturi priz\u0173 lygiai, pinigin\u0117s sumos yra didesn\u0117s nei daugumoje kit\u0173 loterij\u0173. Vis d\u0117lto, laim\u0117ti did\u012fj\u012f priz\u0105 n\u0117ra atmesta. Rekordinis didysis prizas buvo \u0161iek tiek daugiau nei 106 milijonai doleri\u0173; tai buvo vienas did\u017eiausi\u0173 did\u0173j\u0173 priz\u0173 Amerikos istorijoje tuo metu, kai jis buvo laim\u0117tas. <\/p>\n<h2>Floridos loterija padeda \u0161vietimui<\/h2>\n<p>1988 m., siekiant pad\u0117ti finansuoti \u0161vietim\u0105 Floridos valstijoje, buvo \u012fkurta Floridos loterija. \u0160iam tikslui buvo surinkta daug pinig\u0173, o atsiradus internetinei prekybai, Floridos loterijos didieji prizai spar\u010diai augo. Tai akivaizdu i\u0161 1990 m. rekordinio 106 mln. doleri\u0173 didio prizo. <strong>\u0160\u012f rekordin\u012f did\u012fj\u012f priz\u0105 atsi\u0117m\u0117 \u0161e\u0161i skirtingi laim\u0117tojai, visi jie tur\u0117jo \u0161iuos skai\u010dius savo biliete.<\/strong><\/p>\n<p>Nor\u0117dami \u017eaisti \u0161ioje loterijoje, turite pasirinkti \u0161e\u0161is skai\u010dius nuo 1 iki 53. Nor\u0117dami atsiimti did\u012fj\u012f priz\u0105, tiesiog turite atsp\u0117ti visus \u0161e\u0161is skai\u010dius. Jei didysis prizas neatsiimamas, jis perkeliamas \u012f kit\u0105 traukim\u0105. Tur\u0117dami biliet\u0105 internetu, turite galimyb\u0119 laim\u0117ti keturis skirtingus priz\u0173 lygius, kurie taip pat gali jums atne\u0161ti dideli\u0173 pinig\u0173.<\/p>\n<p>Galb\u016bt negalite pak\u0119sti kar\u0161to klimato Floridoje. Vis d\u0117lto, j\u016bs tikrai galite <a class=\"thirstylink\" title=\"TheLotter en\" href=\"https:\/\/gambling6.com\/go\/thelotter-en\/\" target=\"_blank\" rel=\"nofollow noopener\"><strong>pasinaudoti galimybe \u012fsigyti Floridos loterijos bilietus internetu apsilank\u0119 m\u016bs\u0173 partnerio \u201eTheLotter\u201c svetain\u0117je<\/strong>.<\/a><\/p>\n<p>&nbsp;<\/p>\n<table style=\"width: 500px;\" border=\"1\" cellspacing=\"5\" cellpadding=\"5\" align=\"center\">\n<tbody>\n<tr>\n<td colspan=\"3\" align=\"center\">Did\u017eiausi 2013 m. prizai<\/td>\n<\/tr>\n<tr>\n<td>Traukimas<\/td>\n<td align=\"center\">Data<\/td>\n<td align=\"center\">Didysis prizas (USD)<\/td>\n<\/tr>\n<tr>\n<td>Floridos loterija \u2013 JAV<\/td>\n<td align=\"center\">2013 m. rugpj\u016b\u010dio 24 d.<\/td>\n<td align=\"right\">58 000 000 USD<\/td>\n<\/tr>\n<tr>\n<td>Floridos loterija \u2013 JAV<\/td>\n<td align=\"center\">2013 m. gruod\u017eio 18 d.<\/td>\n<td align=\"right\">46 000 000 USD<\/td>\n<\/tr>\n<\/tbody>\n<\/table>\n<table style=\"width: 500px;\" border=\"1\" cellspacing=\"5\" cellpadding=\"5\" align=\"center\">\n<tbody>\n<tr>\n<td colspan=\"3\" align=\"center\">Floridos loterija \u2013 JAV priz\u0173 pakopos<\/td>\n<\/tr>\n<tr>\n<td>Prizas<\/td>\n<td align=\"center\">Rungtyn\u0117s<\/td>\n<td align=\"center\">Koeficientai<\/td>\n<\/tr>\n<tr>\n<td>1 vieta (Did\u017eiasis prizas)<\/td>\n<td align=\"center\">6<\/td>\n<td align=\"right\">22 957 480 : 1<\/td>\n<\/tr>\n<tr>\n<td>2 vieta<\/td>\n<td align=\"center\">5<\/td>\n<td align=\"right\">81 410 : 1<\/td>\n<\/tr>\n<tr>\n<td>3 vieta<\/td>\n<td align=\"center\">4<\/td>\n<td align=\"right\">1 416 : 1<\/td>\n<\/tr>\n<tr>\n<td>4-oji<\/td>\n<td align=\"center\">3<\/td>\n<td align=\"right\">71 : 1<\/td>\n<\/tr>\n<\/tbody>\n<\/table>\n","protected":false},"excerpt":{"rendered":"<p>Floridos loterija Kar\u0161ta valstija, kar\u0161ta loterija! Floridos \u017emon\u0117s tikrai sutikt\u0173, kad j\u0173 loterijoje b\u016btina dalyvauti kiekvien\u0105 tre\u010diadien\u012f ir \u0161e\u0161tadien\u012f. Floridos loterija, kurios didieji prizai prasideda nuo 2 milijon\u0173 doleri\u0173 ir gana da\u017enai vir\u0161ija 10 milijon\u0173 ir daugiau, tapo ne\u012ftik\u0117tinai populiari tarp sniego pauk\u0161\u010di\u0173 ir internetini\u0173 loterij\u0173 fanatik\u0173. \u012esigyti bilietus \u012f Floridos loterij\u0105 internetu yra lengviau [&hellip;]<\/p>\n","protected":false},"author":1,"featured_media":0,"parent":9308,"menu_order":11,"comment_status":"closed","ping_status":"closed","template":"","meta":{"footnotes":""},"class_list":["post-9627","page","type-page","status-publish","hentry"],"yoast_head":"<!-- This site is optimized with the Yoast SEO plugin v27.4 - https:\/\/yoast.com\/product\/yoast-seo-wordpress\/ -->\n<title>\u012esigykite Floridos loterijos bilietus internetu<\/title>\n<meta name=\"description\" content=\"Dalyvaukite Floridos loterijoje ir \u012fveikite kar\u0161t\u012f \u012fsigydami bilietus internetu.\" \/>\n<meta name=\"robots\" content=\"index, follow, max-snippet:-1, max-image-preview:large, max-video-preview:-1\" \/>\n<link rel=\"canonical\" href=\"https:\/\/gambling6.com\/lt\/loterija\/pirkite-floridos-loterijos-bilietus-internetu\/\" \/>\n<meta property=\"og:locale\" content=\"lt_LT\" \/>\n<meta property=\"og:type\" content=\"article\" \/>\n<meta property=\"og:title\" content=\"\u012esigykite Floridos loterijos bilietus internetu\" \/>\n<meta property=\"og:description\" content=\"Dalyvaukite Floridos loterijoje ir \u012fveikite kar\u0161t\u012f \u012fsigydami bilietus internetu.\" \/>\n<meta property=\"og:url\" content=\"https:\/\/gambling6.com\/lt\/loterija\/pirkite-floridos-loterijos-bilietus-internetu\/\" \/>\n<meta property=\"og:site_name\" content=\"Gambling6\" \/>\n<meta name=\"twitter:card\" content=\"summary_large_image\" \/>\n<meta name=\"twitter:label1\" content=\"Est. reading time\" \/>\n\t<meta name=\"twitter:data1\" content=\"2 minut\u0117s\" \/>\n<script type=\"application\/ld+json\" class=\"yoast-schema-graph\">{\"@context\":\"https:\\\/\\\/schema.org\",\"@graph\":[{\"@type\":\"WebPage\",\"@id\":\"https:\\\/\\\/gambling6.com\\\/lt\\\/loterija\\\/pirkite-floridos-loterijos-bilietus-internetu\\\/\",\"url\":\"https:\\\/\\\/gambling6.com\\\/lt\\\/loterija\\\/pirkite-floridos-loterijos-bilietus-internetu\\\/\",\"name\":\"\u012esigykite Floridos loterijos bilietus internetu\",\"isPartOf\":{\"@id\":\"https:\\\/\\\/gambling6.com\\\/lt\\\/#website\"},\"datePublished\":\"2025-11-11T08:17:10+00:00\",\"description\":\"Dalyvaukite Floridos loterijoje ir \u012fveikite kar\u0161t\u012f \u012fsigydami bilietus internetu.\",\"breadcrumb\":{\"@id\":\"https:\\\/\\\/gambling6.com\\\/lt\\\/loterija\\\/pirkite-floridos-loterijos-bilietus-internetu\\\/#breadcrumb\"},\"inLanguage\":\"lt-LT\",\"potentialAction\":[{\"@type\":\"ReadAction\",\"target\":[\"https:\\\/\\\/gambling6.com\\\/lt\\\/loterija\\\/pirkite-floridos-loterijos-bilietus-internetu\\\/\"]}]},{\"@type\":\"BreadcrumbList\",\"@id\":\"https:\\\/\\\/gambling6.com\\\/lt\\\/loterija\\\/pirkite-floridos-loterijos-bilietus-internetu\\\/#breadcrumb\",\"itemListElement\":[{\"@type\":\"ListItem\",\"position\":1,\"name\":\"Home\",\"item\":\"https:\\\/\\\/gambling6.com\\\/lt\\\/home\\\/\"},{\"@type\":\"ListItem\",\"position\":2,\"name\":\"Loterija\",\"item\":\"https:\\\/\\\/gambling6.com\\\/lt\\\/loterija\\\/\"},{\"@type\":\"ListItem\",\"position\":3,\"name\":\"Pirkite Floridos loterijos bilietus internetu\"}]},{\"@type\":\"WebSite\",\"@id\":\"https:\\\/\\\/gambling6.com\\\/lt\\\/#website\",\"url\":\"https:\\\/\\\/gambling6.com\\\/lt\\\/\",\"name\":\"Gambling6\",\"description\":\"\",\"potentialAction\":[{\"@type\":\"SearchAction\",\"target\":{\"@type\":\"EntryPoint\",\"urlTemplate\":\"https:\\\/\\\/gambling6.com\\\/lt\\\/?s={search_term_string}\"},\"query-input\":{\"@type\":\"PropertyValueSpecification\",\"valueRequired\":true,\"valueName\":\"search_term_string\"}}],\"inLanguage\":\"lt-LT\"}]}<\/script>\n<!-- \/ Yoast SEO plugin. -->","yoast_head_json":{"title":"\u012esigykite Floridos loterijos bilietus internetu","description":"Dalyvaukite Floridos loterijoje ir \u012fveikite kar\u0161t\u012f \u012fsigydami bilietus internetu.","robots":{"index":"index","follow":"follow","max-snippet":"max-snippet:-1","max-image-preview":"max-image-preview:large","max-video-preview":"max-video-preview:-1"},"canonical":"https:\/\/gambling6.com\/lt\/loterija\/pirkite-floridos-loterijos-bilietus-internetu\/","og_locale":"lt_LT","og_type":"article","og_title":"\u012esigykite Floridos loterijos bilietus internetu","og_description":"Dalyvaukite Floridos loterijoje ir \u012fveikite kar\u0161t\u012f \u012fsigydami bilietus internetu.","og_url":"https:\/\/gambling6.com\/lt\/loterija\/pirkite-floridos-loterijos-bilietus-internetu\/","og_site_name":"Gambling6","twitter_card":"summary_large_image","twitter_misc":{"Est. reading time":"2 minut\u0117s"},"schema":{"@context":"https:\/\/schema.org","@graph":[{"@type":"WebPage","@id":"https:\/\/gambling6.com\/lt\/loterija\/pirkite-floridos-loterijos-bilietus-internetu\/","url":"https:\/\/gambling6.com\/lt\/loterija\/pirkite-floridos-loterijos-bilietus-internetu\/","name":"\u012esigykite Floridos loterijos bilietus internetu","isPartOf":{"@id":"https:\/\/gambling6.com\/lt\/#website"},"datePublished":"2025-11-11T08:17:10+00:00","description":"Dalyvaukite Floridos loterijoje ir \u012fveikite kar\u0161t\u012f \u012fsigydami bilietus internetu.","breadcrumb":{"@id":"https:\/\/gambling6.com\/lt\/loterija\/pirkite-floridos-loterijos-bilietus-internetu\/#breadcrumb"},"inLanguage":"lt-LT","potentialAction":[{"@type":"ReadAction","target":["https:\/\/gambling6.com\/lt\/loterija\/pirkite-floridos-loterijos-bilietus-internetu\/"]}]},{"@type":"BreadcrumbList","@id":"https:\/\/gambling6.com\/lt\/loterija\/pirkite-floridos-loterijos-bilietus-internetu\/#breadcrumb","itemListElement":[{"@type":"ListItem","position":1,"name":"Home","item":"https:\/\/gambling6.com\/lt\/home\/"},{"@type":"ListItem","position":2,"name":"Loterija","item":"https:\/\/gambling6.com\/lt\/loterija\/"},{"@type":"ListItem","position":3,"name":"Pirkite Floridos loterijos bilietus internetu"}]},{"@type":"WebSite","@id":"https:\/\/gambling6.com\/lt\/#website","url":"https:\/\/gambling6.com\/lt\/","name":"Gambling6","description":"","potentialAction":[{"@type":"SearchAction","target":{"@type":"EntryPoint","urlTemplate":"https:\/\/gambling6.com\/lt\/?s={search_term_string}"},"query-input":{"@type":"PropertyValueSpecification","valueRequired":true,"valueName":"search_term_string"}}],"inLanguage":"lt-LT"}]}},"_links":{"self":[{"href":"https:\/\/gambling6.com\/lt\/wp-json\/wp\/v2\/pages\/9627","targetHints":{"allow":["GET"]}}],"collection":[{"href":"https:\/\/gambling6.com\/lt\/wp-json\/wp\/v2\/pages"}],"about":[{"href":"https:\/\/gambling6.com\/lt\/wp-json\/wp\/v2\/types\/page"}],"author":[{"embeddable":true,"href":"https:\/\/gambling6.com\/lt\/wp-json\/wp\/v2\/users\/1"}],"replies":[{"embeddable":true,"href":"https:\/\/gambling6.com\/lt\/wp-json\/wp\/v2\/comments?post=9627"}],"version-history":[{"count":0,"href":"https:\/\/gambling6.com\/lt\/wp-json\/wp\/v2\/pages\/9627\/revisions"}],"up":[{"embeddable":true,"href":"https:\/\/gambling6.com\/lt\/wp-json\/wp\/v2\/pages\/9308"}],"wp:attachment":[{"href":"https:\/\/gambling6.com\/lt\/wp-json\/wp\/v2\/media?parent=9627"}],"curies":[{"name":"wp","href":"https:\/\/api.w.org\/{rel}","templated":true}]}}