{"id":9643,"date":"2025-11-11T08:57:23","date_gmt":"2025-11-11T08:57:23","guid":{"rendered":"https:\/\/gambling6.com\/loterija\/isigykite-eurojackpot-loterijos-bilietus-internetu\/"},"modified":"2025-11-11T08:57:23","modified_gmt":"2025-11-11T08:57:23","slug":"isigykite-eurojackpot-loterijos-bilietus-internetu","status":"publish","type":"page","link":"https:\/\/gambling6.com\/lt\/loterija\/isigykite-eurojackpot-loterijos-bilietus-internetu\/","title":{"rendered":"\u012esigykite \u201eEurojackpot\u201c loterijos bilietus internetu"},"content":{"rendered":"<h2>\u201eEurojackpot\u201c loterija<\/h2>\n<p>Galite nusipirkti \u201eEurojackpot\u201c bilietus internetu ir per nakt\u012f tapti milijonieriumi. Internetas dabar leido \u017eaisti \u201eEurojackpot\u201c ir daugel\u012f kit\u0173 Europos loterij\u0173 internetu. Tai galite padaryti pirkdami bilietus internetu patogiai \u012fsitais\u0119 namuose. Daugiau nebereik\u0117s b\u0117gioti \u012f parduotuv\u0119 ar loterijos kioskus \u2013 \u012fsigykite \u201eEurojackpot\u201c bilietus internetu.<img loading=\"lazy\" decoding=\"async\" class=\"alignright wp-image-552 \" style=\"margin: 10px; border: 5px solid #ffffff; float: right;\" src=\"https:\/\/gambling6.com\/wp-content\/uploads\/2013\/12\/play-euro-jackpot-online.jpg\" alt=\"pirkti \u201eeurojackpot\u201c bilietus internetu\" width=\"240\" height=\"218\" \/><\/p>\n<p>Jei norite tapti vienu i\u0161 milijon\u0173 \u017emoni\u0173, norin\u010di\u0173 i\u0161lo\u0161ti did\u017eiulius kaupiamuosius prizus, tereikia pasirinkti septynis skai\u010dius internete ir i\u0161sigryninti pinigus naudojant vien\u0105 i\u0161 daugelio patogi\u0173 mok\u0117jimo b\u016bd\u0173. Pirkti loterijos bilietus internetu dar niekada nebuvo taip paprasta. Europos kampeliuose galite \u012fsigyti bilietus \u012f kelias pagrindines jackpoto loterijas internetu.<\/p>\n<h2>Pirkite \u201eEurojackpot\u201c bilietus internetu i\u0161 bet kurios \u0161alies<\/h2>\n<p>Perkant bilietus internetu, sien\u0173 n\u0117ra. Nesvarbu, ar esate Kuboje, ar Kinijoje, galite naudotis internetu ir greitai, draugi\u0161kai bei saugiai \u012fsigyti bilietus naudodamiesi m\u016bs\u0173 partnerio \u201eRedFoxLotto\u201c paslaugomis. <a class=\"thirstylink\" title=\"RedFoxLotto en\" href=\"https:\/\/gambling6.com\/go\/redfoxlotto-en\/\" target=\"_blank\" rel=\"nofollow noopener\">\u010cia u\u017esiregistruojate, prisijungiate prie savo paskyros<\/a>, pasirenkate skai\u010dius, sumokate ir laukiate, kol patikrinsite savo biliet\u0105 su lo\u0161imo rezultatais.<\/p>\n<p>\u201eRedFoxLotto\u201c negali priimti loterijos gerb\u0117j\u0173, gyvenan\u010di\u0173 JAV; vietoj to, JAV \u017eaid\u0117jai tur\u0117t\u0173 i\u0161bandyti \u201eTheLotter\u201c \u2013 kit\u0105 tarptautini\u0173 loterijos biliet\u0173 pasirinkimo galimyb\u0119. <a href=\"https:\/\/smarturl.it\/theBig_Play?tl_affid=8190&amp;tl_bannerid=6cc3afab\" target=\"_self\" rel=\"noopener\"><img loading=\"lazy\" decoding=\"async\" class=\"aligncenter\" title=\"\" src=\"\/\/www.thelotter-affiliates.com\/accounts\/default1\/banners\/6cc3afab.gif\" alt=\"\" width=\"468\" height=\"60\" \/><\/a><\/p>\n<h2>Did\u017eiuliai prizai su j\u016bs\u0173 \u201eEurojackpot\u201c internetiniais bilietais<\/h2>\n<table style=\"width: 500px;\" border=\"1\" cellspacing=\"5\" cellpadding=\"5\" align=\"center\">\n<tbody>\n<tr>\n<td colspan=\"3\" align=\"center\">Penki did\u017eiausi 2013 m. prizai<\/td>\n<\/tr>\n<tr>\n<td>Burt\u0173 traukimas<\/td>\n<td align=\"center\">Data<\/td>\n<td align=\"center\">Didysis prizas (USD)<\/td>\n<\/tr>\n<tr>\n<td>\u201eEuro Jackpot\u201c \u2013 Europa<\/td>\n<td align=\"center\">2013 m. baland\u017eio 12 d.<\/td>\n<td align=\"right\">63 128 694 USD<\/td>\n<\/tr>\n<tr>\n<td>\u201eEuro Jackpot\u201c \u2013 Europa<\/td>\n<td align=\"center\">2013 m. liepos 19 d.<\/td>\n<td align=\"right\">56 886 414 USD<\/td>\n<\/tr>\n<tr>\n<td>\u201eEuro Jackpot\u201c \u2013 Europa<\/td>\n<td align=\"center\">2013 m. sausio 25 d.<\/td>\n<td align=\"right\">40 470 680 USD<\/td>\n<\/tr>\n<tr>\n<td>\u201eEuro Jackpot\u201c \u2013 Europa<\/td>\n<td align=\"center\">2013 m. rugs\u0117jo 27 d.<\/td>\n<td align=\"right\">29 122 090 USD<\/td>\n<\/tr>\n<tr>\n<td>\u201eEuro Jackpot\u201c \u2013 Europa<\/td>\n<td align=\"center\">2013 m. gruod\u017eio 7 d.<\/td>\n<td align=\"right\">28 770 000 USD<\/td>\n<\/tr>\n<\/tbody>\n<\/table>\n<h2>\u00a0Dvylika galimybi\u0173 laim\u0117ti su internetiniu \u201eEurojackpot\u201c bilietai<\/h2>\n<table style=\"width: 500px;\" border=\"1\" cellspacing=\"5\" cellpadding=\"5\" align=\"center\">\n<tbody>\n<tr>\n<td colspan=\"3\" align=\"center\">\u201eEurojackpot\u201c priz\u0173 pakopos<\/td>\n<\/tr>\n<tr>\n<td>Prizas<\/td>\n<td align=\"center\">Rungtyn\u0117s<\/td>\n<td align=\"center\">Koeficientai<\/td>\n<\/tr>\n<tr>\n<td>1-a (Didysis prizas)<\/td>\n<td align=\"center\">5 + 2<\/td>\n<td align=\"right\">59 325 280 : 1<\/td>\n<\/tr>\n<tr>\n<td>2-a<\/td>\n<td align=\"center\">5 + 1<\/td>\n<td align=\"right\">4 943 773 : 1<\/td>\n<\/tr>\n<tr>\n<td>3-ioji<\/td>\n<td align=\"center\">5<\/td>\n<td align=\"right\">3 955 019 : 1<\/td>\n<\/tr>\n<tr>\n<td>4-oji<\/td>\n<td align=\"center\">4 + 2<\/td>\n<td align=\"right\">263 668 : 1<\/td>\n<\/tr>\n<tr>\n<td>5-oji<\/td>\n<td align=\"center\">4 + 1<\/td>\n<td align=\"right\">21 972 : 1<\/td>\n<\/tr>\n<tr>\n<td>6-oji<\/td>\n<td align=\"center\">4<\/td>\n<td align=\"right\">17 578 : 1<\/td>\n<\/tr>\n<tr>\n<td>7-oji<\/td>\n<td align=\"center\">3 + 2<\/td>\n<td align=\"right\">5 992 : 1<\/td>\n<\/tr>\n<tr>\n<td>8-oji<\/td>\n<td align=\"center\">3 + 1<\/td>\n<td align=\"right\">499 : 1<\/td>\n<\/tr>\n<tr>\n<td>9-oji<\/td>\n<td align=\"center\">2 + 2<\/td>\n<td align=\"right\">418 : 1<\/td>\n<\/tr>\n<tr>\n<td>10-oji<\/td>\n<td align=\"center\">3<\/td>\n<td align=\"right\">399 : 1<\/td>\n<\/tr>\n<tr>\n<td>11-oji<\/td>\n<td align=\"center\">1 + 2<\/td>\n<td align=\"right\">80 : 1<\/td>\n<\/tr>\n<tr>\n<td>12-oji<\/td>\n<td align=\"center\">2 + 1<\/td>\n<td align=\"right\">35 : 1<\/td>\n<\/tr>\n<\/tbody>\n<\/table>\n<p style=\"text-align: center;\"><strong>Neatid\u0117liokite savo galimyb\u0117s tapti milijonieriumi. U\u017esiregistruokite ir \u012fsigykite \u201eEurojackpot\u201c bilietus internetu jau \u0161iandien.<\/strong><\/p>\n","protected":false},"excerpt":{"rendered":"<p>\u201eEurojackpot\u201c loterija Galite nusipirkti \u201eEurojackpot\u201c bilietus internetu ir per nakt\u012f tapti milijonieriumi. Internetas dabar leido \u017eaisti \u201eEurojackpot\u201c ir daugel\u012f kit\u0173 Europos loterij\u0173 internetu. Tai galite padaryti pirkdami bilietus internetu patogiai \u012fsitais\u0119 namuose. Daugiau nebereik\u0117s b\u0117gioti \u012f parduotuv\u0119 ar loterijos kioskus \u2013 \u012fsigykite \u201eEurojackpot\u201c bilietus internetu. Jei norite tapti vienu i\u0161 milijon\u0173 \u017emoni\u0173, norin\u010di\u0173 i\u0161lo\u0161ti did\u017eiulius [&hellip;]<\/p>\n","protected":false},"author":1,"featured_media":9522,"parent":9308,"menu_order":10,"comment_status":"closed","ping_status":"closed","template":"","meta":{"footnotes":""},"class_list":["post-9643","page","type-page","status-publish","has-post-thumbnail","hentry"],"yoast_head":"<!-- This site is optimized with the Yoast SEO plugin v27.4 - https:\/\/yoast.com\/product\/yoast-seo-wordpress\/ -->\n<title>Pirkite \u201eEurojackpot\u201c loterijos bilietus internetu<\/title>\n<meta name=\"description\" content=\"Pirkdami loterijos bilietus internetu, galite laim\u0117ti daug pinig\u0173 \u017eaisdami \u201eEurojackpot\u201c.\" \/>\n<meta name=\"robots\" content=\"index, follow, max-snippet:-1, max-image-preview:large, max-video-preview:-1\" \/>\n<link rel=\"canonical\" href=\"https:\/\/gambling6.com\/lt\/loterija\/isigykite-eurojackpot-loterijos-bilietus-internetu\/\" \/>\n<meta property=\"og:locale\" content=\"lt_LT\" \/>\n<meta property=\"og:type\" content=\"article\" \/>\n<meta property=\"og:title\" content=\"Pirkite \u201eEurojackpot\u201c loterijos bilietus internetu\" \/>\n<meta property=\"og:description\" content=\"Pirkdami loterijos bilietus internetu, galite laim\u0117ti daug pinig\u0173 \u017eaisdami \u201eEurojackpot\u201c.\" \/>\n<meta property=\"og:url\" content=\"https:\/\/gambling6.com\/lt\/loterija\/isigykite-eurojackpot-loterijos-bilietus-internetu\/\" \/>\n<meta property=\"og:site_name\" content=\"Gambling6\" \/>\n<meta property=\"og:image\" content=\"https:\/\/gambling6.com\/wp-content\/uploads\/2013\/12\/play-euro-jackpot-online.jpg\" \/>\n\t<meta property=\"og:image:width\" content=\"285\" \/>\n\t<meta property=\"og:image:height\" content=\"259\" \/>\n\t<meta property=\"og:image:type\" content=\"image\/jpeg\" \/>\n<meta name=\"twitter:card\" content=\"summary_large_image\" \/>\n<meta name=\"twitter:label1\" content=\"Est. reading time\" \/>\n\t<meta name=\"twitter:data1\" content=\"1 minut\u0117\" \/>\n<script type=\"application\/ld+json\" class=\"yoast-schema-graph\">{\"@context\":\"https:\\\/\\\/schema.org\",\"@graph\":[{\"@type\":\"WebPage\",\"@id\":\"https:\\\/\\\/gambling6.com\\\/lt\\\/loterija\\\/isigykite-eurojackpot-loterijos-bilietus-internetu\\\/\",\"url\":\"https:\\\/\\\/gambling6.com\\\/lt\\\/loterija\\\/isigykite-eurojackpot-loterijos-bilietus-internetu\\\/\",\"name\":\"Pirkite \u201eEurojackpot\u201c loterijos bilietus internetu\",\"isPartOf\":{\"@id\":\"https:\\\/\\\/gambling6.com\\\/lt\\\/#website\"},\"primaryImageOfPage\":{\"@id\":\"https:\\\/\\\/gambling6.com\\\/lt\\\/loterija\\\/isigykite-eurojackpot-loterijos-bilietus-internetu\\\/#primaryimage\"},\"image\":{\"@id\":\"https:\\\/\\\/gambling6.com\\\/lt\\\/loterija\\\/isigykite-eurojackpot-loterijos-bilietus-internetu\\\/#primaryimage\"},\"thumbnailUrl\":\"https:\\\/\\\/gambling6.com\\\/wp-content\\\/uploads\\\/2013\\\/12\\\/play-euro-jackpot-online.jpg\",\"datePublished\":\"2025-11-11T08:57:23+00:00\",\"description\":\"Pirkdami loterijos bilietus internetu, galite laim\u0117ti daug pinig\u0173 \u017eaisdami \u201eEurojackpot\u201c.\",\"breadcrumb\":{\"@id\":\"https:\\\/\\\/gambling6.com\\\/lt\\\/loterija\\\/isigykite-eurojackpot-loterijos-bilietus-internetu\\\/#breadcrumb\"},\"inLanguage\":\"lt-LT\",\"potentialAction\":[{\"@type\":\"ReadAction\",\"target\":[\"https:\\\/\\\/gambling6.com\\\/lt\\\/loterija\\\/isigykite-eurojackpot-loterijos-bilietus-internetu\\\/\"]}]},{\"@type\":\"ImageObject\",\"inLanguage\":\"lt-LT\",\"@id\":\"https:\\\/\\\/gambling6.com\\\/lt\\\/loterija\\\/isigykite-eurojackpot-loterijos-bilietus-internetu\\\/#primaryimage\",\"url\":\"https:\\\/\\\/gambling6.com\\\/wp-content\\\/uploads\\\/2013\\\/12\\\/play-euro-jackpot-online.jpg\",\"contentUrl\":\"https:\\\/\\\/gambling6.com\\\/wp-content\\\/uploads\\\/2013\\\/12\\\/play-euro-jackpot-online.jpg\",\"width\":285,\"height\":259},{\"@type\":\"BreadcrumbList\",\"@id\":\"https:\\\/\\\/gambling6.com\\\/lt\\\/loterija\\\/isigykite-eurojackpot-loterijos-bilietus-internetu\\\/#breadcrumb\",\"itemListElement\":[{\"@type\":\"ListItem\",\"position\":1,\"name\":\"Home\",\"item\":\"https:\\\/\\\/gambling6.com\\\/lt\\\/home\\\/\"},{\"@type\":\"ListItem\",\"position\":2,\"name\":\"Loterija\",\"item\":\"https:\\\/\\\/gambling6.com\\\/lt\\\/loterija\\\/\"},{\"@type\":\"ListItem\",\"position\":3,\"name\":\"\u012esigykite \u201eEurojackpot\u201c loterijos bilietus internetu\"}]},{\"@type\":\"WebSite\",\"@id\":\"https:\\\/\\\/gambling6.com\\\/lt\\\/#website\",\"url\":\"https:\\\/\\\/gambling6.com\\\/lt\\\/\",\"name\":\"Gambling6\",\"description\":\"\",\"potentialAction\":[{\"@type\":\"SearchAction\",\"target\":{\"@type\":\"EntryPoint\",\"urlTemplate\":\"https:\\\/\\\/gambling6.com\\\/lt\\\/?s={search_term_string}\"},\"query-input\":{\"@type\":\"PropertyValueSpecification\",\"valueRequired\":true,\"valueName\":\"search_term_string\"}}],\"inLanguage\":\"lt-LT\"}]}<\/script>\n<!-- \/ Yoast SEO plugin. -->","yoast_head_json":{"title":"Pirkite \u201eEurojackpot\u201c loterijos bilietus internetu","description":"Pirkdami loterijos bilietus internetu, galite laim\u0117ti daug pinig\u0173 \u017eaisdami \u201eEurojackpot\u201c.","robots":{"index":"index","follow":"follow","max-snippet":"max-snippet:-1","max-image-preview":"max-image-preview:large","max-video-preview":"max-video-preview:-1"},"canonical":"https:\/\/gambling6.com\/lt\/loterija\/isigykite-eurojackpot-loterijos-bilietus-internetu\/","og_locale":"lt_LT","og_type":"article","og_title":"Pirkite \u201eEurojackpot\u201c loterijos bilietus internetu","og_description":"Pirkdami loterijos bilietus internetu, galite laim\u0117ti daug pinig\u0173 \u017eaisdami \u201eEurojackpot\u201c.","og_url":"https:\/\/gambling6.com\/lt\/loterija\/isigykite-eurojackpot-loterijos-bilietus-internetu\/","og_site_name":"Gambling6","og_image":[{"width":285,"height":259,"url":"https:\/\/gambling6.com\/wp-content\/uploads\/2013\/12\/play-euro-jackpot-online.jpg","type":"image\/jpeg"}],"twitter_card":"summary_large_image","twitter_misc":{"Est. reading time":"1 minut\u0117"},"schema":{"@context":"https:\/\/schema.org","@graph":[{"@type":"WebPage","@id":"https:\/\/gambling6.com\/lt\/loterija\/isigykite-eurojackpot-loterijos-bilietus-internetu\/","url":"https:\/\/gambling6.com\/lt\/loterija\/isigykite-eurojackpot-loterijos-bilietus-internetu\/","name":"Pirkite \u201eEurojackpot\u201c loterijos bilietus internetu","isPartOf":{"@id":"https:\/\/gambling6.com\/lt\/#website"},"primaryImageOfPage":{"@id":"https:\/\/gambling6.com\/lt\/loterija\/isigykite-eurojackpot-loterijos-bilietus-internetu\/#primaryimage"},"image":{"@id":"https:\/\/gambling6.com\/lt\/loterija\/isigykite-eurojackpot-loterijos-bilietus-internetu\/#primaryimage"},"thumbnailUrl":"https:\/\/gambling6.com\/wp-content\/uploads\/2013\/12\/play-euro-jackpot-online.jpg","datePublished":"2025-11-11T08:57:23+00:00","description":"Pirkdami loterijos bilietus internetu, galite laim\u0117ti daug pinig\u0173 \u017eaisdami \u201eEurojackpot\u201c.","breadcrumb":{"@id":"https:\/\/gambling6.com\/lt\/loterija\/isigykite-eurojackpot-loterijos-bilietus-internetu\/#breadcrumb"},"inLanguage":"lt-LT","potentialAction":[{"@type":"ReadAction","target":["https:\/\/gambling6.com\/lt\/loterija\/isigykite-eurojackpot-loterijos-bilietus-internetu\/"]}]},{"@type":"ImageObject","inLanguage":"lt-LT","@id":"https:\/\/gambling6.com\/lt\/loterija\/isigykite-eurojackpot-loterijos-bilietus-internetu\/#primaryimage","url":"https:\/\/gambling6.com\/wp-content\/uploads\/2013\/12\/play-euro-jackpot-online.jpg","contentUrl":"https:\/\/gambling6.com\/wp-content\/uploads\/2013\/12\/play-euro-jackpot-online.jpg","width":285,"height":259},{"@type":"BreadcrumbList","@id":"https:\/\/gambling6.com\/lt\/loterija\/isigykite-eurojackpot-loterijos-bilietus-internetu\/#breadcrumb","itemListElement":[{"@type":"ListItem","position":1,"name":"Home","item":"https:\/\/gambling6.com\/lt\/home\/"},{"@type":"ListItem","position":2,"name":"Loterija","item":"https:\/\/gambling6.com\/lt\/loterija\/"},{"@type":"ListItem","position":3,"name":"\u012esigykite \u201eEurojackpot\u201c loterijos bilietus internetu"}]},{"@type":"WebSite","@id":"https:\/\/gambling6.com\/lt\/#website","url":"https:\/\/gambling6.com\/lt\/","name":"Gambling6","description":"","potentialAction":[{"@type":"SearchAction","target":{"@type":"EntryPoint","urlTemplate":"https:\/\/gambling6.com\/lt\/?s={search_term_string}"},"query-input":{"@type":"PropertyValueSpecification","valueRequired":true,"valueName":"search_term_string"}}],"inLanguage":"lt-LT"}]}},"_links":{"self":[{"href":"https:\/\/gambling6.com\/lt\/wp-json\/wp\/v2\/pages\/9643","targetHints":{"allow":["GET"]}}],"collection":[{"href":"https:\/\/gambling6.com\/lt\/wp-json\/wp\/v2\/pages"}],"about":[{"href":"https:\/\/gambling6.com\/lt\/wp-json\/wp\/v2\/types\/page"}],"author":[{"embeddable":true,"href":"https:\/\/gambling6.com\/lt\/wp-json\/wp\/v2\/users\/1"}],"replies":[{"embeddable":true,"href":"https:\/\/gambling6.com\/lt\/wp-json\/wp\/v2\/comments?post=9643"}],"version-history":[{"count":0,"href":"https:\/\/gambling6.com\/lt\/wp-json\/wp\/v2\/pages\/9643\/revisions"}],"up":[{"embeddable":true,"href":"https:\/\/gambling6.com\/lt\/wp-json\/wp\/v2\/pages\/9308"}],"wp:featuredmedia":[{"embeddable":true,"href":"https:\/\/gambling6.com\/lt\/wp-json\/wp\/v2\/media\/9522"}],"wp:attachment":[{"href":"https:\/\/gambling6.com\/lt\/wp-json\/wp\/v2\/media?parent=9643"}],"curies":[{"name":"wp","href":"https:\/\/api.w.org\/{rel}","templated":true}]}}