{"id":9659,"date":"2025-11-11T09:18:44","date_gmt":"2025-11-11T09:18:44","guid":{"rendered":"https:\/\/gambling6.com\/loterija\/gaukite-el-gordo-loterijos-bilietus-is-bet-kurios-vietos\/"},"modified":"2025-11-15T11:29:44","modified_gmt":"2025-11-15T11:29:44","slug":"gaukite-el-gordo-loterijos-bilietus-is-bet-kurios-vietos","status":"publish","type":"page","link":"https:\/\/gambling6.com\/lt\/loterija\/gaukite-el-gordo-loterijos-bilietus-is-bet-kurios-vietos\/","title":{"rendered":"Gaukite El Gordo loterijos bilietus i\u0161 bet kurios vietos"},"content":{"rendered":"<h2>Lengva internetu \u012fsigyti El Gordo loterijos bilietus.<\/h2>\n<p>storas bilietas&#8221; width=&#8221;200&#8243; height=&#8221;274&#8243; \/>Europoje El Gordo loterija yra mil\u017eini\u0161ka ir joje \u017eaid\u017eia \u017emon\u0117s tiek Ispanijoje, tiek u\u017esienyje. Kiekvien\u0105 savait\u0119 galite tik\u0117tis ma\u017edaug 6,5 mln. eur\u0173 dyd\u017eio jackpoto. Sekmadien\u012f vyksta tik vienas loterijos traukimas, ir \u017emon\u0117s kiekvien\u0105 savait\u0119 laukia eil\u0117je \u017eaisti. Jackpotas gali siekti iki 26 mln. eur\u0173. Ta\u010diau jei da\u017enai perkeliami prizai (ne jackpotas), kartais jis gali siekti iki 35 mln. eur\u0173, perk\u0117lus l\u0117\u0161as i\u0161 ankstesni\u0173 savai\u010di\u0173.<\/p>\n<h2>Europie\u010diai internetinius loterijos bilietus perka kiekvien\u0105 savait\u0119.<\/h2>\n<p>Europa i\u0161lieka augan\u010diu loterij\u0173 pajam\u0173 \u0161altiniu; Kiekvien\u0105 savait\u0119 milijonai \u017eaid\u0117j\u0173 \u0161iame \u017eemyne \u200b\u200bstoja \u012f eiles, kad gal\u0117t\u0173 \u017eaisti loterijoje. Nor\u0117dami gauti internetinius bilietus \u012f El Gordo loterij\u0105, turite apsilankyti m\u016bs\u0173 partnerio \u201eRedFoxLotto\u201c svetain\u0117je, prisijungti prie savo paskyros ir nuspr\u0119sti, ar norite naudoti greituosius pasirinkimus, ar pasirinkti savo skai\u010dius. Jei renkat\u0117s savo skai\u010dius, tur\u0117site pasirinkti penkis pagrindinius ir vien\u0105 papildom\u0105 skai\u010di\u0173.<\/p>\n<p>El Gordo, \u017einoma kaip ispani\u0161koji 6\/49 loterija, nereik\u0117t\u0173 painioti su Kal\u0117d\u0173 El Gordo loterija. \u0160i populiari savaitin\u0117 loterija traukiama sekmadieniais. Pirkdami El Gordo loterijos bilietus internetu, atminkite, kad tikimyb\u0117 laim\u0117ti priz\u0105 yra 1 i\u0161 10. Taip yra tod\u0117l, kad be laim\u0117jimo didysis prizas yra septyni skirtingi priz\u0173 lygiai.<\/p>\n<p>Milijonai kas m\u0117nes\u012f i\u0161leid\u017eiami bilietams pirkti.<\/p>\n<p>Pastaraisiais metais europie\u010diai pami\u0161o d\u0117l loterijos biliet\u0173. Europie\u010diai kasmet bilietams i\u0161leid\u017eia \u0161imtus milijon\u0173 doleri\u0173 po \u0160iaur\u0117s Amerikos. Dabar, kai internetu galima \u012fsigyti bilietus \u012f pasaulines loterijas, pardavimai smarkiai i\u0161augo. Jei norite \u012fsigyti bilietus \u012f b\u016bsim\u0105 \u201eEl Gordo\u201c loterij\u0105,\u00a0<a class=\"thirstylink\" title=\"Redfoxlotto\" href=\"https:\/\/gambling6.com\/go\/redfoxlotto\/\" target=\"_blank\" rel=\"nofollow noopener\">tiesiog apsilankykite m\u016bs\u0173 partnerio \u201eRedFoxLotto\u201c<\/a> svetain\u0117je, u\u017esiregistruokite ir gal\u0117site tapti multimilijonieriumi per nakt\u012f.<\/p>\n<table style=\"width: 500px;\" border=\"1\" cellspacing=\"5\" cellpadding=\"5\" align=\"center\">\n<tbody>\n<tr>\n<td colspan=\"3\" align=\"center\">Did\u017eiausi 2013 m. prizai<\/td>\n<\/tr>\n<tr>\n<td>Burt\u0173 traukimas<\/td>\n<td align=\"center\">Data<\/td>\n<td align=\"center\">Didysis prizas (USD)<\/td>\n<\/tr>\n<tr>\n<td>El Gordo \u2013 Ispanija<\/td>\n<td align=\"center\">2013 m. spalio 13 d.<\/td>\n<td align=\"right\">13 327 360 USD<\/td>\n<\/tr>\n<tr>\n<td>El Gordo \u2013 Ispanija<\/td>\n<td align=\"center\">2013 m. rugpj\u016b\u010dio 4 d.<\/td>\n<td align=\"right\">10 275 000 USD<\/td>\n<\/tr>\n<tr>\n<td>El Gordo \u2013 Ispanija<\/td>\n<td align=\"center\">2013 m. bir\u017eelio 16 d.<\/td>\n<td align=\"right\">9 590 000 USD<\/td>\n<\/tr>\n<tr>\n<td>El Gordo \u2013 Ispanija<\/td>\n<td align=\"center\">2013 m. bir\u017eelio 23 d.<\/td>\n<td align=\"right\">6 850 000 USD<\/td>\n<\/tr>\n<\/tbody>\n<\/table>\n<p>&nbsp;<\/p>\n<table style=\"width: 500px;\" border=\"1\" cellspacing=\"5\" cellpadding=\"5\" align=\"center\">\n<tbody>\n<tr>\n<td colspan=\"3\" align=\"center\">El Gordo Lotto \u2013 Ispanijos 6\/49 priz\u0173 pakopos<\/td>\n<\/tr>\n<tr>\n<td>Prizas<\/td>\n<td align=\"center\">Rungtyn\u0117s<\/td>\n<td align=\"center\">Koeficientai<\/td>\n<\/tr>\n<tr>\n<td>1 vieta (Did\u017eiasis prizas)<\/td>\n<td align=\"center\">5 + 1<\/td>\n<td align=\"right\">31 625 100 : 1<\/td>\n<\/tr>\n<tr>\n<td>2 vieta<\/td>\n<td align=\"center\">5<\/td>\n<td align=\"right\">3 513 900 : 1<\/td>\n<\/tr>\n<tr>\n<td>3-ioji<\/td>\n<td align=\"center\">4 + 1<\/td>\n<td align=\"right\">129 082 : 1<\/td>\n<\/tr>\n<tr>\n<td>4-oji<\/td>\n<td align=\"center\">4<\/td>\n<td align=\"right\">14 342 : 1<\/td>\n<\/tr>\n<tr>\n<td>5-oji<\/td>\n<td align=\"center\">3 + 1<\/td>\n<td align=\"right\">2 689 : 1<\/td>\n<\/tr>\n<tr>\n<td>6-oji<\/td>\n<td align=\"center\">3<\/td>\n<td align=\"right\">299 : 1<\/td>\n<\/tr>\n<tr>\n<td>7-oji<\/td>\n<td align=\"center\">2 + 1<\/td>\n<td align=\"right\">172 : 1<\/td>\n<\/tr>\n<tr>\n<td>8-oji<\/td>\n<td align=\"center\">2<\/td>\n<td align=\"right\">19 : 1<\/td>\n<\/tr>\n<tr>\n<td>9-oji<\/td>\n<td align=\"center\">0 + 1<\/td>\n<td align=\"right\">10 : 1<\/td>\n<\/tr>\n<\/tbody>\n<\/table>\n","protected":false},"excerpt":{"rendered":"<p>Lengva internetu \u012fsigyti El Gordo loterijos bilietus. storas bilietas&#8221; width=&#8221;200&#8243; height=&#8221;274&#8243; \/>Europoje El Gordo loterija yra mil\u017eini\u0161ka ir joje \u017eaid\u017eia \u017emon\u0117s tiek Ispanijoje, tiek u\u017esienyje. Kiekvien\u0105 savait\u0119 galite tik\u0117tis ma\u017edaug 6,5 mln. eur\u0173 dyd\u017eio jackpoto. Sekmadien\u012f vyksta tik vienas loterijos traukimas, ir \u017emon\u0117s kiekvien\u0105 savait\u0119 laukia eil\u0117je \u017eaisti. Jackpotas gali siekti iki 26 mln. eur\u0173. [&hellip;]<\/p>\n","protected":false},"author":1,"featured_media":0,"parent":9308,"menu_order":3,"comment_status":"closed","ping_status":"closed","template":"","meta":{"footnotes":""},"class_list":["post-9659","page","type-page","status-publish","hentry"],"yoast_head":"<!-- This site is optimized with the Yoast SEO plugin v27.5 - https:\/\/yoast.com\/product\/yoast-seo-wordpress\/ -->\n<title>Pirkite El Gordo loterijos bilietus internetu<\/title>\n<meta name=\"description\" content=\"Tapkite milijonieriumi, \u012fsigydami \u201eEl Gordo\u201c loterijos bilietus internetu.\" \/>\n<meta name=\"robots\" content=\"index, follow, max-snippet:-1, max-image-preview:large, max-video-preview:-1\" \/>\n<link rel=\"canonical\" href=\"https:\/\/gambling6.com\/lt\/loterija\/gaukite-el-gordo-loterijos-bilietus-is-bet-kurios-vietos\/\" \/>\n<meta property=\"og:locale\" content=\"lt_LT\" \/>\n<meta property=\"og:type\" content=\"article\" \/>\n<meta property=\"og:title\" content=\"Pirkite El Gordo loterijos bilietus internetu\" \/>\n<meta property=\"og:description\" content=\"Tapkite milijonieriumi, \u012fsigydami \u201eEl Gordo\u201c loterijos bilietus internetu.\" \/>\n<meta property=\"og:url\" content=\"https:\/\/gambling6.com\/lt\/loterija\/gaukite-el-gordo-loterijos-bilietus-is-bet-kurios-vietos\/\" \/>\n<meta property=\"og:site_name\" content=\"Gambling6\" \/>\n<meta property=\"article:modified_time\" content=\"2025-11-15T11:29:44+00:00\" \/>\n<meta name=\"twitter:card\" content=\"summary_large_image\" \/>\n<meta name=\"twitter:label1\" content=\"Est. reading time\" \/>\n\t<meta name=\"twitter:data1\" content=\"2 minut\u0117s\" \/>\n<script type=\"application\/ld+json\" class=\"yoast-schema-graph\">{\"@context\":\"https:\\\/\\\/schema.org\",\"@graph\":[{\"@type\":\"WebPage\",\"@id\":\"https:\\\/\\\/gambling6.com\\\/lt\\\/loterija\\\/gaukite-el-gordo-loterijos-bilietus-is-bet-kurios-vietos\\\/\",\"url\":\"https:\\\/\\\/gambling6.com\\\/lt\\\/loterija\\\/gaukite-el-gordo-loterijos-bilietus-is-bet-kurios-vietos\\\/\",\"name\":\"Pirkite El Gordo loterijos bilietus internetu\",\"isPartOf\":{\"@id\":\"https:\\\/\\\/gambling6.com\\\/lt\\\/#website\"},\"datePublished\":\"2025-11-11T09:18:44+00:00\",\"dateModified\":\"2025-11-15T11:29:44+00:00\",\"description\":\"Tapkite milijonieriumi, \u012fsigydami \u201eEl Gordo\u201c loterijos bilietus internetu.\",\"breadcrumb\":{\"@id\":\"https:\\\/\\\/gambling6.com\\\/lt\\\/loterija\\\/gaukite-el-gordo-loterijos-bilietus-is-bet-kurios-vietos\\\/#breadcrumb\"},\"inLanguage\":\"lt-LT\",\"potentialAction\":[{\"@type\":\"ReadAction\",\"target\":[\"https:\\\/\\\/gambling6.com\\\/lt\\\/loterija\\\/gaukite-el-gordo-loterijos-bilietus-is-bet-kurios-vietos\\\/\"]}]},{\"@type\":\"BreadcrumbList\",\"@id\":\"https:\\\/\\\/gambling6.com\\\/lt\\\/loterija\\\/gaukite-el-gordo-loterijos-bilietus-is-bet-kurios-vietos\\\/#breadcrumb\",\"itemListElement\":[{\"@type\":\"ListItem\",\"position\":1,\"name\":\"Home\",\"item\":\"https:\\\/\\\/gambling6.com\\\/lt\\\/home\\\/\"},{\"@type\":\"ListItem\",\"position\":2,\"name\":\"Loterija\",\"item\":\"https:\\\/\\\/gambling6.com\\\/lt\\\/loterija\\\/\"},{\"@type\":\"ListItem\",\"position\":3,\"name\":\"Gaukite El Gordo loterijos bilietus i\u0161 bet kurios vietos\"}]},{\"@type\":\"WebSite\",\"@id\":\"https:\\\/\\\/gambling6.com\\\/lt\\\/#website\",\"url\":\"https:\\\/\\\/gambling6.com\\\/lt\\\/\",\"name\":\"Gambling6\",\"description\":\"\",\"potentialAction\":[{\"@type\":\"SearchAction\",\"target\":{\"@type\":\"EntryPoint\",\"urlTemplate\":\"https:\\\/\\\/gambling6.com\\\/lt\\\/?s={search_term_string}\"},\"query-input\":{\"@type\":\"PropertyValueSpecification\",\"valueRequired\":true,\"valueName\":\"search_term_string\"}}],\"inLanguage\":\"lt-LT\"}]}<\/script>\n<!-- \/ Yoast SEO plugin. -->","yoast_head_json":{"title":"Pirkite El Gordo loterijos bilietus internetu","description":"Tapkite milijonieriumi, \u012fsigydami \u201eEl Gordo\u201c loterijos bilietus internetu.","robots":{"index":"index","follow":"follow","max-snippet":"max-snippet:-1","max-image-preview":"max-image-preview:large","max-video-preview":"max-video-preview:-1"},"canonical":"https:\/\/gambling6.com\/lt\/loterija\/gaukite-el-gordo-loterijos-bilietus-is-bet-kurios-vietos\/","og_locale":"lt_LT","og_type":"article","og_title":"Pirkite El Gordo loterijos bilietus internetu","og_description":"Tapkite milijonieriumi, \u012fsigydami \u201eEl Gordo\u201c loterijos bilietus internetu.","og_url":"https:\/\/gambling6.com\/lt\/loterija\/gaukite-el-gordo-loterijos-bilietus-is-bet-kurios-vietos\/","og_site_name":"Gambling6","article_modified_time":"2025-11-15T11:29:44+00:00","twitter_card":"summary_large_image","twitter_misc":{"Est. reading time":"2 minut\u0117s"},"schema":{"@context":"https:\/\/schema.org","@graph":[{"@type":"WebPage","@id":"https:\/\/gambling6.com\/lt\/loterija\/gaukite-el-gordo-loterijos-bilietus-is-bet-kurios-vietos\/","url":"https:\/\/gambling6.com\/lt\/loterija\/gaukite-el-gordo-loterijos-bilietus-is-bet-kurios-vietos\/","name":"Pirkite El Gordo loterijos bilietus internetu","isPartOf":{"@id":"https:\/\/gambling6.com\/lt\/#website"},"datePublished":"2025-11-11T09:18:44+00:00","dateModified":"2025-11-15T11:29:44+00:00","description":"Tapkite milijonieriumi, \u012fsigydami \u201eEl Gordo\u201c loterijos bilietus internetu.","breadcrumb":{"@id":"https:\/\/gambling6.com\/lt\/loterija\/gaukite-el-gordo-loterijos-bilietus-is-bet-kurios-vietos\/#breadcrumb"},"inLanguage":"lt-LT","potentialAction":[{"@type":"ReadAction","target":["https:\/\/gambling6.com\/lt\/loterija\/gaukite-el-gordo-loterijos-bilietus-is-bet-kurios-vietos\/"]}]},{"@type":"BreadcrumbList","@id":"https:\/\/gambling6.com\/lt\/loterija\/gaukite-el-gordo-loterijos-bilietus-is-bet-kurios-vietos\/#breadcrumb","itemListElement":[{"@type":"ListItem","position":1,"name":"Home","item":"https:\/\/gambling6.com\/lt\/home\/"},{"@type":"ListItem","position":2,"name":"Loterija","item":"https:\/\/gambling6.com\/lt\/loterija\/"},{"@type":"ListItem","position":3,"name":"Gaukite El Gordo loterijos bilietus i\u0161 bet kurios vietos"}]},{"@type":"WebSite","@id":"https:\/\/gambling6.com\/lt\/#website","url":"https:\/\/gambling6.com\/lt\/","name":"Gambling6","description":"","potentialAction":[{"@type":"SearchAction","target":{"@type":"EntryPoint","urlTemplate":"https:\/\/gambling6.com\/lt\/?s={search_term_string}"},"query-input":{"@type":"PropertyValueSpecification","valueRequired":true,"valueName":"search_term_string"}}],"inLanguage":"lt-LT"}]}},"_links":{"self":[{"href":"https:\/\/gambling6.com\/lt\/wp-json\/wp\/v2\/pages\/9659","targetHints":{"allow":["GET"]}}],"collection":[{"href":"https:\/\/gambling6.com\/lt\/wp-json\/wp\/v2\/pages"}],"about":[{"href":"https:\/\/gambling6.com\/lt\/wp-json\/wp\/v2\/types\/page"}],"author":[{"embeddable":true,"href":"https:\/\/gambling6.com\/lt\/wp-json\/wp\/v2\/users\/1"}],"replies":[{"embeddable":true,"href":"https:\/\/gambling6.com\/lt\/wp-json\/wp\/v2\/comments?post=9659"}],"version-history":[{"count":1,"href":"https:\/\/gambling6.com\/lt\/wp-json\/wp\/v2\/pages\/9659\/revisions"}],"predecessor-version":[{"id":10948,"href":"https:\/\/gambling6.com\/lt\/wp-json\/wp\/v2\/pages\/9659\/revisions\/10948"}],"up":[{"embeddable":true,"href":"https:\/\/gambling6.com\/lt\/wp-json\/wp\/v2\/pages\/9308"}],"wp:attachment":[{"href":"https:\/\/gambling6.com\/lt\/wp-json\/wp\/v2\/media?parent=9659"}],"curies":[{"name":"wp","href":"https:\/\/api.w.org\/{rel}","templated":true}]}}