{"id":9671,"date":"2025-11-11T09:36:10","date_gmt":"2025-11-11T09:36:10","guid":{"rendered":"https:\/\/gambling6.com\/loterija\/isigykite-australijos-loterijos-bilietus-internetu\/"},"modified":"2025-11-11T09:36:10","modified_gmt":"2025-11-11T09:36:10","slug":"isigykite-australijos-loterijos-bilietus-internetu","status":"publish","type":"page","link":"https:\/\/gambling6.com\/lt\/loterija\/isigykite-australijos-loterijos-bilietus-internetu\/","title":{"rendered":"\u012esigykite Australijos loterijos bilietus internetu"},"content":{"rendered":"<h2>Australijos loterija<\/h2>\n<p>Kiekvien\u0105 savait\u0119, antradien\u012f ir ketvirtadien\u012f, Australijoje vyksta dvi labai \u012fdomios loterijos. \u201ePowerball\u201c ir \u201eOz Lotto\u201c bilietus galima \u012fsigyti internetu. \u012esigyti Australijos loterijos bilietus internetu yra taip paprasta, kaip \u201eu\u017emesti dar vien\u0105 krevet\u0119 ant Barb\u0117s\u201c. \u017dmon\u0117s \u017eaid\u017eia \u0161ias loterijas d\u0117l reguliariai dideli\u0173 jackpot\u0173, siekian\u010di\u0173 50 milijon\u0173 doleri\u0173 ir daugiau.<\/p>\n<p>Abiej\u0173 jackpot\u0173 tikimyb\u0117 yra gana palanki, atsi\u017evelgiant \u012f j\u0173 dyd\u012f, o galimyb\u0117 \u012fsigyti bilietus internetu leid\u017eia jiems gana greitai augti. Pasauliniu mastu \u0161ie jackpotai per pastaruosius kelerius metus i\u0161populiar\u0117jo. Kiekvien\u0105 dien\u0105 apie \u0161iuos traukimus girdite vis daugiau \u017eini\u0173.<\/p>\n<h2>Internetiniai \u201eOz Lotto\u201c bilietai yra saug\u016bs ir patikimi.<\/h2>\n<p>Galite saugiai ir patikimai pasirinkti 7 skai\u010dius ir laukti traukimo. M\u016bs\u0173 partneris <a class=\"thirstylink\" title=\"Redfoxlotto\" href=\"https:\/\/gambling6.com\/go\/redfoxlotto\/\" target=\"_blank\" rel=\"nofollow noopener\">RedFoxLotto.com<\/a> pa\u0161alina visus r\u016bpes\u010dius, susijusius su loterijos biliet\u0173 pirkimu internetu, tod\u0117l jums tereikia atsipalaiduoti ir laukti, kol laim\u0117site.<\/p>\n<p>JAV \u017eaid\u0117jai, <span style=\"box-sizing: border-box; margin: 0px; padding: 0px;\">norintys dalyvauti ir internetu nusipirkti biliet\u0105 \u201ePowerball\u201c ar bet kurioje kitoje loterijoje i\u0161 Australijos, tur\u0117t\u0173 rinktis m\u016bs\u0173 antr\u0105j\u0105 rekomendacij\u0105: <a href=\"https:\/\/gambling6.com\/go\/thelotter-en\/\" target=\"_blank\" rel=\"noopener\">TheLotter. Spustel\u0117kite \u010dia, nor\u0117dami apsilankyti<\/a><\/span><a class=\"thirstylink\" title=\"TheLotter en\" href=\"https:\/\/gambling6.com\/go\/thelotter-en\/\" target=\"_blank\" rel=\"nofollow noopener\">\u00a0j\u0173 svetain\u0117je.<\/a><\/p>\n<h2>Did\u017eiuliai jackpotai su internetiniais \u201ePowerball Australia\u201c bilietais<\/h2>\n<table style=\"width: 500px;\" border=\"1\" cellspacing=\"5\" cellpadding=\"5\" align=\"center\">\n<tbody>\n<tr>\n<td colspan=\"3\" align=\"center\">Penki did\u017eiausi 2013 m. prizai<\/td>\n<\/tr>\n<tr>\n<td>Burt\u0173 traukimas<\/td>\n<td align=\"center\">Data<\/td>\n<td align=\"center\">Didysis prizas (USD)<\/td>\n<\/tr>\n<tr>\n<td>\u201ePowerball\u201c \u2013 Australija<\/td>\n<td align=\"center\">2013 m. gegu\u017e\u0117s 2 d.<\/td>\n<td align=\"right\">55 229 291 USD<\/td>\n<\/tr>\n<tr>\n<td>\u201ePowerball\u201c \u2013 Australija<\/td>\n<td align=\"center\">2013 m. liepos 18 d.<\/td>\n<td align=\"right\">26 700 000 USD<\/td>\n<\/tr>\n<tr>\n<td>\u201ePowerball\u201c \u2013 Australija<\/td>\n<td align=\"center\">2013 m. rugs\u0117jo 19 d.<\/td>\n<td align=\"right\">26 700 000 USD<\/td>\n<\/tr>\n<tr>\n<td>\u201ePowerball\u201c \u2013 Australija<\/td>\n<td align=\"center\">2013 m. spalio 24 d.<\/td>\n<td align=\"right\">26 700 000 USD<\/td>\n<\/tr>\n<tr>\n<td>\u201ePowerball\u201c \u2013 Australija<\/td>\n<td align=\"center\">2013 m. sausio 3 d.<\/td>\n<td align=\"right\">22 250 000 USD<\/td>\n<\/tr>\n<\/tbody>\n<\/table>\n<h2>\u00a0A\u0161tuoni priz\u0173 lygiai Australijos \u201ePowerball\u201c internetiniame biliete pirk\u0117jai<\/h2>\n<table style=\"width: 500px;\" border=\"1\" cellspacing=\"5\" cellpadding=\"5\" align=\"center\">\n<tbody>\n<tr>\n<td colspan=\"3\" align=\"center\">\u201ePowerball Lotto\u201c \u2013 Australijos priz\u0173 pakopos<\/td>\n<\/tr>\n<tr>\n<td>Prizas<\/td>\n<td align=\"center\">Rungtyn\u0117s<\/td>\n<td align=\"center\">Koeficientai<\/td>\n<\/tr>\n<tr>\n<td>1 vieta (Did\u017eiasis prizas)<\/td>\n<td align=\"center\">6 + 1<\/td>\n<td align=\"right\">76 767 600 : 1<\/td>\n<\/tr>\n<tr>\n<td>2 vieta<\/td>\n<td align=\"center\">6<\/td>\n<td align=\"right\">4 040 400 : 1<\/td>\n<\/tr>\n<tr>\n<td>3-ioji<\/td>\n<td align=\"center\">5 + 1<\/td>\n<td align=\"right\">376 312 : 1<\/td>\n<\/tr>\n<tr>\n<td>4-oji<\/td>\n<td align=\"center\">5<\/td>\n<td align=\"right\">19 806 : 1<\/td>\n<\/tr>\n<tr>\n<td>5-oji<\/td>\n<td align=\"center\">4 + 1<\/td>\n<td align=\"right\">9 123 : 1<\/td>\n<\/tr>\n<tr>\n<td>6-oji<\/td>\n<td align=\"center\">3 + 1<\/td>\n<td align=\"right\">641 : 1<\/td>\n<\/tr>\n<tr>\n<td>7-oji<\/td>\n<td align=\"center\">4<\/td>\n<td align=\"right\">480 : 1<\/td>\n<\/tr>\n<tr>\n<td>8-oji<\/td>\n<td align=\"center\">2 + 1<\/td>\n<td align=\"right\">110 : 1<\/td>\n<\/tr>\n<\/tbody>\n<\/table>\n<h2>\u00a0Internetini\u0173 \u201eOz Lotto\u201c biliet\u0173 tur\u0117tojai gali i\u0161sigryninti didelius pinigus<\/h2>\n<table style=\"width: 500px;\" border=\"1\" cellspacing=\"5\" cellpadding=\"5\" align=\"center\">\n<tbody>\n<tr>\n<td colspan=\"3\" align=\"center\">Penki did\u017eiausi 2013 m. prizai<\/td>\n<\/tr>\n<tr>\n<td>Traukimas<\/td>\n<td align=\"center\">Data<\/td>\n<td align=\"center\">Didysis prizas (USD)<\/td>\n<\/tr>\n<tr>\n<td>Oz Lotto \u2013 Australija<\/td>\n<td align=\"center\">2013 m. gruod\u017eio 17 d.<\/td>\n<td align=\"right\">62 300 000 USD<\/td>\n<\/tr>\n<tr>\n<td>Oz Lotto \u2013 Australija<\/td>\n<td align=\"center\">2013 m. liepos 2 d.<\/td>\n<td align=\"right\">44 500 000 USD<\/td>\n<\/tr>\n<tr>\n<td>Oz Lotto \u2013 Australija<\/td>\n<td align=\"center\">2013 m. baland\u017eio 30 d.<\/td>\n<td align=\"right\">26 700 000 USD<\/td>\n<\/tr>\n<tr>\n<td>Oz Lotto \u2013 Australija<\/td>\n<td align=\"center\">2013 m. sausio 29 d.<\/td>\n<td align=\"right\">20 296 484 USD<\/td>\n<\/tr>\n<tr>\n<td>Oz Lotto \u2013 Australija<\/td>\n<td align=\"center\">2013 m. rugs\u0117jo 3 d.<\/td>\n<td align=\"right\">19 790 620 USD<\/td>\n<\/tr>\n<\/tbody>\n<\/table>\n<h2>\u00a0Patikrinkite bilietus internetu, ar yra atitikmen\u0173 mok\u0117ti<\/h2>\n<table style=\"width: 500px;\" border=\"1\" cellspacing=\"5\" cellpadding=\"5\" align=\"center\">\n<tbody>\n<tr>\n<td colspan=\"3\" align=\"center\">Oz Lotto \u2013 Australijos priz\u0173 pakopos<\/td>\n<\/tr>\n<tr>\n<td>Prizas<\/td>\n<td align=\"center\">Rungtyn\u0117s<\/td>\n<td align=\"center\">Koeficientai<\/td>\n<\/tr>\n<tr>\n<td>1 vieta (Did\u017eiasis prizas)<\/td>\n<td align=\"center\">7<\/td>\n<td align=\"right\">45 379 620 : 1<\/td>\n<\/tr>\n<tr>\n<td>2 vieta<\/td>\n<td align=\"center\">6 + 1<\/td>\n<td align=\"right\">3 241 401 : 1<\/td>\n<\/tr>\n<tr>\n<td>3-ioji<\/td>\n<td align=\"center\">6<\/td>\n<td align=\"right\">180 078 : 1<\/td>\n<\/tr>\n<tr>\n<td>4-oji<\/td>\n<td align=\"center\">5 + 1<\/td>\n<td align=\"right\">29 602 : 1<\/td>\n<\/tr>\n<tr>\n<td>5-oji<\/td>\n<td align=\"center\">5<\/td>\n<td align=\"right\">3 430 : 1<\/td>\n<\/tr>\n<tr>\n<td>6-oji<\/td>\n<td align=\"center\">4<\/td>\n<td align=\"right\">154 : 1<\/td>\n<\/tr>\n<tr>\n<td>7-oji<\/td>\n<td align=\"center\">3 + 1<\/td>\n<td align=\"right\">55 : 1<\/td>\n<\/tr>\n<\/tbody>\n<\/table>\n","protected":false},"excerpt":{"rendered":"<p>Australijos loterija Kiekvien\u0105 savait\u0119, antradien\u012f ir ketvirtadien\u012f, Australijoje vyksta dvi labai \u012fdomios loterijos. \u201ePowerball\u201c ir \u201eOz Lotto\u201c bilietus galima \u012fsigyti internetu. \u012esigyti Australijos loterijos bilietus internetu yra taip paprasta, kaip \u201eu\u017emesti dar vien\u0105 krevet\u0119 ant Barb\u0117s\u201c. \u017dmon\u0117s \u017eaid\u017eia \u0161ias loterijas d\u0117l reguliariai dideli\u0173 jackpot\u0173, siekian\u010di\u0173 50 milijon\u0173 doleri\u0173 ir daugiau. Abiej\u0173 jackpot\u0173 tikimyb\u0117 yra gana [&hellip;]<\/p>\n","protected":false},"author":1,"featured_media":0,"parent":9308,"menu_order":9,"comment_status":"closed","ping_status":"closed","template":"","meta":{"footnotes":""},"class_list":["post-9671","page","type-page","status-publish","hentry"],"yoast_head":"<!-- This site is optimized with the Yoast SEO plugin v27.5 - https:\/\/yoast.com\/product\/yoast-seo-wordpress\/ -->\n<title>Pirkite Australijos loterijos bilietus internetu<\/title>\n<meta name=\"description\" content=\"pirkimas, bilietai. internetu. Australijos, loterijos, atne\u0161a, jaudul\u012f, lygius\" \/>\n<meta name=\"robots\" content=\"index, follow, max-snippet:-1, max-image-preview:large, max-video-preview:-1\" \/>\n<link rel=\"canonical\" href=\"https:\/\/gambling6.com\/lt\/loterija\/isigykite-australijos-loterijos-bilietus-internetu\/\" \/>\n<meta property=\"og:locale\" content=\"lt_LT\" \/>\n<meta property=\"og:type\" content=\"article\" \/>\n<meta property=\"og:title\" content=\"Pirkite Australijos loterijos bilietus internetu\" \/>\n<meta property=\"og:description\" content=\"pirkimas, bilietai. internetu. Australijos, loterijos, atne\u0161a, jaudul\u012f, lygius\" \/>\n<meta property=\"og:url\" content=\"https:\/\/gambling6.com\/lt\/loterija\/isigykite-australijos-loterijos-bilietus-internetu\/\" \/>\n<meta property=\"og:site_name\" content=\"Gambling6\" \/>\n<meta name=\"twitter:card\" content=\"summary_large_image\" \/>\n<meta name=\"twitter:label1\" content=\"Est. reading time\" \/>\n\t<meta name=\"twitter:data1\" content=\"2 minut\u0117s\" \/>\n<script type=\"application\/ld+json\" class=\"yoast-schema-graph\">{\"@context\":\"https:\\\/\\\/schema.org\",\"@graph\":[{\"@type\":\"WebPage\",\"@id\":\"https:\\\/\\\/gambling6.com\\\/lt\\\/loterija\\\/isigykite-australijos-loterijos-bilietus-internetu\\\/\",\"url\":\"https:\\\/\\\/gambling6.com\\\/lt\\\/loterija\\\/isigykite-australijos-loterijos-bilietus-internetu\\\/\",\"name\":\"Pirkite Australijos loterijos bilietus internetu\",\"isPartOf\":{\"@id\":\"https:\\\/\\\/gambling6.com\\\/lt\\\/#website\"},\"datePublished\":\"2025-11-11T09:36:10+00:00\",\"description\":\"pirkimas, bilietai. internetu. Australijos, loterijos, atne\u0161a, jaudul\u012f, lygius\",\"breadcrumb\":{\"@id\":\"https:\\\/\\\/gambling6.com\\\/lt\\\/loterija\\\/isigykite-australijos-loterijos-bilietus-internetu\\\/#breadcrumb\"},\"inLanguage\":\"lt-LT\",\"potentialAction\":[{\"@type\":\"ReadAction\",\"target\":[\"https:\\\/\\\/gambling6.com\\\/lt\\\/loterija\\\/isigykite-australijos-loterijos-bilietus-internetu\\\/\"]}]},{\"@type\":\"BreadcrumbList\",\"@id\":\"https:\\\/\\\/gambling6.com\\\/lt\\\/loterija\\\/isigykite-australijos-loterijos-bilietus-internetu\\\/#breadcrumb\",\"itemListElement\":[{\"@type\":\"ListItem\",\"position\":1,\"name\":\"Home\",\"item\":\"https:\\\/\\\/gambling6.com\\\/lt\\\/home\\\/\"},{\"@type\":\"ListItem\",\"position\":2,\"name\":\"Loterija\",\"item\":\"https:\\\/\\\/gambling6.com\\\/lt\\\/loterija\\\/\"},{\"@type\":\"ListItem\",\"position\":3,\"name\":\"\u012esigykite Australijos loterijos bilietus internetu\"}]},{\"@type\":\"WebSite\",\"@id\":\"https:\\\/\\\/gambling6.com\\\/lt\\\/#website\",\"url\":\"https:\\\/\\\/gambling6.com\\\/lt\\\/\",\"name\":\"Gambling6\",\"description\":\"\",\"potentialAction\":[{\"@type\":\"SearchAction\",\"target\":{\"@type\":\"EntryPoint\",\"urlTemplate\":\"https:\\\/\\\/gambling6.com\\\/lt\\\/?s={search_term_string}\"},\"query-input\":{\"@type\":\"PropertyValueSpecification\",\"valueRequired\":true,\"valueName\":\"search_term_string\"}}],\"inLanguage\":\"lt-LT\"}]}<\/script>\n<!-- \/ Yoast SEO plugin. -->","yoast_head_json":{"title":"Pirkite Australijos loterijos bilietus internetu","description":"pirkimas, bilietai. internetu. Australijos, loterijos, atne\u0161a, jaudul\u012f, lygius","robots":{"index":"index","follow":"follow","max-snippet":"max-snippet:-1","max-image-preview":"max-image-preview:large","max-video-preview":"max-video-preview:-1"},"canonical":"https:\/\/gambling6.com\/lt\/loterija\/isigykite-australijos-loterijos-bilietus-internetu\/","og_locale":"lt_LT","og_type":"article","og_title":"Pirkite Australijos loterijos bilietus internetu","og_description":"pirkimas, bilietai. internetu. Australijos, loterijos, atne\u0161a, jaudul\u012f, lygius","og_url":"https:\/\/gambling6.com\/lt\/loterija\/isigykite-australijos-loterijos-bilietus-internetu\/","og_site_name":"Gambling6","twitter_card":"summary_large_image","twitter_misc":{"Est. reading time":"2 minut\u0117s"},"schema":{"@context":"https:\/\/schema.org","@graph":[{"@type":"WebPage","@id":"https:\/\/gambling6.com\/lt\/loterija\/isigykite-australijos-loterijos-bilietus-internetu\/","url":"https:\/\/gambling6.com\/lt\/loterija\/isigykite-australijos-loterijos-bilietus-internetu\/","name":"Pirkite Australijos loterijos bilietus internetu","isPartOf":{"@id":"https:\/\/gambling6.com\/lt\/#website"},"datePublished":"2025-11-11T09:36:10+00:00","description":"pirkimas, bilietai. internetu. Australijos, loterijos, atne\u0161a, jaudul\u012f, lygius","breadcrumb":{"@id":"https:\/\/gambling6.com\/lt\/loterija\/isigykite-australijos-loterijos-bilietus-internetu\/#breadcrumb"},"inLanguage":"lt-LT","potentialAction":[{"@type":"ReadAction","target":["https:\/\/gambling6.com\/lt\/loterija\/isigykite-australijos-loterijos-bilietus-internetu\/"]}]},{"@type":"BreadcrumbList","@id":"https:\/\/gambling6.com\/lt\/loterija\/isigykite-australijos-loterijos-bilietus-internetu\/#breadcrumb","itemListElement":[{"@type":"ListItem","position":1,"name":"Home","item":"https:\/\/gambling6.com\/lt\/home\/"},{"@type":"ListItem","position":2,"name":"Loterija","item":"https:\/\/gambling6.com\/lt\/loterija\/"},{"@type":"ListItem","position":3,"name":"\u012esigykite Australijos loterijos bilietus internetu"}]},{"@type":"WebSite","@id":"https:\/\/gambling6.com\/lt\/#website","url":"https:\/\/gambling6.com\/lt\/","name":"Gambling6","description":"","potentialAction":[{"@type":"SearchAction","target":{"@type":"EntryPoint","urlTemplate":"https:\/\/gambling6.com\/lt\/?s={search_term_string}"},"query-input":{"@type":"PropertyValueSpecification","valueRequired":true,"valueName":"search_term_string"}}],"inLanguage":"lt-LT"}]}},"_links":{"self":[{"href":"https:\/\/gambling6.com\/lt\/wp-json\/wp\/v2\/pages\/9671","targetHints":{"allow":["GET"]}}],"collection":[{"href":"https:\/\/gambling6.com\/lt\/wp-json\/wp\/v2\/pages"}],"about":[{"href":"https:\/\/gambling6.com\/lt\/wp-json\/wp\/v2\/types\/page"}],"author":[{"embeddable":true,"href":"https:\/\/gambling6.com\/lt\/wp-json\/wp\/v2\/users\/1"}],"replies":[{"embeddable":true,"href":"https:\/\/gambling6.com\/lt\/wp-json\/wp\/v2\/comments?post=9671"}],"version-history":[{"count":0,"href":"https:\/\/gambling6.com\/lt\/wp-json\/wp\/v2\/pages\/9671\/revisions"}],"up":[{"embeddable":true,"href":"https:\/\/gambling6.com\/lt\/wp-json\/wp\/v2\/pages\/9308"}],"wp:attachment":[{"href":"https:\/\/gambling6.com\/lt\/wp-json\/wp\/v2\/media?parent=9671"}],"curies":[{"name":"wp","href":"https:\/\/api.w.org\/{rel}","templated":true}]}}