{"id":9692,"date":"2025-11-11T10:11:51","date_gmt":"2025-11-11T10:11:51","guid":{"rendered":"https:\/\/gambling6.com\/loterija\/isigykite-bilietus-i-mega-sena-loterija-internetu\/"},"modified":"2025-11-11T10:11:51","modified_gmt":"2025-11-11T10:11:51","slug":"isigykite-bilietus-i-mega-sena-loterija-internetu","status":"publish","type":"page","link":"https:\/\/gambling6.com\/lt\/loterija\/isigykite-bilietus-i-mega-sena-loterija-internetu\/","title":{"rendered":"\u012esigykite bilietus \u012f \u201eMega Sena\u201c loterij\u0105 internetu"},"content":{"rendered":"<h2>\u201eMega Sena\u201c loterija<\/h2>\n<p>Brazilijos \u201eMega Sena\u201c loterija, kurios garantuojamas minimalus didysis prizas yra 1,1 mln. USD, du kartus per savait\u0119 pritraukia did\u017eiul\u012f gerb\u0117j\u0173 rat\u0105. Turint galimyb\u0119 \u012fsigyti \u201eMega Sena\u201c loterijos bilietus internetu, didieji prizai da\u017enai kyla daug didesni.<strong>\u0160alyje, visame pasaulyje gars\u0117jan\u010dioje gra\u017eiomis moterimis papl\u016bdimiuose ir linksmyb\u0117mis, Brazilijos nacionalin\u0117 \u201eMega-Sena\u201c loterija dar labiau padidina jaudul\u012f didaisiais prizais, kurie gali siekti 35 mln. USD.<\/p>\n<p><strong>Lyg 35 mln. USD b\u016bt\u0173 ma\u017ea, Nauj\u0173j\u0173 met\u0173 i\u0161vakar\u0117se vyksta specialus traukimas su garantuotu 200 mln. USD diduoju prizu.<\/strong><\/p>\n<p>\u201eMega-Sena\u201c loterija, rengiama du kartus per savait\u0119 Brazilijoje, yra did\u017eiausia Piet\u0173 Amerikoje ir j\u0105 galima \u012fsigyti internetu. Brazilijos gyventojai kartu su daugybe internetini\u0173 \u017eaid\u0117j\u0173 du kartus per savait\u0119 pl\u016bsta pirkti bilietus \u012f \u0161i\u0105 lengvai \u017eaid\u017eiam\u0105 loterij\u0105. <\/p>\n<h2>\u017daiskite \u201eMega-Sena\u201c loterij\u0105 internetu.<\/h2>\n<p>Nor\u0117dami dalyvauti \u0161ioje loterijoje, tereikia pasirinkti \u0161e\u0161is skai\u010dius nuo 1 iki 60 ir laukti traukimo. Nor\u0117dami atsiimti did\u012fj\u012f priz\u0105, tereikia atsp\u0117ti \u0161e\u0161is skai\u010dius. <strong>\u017daid\u017eiant internetu, kitas \u017eingsnis b\u016bt\u0173 nuskristi \u012f Brazilij\u0105<\/strong>, atsiimti savo did\u012fj\u012f priz\u0105 ir u\u017epl\u016bsti papl\u016bdim\u012f su visais savo naujai atrastais draugais.<\/p>\n<p>Tikimyb\u0117 laim\u0117ti \u201eMega Sena\u201c su internetiniais bilietais yra ma\u017edaug 50 000 000:1. Pirkdami \u201eMega Sena\u201c bilietus internetu, taip pat galite laim\u0117ti vien\u0105 i\u0161 antros ar tre\u010dios eil\u0117s priz\u0173, kurie da\u017enai yra nema\u017ei. <a class=\"thirstylink\" title=\"Redfoxlotto\" href=\"https:\/\/gambling6.com\/go\/redfoxlotto\/\" target=\"_blank\" rel=\"nofollow noopener\">Spustel\u0117kite \u010dia, kad apsilankytum\u0117te m\u016bs\u0173 partnerio \u201eRedFoxlotto\u201c svetain\u0117je ir internetu \u012fsigytum\u0117te \u201eMega Sena\u201c loterijos bilietus.<\/a><\/p>\n<table style=\"width: 500px;\" border=\"1\" cellspacing=\"5\" cellpadding=\"5\" align=\"center\">\n<tbody>\n<tr>\n<td colspan=\"3\" align=\"center\">Penki did\u017eiausi 2013 m. prizai<\/td>\n<\/tr>\n<tr>\n<td>Burt\u0173 traukimas<\/td>\n<td align=\"center\">Data<\/td>\n<td align=\"center\">Didysis prizas (USD)<\/td>\n<\/tr>\n<tr>\n<td>Mega-Sena \u2013 Lotyn\u0173 Amerika<\/td>\n<td align=\"center\">2013 m. lapkri\u010dio 6 d.<\/td>\n<td align=\"right\">34 615 000 USD<\/td>\n<\/tr>\n<tr>\n<td>Mega-Sena \u2013 Lotyn\u0173 Amerika<\/td>\n<td align=\"center\">2013 m. bir\u017eelio 1 d.<\/td>\n<td align=\"right\">18 505 745 USD<\/td>\n<\/tr>\n<tr>\n<td>\u201eMega-Sena\u201c \u2013 Lotyn\u0173 Amerika<\/td>\n<td align=\"center\">2013 m. liepos 3 d.<\/td>\n<td align=\"right\">18 205 319 USD<\/td>\n<\/tr>\n<tr>\n<td>\u201eMega-Sena\u201c \u2013 Lotyn\u0173 Amerika<\/td>\n<td align=\"center\">2013 m. rugpj\u016b\u010dio 31 d.<\/td>\n<td align=\"right\">13 760 000 USD<\/td>\n<\/tr>\n<tr>\n<td>\u201eMega-Sena\u201c \u2013 Lotyn\u0173 Amerika<\/td>\n<td align=\"center\">2013 m. rugpj\u016b\u010dio 14 d.<\/td>\n<td align=\"right\">10 884 923 USD<\/td>\n<\/tr>\n<\/tbody>\n<\/table>\n<p>&nbsp; <\/p>\n<table style=\"width: 500px;\" border=\"1\" cellspacing=\"5\" cellpadding=\"5\" align=\"center\">\n<tbody>\n<tr>\n<td colspan=\"3\" align=\"center\">Mega-Sena loterija \u2013 Brazilijos priz\u0173 pakopos<\/td>\n<\/tr>\n<tr>\n<td>Prizas<\/td>\n<td align=\"center\">Rungtyn\u0117s<\/td>\n<td align=\"center\">Koeficientai<\/td>\n<\/tr>\n<tr>\n<td>1 vieta (Did\u017eiasis prizas)<\/td>\n<td align=\"center\">6<\/td>\n<td align=\"right\">50 063 856 : 1<\/td>\n<\/tr>\n<tr>\n<td>2 vieta<\/td>\n<td align=\"center\">5<\/td>\n<td align=\"right\">154 518 : 1<\/td>\n<\/tr>\n<tr>\n<td>3-ias<\/td>\n<td align=\"center\">4<\/td>\n<td align=\"right\">2332:1<\/td>\n<\/tr>\n<\/tbody>\n<\/table>\n","protected":false},"excerpt":{"rendered":"<p>\u201eMega Sena\u201c loterija Brazilijos \u201eMega Sena\u201c loterija, kurios garantuojamas minimalus didysis prizas yra 1,1 mln. USD, du kartus per savait\u0119 pritraukia did\u017eiul\u012f gerb\u0117j\u0173 rat\u0105. Turint galimyb\u0119 \u012fsigyti \u201eMega Sena\u201c loterijos bilietus internetu, didieji prizai da\u017enai kyla daug didesni.\u0160alyje, visame pasaulyje gars\u0117jan\u010dioje gra\u017eiomis moterimis papl\u016bdimiuose ir linksmyb\u0117mis, Brazilijos nacionalin\u0117 \u201eMega-Sena\u201c loterija dar labiau padidina jaudul\u012f didaisiais [&hellip;]<\/p>\n","protected":false},"author":1,"featured_media":0,"parent":9308,"menu_order":8,"comment_status":"closed","ping_status":"closed","template":"","meta":{"footnotes":""},"class_list":["post-9692","page","type-page","status-publish","hentry"],"yoast_head":"<!-- This site is optimized with the Yoast SEO plugin v27.4 - https:\/\/yoast.com\/product\/yoast-seo-wordpress\/ -->\n<title>Pirkite \u201eMega Sena\u201c loterijos bilietus internetu<\/title>\n<meta name=\"description\" content=\"Su\u017einokite, kaip galite internetu \u012fsigyti Brazilijos \u201eMega-Sena\u201c loterijos bilietus.\" \/>\n<meta name=\"robots\" content=\"index, follow, max-snippet:-1, max-image-preview:large, max-video-preview:-1\" \/>\n<link rel=\"canonical\" href=\"https:\/\/gambling6.com\/lt\/loterija\/isigykite-bilietus-i-mega-sena-loterija-internetu\/\" \/>\n<meta property=\"og:locale\" content=\"lt_LT\" \/>\n<meta property=\"og:type\" content=\"article\" \/>\n<meta property=\"og:title\" content=\"Pirkite \u201eMega Sena\u201c loterijos bilietus internetu\" \/>\n<meta property=\"og:description\" content=\"Su\u017einokite, kaip galite internetu \u012fsigyti Brazilijos \u201eMega-Sena\u201c loterijos bilietus.\" \/>\n<meta property=\"og:url\" content=\"https:\/\/gambling6.com\/lt\/loterija\/isigykite-bilietus-i-mega-sena-loterija-internetu\/\" \/>\n<meta property=\"og:site_name\" content=\"Gambling6\" \/>\n<meta name=\"twitter:card\" content=\"summary_large_image\" \/>\n<meta name=\"twitter:label1\" content=\"Est. reading time\" \/>\n\t<meta name=\"twitter:data1\" content=\"2 minut\u0117s\" \/>\n<script type=\"application\/ld+json\" class=\"yoast-schema-graph\">{\"@context\":\"https:\\\/\\\/schema.org\",\"@graph\":[{\"@type\":\"WebPage\",\"@id\":\"https:\\\/\\\/gambling6.com\\\/lt\\\/loterija\\\/isigykite-bilietus-i-mega-sena-loterija-internetu\\\/\",\"url\":\"https:\\\/\\\/gambling6.com\\\/lt\\\/loterija\\\/isigykite-bilietus-i-mega-sena-loterija-internetu\\\/\",\"name\":\"Pirkite \u201eMega Sena\u201c loterijos bilietus internetu\",\"isPartOf\":{\"@id\":\"https:\\\/\\\/gambling6.com\\\/lt\\\/#website\"},\"datePublished\":\"2025-11-11T10:11:51+00:00\",\"description\":\"Su\u017einokite, kaip galite internetu \u012fsigyti Brazilijos \u201eMega-Sena\u201c loterijos bilietus.\",\"breadcrumb\":{\"@id\":\"https:\\\/\\\/gambling6.com\\\/lt\\\/loterija\\\/isigykite-bilietus-i-mega-sena-loterija-internetu\\\/#breadcrumb\"},\"inLanguage\":\"lt-LT\",\"potentialAction\":[{\"@type\":\"ReadAction\",\"target\":[\"https:\\\/\\\/gambling6.com\\\/lt\\\/loterija\\\/isigykite-bilietus-i-mega-sena-loterija-internetu\\\/\"]}]},{\"@type\":\"BreadcrumbList\",\"@id\":\"https:\\\/\\\/gambling6.com\\\/lt\\\/loterija\\\/isigykite-bilietus-i-mega-sena-loterija-internetu\\\/#breadcrumb\",\"itemListElement\":[{\"@type\":\"ListItem\",\"position\":1,\"name\":\"Home\",\"item\":\"https:\\\/\\\/gambling6.com\\\/lt\\\/home\\\/\"},{\"@type\":\"ListItem\",\"position\":2,\"name\":\"Loterija\",\"item\":\"https:\\\/\\\/gambling6.com\\\/lt\\\/loterija\\\/\"},{\"@type\":\"ListItem\",\"position\":3,\"name\":\"\u012esigykite bilietus \u012f \u201eMega Sena\u201c loterij\u0105 internetu\"}]},{\"@type\":\"WebSite\",\"@id\":\"https:\\\/\\\/gambling6.com\\\/lt\\\/#website\",\"url\":\"https:\\\/\\\/gambling6.com\\\/lt\\\/\",\"name\":\"Gambling6\",\"description\":\"\",\"potentialAction\":[{\"@type\":\"SearchAction\",\"target\":{\"@type\":\"EntryPoint\",\"urlTemplate\":\"https:\\\/\\\/gambling6.com\\\/lt\\\/?s={search_term_string}\"},\"query-input\":{\"@type\":\"PropertyValueSpecification\",\"valueRequired\":true,\"valueName\":\"search_term_string\"}}],\"inLanguage\":\"lt-LT\"}]}<\/script>\n<!-- \/ Yoast SEO plugin. -->","yoast_head_json":{"title":"Pirkite \u201eMega Sena\u201c loterijos bilietus internetu","description":"Su\u017einokite, kaip galite internetu \u012fsigyti Brazilijos \u201eMega-Sena\u201c loterijos bilietus.","robots":{"index":"index","follow":"follow","max-snippet":"max-snippet:-1","max-image-preview":"max-image-preview:large","max-video-preview":"max-video-preview:-1"},"canonical":"https:\/\/gambling6.com\/lt\/loterija\/isigykite-bilietus-i-mega-sena-loterija-internetu\/","og_locale":"lt_LT","og_type":"article","og_title":"Pirkite \u201eMega Sena\u201c loterijos bilietus internetu","og_description":"Su\u017einokite, kaip galite internetu \u012fsigyti Brazilijos \u201eMega-Sena\u201c loterijos bilietus.","og_url":"https:\/\/gambling6.com\/lt\/loterija\/isigykite-bilietus-i-mega-sena-loterija-internetu\/","og_site_name":"Gambling6","twitter_card":"summary_large_image","twitter_misc":{"Est. reading time":"2 minut\u0117s"},"schema":{"@context":"https:\/\/schema.org","@graph":[{"@type":"WebPage","@id":"https:\/\/gambling6.com\/lt\/loterija\/isigykite-bilietus-i-mega-sena-loterija-internetu\/","url":"https:\/\/gambling6.com\/lt\/loterija\/isigykite-bilietus-i-mega-sena-loterija-internetu\/","name":"Pirkite \u201eMega Sena\u201c loterijos bilietus internetu","isPartOf":{"@id":"https:\/\/gambling6.com\/lt\/#website"},"datePublished":"2025-11-11T10:11:51+00:00","description":"Su\u017einokite, kaip galite internetu \u012fsigyti Brazilijos \u201eMega-Sena\u201c loterijos bilietus.","breadcrumb":{"@id":"https:\/\/gambling6.com\/lt\/loterija\/isigykite-bilietus-i-mega-sena-loterija-internetu\/#breadcrumb"},"inLanguage":"lt-LT","potentialAction":[{"@type":"ReadAction","target":["https:\/\/gambling6.com\/lt\/loterija\/isigykite-bilietus-i-mega-sena-loterija-internetu\/"]}]},{"@type":"BreadcrumbList","@id":"https:\/\/gambling6.com\/lt\/loterija\/isigykite-bilietus-i-mega-sena-loterija-internetu\/#breadcrumb","itemListElement":[{"@type":"ListItem","position":1,"name":"Home","item":"https:\/\/gambling6.com\/lt\/home\/"},{"@type":"ListItem","position":2,"name":"Loterija","item":"https:\/\/gambling6.com\/lt\/loterija\/"},{"@type":"ListItem","position":3,"name":"\u012esigykite bilietus \u012f \u201eMega Sena\u201c loterij\u0105 internetu"}]},{"@type":"WebSite","@id":"https:\/\/gambling6.com\/lt\/#website","url":"https:\/\/gambling6.com\/lt\/","name":"Gambling6","description":"","potentialAction":[{"@type":"SearchAction","target":{"@type":"EntryPoint","urlTemplate":"https:\/\/gambling6.com\/lt\/?s={search_term_string}"},"query-input":{"@type":"PropertyValueSpecification","valueRequired":true,"valueName":"search_term_string"}}],"inLanguage":"lt-LT"}]}},"_links":{"self":[{"href":"https:\/\/gambling6.com\/lt\/wp-json\/wp\/v2\/pages\/9692","targetHints":{"allow":["GET"]}}],"collection":[{"href":"https:\/\/gambling6.com\/lt\/wp-json\/wp\/v2\/pages"}],"about":[{"href":"https:\/\/gambling6.com\/lt\/wp-json\/wp\/v2\/types\/page"}],"author":[{"embeddable":true,"href":"https:\/\/gambling6.com\/lt\/wp-json\/wp\/v2\/users\/1"}],"replies":[{"embeddable":true,"href":"https:\/\/gambling6.com\/lt\/wp-json\/wp\/v2\/comments?post=9692"}],"version-history":[{"count":0,"href":"https:\/\/gambling6.com\/lt\/wp-json\/wp\/v2\/pages\/9692\/revisions"}],"up":[{"embeddable":true,"href":"https:\/\/gambling6.com\/lt\/wp-json\/wp\/v2\/pages\/9308"}],"wp:attachment":[{"href":"https:\/\/gambling6.com\/lt\/wp-json\/wp\/v2\/media?parent=9692"}],"curies":[{"name":"wp","href":"https:\/\/api.w.org\/{rel}","templated":true}]}}