{"id":9718,"date":"2025-11-11T10:52:24","date_gmt":"2025-11-11T10:52:24","guid":{"rendered":"https:\/\/gambling6.com\/loterija\/isigykite-jk-nacionalines-loterijos-bilietus-internetu\/"},"modified":"2025-11-15T10:45:28","modified_gmt":"2025-11-15T10:45:28","slug":"isigykite-jk-nacionalines-loterijos-bilietus-internetu","status":"publish","type":"page","link":"https:\/\/gambling6.com\/lt\/loterija\/isigykite-jk-nacionalines-loterijos-bilietus-internetu\/","title":{"rendered":"\u012esigykite JK nacionalin\u0117s loterijos bilietus internetu"},"content":{"rendered":"<h2>JK nacionalin\u0117s loterijos bilietai internetu<\/h2>\n<p><strong style=\"background-color: initial;\">\u012esigij\u0119 JK nacionalin\u0117s loterijos biliet\u0105 internetu, tapsite Did\u017eiosios Britanijos m\u0117gstamiausios loterijos dalimi.<\/strong><span style=\"background-color: initial;\"> Biliet\u0173 pardavimas tiek internetu, tiek vietoje sudaro ma\u017edaug 50 000 000 per traukim\u0105. Tur\u0117dami biliet\u0105, turite 1 i\u0161 56 tikimyb\u0119 laim\u0117ti 25 svarus sterling\u0173 \u2013 pradin\u012f JK nacionalin\u0117s loterijos priz\u0105.<\/span><\/p>\n<p>Nor\u0117dami \u017eaisti \u0161ioje loterijoje, turite pasirinkti \u0161e\u0161is pagrindinius skai\u010dius nuo 1 iki 49. Nor\u0117dami laim\u0117ti did\u012fj\u012f priz\u0105, jums tereikia atsp\u0117ti \u0161e\u0161is skai\u010dius. <strong>Tikimyb\u0117 laim\u0117ti JK nacionalin\u0117je loterijoje yra ma\u017edaug 1 i\u0161 14 milijon\u0173.<\/strong> \u0160ie \u0161ansai yra daug geresni nei bandyti laim\u0117ti \u201eEuromillions\u201c; i\u0161 ties\u0173, tikimyb\u0117 i\u0161gryninti pinigus yra ma\u017edaug 10 kart\u0173 didesn\u0117.<\/p>\n<p>Kiekvien\u0105 tre\u010diadien\u012f ir \u0161e\u0161tadien\u012f biliet\u0173 pardavimai spar\u010diai auga, nes\u00a0<span style=\"box-sizing: border-box; margin: 0px; padding: 0px;\">vietiniai britai ir\u00a0<strong>tarptautiniai internetini\u0173 loterij\u0173 \u017eaid\u0117jai perka bilietus, kad laim\u0117t\u0173<\/strong><\/span><strong>did\u012fj\u012f priz\u0105<\/strong>, kuris beveik visada vir\u0161ija 5 milijonus svar\u0173 sterling\u0173. Nors 45 % biliet\u0173 pardavimo sumos garantuojama priziniam fondui, nuo \u0161ios loterijos \u012fk\u016brimo 1994 m. daugiau nei 42 milijardai svar\u0173 sterling\u0173 buvo paaukota vertingiems tikslams JK ir u\u017esienyje.<\/p>\n<p><img loading=\"lazy\" decoding=\"async\" class=\"size-medium wp-image-1371 alignright\" src=\"https:\/\/gambling6.com\/wp-content\/uploads\/2022\/04\/2_ticket_uk_lottery-192x300.jpg\" alt=\"JK loterijos bilietas\" width=\"192\" height=\"300\" srcset=\"https:\/\/gambling6.com\/wp-content\/uploads\/2022\/04\/2_ticket_uk_lottery-192x300.jpg 192w, https:\/\/gambling6.com\/wp-content\/uploads\/2022\/04\/2_ticket_uk_lottery.jpg 564w\" sizes=\"auto, (max-width: 192px) 100vw, 192px\" \/>Kai \u0161i loterija traukiama \u0161e\u0161tadieniais ir tre\u010diadieniais Londone, bilietus delnuose laikanti publika yra gana didel\u0117. \u017dmon\u0117s pl\u016bsta \u012f vietini\u0173 bar\u0173 televizori\u0173, tik\u0117damiesi laim\u0117ti 5 milijonus svar\u0173 sterling\u0173. Be to, jei didysis prizas nelaim\u0117tas, jis perkeliamas \u012f kit\u0105 traukim\u0105. <a class=\"thirstylink\" title=\"RedFoxLotto en\" href=\"https:\/\/gambling6.com\/go\/redfoxlotto-en\/\" target=\"_blank\" rel=\"nofollow noopener\">Gaukite internetin\u012f biliet\u0105 ir galimyb\u0119 atsiimti JK nacionalin\u0117s loterijos priz\u0105 apsilank\u0119 m\u016bs\u0173 partnerio \u201eRedFoxLotto\u201c svetain\u0117je.<\/a><\/p>\n<table style=\"width: 500px;\" border=\"1\" cellspacing=\"5\" cellpadding=\"5\" align=\"center\">\n<tbody>\n<tr>\n<td colspan=\"3\" align=\"center\">Penki did\u017eiausi 2013 m. prizai<\/td>\n<\/tr>\n<tr>\n<td>Burt\u0173 traukimas<\/td>\n<td align=\"center\">Data<\/td>\n<td align=\"center\">Didysis prizas (USD)<\/td>\n<\/tr>\n<tr>\n<td>Nacionalin\u0117 loterija \u2013 JK<\/td>\n<td align=\"center\">2013-10-05<\/td>\n<td style=\"text-align: center;\" align=\"right\">16 500 000 USD<\/td>\n<\/tr>\n<tr>\n<td>Nacionalin\u0117 loterija \u2013 JK<\/td>\n<td align=\"center\">2013 m. spalio 12 d.<\/td>\n<td align=\"right\">16 500 000 USD<\/td>\n<\/tr>\n<tr>\n<td>Nacionalin\u0117 loterija \u2013 JK<\/td>\n<td align=\"center\">2013 m. rugs\u0117jo 18 d.<\/td>\n<td align=\"right\">14 025 000 USD<\/td>\n<\/tr>\n<tr>\n<td>Nacionalin\u0117 loterija \u2013 JK<\/td>\n<td align=\"center\">2013 m. gruod\u017eio 18 d.<\/td>\n<td align=\"right\">13 173 600 USD<\/td>\n<\/tr>\n<tr>\n<td>Nacionalin\u0117 loterija \u2013 JK<\/td>\n<td align=\"center\">2013 m. lapkri\u010dio 2 d.<\/td>\n<td align=\"right\">13 134 000 USD<\/td>\n<\/tr>\n<\/tbody>\n<\/table>\n<p>&nbsp;<\/p>\n<table style=\"width: 500px;\" border=\"1\" cellspacing=\"5\" cellpadding=\"5\" align=\"center\">\n<tbody>\n<tr>\n<td colspan=\"3\" align=\"center\">JK nacionalin\u0117s loterijos priz\u0173 pakopos<\/td>\n<\/tr>\n<tr>\n<td>Prizas<\/td>\n<td align=\"center\">Rungtyn\u0117s<\/td>\n<td align=\"center\">Koeficientai<\/td>\n<\/tr>\n<tr>\n<td>1-oji (Did\u017eiojo prizo) vieta<\/td>\n<td style=\"text-align: center;\" align=\"center\">6<\/td>\n<td align=\"right\">13 983 816: 1<\/td>\n<\/tr>\n<tr>\n<td>2-oji<\/td>\n<td align=\"center\">5 + 1<\/td>\n<td align=\"right\">2 330 636: 1<\/td>\n<\/tr>\n<tr>\n<td>3-ioji<\/td>\n<td align=\"center\">5<\/td>\n<td align=\"right\">55 492: 1<\/td>\n<\/tr>\n<tr>\n<td>4-oji<\/td>\n<td align=\"center\">4<\/td>\n<td align=\"right\">1 033: 1<\/td>\n<\/tr>\n<tr>\n<td>5-oji<\/td>\n<td align=\"center\">3<\/td>\n<td align=\"right\">57 : 1<\/td>\n<\/tr>\n<\/tbody>\n<\/table>\n","protected":false},"excerpt":{"rendered":"<p>JK nacionalin\u0117s loterijos bilietai internetu \u012esigij\u0119 JK nacionalin\u0117s loterijos biliet\u0105 internetu, tapsite Did\u017eiosios Britanijos m\u0117gstamiausios loterijos dalimi. Biliet\u0173 pardavimas tiek internetu, tiek vietoje sudaro ma\u017edaug 50 000 000 per traukim\u0105. Tur\u0117dami biliet\u0105, turite 1 i\u0161 56 tikimyb\u0119 laim\u0117ti 25 svarus sterling\u0173 \u2013 pradin\u012f JK nacionalin\u0117s loterijos priz\u0105. Nor\u0117dami \u017eaisti \u0161ioje loterijoje, turite pasirinkti \u0161e\u0161is pagrindinius [&hellip;]<\/p>\n","protected":false},"author":1,"featured_media":0,"parent":9308,"menu_order":6,"comment_status":"closed","ping_status":"closed","template":"","meta":{"footnotes":""},"class_list":["post-9718","page","type-page","status-publish","hentry"],"yoast_head":"<!-- This site is optimized with the Yoast SEO plugin v27.4 - https:\/\/yoast.com\/product\/yoast-seo-wordpress\/ -->\n<title>Pirkite JK nacionalin\u0117s loterijos bilietus internetu<\/title>\n<meta name=\"description\" content=\"Dalyvaukite JK nacionalin\u0117je loterijoje \u012fsigydami bilietus internetu.\" \/>\n<meta name=\"robots\" content=\"index, follow, max-snippet:-1, max-image-preview:large, max-video-preview:-1\" \/>\n<link rel=\"canonical\" href=\"https:\/\/gambling6.com\/lt\/loterija\/isigykite-jk-nacionalines-loterijos-bilietus-internetu\/\" \/>\n<meta property=\"og:locale\" content=\"lt_LT\" \/>\n<meta property=\"og:type\" content=\"article\" \/>\n<meta property=\"og:title\" content=\"Pirkite JK nacionalin\u0117s loterijos bilietus internetu\" \/>\n<meta property=\"og:description\" content=\"Dalyvaukite JK nacionalin\u0117je loterijoje \u012fsigydami bilietus internetu.\" \/>\n<meta property=\"og:url\" content=\"https:\/\/gambling6.com\/lt\/loterija\/isigykite-jk-nacionalines-loterijos-bilietus-internetu\/\" \/>\n<meta property=\"og:site_name\" content=\"Gambling6\" \/>\n<meta property=\"article:modified_time\" content=\"2025-11-15T10:45:28+00:00\" \/>\n<meta property=\"og:image\" content=\"https:\/\/gambling6.com\/wp-content\/uploads\/2022\/04\/2_ticket_uk_lottery.jpg\" \/>\n\t<meta property=\"og:image:width\" content=\"564\" \/>\n\t<meta property=\"og:image:height\" content=\"883\" \/>\n\t<meta property=\"og:image:type\" content=\"image\/jpeg\" \/>\n<meta name=\"twitter:card\" content=\"summary_large_image\" \/>\n<meta name=\"twitter:label1\" content=\"Est. reading time\" \/>\n\t<meta name=\"twitter:data1\" content=\"2 minut\u0117s\" \/>\n<script type=\"application\/ld+json\" class=\"yoast-schema-graph\">{\"@context\":\"https:\\\/\\\/schema.org\",\"@graph\":[{\"@type\":\"WebPage\",\"@id\":\"https:\\\/\\\/gambling6.com\\\/lt\\\/loterija\\\/isigykite-jk-nacionalines-loterijos-bilietus-internetu\\\/\",\"url\":\"https:\\\/\\\/gambling6.com\\\/lt\\\/loterija\\\/isigykite-jk-nacionalines-loterijos-bilietus-internetu\\\/\",\"name\":\"Pirkite JK nacionalin\u0117s loterijos bilietus internetu\",\"isPartOf\":{\"@id\":\"https:\\\/\\\/gambling6.com\\\/lt\\\/#website\"},\"primaryImageOfPage\":{\"@id\":\"https:\\\/\\\/gambling6.com\\\/lt\\\/loterija\\\/isigykite-jk-nacionalines-loterijos-bilietus-internetu\\\/#primaryimage\"},\"image\":{\"@id\":\"https:\\\/\\\/gambling6.com\\\/lt\\\/loterija\\\/isigykite-jk-nacionalines-loterijos-bilietus-internetu\\\/#primaryimage\"},\"thumbnailUrl\":\"https:\\\/\\\/gambling6.com\\\/wp-content\\\/uploads\\\/2022\\\/04\\\/2_ticket_uk_lottery-192x300.jpg\",\"datePublished\":\"2025-11-11T10:52:24+00:00\",\"dateModified\":\"2025-11-15T10:45:28+00:00\",\"description\":\"Dalyvaukite JK nacionalin\u0117je loterijoje \u012fsigydami bilietus internetu.\",\"breadcrumb\":{\"@id\":\"https:\\\/\\\/gambling6.com\\\/lt\\\/loterija\\\/isigykite-jk-nacionalines-loterijos-bilietus-internetu\\\/#breadcrumb\"},\"inLanguage\":\"lt-LT\",\"potentialAction\":[{\"@type\":\"ReadAction\",\"target\":[\"https:\\\/\\\/gambling6.com\\\/lt\\\/loterija\\\/isigykite-jk-nacionalines-loterijos-bilietus-internetu\\\/\"]}]},{\"@type\":\"ImageObject\",\"inLanguage\":\"lt-LT\",\"@id\":\"https:\\\/\\\/gambling6.com\\\/lt\\\/loterija\\\/isigykite-jk-nacionalines-loterijos-bilietus-internetu\\\/#primaryimage\",\"url\":\"https:\\\/\\\/gambling6.com\\\/wp-content\\\/uploads\\\/2022\\\/04\\\/2_ticket_uk_lottery-192x300.jpg\",\"contentUrl\":\"https:\\\/\\\/gambling6.com\\\/wp-content\\\/uploads\\\/2022\\\/04\\\/2_ticket_uk_lottery-192x300.jpg\"},{\"@type\":\"BreadcrumbList\",\"@id\":\"https:\\\/\\\/gambling6.com\\\/lt\\\/loterija\\\/isigykite-jk-nacionalines-loterijos-bilietus-internetu\\\/#breadcrumb\",\"itemListElement\":[{\"@type\":\"ListItem\",\"position\":1,\"name\":\"Home\",\"item\":\"https:\\\/\\\/gambling6.com\\\/lt\\\/home\\\/\"},{\"@type\":\"ListItem\",\"position\":2,\"name\":\"Loterija\",\"item\":\"https:\\\/\\\/gambling6.com\\\/lt\\\/loterija\\\/\"},{\"@type\":\"ListItem\",\"position\":3,\"name\":\"\u012esigykite JK nacionalin\u0117s loterijos bilietus internetu\"}]},{\"@type\":\"WebSite\",\"@id\":\"https:\\\/\\\/gambling6.com\\\/lt\\\/#website\",\"url\":\"https:\\\/\\\/gambling6.com\\\/lt\\\/\",\"name\":\"Gambling6\",\"description\":\"\",\"potentialAction\":[{\"@type\":\"SearchAction\",\"target\":{\"@type\":\"EntryPoint\",\"urlTemplate\":\"https:\\\/\\\/gambling6.com\\\/lt\\\/?s={search_term_string}\"},\"query-input\":{\"@type\":\"PropertyValueSpecification\",\"valueRequired\":true,\"valueName\":\"search_term_string\"}}],\"inLanguage\":\"lt-LT\"}]}<\/script>\n<!-- \/ Yoast SEO plugin. -->","yoast_head_json":{"title":"Pirkite JK nacionalin\u0117s loterijos bilietus internetu","description":"Dalyvaukite JK nacionalin\u0117je loterijoje \u012fsigydami bilietus internetu.","robots":{"index":"index","follow":"follow","max-snippet":"max-snippet:-1","max-image-preview":"max-image-preview:large","max-video-preview":"max-video-preview:-1"},"canonical":"https:\/\/gambling6.com\/lt\/loterija\/isigykite-jk-nacionalines-loterijos-bilietus-internetu\/","og_locale":"lt_LT","og_type":"article","og_title":"Pirkite JK nacionalin\u0117s loterijos bilietus internetu","og_description":"Dalyvaukite JK nacionalin\u0117je loterijoje \u012fsigydami bilietus internetu.","og_url":"https:\/\/gambling6.com\/lt\/loterija\/isigykite-jk-nacionalines-loterijos-bilietus-internetu\/","og_site_name":"Gambling6","article_modified_time":"2025-11-15T10:45:28+00:00","og_image":[{"width":564,"height":883,"url":"https:\/\/gambling6.com\/wp-content\/uploads\/2022\/04\/2_ticket_uk_lottery.jpg","type":"image\/jpeg"}],"twitter_card":"summary_large_image","twitter_misc":{"Est. reading time":"2 minut\u0117s"},"schema":{"@context":"https:\/\/schema.org","@graph":[{"@type":"WebPage","@id":"https:\/\/gambling6.com\/lt\/loterija\/isigykite-jk-nacionalines-loterijos-bilietus-internetu\/","url":"https:\/\/gambling6.com\/lt\/loterija\/isigykite-jk-nacionalines-loterijos-bilietus-internetu\/","name":"Pirkite JK nacionalin\u0117s loterijos bilietus internetu","isPartOf":{"@id":"https:\/\/gambling6.com\/lt\/#website"},"primaryImageOfPage":{"@id":"https:\/\/gambling6.com\/lt\/loterija\/isigykite-jk-nacionalines-loterijos-bilietus-internetu\/#primaryimage"},"image":{"@id":"https:\/\/gambling6.com\/lt\/loterija\/isigykite-jk-nacionalines-loterijos-bilietus-internetu\/#primaryimage"},"thumbnailUrl":"https:\/\/gambling6.com\/wp-content\/uploads\/2022\/04\/2_ticket_uk_lottery-192x300.jpg","datePublished":"2025-11-11T10:52:24+00:00","dateModified":"2025-11-15T10:45:28+00:00","description":"Dalyvaukite JK nacionalin\u0117je loterijoje \u012fsigydami bilietus internetu.","breadcrumb":{"@id":"https:\/\/gambling6.com\/lt\/loterija\/isigykite-jk-nacionalines-loterijos-bilietus-internetu\/#breadcrumb"},"inLanguage":"lt-LT","potentialAction":[{"@type":"ReadAction","target":["https:\/\/gambling6.com\/lt\/loterija\/isigykite-jk-nacionalines-loterijos-bilietus-internetu\/"]}]},{"@type":"ImageObject","inLanguage":"lt-LT","@id":"https:\/\/gambling6.com\/lt\/loterija\/isigykite-jk-nacionalines-loterijos-bilietus-internetu\/#primaryimage","url":"https:\/\/gambling6.com\/wp-content\/uploads\/2022\/04\/2_ticket_uk_lottery-192x300.jpg","contentUrl":"https:\/\/gambling6.com\/wp-content\/uploads\/2022\/04\/2_ticket_uk_lottery-192x300.jpg"},{"@type":"BreadcrumbList","@id":"https:\/\/gambling6.com\/lt\/loterija\/isigykite-jk-nacionalines-loterijos-bilietus-internetu\/#breadcrumb","itemListElement":[{"@type":"ListItem","position":1,"name":"Home","item":"https:\/\/gambling6.com\/lt\/home\/"},{"@type":"ListItem","position":2,"name":"Loterija","item":"https:\/\/gambling6.com\/lt\/loterija\/"},{"@type":"ListItem","position":3,"name":"\u012esigykite JK nacionalin\u0117s loterijos bilietus internetu"}]},{"@type":"WebSite","@id":"https:\/\/gambling6.com\/lt\/#website","url":"https:\/\/gambling6.com\/lt\/","name":"Gambling6","description":"","potentialAction":[{"@type":"SearchAction","target":{"@type":"EntryPoint","urlTemplate":"https:\/\/gambling6.com\/lt\/?s={search_term_string}"},"query-input":{"@type":"PropertyValueSpecification","valueRequired":true,"valueName":"search_term_string"}}],"inLanguage":"lt-LT"}]}},"_links":{"self":[{"href":"https:\/\/gambling6.com\/lt\/wp-json\/wp\/v2\/pages\/9718","targetHints":{"allow":["GET"]}}],"collection":[{"href":"https:\/\/gambling6.com\/lt\/wp-json\/wp\/v2\/pages"}],"about":[{"href":"https:\/\/gambling6.com\/lt\/wp-json\/wp\/v2\/types\/page"}],"author":[{"embeddable":true,"href":"https:\/\/gambling6.com\/lt\/wp-json\/wp\/v2\/users\/1"}],"replies":[{"embeddable":true,"href":"https:\/\/gambling6.com\/lt\/wp-json\/wp\/v2\/comments?post=9718"}],"version-history":[{"count":1,"href":"https:\/\/gambling6.com\/lt\/wp-json\/wp\/v2\/pages\/9718\/revisions"}],"predecessor-version":[{"id":10937,"href":"https:\/\/gambling6.com\/lt\/wp-json\/wp\/v2\/pages\/9718\/revisions\/10937"}],"up":[{"embeddable":true,"href":"https:\/\/gambling6.com\/lt\/wp-json\/wp\/v2\/pages\/9308"}],"wp:attachment":[{"href":"https:\/\/gambling6.com\/lt\/wp-json\/wp\/v2\/media?parent=9718"}],"curies":[{"name":"wp","href":"https:\/\/api.w.org\/{rel}","templated":true}]}}