{"id":9719,"date":"2025-11-11T10:53:33","date_gmt":"2025-11-11T10:53:33","guid":{"rendered":"https:\/\/gambling6.com\/loterija\/isigykite-bilietus-i-superenalotto-internetu\/"},"modified":"2025-11-15T10:38:35","modified_gmt":"2025-11-15T10:38:35","slug":"isigykite-bilietus-i-superenalotto-internetu","status":"publish","type":"page","link":"https:\/\/gambling6.com\/lt\/loterija\/isigykite-bilietus-i-superenalotto-internetu\/","title":{"rendered":"\u012esigykite bilietus \u012f \u201eSuperenalotto\u201c internetu"},"content":{"rendered":"<h2>Superenalotto<\/h2>\n<p>Italai yra loterij\u0173 fanatikai, ypa\u010d m\u0117gstantys savo \u201eSuperenalotto\u201c. Kiekvien\u0105 savait\u0119 \u0161ios loterijos biliet\u0173 pardavimai yra ne\u012ftik\u0117tinai dideli \u2013 tikimyb\u0117 laim\u0117ti yra didesn\u0117 nei 1 i\u0161 600 milijon\u0173. <strong>Pirkdami loterijos bilietus \u012f Italijos \u201eSuperenalotto\u201c internetu, gaunate blogiausi\u0105 \u012fmanom\u0105 tikimyb\u0119 i\u0161 vis\u0173 loterij\u0173 pasaulyje.<\/strong> Vis d\u0117lto tai, regis, yra pagrindinis traukos objektas vietos europie\u010diams ir viso pasaulio internetini\u0173 loterij\u0173 \u017eaid\u0117jams.<\/p>\n<h2><img loading=\"lazy\" decoding=\"async\" class=\"size-full wp-image-1575 alignright\" src=\"https:\/\/gambling6.com\/wp-content\/uploads\/2022\/04\/2_ticket_superenalotto.jpg\" alt=\"Superenalotto bilietas\" width=\"228\" height=\"300\" \/>\u201eSuperEnalotto\u201c jackpoto perk\u0117limas<\/h2>\n<p>D\u0117l didel\u0117s tikimyb\u0117s laim\u0117ti Italijos \u201eSuperenalotto\u201c jackpotas gana da\u017enai perkeliamas. Pasirink\u0119 \u0161e\u0161is skai\u010dius nuo 1 iki 90, gausite galimyb\u0119 laim\u0117ti pagrindin\u012f priz\u0105, sutap\u0119 su visais \u0161e\u0161iais skai\u010diais. Sutapus tik penkiems skai\u010diams, gausite premij\u0105, kuri suteikia antrojo lygio priz\u0105. Papildomas skai\u010dius traukiamas atskirai ir vadinamas linksmuoju kamuoliuku. <strong>Internetiniai \u017eaid\u0117jai skuba pirkti bilietus, bandydami laim\u0117ti rekordinius iki 500 milijon\u0173 eur\u0173 siekian\u010dius pagrindinius prizus.<\/strong><\/p>\n<p>Italijos \u201eSuperenalotto\u201c loterijoje vyksta trys loterijos traukimai per savait\u0119. <b>Did\u017eiausias prizas prasideda nuo 2 milijon\u0173 eur\u0173, ir nenuostabu, kad \u017emon\u0117s taip domisi \u017eaidimu.<\/b> Tiek vietiniai, tiek internetiniai \u017eaid\u0117jai nori laim\u0117ti dal\u012f \u0161ios tarptautin\u0117s loterijos, kuri, kaip prane\u0161ama, si\u016blo did\u017eiausius laim\u0117jimo koeficientus.<\/p>\n<p>1997 m. Italijoje pristatyta \u201eSuperenalotto\u201c greitai patrauk\u0117 Europos loterij\u0173 \u017eaid\u0117j\u0173 d\u0117mes\u012f, o pagrindiniai prizai augo ir per\u0117jo \u012f kitas vietas. Did\u017eiausias pagrindinis prizas buvo laim\u0117tas vieno bilieto tur\u0117tojo 2010 m. ir siek\u0117 223 milijonus eur\u0173. <strong>Daugiau \u017emoni\u0173 perkant \u201eSuperenalotto\u201c bilietus internetu<\/strong>, didysis prizas gali dar labiau i\u0161augti, nes jo dydis neribojamas<\/span>.<\/p>\n<p>Be to, kad gali laim\u0117ti didel\u012f did\u012fj\u012f priz\u0105, internetiniai \u017eaid\u0117jai gali dalyvauti ir viename i\u0161 penki\u0173 kit\u0173 galim\u0173 priz\u0173. <a class=\"thirstylink\" title=\"RedFoxLotto en\" href=\"https:\/\/gambling6.com\/go\/redfoxlotto-en\/\" target=\"_blank\" rel=\"nofollow noopener\">Nor\u0117dami \u012fsigyti Italijos \u201eSuperenalotto\u201c bilietus per \u201eRedFoxLotto\u201c, spustel\u0117kite \u010dia.<\/a><\/p>\n<table style=\"width: 500px;\" border=\"1\" cellspacing=\"5\" cellpadding=\"5\" align=\"center\">\n<tbody>\n<tr>\n<td colspan=\"3\" align=\"center\">Did\u017eiausi 2013 m. prizai<\/td>\n<\/tr>\n<tr>\n<td>Burt\u0173 traukimas<\/td>\n<td align=\"center\">Data<\/td>\n<td align=\"center\">Didysis prizas (USD)<\/td>\n<\/tr>\n<tr>\n<td>Superenalotto \u2013 Italija<\/td>\n<td align=\"center\">2013 m. bir\u017eelio 29 d.<\/td>\n<td align=\"right\">55 759 000 USD<\/td>\n<\/tr>\n<tr>\n<td>Superenalotto \u2013 Italija<\/td>\n<td align=\"center\">2013 m. spalio 15 d.<\/td>\n<td align=\"right\">25 124 430 USD<\/td>\n<\/tr>\n<tr>\n<td>\u201eSuperenalotto\u201c \u2013 Italija<\/td>\n<td align=\"center\">2013 m. spalio 3 d.<\/td>\n<td align=\"right\">21 372 000 USD<\/td>\n<\/tr>\n<tr>\n<td>\u201eSuperenalotto\u201c \u2013 Italija<\/td>\n<td align=\"center\">2013 m. liepos 27 d.<\/td>\n<td align=\"right\">19 043 000 USD<\/td>\n<\/tr>\n<\/tbody>\n<\/table>\n<p>&nbsp;<\/p>\n<table style=\"width: 500px;\" border=\"1\" cellspacing=\"5\" cellpadding=\"5\" align=\"center\">\n<tbody>\n<tr>\n<td colspan=\"3\" align=\"center\">SuperEnalotto \u2013 Italijos priz\u0173 pakopos<\/td>\n<\/tr>\n<tr>\n<td>Prizas<\/td>\n<td align=\"center\">Rungtyn\u0117s<\/td>\n<td align=\"center\">Koeficientai<\/td>\n<\/tr>\n<tr>\n<td>1 vieta (Did\u017eiasis prizas)<\/td>\n<td align=\"center\">6<\/td>\n<td align=\"right\">622 614 630 : 1<\/td>\n<\/tr>\n<tr>\n<td>2 vieta<\/td>\n<td align=\"center\">5 + 1<\/td>\n<td align=\"right\">103 769 105 : 1<\/td>\n<\/tr>\n<tr>\n<td>3-ioji<\/td>\n<td align=\"center\">5<\/td>\n<td align=\"right\">1 235 346 : 1<\/td>\n<\/tr>\n<tr>\n<td>4-oji<\/td>\n<td align=\"center\">4<\/td>\n<td align=\"right\">11 907 : 1<\/td>\n<\/tr>\n<tr>\n<td>5-oji<\/td>\n<td align=\"center\">3<\/td>\n<td align=\"right\">327 : 1<\/td>\n<\/tr>\n<\/tbody>\n<\/table>\n","protected":false},"excerpt":{"rendered":"<p>Superenalotto Italai yra loterij\u0173 fanatikai, ypa\u010d m\u0117gstantys savo \u201eSuperenalotto\u201c. Kiekvien\u0105 savait\u0119 \u0161ios loterijos biliet\u0173 pardavimai yra ne\u012ftik\u0117tinai dideli \u2013 tikimyb\u0117 laim\u0117ti yra didesn\u0117 nei 1 i\u0161 600 milijon\u0173. Pirkdami loterijos bilietus \u012f Italijos \u201eSuperenalotto\u201c internetu, gaunate blogiausi\u0105 \u012fmanom\u0105 tikimyb\u0119 i\u0161 vis\u0173 loterij\u0173 pasaulyje. Vis d\u0117lto tai, regis, yra pagrindinis traukos objektas vietos europie\u010diams ir viso [&hellip;]<\/p>\n","protected":false},"author":1,"featured_media":0,"parent":9308,"menu_order":7,"comment_status":"closed","ping_status":"closed","template":"","meta":{"footnotes":""},"class_list":["post-9719","page","type-page","status-publish","hentry"],"yoast_head":"<!-- This site is optimized with the Yoast SEO plugin v27.3 - https:\/\/yoast.com\/product\/yoast-seo-wordpress\/ -->\n<title>Pirkite bilietus \u012f \u201eSuperenalotto\u201c internetu<\/title>\n<meta name=\"description\" content=\"\u012esigykite \u201eSuperenalotto\u201c bilietus internetu apsilank\u0119 m\u016bs\u0173 partnerio \u201eRedFoxLotto\u201c svetain\u0117je\" \/>\n<meta name=\"robots\" content=\"index, follow, max-snippet:-1, max-image-preview:large, max-video-preview:-1\" \/>\n<link rel=\"canonical\" href=\"https:\/\/gambling6.com\/lt\/loterija\/isigykite-bilietus-i-superenalotto-internetu\/\" \/>\n<meta property=\"og:locale\" content=\"lt_LT\" \/>\n<meta property=\"og:type\" content=\"article\" \/>\n<meta property=\"og:title\" content=\"Pirkite bilietus \u012f \u201eSuperenalotto\u201c internetu\" \/>\n<meta property=\"og:description\" content=\"\u012esigykite \u201eSuperenalotto\u201c bilietus internetu apsilank\u0119 m\u016bs\u0173 partnerio \u201eRedFoxLotto\u201c svetain\u0117je\" \/>\n<meta property=\"og:url\" content=\"https:\/\/gambling6.com\/lt\/loterija\/isigykite-bilietus-i-superenalotto-internetu\/\" \/>\n<meta property=\"og:site_name\" content=\"Gambling6\" \/>\n<meta property=\"article:modified_time\" content=\"2025-11-15T10:38:35+00:00\" \/>\n<meta property=\"og:image\" content=\"https:\/\/gambling6.com\/wp-content\/uploads\/2022\/04\/2_ticket_superenalotto.jpg\" \/>\n\t<meta property=\"og:image:width\" content=\"228\" \/>\n\t<meta property=\"og:image:height\" content=\"300\" \/>\n\t<meta property=\"og:image:type\" content=\"image\/jpeg\" \/>\n<meta name=\"twitter:card\" content=\"summary_large_image\" \/>\n<meta name=\"twitter:label1\" content=\"Est. reading time\" \/>\n\t<meta name=\"twitter:data1\" content=\"2 minut\u0117s\" \/>\n<script type=\"application\/ld+json\" class=\"yoast-schema-graph\">{\"@context\":\"https:\\\/\\\/schema.org\",\"@graph\":[{\"@type\":\"WebPage\",\"@id\":\"https:\\\/\\\/gambling6.com\\\/lt\\\/loterija\\\/isigykite-bilietus-i-superenalotto-internetu\\\/\",\"url\":\"https:\\\/\\\/gambling6.com\\\/lt\\\/loterija\\\/isigykite-bilietus-i-superenalotto-internetu\\\/\",\"name\":\"Pirkite bilietus \u012f \u201eSuperenalotto\u201c internetu\",\"isPartOf\":{\"@id\":\"https:\\\/\\\/gambling6.com\\\/lt\\\/#website\"},\"primaryImageOfPage\":{\"@id\":\"https:\\\/\\\/gambling6.com\\\/lt\\\/loterija\\\/isigykite-bilietus-i-superenalotto-internetu\\\/#primaryimage\"},\"image\":{\"@id\":\"https:\\\/\\\/gambling6.com\\\/lt\\\/loterija\\\/isigykite-bilietus-i-superenalotto-internetu\\\/#primaryimage\"},\"thumbnailUrl\":\"https:\\\/\\\/gambling6.com\\\/wp-content\\\/uploads\\\/2022\\\/04\\\/2_ticket_superenalotto.jpg\",\"datePublished\":\"2025-11-11T10:53:33+00:00\",\"dateModified\":\"2025-11-15T10:38:35+00:00\",\"description\":\"\u012esigykite \u201eSuperenalotto\u201c bilietus internetu apsilank\u0119 m\u016bs\u0173 partnerio \u201eRedFoxLotto\u201c svetain\u0117je\",\"breadcrumb\":{\"@id\":\"https:\\\/\\\/gambling6.com\\\/lt\\\/loterija\\\/isigykite-bilietus-i-superenalotto-internetu\\\/#breadcrumb\"},\"inLanguage\":\"lt-LT\",\"potentialAction\":[{\"@type\":\"ReadAction\",\"target\":[\"https:\\\/\\\/gambling6.com\\\/lt\\\/loterija\\\/isigykite-bilietus-i-superenalotto-internetu\\\/\"]}]},{\"@type\":\"ImageObject\",\"inLanguage\":\"lt-LT\",\"@id\":\"https:\\\/\\\/gambling6.com\\\/lt\\\/loterija\\\/isigykite-bilietus-i-superenalotto-internetu\\\/#primaryimage\",\"url\":\"https:\\\/\\\/gambling6.com\\\/wp-content\\\/uploads\\\/2022\\\/04\\\/2_ticket_superenalotto.jpg\",\"contentUrl\":\"https:\\\/\\\/gambling6.com\\\/wp-content\\\/uploads\\\/2022\\\/04\\\/2_ticket_superenalotto.jpg\"},{\"@type\":\"BreadcrumbList\",\"@id\":\"https:\\\/\\\/gambling6.com\\\/lt\\\/loterija\\\/isigykite-bilietus-i-superenalotto-internetu\\\/#breadcrumb\",\"itemListElement\":[{\"@type\":\"ListItem\",\"position\":1,\"name\":\"Home\",\"item\":\"https:\\\/\\\/gambling6.com\\\/lt\\\/home\\\/\"},{\"@type\":\"ListItem\",\"position\":2,\"name\":\"Loterija\",\"item\":\"https:\\\/\\\/gambling6.com\\\/lt\\\/loterija\\\/\"},{\"@type\":\"ListItem\",\"position\":3,\"name\":\"\u012esigykite bilietus \u012f \u201eSuperenalotto\u201c internetu\"}]},{\"@type\":\"WebSite\",\"@id\":\"https:\\\/\\\/gambling6.com\\\/lt\\\/#website\",\"url\":\"https:\\\/\\\/gambling6.com\\\/lt\\\/\",\"name\":\"Gambling6\",\"description\":\"\",\"potentialAction\":[{\"@type\":\"SearchAction\",\"target\":{\"@type\":\"EntryPoint\",\"urlTemplate\":\"https:\\\/\\\/gambling6.com\\\/lt\\\/?s={search_term_string}\"},\"query-input\":{\"@type\":\"PropertyValueSpecification\",\"valueRequired\":true,\"valueName\":\"search_term_string\"}}],\"inLanguage\":\"lt-LT\"}]}<\/script>\n<!-- \/ Yoast SEO plugin. -->","yoast_head_json":{"title":"Pirkite bilietus \u012f \u201eSuperenalotto\u201c internetu","description":"\u012esigykite \u201eSuperenalotto\u201c bilietus internetu apsilank\u0119 m\u016bs\u0173 partnerio \u201eRedFoxLotto\u201c svetain\u0117je","robots":{"index":"index","follow":"follow","max-snippet":"max-snippet:-1","max-image-preview":"max-image-preview:large","max-video-preview":"max-video-preview:-1"},"canonical":"https:\/\/gambling6.com\/lt\/loterija\/isigykite-bilietus-i-superenalotto-internetu\/","og_locale":"lt_LT","og_type":"article","og_title":"Pirkite bilietus \u012f \u201eSuperenalotto\u201c internetu","og_description":"\u012esigykite \u201eSuperenalotto\u201c bilietus internetu apsilank\u0119 m\u016bs\u0173 partnerio \u201eRedFoxLotto\u201c svetain\u0117je","og_url":"https:\/\/gambling6.com\/lt\/loterija\/isigykite-bilietus-i-superenalotto-internetu\/","og_site_name":"Gambling6","article_modified_time":"2025-11-15T10:38:35+00:00","og_image":[{"width":228,"height":300,"url":"https:\/\/gambling6.com\/wp-content\/uploads\/2022\/04\/2_ticket_superenalotto.jpg","type":"image\/jpeg"}],"twitter_card":"summary_large_image","twitter_misc":{"Est. reading time":"2 minut\u0117s"},"schema":{"@context":"https:\/\/schema.org","@graph":[{"@type":"WebPage","@id":"https:\/\/gambling6.com\/lt\/loterija\/isigykite-bilietus-i-superenalotto-internetu\/","url":"https:\/\/gambling6.com\/lt\/loterija\/isigykite-bilietus-i-superenalotto-internetu\/","name":"Pirkite bilietus \u012f \u201eSuperenalotto\u201c internetu","isPartOf":{"@id":"https:\/\/gambling6.com\/lt\/#website"},"primaryImageOfPage":{"@id":"https:\/\/gambling6.com\/lt\/loterija\/isigykite-bilietus-i-superenalotto-internetu\/#primaryimage"},"image":{"@id":"https:\/\/gambling6.com\/lt\/loterija\/isigykite-bilietus-i-superenalotto-internetu\/#primaryimage"},"thumbnailUrl":"https:\/\/gambling6.com\/wp-content\/uploads\/2022\/04\/2_ticket_superenalotto.jpg","datePublished":"2025-11-11T10:53:33+00:00","dateModified":"2025-11-15T10:38:35+00:00","description":"\u012esigykite \u201eSuperenalotto\u201c bilietus internetu apsilank\u0119 m\u016bs\u0173 partnerio \u201eRedFoxLotto\u201c svetain\u0117je","breadcrumb":{"@id":"https:\/\/gambling6.com\/lt\/loterija\/isigykite-bilietus-i-superenalotto-internetu\/#breadcrumb"},"inLanguage":"lt-LT","potentialAction":[{"@type":"ReadAction","target":["https:\/\/gambling6.com\/lt\/loterija\/isigykite-bilietus-i-superenalotto-internetu\/"]}]},{"@type":"ImageObject","inLanguage":"lt-LT","@id":"https:\/\/gambling6.com\/lt\/loterija\/isigykite-bilietus-i-superenalotto-internetu\/#primaryimage","url":"https:\/\/gambling6.com\/wp-content\/uploads\/2022\/04\/2_ticket_superenalotto.jpg","contentUrl":"https:\/\/gambling6.com\/wp-content\/uploads\/2022\/04\/2_ticket_superenalotto.jpg"},{"@type":"BreadcrumbList","@id":"https:\/\/gambling6.com\/lt\/loterija\/isigykite-bilietus-i-superenalotto-internetu\/#breadcrumb","itemListElement":[{"@type":"ListItem","position":1,"name":"Home","item":"https:\/\/gambling6.com\/lt\/home\/"},{"@type":"ListItem","position":2,"name":"Loterija","item":"https:\/\/gambling6.com\/lt\/loterija\/"},{"@type":"ListItem","position":3,"name":"\u012esigykite bilietus \u012f \u201eSuperenalotto\u201c internetu"}]},{"@type":"WebSite","@id":"https:\/\/gambling6.com\/lt\/#website","url":"https:\/\/gambling6.com\/lt\/","name":"Gambling6","description":"","potentialAction":[{"@type":"SearchAction","target":{"@type":"EntryPoint","urlTemplate":"https:\/\/gambling6.com\/lt\/?s={search_term_string}"},"query-input":{"@type":"PropertyValueSpecification","valueRequired":true,"valueName":"search_term_string"}}],"inLanguage":"lt-LT"}]}},"_links":{"self":[{"href":"https:\/\/gambling6.com\/lt\/wp-json\/wp\/v2\/pages\/9719","targetHints":{"allow":["GET"]}}],"collection":[{"href":"https:\/\/gambling6.com\/lt\/wp-json\/wp\/v2\/pages"}],"about":[{"href":"https:\/\/gambling6.com\/lt\/wp-json\/wp\/v2\/types\/page"}],"author":[{"embeddable":true,"href":"https:\/\/gambling6.com\/lt\/wp-json\/wp\/v2\/users\/1"}],"replies":[{"embeddable":true,"href":"https:\/\/gambling6.com\/lt\/wp-json\/wp\/v2\/comments?post=9719"}],"version-history":[{"count":2,"href":"https:\/\/gambling6.com\/lt\/wp-json\/wp\/v2\/pages\/9719\/revisions"}],"predecessor-version":[{"id":10929,"href":"https:\/\/gambling6.com\/lt\/wp-json\/wp\/v2\/pages\/9719\/revisions\/10929"}],"up":[{"embeddable":true,"href":"https:\/\/gambling6.com\/lt\/wp-json\/wp\/v2\/pages\/9308"}],"wp:attachment":[{"href":"https:\/\/gambling6.com\/lt\/wp-json\/wp\/v2\/media?parent=9719"}],"curies":[{"name":"wp","href":"https:\/\/api.w.org\/{rel}","templated":true}]}}