{"id":11008,"date":"2025-11-17T11:06:40","date_gmt":"2025-11-17T11:06:40","guid":{"rendered":"https:\/\/gambling6.com\/?page_id=11008"},"modified":"2025-11-17T11:06:47","modified_gmt":"2025-11-17T11:06:47","slug":"888-kazino-apskats","status":"publish","type":"page","link":"https:\/\/gambling6.com\/lv\/888-kazino-apskats\/","title":{"rendered":"888 kazino apskats"},"content":{"rendered":"<h2>Ne tikai ruletes vietne \u2014 888 kazino<\/h2>\n<p>888 tie\u0161saistes kazino ir atz\u012bts z\u012bmols sp\u0113\u013cu industrij\u0101. \u0160is tie\u0161saistes kazino pied\u0101v\u0101 gan fantastisku Flash balst\u012btu kazino, kas \u0101tri iel\u0101d\u0113jas j\u016bsu p\u0101rl\u016bkprogramm\u0101, gan iesp\u0113ju lejupiel\u0101d\u0113t sp\u0113\u013cu programmat\u016bru, lai piek\u013c\u016btu sp\u0113l\u0113m. Sp\u0113l\u0113t\u0101ji dod priek\u0161roku lejupiel\u0101d\u0113jamajai versijai, jo t\u0101 nodro\u0161ina vienotu saj\u016btu un izskatu vis\u0101s sp\u0113l\u0113s.<br \/>\n<a href=\"https:\/\/ic.aff-handler.com\/C\/45871?sr=1064399&amp;anid=\" rel=\"nofollow\"><img decoding=\"async\" class=\"aligncenter\" src=\"https:\/\/ic.aff-handler.com\/I\/45871?sr=1064399&amp;anid=\" \/><\/a><\/p>\n<h2>888 ruletes sp\u0113les<\/h2>\n<p>S\u0101kot ar Eiropas ruleti un beidzot ar 3D ruleti, \u0161aj\u0101 kazino varat baud\u012bt visu veidu ruleti, kas jums ien\u0101k pr\u0101t\u0101. Ir ar\u012b bezmaksas ruletes sp\u0113les, kur\u0101s varat apg\u016bt sp\u0113les noteikumus, ja esat ies\u0101c\u0113js. Kazino galven\u0101 atrakcija ir tie\u0161raides rulete. Varat izv\u0113l\u0113ties no trim vienas nulles galdiem: Eiropas, fran\u010du un Ven\u0113cijas ruletes (it\u0101\u013cu valod\u0101 run\u0101jo\u0161s d\u012bleris).<\/p>\n<p>Likmju diapazons ir no 1 l\u012bdz maksim\u0101li 200. Pie\u0146emt\u0101s val\u016btas ir USD, eiro un GBP. Sp\u0113le pied\u0101v\u0101 sp\u0113l\u0113t\u0101jiem lielisku est\u0113tiku. Vislab\u0101kais ir tas, ka sp\u0113l\u0113t\u0101ji to var sp\u0113l\u0113t p\u0101rl\u016bkprogramm\u0101, nelejupiel\u0101d\u0113jot nek\u0101du programmat\u016bru. Ir divi sp\u0113les skati: klasiskais un 3D skats. Sp\u0113l\u0113 ir viss, neviens ruletes fans nevar\u0113tu v\u0113l\u0113ties vair\u0101k.<\/p>\n<p>Bet papildus ruletes sp\u0113l\u0113m \u0161eit atrad\u012bsiet visu veidu tie\u0161saistes sp\u0113les uz naudu. Pokers, sporta totalizators, bingo, momentloterijas, sp\u0113\u013cu autom\u0101ti, blekd\u017eeks &#8211; visu, ko vien v\u0113laties, vi\u0146iem viss ir!<\/p>\n<h2>888 dro\u0161\u012bba<\/h2>\n<p>\u0160is Gibralt\u0101r\u0101 b\u0101z\u0113tais kazino \u013coti nopietni uztver savu biedru personas datu aizsardz\u012bbu. Vi\u0146i iev\u0113ro stingrus dro\u0161\u012bbas protokolus, lai aizsarg\u0101tu datus un inform\u0101ciju no kibernoziedznieku uzbrukumiem. Kazino lepojas ar da\u017e\u0101diem dro\u0161\u012bbas sertifik\u0101tiem. Vi\u0146i pied\u0101v\u0101 20 iemaksu metodes, tostarp nozares uzticam\u0101kos nosaukumus, piem\u0113ram, Visa un Neteller. Kazino ir j\u0101uztur augsts dro\u0161\u012bbas l\u012bmenis, jo sp\u0113l\u0113t\u0101jiem ir j\u0101atkl\u0101j verifik\u0101cijas dokumenti, lai nov\u0113rstu kr\u0101p\u0161anu, un inform\u0101cija ir sensit\u012bva. Ar \u0161\u0101diem \u0101rk\u0101rtas dro\u0161\u012bbas pas\u0101kumiem sp\u0113l\u0113t\u0101ji var baud\u012bt sp\u0113li bez raiz\u0113m.<\/p>\n<h2>888 kazino bonusi un akcijas<\/h2>\n<p>Papildus sp\u0113l\u0113m n\u0101kam\u0101 lieta, kas interes\u0113 liel\u0101ko da\u013cu kazino sp\u0113l\u0113t\u0101ju, ir bonusi un akcijas. 888 regul\u0101ri pied\u0101v\u0101 lieliskas akcijas. Vi\u0146i nodro\u0161ina d\u0101snu pievieno\u0161an\u0101s bonusu visiem jaunajiem sp\u0113l\u0113t\u0101jiem. J\u016bs to varat br\u012bvi izmantot jebkur\u0101 kazino sp\u0113\u013cu sada\u013c\u0101. Kad pirmo reizi sp\u0113l\u0113siet ruleti, j\u016bs sagaid\u012bs ar 1500 eiro pievieno\u0161an\u0101s bonusu. Kazino ir ar\u012b ieteikumu akcija, kur\u0101 varat nopeln\u012bt atl\u012bdz\u012bbas, uzaicinot draugus pievienoties. Kopum\u0101 888 kazino ir jautra vieta, kur atrasties jebkuram ruletes entuziastam. Jebkur\u0161 azartsp\u0113\u013cu fans var izbaud\u012bt un jauki pavad\u012bt laiku \u0161aj\u0101 kazino!<\/p>\n","protected":false},"excerpt":{"rendered":"<p>Ne tikai ruletes vietne \u2014 888 kazino 888 tie\u0161saistes kazino ir atz\u012bts z\u012bmols sp\u0113\u013cu industrij\u0101. \u0160is tie\u0161saistes kazino pied\u0101v\u0101 gan fantastisku Flash balst\u012btu kazino, kas \u0101tri iel\u0101d\u0113jas j\u016bsu p\u0101rl\u016bkprogramm\u0101, gan iesp\u0113ju lejupiel\u0101d\u0113t sp\u0113\u013cu programmat\u016bru, lai piek\u013c\u016btu sp\u0113l\u0113m. Sp\u0113l\u0113t\u0101ji dod priek\u0161roku lejupiel\u0101d\u0113jamajai versijai, jo t\u0101 nodro\u0161ina vienotu saj\u016btu un izskatu vis\u0101s sp\u0113l\u0113s. 888 ruletes sp\u0113les S\u0101kot [&hellip;]<\/p>\n","protected":false},"author":1,"featured_media":0,"parent":0,"menu_order":3,"comment_status":"closed","ping_status":"closed","template":"","meta":{"footnotes":""},"class_list":["post-11008","page","type-page","status-publish","hentry"],"yoast_head":"<!-- This site is optimized with the Yoast SEO plugin v27.3 - https:\/\/yoast.com\/product\/yoast-seo-wordpress\/ -->\n<title>888 kazino apskats - Gambling6<\/title>\n<meta name=\"robots\" content=\"index, follow, max-snippet:-1, max-image-preview:large, max-video-preview:-1\" \/>\n<link rel=\"canonical\" href=\"https:\/\/gambling6.com\/lv\/888-kazino-apskats\/\" \/>\n<meta property=\"og:locale\" content=\"lv_LV\" \/>\n<meta property=\"og:type\" content=\"article\" \/>\n<meta property=\"og:title\" content=\"888 kazino apskats - Gambling6\" \/>\n<meta property=\"og:description\" content=\"Ne tikai ruletes vietne \u2014 888 kazino 888 tie\u0161saistes kazino ir atz\u012bts z\u012bmols sp\u0113\u013cu industrij\u0101. \u0160is tie\u0161saistes kazino pied\u0101v\u0101 gan fantastisku Flash balst\u012btu kazino, kas \u0101tri iel\u0101d\u0113jas j\u016bsu p\u0101rl\u016bkprogramm\u0101, gan iesp\u0113ju lejupiel\u0101d\u0113t sp\u0113\u013cu programmat\u016bru, lai piek\u013c\u016btu sp\u0113l\u0113m. Sp\u0113l\u0113t\u0101ji dod priek\u0161roku lejupiel\u0101d\u0113jamajai versijai, jo t\u0101 nodro\u0161ina vienotu saj\u016btu un izskatu vis\u0101s sp\u0113l\u0113s. 888 ruletes sp\u0113les S\u0101kot [&hellip;]\" \/>\n<meta property=\"og:url\" content=\"https:\/\/gambling6.com\/lv\/888-kazino-apskats\/\" \/>\n<meta property=\"og:site_name\" content=\"Gambling6\" \/>\n<meta property=\"article:modified_time\" content=\"2025-11-17T11:06:47+00:00\" \/>\n<meta property=\"og:image\" content=\"https:\/\/ic.aff-handler.com\/I\/45871?sr=1064399&amp;anid=\" \/>\n<meta name=\"twitter:card\" content=\"summary_large_image\" \/>\n<meta name=\"twitter:label1\" content=\"Est. reading time\" \/>\n\t<meta name=\"twitter:data1\" content=\"3 minutes\" \/>\n<script type=\"application\/ld+json\" class=\"yoast-schema-graph\">{\"@context\":\"https:\\\/\\\/schema.org\",\"@graph\":[{\"@type\":\"WebPage\",\"@id\":\"https:\\\/\\\/gambling6.com\\\/lv\\\/888-kazino-apskats\\\/\",\"url\":\"https:\\\/\\\/gambling6.com\\\/lv\\\/888-kazino-apskats\\\/\",\"name\":\"888 kazino apskats - Gambling6\",\"isPartOf\":{\"@id\":\"https:\\\/\\\/gambling6.com\\\/lv\\\/#website\"},\"primaryImageOfPage\":{\"@id\":\"https:\\\/\\\/gambling6.com\\\/lv\\\/888-kazino-apskats\\\/#primaryimage\"},\"image\":{\"@id\":\"https:\\\/\\\/gambling6.com\\\/lv\\\/888-kazino-apskats\\\/#primaryimage\"},\"thumbnailUrl\":\"https:\\\/\\\/ic.aff-handler.com\\\/I\\\/45871?sr=1064399&amp;anid=\",\"datePublished\":\"2025-11-17T11:06:40+00:00\",\"dateModified\":\"2025-11-17T11:06:47+00:00\",\"breadcrumb\":{\"@id\":\"https:\\\/\\\/gambling6.com\\\/lv\\\/888-kazino-apskats\\\/#breadcrumb\"},\"inLanguage\":\"lv-LV\",\"potentialAction\":[{\"@type\":\"ReadAction\",\"target\":[\"https:\\\/\\\/gambling6.com\\\/lv\\\/888-kazino-apskats\\\/\"]}]},{\"@type\":\"ImageObject\",\"inLanguage\":\"lv-LV\",\"@id\":\"https:\\\/\\\/gambling6.com\\\/lv\\\/888-kazino-apskats\\\/#primaryimage\",\"url\":\"https:\\\/\\\/ic.aff-handler.com\\\/I\\\/45871?sr=1064399&amp;anid=\",\"contentUrl\":\"https:\\\/\\\/ic.aff-handler.com\\\/I\\\/45871?sr=1064399&amp;anid=\"},{\"@type\":\"BreadcrumbList\",\"@id\":\"https:\\\/\\\/gambling6.com\\\/lv\\\/888-kazino-apskats\\\/#breadcrumb\",\"itemListElement\":[{\"@type\":\"ListItem\",\"position\":1,\"name\":\"Home\",\"item\":\"https:\\\/\\\/gambling6.com\\\/lv\\\/home\\\/\"},{\"@type\":\"ListItem\",\"position\":2,\"name\":\"888 kazino apskats\"}]},{\"@type\":\"WebSite\",\"@id\":\"https:\\\/\\\/gambling6.com\\\/lv\\\/#website\",\"url\":\"https:\\\/\\\/gambling6.com\\\/lv\\\/\",\"name\":\"Gambling6\",\"description\":\"\",\"potentialAction\":[{\"@type\":\"SearchAction\",\"target\":{\"@type\":\"EntryPoint\",\"urlTemplate\":\"https:\\\/\\\/gambling6.com\\\/lv\\\/?s={search_term_string}\"},\"query-input\":{\"@type\":\"PropertyValueSpecification\",\"valueRequired\":true,\"valueName\":\"search_term_string\"}}],\"inLanguage\":\"lv-LV\"}]}<\/script>\n<!-- \/ Yoast SEO plugin. -->","yoast_head_json":{"title":"888 kazino apskats - Gambling6","robots":{"index":"index","follow":"follow","max-snippet":"max-snippet:-1","max-image-preview":"max-image-preview:large","max-video-preview":"max-video-preview:-1"},"canonical":"https:\/\/gambling6.com\/lv\/888-kazino-apskats\/","og_locale":"lv_LV","og_type":"article","og_title":"888 kazino apskats - Gambling6","og_description":"Ne tikai ruletes vietne \u2014 888 kazino 888 tie\u0161saistes kazino ir atz\u012bts z\u012bmols sp\u0113\u013cu industrij\u0101. \u0160is tie\u0161saistes kazino pied\u0101v\u0101 gan fantastisku Flash balst\u012btu kazino, kas \u0101tri iel\u0101d\u0113jas j\u016bsu p\u0101rl\u016bkprogramm\u0101, gan iesp\u0113ju lejupiel\u0101d\u0113t sp\u0113\u013cu programmat\u016bru, lai piek\u013c\u016btu sp\u0113l\u0113m. Sp\u0113l\u0113t\u0101ji dod priek\u0161roku lejupiel\u0101d\u0113jamajai versijai, jo t\u0101 nodro\u0161ina vienotu saj\u016btu un izskatu vis\u0101s sp\u0113l\u0113s. 888 ruletes sp\u0113les S\u0101kot [&hellip;]","og_url":"https:\/\/gambling6.com\/lv\/888-kazino-apskats\/","og_site_name":"Gambling6","article_modified_time":"2025-11-17T11:06:47+00:00","og_image":[{"url":"https:\/\/ic.aff-handler.com\/I\/45871?sr=1064399&amp;anid=","type":"","width":"","height":""}],"twitter_card":"summary_large_image","twitter_misc":{"Est. reading time":"3 minutes"},"schema":{"@context":"https:\/\/schema.org","@graph":[{"@type":"WebPage","@id":"https:\/\/gambling6.com\/lv\/888-kazino-apskats\/","url":"https:\/\/gambling6.com\/lv\/888-kazino-apskats\/","name":"888 kazino apskats - Gambling6","isPartOf":{"@id":"https:\/\/gambling6.com\/lv\/#website"},"primaryImageOfPage":{"@id":"https:\/\/gambling6.com\/lv\/888-kazino-apskats\/#primaryimage"},"image":{"@id":"https:\/\/gambling6.com\/lv\/888-kazino-apskats\/#primaryimage"},"thumbnailUrl":"https:\/\/ic.aff-handler.com\/I\/45871?sr=1064399&amp;anid=","datePublished":"2025-11-17T11:06:40+00:00","dateModified":"2025-11-17T11:06:47+00:00","breadcrumb":{"@id":"https:\/\/gambling6.com\/lv\/888-kazino-apskats\/#breadcrumb"},"inLanguage":"lv-LV","potentialAction":[{"@type":"ReadAction","target":["https:\/\/gambling6.com\/lv\/888-kazino-apskats\/"]}]},{"@type":"ImageObject","inLanguage":"lv-LV","@id":"https:\/\/gambling6.com\/lv\/888-kazino-apskats\/#primaryimage","url":"https:\/\/ic.aff-handler.com\/I\/45871?sr=1064399&amp;anid=","contentUrl":"https:\/\/ic.aff-handler.com\/I\/45871?sr=1064399&amp;anid="},{"@type":"BreadcrumbList","@id":"https:\/\/gambling6.com\/lv\/888-kazino-apskats\/#breadcrumb","itemListElement":[{"@type":"ListItem","position":1,"name":"Home","item":"https:\/\/gambling6.com\/lv\/home\/"},{"@type":"ListItem","position":2,"name":"888 kazino apskats"}]},{"@type":"WebSite","@id":"https:\/\/gambling6.com\/lv\/#website","url":"https:\/\/gambling6.com\/lv\/","name":"Gambling6","description":"","potentialAction":[{"@type":"SearchAction","target":{"@type":"EntryPoint","urlTemplate":"https:\/\/gambling6.com\/lv\/?s={search_term_string}"},"query-input":{"@type":"PropertyValueSpecification","valueRequired":true,"valueName":"search_term_string"}}],"inLanguage":"lv-LV"}]}},"_links":{"self":[{"href":"https:\/\/gambling6.com\/lv\/wp-json\/wp\/v2\/pages\/11008","targetHints":{"allow":["GET"]}}],"collection":[{"href":"https:\/\/gambling6.com\/lv\/wp-json\/wp\/v2\/pages"}],"about":[{"href":"https:\/\/gambling6.com\/lv\/wp-json\/wp\/v2\/types\/page"}],"author":[{"embeddable":true,"href":"https:\/\/gambling6.com\/lv\/wp-json\/wp\/v2\/users\/1"}],"replies":[{"embeddable":true,"href":"https:\/\/gambling6.com\/lv\/wp-json\/wp\/v2\/comments?post=11008"}],"version-history":[{"count":1,"href":"https:\/\/gambling6.com\/lv\/wp-json\/wp\/v2\/pages\/11008\/revisions"}],"predecessor-version":[{"id":11010,"href":"https:\/\/gambling6.com\/lv\/wp-json\/wp\/v2\/pages\/11008\/revisions\/11010"}],"wp:attachment":[{"href":"https:\/\/gambling6.com\/lv\/wp-json\/wp\/v2\/media?parent=11008"}],"curies":[{"name":"wp","href":"https:\/\/api.w.org\/{rel}","templated":true}]}}