{"id":11058,"date":"2025-11-17T12:18:26","date_gmt":"2025-11-17T12:18:26","guid":{"rendered":"https:\/\/gambling6.com\/?p=11058"},"modified":"2025-11-17T12:18:26","modified_gmt":"2025-11-17T12:18:26","slug":"cik-labs-ir-redfoxlotto","status":"publish","type":"page","link":"https:\/\/gambling6.com\/lv\/cik-labs-ir-redfoxlotto\/","title":{"rendered":"Cik labs ir RedFoxLotto?"},"content":{"rendered":"<h2>RedFoxLotto apskats<\/h2>\n<p><strong>RedFoxLotto<\/strong>ir \u013coti lietot\u0101jam draudz\u012bga, dro\u0161a un aizsarg\u0101ta platforma bi\u013ce\u0161u ieg\u0101dei tie\u0161saist\u0113 uz vis\u0101m liel\u0101kaj\u0101m loterij\u0101m vis\u0101 pasaul\u0113. RedFoxLotto vietn\u0113 j\u016bs varat sp\u0113l\u0113t daudzas pasaules loterijas, un bi\u013cetes var pas\u016bt\u012bt 24 stundas diennakt\u012b, septi\u0146as dienas ned\u0113\u013c\u0101. Ir vienk\u0101r\u0161i izveidot kontu, iemaks\u0101t naudu un s\u0101kt sp\u0113l\u0113t starptautisk\u0101s loterijas bi\u013cetes da\u017eu min\u016b\u0161u laik\u0101.<\/p>\n<h2>J\u016bs paturat visu naudu, ko laim\u0113jat RedFoxLotto<\/h2>\n<p>RedFoxLotto nodarbina loterijas kurjerus vis\u0101 pasaul\u0113, kuri ieg\u0101d\u0101jas bi\u013cetes uz loterij\u0101m, kuras v\u0113laties sp\u0113l\u0113t j\u016bsu v\u0101rd\u0101. Kad bi\u013cetes ir ieg\u0101d\u0101tas un bi\u013cetes tiek sken\u0113tas un aug\u0161upiel\u0101d\u0113tas j\u016bsu kont\u0101 pirms izlozes, \u0161\u012b metode nodro\u0161ina, ka j\u016bs varat redz\u0113t savas bi\u013cetes un sa\u0146emt 100% no sava laimesta. RedFoxLotto neiekas\u0113 procentus no j\u016bsu laimesta; visas maksas ir iek\u013cautas j\u016bsu bi\u013ce\u0161u cen\u0101.<\/p>\n<h2>Pieejamas bi\u013cetes uz vis\u0101m liel\u0101kaj\u0101m loterij\u0101m<\/h2>\n<p><strong>J\u016bs atrad\u012bsiet pieejamas bi\u013cetes uz vis\u0101m liel\u0101kaj\u0101m pasaules loterij\u0101m, tostarp Mega Millions, Powerball USA, Eurojackpot, Euro Millions un cit\u0101m.<\/strong> Nav svar\u012bgi, kur\u0101 valst\u012b j\u016bs dz\u012bvojat; j\u016bs varat ieg\u0101d\u0101ties bi\u013cetes uz vis\u0101m liel\u0101kaj\u0101m loterij\u0101m vis\u0101 pasaul\u0113. Viss, kas jums j\u0101dara, ir j\u0101piesak\u0101s sav\u0101 kont\u0101, j\u0101izv\u0113las RedFoxLotto, kuru v\u0113laties sp\u0113l\u0113t, j\u0101izv\u0113las skait\u013ci, kurus v\u0113laties sp\u0113l\u0113t, un j\u0101atp\u016b\u0161as un j\u0101gaida izloze. RedFoxLotto nos\u016bt\u012bs jums pazi\u0146ojumus par visiem laimestiem.<br \/>\nViegli sa\u0146emt savu laimestu RedFoxLotto<\/p>\n<p>Par vis\u0101m j\u016bsu laim\u0113jo\u0161aj\u0101m bi\u013cet\u0113m <strong>RedFoxLotto nos\u016bt\u012bs jums pazi\u0146ojumu pa e-pastu vai piezvan\u012bs, ja laimests ir liel\u0101ks, lai inform\u0113tu j\u016bs par j\u016bsu laimestu.<\/strong> Jebkura laimesta summa l\u012bdz 2000\u00a0eiro tiks autom\u0101tiski ieskait\u012bta j\u016bsu kont\u0101. Ja gad\u0101s laim\u0113t balvu, kas p\u0101rsniedz 2000\u00a0eiro, RedFoxLotto apstr\u0101des eksperti pal\u012bdz\u0113s jums veikt nepiecie\u0161am\u0101s darb\u012bbas, lai sa\u0146emtu savu laimestu. Galven\u0101s balvas ieguv\u0113ji var izv\u0113l\u0113ties, lai RedFoxLotto r\u012bkotos vi\u0146u v\u0101rd\u0101, vai ar\u012b, ja v\u0113laties, varat doties uz turieni, lai sa\u0146emtu savu laimestu kl\u0101tien\u0113. Esam p\u0101rliecin\u0101ti, ka, ja k\u013c\u016bsiet par vair\u0101ku miljonu dol\u0101ru laim\u0113t\u0101ju, jums neb\u016bs probl\u0113mu veikt visas nepiecie\u0161am\u0101s darb\u012bbas, lai sa\u0146emtu savu laimestu.<\/p>\n<h2>Tie\u0161saistes loterijas bi\u013ce\u0161u apmaksa<\/h2>\n<p>RedFoxLotto pied\u0101v\u0101 daudzas dro\u0161as un aizsarg\u0101tas maks\u0101jumu iesp\u0113jas neatkar\u012bgi no t\u0101, kur\u0101 valst\u012b dz\u012bvojat.<strong> Vi\u0146i pie\u0146em Visa, MasterCard, American Express, Skrill, Neteller, t\u016bl\u012bt\u0113jus bankas p\u0101rskait\u012bjumus, kriptoval\u016btas un da\u017e\u0101dus citus interneta maku produktus.<\/strong> J\u016bs varat izv\u0113l\u0113ties, vai j\u016bsu laimests tiks ieskait\u012bts, izmantojot jebkuru no \u0161\u012bm metod\u0113m, vai ar\u012b nauda tiks p\u0101rskait\u012bta tie\u0161i uz j\u016bsu bankas kontu.<\/p>\n<p>Katru gadu RedFoxLotto p\u0101rst\u0101v miljonu dol\u0101ru laim\u0113t\u0101jus un pied\u0101v\u0101 100\u00a0% maks\u0101juma garantiju. J\u016bs atkl\u0101siet, ka, ja jums rodas k\u0101di jaut\u0101jumi, ir viegli sazin\u0101ties ar \u012bpa\u0161i nor\u012bkotajiem klientu apkalpo\u0161anas p\u0101rst\u0101vjiem, kas ir pieejami visu diennakti vietn\u0113 RedFoxLotto.com. Vairs nav nepiecie\u0161ams apmekl\u0113t viet\u0113jos loterijas kioskus, lai ieg\u0101d\u0101tos bi\u013cetes uz viet\u0113jo loteriju. J\u016bs varat ieg\u0101d\u0101ties bi\u013cetes no savas m\u0101jas vai biroja \u0113rt\u012bb\u0101m pietiekami daudz laika vis\u0101m loterij\u0101m.<\/p>\n<p><strong>S\u0101ciet sp\u0113l\u0113t starptautisk\u0101s loterijas tie\u0161saist\u0113 jau \u0161odien, apmekl\u0113jot m\u016bsu partneri RedFoxLotto un atverot savu person\u012bgo kontu.<\/strong> Kad jums b\u016bs konts, j\u016bs atrad\u012bsiet daudz da\u017e\u0101du bonusa pied\u0101v\u0101jumu un \u012bpa\u0161as bi\u013ce\u0161u ieg\u0101des programmas, lai padar\u012btu Lotto sp\u0113l\u0113\u0161anu jautru un ienes\u012bgu.<\/p>\n<p><a class=\"thirstylink\" title=\"Redfoxlotto\" href=\"https:\/\/gambling6.com\/go\/redfoxlotto\/\" target=\"_blank\" rel=\"nofollow noopener\">Noklik\u0161\u0137iniet \u0161eit t\u016bl\u012bt, lai izveidotu savu person\u012bgo tie\u0161saistes RedFoxLotto kontu<\/a>, un j\u016bs var\u0113tu k\u013c\u016bt par multimiljon\u0101ru vienas nakts laik\u0101.<\/p>\n","protected":false},"excerpt":{"rendered":"<p>RedFoxLotto apskats RedFoxLottoir \u013coti lietot\u0101jam draudz\u012bga, dro\u0161a un aizsarg\u0101ta platforma bi\u013ce\u0161u ieg\u0101dei tie\u0161saist\u0113 uz vis\u0101m liel\u0101kaj\u0101m loterij\u0101m vis\u0101 pasaul\u0113. RedFoxLotto vietn\u0113 j\u016bs varat sp\u0113l\u0113t daudzas pasaules loterijas, un bi\u013cetes var pas\u016bt\u012bt 24 stundas diennakt\u012b, septi\u0146as dienas ned\u0113\u013c\u0101. Ir vienk\u0101r\u0161i izveidot kontu, iemaks\u0101t naudu un s\u0101kt sp\u0113l\u0113t starptautisk\u0101s loterijas bi\u013cetes da\u017eu min\u016b\u0161u laik\u0101. J\u016bs paturat visu [&hellip;]<\/p>\n","protected":false},"author":1,"featured_media":0,"parent":0,"menu_order":1,"comment_status":"closed","ping_status":"closed","template":"","meta":{"footnotes":""},"class_list":["post-11058","page","type-page","status-publish","hentry"],"yoast_head":"<!-- This site is optimized with the Yoast SEO plugin v27.4 - https:\/\/yoast.com\/product\/yoast-seo-wordpress\/ -->\n<title>RedFoxLotto apskats<\/title>\n<meta name=\"description\" content=\"Vietn\u0113 RedFoxLotto.com j\u016bs varat tie\u0161saist\u0113 ieg\u0101d\u0101ties bi\u013cetes uz starptautisk\u0101m loterij\u0101m, tostarp Powerball un Mega Millions. Izlasiet m\u016bsu RedFoxlotto apskatu.\" \/>\n<meta name=\"robots\" content=\"index, follow, max-snippet:-1, max-image-preview:large, max-video-preview:-1\" \/>\n<link rel=\"canonical\" href=\"https:\/\/gambling6.com\/lv\/cik-labs-ir-redfoxlotto\/\" \/>\n<meta property=\"og:locale\" content=\"lv_LV\" \/>\n<meta property=\"og:type\" content=\"article\" \/>\n<meta property=\"og:title\" content=\"RedFoxLotto apskats\" \/>\n<meta property=\"og:description\" content=\"Vietn\u0113 RedFoxLotto.com j\u016bs varat tie\u0161saist\u0113 ieg\u0101d\u0101ties bi\u013cetes uz starptautisk\u0101m loterij\u0101m, tostarp Powerball un Mega Millions. Izlasiet m\u016bsu RedFoxlotto apskatu.\" \/>\n<meta property=\"og:url\" content=\"https:\/\/gambling6.com\/lv\/cik-labs-ir-redfoxlotto\/\" \/>\n<meta property=\"og:site_name\" content=\"Gambling6\" \/>\n<meta property=\"article:published_time\" content=\"2025-11-17T12:18:26+00:00\" \/>\n<meta name=\"author\" content=\"Catfish\" \/>\n<meta name=\"twitter:card\" content=\"summary_large_image\" \/>\n<meta name=\"twitter:label1\" content=\"Written by\" \/>\n\t<meta name=\"twitter:data1\" content=\"Catfish\" \/>\n\t<meta name=\"twitter:label2\" content=\"Est. reading time\" \/>\n\t<meta name=\"twitter:data2\" content=\"4 minutes\" \/>\n<script type=\"application\/ld+json\" class=\"yoast-schema-graph\">{\"@context\":\"https:\\\/\\\/schema.org\",\"@graph\":[{\"@type\":\"Article\",\"@id\":\"https:\\\/\\\/gambling6.com\\\/lv\\\/cik-labs-ir-redfoxlotto\\\/#article\",\"isPartOf\":{\"@id\":\"https:\\\/\\\/gambling6.com\\\/lv\\\/cik-labs-ir-redfoxlotto\\\/\"},\"author\":{\"name\":\"Catfish\",\"@id\":\"https:\\\/\\\/gambling6.com\\\/lv\\\/#\\\/schema\\\/person\\\/d093de87a44a018ef67117d02d86ddaf\"},\"headline\":\"Cik labs ir RedFoxLotto?\",\"datePublished\":\"2025-11-17T12:18:26+00:00\",\"mainEntityOfPage\":{\"@id\":\"https:\\\/\\\/gambling6.com\\\/lv\\\/cik-labs-ir-redfoxlotto\\\/\"},\"wordCount\":719,\"articleSection\":[\"Uncategorized @lv\"],\"inLanguage\":\"lv-LV\"},{\"@type\":\"WebPage\",\"@id\":\"https:\\\/\\\/gambling6.com\\\/lv\\\/cik-labs-ir-redfoxlotto\\\/\",\"url\":\"https:\\\/\\\/gambling6.com\\\/lv\\\/cik-labs-ir-redfoxlotto\\\/\",\"name\":\"RedFoxLotto apskats\",\"isPartOf\":{\"@id\":\"https:\\\/\\\/gambling6.com\\\/lv\\\/#website\"},\"datePublished\":\"2025-11-17T12:18:26+00:00\",\"author\":{\"@id\":\"https:\\\/\\\/gambling6.com\\\/lv\\\/#\\\/schema\\\/person\\\/d093de87a44a018ef67117d02d86ddaf\"},\"description\":\"Vietn\u0113 RedFoxLotto.com j\u016bs varat tie\u0161saist\u0113 ieg\u0101d\u0101ties bi\u013cetes uz starptautisk\u0101m loterij\u0101m, tostarp Powerball un Mega Millions. Izlasiet m\u016bsu RedFoxlotto apskatu.\",\"breadcrumb\":{\"@id\":\"https:\\\/\\\/gambling6.com\\\/lv\\\/cik-labs-ir-redfoxlotto\\\/#breadcrumb\"},\"inLanguage\":\"lv-LV\",\"potentialAction\":[{\"@type\":\"ReadAction\",\"target\":[\"https:\\\/\\\/gambling6.com\\\/lv\\\/cik-labs-ir-redfoxlotto\\\/\"]}]},{\"@type\":\"BreadcrumbList\",\"@id\":\"https:\\\/\\\/gambling6.com\\\/lv\\\/cik-labs-ir-redfoxlotto\\\/#breadcrumb\",\"itemListElement\":[{\"@type\":\"ListItem\",\"position\":1,\"name\":\"Home\",\"item\":\"https:\\\/\\\/gambling6.com\\\/lv\\\/home\\\/\"},{\"@type\":\"ListItem\",\"position\":2,\"name\":\"Cik labs ir RedFoxLotto?\"}]},{\"@type\":\"WebSite\",\"@id\":\"https:\\\/\\\/gambling6.com\\\/lv\\\/#website\",\"url\":\"https:\\\/\\\/gambling6.com\\\/lv\\\/\",\"name\":\"Gambling6\",\"description\":\"\",\"potentialAction\":[{\"@type\":\"SearchAction\",\"target\":{\"@type\":\"EntryPoint\",\"urlTemplate\":\"https:\\\/\\\/gambling6.com\\\/lv\\\/?s={search_term_string}\"},\"query-input\":{\"@type\":\"PropertyValueSpecification\",\"valueRequired\":true,\"valueName\":\"search_term_string\"}}],\"inLanguage\":\"lv-LV\"},{\"@type\":\"Person\",\"@id\":\"https:\\\/\\\/gambling6.com\\\/lv\\\/#\\\/schema\\\/person\\\/d093de87a44a018ef67117d02d86ddaf\",\"name\":\"Catfish\",\"image\":{\"@type\":\"ImageObject\",\"inLanguage\":\"lv-LV\",\"@id\":\"https:\\\/\\\/secure.gravatar.com\\\/avatar\\\/32edfa28ccbf005c231538b245a2670a36c7f33f2d3a9ab09e50843b363f2821?s=96&d=mm&r=g\",\"url\":\"https:\\\/\\\/secure.gravatar.com\\\/avatar\\\/32edfa28ccbf005c231538b245a2670a36c7f33f2d3a9ab09e50843b363f2821?s=96&d=mm&r=g\",\"contentUrl\":\"https:\\\/\\\/secure.gravatar.com\\\/avatar\\\/32edfa28ccbf005c231538b245a2670a36c7f33f2d3a9ab09e50843b363f2821?s=96&d=mm&r=g\",\"caption\":\"Catfish\"},\"sameAs\":[\"http:\\\/\\\/gambling6.com\"],\"url\":\"https:\\\/\\\/gambling6.com\\\/lv\\\/author\\\/catfish\\\/\"}]}<\/script>\n<!-- \/ Yoast SEO plugin. -->","yoast_head_json":{"title":"RedFoxLotto apskats","description":"Vietn\u0113 RedFoxLotto.com j\u016bs varat tie\u0161saist\u0113 ieg\u0101d\u0101ties bi\u013cetes uz starptautisk\u0101m loterij\u0101m, tostarp Powerball un Mega Millions. Izlasiet m\u016bsu RedFoxlotto apskatu.","robots":{"index":"index","follow":"follow","max-snippet":"max-snippet:-1","max-image-preview":"max-image-preview:large","max-video-preview":"max-video-preview:-1"},"canonical":"https:\/\/gambling6.com\/lv\/cik-labs-ir-redfoxlotto\/","og_locale":"lv_LV","og_type":"article","og_title":"RedFoxLotto apskats","og_description":"Vietn\u0113 RedFoxLotto.com j\u016bs varat tie\u0161saist\u0113 ieg\u0101d\u0101ties bi\u013cetes uz starptautisk\u0101m loterij\u0101m, tostarp Powerball un Mega Millions. Izlasiet m\u016bsu RedFoxlotto apskatu.","og_url":"https:\/\/gambling6.com\/lv\/cik-labs-ir-redfoxlotto\/","og_site_name":"Gambling6","article_published_time":"2025-11-17T12:18:26+00:00","author":"Catfish","twitter_card":"summary_large_image","twitter_misc":{"Written by":"Catfish","Est. reading time":"4 minutes"},"schema":{"@context":"https:\/\/schema.org","@graph":[{"@type":"Article","@id":"https:\/\/gambling6.com\/lv\/cik-labs-ir-redfoxlotto\/#article","isPartOf":{"@id":"https:\/\/gambling6.com\/lv\/cik-labs-ir-redfoxlotto\/"},"author":{"name":"Catfish","@id":"https:\/\/gambling6.com\/lv\/#\/schema\/person\/d093de87a44a018ef67117d02d86ddaf"},"headline":"Cik labs ir RedFoxLotto?","datePublished":"2025-11-17T12:18:26+00:00","mainEntityOfPage":{"@id":"https:\/\/gambling6.com\/lv\/cik-labs-ir-redfoxlotto\/"},"wordCount":719,"articleSection":["Uncategorized @lv"],"inLanguage":"lv-LV"},{"@type":"WebPage","@id":"https:\/\/gambling6.com\/lv\/cik-labs-ir-redfoxlotto\/","url":"https:\/\/gambling6.com\/lv\/cik-labs-ir-redfoxlotto\/","name":"RedFoxLotto apskats","isPartOf":{"@id":"https:\/\/gambling6.com\/lv\/#website"},"datePublished":"2025-11-17T12:18:26+00:00","author":{"@id":"https:\/\/gambling6.com\/lv\/#\/schema\/person\/d093de87a44a018ef67117d02d86ddaf"},"description":"Vietn\u0113 RedFoxLotto.com j\u016bs varat tie\u0161saist\u0113 ieg\u0101d\u0101ties bi\u013cetes uz starptautisk\u0101m loterij\u0101m, tostarp Powerball un Mega Millions. Izlasiet m\u016bsu RedFoxlotto apskatu.","breadcrumb":{"@id":"https:\/\/gambling6.com\/lv\/cik-labs-ir-redfoxlotto\/#breadcrumb"},"inLanguage":"lv-LV","potentialAction":[{"@type":"ReadAction","target":["https:\/\/gambling6.com\/lv\/cik-labs-ir-redfoxlotto\/"]}]},{"@type":"BreadcrumbList","@id":"https:\/\/gambling6.com\/lv\/cik-labs-ir-redfoxlotto\/#breadcrumb","itemListElement":[{"@type":"ListItem","position":1,"name":"Home","item":"https:\/\/gambling6.com\/lv\/home\/"},{"@type":"ListItem","position":2,"name":"Cik labs ir RedFoxLotto?"}]},{"@type":"WebSite","@id":"https:\/\/gambling6.com\/lv\/#website","url":"https:\/\/gambling6.com\/lv\/","name":"Gambling6","description":"","potentialAction":[{"@type":"SearchAction","target":{"@type":"EntryPoint","urlTemplate":"https:\/\/gambling6.com\/lv\/?s={search_term_string}"},"query-input":{"@type":"PropertyValueSpecification","valueRequired":true,"valueName":"search_term_string"}}],"inLanguage":"lv-LV"},{"@type":"Person","@id":"https:\/\/gambling6.com\/lv\/#\/schema\/person\/d093de87a44a018ef67117d02d86ddaf","name":"Catfish","image":{"@type":"ImageObject","inLanguage":"lv-LV","@id":"https:\/\/secure.gravatar.com\/avatar\/32edfa28ccbf005c231538b245a2670a36c7f33f2d3a9ab09e50843b363f2821?s=96&d=mm&r=g","url":"https:\/\/secure.gravatar.com\/avatar\/32edfa28ccbf005c231538b245a2670a36c7f33f2d3a9ab09e50843b363f2821?s=96&d=mm&r=g","contentUrl":"https:\/\/secure.gravatar.com\/avatar\/32edfa28ccbf005c231538b245a2670a36c7f33f2d3a9ab09e50843b363f2821?s=96&d=mm&r=g","caption":"Catfish"},"sameAs":["http:\/\/gambling6.com"],"url":"https:\/\/gambling6.com\/lv\/author\/catfish\/"}]}},"_links":{"self":[{"href":"https:\/\/gambling6.com\/lv\/wp-json\/wp\/v2\/pages\/11058","targetHints":{"allow":["GET"]}}],"collection":[{"href":"https:\/\/gambling6.com\/lv\/wp-json\/wp\/v2\/pages"}],"about":[{"href":"https:\/\/gambling6.com\/lv\/wp-json\/wp\/v2\/types\/page"}],"author":[{"embeddable":true,"href":"https:\/\/gambling6.com\/lv\/wp-json\/wp\/v2\/users\/1"}],"replies":[{"embeddable":true,"href":"https:\/\/gambling6.com\/lv\/wp-json\/wp\/v2\/comments?post=11058"}],"version-history":[{"count":1,"href":"https:\/\/gambling6.com\/lv\/wp-json\/wp\/v2\/pages\/11058\/revisions"}],"predecessor-version":[{"id":11059,"href":"https:\/\/gambling6.com\/lv\/wp-json\/wp\/v2\/pages\/11058\/revisions\/11059"}],"wp:attachment":[{"href":"https:\/\/gambling6.com\/lv\/wp-json\/wp\/v2\/media?parent=11058"}],"curies":[{"name":"wp","href":"https:\/\/api.w.org\/{rel}","templated":true}]}}