{"id":11090,"date":"2025-11-17T15:04:11","date_gmt":"2025-11-17T15:04:11","guid":{"rendered":"https:\/\/gambling6.com\/panakumi-tiessaistes-bingo\/"},"modified":"2025-11-17T16:36:22","modified_gmt":"2025-11-17T16:36:22","slug":"panakumi-tiessaistes-bingo","status":"publish","type":"page","link":"https:\/\/gambling6.com\/lv\/bingo\/panakumi-tiessaistes-bingo\/","title":{"rendered":"Pan\u0101kumi tie\u0161saistes bingo"},"content":{"rendered":"<h2>Sp\u0113l\u0113jiet tie\u0161saistes bingo ar pareizo strat\u0113\u0123iju<\/h2>\n<p>Pateicoties m\u016bsdienu interneta att\u012bst\u012bbai, j\u016bs varat baud\u012bt izklaid\u0113jo\u0161u bingo sp\u0113li tie\u0161i no savas m\u0101jas \u0113rt\u012bb\u0101m. Vislab\u0101kais ir tas, ka sp\u0113li varat sp\u0113l\u0113t jebkur\u0101 laik\u0101. T\u0101p\u0113c tie\u0161saistes bingo ir k\u013cuvis tik popul\u0101rs cilv\u0113ku, \u012bpa\u0161i sievie\u0161u, vid\u016b. Ja esat ies\u0101c\u0113js, neuztraucieties, j\u016bs varat apg\u016bt sp\u0113li, vispirms to izm\u0113\u0123inot bezmaksas bingo vietn\u0113. <a class=\"thirstylink\" title=\"Bingo Billy en\" href=\"https:\/\/gambling6.com\/go\/bingobilly-en\/\" target=\"_blank\" rel=\"nofollow noopener\">Laba vieta, kur s\u0101kt, b\u016btu Bingo Billy \u2014 noklik\u0161\u0137iniet \u0161eit, lai apmekl\u0113tu.<\/a><\/p>\n<p>Bet, ja j\u016bs to sp\u0113l\u0113jat tie\u0161saist\u0113, \u0161eit ir da\u017ei padomi, kas var pal\u012bdz\u0113t jums palielin\u0101t savas izredzes uzvar\u0113t. Lasiet t\u0101l\u0101k, lai uzzin\u0101tu vair\u0101k. Veiciet \u0101tru izp\u0113ti un atrodiet bingo vietnes, kas pied\u0101v\u0101 lab\u0101kos depoz\u012bta bonusus. Daudzas vietnes pied\u0101v\u0101 ar\u012b ienes\u012bgus pievieno\u0161an\u0101s bonusus. Vienm\u0113r ieteicams sp\u0113l\u0113t bingo uzticam\u0101s kazino vietn\u0113s. Pirms re\u0123istr\u0113\u0161an\u0101s vai re\u0123istr\u0113\u0161an\u0101s noteikti izlasiet \u0161o kazino viet\u0146u lietot\u0101ju atsauksmes.<\/p>\n<p><a href=\"https:\/\/record.revenueplanet.com\/_BoBybWC_aAPUOsjNOfgKefwM06wa-Rwt\/1\/\" target=\"_new\" rel=\"noopener\"><img loading=\"lazy\" decoding=\"async\" class=\"aligncenter\" style=\"border: none;\" src=\"https:\/\/media.revenueplanet.com\/uploads\/nbb-468x60-nov-generic.gif\" alt=\"BingoBilly bezmaksas bingo\" width=\"468\" height=\"60\" \/><\/a><br \/>\nTikai cien\u012bjami un uzticami kazino izmaks\u0101 pilnu summu, ko esat laim\u0113jis sp\u0113l\u0113. Internets ir p\u0101rpild\u012bts ar bingo vietn\u0113m, un diem\u017e\u0113l daudzas kr\u0101pnieciskas vietnes zog j\u016bsu naudu un neizmaks\u0101, kad j\u016bs laim\u0113jat sp\u0113l\u0113. T\u0101p\u0113c, izv\u0113loties tie\u0161saistes kazino, jums j\u0101b\u016bt \u012bpa\u0161i uzman\u012bgiem. Bingo sp\u0113les tiek sp\u0113l\u0113tas tikai izklaides nol\u016bkos.<\/p>\n<p>Sp\u0113les noteikumi un nosac\u012bjumi ir viegli izpild\u0101mi. Bingo sp\u0113le ir piln\u012bb\u0101 veiksmes jaut\u0101jums. Neviens elements nevar paredz\u0113t izn\u0101kumu vai ietekm\u0113t sp\u0113li. J\u016bs varat atp\u016bsties un baud\u012bt sp\u0113li, jo nav j\u0101pie\u0146em nek\u0101di l\u0113mumi. Tie\u0161saistes bingo ir padar\u012bjis sp\u0113li pieejam\u0101ku, jo j\u016bs varat to sp\u0113l\u0113t sev \u0113rt\u0101 laik\u0101 un no jebkuras vietas, kur ir pieejams interneta piesl\u0113gums un dators.<\/p>\n<p>Vienm\u0113r centieties sp\u0113l\u0113t maz\u0101k p\u0101rpild\u012bt\u0101 vietn\u0113. Tas palielin\u0101s j\u016bsu izredzes uzvar\u0113t sp\u0113l\u0113, jo j\u016bs sacent\u012bsieties pret maz\u0101ku sp\u0113l\u0113t\u0101ju skaitu. Vietne ar sabalans\u0113tu sp\u0113l\u0113t\u0101ju skaitu dod jums liel\u0101kas izredzes uzvar\u0113t sp\u0113l\u0113. Izv\u0113lieties vietnes, kas nodro\u0161ina t\u0113rz\u0113tavas, lai sp\u0113l\u0113t\u0101ji var\u0113tu viegli sazin\u0101ties. Varat ar\u012b t\u0113rz\u0113t ar citiem sp\u0113l\u0113t\u0101jiem par k\u0101rt\u012bm, kuras vi\u0146i sp\u0113l\u0113. Varat ar\u012b palielin\u0101t k\u0101r\u0161u skaitu, lai main\u012btu uzvaru sav\u0101 pus\u0113.<\/p>\n<p>Daudz kas ir atkar\u012bgs ar\u012b no laika, kuru izv\u0113laties sp\u0113l\u0113t. Ir nov\u0113rots, ka, ja sp\u0113l\u0113jat nep\u0101ra stund\u0101s, jums ir iesp\u0113ja uzvar\u0113t, jo \u0161ajos laikos tie\u0161saist\u0113 nav daudz sp\u0113l\u0113t\u0101ju. Liela d\u017eekpota bingo sp\u0113l\u0113s vienm\u0113r izvairieties no p\u0101r\u0101k liela k\u0101r\u0161u skaita. Vienm\u0113r izv\u0113lieties kazino vietnes, kas pied\u0101v\u0101 100% depoz\u012bta bonusus. M\u016bsdien\u0101s kazino vietn\u0113s var atrast ar\u012b ieteikumu programmas. Programmas ietvaros j\u016bs sa\u0146emsiet bezmaksas naudu, ja j\u016bsu ieteiktais lietot\u0101js re\u0123istr\u0113sies kazino. Turkl\u0101t tie\u0161saistes kazino laiku pa laikam pied\u0101v\u0101 daudzus rekl\u0101mas bonusus.<\/p>\n<p>&nbsp;<\/p>\n","protected":false},"excerpt":{"rendered":"<p>Sp\u0113l\u0113jiet tie\u0161saistes bingo ar pareizo strat\u0113\u0123iju Pateicoties m\u016bsdienu interneta att\u012bst\u012bbai, j\u016bs varat baud\u012bt izklaid\u0113jo\u0161u bingo sp\u0113li tie\u0161i no savas m\u0101jas \u0113rt\u012bb\u0101m. Vislab\u0101kais ir tas, ka sp\u0113li varat sp\u0113l\u0113t jebkur\u0101 laik\u0101. T\u0101p\u0113c tie\u0161saistes bingo ir k\u013cuvis tik popul\u0101rs cilv\u0113ku, \u012bpa\u0161i sievie\u0161u, vid\u016b. Ja esat ies\u0101c\u0113js, neuztraucieties, j\u016bs varat apg\u016bt sp\u0113li, vispirms to izm\u0113\u0123inot bezmaksas bingo vietn\u0113. [&hellip;]<\/p>\n","protected":false},"author":1,"featured_media":0,"parent":8513,"menu_order":3,"comment_status":"closed","ping_status":"closed","template":"","meta":{"footnotes":""},"class_list":["post-11090","page","type-page","status-publish","hentry"],"yoast_head":"<!-- This site is optimized with the Yoast SEO plugin v27.4 - https:\/\/yoast.com\/product\/yoast-seo-wordpress\/ -->\n<title>Sp\u0113\u013cu strat\u0113\u0123ija tie\u0161saistes bingo<\/title>\n<meta name=\"description\" content=\"Palieliniet savas izredzes uzvar\u0113t tie\u0161saistes bingo, iev\u0113rojot pareizo sp\u0113les strat\u0113\u0123iju.\" \/>\n<meta name=\"robots\" content=\"index, follow, max-snippet:-1, max-image-preview:large, max-video-preview:-1\" \/>\n<link rel=\"canonical\" href=\"https:\/\/gambling6.com\/lv\/bingo\/panakumi-tiessaistes-bingo\/\" \/>\n<meta property=\"og:locale\" content=\"lv_LV\" \/>\n<meta property=\"og:type\" content=\"article\" \/>\n<meta property=\"og:title\" content=\"Sp\u0113\u013cu strat\u0113\u0123ija tie\u0161saistes bingo\" \/>\n<meta property=\"og:description\" content=\"Palieliniet savas izredzes uzvar\u0113t tie\u0161saistes bingo, iev\u0113rojot pareizo sp\u0113les strat\u0113\u0123iju.\" \/>\n<meta property=\"og:url\" content=\"https:\/\/gambling6.com\/lv\/bingo\/panakumi-tiessaistes-bingo\/\" \/>\n<meta property=\"og:site_name\" content=\"Gambling6\" \/>\n<meta property=\"article:published_time\" content=\"2025-11-17T15:04:11+00:00\" \/>\n<meta property=\"article:modified_time\" content=\"2025-11-17T16:36:22+00:00\" \/>\n<meta property=\"og:image\" content=\"https:\/\/media.revenueplanet.com\/uploads\/nbb-468x60-nov-generic.gif\" \/>\n<meta name=\"author\" content=\"Catfish\" \/>\n<meta name=\"twitter:card\" content=\"summary_large_image\" \/>\n<meta name=\"twitter:label1\" content=\"Written by\" \/>\n\t<meta name=\"twitter:data1\" content=\"Catfish\" \/>\n\t<meta name=\"twitter:label2\" content=\"Est. reading time\" \/>\n\t<meta name=\"twitter:data2\" content=\"3 minutes\" \/>\n<script type=\"application\/ld+json\" class=\"yoast-schema-graph\">{\"@context\":\"https:\\\/\\\/schema.org\",\"@graph\":[{\"@type\":\"Article\",\"@id\":\"https:\\\/\\\/gambling6.com\\\/lv\\\/bingo\\\/panakumi-tiessaistes-bingo\\\/#article\",\"isPartOf\":{\"@id\":\"https:\\\/\\\/gambling6.com\\\/lv\\\/bingo\\\/panakumi-tiessaistes-bingo\\\/\"},\"author\":{\"name\":\"Catfish\",\"@id\":\"https:\\\/\\\/gambling6.com\\\/lv\\\/#\\\/schema\\\/person\\\/d093de87a44a018ef67117d02d86ddaf\"},\"headline\":\"Pan\u0101kumi tie\u0161saistes bingo\",\"datePublished\":\"2025-11-17T15:04:11+00:00\",\"dateModified\":\"2025-11-17T16:36:22+00:00\",\"mainEntityOfPage\":{\"@id\":\"https:\\\/\\\/gambling6.com\\\/lv\\\/bingo\\\/panakumi-tiessaistes-bingo\\\/\"},\"wordCount\":581,\"image\":{\"@id\":\"https:\\\/\\\/gambling6.com\\\/lv\\\/bingo\\\/panakumi-tiessaistes-bingo\\\/#primaryimage\"},\"thumbnailUrl\":\"https:\\\/\\\/media.revenueplanet.com\\\/uploads\\\/nbb-468x60-nov-generic.gif\",\"articleSection\":[\"Bingo strat\u0113\u0123ija\",\"Bingo zi\u0146as\"],\"inLanguage\":\"lv-LV\"},{\"@type\":\"WebPage\",\"@id\":\"https:\\\/\\\/gambling6.com\\\/lv\\\/bingo\\\/panakumi-tiessaistes-bingo\\\/\",\"url\":\"https:\\\/\\\/gambling6.com\\\/lv\\\/bingo\\\/panakumi-tiessaistes-bingo\\\/\",\"name\":\"Sp\u0113\u013cu strat\u0113\u0123ija tie\u0161saistes bingo\",\"isPartOf\":{\"@id\":\"https:\\\/\\\/gambling6.com\\\/lv\\\/#website\"},\"primaryImageOfPage\":{\"@id\":\"https:\\\/\\\/gambling6.com\\\/lv\\\/bingo\\\/panakumi-tiessaistes-bingo\\\/#primaryimage\"},\"image\":{\"@id\":\"https:\\\/\\\/gambling6.com\\\/lv\\\/bingo\\\/panakumi-tiessaistes-bingo\\\/#primaryimage\"},\"thumbnailUrl\":\"https:\\\/\\\/media.revenueplanet.com\\\/uploads\\\/nbb-468x60-nov-generic.gif\",\"datePublished\":\"2025-11-17T15:04:11+00:00\",\"dateModified\":\"2025-11-17T16:36:22+00:00\",\"author\":{\"@id\":\"https:\\\/\\\/gambling6.com\\\/lv\\\/#\\\/schema\\\/person\\\/d093de87a44a018ef67117d02d86ddaf\"},\"description\":\"Palieliniet savas izredzes uzvar\u0113t tie\u0161saistes bingo, iev\u0113rojot pareizo sp\u0113les strat\u0113\u0123iju.\",\"breadcrumb\":{\"@id\":\"https:\\\/\\\/gambling6.com\\\/lv\\\/bingo\\\/panakumi-tiessaistes-bingo\\\/#breadcrumb\"},\"inLanguage\":\"lv-LV\",\"potentialAction\":[{\"@type\":\"ReadAction\",\"target\":[\"https:\\\/\\\/gambling6.com\\\/lv\\\/bingo\\\/panakumi-tiessaistes-bingo\\\/\"]}]},{\"@type\":\"ImageObject\",\"inLanguage\":\"lv-LV\",\"@id\":\"https:\\\/\\\/gambling6.com\\\/lv\\\/bingo\\\/panakumi-tiessaistes-bingo\\\/#primaryimage\",\"url\":\"https:\\\/\\\/media.revenueplanet.com\\\/uploads\\\/nbb-468x60-nov-generic.gif\",\"contentUrl\":\"https:\\\/\\\/media.revenueplanet.com\\\/uploads\\\/nbb-468x60-nov-generic.gif\"},{\"@type\":\"BreadcrumbList\",\"@id\":\"https:\\\/\\\/gambling6.com\\\/lv\\\/bingo\\\/panakumi-tiessaistes-bingo\\\/#breadcrumb\",\"itemListElement\":[{\"@type\":\"ListItem\",\"position\":1,\"name\":\"Home\",\"item\":\"https:\\\/\\\/gambling6.com\\\/lv\\\/home\\\/\"},{\"@type\":\"ListItem\",\"position\":2,\"name\":\"Pan\u0101kumi tie\u0161saistes bingo\"}]},{\"@type\":\"WebSite\",\"@id\":\"https:\\\/\\\/gambling6.com\\\/lv\\\/#website\",\"url\":\"https:\\\/\\\/gambling6.com\\\/lv\\\/\",\"name\":\"Gambling6\",\"description\":\"\",\"potentialAction\":[{\"@type\":\"SearchAction\",\"target\":{\"@type\":\"EntryPoint\",\"urlTemplate\":\"https:\\\/\\\/gambling6.com\\\/lv\\\/?s={search_term_string}\"},\"query-input\":{\"@type\":\"PropertyValueSpecification\",\"valueRequired\":true,\"valueName\":\"search_term_string\"}}],\"inLanguage\":\"lv-LV\"},{\"@type\":\"Person\",\"@id\":\"https:\\\/\\\/gambling6.com\\\/lv\\\/#\\\/schema\\\/person\\\/d093de87a44a018ef67117d02d86ddaf\",\"name\":\"Catfish\",\"image\":{\"@type\":\"ImageObject\",\"inLanguage\":\"lv-LV\",\"@id\":\"https:\\\/\\\/secure.gravatar.com\\\/avatar\\\/32edfa28ccbf005c231538b245a2670a36c7f33f2d3a9ab09e50843b363f2821?s=96&d=mm&r=g\",\"url\":\"https:\\\/\\\/secure.gravatar.com\\\/avatar\\\/32edfa28ccbf005c231538b245a2670a36c7f33f2d3a9ab09e50843b363f2821?s=96&d=mm&r=g\",\"contentUrl\":\"https:\\\/\\\/secure.gravatar.com\\\/avatar\\\/32edfa28ccbf005c231538b245a2670a36c7f33f2d3a9ab09e50843b363f2821?s=96&d=mm&r=g\",\"caption\":\"Catfish\"},\"sameAs\":[\"http:\\\/\\\/gambling6.com\"],\"url\":\"https:\\\/\\\/gambling6.com\\\/lv\\\/author\\\/catfish\\\/\"}]}<\/script>\n<!-- \/ Yoast SEO plugin. -->","yoast_head_json":{"title":"Sp\u0113\u013cu strat\u0113\u0123ija tie\u0161saistes bingo","description":"Palieliniet savas izredzes uzvar\u0113t tie\u0161saistes bingo, iev\u0113rojot pareizo sp\u0113les strat\u0113\u0123iju.","robots":{"index":"index","follow":"follow","max-snippet":"max-snippet:-1","max-image-preview":"max-image-preview:large","max-video-preview":"max-video-preview:-1"},"canonical":"https:\/\/gambling6.com\/lv\/bingo\/panakumi-tiessaistes-bingo\/","og_locale":"lv_LV","og_type":"article","og_title":"Sp\u0113\u013cu strat\u0113\u0123ija tie\u0161saistes bingo","og_description":"Palieliniet savas izredzes uzvar\u0113t tie\u0161saistes bingo, iev\u0113rojot pareizo sp\u0113les strat\u0113\u0123iju.","og_url":"https:\/\/gambling6.com\/lv\/bingo\/panakumi-tiessaistes-bingo\/","og_site_name":"Gambling6","article_published_time":"2025-11-17T15:04:11+00:00","article_modified_time":"2025-11-17T16:36:22+00:00","og_image":[{"url":"https:\/\/media.revenueplanet.com\/uploads\/nbb-468x60-nov-generic.gif","type":"","width":"","height":""}],"author":"Catfish","twitter_card":"summary_large_image","twitter_misc":{"Written by":"Catfish","Est. reading time":"3 minutes"},"schema":{"@context":"https:\/\/schema.org","@graph":[{"@type":"Article","@id":"https:\/\/gambling6.com\/lv\/bingo\/panakumi-tiessaistes-bingo\/#article","isPartOf":{"@id":"https:\/\/gambling6.com\/lv\/bingo\/panakumi-tiessaistes-bingo\/"},"author":{"name":"Catfish","@id":"https:\/\/gambling6.com\/lv\/#\/schema\/person\/d093de87a44a018ef67117d02d86ddaf"},"headline":"Pan\u0101kumi tie\u0161saistes bingo","datePublished":"2025-11-17T15:04:11+00:00","dateModified":"2025-11-17T16:36:22+00:00","mainEntityOfPage":{"@id":"https:\/\/gambling6.com\/lv\/bingo\/panakumi-tiessaistes-bingo\/"},"wordCount":581,"image":{"@id":"https:\/\/gambling6.com\/lv\/bingo\/panakumi-tiessaistes-bingo\/#primaryimage"},"thumbnailUrl":"https:\/\/media.revenueplanet.com\/uploads\/nbb-468x60-nov-generic.gif","articleSection":["Bingo strat\u0113\u0123ija","Bingo zi\u0146as"],"inLanguage":"lv-LV"},{"@type":"WebPage","@id":"https:\/\/gambling6.com\/lv\/bingo\/panakumi-tiessaistes-bingo\/","url":"https:\/\/gambling6.com\/lv\/bingo\/panakumi-tiessaistes-bingo\/","name":"Sp\u0113\u013cu strat\u0113\u0123ija tie\u0161saistes bingo","isPartOf":{"@id":"https:\/\/gambling6.com\/lv\/#website"},"primaryImageOfPage":{"@id":"https:\/\/gambling6.com\/lv\/bingo\/panakumi-tiessaistes-bingo\/#primaryimage"},"image":{"@id":"https:\/\/gambling6.com\/lv\/bingo\/panakumi-tiessaistes-bingo\/#primaryimage"},"thumbnailUrl":"https:\/\/media.revenueplanet.com\/uploads\/nbb-468x60-nov-generic.gif","datePublished":"2025-11-17T15:04:11+00:00","dateModified":"2025-11-17T16:36:22+00:00","author":{"@id":"https:\/\/gambling6.com\/lv\/#\/schema\/person\/d093de87a44a018ef67117d02d86ddaf"},"description":"Palieliniet savas izredzes uzvar\u0113t tie\u0161saistes bingo, iev\u0113rojot pareizo sp\u0113les strat\u0113\u0123iju.","breadcrumb":{"@id":"https:\/\/gambling6.com\/lv\/bingo\/panakumi-tiessaistes-bingo\/#breadcrumb"},"inLanguage":"lv-LV","potentialAction":[{"@type":"ReadAction","target":["https:\/\/gambling6.com\/lv\/bingo\/panakumi-tiessaistes-bingo\/"]}]},{"@type":"ImageObject","inLanguage":"lv-LV","@id":"https:\/\/gambling6.com\/lv\/bingo\/panakumi-tiessaistes-bingo\/#primaryimage","url":"https:\/\/media.revenueplanet.com\/uploads\/nbb-468x60-nov-generic.gif","contentUrl":"https:\/\/media.revenueplanet.com\/uploads\/nbb-468x60-nov-generic.gif"},{"@type":"BreadcrumbList","@id":"https:\/\/gambling6.com\/lv\/bingo\/panakumi-tiessaistes-bingo\/#breadcrumb","itemListElement":[{"@type":"ListItem","position":1,"name":"Home","item":"https:\/\/gambling6.com\/lv\/home\/"},{"@type":"ListItem","position":2,"name":"Pan\u0101kumi tie\u0161saistes bingo"}]},{"@type":"WebSite","@id":"https:\/\/gambling6.com\/lv\/#website","url":"https:\/\/gambling6.com\/lv\/","name":"Gambling6","description":"","potentialAction":[{"@type":"SearchAction","target":{"@type":"EntryPoint","urlTemplate":"https:\/\/gambling6.com\/lv\/?s={search_term_string}"},"query-input":{"@type":"PropertyValueSpecification","valueRequired":true,"valueName":"search_term_string"}}],"inLanguage":"lv-LV"},{"@type":"Person","@id":"https:\/\/gambling6.com\/lv\/#\/schema\/person\/d093de87a44a018ef67117d02d86ddaf","name":"Catfish","image":{"@type":"ImageObject","inLanguage":"lv-LV","@id":"https:\/\/secure.gravatar.com\/avatar\/32edfa28ccbf005c231538b245a2670a36c7f33f2d3a9ab09e50843b363f2821?s=96&d=mm&r=g","url":"https:\/\/secure.gravatar.com\/avatar\/32edfa28ccbf005c231538b245a2670a36c7f33f2d3a9ab09e50843b363f2821?s=96&d=mm&r=g","contentUrl":"https:\/\/secure.gravatar.com\/avatar\/32edfa28ccbf005c231538b245a2670a36c7f33f2d3a9ab09e50843b363f2821?s=96&d=mm&r=g","caption":"Catfish"},"sameAs":["http:\/\/gambling6.com"],"url":"https:\/\/gambling6.com\/lv\/author\/catfish\/"}]}},"_links":{"self":[{"href":"https:\/\/gambling6.com\/lv\/wp-json\/wp\/v2\/pages\/11090","targetHints":{"allow":["GET"]}}],"collection":[{"href":"https:\/\/gambling6.com\/lv\/wp-json\/wp\/v2\/pages"}],"about":[{"href":"https:\/\/gambling6.com\/lv\/wp-json\/wp\/v2\/types\/page"}],"author":[{"embeddable":true,"href":"https:\/\/gambling6.com\/lv\/wp-json\/wp\/v2\/users\/1"}],"replies":[{"embeddable":true,"href":"https:\/\/gambling6.com\/lv\/wp-json\/wp\/v2\/comments?post=11090"}],"version-history":[{"count":1,"href":"https:\/\/gambling6.com\/lv\/wp-json\/wp\/v2\/pages\/11090\/revisions"}],"predecessor-version":[{"id":11108,"href":"https:\/\/gambling6.com\/lv\/wp-json\/wp\/v2\/pages\/11090\/revisions\/11108"}],"up":[{"embeddable":true,"href":"https:\/\/gambling6.com\/lv\/wp-json\/wp\/v2\/pages\/8513"}],"wp:attachment":[{"href":"https:\/\/gambling6.com\/lv\/wp-json\/wp\/v2\/media?parent=11090"}],"curies":[{"name":"wp","href":"https:\/\/api.w.org\/{rel}","templated":true}]}}