{"id":8125,"date":"2025-10-29T11:26:27","date_gmt":"2025-10-29T11:26:27","guid":{"rendered":"https:\/\/gambling6.com\/?page_id=8125"},"modified":"2025-10-29T11:30:16","modified_gmt":"2025-10-29T11:30:16","slug":"home","status":"publish","type":"page","link":"https:\/\/gambling6.com\/lv\/","title":{"rendered":"Home"},"content":{"rendered":"<h2>Laipni l\u016bdzam Gambling6 \u2013 inform\u0101cija par vis\u0101m j\u016bsu azartsp\u0113\u013cu vajadz\u012bb\u0101m<\/h2>\n<p><img loading=\"lazy\" decoding=\"async\" class=\" wp-image-2679 alignright\" src=\"https:\/\/gambling6.com\/wp-content\/uploads\/2022\/04\/1_win_lottery_online1.jpg\" alt=\"Tie\u0161saistes azartsp\u0113les par naudu\" width=\"253\" height=\"168\" \/>Daudziem cilv\u0113kiem tie\u0161saistes azartsp\u0113\u013cu pasaule ar re\u0101lu naudu var \u0161\u0137ist bied\u0113jo\u0161a un kaut kas, ko vi\u0146i nev\u0113las izm\u0113\u0123in\u0101t. Vi\u0146i var patikt azartsp\u0113les kopum\u0101, bet vi\u0146i \u0161aub\u0101s, vai tie\u0161saistes azartsp\u0113\u013cu vietn\u0113m var uztic\u0113ties. Tom\u0113r \u0161odien tas ir viens no vienk\u0101r\u0161\u0101kajiem veidiem, k\u0101 baud\u012bt visas savas m\u012b\u013c\u0101k\u0101s kazino sp\u0113les, pat ja j\u016bs nedz\u012bvojat kazino tuvum\u0101.<\/p>\n<p>Tie\u0161saistes azartsp\u0113\u013cu vietnes ir rad\u012bju\u0161as iesp\u0113ju cilv\u0113kiem sp\u0113l\u0113t pokeri, n\u016bju, ruleti, videopokeri, sp\u0113\u013cu autom\u0101tus, bingo, skrejo\u0161\u0101s kartes, likt likmes uz sporta notikumiem, un tagad j\u016bs pat varat piedal\u012bties jebkur\u0101 no pasaules lielajiem loterijas d\u017eekpotiem tie\u0161saist\u0113 \u2013 nemaz neizejot no sava m\u0101j\u012bga dz\u012bvok\u013ca.<\/p>\n<p>Ikviens m\u012bl kazino vietnes ar \u0101tru izmaksu, un, ja jums pat\u012bk azartsp\u0113les, jums ir j\u0101iepaz\u012bstas ar to, k\u0101 tas viss darbojas, un j\u0101apskata, k\u0101 j\u016bs varat s\u0101kt sp\u0113l\u0113t daudz\u0101s tie\u0161saistes azartsp\u0113\u013cu vietn\u0113s, kas ir pieejamas. \u0145emot v\u0113r\u0101 t\u0101das tie\u0161saistes azartsp\u0113\u013cu resursu vietnes k\u0101 m\u016bsu padomus, j\u016bs var\u0113siet izv\u0113l\u0113ties labu pakalpojumu sniedz\u0113ju un nodro\u0161in\u0101t sev lielisku pieredzi. Ja j\u016bs v\u0113laties s\u0101kt sp\u0113l\u0113t uzreiz, \u0161eit ir mani person\u012bgie ieteikumi:<\/p>\n<h2>Lab\u0101k\u0101 vispus\u012bg\u0101 azartsp\u0113\u013cu vietne<\/h2>\n<p>Person\u012bgi es v\u0113los veikt visas savas tie\u0161saistes azartsp\u0113les vien\u0101 viet\u0101, bez nepiecie\u0161am\u012bbas veikt iemaksas da\u017e\u0101d\u0101s vietn\u0113s. T\u0101p\u0113c mana m\u012b\u013c\u0101k\u0101 vispus\u012bg\u0101 vietne ir 888 \u2013 lieliska tie\u0161saistes kazino vietne ar vislab\u0101kaj\u0101m sp\u0113\u013cu autom\u0101t\u0101m, k\u0101das esmu redz\u0113jis, un izcilu tie\u0161saistes pokera istabu. Kazino sp\u0113\u013cu izv\u0113le, tostarp Blackjack, Roulette un citas, nepaliek nekas v\u0113lams. Ja j\u016bs mekl\u0113jat re\u0101lu bingo vai skrejo\u0161o karti\u0146u pieredzi, j\u016bs nevarat atrast neko lab\u0101ku par 888.<\/p>\n<p>T\u0101p\u0113c mana m\u012b\u013c\u0101k\u0101 vispus\u012bg\u0101 vietne ir 888 \u2013 lielisks tie\u0161saistes kazino ar vislab\u0101kaj\u0101m sp\u0113\u013cu autom\u0101t\u0101m, k\u0101das esmu redz\u0113jis, un izcilu tie\u0161saistes pokera istabu. Kazino sp\u0113\u013cu izv\u0113le, tostarp Blackjack, rulete un citas, nepaliek nekas v\u0113lams. Ja mekl\u0113jat re\u0101lu bingo vai skrejo\u0161o karti\u0146u pieredzi, nekas nevar b\u016bt lab\u0101ks par 888.<\/p>\n<p>Un tad v\u0113l ir sporta der\u012bbu sada\u013ca, kas pied\u0101v\u0101 pla\u0161u izv\u0113li notikumiem, uz kuriem der\u0113t, un lab\u0101k\u0101s izredzes, k\u0101das var atrast internet\u0101. J\u016bs pat varat der\u0113t uz finan\u0161u r\u0101d\u012bt\u0101jiem, piem\u0113ram, galvenajiem akciju indeksiem un val\u016btas kursiem! Izmantojiet \u0161o saiti, <a class=\"thirstylink\" title=\"888 casino en\" href=\"https:\/\/gambling6.com\/go\/888-casino-en\/\" target=\"_blank\" rel=\"nofollow noopener\">lai jau \u0161odien apmekl\u0113tu 888, un j\u016bs sa\u0146emsiet bonusu l\u012bdz 1500 eiro par savu pirmo iemaksu.<\/a><\/p>\n<h2>Lab\u0101k\u0101 vispus\u012bg\u0101 azartsp\u0113\u013cu vietne ASV iedz\u012bvot\u0101jiem<\/h2>\n<p>Ja esat ASV iedz\u012bvot\u0101js, j\u016bsu izv\u0113le ir ierobe\u017eota, un da\u017ei no operatoriem, kas pie\u0146em ASV klientus, ir nedaudz aizdom\u012bgi, t\u0101p\u0113c jums j\u0101b\u016bt uzman\u012bgiem, izv\u0113loties, kuru izv\u0113l\u0113ties.<\/p>\n<p>Tom\u0113r viena vietne izce\u013cas no p\u0101r\u0113j\u0101m, un t\u0101 ir <a class=\"thirstylink\" title=\"Betonline casino en\" href=\"https:\/\/gambling6.com\/go\/betonline-casino-en\/\" target=\"_blank\" rel=\"nofollow noopener\">Betonline \u2013 \u0161eit j\u016bs varat sp\u0113l\u0113t tie\u0161saistes pokeri, kazino sp\u0113les, sp\u0113\u013cu autom\u0101tus, ruleti, n\u016bju un veikt sporta der\u012bbas.<\/a> Vi\u0146i pie\u0146em sp\u0113l\u0113t\u0101jus no ASV, un ir vair\u0101ki veidi, k\u0101 j\u016bs varat iemaks\u0101t naudu sav\u0101 kont\u0101, k\u0101 ar\u012b iz\u0146emt savus laimestus.<\/p>\n<h2>Gambling6 \u2013 se\u0161as popul\u0101r\u0101k\u0101s tie\u0161saistes azartsp\u0113\u013cu formas<\/h2>\n<p>Gambling6.com vietn\u0113 atrad\u012bsiet inform\u0101ciju par \u0161\u0101diem jaut\u0101jumiem:<\/p>\n<ul>\n<li>Kazino sp\u0113les, tostarp n\u016bju, rulete, craps, videopokers, sp\u0113\u013cu autom\u0101ti utt.<\/li>\n<li>Pokers vis\u0101s t\u0101 vari\u0101cij\u0101s<\/li>\n<li>Tie\u0161saistes bingo<\/li>\n<li>Tie\u0161saistes skrejo\u0161\u0101s kartes<\/li>\n<li>Sporta der\u012bbas un der\u012bbas par citiem notikumiem<\/li>\n<li>K\u0101 ieg\u0101d\u0101ties bi\u013ceti tie\u0161saist\u0113 jebkurai loterijai \u0101rpus savas dz\u012bvesvietas valsts<\/li>\n<\/ul>\n<h2>K\u0101 b\u016btu ar loterijas izklaidi un pasaules klases d\u017eekpotiem?<\/h2>\n<p>Pie\u0146emsim, ka esat loterijas fans un nev\u0113laties ierobe\u017eoties ar savu viet\u0113jo loteriju. T\u0101d\u0101 gad\u012bjum\u0101 mums ir labas zi\u0146as: tagad j\u016bs varat izm\u0113\u0123in\u0101t savu veiksmi jebkur\u0101 loterijas d\u017eekpot\u0101 vis\u0101 pasaul\u0113 \u2014 RedFoxLotto \u013cauj jums ieg\u0101d\u0101ties loterijas bi\u013cetes tie\u0161saist\u0113 pasaules liel\u0101kajiem loterijas d\u017eekpotiem, piem\u0113ram, Mega Millions, Powerball, El Gordo, EuroMillions un daudziem citiem. Klik\u0161\u0137iniet \u0161eit, lai p\u0101rbaud\u012btu, kur\u0101 loterij\u0101 ir liel\u0101kais d\u017eekpots, un ieg\u0101d\u0101jieties bi\u013ceti da\u017eu sekun\u017eu laik\u0101!<\/p>\n<h2>Tie\u0161saistes kazino FAQ<\/h2>\n<p>Ja j\u016bs esat jauns tie\u0161saistes kazino pasaul\u0113, jums dro\u0161i vien ir jaut\u0101jumi par sp\u0113l\u0113\u0161anu tie\u0161saist\u0113 un par to, k\u0101 tas viss darbojas. Da\u017ei no j\u016bsu jaut\u0101jumiem ir t\u0101di pa\u0161i, k\u0101di ir daudziem citiem jauniem tie\u0161saistes kazino sp\u0113l\u0113t\u0101jiem. Atbildes uz \u0161iem jaut\u0101jumiem ir sniegtas \u0161aj\u0101 FAQ sada\u013c\u0101, un t\u0101s pal\u012bdz\u0113s jums s\u0101kt sp\u0113l\u0113t.<\/p>\n<p><strong>Vai man ir j\u0101b\u016bt noteikt\u0101 vecum\u0101, lai sp\u0113l\u0113tu tie\u0161saistes kazino?<\/strong><\/p>\n<p>Katrs tie\u0161saistes kazino nosaka savus noteikumus un vadl\u012bnijas. Tom\u0113r liel\u0101kaj\u0101 da\u013c\u0101 no tiem sp\u0113l\u0113t\u0101jiem ir j\u0101b\u016bt vismaz 18 vai 21 gadu vecum\u0101, lai var\u0113tu piedal\u012bties kazino sp\u0113l\u0113s ar re\u0101lu naudu.<\/p>\n<p><strong>Vai man ir j\u0101lejupl\u0101d\u0113 kaut kas uz savu datoru, lai var\u0113tu sp\u0113l\u0113t tie\u0161saistes kazino sp\u0113les?<\/strong><\/p>\n<p>Daudzi tie\u0161saistes kazino \u013cauj sp\u0113l\u0113t t\u016bl\u012bt\u0113j\u0101s sp\u0113les re\u017e\u012bm\u0101. Ja izv\u0113laties izmantot t\u016bl\u012bt\u0113j\u0101s sp\u0113les re\u017e\u012bmu, jums nav j\u0101lejupl\u0101d\u0113 nek\u0101da programmat\u016bra uz savu datoru.<\/p>\n<p><strong>Cik gr\u016bti ir re\u0123istr\u0113ties tie\u0161saistes kazino?<\/strong><\/p>\n<p>Re\u0123istr\u0101cijas process ir \u013coti vienk\u0101r\u0161s. Jums b\u016bs j\u0101ievada pamatinform\u0101cija par sevi un j\u0101lejupiel\u0101d\u0113 un j\u0101instal\u0113 programmat\u016bra, ja pl\u0101nojat sp\u0113l\u0113t sp\u0113les, kur\u0101m nepiecie\u0161ama lejupiel\u0101de. Viss process aiz\u0146em tikai da\u017eas min\u016btes.<\/p>\n<p><strong>Vai man ir j\u0101iemaks\u0101 nauda uzreiz?<\/strong><\/p>\n<p>Liel\u0101k\u0101 da\u013ca kazino \u013cauj izm\u0113\u0123in\u0101t sp\u0113les bez iemaksas. Da\u017ei pied\u0101v\u0101 bezmaksas griezienus vai \u013cauj sp\u0113l\u0113t bez maksas noteiktu laiku. Bie\u017ei vien \u0161aj\u0101 period\u0101 varat pat patur\u0113t savus laimestus, ja v\u0113l\u0101k veicat re\u0101lu naudas iemaksu!<\/p>\n<p><strong>Kas ir bonusi?<\/strong><\/p>\n<p>Liel\u0101k\u0101 da\u013ca tie\u0161saistes kazino izmanto bonusus, lai piesaist\u012btu sp\u0113l\u0113t\u0101jus un pan\u0101ktu, ka tie atgrie\u017eas. Da\u017ei bonusi ir v\u0113rti simtiem vai pat t\u016bksto\u0161iem dol\u0101ru. Liel\u0101kaj\u0101 da\u013c\u0101 gad\u012bjumu, lai piek\u013c\u016btu bonusiem, jums b\u016bs j\u0101izpilda noteikti nosac\u012bjumi. Nor\u0101d\u012bjumi par bonusa izmanto\u0161anu ir atrodami tie\u0161saistes kazino, kas pied\u0101v\u0101 bonusu.<\/p>\n<p><strong>K\u0101das sp\u0113les es varu sp\u0113l\u0113t tie\u0161saistes kazino?<\/strong><\/p>\n<p>Katrs tie\u0161saistes kazino pied\u0101v\u0101 savu sp\u0113\u013cu izv\u0113li. Tom\u0113r da\u017eas no visbie\u017e\u0101k sastopamaj\u0101m sp\u0113l\u0113m ir video sp\u0113\u013cu autom\u0101ti, sp\u0113\u013cu autom\u0101ti, rulete, craps, blackjack, pokers un pat loterijas no visas pasaules.<\/p>\n<p><strong>Cik daudz naudas es patie\u0161\u0101m varu vinn\u0113t, sp\u0113l\u0113jot tie\u0161saistes kazino?<\/strong><\/p>\n<p>Pirmk\u0101rt, nav garantijas, ka j\u016bs visp\u0101r kaut ko uzvar\u0113siet. Tom\u0113r tur ir iesp\u0113jams uzvar\u0113t daudz naudas. J\u016bs atrad\u012bsiet miljonu dol\u0101ru sp\u0113\u013cu autom\u0101tu d\u017eekpotus, pokera turn\u012brus ar garant\u0113tu balvu fondu 1 miljonu dol\u0101ru vai vair\u0101k utt. Faktiski liel\u0101kajai da\u013cai tie\u0161saistes kazino ir lab\u0101ki izmaksu procenti nek\u0101 re\u0101lajiem kazino. Tas ir t\u0101p\u0113c, ka tiem ir zem\u0101kas pamatizmaksas un tie var at\u013cauties izmaks\u0101t augst\u0101kas likmes.<\/p>\n","protected":false},"excerpt":{"rendered":"<p>Laipni l\u016bdzam Gambling6 \u2013 inform\u0101cija par vis\u0101m j\u016bsu azartsp\u0113\u013cu vajadz\u012bb\u0101m Daudziem cilv\u0113kiem tie\u0161saistes azartsp\u0113\u013cu pasaule ar re\u0101lu naudu var \u0161\u0137ist bied\u0113jo\u0161a un kaut kas, ko vi\u0146i nev\u0113las izm\u0113\u0123in\u0101t. Vi\u0146i var patikt azartsp\u0113les kopum\u0101, bet vi\u0146i \u0161aub\u0101s, vai tie\u0161saistes azartsp\u0113\u013cu vietn\u0113m var uztic\u0113ties. Tom\u0113r \u0161odien tas ir viens no vienk\u0101r\u0161\u0101kajiem veidiem, k\u0101 baud\u012bt visas savas m\u012b\u013c\u0101k\u0101s [&hellip;]<\/p>\n","protected":false},"author":1,"featured_media":0,"parent":0,"menu_order":1,"comment_status":"closed","ping_status":"closed","template":"","meta":{"footnotes":""},"class_list":["post-8125","page","type-page","status-publish","hentry"],"yoast_head":"<!-- This site is optimized with the Yoast SEO plugin v27.4 - https:\/\/yoast.com\/product\/yoast-seo-wordpress\/ -->\n<title>Lab\u0101kais tie\u0161saistes azartsp\u0113\u013cu port\u0101ls par naudu | Laipni l\u016bdzam Gambling6<\/title>\n<meta name=\"description\" content=\"Ja jums pat\u012bk azartsp\u0113les par naudu, m\u016bsu azartsp\u0113\u013cu resursu vietn\u0113 ir visa nepiecie\u0161am\u0101 inform\u0101cija par 6 popul\u0101r\u0101kaj\u0101m tie\u0161saistes sp\u0113l\u0113m.\" \/>\n<meta name=\"robots\" content=\"index, follow, max-snippet:-1, max-image-preview:large, max-video-preview:-1\" \/>\n<link rel=\"canonical\" href=\"https:\/\/gambling6.com\/lv\/\" \/>\n<meta property=\"og:locale\" content=\"lv_LV\" \/>\n<meta property=\"og:type\" content=\"article\" \/>\n<meta property=\"og:title\" content=\"Lab\u0101kais tie\u0161saistes azartsp\u0113\u013cu port\u0101ls par naudu | Laipni l\u016bdzam Gambling6\" \/>\n<meta property=\"og:description\" content=\"Ja jums pat\u012bk azartsp\u0113les par naudu, m\u016bsu azartsp\u0113\u013cu resursu vietn\u0113 ir visa nepiecie\u0161am\u0101 inform\u0101cija par 6 popul\u0101r\u0101kaj\u0101m tie\u0161saistes sp\u0113l\u0113m.\" \/>\n<meta property=\"og:url\" content=\"https:\/\/gambling6.com\/lv\/\" \/>\n<meta property=\"og:site_name\" content=\"Gambling6\" \/>\n<meta property=\"article:modified_time\" content=\"2025-10-29T11:30:16+00:00\" \/>\n<meta property=\"og:image\" content=\"https:\/\/gambling6.com\/wp-content\/uploads\/2022\/04\/1_win_lottery_online1.jpg\" \/>\n\t<meta property=\"og:image:width\" content=\"300\" \/>\n\t<meta property=\"og:image:height\" content=\"199\" \/>\n\t<meta property=\"og:image:type\" content=\"image\/jpeg\" \/>\n<meta name=\"twitter:card\" content=\"summary_large_image\" \/>\n<meta name=\"twitter:label1\" content=\"Est. reading time\" \/>\n\t<meta name=\"twitter:data1\" content=\"7 minutes\" \/>\n<script type=\"application\/ld+json\" class=\"yoast-schema-graph\">{\"@context\":\"https:\\\/\\\/schema.org\",\"@graph\":[{\"@type\":\"WebPage\",\"@id\":\"https:\\\/\\\/gambling6.com\\\/lv\\\/\",\"url\":\"https:\\\/\\\/gambling6.com\\\/lv\\\/\",\"name\":\"Lab\u0101kais tie\u0161saistes azartsp\u0113\u013cu port\u0101ls par naudu | Laipni l\u016bdzam Gambling6\",\"isPartOf\":{\"@id\":\"https:\\\/\\\/gambling6.com\\\/lv\\\/#website\"},\"primaryImageOfPage\":{\"@id\":\"https:\\\/\\\/gambling6.com\\\/lv\\\/#primaryimage\"},\"image\":{\"@id\":\"https:\\\/\\\/gambling6.com\\\/lv\\\/#primaryimage\"},\"thumbnailUrl\":\"https:\\\/\\\/gambling6.com\\\/wp-content\\\/uploads\\\/2022\\\/04\\\/1_win_lottery_online1.jpg\",\"datePublished\":\"2025-10-29T11:26:27+00:00\",\"dateModified\":\"2025-10-29T11:30:16+00:00\",\"description\":\"Ja jums pat\u012bk azartsp\u0113les par naudu, m\u016bsu azartsp\u0113\u013cu resursu vietn\u0113 ir visa nepiecie\u0161am\u0101 inform\u0101cija par 6 popul\u0101r\u0101kaj\u0101m tie\u0161saistes sp\u0113l\u0113m.\",\"breadcrumb\":{\"@id\":\"https:\\\/\\\/gambling6.com\\\/lv\\\/#breadcrumb\"},\"inLanguage\":\"lv-LV\",\"potentialAction\":[{\"@type\":\"ReadAction\",\"target\":[\"https:\\\/\\\/gambling6.com\\\/lv\\\/\"]}]},{\"@type\":\"ImageObject\",\"inLanguage\":\"lv-LV\",\"@id\":\"https:\\\/\\\/gambling6.com\\\/lv\\\/#primaryimage\",\"url\":\"https:\\\/\\\/gambling6.com\\\/wp-content\\\/uploads\\\/2022\\\/04\\\/1_win_lottery_online1.jpg\",\"contentUrl\":\"https:\\\/\\\/gambling6.com\\\/wp-content\\\/uploads\\\/2022\\\/04\\\/1_win_lottery_online1.jpg\"},{\"@type\":\"BreadcrumbList\",\"@id\":\"https:\\\/\\\/gambling6.com\\\/lv\\\/#breadcrumb\",\"itemListElement\":[{\"@type\":\"ListItem\",\"position\":1,\"name\":\"Home\",\"item\":\"https:\\\/\\\/gambling6.com\\\/lv\\\/home\\\/\"},{\"@type\":\"ListItem\",\"position\":2,\"name\":\"Home\"}]},{\"@type\":\"WebSite\",\"@id\":\"https:\\\/\\\/gambling6.com\\\/lv\\\/#website\",\"url\":\"https:\\\/\\\/gambling6.com\\\/lv\\\/\",\"name\":\"Gambling6\",\"description\":\"\",\"potentialAction\":[{\"@type\":\"SearchAction\",\"target\":{\"@type\":\"EntryPoint\",\"urlTemplate\":\"https:\\\/\\\/gambling6.com\\\/lv\\\/?s={search_term_string}\"},\"query-input\":{\"@type\":\"PropertyValueSpecification\",\"valueRequired\":true,\"valueName\":\"search_term_string\"}}],\"inLanguage\":\"lv-LV\"}]}<\/script>\n<!-- \/ Yoast SEO plugin. -->","yoast_head_json":{"title":"Lab\u0101kais tie\u0161saistes azartsp\u0113\u013cu port\u0101ls par naudu | Laipni l\u016bdzam Gambling6","description":"Ja jums pat\u012bk azartsp\u0113les par naudu, m\u016bsu azartsp\u0113\u013cu resursu vietn\u0113 ir visa nepiecie\u0161am\u0101 inform\u0101cija par 6 popul\u0101r\u0101kaj\u0101m tie\u0161saistes sp\u0113l\u0113m.","robots":{"index":"index","follow":"follow","max-snippet":"max-snippet:-1","max-image-preview":"max-image-preview:large","max-video-preview":"max-video-preview:-1"},"canonical":"https:\/\/gambling6.com\/lv\/","og_locale":"lv_LV","og_type":"article","og_title":"Lab\u0101kais tie\u0161saistes azartsp\u0113\u013cu port\u0101ls par naudu | Laipni l\u016bdzam Gambling6","og_description":"Ja jums pat\u012bk azartsp\u0113les par naudu, m\u016bsu azartsp\u0113\u013cu resursu vietn\u0113 ir visa nepiecie\u0161am\u0101 inform\u0101cija par 6 popul\u0101r\u0101kaj\u0101m tie\u0161saistes sp\u0113l\u0113m.","og_url":"https:\/\/gambling6.com\/lv\/","og_site_name":"Gambling6","article_modified_time":"2025-10-29T11:30:16+00:00","og_image":[{"width":300,"height":199,"url":"https:\/\/gambling6.com\/wp-content\/uploads\/2022\/04\/1_win_lottery_online1.jpg","type":"image\/jpeg"}],"twitter_card":"summary_large_image","twitter_misc":{"Est. reading time":"7 minutes"},"schema":{"@context":"https:\/\/schema.org","@graph":[{"@type":"WebPage","@id":"https:\/\/gambling6.com\/lv\/","url":"https:\/\/gambling6.com\/lv\/","name":"Lab\u0101kais tie\u0161saistes azartsp\u0113\u013cu port\u0101ls par naudu | Laipni l\u016bdzam Gambling6","isPartOf":{"@id":"https:\/\/gambling6.com\/lv\/#website"},"primaryImageOfPage":{"@id":"https:\/\/gambling6.com\/lv\/#primaryimage"},"image":{"@id":"https:\/\/gambling6.com\/lv\/#primaryimage"},"thumbnailUrl":"https:\/\/gambling6.com\/wp-content\/uploads\/2022\/04\/1_win_lottery_online1.jpg","datePublished":"2025-10-29T11:26:27+00:00","dateModified":"2025-10-29T11:30:16+00:00","description":"Ja jums pat\u012bk azartsp\u0113les par naudu, m\u016bsu azartsp\u0113\u013cu resursu vietn\u0113 ir visa nepiecie\u0161am\u0101 inform\u0101cija par 6 popul\u0101r\u0101kaj\u0101m tie\u0161saistes sp\u0113l\u0113m.","breadcrumb":{"@id":"https:\/\/gambling6.com\/lv\/#breadcrumb"},"inLanguage":"lv-LV","potentialAction":[{"@type":"ReadAction","target":["https:\/\/gambling6.com\/lv\/"]}]},{"@type":"ImageObject","inLanguage":"lv-LV","@id":"https:\/\/gambling6.com\/lv\/#primaryimage","url":"https:\/\/gambling6.com\/wp-content\/uploads\/2022\/04\/1_win_lottery_online1.jpg","contentUrl":"https:\/\/gambling6.com\/wp-content\/uploads\/2022\/04\/1_win_lottery_online1.jpg"},{"@type":"BreadcrumbList","@id":"https:\/\/gambling6.com\/lv\/#breadcrumb","itemListElement":[{"@type":"ListItem","position":1,"name":"Home","item":"https:\/\/gambling6.com\/lv\/home\/"},{"@type":"ListItem","position":2,"name":"Home"}]},{"@type":"WebSite","@id":"https:\/\/gambling6.com\/lv\/#website","url":"https:\/\/gambling6.com\/lv\/","name":"Gambling6","description":"","potentialAction":[{"@type":"SearchAction","target":{"@type":"EntryPoint","urlTemplate":"https:\/\/gambling6.com\/lv\/?s={search_term_string}"},"query-input":{"@type":"PropertyValueSpecification","valueRequired":true,"valueName":"search_term_string"}}],"inLanguage":"lv-LV"}]}},"_links":{"self":[{"href":"https:\/\/gambling6.com\/lv\/wp-json\/wp\/v2\/pages\/8125","targetHints":{"allow":["GET"]}}],"collection":[{"href":"https:\/\/gambling6.com\/lv\/wp-json\/wp\/v2\/pages"}],"about":[{"href":"https:\/\/gambling6.com\/lv\/wp-json\/wp\/v2\/types\/page"}],"author":[{"embeddable":true,"href":"https:\/\/gambling6.com\/lv\/wp-json\/wp\/v2\/users\/1"}],"replies":[{"embeddable":true,"href":"https:\/\/gambling6.com\/lv\/wp-json\/wp\/v2\/comments?post=8125"}],"version-history":[{"count":4,"href":"https:\/\/gambling6.com\/lv\/wp-json\/wp\/v2\/pages\/8125\/revisions"}],"predecessor-version":[{"id":8129,"href":"https:\/\/gambling6.com\/lv\/wp-json\/wp\/v2\/pages\/8125\/revisions\/8129"}],"wp:attachment":[{"href":"https:\/\/gambling6.com\/lv\/wp-json\/wp\/v2\/media?parent=8125"}],"curies":[{"name":"wp","href":"https:\/\/api.w.org\/{rel}","templated":true}]}}