{"id":8314,"date":"2025-11-07T09:43:55","date_gmt":"2025-11-07T09:43:55","guid":{"rendered":"https:\/\/gambling6.com\/kazino\/"},"modified":"2025-11-12T15:41:07","modified_gmt":"2025-11-12T15:41:07","slug":"kazino","status":"publish","type":"page","link":"https:\/\/gambling6.com\/lv\/kazino\/","title":{"rendered":"Kazino"},"content":{"rendered":"<h2>Tie\u0161saistes kazino ies\u0101c\u0113ja ce\u013cvedis<\/h2>\n<p>Atz\u012bsim \u2013 tie\u0161saistes kazino ir \u0161eit uz palik\u0161anu. \u0145emot v\u0113r\u0101 t\u0101 pieaugo\u0161o popularit\u0101ti, ir apstiprin\u0101ts, ka sp\u0113l\u0113t\u0101jiem tas pat\u012bk. Azartsp\u0113les tie\u0161saist\u0113 uz \u012bstu naudu ir iepriecin\u0101ju\u0161as ikvienu, kas ir s\u0101cis sp\u0113l\u0113t, un vi\u0146i prasa v\u0113l un v\u0113l. Gandr\u012bz katru dienu \u0161ajos \u012bstas naudas kazino main\u0101s liela naudas summa. Neatkar\u012bgi no t\u0101, vai t\u0101s ir iemaksas vai izmaksas, viss notiek \u013coti \u0101tri, izmantojot internetu.<\/p>\n<p>Tom\u0113r tie\u0161i \u0161eit daudzi cilv\u0113ki k\u013c\u016bst nedaudz nervozi. Sp\u0113l\u0113t\u0101jus uztrauc nevis kar\u0161u vai sp\u0113\u013cu autom\u0101tu kombin\u0101cijas, bet gan maks\u0101jumu iesp\u0113jas un to dro\u0161\u012bba. Ar\u012b vi\u0146us nevar vainot. Interneta dar\u012bjumi var rad\u012bt daudz galvass\u0101pju, ja neesat pietiekami uzman\u012bgs.<\/p>\n<p>T\u0101p\u0113c daudzi tie\u0161saistes kazino dara visu iesp\u0113jamo, lai p\u0101rliecin\u0101tu klientus, ka <strong>vi\u0146u vietn\u0113s pied\u0101v\u0101t\u0101s maks\u0101jumu iesp\u0113jas ir dro\u0161as un aizsarg\u0101tas<\/strong>. Tie\u0161\u0101m ir ieteicams b\u016bt uzman\u012bgiem, veicot tie\u0161saistes dar\u012bjumus. P\u0113d\u0113jais, ko v\u0113laties, ir j\u016bsu kred\u012btkartes dati non\u0101kt nepareiz\u0101s rok\u0101s. Internet\u0101 ir diezgan daudz hakeru un kr\u0101pnieku, un p\u0113d\u0113jais, ko v\u0113laties, ir k\u013c\u016bt par vi\u0146u n\u0101kamo upuri. Lab\u0101kais, ko varat dar\u012bt, ir uzlabot savas zin\u0101\u0161anas par tie\u0161saistes maks\u0101jumu veidiem un to daudzveid\u012bbu.<\/p>\n<p>Tie\u0161saistes kazino pied\u0101v\u0101 diezgan daudz maks\u0101jumu kan\u0101lu, kurus ir dro\u0161i izmantot, sp\u0113l\u0113jot azartsp\u0113les tie\u0161saist\u0113. Maks\u0101jumi ar kred\u012btkart\u0113m vai debetkart\u0113m ir diezgan izplat\u012bti tie\u0161saistes kazino scen\u0101rij\u0101. Gandr\u012bz visi kazino pie\u0146em Visa un Master Card, k\u0101 ar\u012b American Express kartes. J\u016bs varat izmantot jebkuru no \u0161\u012bm kart\u0113m, lai veiktu dar\u012bjumus.<\/p>\n<h2>Tie\u0161saistes kazino, kas pie\u0146em ASV klientus<\/h2>\n<p><img loading=\"lazy\" decoding=\"async\" class=\" wp-image-2901 alignright\" src=\"https:\/\/gambling6.com\/wp-content\/uploads\/2022\/04\/download-image2-300x190.jpg\" alt=\"tie\u0161saistes kazino lejupiel\u0101de\n\" width=\"249\" height=\"158\" srcset=\"https:\/\/gambling6.com\/wp-content\/uploads\/2022\/04\/download-image2-300x190.jpg 300w, https:\/\/gambling6.com\/wp-content\/uploads\/2022\/04\/download-image2.jpg 435w\" sizes=\"auto, (max-width: 249px) 100vw, 249px\" \/>Ja esat Amerikas Savienoto Valstu iedz\u012bvot\u0101js, j\u016bsu iesp\u0113jas attiec\u012bb\u0101 uz tie\u0161saistes kazino ir nedaudz ierobe\u017eotas ASV ties\u012bbu aktu d\u0113\u013c. Tas pats attiecas uz jums pieejamaj\u0101m maks\u0101jumu iesp\u0113j\u0101m. T\u0101p\u0113c jums k\u0101 ASV iedz\u012bvot\u0101jam vajadz\u0113tu mekl\u0113t kazino ar \u0113rt\u0101m iemaksu un izmaksu metod\u0113m, lai s\u0101ktu azartsp\u0113les tie\u0161saist\u0113.<\/p>\n<p>\u012apa\u0161i, run\u0101jot par maks\u0101jumu apstr\u0101des vienk\u0101r\u0161\u012bbu, BetOnline kazino izce\u013cas no p\u016b\u013ca, t\u0101p\u0113c m\u0113s to \u013coti iesak\u0101m ASV apmekl\u0113t\u0101jiem. <a class=\"thirstylink\" title=\"Betonline casino en\" href=\"https:\/\/gambling6.com\/go\/betonline-casino-en\/\" target=\"_blank\" rel=\"nofollow noopener\"><strong>Noklik\u0161\u0137iniet <\/strong><strong>\u0161eit, lai apmekl\u0113tu vi\u0146u vietni t\u016bl\u012bt.<\/strong><\/a><\/p>\n<p>Lai gan tas var \u0161\u0137ist pa\u0161saprotams ieteikums, pirms kred\u012btkartes datu ievad\u012b\u0161anas p\u0101rliecinieties, ka esat skaidri sapratis dar\u012bjuma m\u0113r\u0137i un uzticaties vietnei. Varat ar\u012b izv\u0113l\u0113ties tie\u0161saistes maks\u0101jumu veidus, kas nav tikai kred\u012btkartes inform\u0101cijas ievad\u012b\u0161ana. Ir diezgan daudz tie\u0161saistes port\u0101lu, kas ir paredz\u0113ti \u0161im m\u0113r\u0137im. Ir taisn\u012bba, ka kazino var b\u016bt savas iecien\u012bt\u0101k\u0101s tie\u0161saistes dar\u012bjumu vietnes, ta\u010du da\u017eas ir popul\u0101r\u0101kas par cit\u0101m.<\/p>\n<p>\u0160\u012bs tie\u0161saistes dar\u012bjumu vietnes ietver Neteller, Money Transfer, eWalletXpress, PayPal, Instadebit un Moneybookers. Moneybookers ir metode, kas ir diezgan popul\u0101ra Eiropas valst\u012bs, tostarp Apvienotaj\u0101 Karalist\u0113. \u0160\u012b iesp\u0113ja ir padar\u012bjusi Eiropas pilso\u0146us par lieliem tie\u0161saistes kazino cien\u012bt\u0101jiem.<\/p>\n<h2>Kazino, kas apstr\u0101d\u0101 maks\u0101jumus, izmantojot PayPal<\/h2>\n<p>Ja esat paz\u012bstams ar PayPal, jums neb\u016bs probl\u0113mu to izmantot tie\u0161saistes sp\u0113\u013cu sesij\u0101m. Viss, kas jums j\u0101dara, ir j\u0101re\u0123istr\u0113 savs v\u0101rds un j\u0101saista kred\u012btkarte ar kontu. \u0160o maks\u0101juma veidu pie\u0146em liel\u0101k\u0101 da\u013ca kazino un tie\u0161saistes azartsp\u0113\u013cu viet\u0146u. Ja v\u0113laties palikt anon\u012bms, sp\u0113l\u0113jot azartsp\u0113les tie\u0161saist\u0113, tad eWalletXpress ir vispiem\u0113rot\u0101k\u0101 jums. Papildus dro\u0161\u012bbai \u0161\u012b vietne pal\u012bdz noguld\u012bt\u0101jiem palikt slepeniem. T\u0101 ir \u0101tra dar\u012bjumu metode, ko pie\u0146em liel\u0101k\u0101 da\u013ca tie\u0161saistes kazino.<\/p>\n<p>Pateicoties tie\u0161saistes dar\u012bjumu, tostarp azartsp\u0113\u013cu tie\u0161saist\u0113, popularit\u0101tei, PayPal ir ieguvis lielu uzman\u012bbu. \u0160\u0137iet, ka ir neliels skaits kazino, kas uzticas \u0161ai vietnei t\u0101s dro\u0161\u0101 maks\u0101jumu re\u017e\u012bma d\u0113\u013c.<\/p>\n<p>888 Casino nodro\u0161ina PayPal iesp\u0113ju visiem saviem sp\u0113l\u0113t\u0101jiem, kas dz\u012bvo Apvienotaj\u0101 Karalist\u0113 un \u012arij\u0101. Tom\u0113r, ja esat Austr\u0101lijas iedz\u012bvot\u0101js un v\u0113laties sp\u0113l\u0113t \u0161aj\u0101 vietn\u0113, varat veikt dar\u012bjumus, izmantojot Master Card. Papildus div\u0101m iepriek\u0161min\u0113taj\u0101m valst\u012bm, citas Eiropas valstis, kuras aptver \u0161\u012b tie\u0161saistes dar\u012bjumu sist\u0113ma, ir Sp\u0101nija, Portug\u0101le, It\u0101lija, Austrija, Somija, Zviedrija un D\u0101nija.<\/p>\n<p>\u0160obr\u012bd 888 kazino pied\u0101v\u0101 lielisku pied\u0101v\u0101jumu jaunajiem sp\u0113l\u0113t\u0101jiem: <strong>100% un l\u012bdz pat 1500,00 eiro bonuss j\u016bsu pirmajam depoz\u012btam jaunajiem sp\u0113l\u0113t\u0101jiem!<\/strong> \u0160is rekl\u0101mas pied\u0101v\u0101jums ir paredz\u0113ts tikai noteiktu valstu iedz\u012bvot\u0101jiem, <a class=\"thirstylink\" title=\"888 casino en\" href=\"https:\/\/gambling6.com\/go\/888-casino-en\/\" target=\"_blank\" rel=\"nofollow noopener\">l\u016bdzu, skatiet 888 t\u012bmek\u013ca vietnes, lai ieg\u016btu vair\u0101k inform\u0101cijas.<\/a><\/p>\n<p>\u012asum\u0101, liel\u0101kaj\u0101 da\u013c\u0101 ir pieejamas maks\u0101jumu iesp\u0113jas visiem sp\u0113l\u0113t\u0101jiem neatkar\u012bgi no vi\u0146u dz\u012bvesvietas. Lai ganAmerikas un Austr\u0101lijas pilso\u0146i var izmantot Visa, Master Card, Neteller un Moneybookers kartes, savuk\u0101rt Eiropas iedz\u012bvot\u0101ji var izmantot PayPal sist\u0113mu.<\/p>\n<p>888 Casino pied\u0101v\u0101 da\u017e\u0101das sp\u0113les, tostarp 3D sp\u0113les. Likmes var veikt, izmantojot PayPal, Master Card vai jebkuru citu pie\u0146emtu maks\u0101juma veidu. Visi \u0161ie maks\u0101juma veidi ir diezgan dro\u0161i. Tom\u0113r, t\u0101pat k\u0101 daudzos citos tie\u0161saistes kazino, ar\u012b 888casinos.com ir noteikta minim\u0101l\u0101 iemaksas summa, kas j\u0101iev\u0113ro. Ta\u010du summa bie\u017ei vien ir atkar\u012bga no izv\u0113l\u0113t\u0101s maks\u0101juma iesp\u0113jas. Ja izmantojat Master Card vai Visa kartes, jums b\u016bs j\u0101iemaks\u0101 20 USD, 20 EUR vai 20 GBP atkar\u012bb\u0101 no re\u0123iona, kur\u0101 atrodaties. Tom\u0113r sp\u0113l\u0113t\u0101jiem, kas izmanto Maestro debetkartes, b\u016bs j\u0101iemaks\u0101 vismaz 10 USD vai 10 EUR. Ja izmantojat t\u0101das tie\u0161saistes vietnes k\u0101 PayPal, MoneyBookers vai Neteller, minim\u0101l\u0101 summa b\u016bs 20 USD.<\/p>\n<p>Vairum\u0101 gad\u012bjumu summa da\u017e\u0101d\u0101s val\u016bt\u0101s var at\u0161\u0137irties atkar\u012bb\u0101 no val\u016btas kursa un cit\u0101m piem\u0113rojam\u0101m maks\u0101m. T\u0101p\u0113c, kam\u0113r viens sp\u0113l\u0113t\u0101js var iemaks\u0101t 10 m\u0101rci\u0146as, izmantojot Neteller, cits var galu gal\u0101 samaks\u0101t 20 USD, kas ir divreiz vair\u0101k nek\u0101 iepriek\u0161\u0113j\u0101 summa. T\u0101p\u0113c, veicot dar\u012bjumus, b\u016bs lab\u0101k, ja zin\u0101t val\u016btu, kuru paredz\u0113ts izmantot konkr\u0113taj\u0101 kazino.<\/p>\n<p>B\u016bt\u012bba ir t\u0101da, ka, sp\u0113l\u0113jot azartsp\u0113les tie\u0161saist\u0113 ar savu naudu tie\u0161saistes kazino, lab\u0101k ir izmantot uzticamu maks\u0101\u0161anas veidu. T\u0101d\u0101 veid\u0101 jums v\u0113l\u0101k neb\u016bs j\u0101no\u017e\u0113lo. Galu gal\u0101 j\u016bs esat tur, lai izklaid\u0113tos un nek\u013c\u016btu par kr\u0101p\u0161anas upuri. T\u0101p\u0113c sp\u0113l\u0113jiet dro\u0161i un \u013caujiet ratam griezties!<\/p>\n","protected":false},"excerpt":{"rendered":"<p>Tie\u0161saistes kazino ies\u0101c\u0113ja ce\u013cvedis Atz\u012bsim \u2013 tie\u0161saistes kazino ir \u0161eit uz palik\u0161anu. \u0145emot v\u0113r\u0101 t\u0101 pieaugo\u0161o popularit\u0101ti, ir apstiprin\u0101ts, ka sp\u0113l\u0113t\u0101jiem tas pat\u012bk. Azartsp\u0113les tie\u0161saist\u0113 uz \u012bstu naudu ir iepriecin\u0101ju\u0161as ikvienu, kas ir s\u0101cis sp\u0113l\u0113t, un vi\u0146i prasa v\u0113l un v\u0113l. Gandr\u012bz katru dienu \u0161ajos \u012bstas naudas kazino main\u0101s liela naudas summa. Neatkar\u012bgi no t\u0101, [&hellip;]<\/p>\n","protected":false},"author":1,"featured_media":0,"parent":0,"menu_order":2,"comment_status":"closed","ping_status":"closed","template":"","meta":{"footnotes":""},"class_list":["post-8314","page","type-page","status-publish","hentry"],"yoast_head":"<!-- This site is optimized with the Yoast SEO plugin v27.4 - https:\/\/yoast.com\/product\/yoast-seo-wordpress\/ -->\n<title>S\u0101ciet sp\u0113l\u0113t azartsp\u0113les tie\u0161saist\u0113 | Tie\u0161saistes kazino ce\u013cvedis<\/title>\n<meta name=\"description\" content=\"Atz\u012bsim \u2013 tie\u0161saistes kazino ir \u0161eit, lai paliktu. S\u0101ciet jau tagad \u2013 m\u016bsu tie\u0161saistes kazino ce\u013cvedis pal\u012bdz\u0113s jums izv\u0113l\u0113ties sev piem\u0113rot\u0101k\u0101s vietnes.\" \/>\n<meta name=\"robots\" content=\"index, follow, max-snippet:-1, max-image-preview:large, max-video-preview:-1\" \/>\n<link rel=\"canonical\" href=\"https:\/\/gambling6.com\/lv\/kazino\/\" \/>\n<meta property=\"og:locale\" content=\"lv_LV\" \/>\n<meta property=\"og:type\" content=\"article\" \/>\n<meta property=\"og:title\" content=\"S\u0101ciet sp\u0113l\u0113t azartsp\u0113les tie\u0161saist\u0113 | Tie\u0161saistes kazino ce\u013cvedis\" \/>\n<meta property=\"og:description\" content=\"Atz\u012bsim \u2013 tie\u0161saistes kazino ir \u0161eit, lai paliktu. S\u0101ciet jau tagad \u2013 m\u016bsu tie\u0161saistes kazino ce\u013cvedis pal\u012bdz\u0113s jums izv\u0113l\u0113ties sev piem\u0113rot\u0101k\u0101s vietnes.\" \/>\n<meta property=\"og:url\" content=\"https:\/\/gambling6.com\/lv\/kazino\/\" \/>\n<meta property=\"og:site_name\" content=\"Gambling6\" \/>\n<meta property=\"article:modified_time\" content=\"2025-11-12T15:41:07+00:00\" \/>\n<meta property=\"og:image\" content=\"https:\/\/gambling6.com\/wp-content\/uploads\/2022\/04\/download-image2.jpg\" \/>\n\t<meta property=\"og:image:width\" content=\"435\" \/>\n\t<meta property=\"og:image:height\" content=\"276\" \/>\n\t<meta property=\"og:image:type\" content=\"image\/jpeg\" \/>\n<meta name=\"twitter:card\" content=\"summary_large_image\" \/>\n<meta name=\"twitter:label1\" content=\"Est. reading time\" \/>\n\t<meta name=\"twitter:data1\" content=\"6 minutes\" \/>\n<script type=\"application\/ld+json\" class=\"yoast-schema-graph\">{\"@context\":\"https:\\\/\\\/schema.org\",\"@graph\":[{\"@type\":\"WebPage\",\"@id\":\"https:\\\/\\\/gambling6.com\\\/lv\\\/kazino\\\/\",\"url\":\"https:\\\/\\\/gambling6.com\\\/lv\\\/kazino\\\/\",\"name\":\"S\u0101ciet sp\u0113l\u0113t azartsp\u0113les tie\u0161saist\u0113 | Tie\u0161saistes kazino ce\u013cvedis\",\"isPartOf\":{\"@id\":\"https:\\\/\\\/gambling6.com\\\/lv\\\/#website\"},\"primaryImageOfPage\":{\"@id\":\"https:\\\/\\\/gambling6.com\\\/lv\\\/kazino\\\/#primaryimage\"},\"image\":{\"@id\":\"https:\\\/\\\/gambling6.com\\\/lv\\\/kazino\\\/#primaryimage\"},\"thumbnailUrl\":\"https:\\\/\\\/gambling6.com\\\/wp-content\\\/uploads\\\/2022\\\/04\\\/download-image2-300x190.jpg\",\"datePublished\":\"2025-11-07T09:43:55+00:00\",\"dateModified\":\"2025-11-12T15:41:07+00:00\",\"description\":\"Atz\u012bsim \u2013 tie\u0161saistes kazino ir \u0161eit, lai paliktu. S\u0101ciet jau tagad \u2013 m\u016bsu tie\u0161saistes kazino ce\u013cvedis pal\u012bdz\u0113s jums izv\u0113l\u0113ties sev piem\u0113rot\u0101k\u0101s vietnes.\",\"breadcrumb\":{\"@id\":\"https:\\\/\\\/gambling6.com\\\/lv\\\/kazino\\\/#breadcrumb\"},\"inLanguage\":\"lv-LV\",\"potentialAction\":[{\"@type\":\"ReadAction\",\"target\":[\"https:\\\/\\\/gambling6.com\\\/lv\\\/kazino\\\/\"]}]},{\"@type\":\"ImageObject\",\"inLanguage\":\"lv-LV\",\"@id\":\"https:\\\/\\\/gambling6.com\\\/lv\\\/kazino\\\/#primaryimage\",\"url\":\"https:\\\/\\\/gambling6.com\\\/wp-content\\\/uploads\\\/2022\\\/04\\\/download-image2-300x190.jpg\",\"contentUrl\":\"https:\\\/\\\/gambling6.com\\\/wp-content\\\/uploads\\\/2022\\\/04\\\/download-image2-300x190.jpg\"},{\"@type\":\"BreadcrumbList\",\"@id\":\"https:\\\/\\\/gambling6.com\\\/lv\\\/kazino\\\/#breadcrumb\",\"itemListElement\":[{\"@type\":\"ListItem\",\"position\":1,\"name\":\"Home\",\"item\":\"https:\\\/\\\/gambling6.com\\\/lv\\\/home\\\/\"},{\"@type\":\"ListItem\",\"position\":2,\"name\":\"Kazino\"}]},{\"@type\":\"WebSite\",\"@id\":\"https:\\\/\\\/gambling6.com\\\/lv\\\/#website\",\"url\":\"https:\\\/\\\/gambling6.com\\\/lv\\\/\",\"name\":\"Gambling6\",\"description\":\"\",\"potentialAction\":[{\"@type\":\"SearchAction\",\"target\":{\"@type\":\"EntryPoint\",\"urlTemplate\":\"https:\\\/\\\/gambling6.com\\\/lv\\\/?s={search_term_string}\"},\"query-input\":{\"@type\":\"PropertyValueSpecification\",\"valueRequired\":true,\"valueName\":\"search_term_string\"}}],\"inLanguage\":\"lv-LV\"}]}<\/script>\n<!-- \/ Yoast SEO plugin. -->","yoast_head_json":{"title":"S\u0101ciet sp\u0113l\u0113t azartsp\u0113les tie\u0161saist\u0113 | Tie\u0161saistes kazino ce\u013cvedis","description":"Atz\u012bsim \u2013 tie\u0161saistes kazino ir \u0161eit, lai paliktu. S\u0101ciet jau tagad \u2013 m\u016bsu tie\u0161saistes kazino ce\u013cvedis pal\u012bdz\u0113s jums izv\u0113l\u0113ties sev piem\u0113rot\u0101k\u0101s vietnes.","robots":{"index":"index","follow":"follow","max-snippet":"max-snippet:-1","max-image-preview":"max-image-preview:large","max-video-preview":"max-video-preview:-1"},"canonical":"https:\/\/gambling6.com\/lv\/kazino\/","og_locale":"lv_LV","og_type":"article","og_title":"S\u0101ciet sp\u0113l\u0113t azartsp\u0113les tie\u0161saist\u0113 | Tie\u0161saistes kazino ce\u013cvedis","og_description":"Atz\u012bsim \u2013 tie\u0161saistes kazino ir \u0161eit, lai paliktu. S\u0101ciet jau tagad \u2013 m\u016bsu tie\u0161saistes kazino ce\u013cvedis pal\u012bdz\u0113s jums izv\u0113l\u0113ties sev piem\u0113rot\u0101k\u0101s vietnes.","og_url":"https:\/\/gambling6.com\/lv\/kazino\/","og_site_name":"Gambling6","article_modified_time":"2025-11-12T15:41:07+00:00","og_image":[{"width":435,"height":276,"url":"https:\/\/gambling6.com\/wp-content\/uploads\/2022\/04\/download-image2.jpg","type":"image\/jpeg"}],"twitter_card":"summary_large_image","twitter_misc":{"Est. reading time":"6 minutes"},"schema":{"@context":"https:\/\/schema.org","@graph":[{"@type":"WebPage","@id":"https:\/\/gambling6.com\/lv\/kazino\/","url":"https:\/\/gambling6.com\/lv\/kazino\/","name":"S\u0101ciet sp\u0113l\u0113t azartsp\u0113les tie\u0161saist\u0113 | Tie\u0161saistes kazino ce\u013cvedis","isPartOf":{"@id":"https:\/\/gambling6.com\/lv\/#website"},"primaryImageOfPage":{"@id":"https:\/\/gambling6.com\/lv\/kazino\/#primaryimage"},"image":{"@id":"https:\/\/gambling6.com\/lv\/kazino\/#primaryimage"},"thumbnailUrl":"https:\/\/gambling6.com\/wp-content\/uploads\/2022\/04\/download-image2-300x190.jpg","datePublished":"2025-11-07T09:43:55+00:00","dateModified":"2025-11-12T15:41:07+00:00","description":"Atz\u012bsim \u2013 tie\u0161saistes kazino ir \u0161eit, lai paliktu. S\u0101ciet jau tagad \u2013 m\u016bsu tie\u0161saistes kazino ce\u013cvedis pal\u012bdz\u0113s jums izv\u0113l\u0113ties sev piem\u0113rot\u0101k\u0101s vietnes.","breadcrumb":{"@id":"https:\/\/gambling6.com\/lv\/kazino\/#breadcrumb"},"inLanguage":"lv-LV","potentialAction":[{"@type":"ReadAction","target":["https:\/\/gambling6.com\/lv\/kazino\/"]}]},{"@type":"ImageObject","inLanguage":"lv-LV","@id":"https:\/\/gambling6.com\/lv\/kazino\/#primaryimage","url":"https:\/\/gambling6.com\/wp-content\/uploads\/2022\/04\/download-image2-300x190.jpg","contentUrl":"https:\/\/gambling6.com\/wp-content\/uploads\/2022\/04\/download-image2-300x190.jpg"},{"@type":"BreadcrumbList","@id":"https:\/\/gambling6.com\/lv\/kazino\/#breadcrumb","itemListElement":[{"@type":"ListItem","position":1,"name":"Home","item":"https:\/\/gambling6.com\/lv\/home\/"},{"@type":"ListItem","position":2,"name":"Kazino"}]},{"@type":"WebSite","@id":"https:\/\/gambling6.com\/lv\/#website","url":"https:\/\/gambling6.com\/lv\/","name":"Gambling6","description":"","potentialAction":[{"@type":"SearchAction","target":{"@type":"EntryPoint","urlTemplate":"https:\/\/gambling6.com\/lv\/?s={search_term_string}"},"query-input":{"@type":"PropertyValueSpecification","valueRequired":true,"valueName":"search_term_string"}}],"inLanguage":"lv-LV"}]}},"_links":{"self":[{"href":"https:\/\/gambling6.com\/lv\/wp-json\/wp\/v2\/pages\/8314","targetHints":{"allow":["GET"]}}],"collection":[{"href":"https:\/\/gambling6.com\/lv\/wp-json\/wp\/v2\/pages"}],"about":[{"href":"https:\/\/gambling6.com\/lv\/wp-json\/wp\/v2\/types\/page"}],"author":[{"embeddable":true,"href":"https:\/\/gambling6.com\/lv\/wp-json\/wp\/v2\/users\/1"}],"replies":[{"embeddable":true,"href":"https:\/\/gambling6.com\/lv\/wp-json\/wp\/v2\/comments?post=8314"}],"version-history":[{"count":2,"href":"https:\/\/gambling6.com\/lv\/wp-json\/wp\/v2\/pages\/8314\/revisions"}],"predecessor-version":[{"id":10662,"href":"https:\/\/gambling6.com\/lv\/wp-json\/wp\/v2\/pages\/8314\/revisions\/10662"}],"wp:attachment":[{"href":"https:\/\/gambling6.com\/lv\/wp-json\/wp\/v2\/media?parent=8314"}],"curies":[{"name":"wp","href":"https:\/\/api.w.org\/{rel}","templated":true}]}}