{"id":8377,"date":"2025-11-07T13:33:11","date_gmt":"2025-11-07T13:33:11","guid":{"rendered":"https:\/\/gambling6.com\/kazino\/tiessaistes-kazino-salidzinajuma-ar-kazino-uz-sauszemes\/"},"modified":"2025-11-07T13:33:11","modified_gmt":"2025-11-07T13:33:11","slug":"tiessaistes-kazino-salidzinajuma-ar-kazino-uz-sauszemes","status":"publish","type":"page","link":"https:\/\/gambling6.com\/lv\/kazino\/tiessaistes-kazino-salidzinajuma-ar-kazino-uz-sauszemes\/","title":{"rendered":"Tie\u0161saistes kazino sal\u012bdzin\u0101jum\u0101 ar kazino uz sauszemes"},"content":{"rendered":"<h2>Kl\u0101tienes vai tie\u0161saistes kazino<\/h2>\n<h3>Katram veidam ir kaut kas, kas pat\u012bk sp\u0113l\u0113t\u0101jiem<\/h3>\n<p><img loading=\"lazy\" decoding=\"async\" class=\" wp-image-332 alignright\" src=\"https:\/\/gambling6.com\/wp-content\/uploads\/2013\/12\/phil_ivey-247x300.jpg\" alt=\"klientu kazino\" width=\"175\" height=\"213\" srcset=\"https:\/\/gambling6.com\/wp-content\/uploads\/2013\/12\/phil_ivey-247x300.jpg 247w, https:\/\/gambling6.com\/wp-content\/uploads\/2013\/12\/phil_ivey.jpg 250w\" sizes=\"auto, (max-width: 175px) 100vw, 175px\" \/>Kazino sp\u0113l\u0113t\u0101jiem vajadz\u0113tu sp\u0113l\u0113t savas iecien\u012bt\u0101k\u0101s sp\u0113les t\u0101, lai t\u0101s vi\u0146iem b\u016btu \u0113rtas un atbilstu vi\u0146u person\u012bbai. Da\u017ei sp\u0113l\u0113t\u0101ji vienm\u0113r dos priek\u0161roku sp\u0113l\u0113\u0161anai sauszemes kazino, jo vi\u0146iem pat\u012bk atmosf\u0113ra. Vi\u0146iem pat\u012bk sp\u0113l\u0113ties ar citiem sp\u0113l\u0113t\u0101jiem, p\u016b\u013ciem un troksni.<\/p>\n<p>Tom\u0113r citiem kazino sp\u0113l\u0113t\u0101jiem pat\u012bk ideja par sp\u0113l\u0113\u0161anu klus\u0101, relaks\u0113jo\u0161\u0101 vid\u0113, kur vi\u0146iem ir piln\u012bga kontrole. \u0160ie sp\u0113l\u0113t\u0101ji m\u0113dz sliekties par labu tie\u0161saistes kazino. Neatkar\u012bgi no t\u0101, cik \u013coti sp\u0113l\u0113t\u0101js v\u0113las izbaud\u012bt sp\u0113les, kaut kas t\u0101ds ir pieejams, neatkar\u012bgi no t\u0101, vai tie ir sauszemes vai tie\u0161saistes kazino. <\/p>\n<h3>\u0160eit ir b\u016btisk\u0101s at\u0161\u0137ir\u012bbas starp tie\u0161saistes un kl\u0101tienes kazino:<\/h3>\n<ul>\n<li>Ac\u012bmredzot tie\u0161saistes un kl\u0101tienes kazino atrodas piln\u012bgi at\u0161\u0137ir\u012bg\u0101 vid\u0113. Kl\u0101tienes kazino ir t\u0101ds, kur\u0101 sp\u0113l\u0113t\u0101ji var justies un b\u016bt fiziski t\u0101 da\u013ca. Tie\u0161saistes kazino tiek sp\u0113l\u0113ti internet\u0101, kas noz\u012bm\u0113, ka sp\u0113l\u0113t\u0101ji var sp\u0113l\u0113t v\u0113lam\u0101s sp\u0113les no jebkuras vietas, kur vi\u0146i izv\u0113las. \u0160\u012b vieta var b\u016bt vi\u0146u m\u0101jas, birojs vai jebkura cita vieta, ja vien vi\u0146i var izveidot savienojumu ar t\u012bmekli.<\/li>\n<li>Kl\u0101tienes kazino ir sp\u0113l\u0113t\u0101ju klubi, kas \u013cauj sp\u0113l\u0113t\u0101jiem nopeln\u012bt atl\u012bdz\u012bbas. Atl\u012bdz\u012bbas at\u0161\u0137iras atkar\u012bb\u0101 no kazino. Ar\u012b tie\u0161saistes azartsp\u0113\u013cu vietn\u0113m ir savas \u0161o klubu versijas, kuras sauc par VIP programm\u0101m. Tom\u0113r daudzi kazino sp\u0113l\u0113t\u0101ji uzskata, ka tie\u0161saistes kazino m\u0113dz b\u016bt d\u0101sn\u0101ki, jo tiem nav t\u0101das pa\u0161as papildu izmaksas k\u0101 kl\u0101tienes kazino.<\/li>\n<li>Lai gan kl\u0101tienes kazino pied\u0101v\u0101 sp\u0113l\u0113t\u0101jiem iesp\u0113ju sp\u0113l\u0113t gandr\u012bz jebkuru kazino sp\u0113li, ko vi\u0146i v\u0113las, sp\u0113l\u0113t\u0101jiem joproj\u0101m b\u016bs reizes, kad vi\u0146i nev\u0113l\u0113sies staig\u0101t pa visu kazino, lai p\u0101rietu no sp\u0113les uz sp\u0113li. Vi\u0146i ar\u012b atrad\u012bs laikus, kad v\u0113l\u0113sies sp\u0113l\u0113t konkr\u0113tu sp\u0113li, bet neb\u016bs pieejamas br\u012bvas vietas. Tom\u0113r tie\u0161saistes kazino \u013cauj sp\u0113l\u0113t\u0101jiem sp\u0113l\u0113t sp\u0113les, kuras vi\u0146i v\u0113las, jebkur\u0101 laik\u0101, bez e\u0161anas vai gaid\u012b\u0161anas uz vietu.<\/li>\n<li>Sauszemes kazino var \u0161\u0137ist bied\u0113jo\u0161i jaunajiem sp\u0113l\u0113t\u0101jiem, un tiem bie\u017ei vien tr\u016bkst bezmaksas resursu, kas var\u0113tu pal\u012bdz\u0113t apg\u016bt sp\u0113les un da\u017e\u0101das strat\u0113\u0123ijas. Tie\u0161saistes kazino \u013cauj sp\u0113l\u0113t\u0101jiem sp\u0113l\u0113t vid\u0113, kur\u0101 vi\u0146i var\u0113tu justies maz\u0101k iebied\u0113ti, un tie pied\u0101v\u0101 bag\u0101t\u012bgu bezmaksas saturu, kas vi\u0146us vad\u012bs da\u017e\u0101dos tie\u0161saistes kazino sp\u0113\u013cu aspektos.<\/li>\n<\/ul>\n<p>Ikviens, kur\u0161 dom\u0101, ka tie\u0161saistes kazino var\u0113tu b\u016bt dom\u0101ts vi\u0146am, v\u0113l\u0113sies s\u0101kt ar to, ka uzzina visu iesp\u0113jamo par Microgaming nodro\u0161in\u0101tajiem kazino. Lab\u0101kais no tiem neap\u0161aub\u0101mi ir 888 Casino, kuru varat apmekl\u0113t, noklik\u0161\u0137inot uz zem\u0101k eso\u0161\u0101 banera. <a href=\"https:\/\/ic.aff-handler.com\/C\/45871?sr=1064399&amp;anid=\" rel=\"nofollow\"><img loading=\"lazy\" decoding=\"async\" class=\"aligncenter\" src=\"https:\/\/ic.aff-handler.com\/I\/45871?sr=1064399&amp;anid=\" width=\"725\" height=\"93\" \/><\/a><br \/>\nJa esat ASV iedz\u012bvot\u0101js, j\u016bsu lab\u0101k\u0101 izv\u0113le b\u016btu BetOnline visp\u0101r\u0113j\u0101m kazino sp\u0113l\u0113m vai tie\u0161saistes pokeram.<br \/>\n<img loading=\"lazy\" decoding=\"async\" class=\" wp-image-7875 aligncenter\" src=\"https:\/\/gambling6.com\/wp-content\/uploads\/2025\/10\/BOL_AQC_banner_468x60_FS1_casino-300x38.gif\" alt=\"BetOnline casino\" width=\"694\" height=\"88\" \/><\/p>\n","protected":false},"excerpt":{"rendered":"<p>Kl\u0101tienes vai tie\u0161saistes kazino Katram veidam ir kaut kas, kas pat\u012bk sp\u0113l\u0113t\u0101jiem Kazino sp\u0113l\u0113t\u0101jiem vajadz\u0113tu sp\u0113l\u0113t savas iecien\u012bt\u0101k\u0101s sp\u0113les t\u0101, lai t\u0101s vi\u0146iem b\u016btu \u0113rtas un atbilstu vi\u0146u person\u012bbai. Da\u017ei sp\u0113l\u0113t\u0101ji vienm\u0113r dos priek\u0161roku sp\u0113l\u0113\u0161anai sauszemes kazino, jo vi\u0146iem pat\u012bk atmosf\u0113ra. Vi\u0146iem pat\u012bk sp\u0113l\u0113ties ar citiem sp\u0113l\u0113t\u0101jiem, p\u016b\u013ciem un troksni. Tom\u0113r citiem kazino sp\u0113l\u0113t\u0101jiem pat\u012bk [&hellip;]<\/p>\n","protected":false},"author":1,"featured_media":0,"parent":8314,"menu_order":28,"comment_status":"closed","ping_status":"closed","template":"","meta":{"footnotes":""},"class_list":["post-8377","page","type-page","status-publish","hentry"],"yoast_head":"<!-- This site is optimized with the Yoast SEO plugin v27.4 - https:\/\/yoast.com\/product\/yoast-seo-wordpress\/ -->\n<title>Sauszemes un tie\u0161saistes kazino sal\u012bdzin\u0101jums<\/title>\n<meta name=\"description\" content=\"Gan tie\u0161saistes kazino, gan sauszemes kazino sp\u0113l\u0113t\u0101jiem nodro\u0161ina lielisku laiku un daudzas iesp\u0113jas.Gan tie\u0161saistes kazino, gan sauszemes kazino sp\u0113l\u0113t\u0101jiem nodro\u0161ina lielisku laiku un daudzas iesp\u0113jas.\" \/>\n<meta name=\"robots\" content=\"index, follow, max-snippet:-1, max-image-preview:large, max-video-preview:-1\" \/>\n<link rel=\"canonical\" href=\"https:\/\/gambling6.com\/lv\/kazino\/tiessaistes-kazino-salidzinajuma-ar-kazino-uz-sauszemes\/\" \/>\n<meta property=\"og:locale\" content=\"lv_LV\" \/>\n<meta property=\"og:type\" content=\"article\" \/>\n<meta property=\"og:title\" content=\"Sauszemes un tie\u0161saistes kazino sal\u012bdzin\u0101jums\" \/>\n<meta property=\"og:description\" content=\"Gan tie\u0161saistes kazino, gan sauszemes kazino sp\u0113l\u0113t\u0101jiem nodro\u0161ina lielisku laiku un daudzas iesp\u0113jas.Gan tie\u0161saistes kazino, gan sauszemes kazino sp\u0113l\u0113t\u0101jiem nodro\u0161ina lielisku laiku un daudzas iesp\u0113jas.\" \/>\n<meta property=\"og:url\" content=\"https:\/\/gambling6.com\/lv\/kazino\/tiessaistes-kazino-salidzinajuma-ar-kazino-uz-sauszemes\/\" \/>\n<meta property=\"og:site_name\" content=\"Gambling6\" \/>\n<meta property=\"og:image\" content=\"https:\/\/gambling6.com\/wp-content\/uploads\/2013\/12\/phil_ivey.jpg\" \/>\n\t<meta property=\"og:image:width\" content=\"250\" \/>\n\t<meta property=\"og:image:height\" content=\"304\" \/>\n\t<meta property=\"og:image:type\" content=\"image\/jpeg\" \/>\n<meta name=\"twitter:card\" content=\"summary_large_image\" \/>\n<meta name=\"twitter:label1\" content=\"Est. reading time\" \/>\n\t<meta name=\"twitter:data1\" content=\"3 minutes\" \/>\n<script type=\"application\/ld+json\" class=\"yoast-schema-graph\">{\"@context\":\"https:\\\/\\\/schema.org\",\"@graph\":[{\"@type\":\"WebPage\",\"@id\":\"https:\\\/\\\/gambling6.com\\\/lv\\\/kazino\\\/tiessaistes-kazino-salidzinajuma-ar-kazino-uz-sauszemes\\\/\",\"url\":\"https:\\\/\\\/gambling6.com\\\/lv\\\/kazino\\\/tiessaistes-kazino-salidzinajuma-ar-kazino-uz-sauszemes\\\/\",\"name\":\"Sauszemes un tie\u0161saistes kazino sal\u012bdzin\u0101jums\",\"isPartOf\":{\"@id\":\"https:\\\/\\\/gambling6.com\\\/lv\\\/#website\"},\"primaryImageOfPage\":{\"@id\":\"https:\\\/\\\/gambling6.com\\\/lv\\\/kazino\\\/tiessaistes-kazino-salidzinajuma-ar-kazino-uz-sauszemes\\\/#primaryimage\"},\"image\":{\"@id\":\"https:\\\/\\\/gambling6.com\\\/lv\\\/kazino\\\/tiessaistes-kazino-salidzinajuma-ar-kazino-uz-sauszemes\\\/#primaryimage\"},\"thumbnailUrl\":\"https:\\\/\\\/gambling6.com\\\/wp-content\\\/uploads\\\/2013\\\/12\\\/phil_ivey-247x300.jpg\",\"datePublished\":\"2025-11-07T13:33:11+00:00\",\"description\":\"Gan tie\u0161saistes kazino, gan sauszemes kazino sp\u0113l\u0113t\u0101jiem nodro\u0161ina lielisku laiku un daudzas iesp\u0113jas.Gan tie\u0161saistes kazino, gan sauszemes kazino sp\u0113l\u0113t\u0101jiem nodro\u0161ina lielisku laiku un daudzas iesp\u0113jas.\",\"breadcrumb\":{\"@id\":\"https:\\\/\\\/gambling6.com\\\/lv\\\/kazino\\\/tiessaistes-kazino-salidzinajuma-ar-kazino-uz-sauszemes\\\/#breadcrumb\"},\"inLanguage\":\"lv-LV\",\"potentialAction\":[{\"@type\":\"ReadAction\",\"target\":[\"https:\\\/\\\/gambling6.com\\\/lv\\\/kazino\\\/tiessaistes-kazino-salidzinajuma-ar-kazino-uz-sauszemes\\\/\"]}]},{\"@type\":\"ImageObject\",\"inLanguage\":\"lv-LV\",\"@id\":\"https:\\\/\\\/gambling6.com\\\/lv\\\/kazino\\\/tiessaistes-kazino-salidzinajuma-ar-kazino-uz-sauszemes\\\/#primaryimage\",\"url\":\"https:\\\/\\\/gambling6.com\\\/wp-content\\\/uploads\\\/2013\\\/12\\\/phil_ivey-247x300.jpg\",\"contentUrl\":\"https:\\\/\\\/gambling6.com\\\/wp-content\\\/uploads\\\/2013\\\/12\\\/phil_ivey-247x300.jpg\"},{\"@type\":\"BreadcrumbList\",\"@id\":\"https:\\\/\\\/gambling6.com\\\/lv\\\/kazino\\\/tiessaistes-kazino-salidzinajuma-ar-kazino-uz-sauszemes\\\/#breadcrumb\",\"itemListElement\":[{\"@type\":\"ListItem\",\"position\":1,\"name\":\"Home\",\"item\":\"https:\\\/\\\/gambling6.com\\\/lv\\\/home\\\/\"},{\"@type\":\"ListItem\",\"position\":2,\"name\":\"Kazino\",\"item\":\"https:\\\/\\\/gambling6.com\\\/lv\\\/get-started-with-online-gambling\\\/\"},{\"@type\":\"ListItem\",\"position\":3,\"name\":\"Tie\u0161saistes kazino sal\u012bdzin\u0101jum\u0101 ar kazino uz sauszemes\"}]},{\"@type\":\"WebSite\",\"@id\":\"https:\\\/\\\/gambling6.com\\\/lv\\\/#website\",\"url\":\"https:\\\/\\\/gambling6.com\\\/lv\\\/\",\"name\":\"Gambling6\",\"description\":\"\",\"potentialAction\":[{\"@type\":\"SearchAction\",\"target\":{\"@type\":\"EntryPoint\",\"urlTemplate\":\"https:\\\/\\\/gambling6.com\\\/lv\\\/?s={search_term_string}\"},\"query-input\":{\"@type\":\"PropertyValueSpecification\",\"valueRequired\":true,\"valueName\":\"search_term_string\"}}],\"inLanguage\":\"lv-LV\"}]}<\/script>\n<!-- \/ Yoast SEO plugin. -->","yoast_head_json":{"title":"Sauszemes un tie\u0161saistes kazino sal\u012bdzin\u0101jums","description":"Gan tie\u0161saistes kazino, gan sauszemes kazino sp\u0113l\u0113t\u0101jiem nodro\u0161ina lielisku laiku un daudzas iesp\u0113jas.Gan tie\u0161saistes kazino, gan sauszemes kazino sp\u0113l\u0113t\u0101jiem nodro\u0161ina lielisku laiku un daudzas iesp\u0113jas.","robots":{"index":"index","follow":"follow","max-snippet":"max-snippet:-1","max-image-preview":"max-image-preview:large","max-video-preview":"max-video-preview:-1"},"canonical":"https:\/\/gambling6.com\/lv\/kazino\/tiessaistes-kazino-salidzinajuma-ar-kazino-uz-sauszemes\/","og_locale":"lv_LV","og_type":"article","og_title":"Sauszemes un tie\u0161saistes kazino sal\u012bdzin\u0101jums","og_description":"Gan tie\u0161saistes kazino, gan sauszemes kazino sp\u0113l\u0113t\u0101jiem nodro\u0161ina lielisku laiku un daudzas iesp\u0113jas.Gan tie\u0161saistes kazino, gan sauszemes kazino sp\u0113l\u0113t\u0101jiem nodro\u0161ina lielisku laiku un daudzas iesp\u0113jas.","og_url":"https:\/\/gambling6.com\/lv\/kazino\/tiessaistes-kazino-salidzinajuma-ar-kazino-uz-sauszemes\/","og_site_name":"Gambling6","og_image":[{"width":250,"height":304,"url":"https:\/\/gambling6.com\/wp-content\/uploads\/2013\/12\/phil_ivey.jpg","type":"image\/jpeg"}],"twitter_card":"summary_large_image","twitter_misc":{"Est. reading time":"3 minutes"},"schema":{"@context":"https:\/\/schema.org","@graph":[{"@type":"WebPage","@id":"https:\/\/gambling6.com\/lv\/kazino\/tiessaistes-kazino-salidzinajuma-ar-kazino-uz-sauszemes\/","url":"https:\/\/gambling6.com\/lv\/kazino\/tiessaistes-kazino-salidzinajuma-ar-kazino-uz-sauszemes\/","name":"Sauszemes un tie\u0161saistes kazino sal\u012bdzin\u0101jums","isPartOf":{"@id":"https:\/\/gambling6.com\/lv\/#website"},"primaryImageOfPage":{"@id":"https:\/\/gambling6.com\/lv\/kazino\/tiessaistes-kazino-salidzinajuma-ar-kazino-uz-sauszemes\/#primaryimage"},"image":{"@id":"https:\/\/gambling6.com\/lv\/kazino\/tiessaistes-kazino-salidzinajuma-ar-kazino-uz-sauszemes\/#primaryimage"},"thumbnailUrl":"https:\/\/gambling6.com\/wp-content\/uploads\/2013\/12\/phil_ivey-247x300.jpg","datePublished":"2025-11-07T13:33:11+00:00","description":"Gan tie\u0161saistes kazino, gan sauszemes kazino sp\u0113l\u0113t\u0101jiem nodro\u0161ina lielisku laiku un daudzas iesp\u0113jas.Gan tie\u0161saistes kazino, gan sauszemes kazino sp\u0113l\u0113t\u0101jiem nodro\u0161ina lielisku laiku un daudzas iesp\u0113jas.","breadcrumb":{"@id":"https:\/\/gambling6.com\/lv\/kazino\/tiessaistes-kazino-salidzinajuma-ar-kazino-uz-sauszemes\/#breadcrumb"},"inLanguage":"lv-LV","potentialAction":[{"@type":"ReadAction","target":["https:\/\/gambling6.com\/lv\/kazino\/tiessaistes-kazino-salidzinajuma-ar-kazino-uz-sauszemes\/"]}]},{"@type":"ImageObject","inLanguage":"lv-LV","@id":"https:\/\/gambling6.com\/lv\/kazino\/tiessaistes-kazino-salidzinajuma-ar-kazino-uz-sauszemes\/#primaryimage","url":"https:\/\/gambling6.com\/wp-content\/uploads\/2013\/12\/phil_ivey-247x300.jpg","contentUrl":"https:\/\/gambling6.com\/wp-content\/uploads\/2013\/12\/phil_ivey-247x300.jpg"},{"@type":"BreadcrumbList","@id":"https:\/\/gambling6.com\/lv\/kazino\/tiessaistes-kazino-salidzinajuma-ar-kazino-uz-sauszemes\/#breadcrumb","itemListElement":[{"@type":"ListItem","position":1,"name":"Home","item":"https:\/\/gambling6.com\/lv\/home\/"},{"@type":"ListItem","position":2,"name":"Kazino","item":"https:\/\/gambling6.com\/lv\/get-started-with-online-gambling\/"},{"@type":"ListItem","position":3,"name":"Tie\u0161saistes kazino sal\u012bdzin\u0101jum\u0101 ar kazino uz sauszemes"}]},{"@type":"WebSite","@id":"https:\/\/gambling6.com\/lv\/#website","url":"https:\/\/gambling6.com\/lv\/","name":"Gambling6","description":"","potentialAction":[{"@type":"SearchAction","target":{"@type":"EntryPoint","urlTemplate":"https:\/\/gambling6.com\/lv\/?s={search_term_string}"},"query-input":{"@type":"PropertyValueSpecification","valueRequired":true,"valueName":"search_term_string"}}],"inLanguage":"lv-LV"}]}},"_links":{"self":[{"href":"https:\/\/gambling6.com\/lv\/wp-json\/wp\/v2\/pages\/8377","targetHints":{"allow":["GET"]}}],"collection":[{"href":"https:\/\/gambling6.com\/lv\/wp-json\/wp\/v2\/pages"}],"about":[{"href":"https:\/\/gambling6.com\/lv\/wp-json\/wp\/v2\/types\/page"}],"author":[{"embeddable":true,"href":"https:\/\/gambling6.com\/lv\/wp-json\/wp\/v2\/users\/1"}],"replies":[{"embeddable":true,"href":"https:\/\/gambling6.com\/lv\/wp-json\/wp\/v2\/comments?post=8377"}],"version-history":[{"count":0,"href":"https:\/\/gambling6.com\/lv\/wp-json\/wp\/v2\/pages\/8377\/revisions"}],"up":[{"embeddable":true,"href":"https:\/\/gambling6.com\/lv\/wp-json\/wp\/v2\/pages\/8314"}],"wp:attachment":[{"href":"https:\/\/gambling6.com\/lv\/wp-json\/wp\/v2\/media?parent=8377"}],"curies":[{"name":"wp","href":"https:\/\/api.w.org\/{rel}","templated":true}]}}