{"id":8401,"date":"2025-11-07T16:14:50","date_gmt":"2025-11-07T16:14:50","guid":{"rendered":"https:\/\/gambling6.com\/kazino\/pieci-galvenie-iemesli-kapec-pievienoties-tiessaistes-kazino\/"},"modified":"2025-11-12T16:35:39","modified_gmt":"2025-11-12T16:35:39","slug":"pieci-galvenie-iemesli-kapec-pievienoties-tiessaistes-kazino","status":"publish","type":"page","link":"https:\/\/gambling6.com\/lv\/kazino\/pieci-galvenie-iemesli-kapec-pievienoties-tiessaistes-kazino\/","title":{"rendered":"Pieci galvenie iemesli, k\u0101p\u0113c pievienoties tie\u0161saistes kazino"},"content":{"rendered":"<h2>K\u0101p\u0113c jums vajadz\u0113tu pievienoties tie\u0161saistes kazino<\/h2>\n<h2>Daudzas lietas padara tie\u0161saistes kazino tik lieliskus<\/h2>\n<p><img loading=\"lazy\" decoding=\"async\" class=\"size-medium wp-image-318 alignright\" src=\"https:\/\/gambling6.com\/wp-content\/uploads\/2013\/12\/classic-casino-games-300x179.jpg\" alt=\"tie\u0161saistes kazino\" width=\"300\" height=\"179\" srcset=\"https:\/\/gambling6.com\/wp-content\/uploads\/2013\/12\/classic-casino-games-300x179.jpg 300w, https:\/\/gambling6.com\/wp-content\/uploads\/2013\/12\/classic-casino-games.jpg 612w\" sizes=\"auto, (max-width: 300px) 100vw, 300px\" \/>Katram tie\u0161saistes kazino sp\u0113l\u0113t\u0101jam b\u016bs savi person\u012bgi iemesli, k\u0101p\u0113c sp\u0113l\u0113t kazino sp\u0113les internet\u0101. Tom\u0113r da\u017ei iemesli ir popul\u0101r\u0101ki. Kad sp\u0113l\u0113t\u0101ji nolems p\u0101rcelt savas sp\u0113les tie\u0161saist\u0113, vi\u0146i redz\u0113s, ka vi\u0146u acu priek\u0161\u0101 pav\u0113rsies piln\u012bgi jauna pasaule. Tie\u0161saistes kazino ir pieejami da\u017e\u0101dos stilos, t\u0101p\u0113c sp\u0113l\u0113t\u0101ji var mekl\u0113t, l\u012bdz atrod sev piem\u0113rot\u0101ko.<\/p>\n<p>Ar m\u016bsu iecien\u012bt\u0101ko tie\u0161saistes kazino 888 j\u016bs nevarat k\u013c\u016bd\u012bties. <a class=\"thirstylink\" title=\"888 casino en\" href=\"https:\/\/gambling6.com\/go\/888-casino-en\/\" target=\"_blank\" rel=\"nofollow noopener\">\u0160\u012b saite j\u016bs aizved\u012bs uz vi\u0146u vietni un garant\u0113s jums jauku bonusu l\u012bdz pat 1500\u00a0eiro.<\/a><\/p>\n<h2>\u0160eit ir pieci galvenie iemesli, k\u0101p\u0113c liel\u0101k\u0101 da\u013ca sp\u0113l\u0113t\u0101ju pievienojas tie\u0161saistes kazino:<\/h2>\n<ol>\n<li>Viens no liel\u0101kajiem iemesliem, k\u0101p\u0113c pievienoties tie\u0161saistes kazino, ir bonusi. Ir daudz tie\u0161saistes kazino bonusu veidu, un katrs kazino \u013cauj saviem sp\u0113l\u0113t\u0101jiem baud\u012bt tos, kurus tas uzskata par piem\u0113rotiem. Tom\u0113r da\u017ei bonusi var b\u016bt \u013coti v\u0113rt\u012bgi un pat pied\u0101v\u0101t sp\u0113l\u0113t\u0101jiem iesp\u0113ju sa\u0146emt simtiem vai pat t\u016bksto\u0161iem dol\u0101ru bez maksas. Da\u017ei no bonusiem, kas bie\u017ei atrodami tie\u0161saistes kazino, ir sagaid\u012b\u0161anas bonusi, atk\u0101rtotas iel\u0101des bonusi, sp\u0113\u013cu bonusi un ieteikumu bonusi. Sp\u0113l\u0113t\u0101ji v\u0113las izlas\u012bt bonusa pras\u012bbas, lai vi\u0146i zin\u0101tu, k\u0101 saglab\u0101t ties\u012bbas uz to un kas tie\u0161i vi\u0146iem j\u0101dara, lai to ieg\u016btu.<\/li>\n<li>V\u0113l viens svar\u012bgs iemesls, k\u0101p\u0113c daudzi sp\u0113l\u0113t\u0101ji pievienojas tie\u0161saistes kazino, ir sp\u0113\u013cu skaits, ko vi\u0146i var sp\u0113l\u0113t vienuviet. Kad sp\u0113l\u0113t\u0101ji dodas uz k\u0101du no popul\u0101rajiem tie\u0161saistes kazino, vi\u0146i var p\u0101riet no vienas sp\u0113les uz otru, pat neatst\u0101jot savu vietu. Vi\u0146iem neb\u016bs j\u0101uztraucas par gaid\u012b\u0161anu, kam\u0113r atbr\u012bvosies vieta, vai par cit\u0101m gr\u016bt\u012bb\u0101m, kas rodas, sp\u0113l\u0113jot sauszemes kazino. Sp\u0113les ir viegli pieejamas un vienm\u0113r notiek, ja vien sp\u0113l\u0113t\u0101js ir izv\u0113l\u0113jies k\u0101du no popul\u0101r\u0101kajiem kazino.<\/li>\n<li>V\u0113l viens iemesls, k\u0101p\u0113c daudzi sp\u0113l\u0113t\u0101ji piev\u0113r\u0161as tie\u0161saistes kazino, ir finansi\u0101ls. Sp\u0113l\u0113t\u0101jiem, kuri pavada laiku tie\u0161saistes kazino, nav j\u0101maks\u0101 par t\u0101d\u0101m liet\u0101m k\u0101 degviela, bi\u013cetes, viesn\u012bcas numuri, \u0113\u0161ana \u0101rpus m\u0101jas vai jebkuri citi izdevumi, ar kuriem vi\u0146i saskaras, pl\u0101nojot ce\u013cojumu uz sauszemes kazino. Tas noz\u012bm\u0113, ka sp\u0113l\u0113t\u0101jiem b\u016bs vair\u0101k naudas, ko ieguld\u012bt sp\u0113l\u0113s, kas vienm\u0113r ir labi.<\/li>\n<li>Da\u017ei sp\u0113l\u0113t\u0101ji dz\u012bvo ros\u012bgu un aiz\u0146emtu dz\u012bvi. Tas noz\u012bm\u0113, ka vi\u0146iem var\u0113tu b\u016bt \u013coti gr\u016bti pat nok\u013c\u016bt sauszemes kazino. Tom\u0113r tie\u0161saistes kazino vienm\u0113r ir pieejami. Pat ja vi\u0146i var pieteikties tikai uz da\u017e\u0101m min\u016bt\u0113m visas dienas garum\u0101, vi\u0146i vismaz var\u0113s nedaudz pasp\u0113l\u0113t, pievienojoties tie\u0161saistes kazino.<\/li>\n<li>V\u0113l viena noteikta priek\u0161roc\u012bba, sp\u0113l\u0113jot tie\u0161saistes kazino, ir t\u0101, ka sp\u0113l\u0113t\u0101jiem ir piln\u012bga kontrole p\u0101r savu sp\u0113\u013cu pieredzi. Vi\u0146i izv\u0113las kazino, bonusus, akcijas un sp\u0113les, k\u0101 ar\u012b var piel\u0101got daudzus da\u017e\u0101du tie\u0161saistes kazino sp\u0113\u013cu aspektus.<\/li>\n<\/ol>\n<p>Ikviens, kur\u0161 mekl\u0113 labu tie\u0161saistes kazino, kas padara visu dro\u0161u un vienk\u0101r\u0161u, v\u0113l\u0113sies izlas\u012bt atsauksmes un atrast t\u0101du, kas darbojas ar uzticamu programmat\u016bru, pied\u0101v\u0101 lielisku atbalstu un daudzas sp\u0113les.<\/p>\n","protected":false},"excerpt":{"rendered":"<p>K\u0101p\u0113c jums vajadz\u0113tu pievienoties tie\u0161saistes kazino Daudzas lietas padara tie\u0161saistes kazino tik lieliskus Katram tie\u0161saistes kazino sp\u0113l\u0113t\u0101jam b\u016bs savi person\u012bgi iemesli, k\u0101p\u0113c sp\u0113l\u0113t kazino sp\u0113les internet\u0101. Tom\u0113r da\u017ei iemesli ir popul\u0101r\u0101ki. Kad sp\u0113l\u0113t\u0101ji nolems p\u0101rcelt savas sp\u0113les tie\u0161saist\u0113, vi\u0146i redz\u0113s, ka vi\u0146u acu priek\u0161\u0101 pav\u0113rsies piln\u012bgi jauna pasaule. Tie\u0161saistes kazino ir pieejami da\u017e\u0101dos stilos, t\u0101p\u0113c [&hellip;]<\/p>\n","protected":false},"author":1,"featured_media":0,"parent":8314,"menu_order":30,"comment_status":"closed","ping_status":"closed","template":"","meta":{"footnotes":""},"class_list":["post-8401","page","type-page","status-publish","hentry"],"yoast_head":"<!-- This site is optimized with the Yoast SEO plugin v27.4 - https:\/\/yoast.com\/product\/yoast-seo-wordpress\/ -->\n<title>Iemesli pievienoties tie\u0161saistes kazino<\/title>\n<meta name=\"description\" content=\"Tie\u0161saistes kazino var pied\u0101v\u0101t tik daudz sp\u0113l\u0113t\u0101ju, kuri mekl\u0113 lielisku laika pavad\u012b\u0161anu un daudzas iesp\u0113jas uzvar\u0113t.\" \/>\n<meta name=\"robots\" content=\"index, follow, max-snippet:-1, max-image-preview:large, max-video-preview:-1\" \/>\n<link rel=\"canonical\" href=\"https:\/\/gambling6.com\/lv\/kazino\/pieci-galvenie-iemesli-kapec-pievienoties-tiessaistes-kazino\/\" \/>\n<meta property=\"og:locale\" content=\"lv_LV\" \/>\n<meta property=\"og:type\" content=\"article\" \/>\n<meta property=\"og:title\" content=\"Iemesli pievienoties tie\u0161saistes kazino\" \/>\n<meta property=\"og:description\" content=\"Tie\u0161saistes kazino var pied\u0101v\u0101t tik daudz sp\u0113l\u0113t\u0101ju, kuri mekl\u0113 lielisku laika pavad\u012b\u0161anu un daudzas iesp\u0113jas uzvar\u0113t.\" \/>\n<meta property=\"og:url\" content=\"https:\/\/gambling6.com\/lv\/kazino\/pieci-galvenie-iemesli-kapec-pievienoties-tiessaistes-kazino\/\" \/>\n<meta property=\"og:site_name\" content=\"Gambling6\" \/>\n<meta property=\"article:modified_time\" content=\"2025-11-12T16:35:39+00:00\" \/>\n<meta property=\"og:image\" content=\"https:\/\/gambling6.com\/wp-content\/uploads\/2013\/12\/classic-casino-games.jpg\" \/>\n\t<meta property=\"og:image:width\" content=\"612\" \/>\n\t<meta property=\"og:image:height\" content=\"366\" \/>\n\t<meta property=\"og:image:type\" content=\"image\/jpeg\" \/>\n<meta name=\"twitter:card\" content=\"summary_large_image\" \/>\n<meta name=\"twitter:label1\" content=\"Est. reading time\" \/>\n\t<meta name=\"twitter:data1\" content=\"3 minutes\" \/>\n<script type=\"application\/ld+json\" class=\"yoast-schema-graph\">{\"@context\":\"https:\\\/\\\/schema.org\",\"@graph\":[{\"@type\":\"WebPage\",\"@id\":\"https:\\\/\\\/gambling6.com\\\/lv\\\/kazino\\\/pieci-galvenie-iemesli-kapec-pievienoties-tiessaistes-kazino\\\/\",\"url\":\"https:\\\/\\\/gambling6.com\\\/lv\\\/kazino\\\/pieci-galvenie-iemesli-kapec-pievienoties-tiessaistes-kazino\\\/\",\"name\":\"Iemesli pievienoties tie\u0161saistes kazino\",\"isPartOf\":{\"@id\":\"https:\\\/\\\/gambling6.com\\\/lv\\\/#website\"},\"primaryImageOfPage\":{\"@id\":\"https:\\\/\\\/gambling6.com\\\/lv\\\/kazino\\\/pieci-galvenie-iemesli-kapec-pievienoties-tiessaistes-kazino\\\/#primaryimage\"},\"image\":{\"@id\":\"https:\\\/\\\/gambling6.com\\\/lv\\\/kazino\\\/pieci-galvenie-iemesli-kapec-pievienoties-tiessaistes-kazino\\\/#primaryimage\"},\"thumbnailUrl\":\"https:\\\/\\\/gambling6.com\\\/wp-content\\\/uploads\\\/2013\\\/12\\\/classic-casino-games-300x179.jpg\",\"datePublished\":\"2025-11-07T16:14:50+00:00\",\"dateModified\":\"2025-11-12T16:35:39+00:00\",\"description\":\"Tie\u0161saistes kazino var pied\u0101v\u0101t tik daudz sp\u0113l\u0113t\u0101ju, kuri mekl\u0113 lielisku laika pavad\u012b\u0161anu un daudzas iesp\u0113jas uzvar\u0113t.\",\"breadcrumb\":{\"@id\":\"https:\\\/\\\/gambling6.com\\\/lv\\\/kazino\\\/pieci-galvenie-iemesli-kapec-pievienoties-tiessaistes-kazino\\\/#breadcrumb\"},\"inLanguage\":\"lv-LV\",\"potentialAction\":[{\"@type\":\"ReadAction\",\"target\":[\"https:\\\/\\\/gambling6.com\\\/lv\\\/kazino\\\/pieci-galvenie-iemesli-kapec-pievienoties-tiessaistes-kazino\\\/\"]}]},{\"@type\":\"ImageObject\",\"inLanguage\":\"lv-LV\",\"@id\":\"https:\\\/\\\/gambling6.com\\\/lv\\\/kazino\\\/pieci-galvenie-iemesli-kapec-pievienoties-tiessaistes-kazino\\\/#primaryimage\",\"url\":\"https:\\\/\\\/gambling6.com\\\/wp-content\\\/uploads\\\/2013\\\/12\\\/classic-casino-games-300x179.jpg\",\"contentUrl\":\"https:\\\/\\\/gambling6.com\\\/wp-content\\\/uploads\\\/2013\\\/12\\\/classic-casino-games-300x179.jpg\"},{\"@type\":\"BreadcrumbList\",\"@id\":\"https:\\\/\\\/gambling6.com\\\/lv\\\/kazino\\\/pieci-galvenie-iemesli-kapec-pievienoties-tiessaistes-kazino\\\/#breadcrumb\",\"itemListElement\":[{\"@type\":\"ListItem\",\"position\":1,\"name\":\"Home\",\"item\":\"https:\\\/\\\/gambling6.com\\\/lv\\\/home\\\/\"},{\"@type\":\"ListItem\",\"position\":2,\"name\":\"Kazino\",\"item\":\"https:\\\/\\\/gambling6.com\\\/lv\\\/get-started-with-online-gambling\\\/\"},{\"@type\":\"ListItem\",\"position\":3,\"name\":\"Pieci galvenie iemesli, k\u0101p\u0113c pievienoties tie\u0161saistes kazino\"}]},{\"@type\":\"WebSite\",\"@id\":\"https:\\\/\\\/gambling6.com\\\/lv\\\/#website\",\"url\":\"https:\\\/\\\/gambling6.com\\\/lv\\\/\",\"name\":\"Gambling6\",\"description\":\"\",\"potentialAction\":[{\"@type\":\"SearchAction\",\"target\":{\"@type\":\"EntryPoint\",\"urlTemplate\":\"https:\\\/\\\/gambling6.com\\\/lv\\\/?s={search_term_string}\"},\"query-input\":{\"@type\":\"PropertyValueSpecification\",\"valueRequired\":true,\"valueName\":\"search_term_string\"}}],\"inLanguage\":\"lv-LV\"}]}<\/script>\n<!-- \/ Yoast SEO plugin. -->","yoast_head_json":{"title":"Iemesli pievienoties tie\u0161saistes kazino","description":"Tie\u0161saistes kazino var pied\u0101v\u0101t tik daudz sp\u0113l\u0113t\u0101ju, kuri mekl\u0113 lielisku laika pavad\u012b\u0161anu un daudzas iesp\u0113jas uzvar\u0113t.","robots":{"index":"index","follow":"follow","max-snippet":"max-snippet:-1","max-image-preview":"max-image-preview:large","max-video-preview":"max-video-preview:-1"},"canonical":"https:\/\/gambling6.com\/lv\/kazino\/pieci-galvenie-iemesli-kapec-pievienoties-tiessaistes-kazino\/","og_locale":"lv_LV","og_type":"article","og_title":"Iemesli pievienoties tie\u0161saistes kazino","og_description":"Tie\u0161saistes kazino var pied\u0101v\u0101t tik daudz sp\u0113l\u0113t\u0101ju, kuri mekl\u0113 lielisku laika pavad\u012b\u0161anu un daudzas iesp\u0113jas uzvar\u0113t.","og_url":"https:\/\/gambling6.com\/lv\/kazino\/pieci-galvenie-iemesli-kapec-pievienoties-tiessaistes-kazino\/","og_site_name":"Gambling6","article_modified_time":"2025-11-12T16:35:39+00:00","og_image":[{"width":612,"height":366,"url":"https:\/\/gambling6.com\/wp-content\/uploads\/2013\/12\/classic-casino-games.jpg","type":"image\/jpeg"}],"twitter_card":"summary_large_image","twitter_misc":{"Est. reading time":"3 minutes"},"schema":{"@context":"https:\/\/schema.org","@graph":[{"@type":"WebPage","@id":"https:\/\/gambling6.com\/lv\/kazino\/pieci-galvenie-iemesli-kapec-pievienoties-tiessaistes-kazino\/","url":"https:\/\/gambling6.com\/lv\/kazino\/pieci-galvenie-iemesli-kapec-pievienoties-tiessaistes-kazino\/","name":"Iemesli pievienoties tie\u0161saistes kazino","isPartOf":{"@id":"https:\/\/gambling6.com\/lv\/#website"},"primaryImageOfPage":{"@id":"https:\/\/gambling6.com\/lv\/kazino\/pieci-galvenie-iemesli-kapec-pievienoties-tiessaistes-kazino\/#primaryimage"},"image":{"@id":"https:\/\/gambling6.com\/lv\/kazino\/pieci-galvenie-iemesli-kapec-pievienoties-tiessaistes-kazino\/#primaryimage"},"thumbnailUrl":"https:\/\/gambling6.com\/wp-content\/uploads\/2013\/12\/classic-casino-games-300x179.jpg","datePublished":"2025-11-07T16:14:50+00:00","dateModified":"2025-11-12T16:35:39+00:00","description":"Tie\u0161saistes kazino var pied\u0101v\u0101t tik daudz sp\u0113l\u0113t\u0101ju, kuri mekl\u0113 lielisku laika pavad\u012b\u0161anu un daudzas iesp\u0113jas uzvar\u0113t.","breadcrumb":{"@id":"https:\/\/gambling6.com\/lv\/kazino\/pieci-galvenie-iemesli-kapec-pievienoties-tiessaistes-kazino\/#breadcrumb"},"inLanguage":"lv-LV","potentialAction":[{"@type":"ReadAction","target":["https:\/\/gambling6.com\/lv\/kazino\/pieci-galvenie-iemesli-kapec-pievienoties-tiessaistes-kazino\/"]}]},{"@type":"ImageObject","inLanguage":"lv-LV","@id":"https:\/\/gambling6.com\/lv\/kazino\/pieci-galvenie-iemesli-kapec-pievienoties-tiessaistes-kazino\/#primaryimage","url":"https:\/\/gambling6.com\/wp-content\/uploads\/2013\/12\/classic-casino-games-300x179.jpg","contentUrl":"https:\/\/gambling6.com\/wp-content\/uploads\/2013\/12\/classic-casino-games-300x179.jpg"},{"@type":"BreadcrumbList","@id":"https:\/\/gambling6.com\/lv\/kazino\/pieci-galvenie-iemesli-kapec-pievienoties-tiessaistes-kazino\/#breadcrumb","itemListElement":[{"@type":"ListItem","position":1,"name":"Home","item":"https:\/\/gambling6.com\/lv\/home\/"},{"@type":"ListItem","position":2,"name":"Kazino","item":"https:\/\/gambling6.com\/lv\/get-started-with-online-gambling\/"},{"@type":"ListItem","position":3,"name":"Pieci galvenie iemesli, k\u0101p\u0113c pievienoties tie\u0161saistes kazino"}]},{"@type":"WebSite","@id":"https:\/\/gambling6.com\/lv\/#website","url":"https:\/\/gambling6.com\/lv\/","name":"Gambling6","description":"","potentialAction":[{"@type":"SearchAction","target":{"@type":"EntryPoint","urlTemplate":"https:\/\/gambling6.com\/lv\/?s={search_term_string}"},"query-input":{"@type":"PropertyValueSpecification","valueRequired":true,"valueName":"search_term_string"}}],"inLanguage":"lv-LV"}]}},"_links":{"self":[{"href":"https:\/\/gambling6.com\/lv\/wp-json\/wp\/v2\/pages\/8401","targetHints":{"allow":["GET"]}}],"collection":[{"href":"https:\/\/gambling6.com\/lv\/wp-json\/wp\/v2\/pages"}],"about":[{"href":"https:\/\/gambling6.com\/lv\/wp-json\/wp\/v2\/types\/page"}],"author":[{"embeddable":true,"href":"https:\/\/gambling6.com\/lv\/wp-json\/wp\/v2\/users\/1"}],"replies":[{"embeddable":true,"href":"https:\/\/gambling6.com\/lv\/wp-json\/wp\/v2\/comments?post=8401"}],"version-history":[{"count":2,"href":"https:\/\/gambling6.com\/lv\/wp-json\/wp\/v2\/pages\/8401\/revisions"}],"predecessor-version":[{"id":10679,"href":"https:\/\/gambling6.com\/lv\/wp-json\/wp\/v2\/pages\/8401\/revisions\/10679"}],"up":[{"embeddable":true,"href":"https:\/\/gambling6.com\/lv\/wp-json\/wp\/v2\/pages\/8314"}],"wp:attachment":[{"href":"https:\/\/gambling6.com\/lv\/wp-json\/wp\/v2\/media?parent=8401"}],"curies":[{"name":"wp","href":"https:\/\/api.w.org\/{rel}","templated":true}]}}