{"id":8455,"date":"2025-11-07T17:48:18","date_gmt":"2025-11-07T17:48:18","guid":{"rendered":"https:\/\/gambling6.com\/padomi-par-labakajam-bingo-vietnem\/"},"modified":"2025-11-15T07:46:41","modified_gmt":"2025-11-15T07:46:41","slug":"padomi-par-labakajam-bingo-vietnem","status":"publish","type":"page","link":"https:\/\/gambling6.com\/lv\/bingo\/padomi-par-labakajam-bingo-vietnem\/","title":{"rendered":"Padomi par lab\u0101kaj\u0101m bingo vietn\u0113m"},"content":{"rendered":"<h2>Bingo vietnes izv\u0113le<\/h2>\n<p>Bingo ir aizraujo\u0161a sp\u0113le, kurai nepiecie\u0161amas daudz maz\u0101kas prasmes nek\u0101 t\u0101d\u0101m sp\u0113l\u0113m k\u0101 blekd\u017eeks vai pokers. Sp\u0113le piesaista daudzus cilv\u0113kus ar savu vienk\u0101r\u0161\u012bbu. T\u0101 neprasa apg\u016bt nek\u0101dus sare\u017e\u0123\u012btus noteikumus vai strat\u0113\u0123ijas. Turkl\u0101t bingo k\u0101r\u0161u sp\u0113l\u0113\u0161ana ir l\u0113t\u0101ka. Daudzas vietnes pied\u0101v\u0101 \u0161o sp\u0113li tie\u0161saist\u0113. J\u016bs varat pievienoties k\u0101dai no t\u0101m un sp\u0113l\u0113t sp\u0113li pat par minim\u0101lu naudas summu.<img loading=\"lazy\" decoding=\"async\" class=\" alignright size-full wp-image-213\" style=\"margin: 5px; float: right;\" src=\"http:\/\/gambling6.com\/wp-content\/uploads\/2013\/12\/img_110.png\" alt=\"Izv\u0113lieties lab\u0101ko bingo vietni\" width=\"288\" height=\"175\" \/><\/p>\n<p>\u0145emot v\u0113r\u0101 tik daudz bingo viet\u0146u,<strong>noskaidrot, kura no t\u0101m ir lab\u0101k\u0101 tie\u0161saistes bingo vietne, var b\u016bt diezgan liels izaicin\u0101jums<\/strong>. T\u0101p\u0113c ieteicams apsv\u0113rt b\u016btiskus faktorus un izlemt, vai vietne ir ide\u0101li piem\u0113rota jums.<\/p>\n<ul>\n<li><strong>Reput\u0101cija un pieredze<\/strong><\/li>\n<\/ul>\n<p>P\u0101rliecinieties, ka izv\u0113laties bingo vietni, kas nozar\u0113 darbojas jau ilgu laiku un kurai ir sp\u0113c\u012bga reput\u0101cija, nodro\u0161inot labu sp\u0113\u013cu pieredzi. To varat p\u0101rbaud\u012bt, lasot profesion\u0101\u013cu un \u012bstu sp\u0113l\u0113t\u0101ju atsauksmes. Bingo vietne ar daudziem sp\u0113l\u0113t\u0101jiem var b\u016bt uzticama, jo sp\u0113l\u0113t\u0101ji nev\u0113las palikt vietn\u0113, kas nepied\u0101v\u0101 pat\u012bkamu sp\u0113\u013cu pieredzi.<\/p>\n<p><a href=\"https:\/\/record.revenueplanet.com\/_BoBybWC_aAPUOsjNOfgKefwM06wa-Rwt\/1\/\" target=\"_new\"><img loading=\"lazy\" decoding=\"async\" class=\"aligncenter\" style=\"border: none;\" src=\"https:\/\/media.revenueplanet.com\/uploads\/nbb-468x60-nov-generic.gif\" alt=\"BingoBilly Free Bingo\" width=\"686\" height=\"88\" \/><\/a><\/p>\n<ul>\n<li><strong>Pied\u0101v\u0101jum\u0101 eso\u0161\u0101s sp\u0113les<\/strong><\/li>\n<\/ul>\n<p>Vietnei, kuru v\u0113laties izv\u0113l\u0113ties, ir j\u0101pied\u0101v\u0101 pla\u0161s sp\u0113\u013cu kl\u0101sts. <strong>Bingo<\/strong> ir pieejams da\u017e\u0101d\u0101s form\u0101s. 90 bumbu, 80 bumbu, 75 bumbu, mini, quickie, coverall, bonanza un pattern ir da\u017eas no popul\u0101r\u0101kaj\u0101m sp\u0113les vari\u0101cij\u0101m. Izv\u0113loties vietni, kas pied\u0101v\u0101 visas \u0161\u012bs vari\u0101cijas, j\u016bs var\u0113siet izbaud\u012bt sp\u0113\u013cu sp\u0113l\u0113\u0161anu, nej\u016btoties garlaikoti.<\/p>\n<ul>\n<li><strong>Bonuss<\/strong><\/li>\n<\/ul>\n<p>Lai gan nav ieteicams izlemt, pamatojoties uz sp\u0113\u013cu vietnes pied\u0101v\u0101to bonusu, vietne ar visliel\u0101ko bonusu ne vienm\u0113r ir lab\u0101k\u0101 bingo vietne jums. Noder\u012bgas funkcijas un pla\u0161s sp\u0113\u013cu kl\u0101sts noteikti ir svar\u012bg\u0101ki aspekti. Liel\u0101k\u0101 da\u013ca bingo viet\u0146u pied\u0101v\u0101 sagaid\u012b\u0161anas bonusu. Kad veicat pirmo iemaksu, sagaid\u012b\u0161anas bonusa summa tiks autom\u0101tiski ieskait\u012bta j\u016bsu kont\u0101. J\u016bs varat izmantot \u0161o bonusu, lai sp\u0113l\u0113tu vair\u0101k. Noteikti izlasiet ar bonusu saist\u012btos noteikumus un nosac\u012bjumus. Parasti bonuss j\u0101izmanto viena m\u0113ne\u0161a laik\u0101.<\/p>\n<ul>\n<li><strong>Iemaksu un izmaksu metodes<\/strong><\/li>\n<\/ul>\n<p>Lab\u0101k\u0101 bingo vietne pied\u0101v\u0101 da\u017e\u0101das iemaksu metodes, lai j\u016bs var\u0113tu izv\u0113l\u0113ties sev \u0113rt\u0101ko. T\u0101 pied\u0101v\u0101 ar\u012b virkni iesp\u0113ju laimestu iz\u0146em\u0161anai. T\u0101s atvieglo konta izveidi. J\u016bs varat viegli pabeigt tie\u0161saistes re\u0123istr\u0101ciju un bankas inform\u0101ciju.<\/p>\n<ul>\n<li><strong>Klientu apkalpo\u0161ana<\/strong><\/li>\n<\/ul>\n<p>Varat p\u0101rbaud\u012bt, vai sp\u0113\u013cu vietne pied\u0101v\u0101 lab\u0101ko klientu apkalpo\u0161anu. Lab\u0101kajai vietnei ir labi apm\u0101c\u012bta klientu komanda, kas atbild uz j\u016bsu jaut\u0101jumiem un \u0101tri atrisina j\u016bsu probl\u0113mas. Neatkar\u012bgi no t\u0101, vai rodas probl\u0113mas ar konta atv\u0113r\u0161anu vai laimestu iz\u0146em\u0161anu, j\u016bs varat sa\u0146emt vi\u0146u pal\u012bdz\u012bbu jebkur\u0101 laik\u0101. Vi\u0146i pied\u0101v\u0101 tie\u0161saistes t\u0113rz\u0113\u0161anu, t\u0101lru\u0146a un e-pasta atbalstu, lai profesion\u0101li risin\u0101tu j\u016bsu probl\u0113mas.<\/p>\n<p>Visu \u0161o lietu \u0146em\u0161ana v\u0113r\u0101 var pal\u012bdz\u0113t jums izv\u0113l\u0113ties fantastisku tie\u0161saistes bingo vietni. Mums person\u012bgi pat\u012bk Bingo Billy. Pat ja j\u016bs dz\u012bvojat ASV, j\u016bs <span style=\"box-sizing: border-box; margin: 0px; padding: 0px;\">joproj\u0101m varat sp\u0113l\u0113t\u00a0<a class=\"thirstylink\" title=\"Bingo Billy en\" href=\"https:\/\/gambling6.com\/go\/bingobilly-en\/\" target=\"_blank\" rel=\"nofollow noopener\">Bingo Billy<\/a> \u2014<\/span>sekojiet \u0161ai saitei uz vi\u0146u vietni.<\/p>\n","protected":false},"excerpt":{"rendered":"<p>Bingo vietnes izv\u0113le Bingo ir aizraujo\u0161a sp\u0113le, kurai nepiecie\u0161amas daudz maz\u0101kas prasmes nek\u0101 t\u0101d\u0101m sp\u0113l\u0113m k\u0101 blekd\u017eeks vai pokers. Sp\u0113le piesaista daudzus cilv\u0113kus ar savu vienk\u0101r\u0161\u012bbu. T\u0101 neprasa apg\u016bt nek\u0101dus sare\u017e\u0123\u012btus noteikumus vai strat\u0113\u0123ijas. Turkl\u0101t bingo k\u0101r\u0161u sp\u0113l\u0113\u0161ana ir l\u0113t\u0101ka. Daudzas vietnes pied\u0101v\u0101 \u0161o sp\u0113li tie\u0161saist\u0113. J\u016bs varat pievienoties k\u0101dai no t\u0101m un sp\u0113l\u0113t sp\u0113li [&hellip;]<\/p>\n","protected":false},"author":1,"featured_media":8436,"parent":8513,"menu_order":5,"comment_status":"closed","ping_status":"closed","template":"","meta":{"footnotes":""},"class_list":["post-8455","page","type-page","status-publish","has-post-thumbnail","hentry"],"yoast_head":"<!-- This site is optimized with the Yoast SEO plugin v27.5 - https:\/\/yoast.com\/product\/yoast-seo-wordpress\/ -->\n<title>Bingo padomi \u2014 kuras ir lab\u0101k\u0101s bingo vietnes?<\/title>\n<meta name=\"description\" content=\"Lab\u0101k\u0101s bingo vietnes izv\u0113le ir svar\u012bga, bet kuru vietni jums vajadz\u0113tu izv\u0113l\u0113ties? Atbildes atrad\u012bsiet \u0161eit\" \/>\n<meta name=\"robots\" content=\"index, follow, max-snippet:-1, max-image-preview:large, max-video-preview:-1\" \/>\n<link rel=\"canonical\" href=\"https:\/\/gambling6.com\/lv\/bingo\/padomi-par-labakajam-bingo-vietnem\/\" \/>\n<meta property=\"og:locale\" content=\"lv_LV\" \/>\n<meta property=\"og:type\" content=\"article\" \/>\n<meta property=\"og:title\" content=\"Bingo padomi \u2014 kuras ir lab\u0101k\u0101s bingo vietnes?\" \/>\n<meta property=\"og:description\" content=\"Lab\u0101k\u0101s bingo vietnes izv\u0113le ir svar\u012bga, bet kuru vietni jums vajadz\u0113tu izv\u0113l\u0113ties? Atbildes atrad\u012bsiet \u0161eit\" \/>\n<meta property=\"og:url\" content=\"https:\/\/gambling6.com\/lv\/bingo\/padomi-par-labakajam-bingo-vietnem\/\" \/>\n<meta property=\"og:site_name\" content=\"Gambling6\" \/>\n<meta property=\"article:modified_time\" content=\"2025-11-15T07:46:41+00:00\" \/>\n<meta property=\"og:image\" content=\"https:\/\/gambling6.com\/wp-content\/uploads\/2013\/12\/img_110.png\" \/>\n\t<meta property=\"og:image:width\" content=\"288\" \/>\n\t<meta property=\"og:image:height\" content=\"175\" \/>\n\t<meta property=\"og:image:type\" content=\"image\/png\" \/>\n<meta name=\"twitter:card\" content=\"summary_large_image\" \/>\n<meta name=\"twitter:label1\" content=\"Est. reading time\" \/>\n\t<meta name=\"twitter:data1\" content=\"3 minutes\" \/>\n<script type=\"application\/ld+json\" class=\"yoast-schema-graph\">{\"@context\":\"https:\\\/\\\/schema.org\",\"@graph\":[{\"@type\":\"WebPage\",\"@id\":\"https:\\\/\\\/gambling6.com\\\/lv\\\/bingo\\\/padomi-par-labakajam-bingo-vietnem\\\/\",\"url\":\"https:\\\/\\\/gambling6.com\\\/lv\\\/bingo\\\/padomi-par-labakajam-bingo-vietnem\\\/\",\"name\":\"Bingo padomi \u2014 kuras ir lab\u0101k\u0101s bingo vietnes?\",\"isPartOf\":{\"@id\":\"https:\\\/\\\/gambling6.com\\\/lv\\\/#website\"},\"primaryImageOfPage\":{\"@id\":\"https:\\\/\\\/gambling6.com\\\/lv\\\/bingo\\\/padomi-par-labakajam-bingo-vietnem\\\/#primaryimage\"},\"image\":{\"@id\":\"https:\\\/\\\/gambling6.com\\\/lv\\\/bingo\\\/padomi-par-labakajam-bingo-vietnem\\\/#primaryimage\"},\"thumbnailUrl\":\"https:\\\/\\\/gambling6.com\\\/wp-content\\\/uploads\\\/2013\\\/12\\\/img_110.png\",\"datePublished\":\"2025-11-07T17:48:18+00:00\",\"dateModified\":\"2025-11-15T07:46:41+00:00\",\"description\":\"Lab\u0101k\u0101s bingo vietnes izv\u0113le ir svar\u012bga, bet kuru vietni jums vajadz\u0113tu izv\u0113l\u0113ties? Atbildes atrad\u012bsiet \u0161eit\",\"breadcrumb\":{\"@id\":\"https:\\\/\\\/gambling6.com\\\/lv\\\/bingo\\\/padomi-par-labakajam-bingo-vietnem\\\/#breadcrumb\"},\"inLanguage\":\"lv-LV\",\"potentialAction\":[{\"@type\":\"ReadAction\",\"target\":[\"https:\\\/\\\/gambling6.com\\\/lv\\\/bingo\\\/padomi-par-labakajam-bingo-vietnem\\\/\"]}]},{\"@type\":\"ImageObject\",\"inLanguage\":\"lv-LV\",\"@id\":\"https:\\\/\\\/gambling6.com\\\/lv\\\/bingo\\\/padomi-par-labakajam-bingo-vietnem\\\/#primaryimage\",\"url\":\"https:\\\/\\\/gambling6.com\\\/wp-content\\\/uploads\\\/2013\\\/12\\\/img_110.png\",\"contentUrl\":\"https:\\\/\\\/gambling6.com\\\/wp-content\\\/uploads\\\/2013\\\/12\\\/img_110.png\",\"width\":288,\"height\":175},{\"@type\":\"BreadcrumbList\",\"@id\":\"https:\\\/\\\/gambling6.com\\\/lv\\\/bingo\\\/padomi-par-labakajam-bingo-vietnem\\\/#breadcrumb\",\"itemListElement\":[{\"@type\":\"ListItem\",\"position\":1,\"name\":\"Home\",\"item\":\"https:\\\/\\\/gambling6.com\\\/lv\\\/home\\\/\"},{\"@type\":\"ListItem\",\"position\":2,\"name\":\"Bingo\",\"item\":\"https:\\\/\\\/gambling6.com\\\/lv\\\/all-about-bingo\\\/\"},{\"@type\":\"ListItem\",\"position\":3,\"name\":\"Padomi par lab\u0101kaj\u0101m bingo vietn\u0113m\"}]},{\"@type\":\"WebSite\",\"@id\":\"https:\\\/\\\/gambling6.com\\\/lv\\\/#website\",\"url\":\"https:\\\/\\\/gambling6.com\\\/lv\\\/\",\"name\":\"Gambling6\",\"description\":\"\",\"potentialAction\":[{\"@type\":\"SearchAction\",\"target\":{\"@type\":\"EntryPoint\",\"urlTemplate\":\"https:\\\/\\\/gambling6.com\\\/lv\\\/?s={search_term_string}\"},\"query-input\":{\"@type\":\"PropertyValueSpecification\",\"valueRequired\":true,\"valueName\":\"search_term_string\"}}],\"inLanguage\":\"lv-LV\"}]}<\/script>\n<!-- \/ Yoast SEO plugin. -->","yoast_head_json":{"title":"Bingo padomi \u2014 kuras ir lab\u0101k\u0101s bingo vietnes?","description":"Lab\u0101k\u0101s bingo vietnes izv\u0113le ir svar\u012bga, bet kuru vietni jums vajadz\u0113tu izv\u0113l\u0113ties? Atbildes atrad\u012bsiet \u0161eit","robots":{"index":"index","follow":"follow","max-snippet":"max-snippet:-1","max-image-preview":"max-image-preview:large","max-video-preview":"max-video-preview:-1"},"canonical":"https:\/\/gambling6.com\/lv\/bingo\/padomi-par-labakajam-bingo-vietnem\/","og_locale":"lv_LV","og_type":"article","og_title":"Bingo padomi \u2014 kuras ir lab\u0101k\u0101s bingo vietnes?","og_description":"Lab\u0101k\u0101s bingo vietnes izv\u0113le ir svar\u012bga, bet kuru vietni jums vajadz\u0113tu izv\u0113l\u0113ties? Atbildes atrad\u012bsiet \u0161eit","og_url":"https:\/\/gambling6.com\/lv\/bingo\/padomi-par-labakajam-bingo-vietnem\/","og_site_name":"Gambling6","article_modified_time":"2025-11-15T07:46:41+00:00","og_image":[{"width":288,"height":175,"url":"https:\/\/gambling6.com\/wp-content\/uploads\/2013\/12\/img_110.png","type":"image\/png"}],"twitter_card":"summary_large_image","twitter_misc":{"Est. reading time":"3 minutes"},"schema":{"@context":"https:\/\/schema.org","@graph":[{"@type":"WebPage","@id":"https:\/\/gambling6.com\/lv\/bingo\/padomi-par-labakajam-bingo-vietnem\/","url":"https:\/\/gambling6.com\/lv\/bingo\/padomi-par-labakajam-bingo-vietnem\/","name":"Bingo padomi \u2014 kuras ir lab\u0101k\u0101s bingo vietnes?","isPartOf":{"@id":"https:\/\/gambling6.com\/lv\/#website"},"primaryImageOfPage":{"@id":"https:\/\/gambling6.com\/lv\/bingo\/padomi-par-labakajam-bingo-vietnem\/#primaryimage"},"image":{"@id":"https:\/\/gambling6.com\/lv\/bingo\/padomi-par-labakajam-bingo-vietnem\/#primaryimage"},"thumbnailUrl":"https:\/\/gambling6.com\/wp-content\/uploads\/2013\/12\/img_110.png","datePublished":"2025-11-07T17:48:18+00:00","dateModified":"2025-11-15T07:46:41+00:00","description":"Lab\u0101k\u0101s bingo vietnes izv\u0113le ir svar\u012bga, bet kuru vietni jums vajadz\u0113tu izv\u0113l\u0113ties? Atbildes atrad\u012bsiet \u0161eit","breadcrumb":{"@id":"https:\/\/gambling6.com\/lv\/bingo\/padomi-par-labakajam-bingo-vietnem\/#breadcrumb"},"inLanguage":"lv-LV","potentialAction":[{"@type":"ReadAction","target":["https:\/\/gambling6.com\/lv\/bingo\/padomi-par-labakajam-bingo-vietnem\/"]}]},{"@type":"ImageObject","inLanguage":"lv-LV","@id":"https:\/\/gambling6.com\/lv\/bingo\/padomi-par-labakajam-bingo-vietnem\/#primaryimage","url":"https:\/\/gambling6.com\/wp-content\/uploads\/2013\/12\/img_110.png","contentUrl":"https:\/\/gambling6.com\/wp-content\/uploads\/2013\/12\/img_110.png","width":288,"height":175},{"@type":"BreadcrumbList","@id":"https:\/\/gambling6.com\/lv\/bingo\/padomi-par-labakajam-bingo-vietnem\/#breadcrumb","itemListElement":[{"@type":"ListItem","position":1,"name":"Home","item":"https:\/\/gambling6.com\/lv\/home\/"},{"@type":"ListItem","position":2,"name":"Bingo","item":"https:\/\/gambling6.com\/lv\/all-about-bingo\/"},{"@type":"ListItem","position":3,"name":"Padomi par lab\u0101kaj\u0101m bingo vietn\u0113m"}]},{"@type":"WebSite","@id":"https:\/\/gambling6.com\/lv\/#website","url":"https:\/\/gambling6.com\/lv\/","name":"Gambling6","description":"","potentialAction":[{"@type":"SearchAction","target":{"@type":"EntryPoint","urlTemplate":"https:\/\/gambling6.com\/lv\/?s={search_term_string}"},"query-input":{"@type":"PropertyValueSpecification","valueRequired":true,"valueName":"search_term_string"}}],"inLanguage":"lv-LV"}]}},"_links":{"self":[{"href":"https:\/\/gambling6.com\/lv\/wp-json\/wp\/v2\/pages\/8455","targetHints":{"allow":["GET"]}}],"collection":[{"href":"https:\/\/gambling6.com\/lv\/wp-json\/wp\/v2\/pages"}],"about":[{"href":"https:\/\/gambling6.com\/lv\/wp-json\/wp\/v2\/types\/page"}],"author":[{"embeddable":true,"href":"https:\/\/gambling6.com\/lv\/wp-json\/wp\/v2\/users\/1"}],"replies":[{"embeddable":true,"href":"https:\/\/gambling6.com\/lv\/wp-json\/wp\/v2\/comments?post=8455"}],"version-history":[{"count":3,"href":"https:\/\/gambling6.com\/lv\/wp-json\/wp\/v2\/pages\/8455\/revisions"}],"predecessor-version":[{"id":10818,"href":"https:\/\/gambling6.com\/lv\/wp-json\/wp\/v2\/pages\/8455\/revisions\/10818"}],"up":[{"embeddable":true,"href":"https:\/\/gambling6.com\/lv\/wp-json\/wp\/v2\/pages\/8513"}],"wp:featuredmedia":[{"embeddable":true,"href":"https:\/\/gambling6.com\/lv\/wp-json\/wp\/v2\/media\/8436"}],"wp:attachment":[{"href":"https:\/\/gambling6.com\/lv\/wp-json\/wp\/v2\/media?parent=8455"}],"curies":[{"name":"wp","href":"https:\/\/api.w.org\/{rel}","templated":true}]}}