{"id":8513,"date":"2025-11-07T19:19:50","date_gmt":"2025-11-07T19:19:50","guid":{"rendered":"https:\/\/gambling6.com\/bingo\/"},"modified":"2025-11-12T11:48:09","modified_gmt":"2025-11-12T11:48:09","slug":"bingo","status":"publish","type":"page","link":"https:\/\/gambling6.com\/lv\/bingo\/","title":{"rendered":"Bingo"},"content":{"rendered":"<h2>Informazioni di base sul Bingo<\/h2>\n<p><a href=\"https:\/\/record.revenueplanet.com\/_BoBybWC_aAMWqcfzuvZcQMni_MQzyHn0\/1\/\" target=\"_new\"><img loading=\"lazy\" decoding=\"async\" class=\"alignright\" style=\"border: none;\" src=\"https:\/\/media.revenueplanet.com\/uploads\/nbb-120x600-oct-free.gif\" alt=\"BingoBilly Bingo Gratis\" width=\"120\" height=\"600\" \/><\/a>Il gioco del Bingo \u00e8 rivolto sia ai giovani che agli anziani. Le origini di questo gioco risalgono all&#8217;Italia del XVI secolo, dove veniva giocato con il nome di &#8220;Gioco del Lotto d&#8217;Italia&#8221; e poi si diffuse in tutta Europa. Il Bingo \u00e8 un gioco sociale in cui contano: il tempo di reazione, la percezione del gioco e, non ultima, la fortuna.<\/p>\n<p>Nel corso del tempo, le persone hanno cercato diverse strategie per elaborare calcoli pi\u00f9 precisi su come aumentare le proprie possibilit\u00e0 di vincita. Alcune hanno fallito, altre hanno avuto successo. Il bingo online \u00e8 apparso a met\u00e0 degli anni &#8217;90 e da allora \u00e8 in continuo sviluppo. I vantaggi del bingo online, a differenza del bingo offline, sono:<\/p>\n<ul>\n<li>Puoi giocare direttamente da casa tua<\/li>\n<li>\u00c8 tutto semplice<\/li>\n<li>Offrono bonus e premi<\/li>\n<li>Puoi giocare gratuitamente<\/li>\n<li>Puoi giocare a qualsiasi ora del giorno e della notte<\/li>\n<li>Hai assistenza online in tempo reale<\/li>\n<\/ul>\n<p>Per i principianti, si consiglia di giocare a partite demo che offrono loro l&#8217;opportunit\u00e0 di familiarizzare con le regole e la velocit\u00e0 del gioco. Le strategie del gioco non garantiscono la vincita, ma aumentano le possibilit\u00e0 di vincita. Si consiglia inoltre di giocare in una sala con un numero ridotto di giocatori. Per i giocatori pi\u00f9 esperti, una buona idea \u00e8 giocare con quante pi\u00f9 cartelle possibile; questo aumenta le probabilit\u00e0 di vincita. Il bingo si gioca con 30, 75, 80 e 90 palline.<\/p>\n<p>La scelta migliore sarebbe <a class=\"thirstylink\" title=\"Bingo Billy en\" href=\"https:\/\/gambling6.com\/go\/bingobilly-en\/\" target=\"_blank\" rel=\"nofollow noopener\">Bingo Billy &#8211; clicca qui per giocare<\/a>, e riceverai biglietti bingo gratuiti per un valore iniziale di 30 $! Bingo Billy accetta giocatori da tutto il mondo, compresi gli Stati Uniti.<\/p>\n<h2>Il gioco del bingo con 30 palline<\/h2>\n<p>Il giocatore sceglie un totale di 30 palline e utilizza una scala da 1 a 75. Le aree del bingo sono composte da cinque caselle. Dopo aver acquistato la schedina, il giocatore deve scegliere un totale di 30 numeri. I numeri vengono estratti e segnati automaticamente sulla schedina. Il bingo si conclude quando il giocatore ha estratto cinque o sei numeri che gli permettono di formare una linea verticale, orizzontale o diagonale. Il gioco termina quando sono state estratte le 30 palline. Il giocatore che ottiene il maggior numero di linee del bingo viene dichiarato vincitore.<\/p>\n<h2>Il gioco del bingo con 90 palline<\/h2>\n<p>La cartella \u00e8 composta da gruppi da 9 a 3, contenenti un totale di 27 caselle. Ogni riga ha 5 numeri e 4 caselle vuote. Il numero totale di numeri sulla cartella \u00e8 15<\/p>\n<h2>Il gioco del bingo con 80 palline<\/h2>\n<p>Qui, su ogni cartella, ci sono 16 numeri, 4 linee e 4 colonne<\/p>\n<h2>Strategie del bingo online<\/h2>\n<p>Joseph E. Granville ha affermato di poter &#8220;aumentare le probabilit\u00e0 di vincita fino al 50%&#8221;. Ha anche affermato che i numeri estratti in modo realmente casuale seguono il seguente schema: un numero uguale di numeri che terminano con 1, 2, 3, 4, 5, 6, 7, 8, 9, numeri grandi e piccoli sono in equilibrio con il rinnovo del gioco, numeri estratti che si avvicinano al numero 38, pi\u00f9 precisamente al centro<\/p>\n<p><strong>Un esempio di un biglietto casuale secondo lo schema di Joseph E. Granville \u00e8<\/strong> 6, 11, 24, 32, 43, 57, 38, 69. Lo statistico britannico L.C.H. Tippet ha lanciato una teoria secondo cui i numeri estratti hanno una probabilit\u00e0 vicina a 38. Detto questo, avete a disposizione un&#8217;ampia scelta di siti e una breve introduzione al mondo del bingo. In base alle vostre preferenze, potete decidere quale versione fa al caso vostro. Buona fortuna!<\/p>\n","protected":false},"excerpt":{"rendered":"<p>Informazioni di base sul Bingo Il gioco del Bingo \u00e8 rivolto sia ai giovani che agli anziani. Le origini di questo gioco risalgono all&#8217;Italia del XVI secolo, dove veniva giocato con il nome di &#8220;Gioco del Lotto d&#8217;Italia&#8221; e poi si diffuse in tutta Europa. Il Bingo \u00e8 un gioco sociale in cui contano: il [&hellip;]<\/p>\n","protected":false},"author":1,"featured_media":0,"parent":0,"menu_order":6,"comment_status":"closed","ping_status":"closed","template":"","meta":{"footnotes":""},"class_list":["post-8513","page","type-page","status-publish","hentry"],"yoast_head":"<!-- This site is optimized with the Yoast SEO plugin v27.3 - https:\/\/yoast.com\/product\/yoast-seo-wordpress\/ -->\n<title>Informazioni di base sul Bingo<\/title>\n<meta name=\"description\" content=\"Tutto sul Bingo online e i migliori siti per giocare a Bingo online\" \/>\n<meta name=\"robots\" content=\"index, follow, max-snippet:-1, max-image-preview:large, max-video-preview:-1\" \/>\n<link rel=\"canonical\" href=\"https:\/\/gambling6.com\/lv\/bingo\/\" \/>\n<meta property=\"og:locale\" content=\"lv_LV\" \/>\n<meta property=\"og:type\" content=\"article\" \/>\n<meta property=\"og:title\" content=\"Informazioni di base sul Bingo\" \/>\n<meta property=\"og:description\" content=\"Tutto sul Bingo online e i migliori siti per giocare a Bingo online\" \/>\n<meta property=\"og:url\" content=\"https:\/\/gambling6.com\/lv\/bingo\/\" \/>\n<meta property=\"og:site_name\" content=\"Gambling6\" \/>\n<meta property=\"article:modified_time\" content=\"2025-11-12T11:48:09+00:00\" \/>\n<meta property=\"og:image\" content=\"https:\/\/media.revenueplanet.com\/uploads\/nbb-120x600-oct-free.gif\" \/>\n<meta name=\"twitter:card\" content=\"summary_large_image\" \/>\n<meta name=\"twitter:label1\" content=\"Est. reading time\" \/>\n\t<meta name=\"twitter:data1\" content=\"3 minutes\" \/>\n<script type=\"application\/ld+json\" class=\"yoast-schema-graph\">{\"@context\":\"https:\\\/\\\/schema.org\",\"@graph\":[{\"@type\":\"WebPage\",\"@id\":\"https:\\\/\\\/gambling6.com\\\/lv\\\/bingo\\\/\",\"url\":\"https:\\\/\\\/gambling6.com\\\/lv\\\/bingo\\\/\",\"name\":\"Informazioni di base sul Bingo\",\"isPartOf\":{\"@id\":\"https:\\\/\\\/gambling6.com\\\/lv\\\/#website\"},\"primaryImageOfPage\":{\"@id\":\"https:\\\/\\\/gambling6.com\\\/lv\\\/bingo\\\/#primaryimage\"},\"image\":{\"@id\":\"https:\\\/\\\/gambling6.com\\\/lv\\\/bingo\\\/#primaryimage\"},\"thumbnailUrl\":\"https:\\\/\\\/media.revenueplanet.com\\\/uploads\\\/nbb-120x600-oct-free.gif\",\"datePublished\":\"2025-11-07T19:19:50+00:00\",\"dateModified\":\"2025-11-12T11:48:09+00:00\",\"description\":\"Tutto sul Bingo online e i migliori siti per giocare a Bingo online\",\"breadcrumb\":{\"@id\":\"https:\\\/\\\/gambling6.com\\\/lv\\\/bingo\\\/#breadcrumb\"},\"inLanguage\":\"lv-LV\",\"potentialAction\":[{\"@type\":\"ReadAction\",\"target\":[\"https:\\\/\\\/gambling6.com\\\/lv\\\/bingo\\\/\"]}]},{\"@type\":\"ImageObject\",\"inLanguage\":\"lv-LV\",\"@id\":\"https:\\\/\\\/gambling6.com\\\/lv\\\/bingo\\\/#primaryimage\",\"url\":\"https:\\\/\\\/media.revenueplanet.com\\\/uploads\\\/nbb-120x600-oct-free.gif\",\"contentUrl\":\"https:\\\/\\\/media.revenueplanet.com\\\/uploads\\\/nbb-120x600-oct-free.gif\"},{\"@type\":\"BreadcrumbList\",\"@id\":\"https:\\\/\\\/gambling6.com\\\/lv\\\/bingo\\\/#breadcrumb\",\"itemListElement\":[{\"@type\":\"ListItem\",\"position\":1,\"name\":\"Home\",\"item\":\"https:\\\/\\\/gambling6.com\\\/lv\\\/home\\\/\"},{\"@type\":\"ListItem\",\"position\":2,\"name\":\"Bingo\"}]},{\"@type\":\"WebSite\",\"@id\":\"https:\\\/\\\/gambling6.com\\\/lv\\\/#website\",\"url\":\"https:\\\/\\\/gambling6.com\\\/lv\\\/\",\"name\":\"Gambling6\",\"description\":\"\",\"potentialAction\":[{\"@type\":\"SearchAction\",\"target\":{\"@type\":\"EntryPoint\",\"urlTemplate\":\"https:\\\/\\\/gambling6.com\\\/lv\\\/?s={search_term_string}\"},\"query-input\":{\"@type\":\"PropertyValueSpecification\",\"valueRequired\":true,\"valueName\":\"search_term_string\"}}],\"inLanguage\":\"lv-LV\"}]}<\/script>\n<!-- \/ Yoast SEO plugin. -->","yoast_head_json":{"title":"Informazioni di base sul Bingo","description":"Tutto sul Bingo online e i migliori siti per giocare a Bingo online","robots":{"index":"index","follow":"follow","max-snippet":"max-snippet:-1","max-image-preview":"max-image-preview:large","max-video-preview":"max-video-preview:-1"},"canonical":"https:\/\/gambling6.com\/lv\/bingo\/","og_locale":"lv_LV","og_type":"article","og_title":"Informazioni di base sul Bingo","og_description":"Tutto sul Bingo online e i migliori siti per giocare a Bingo online","og_url":"https:\/\/gambling6.com\/lv\/bingo\/","og_site_name":"Gambling6","article_modified_time":"2025-11-12T11:48:09+00:00","og_image":[{"url":"https:\/\/media.revenueplanet.com\/uploads\/nbb-120x600-oct-free.gif","type":"","width":"","height":""}],"twitter_card":"summary_large_image","twitter_misc":{"Est. reading time":"3 minutes"},"schema":{"@context":"https:\/\/schema.org","@graph":[{"@type":"WebPage","@id":"https:\/\/gambling6.com\/lv\/bingo\/","url":"https:\/\/gambling6.com\/lv\/bingo\/","name":"Informazioni di base sul Bingo","isPartOf":{"@id":"https:\/\/gambling6.com\/lv\/#website"},"primaryImageOfPage":{"@id":"https:\/\/gambling6.com\/lv\/bingo\/#primaryimage"},"image":{"@id":"https:\/\/gambling6.com\/lv\/bingo\/#primaryimage"},"thumbnailUrl":"https:\/\/media.revenueplanet.com\/uploads\/nbb-120x600-oct-free.gif","datePublished":"2025-11-07T19:19:50+00:00","dateModified":"2025-11-12T11:48:09+00:00","description":"Tutto sul Bingo online e i migliori siti per giocare a Bingo online","breadcrumb":{"@id":"https:\/\/gambling6.com\/lv\/bingo\/#breadcrumb"},"inLanguage":"lv-LV","potentialAction":[{"@type":"ReadAction","target":["https:\/\/gambling6.com\/lv\/bingo\/"]}]},{"@type":"ImageObject","inLanguage":"lv-LV","@id":"https:\/\/gambling6.com\/lv\/bingo\/#primaryimage","url":"https:\/\/media.revenueplanet.com\/uploads\/nbb-120x600-oct-free.gif","contentUrl":"https:\/\/media.revenueplanet.com\/uploads\/nbb-120x600-oct-free.gif"},{"@type":"BreadcrumbList","@id":"https:\/\/gambling6.com\/lv\/bingo\/#breadcrumb","itemListElement":[{"@type":"ListItem","position":1,"name":"Home","item":"https:\/\/gambling6.com\/lv\/home\/"},{"@type":"ListItem","position":2,"name":"Bingo"}]},{"@type":"WebSite","@id":"https:\/\/gambling6.com\/lv\/#website","url":"https:\/\/gambling6.com\/lv\/","name":"Gambling6","description":"","potentialAction":[{"@type":"SearchAction","target":{"@type":"EntryPoint","urlTemplate":"https:\/\/gambling6.com\/lv\/?s={search_term_string}"},"query-input":{"@type":"PropertyValueSpecification","valueRequired":true,"valueName":"search_term_string"}}],"inLanguage":"lv-LV"}]}},"_links":{"self":[{"href":"https:\/\/gambling6.com\/lv\/wp-json\/wp\/v2\/pages\/8513","targetHints":{"allow":["GET"]}}],"collection":[{"href":"https:\/\/gambling6.com\/lv\/wp-json\/wp\/v2\/pages"}],"about":[{"href":"https:\/\/gambling6.com\/lv\/wp-json\/wp\/v2\/types\/page"}],"author":[{"embeddable":true,"href":"https:\/\/gambling6.com\/lv\/wp-json\/wp\/v2\/users\/1"}],"replies":[{"embeddable":true,"href":"https:\/\/gambling6.com\/lv\/wp-json\/wp\/v2\/comments?post=8513"}],"version-history":[{"count":1,"href":"https:\/\/gambling6.com\/lv\/wp-json\/wp\/v2\/pages\/8513\/revisions"}],"predecessor-version":[{"id":10599,"href":"https:\/\/gambling6.com\/lv\/wp-json\/wp\/v2\/pages\/8513\/revisions\/10599"}],"wp:attachment":[{"href":"https:\/\/gambling6.com\/lv\/wp-json\/wp\/v2\/media?parent=8513"}],"curies":[{"name":"wp","href":"https:\/\/api.w.org\/{rel}","templated":true}]}}