{"id":8581,"date":"2025-11-07T20:37:38","date_gmt":"2025-11-07T20:37:38","guid":{"rendered":"https:\/\/gambling6.com\/kazino\/mobila-versija-azartspeles-kustiba\/"},"modified":"2025-11-12T09:22:40","modified_gmt":"2025-11-12T09:22:40","slug":"mobila-versija-azartspeles-kustiba","status":"publish","type":"page","link":"https:\/\/gambling6.com\/lv\/kazino\/mobila-versija-azartspeles-kustiba\/","title":{"rendered":"Mobil\u0101 versija \u2014 azartsp\u0113les kust\u012bb\u0101"},"content":{"rendered":"<h2>Tie\u0161saistes azartsp\u0113les mobilaj\u0101s ier\u012bc\u0113s<\/h2>\n<h3>HTML5 pret viet\u0113j\u0101m lietotn\u0113m \u2014 izv\u0113le ir j\u016bsu zi\u0146\u0101!<\/h3>\n<p>Apl\u016bkojot labu azartsp\u0113\u013cu direktoriju, ir viegli redz\u0113t, ka sp\u0113l\u0113t\u0101jiem, kuri v\u0113las baud\u012bt savas iecien\u012bt\u0101k\u0101s iesp\u0113jas internet\u0101, ir daudz lielisku iesp\u0113ju. Da\u017e\u0101das vietnes pied\u0101v\u0101 dro\u0161as tie\u0161saistes azartsp\u0113les gandr\u012bz katr\u0101 kategorij\u0101, un pokers, kazino un sporta totalizatori parasti ir saraksta aug\u0161gal\u0101. Ir svar\u012bgi atz\u012bm\u0113t, ka, neskatoties uz \u0161\u012b tirgus noteikumiem, ir ar\u012b iesp\u0113jas ASV sp\u0113l\u0113t\u0101jiem, t\u0101p\u0113c amerik\u0101\u0146iem nevajadz\u0113tu rasties probl\u0113m\u0101m atrast uzticamu vietni, izmantojot iGambling port\u0101lu.<\/p>\n<p><img loading=\"lazy\" decoding=\"async\" class=\" alignright size-full wp-image-400\" style=\"margin: 5px; float: right;\" src=\"http:\/\/gambling6.com\/wp-content\/uploads\/2013\/12\/mobile-gambling-150x150.jpg\" alt=\"mobilo azartsp\u0113\u013cu lietotnes\" width=\"150\" height=\"150\" \/>Lai gan tie\u0161saistes azartsp\u0113\u013cu pied\u0101v\u0101jums turpina pieaugt, tendence, \u0161\u0137iet, ir t\u0101da, ka lietas virz\u0101s uz mobilaj\u0101m sp\u0113l\u0113m. Gandr\u012bz visiem vado\u0161ajiem operatoriem \u0161aj\u0101 nozar\u0113 ir vai ar\u012b vi\u0146i pa\u0161laik str\u0101d\u0101 pie mobil\u0101s lietotnes, kas \u013cauj lietot\u0101jiem piek\u013c\u016bt tiem pa\u0161iem pakalpojumiem, ko vi\u0146i sa\u0146em m\u0101j\u0101s, izmantojot viedt\u0101lruni. Nesen\u0101 intervij\u0101 Intralot inform\u0101cijas vad\u012bt\u0101js Dr. Christos Dimitriadis sac\u012bja, ka mobil\u0101s azartsp\u0113les k\u013c\u016bs leg\u0101las vis\u0101s Eiropas Savien\u012bbas valst\u012bs.<\/p>\n<p>Lai gan vi\u0146\u0161 nepreciz\u0113ja, kad tas, visticam\u0101k, notiks, fakts, ka valst\u012bm ir j\u0101patur kontrole p\u0101r azartsp\u0113l\u0113m, padara mobil\u0101s azartsp\u0113les leg\u0101las un r\u016bp\u012bgi regul\u0113tas par oblig\u0101t\u0101m. T\u0101 k\u0101 arvien vair\u0101k sp\u0113l\u0113t\u0101ju savas darb\u012bbas veic mobilaj\u0101s ier\u012bc\u0113s, gan operatoriem, gan regulatoriem konkr\u0113tos tirgos ir j\u0101str\u0101d\u0101 kop\u0101, lai pan\u0101ktu ide\u0101lu risin\u0101jumu.<\/p>\n<h2>HTML5<\/h2>\n<p>Da\u017ei no liel\u0101kajiem tie\u0161saistes azartsp\u0113\u013cu tirgus operatoriem jau ir sp\u0113ru\u0161i iev\u0113rojamus so\u013cus, lai uzlabotu savus mobilos pied\u0101v\u0101jumus. 888 ir paz\u012bstams vis\u0101 pasaul\u0113, galvenok\u0101rt ar savu tie\u0161saistes sporta totalizatoru, kas aptver praktiski visu pasauli un pied\u0101v\u0101 likmes uz visiem galvenajiem sporta veidiem un da\u017e\u0101d\u0101m l\u012bg\u0101m. Vietn\u0113 ir ar\u012b kazino sp\u0113les, pokers, bingo un citas tie\u0161saistes sp\u0113\u013cu kategorijas, padarot to par vienu no liel\u0101kajiem v\u0101rdiem nozar\u0113.<\/p>\n<p><a class=\"thirstylink\" title=\"888 casino en\" href=\"https:\/\/gambling6.com\/go\/888-casino-en\/\" target=\"_blank\" rel=\"nofollow noopener\"><strong>Noklik\u0161\u0137iniet \u0161eit, lai apmekl\u0113tu 888 kazino<\/strong><\/a> \u2014 izveidojiet sp\u0113l\u0113t\u0101ja kontu bez maksas un p\u0113c tam lejupiel\u0101d\u0113jiet mobilo lietotni.<\/p>\n<p>Nesen 888 main\u012bja savu mobilo platformu uz HTML5 versiju, lai padar\u012btu to daudz \u0113rt\u0101ku sp\u0113l\u0113t\u0101jiem. B\u016bt\u012bb\u0101 operatora audio un video straum\u0113\u0161anu tagad nodro\u0161in\u0101s HTML5, \u013caujot lietot\u0101jiem sekot l\u012bdzi darb\u012bbai izv\u0113l\u0113taj\u0101 ier\u012bc\u0113, neizmantojot Flash spraudni. Tas ar\u012b paver durvis jaun\u0101m iesp\u0113j\u0101m, jo \u200b\u200blietot\u0101ji tagad var veikt likmes, vienlaikus sa\u0146emot re\u0101llaika datus. HTML5 versija nodro\u0161ina ar\u012b lab\u0101ku lietot\u0101ja pieredzi. T\u0101 var noteikt ier\u012bces ekr\u0101na izm\u0113ru, sist\u0113mas iesp\u0113jas un pieejamos savienojumus.<\/p>\n<p>Tas noz\u012bm\u0113 veikt nepiecie\u0161amos piesardz\u012bbas pas\u0101kumus, lai nodro\u0161in\u0101tu, ka viss darbojas nevainojami, piem\u0113ram, samazinot kvalit\u0101ti vai gaidot pirms video palai\u0161anas, lai taup\u012btu joslas platumu. Azartsp\u0113\u013cu apskatu vietnes iev\u0113rojami atvieglo uzticama tie\u0161saistes kazino atra\u0161anu, grup\u0113jot vietnes da\u017e\u0101d\u0101s kategorij\u0101s, pamatojoties uz to stipraj\u0101m pus\u0113m. Da\u017eas vietnes m\u0113dz koncentr\u0113ties uz saviem mobilajiem pied\u0101v\u0101jumiem, un ASV tie\u0161saistes kazino vienm\u0113r ir lieliska diskusiju t\u0113ma.<\/p>\n<h2>Viet\u0113j\u0101s lietotnes<\/h2>\n<p>Viet\u0113j\u0101m lietotn\u0113m ir nepiecie\u0161ama lejupiel\u0101de un instal\u0113\u0161ana, kas noz\u012bm\u0113, ka ir j\u0101b\u016bt da\u017e\u0101d\u0101m versij\u0101m, lai atbalst\u012btu da\u017e\u0101d\u0101s mobil\u0101s oper\u0113t\u0101jsist\u0113mas, kas pa\u0161laik ir pieejamas. Lai gan t\u0101s ir \u013coti izplat\u012btas tie\u0161saistes kazino vid\u016b, t\u0101s patie\u0161\u0101m zaud\u0113 HTML5. Tam ir daudz iemeslu, no kuriem galvenais ir tas, ka viena HTML5 versija var b\u016bt piem\u0113rota vis\u0101m mobilaj\u0101m ier\u012bc\u0113m un pati veikt nepiecie\u0161am\u0101s izmai\u0146as. Ir svar\u012bgi atz\u012bm\u0113t, ka, k\u0101 min\u0113ts iepriek\u0161, 888 neatteiksies no sav\u0101m viet\u0113j\u0101m lietotn\u0113m, k\u0101 ar\u012b nep\u0101rtrauks izmantot HTML4 tehnolo\u0123iju.<\/p>\n<p>Tas ir lielisks piem\u0113rs ar\u012b citiem operatoriem, jo \u200b\u200bp\u0101reja uz HTML5 vienas nakts laik\u0101 un iepriek\u0161\u0113jo iesp\u0113ju atme\u0161ana noz\u012bm\u0113tu, ka da\u017eiem lietot\u0101jiem vairs neb\u016bs piek\u013cuves pied\u0101v\u0101jumiem. Ne visiem sp\u0113l\u0113t\u0101jiem ir tehnolo\u0123ija, kas nepiecie\u0161ama, lai perfekti darbin\u0101tu jaun\u0101s paaudzes programmat\u016bru, t\u0101p\u0113c, lai gan \u0161is ir labs solis ce\u013c\u0101 uz lab\u0101ku mobilo azartsp\u0113\u013cu kl\u0101stu, tam nevajadz\u0113tu negat\u012bvi ietekm\u0113t eso\u0161os klientus. Viet\u0113j\u0101s lietotnes joproj\u0101m ir lielisks veids, k\u0101 baud\u012bt tie\u0161saistes kazino sp\u0113les da\u017e\u0101d\u0101s mobilaj\u0101s ier\u012bc\u0113s. Viss s\u0101k\u0161anas process parasti neaiz\u0146em ilgu laiku, t\u0101p\u0113c, lai gan HTML5 b\u016bs n\u0101kamais lielais solis visiem operatoriem, ar\u012b pa\u0161laik pieejamie pied\u0101v\u0101jumi ir diezgan lieliski.<\/p>\n","protected":false},"excerpt":{"rendered":"<p>Tie\u0161saistes azartsp\u0113les mobilaj\u0101s ier\u012bc\u0113s HTML5 pret viet\u0113j\u0101m lietotn\u0113m \u2014 izv\u0113le ir j\u016bsu zi\u0146\u0101! Apl\u016bkojot labu azartsp\u0113\u013cu direktoriju, ir viegli redz\u0113t, ka sp\u0113l\u0113t\u0101jiem, kuri v\u0113las baud\u012bt savas iecien\u012bt\u0101k\u0101s iesp\u0113jas internet\u0101, ir daudz lielisku iesp\u0113ju. Da\u017e\u0101das vietnes pied\u0101v\u0101 dro\u0161as tie\u0161saistes azartsp\u0113les gandr\u012bz katr\u0101 kategorij\u0101, un pokers, kazino un sporta totalizatori parasti ir saraksta aug\u0161gal\u0101. Ir svar\u012bgi atz\u012bm\u0113t, [&hellip;]<\/p>\n","protected":false},"author":1,"featured_media":8566,"parent":8314,"menu_order":40,"comment_status":"closed","ping_status":"closed","template":"","meta":{"footnotes":""},"class_list":["post-8581","page","type-page","status-publish","has-post-thumbnail","hentry"],"yoast_head":"<!-- This site is optimized with the Yoast SEO plugin v27.6 - https:\/\/yoast.com\/product\/yoast-seo-wordpress\/ -->\n<title>Tie\u0161saistes azartsp\u0113les mobilaj\u0101s ier\u012bc\u0113s<\/title>\n<meta name=\"description\" content=\"Mobil\u0101s azartsp\u0113les k\u013c\u016bst arvien popul\u0101r\u0101kas, un lietotn\u0113m ir lab\u0101ka grafika un vair\u0101k funkciju.\" \/>\n<meta name=\"robots\" content=\"index, follow, max-snippet:-1, max-image-preview:large, max-video-preview:-1\" \/>\n<link rel=\"canonical\" href=\"https:\/\/gambling6.com\/lv\/kazino\/mobila-versija-azartspeles-kustiba\/\" \/>\n<meta property=\"og:locale\" content=\"lv_LV\" \/>\n<meta property=\"og:type\" content=\"article\" \/>\n<meta property=\"og:title\" content=\"Tie\u0161saistes azartsp\u0113les mobilaj\u0101s ier\u012bc\u0113s\" \/>\n<meta property=\"og:description\" content=\"Mobil\u0101s azartsp\u0113les k\u013c\u016bst arvien popul\u0101r\u0101kas, un lietotn\u0113m ir lab\u0101ka grafika un vair\u0101k funkciju.\" \/>\n<meta property=\"og:url\" content=\"https:\/\/gambling6.com\/lv\/kazino\/mobila-versija-azartspeles-kustiba\/\" \/>\n<meta property=\"og:site_name\" content=\"Gambling6\" \/>\n<meta property=\"article:modified_time\" content=\"2025-11-12T09:22:40+00:00\" \/>\n<meta property=\"og:image\" content=\"https:\/\/gambling6.com\/wp-content\/uploads\/2013\/12\/mobile-gambling-150x150.jpg\" \/>\n\t<meta property=\"og:image:width\" content=\"150\" \/>\n\t<meta property=\"og:image:height\" content=\"150\" \/>\n\t<meta property=\"og:image:type\" content=\"image\/jpeg\" \/>\n<meta name=\"twitter:card\" content=\"summary_large_image\" \/>\n<meta name=\"twitter:label1\" content=\"Est. reading time\" \/>\n\t<meta name=\"twitter:data1\" content=\"4 minutes\" \/>\n<script type=\"application\/ld+json\" class=\"yoast-schema-graph\">{\"@context\":\"https:\\\/\\\/schema.org\",\"@graph\":[{\"@type\":\"WebPage\",\"@id\":\"https:\\\/\\\/gambling6.com\\\/lv\\\/kazino\\\/mobila-versija-azartspeles-kustiba\\\/\",\"url\":\"https:\\\/\\\/gambling6.com\\\/lv\\\/kazino\\\/mobila-versija-azartspeles-kustiba\\\/\",\"name\":\"Tie\u0161saistes azartsp\u0113les mobilaj\u0101s ier\u012bc\u0113s\",\"isPartOf\":{\"@id\":\"https:\\\/\\\/gambling6.com\\\/lv\\\/#website\"},\"primaryImageOfPage\":{\"@id\":\"https:\\\/\\\/gambling6.com\\\/lv\\\/kazino\\\/mobila-versija-azartspeles-kustiba\\\/#primaryimage\"},\"image\":{\"@id\":\"https:\\\/\\\/gambling6.com\\\/lv\\\/kazino\\\/mobila-versija-azartspeles-kustiba\\\/#primaryimage\"},\"thumbnailUrl\":\"https:\\\/\\\/gambling6.com\\\/wp-content\\\/uploads\\\/2013\\\/12\\\/mobile-gambling-150x150.jpg\",\"datePublished\":\"2025-11-07T20:37:38+00:00\",\"dateModified\":\"2025-11-12T09:22:40+00:00\",\"description\":\"Mobil\u0101s azartsp\u0113les k\u013c\u016bst arvien popul\u0101r\u0101kas, un lietotn\u0113m ir lab\u0101ka grafika un vair\u0101k funkciju.\",\"breadcrumb\":{\"@id\":\"https:\\\/\\\/gambling6.com\\\/lv\\\/kazino\\\/mobila-versija-azartspeles-kustiba\\\/#breadcrumb\"},\"inLanguage\":\"lv-LV\",\"potentialAction\":[{\"@type\":\"ReadAction\",\"target\":[\"https:\\\/\\\/gambling6.com\\\/lv\\\/kazino\\\/mobila-versija-azartspeles-kustiba\\\/\"]}]},{\"@type\":\"ImageObject\",\"inLanguage\":\"lv-LV\",\"@id\":\"https:\\\/\\\/gambling6.com\\\/lv\\\/kazino\\\/mobila-versija-azartspeles-kustiba\\\/#primaryimage\",\"url\":\"https:\\\/\\\/gambling6.com\\\/wp-content\\\/uploads\\\/2013\\\/12\\\/mobile-gambling-150x150.jpg\",\"contentUrl\":\"https:\\\/\\\/gambling6.com\\\/wp-content\\\/uploads\\\/2013\\\/12\\\/mobile-gambling-150x150.jpg\",\"width\":150,\"height\":150,\"caption\":\"online slotmachine\"},{\"@type\":\"BreadcrumbList\",\"@id\":\"https:\\\/\\\/gambling6.com\\\/lv\\\/kazino\\\/mobila-versija-azartspeles-kustiba\\\/#breadcrumb\",\"itemListElement\":[{\"@type\":\"ListItem\",\"position\":1,\"name\":\"Home\",\"item\":\"https:\\\/\\\/gambling6.com\\\/lv\\\/home\\\/\"},{\"@type\":\"ListItem\",\"position\":2,\"name\":\"Kazino\",\"item\":\"https:\\\/\\\/gambling6.com\\\/lv\\\/get-started-with-online-gambling\\\/\"},{\"@type\":\"ListItem\",\"position\":3,\"name\":\"Mobil\u0101 versija \u2014 azartsp\u0113les kust\u012bb\u0101\"}]},{\"@type\":\"WebSite\",\"@id\":\"https:\\\/\\\/gambling6.com\\\/lv\\\/#website\",\"url\":\"https:\\\/\\\/gambling6.com\\\/lv\\\/\",\"name\":\"Gambling6\",\"description\":\"\",\"potentialAction\":[{\"@type\":\"SearchAction\",\"target\":{\"@type\":\"EntryPoint\",\"urlTemplate\":\"https:\\\/\\\/gambling6.com\\\/lv\\\/?s={search_term_string}\"},\"query-input\":{\"@type\":\"PropertyValueSpecification\",\"valueRequired\":true,\"valueName\":\"search_term_string\"}}],\"inLanguage\":\"lv-LV\"}]}<\/script>\n<!-- \/ Yoast SEO plugin. -->","yoast_head_json":{"title":"Tie\u0161saistes azartsp\u0113les mobilaj\u0101s ier\u012bc\u0113s","description":"Mobil\u0101s azartsp\u0113les k\u013c\u016bst arvien popul\u0101r\u0101kas, un lietotn\u0113m ir lab\u0101ka grafika un vair\u0101k funkciju.","robots":{"index":"index","follow":"follow","max-snippet":"max-snippet:-1","max-image-preview":"max-image-preview:large","max-video-preview":"max-video-preview:-1"},"canonical":"https:\/\/gambling6.com\/lv\/kazino\/mobila-versija-azartspeles-kustiba\/","og_locale":"lv_LV","og_type":"article","og_title":"Tie\u0161saistes azartsp\u0113les mobilaj\u0101s ier\u012bc\u0113s","og_description":"Mobil\u0101s azartsp\u0113les k\u013c\u016bst arvien popul\u0101r\u0101kas, un lietotn\u0113m ir lab\u0101ka grafika un vair\u0101k funkciju.","og_url":"https:\/\/gambling6.com\/lv\/kazino\/mobila-versija-azartspeles-kustiba\/","og_site_name":"Gambling6","article_modified_time":"2025-11-12T09:22:40+00:00","og_image":[{"width":150,"height":150,"url":"https:\/\/gambling6.com\/wp-content\/uploads\/2013\/12\/mobile-gambling-150x150.jpg","type":"image\/jpeg"}],"twitter_card":"summary_large_image","twitter_misc":{"Est. reading time":"4 minutes"},"schema":{"@context":"https:\/\/schema.org","@graph":[{"@type":"WebPage","@id":"https:\/\/gambling6.com\/lv\/kazino\/mobila-versija-azartspeles-kustiba\/","url":"https:\/\/gambling6.com\/lv\/kazino\/mobila-versija-azartspeles-kustiba\/","name":"Tie\u0161saistes azartsp\u0113les mobilaj\u0101s ier\u012bc\u0113s","isPartOf":{"@id":"https:\/\/gambling6.com\/lv\/#website"},"primaryImageOfPage":{"@id":"https:\/\/gambling6.com\/lv\/kazino\/mobila-versija-azartspeles-kustiba\/#primaryimage"},"image":{"@id":"https:\/\/gambling6.com\/lv\/kazino\/mobila-versija-azartspeles-kustiba\/#primaryimage"},"thumbnailUrl":"https:\/\/gambling6.com\/wp-content\/uploads\/2013\/12\/mobile-gambling-150x150.jpg","datePublished":"2025-11-07T20:37:38+00:00","dateModified":"2025-11-12T09:22:40+00:00","description":"Mobil\u0101s azartsp\u0113les k\u013c\u016bst arvien popul\u0101r\u0101kas, un lietotn\u0113m ir lab\u0101ka grafika un vair\u0101k funkciju.","breadcrumb":{"@id":"https:\/\/gambling6.com\/lv\/kazino\/mobila-versija-azartspeles-kustiba\/#breadcrumb"},"inLanguage":"lv-LV","potentialAction":[{"@type":"ReadAction","target":["https:\/\/gambling6.com\/lv\/kazino\/mobila-versija-azartspeles-kustiba\/"]}]},{"@type":"ImageObject","inLanguage":"lv-LV","@id":"https:\/\/gambling6.com\/lv\/kazino\/mobila-versija-azartspeles-kustiba\/#primaryimage","url":"https:\/\/gambling6.com\/wp-content\/uploads\/2013\/12\/mobile-gambling-150x150.jpg","contentUrl":"https:\/\/gambling6.com\/wp-content\/uploads\/2013\/12\/mobile-gambling-150x150.jpg","width":150,"height":150,"caption":"online slotmachine"},{"@type":"BreadcrumbList","@id":"https:\/\/gambling6.com\/lv\/kazino\/mobila-versija-azartspeles-kustiba\/#breadcrumb","itemListElement":[{"@type":"ListItem","position":1,"name":"Home","item":"https:\/\/gambling6.com\/lv\/home\/"},{"@type":"ListItem","position":2,"name":"Kazino","item":"https:\/\/gambling6.com\/lv\/get-started-with-online-gambling\/"},{"@type":"ListItem","position":3,"name":"Mobil\u0101 versija \u2014 azartsp\u0113les kust\u012bb\u0101"}]},{"@type":"WebSite","@id":"https:\/\/gambling6.com\/lv\/#website","url":"https:\/\/gambling6.com\/lv\/","name":"Gambling6","description":"","potentialAction":[{"@type":"SearchAction","target":{"@type":"EntryPoint","urlTemplate":"https:\/\/gambling6.com\/lv\/?s={search_term_string}"},"query-input":{"@type":"PropertyValueSpecification","valueRequired":true,"valueName":"search_term_string"}}],"inLanguage":"lv-LV"}]}},"_links":{"self":[{"href":"https:\/\/gambling6.com\/lv\/wp-json\/wp\/v2\/pages\/8581","targetHints":{"allow":["GET"]}}],"collection":[{"href":"https:\/\/gambling6.com\/lv\/wp-json\/wp\/v2\/pages"}],"about":[{"href":"https:\/\/gambling6.com\/lv\/wp-json\/wp\/v2\/types\/page"}],"author":[{"embeddable":true,"href":"https:\/\/gambling6.com\/lv\/wp-json\/wp\/v2\/users\/1"}],"replies":[{"embeddable":true,"href":"https:\/\/gambling6.com\/lv\/wp-json\/wp\/v2\/comments?post=8581"}],"version-history":[{"count":1,"href":"https:\/\/gambling6.com\/lv\/wp-json\/wp\/v2\/pages\/8581\/revisions"}],"predecessor-version":[{"id":10464,"href":"https:\/\/gambling6.com\/lv\/wp-json\/wp\/v2\/pages\/8581\/revisions\/10464"}],"up":[{"embeddable":true,"href":"https:\/\/gambling6.com\/lv\/wp-json\/wp\/v2\/pages\/8314"}],"wp:featuredmedia":[{"embeddable":true,"href":"https:\/\/gambling6.com\/lv\/wp-json\/wp\/v2\/media\/8566"}],"wp:attachment":[{"href":"https:\/\/gambling6.com\/lv\/wp-json\/wp\/v2\/media?parent=8581"}],"curies":[{"name":"wp","href":"https:\/\/api.w.org\/{rel}","templated":true}]}}