{"id":8637,"date":"2025-11-07T21:53:51","date_gmt":"2025-11-07T21:53:51","guid":{"rendered":"https:\/\/gambling6.com\/spelesana-eiropas-pokera-vietnes\/"},"modified":"2025-11-15T08:02:25","modified_gmt":"2025-11-15T08:02:25","slug":"spelesana-eiropas-pokera-vietnes","status":"publish","type":"page","link":"https:\/\/gambling6.com\/lv\/poker\/spelesana-eiropas-pokera-vietnes\/","title":{"rendered":"Sp\u0113l\u0113\u0161ana Eiropas pokera vietn\u0113s"},"content":{"rendered":"<h2>Ar\u012b Eiropas vietn\u0113s ir pieejams pokers.<\/h2>\n<p>P\u0113d\u0113jo gadu laik\u0101 pokera popularit\u0101te ir sasniegusi jaunus augstumus. Eiropas valstis ir noz\u012bm\u012bgs tie\u0161saistes pokera viet\u0146u tirgus, un Amerikas vald\u012bbas stingr\u0101 r\u012bc\u012bba attiec\u012bb\u0101 uz tie\u0161saistes azartsp\u0113l\u0113m ir piespiedusi operatorus liel\u0101 m\u0113r\u0101 koncentr\u0113ties uz Eiropas tirgu. Lai gan kl\u0101tienes pokers ir aizrau\u0161an\u0101s ar eiropie\u0161iem, tie\u0161saistes pokers \u0101tri pan\u0101k interneta gudr\u0101kos sp\u0113l\u0113t\u0101jus. T\u0101das valstis k\u0101 Apvienot\u0101 Karaliste, Austrija un V\u0101cija pat r\u012bko starptautiskas pokera t\u016bres un turn\u012brus.<\/p>\n<p><img loading=\"lazy\" decoding=\"async\" class=\"size-full wp-image-3075 alignright\" src=\"https:\/\/gambling6.com\/wp-content\/uploads\/2022\/04\/poker_bonusode_test_bericht.png\" alt=\"Eiropas pokera vietnes\" width=\"246\" height=\"200\" \/>Eiropas kontinentu veido vair\u0101kas valstis, kas ir Eiropas Savien\u012bbas (ES) dal\u012bbvalstis. Tie\u0161saistes pokers tiek v\u0113rt\u0113ts labv\u0113l\u012bgi vis\u0101 Eiropas Savien\u012bb\u0101 \u2013 paties\u012bb\u0101 tie\u0161saistes pokera vietn\u0113m nav aizliegts darboties Eiropas tirgos. Tom\u0113r katra dal\u012bbvalsts piem\u0113ro savus likumus attiec\u012bb\u0101 uz azartsp\u0113l\u0113m tie\u0161saist\u0113. T\u0101d\u0113\u013c tie\u0161saistes pokera likum\u012bbas izskaidro\u0161ana vis\u0101 Eirop\u0101 ir diezgan sare\u017e\u0123\u012bta. Vis\u0101m Eiropas Savien\u012bbas dal\u012bbvalst\u012bm ir j\u0101pie\u0146em pakalpojumi no cit\u0101m dal\u012bbvalst\u012bm, ta\u010du katrai valstij ir br\u012bv\u012bba lemt par azartsp\u0113\u013cu tie\u0161saist\u0113 likum\u012bbu.<\/p>\n<p>T\u0101 rezult\u0101t\u0101 da\u017eas ES dal\u012bbvalstis ir aizliegu\u0161as azartsp\u0113les tie\u0161saist\u0113, da\u017eas t\u0101s ir legaliz\u0113ju\u0161as, savuk\u0101rt citas ir ie\u0146\u0113mu\u0161as neskaidru pieeju. Lai gan azartsp\u0113les tie\u0161saist\u0113 ir pie\u013caujamas, Eiropas tie\u0161saistes pokera sp\u0113l\u0113t\u0101jiem ir j\u0101iev\u0113ro piesardz\u012bba \u2013 ieteicams pirms sp\u0113l\u0113\u0161anas p\u0101rbaud\u012bt viet\u0113jo politiku, kas saist\u012bta ar azartsp\u0113l\u0113m tie\u0161saist\u0113. Lai gan tie\u0161saistes pokera vietnes apliek ar nodok\u013ciem un regul\u0113 Eiropas Savien\u012bba, atsevi\u0161\u0137u dal\u012bbvalstu likumos attiec\u012bb\u0101 uz azartsp\u0113l\u0113m tie\u0161saist\u0113 past\u0101v at\u0161\u0137ir\u012bbas.<\/p>\n<h2>Lab\u0101k\u0101 tie\u0161saistes pokera vietne Eiropas sp\u0113l\u0113t\u0101jiem<\/h2>\n<p>Eiropas tie\u0161saistes pokera sp\u0113l\u0113t\u0101jiem ir daudz pla\u0161\u0101ka pokera viet\u0146u izv\u0113le nek\u0101 ASV sp\u0113l\u0113t\u0101jiem. Vietne, kas izce\u013cas no p\u016b\u013ca, ir 888 Poker.<\/p>\n<p><span style=\"background-color: transparent;\"><strong>888 Poker<\/strong> ir paz\u012bstams v\u0101rds Eiropas pokera viet\u0146u vid\u016b. Un vi\u0146i pat jaunajiem sp\u0113l\u0113t\u0101jiem pie\u0161\u0137ir <span style=\"font-size: medium;\"><strong>bezmaksas bankrollu 20\u00a0eiro apm\u0113r\u0101\u00a0\u2014 piln\u012bgi bezriska s\u0101kums sp\u0113l\u0113t pokeru uz \u012bstu naudu<\/strong><\/span>! Turkl\u0101t jums pien\u0101kas v\u0113l viens 300\u00a0eiro bonuss par n\u0101kamo iemaksu. <\/span><a class=\"thirstylink\" title=\"888 poker en\" href=\"https:\/\/gambling6.com\/go\/888-poker-en\/\" target=\"_blank\" rel=\"nofollow noopener\"><strong>Noklik\u0161\u0137iniet \u0161eit, lai re\u0123istr\u0113tos 888 un s\u0101ktu sp\u0113l\u0113t ar 20\u00a0eiro \u012bst\u0101 naud\u0101 bez maksas.<\/strong><\/a><br \/>\n<a href=\"https:\/\/ic.aff-handler.com\/C\/46138?sr=1073333&amp;anid=\" rel=\"nofollow\"><img loading=\"lazy\" decoding=\"async\" class=\"aligncenter\" src=\"https:\/\/ic.aff-handler.com\/I\/46138?sr=1073333&amp;anid=\" width=\"530\" height=\"68\" \/><\/a><\/p>\n<p>Piem\u0113ram, Apvienot\u0101 Karaliste \u013cauj saviem pilso\u0146iem sp\u0113l\u0113t azartsp\u0113les tie\u0161saist\u0113 un at\u013cauj valst\u012b darboties ar\u012b \u0101rvalstu azartsp\u0113\u013cu vietn\u0113m. N\u012bderlande at\u013cauj iedz\u012bvot\u0101jiem sp\u0113l\u0113t tikai taj\u0101s tie\u0161saistes pokera vietn\u0113s, kur\u0101m ir N\u012bderlandes licence. No otras puses, Austrumeiropas valstis nebija iesaist\u012bju\u0161\u0101s tie\u0161saistes azartsp\u0113\u013cu sacens\u012bb\u0101s, ta\u010du p\u0113d\u0113j\u0101 laik\u0101, pateicoties vieglai piek\u013cuvei internetam, ar\u012b t\u0101s ir pievienoju\u0161\u0101s \u0161ai c\u012b\u0146ai. Nesen ES tika iesniegts priek\u0161likums, kur\u0101 tika aicin\u0101ts ieviest vienotu tie\u0161saistes azartsp\u0113\u013cu regul\u0113\u0161anas sist\u0113mu vis\u0101s dal\u012bbvalst\u012bs. Tas pal\u012bdz\u0113tu standartiz\u0113t licenc\u0113\u0161anas procesu vis\u0101 Eirop\u0101 un vienk\u0101r\u0161ot to.<\/p>\n<p>Kas attiecas uz sp\u0113l\u0113t\u0101jiem Eiropas pokera vietn\u0113s, uz vi\u0146iem attiecas tikai nodok\u013cu likumi. Sp\u0113l\u0113t\u0101jiem nodok\u013ci tiek piem\u0113roti vi\u0146u attiec\u012bgaj\u0101s valst\u012bs un ES, kad vi\u0146i veic iemaksu tie\u0161saistes pokera vietn\u0113, kas atrodas \u0101rzem\u0113s. Da\u017e\u0101d\u0101s Eiropas valst\u012bs run\u0101 cit\u0101s valod\u0101s. Eiropas pokera vietnes parasti apkalpo savus klientus viet\u0113j\u0101 valod\u0101. Tom\u0113r da\u017eas no liel\u0101kaj\u0101m pokera vietn\u0113m m\u016bsdien\u0101s pied\u0101v\u0101 savas vietnes da\u017e\u0101d\u0101s valod\u0101s, jo to pokera programmat\u016bra atbalsta vair\u0101kas valodas.<\/p>\n<p>Klientu atbalsts tiek sniegts ar\u012b da\u017e\u0101d\u0101s valod\u0101s. Papildus ang\u013cu valodai pokera vietne var pied\u0101v\u0101t fran\u010du, sp\u0101\u0146u, v\u0101cu, holandie\u0161u, d\u0101\u0146u, it\u0101\u013cu, norv\u0113\u0123u, portug\u0101\u013cu utt. T\u0101pat k\u0101 valodu zi\u0146\u0101, Eiropas pokera vietnes pie\u0146em da\u017e\u0101das val\u016btas. Lai gan galven\u0101s val\u016btas ir ASV dol\u0101ri vai Lielbrit\u0101nijas m\u0101rci\u0146as, eiro ir vienot\u0101 val\u016bta ES. Eiropas pokera sp\u0113l\u0113t\u0101ji, veicot iemaksas tie\u0161saistes pokera vietn\u0113s, dod priek\u0161roku eiro vai Lielbrit\u0101nijas m\u0101rci\u0146\u0101m.<\/p>\n<p>Eiropas pokera vietnes parasti pied\u0101v\u0101 vair\u0101kas iemaksu un izmaksu iesp\u0113jas, kas piem\u0113rotas klientiem no da\u017e\u0101d\u0101m Eiropas Savien\u012bbas valst\u012bm. Standarta maks\u0101jumu metodes tie\u0161saistes pokera vietn\u0113s ietver debetkartes, kred\u012btkartes, e-maci\u0146us, bankas p\u0101rskait\u012bjumus, bankas p\u0101rskait\u012bjumus un e-\u010dekus. Vienk\u0101r\u0161\u0101k\u0101 un popul\u0101r\u0101k\u0101 metode tie\u0161saistes pokera konta papildin\u0101\u0161anai ir ar kred\u012btkarti. Tom\u0113r da\u017ei kred\u012btkar\u0161u izdev\u0113ji var neapstiprin\u0101t tie\u0161saistes azartsp\u0113\u013cu dar\u012bjumus, t\u0101p\u0113c pirms \u0161\u012bs metodes izv\u0113les vislab\u0101k ir p\u0101rbaud\u012bt.<\/p>\n<p>Daudzi pokera sp\u0113l\u0113t\u0101ji uzskata, ka ir \u0113rti papildin\u0101t savus tie\u0161saistes pokera kontus, izmantojot e-maci\u0146us. Sp\u0113l\u0113t\u0101ji var atv\u0113rt kontu jebkur\u0101 no e-maku pakalpojumiem un papildin\u0101t kontu, izmantojot savu banku. E-sienaun kontu, savuk\u0101rt, var izmantot, lai veiktu iemaksas pokera kont\u0101. Popul\u0101ri e-maki, ko pied\u0101v\u0101 Eiropas uz\u0146\u0113mumi, ir Neteller, Moneybookers un e-WalletXpress, k\u0101 ar\u012b citi. Sp\u0113l\u0113t\u0101js var izv\u0113l\u0113ties no daudziem citiem e-makiem atkar\u012bb\u0101 no to piem\u0113rot\u012bbas.<\/p>\n","protected":false},"excerpt":{"rendered":"<p>Ar\u012b Eiropas vietn\u0113s ir pieejams pokers. P\u0113d\u0113jo gadu laik\u0101 pokera popularit\u0101te ir sasniegusi jaunus augstumus. Eiropas valstis ir noz\u012bm\u012bgs tie\u0161saistes pokera viet\u0146u tirgus, un Amerikas vald\u012bbas stingr\u0101 r\u012bc\u012bba attiec\u012bb\u0101 uz tie\u0161saistes azartsp\u0113l\u0113m ir piespiedusi operatorus liel\u0101 m\u0113r\u0101 koncentr\u0113ties uz Eiropas tirgu. Lai gan kl\u0101tienes pokers ir aizrau\u0161an\u0101s ar eiropie\u0161iem, tie\u0161saistes pokers \u0101tri pan\u0101k interneta gudr\u0101kos [&hellip;]<\/p>\n","protected":false},"author":1,"featured_media":0,"parent":8763,"menu_order":22,"comment_status":"closed","ping_status":"closed","template":"","meta":{"footnotes":""},"class_list":["post-8637","page","type-page","status-publish","hentry"],"yoast_head":"<!-- This site is optimized with the Yoast SEO plugin v27.3 - https:\/\/yoast.com\/product\/yoast-seo-wordpress\/ -->\n<title>Lab\u0101k\u0101s Eiropas pokera vietnes<\/title>\n<meta name=\"description\" content=\"Eiropas pokera sp\u0113l\u0113t\u0101jiem ir daudz viet\u0146u, no kur\u0101m izv\u0113l\u0113ties \u2014 \u0161eit ir m\u016bsu iecien\u012bt\u0101k\u0101s ES pokera istabas.\" \/>\n<meta name=\"robots\" content=\"index, follow, max-snippet:-1, max-image-preview:large, max-video-preview:-1\" \/>\n<link rel=\"canonical\" href=\"https:\/\/gambling6.com\/lv\/poker\/spelesana-eiropas-pokera-vietnes\/\" \/>\n<meta property=\"og:locale\" content=\"lv_LV\" \/>\n<meta property=\"og:type\" content=\"article\" \/>\n<meta property=\"og:title\" content=\"Lab\u0101k\u0101s Eiropas pokera vietnes\" \/>\n<meta property=\"og:description\" content=\"Eiropas pokera sp\u0113l\u0113t\u0101jiem ir daudz viet\u0146u, no kur\u0101m izv\u0113l\u0113ties \u2014 \u0161eit ir m\u016bsu iecien\u012bt\u0101k\u0101s ES pokera istabas.\" \/>\n<meta property=\"og:url\" content=\"https:\/\/gambling6.com\/lv\/poker\/spelesana-eiropas-pokera-vietnes\/\" \/>\n<meta property=\"og:site_name\" content=\"Gambling6\" \/>\n<meta property=\"article:modified_time\" content=\"2025-11-15T08:02:25+00:00\" \/>\n<meta property=\"og:image\" content=\"https:\/\/gambling6.com\/wp-content\/uploads\/2022\/04\/poker_bonusode_test_bericht.png\" \/>\n\t<meta property=\"og:image:width\" content=\"246\" \/>\n\t<meta property=\"og:image:height\" content=\"200\" \/>\n\t<meta property=\"og:image:type\" content=\"image\/png\" \/>\n<meta name=\"twitter:card\" content=\"summary_large_image\" \/>\n<meta name=\"twitter:label1\" content=\"Est. reading time\" \/>\n\t<meta name=\"twitter:data1\" content=\"5 minutes\" \/>\n<script type=\"application\/ld+json\" class=\"yoast-schema-graph\">{\"@context\":\"https:\\\/\\\/schema.org\",\"@graph\":[{\"@type\":\"WebPage\",\"@id\":\"https:\\\/\\\/gambling6.com\\\/lv\\\/poker\\\/spelesana-eiropas-pokera-vietnes\\\/\",\"url\":\"https:\\\/\\\/gambling6.com\\\/lv\\\/poker\\\/spelesana-eiropas-pokera-vietnes\\\/\",\"name\":\"Lab\u0101k\u0101s Eiropas pokera vietnes\",\"isPartOf\":{\"@id\":\"https:\\\/\\\/gambling6.com\\\/lv\\\/#website\"},\"primaryImageOfPage\":{\"@id\":\"https:\\\/\\\/gambling6.com\\\/lv\\\/poker\\\/spelesana-eiropas-pokera-vietnes\\\/#primaryimage\"},\"image\":{\"@id\":\"https:\\\/\\\/gambling6.com\\\/lv\\\/poker\\\/spelesana-eiropas-pokera-vietnes\\\/#primaryimage\"},\"thumbnailUrl\":\"https:\\\/\\\/gambling6.com\\\/wp-content\\\/uploads\\\/2022\\\/04\\\/poker_bonusode_test_bericht.png\",\"datePublished\":\"2025-11-07T21:53:51+00:00\",\"dateModified\":\"2025-11-15T08:02:25+00:00\",\"description\":\"Eiropas pokera sp\u0113l\u0113t\u0101jiem ir daudz viet\u0146u, no kur\u0101m izv\u0113l\u0113ties \u2014 \u0161eit ir m\u016bsu iecien\u012bt\u0101k\u0101s ES pokera istabas.\",\"breadcrumb\":{\"@id\":\"https:\\\/\\\/gambling6.com\\\/lv\\\/poker\\\/spelesana-eiropas-pokera-vietnes\\\/#breadcrumb\"},\"inLanguage\":\"lv-LV\",\"potentialAction\":[{\"@type\":\"ReadAction\",\"target\":[\"https:\\\/\\\/gambling6.com\\\/lv\\\/poker\\\/spelesana-eiropas-pokera-vietnes\\\/\"]}]},{\"@type\":\"ImageObject\",\"inLanguage\":\"lv-LV\",\"@id\":\"https:\\\/\\\/gambling6.com\\\/lv\\\/poker\\\/spelesana-eiropas-pokera-vietnes\\\/#primaryimage\",\"url\":\"https:\\\/\\\/gambling6.com\\\/wp-content\\\/uploads\\\/2022\\\/04\\\/poker_bonusode_test_bericht.png\",\"contentUrl\":\"https:\\\/\\\/gambling6.com\\\/wp-content\\\/uploads\\\/2022\\\/04\\\/poker_bonusode_test_bericht.png\"},{\"@type\":\"BreadcrumbList\",\"@id\":\"https:\\\/\\\/gambling6.com\\\/lv\\\/poker\\\/spelesana-eiropas-pokera-vietnes\\\/#breadcrumb\",\"itemListElement\":[{\"@type\":\"ListItem\",\"position\":1,\"name\":\"Home\",\"item\":\"https:\\\/\\\/gambling6.com\\\/lv\\\/home\\\/\"},{\"@type\":\"ListItem\",\"position\":2,\"name\":\"Poker\",\"item\":\"https:\\\/\\\/gambling6.com\\\/lv\\\/poker\\\/\"},{\"@type\":\"ListItem\",\"position\":3,\"name\":\"Sp\u0113l\u0113\u0161ana Eiropas pokera vietn\u0113s\"}]},{\"@type\":\"WebSite\",\"@id\":\"https:\\\/\\\/gambling6.com\\\/lv\\\/#website\",\"url\":\"https:\\\/\\\/gambling6.com\\\/lv\\\/\",\"name\":\"Gambling6\",\"description\":\"\",\"potentialAction\":[{\"@type\":\"SearchAction\",\"target\":{\"@type\":\"EntryPoint\",\"urlTemplate\":\"https:\\\/\\\/gambling6.com\\\/lv\\\/?s={search_term_string}\"},\"query-input\":{\"@type\":\"PropertyValueSpecification\",\"valueRequired\":true,\"valueName\":\"search_term_string\"}}],\"inLanguage\":\"lv-LV\"}]}<\/script>\n<!-- \/ Yoast SEO plugin. -->","yoast_head_json":{"title":"Lab\u0101k\u0101s Eiropas pokera vietnes","description":"Eiropas pokera sp\u0113l\u0113t\u0101jiem ir daudz viet\u0146u, no kur\u0101m izv\u0113l\u0113ties \u2014 \u0161eit ir m\u016bsu iecien\u012bt\u0101k\u0101s ES pokera istabas.","robots":{"index":"index","follow":"follow","max-snippet":"max-snippet:-1","max-image-preview":"max-image-preview:large","max-video-preview":"max-video-preview:-1"},"canonical":"https:\/\/gambling6.com\/lv\/poker\/spelesana-eiropas-pokera-vietnes\/","og_locale":"lv_LV","og_type":"article","og_title":"Lab\u0101k\u0101s Eiropas pokera vietnes","og_description":"Eiropas pokera sp\u0113l\u0113t\u0101jiem ir daudz viet\u0146u, no kur\u0101m izv\u0113l\u0113ties \u2014 \u0161eit ir m\u016bsu iecien\u012bt\u0101k\u0101s ES pokera istabas.","og_url":"https:\/\/gambling6.com\/lv\/poker\/spelesana-eiropas-pokera-vietnes\/","og_site_name":"Gambling6","article_modified_time":"2025-11-15T08:02:25+00:00","og_image":[{"width":246,"height":200,"url":"https:\/\/gambling6.com\/wp-content\/uploads\/2022\/04\/poker_bonusode_test_bericht.png","type":"image\/png"}],"twitter_card":"summary_large_image","twitter_misc":{"Est. reading time":"5 minutes"},"schema":{"@context":"https:\/\/schema.org","@graph":[{"@type":"WebPage","@id":"https:\/\/gambling6.com\/lv\/poker\/spelesana-eiropas-pokera-vietnes\/","url":"https:\/\/gambling6.com\/lv\/poker\/spelesana-eiropas-pokera-vietnes\/","name":"Lab\u0101k\u0101s Eiropas pokera vietnes","isPartOf":{"@id":"https:\/\/gambling6.com\/lv\/#website"},"primaryImageOfPage":{"@id":"https:\/\/gambling6.com\/lv\/poker\/spelesana-eiropas-pokera-vietnes\/#primaryimage"},"image":{"@id":"https:\/\/gambling6.com\/lv\/poker\/spelesana-eiropas-pokera-vietnes\/#primaryimage"},"thumbnailUrl":"https:\/\/gambling6.com\/wp-content\/uploads\/2022\/04\/poker_bonusode_test_bericht.png","datePublished":"2025-11-07T21:53:51+00:00","dateModified":"2025-11-15T08:02:25+00:00","description":"Eiropas pokera sp\u0113l\u0113t\u0101jiem ir daudz viet\u0146u, no kur\u0101m izv\u0113l\u0113ties \u2014 \u0161eit ir m\u016bsu iecien\u012bt\u0101k\u0101s ES pokera istabas.","breadcrumb":{"@id":"https:\/\/gambling6.com\/lv\/poker\/spelesana-eiropas-pokera-vietnes\/#breadcrumb"},"inLanguage":"lv-LV","potentialAction":[{"@type":"ReadAction","target":["https:\/\/gambling6.com\/lv\/poker\/spelesana-eiropas-pokera-vietnes\/"]}]},{"@type":"ImageObject","inLanguage":"lv-LV","@id":"https:\/\/gambling6.com\/lv\/poker\/spelesana-eiropas-pokera-vietnes\/#primaryimage","url":"https:\/\/gambling6.com\/wp-content\/uploads\/2022\/04\/poker_bonusode_test_bericht.png","contentUrl":"https:\/\/gambling6.com\/wp-content\/uploads\/2022\/04\/poker_bonusode_test_bericht.png"},{"@type":"BreadcrumbList","@id":"https:\/\/gambling6.com\/lv\/poker\/spelesana-eiropas-pokera-vietnes\/#breadcrumb","itemListElement":[{"@type":"ListItem","position":1,"name":"Home","item":"https:\/\/gambling6.com\/lv\/home\/"},{"@type":"ListItem","position":2,"name":"Poker","item":"https:\/\/gambling6.com\/lv\/poker\/"},{"@type":"ListItem","position":3,"name":"Sp\u0113l\u0113\u0161ana Eiropas pokera vietn\u0113s"}]},{"@type":"WebSite","@id":"https:\/\/gambling6.com\/lv\/#website","url":"https:\/\/gambling6.com\/lv\/","name":"Gambling6","description":"","potentialAction":[{"@type":"SearchAction","target":{"@type":"EntryPoint","urlTemplate":"https:\/\/gambling6.com\/lv\/?s={search_term_string}"},"query-input":{"@type":"PropertyValueSpecification","valueRequired":true,"valueName":"search_term_string"}}],"inLanguage":"lv-LV"}]}},"_links":{"self":[{"href":"https:\/\/gambling6.com\/lv\/wp-json\/wp\/v2\/pages\/8637","targetHints":{"allow":["GET"]}}],"collection":[{"href":"https:\/\/gambling6.com\/lv\/wp-json\/wp\/v2\/pages"}],"about":[{"href":"https:\/\/gambling6.com\/lv\/wp-json\/wp\/v2\/types\/page"}],"author":[{"embeddable":true,"href":"https:\/\/gambling6.com\/lv\/wp-json\/wp\/v2\/users\/1"}],"replies":[{"embeddable":true,"href":"https:\/\/gambling6.com\/lv\/wp-json\/wp\/v2\/comments?post=8637"}],"version-history":[{"count":2,"href":"https:\/\/gambling6.com\/lv\/wp-json\/wp\/v2\/pages\/8637\/revisions"}],"predecessor-version":[{"id":10831,"href":"https:\/\/gambling6.com\/lv\/wp-json\/wp\/v2\/pages\/8637\/revisions\/10831"}],"up":[{"embeddable":true,"href":"https:\/\/gambling6.com\/lv\/wp-json\/wp\/v2\/pages\/8763"}],"wp:attachment":[{"href":"https:\/\/gambling6.com\/lv\/wp-json\/wp\/v2\/media?parent=8637"}],"curies":[{"name":"wp","href":"https:\/\/api.w.org\/{rel}","templated":true}]}}