{"id":8712,"date":"2025-11-07T23:04:35","date_gmt":"2025-11-07T23:04:35","guid":{"rendered":"https:\/\/gambling6.com\/skrapejamas-kartites\/"},"modified":"2025-11-15T10:21:23","modified_gmt":"2025-11-15T10:21:23","slug":"skrapejamas-kartites","status":"publish","type":"page","link":"https:\/\/gambling6.com\/lv\/skrapejamas-kartites\/","title":{"rendered":"Skr\u0101p\u0113jam\u0101s kart\u012btes"},"content":{"rendered":"<p>Ja jums pat\u012bk azartsp\u0113\u013cu, ko sniedz momentloterijas vai citas sp\u0113les ar t\u016bl\u012bt\u0113jiem laimestiem, <strong>jums patiks m\u016bsu vietnes ieteikums momentloterijas sp\u0113l\u0113\u0161anai tie\u0161saist\u0113.<\/strong> Internet\u0101 ir daudz iesp\u0113ju sp\u0113l\u0113t momentloterijas. Visas \u0161\u012bs vietnes pied\u0101v\u0101 re\u0123istr\u0101cijas bonusus un labu produktu izv\u0113li. J\u016bs varat re\u0123istr\u0113ties, izv\u0113l\u0113ties maks\u0101juma veidu, papildin\u0101t savu kontu un s\u0101kt sp\u0113l\u0113t jau p\u0113c da\u017e\u0101m min\u016bt\u0113m.<img loading=\"lazy\" decoding=\"async\" class=\" alignright wp-image-511\" style=\"margin: 10px; border: 5px solid #ffffff; float: right;\" src=\"http:\/\/gambling6.com\/wp-content\/uploads\/2013\/12\/best_online_scratchcards.jpg\" alt=\"lab\u0101k\u0101s tie\u0161saistes momentloterijas\" width=\"299\" height=\"163\" srcset=\"https:\/\/gambling6.com\/wp-content\/uploads\/2013\/12\/best_online_scratchcards.jpg 446w, https:\/\/gambling6.com\/wp-content\/uploads\/2013\/12\/best_online_scratchcards-300x163.jpg 300w\" sizes=\"auto, (max-width: 299px) 100vw, 299px\" \/><\/p>\n<h2>Tie\u0161saistes momentloterijas vietnes pied\u0101v\u0101 lielisku anim\u0101ciju<\/h2>\n<p>At\u0161\u0137ir\u012bb\u0101 no sp\u0113l\u0113m, kuras sp\u0113l\u0113jat ar k\u0101rt\u012bm no sava iecien\u012bt\u0101k\u0101 loterijas mazumtirgot\u0101ja, momentloterijas bi\u013ce\u0161u tie\u0161saistes versijas pied\u0101v\u0101 aizraujo\u0161u anim\u0101ciju, lai rad\u012btu jautru vidi. Uzvaras azarts un adrenal\u012bna piepl\u016bdums, ko g\u016bst, redzot laim\u0113jo\u0161os priek\u0161metus ekr\u0101n\u0101, ir tas, kas liek sp\u0113l\u0113t\u0101jiem atgriezties tie\u0161saistes momentloterijas vietn\u0113s. \u0160aj\u0101s vietn\u0113s ir pievienoti vizu\u0101lie pal\u012bgl\u012bdzek\u013ci, lai palielin\u0101tu spriedzi un aizraut\u012bbu.<\/p>\n<h2>888 Casino t\u016bl\u012bt\u0113j\u0101s laimesta momentloterijas ir paredz\u0113tas Eiropas un Apvienot\u0101s Karalistes sp\u0113l\u0113t\u0101jiem<\/h2>\n<p>888 Casino ir starptautiski labi paz\u012bstams k\u0101 pasaules klases kazino, ta\u010du tas ir ar\u012b sp\u0113ks, ar ko j\u0101r\u0113\u0137in\u0101s tie\u0161saistes momentloteriju jom\u0101. <a class=\"thirstylink\" title=\"888 casino en\" href=\"https:\/\/gambling6.com\/go\/888-casino-en\/\" target=\"_blank\" rel=\"nofollow noopener\">Momentloterijas sada\u013cu varat apmekl\u0113t, noklik\u0161\u0137inot \u0161eit.<\/a><\/p>\n<p>Ko tie\u0161i j\u016bs redz\u0113siet 888 Casino tie\u0161saistes momentloterijas sp\u0113l\u0113s? Vissvar\u012bg\u0101kais ir tas, ka sp\u0113l\u0113t\u0101jiem patiks pied\u0101v\u0101to k\u0101r\u0161u skaits. J\u016bs varat sp\u0113l\u0113t vair\u0101k nek\u0101 40 da\u017e\u0101das sp\u0113les, un, ja esat noguris no momentloterijas, varat \u0101tri p\u0101rsl\u0113gties uz simtiem tie\u0161saistes sp\u0113\u013cu autom\u0101tu ar progres\u012bvajiem d\u017eekpotiem un sp\u0113\u013cu kl\u0101stu visiem sp\u0113l\u0113t\u0101jiem. Daudzi no \u0161iem autom\u0101tiem s\u0101kas k\u0101 sant\u012bmu sp\u0113\u013cu autom\u0101ti ar fantastiskiem laimestiem.<\/p>\n<p>\u0160\u012b vietne pied\u0101v\u0101 pla\u0161u kazino sp\u0113\u013cu kl\u0101stu, k\u0101 ar\u012b pokeru un sporta totalizatorus.<\/p>\n<p>888 Casino aizraut\u012bbu veicina atbalsta komanda, kas ir atbild\u012bga par t\u0101das vides rad\u012b\u0161anu, kas liek jums atgriezties. Vi\u0146i vienm\u0113r izdom\u0101 jaunus veidus, k\u0101 nodro\u0161in\u0101t j\u016bs ar jaun\u0101m sp\u0113l\u0113m un jauniem veidiem, k\u0101 uzvar\u0113t, un inform\u0113 j\u016bs par katru soli \u0161aj\u0101 proces\u0101.<\/p>\n<p>Apvienojiet milz\u012bgus d\u017eekpotus ar daudz\u0101m sp\u0113l\u0113m un pasaules l\u012bme\u0146a komandu, kas str\u0101d\u0101 dienu un nakti, lai nodro\u0161in\u0101tu j\u016bs ar jaun\u0101m programm\u0101m, kas j\u016bs izklaid\u0113s, un j\u016bs ieg\u016bsiet apburo\u0161u momentloterijas laimes kokteili. Noteikti piedalieties momentloterijas sp\u0113l\u0113 888 Casino.<\/p>\n","protected":false},"excerpt":{"rendered":"<p>Ja jums pat\u012bk azartsp\u0113\u013cu, ko sniedz momentloterijas vai citas sp\u0113les ar t\u016bl\u012bt\u0113jiem laimestiem, jums patiks m\u016bsu vietnes ieteikums momentloterijas sp\u0113l\u0113\u0161anai tie\u0161saist\u0113. Internet\u0101 ir daudz iesp\u0113ju sp\u0113l\u0113t momentloterijas. Visas \u0161\u012bs vietnes pied\u0101v\u0101 re\u0123istr\u0101cijas bonusus un labu produktu izv\u0113li. J\u016bs varat re\u0123istr\u0113ties, izv\u0113l\u0113ties maks\u0101juma veidu, papildin\u0101t savu kontu un s\u0101kt sp\u0113l\u0113t jau p\u0113c da\u017e\u0101m min\u016bt\u0113m. Tie\u0161saistes momentloterijas [&hellip;]<\/p>\n","protected":false},"author":1,"featured_media":8687,"parent":0,"menu_order":7,"comment_status":"closed","ping_status":"closed","template":"","meta":{"footnotes":""},"class_list":["post-8712","page","type-page","status-publish","has-post-thumbnail","hentry"],"yoast_head":"<!-- This site is optimized with the Yoast SEO plugin v27.4 - https:\/\/yoast.com\/product\/yoast-seo-wordpress\/ -->\n<title>Kuras ir lab\u0101k\u0101s tie\u0161saistes momentloterijas vietnes?<\/title>\n<meta name=\"description\" content=\"S\u0101ciet sp\u0113l\u0113t lab\u0101kaj\u0101 tie\u0161saistes momentloterijas vietn\u0113. Pieejamas desmitiem momentloterijas kart\u012b\u0161u ar pla\u0161u balvu kl\u0101stu.\" \/>\n<meta name=\"robots\" content=\"index, follow, max-snippet:-1, max-image-preview:large, max-video-preview:-1\" \/>\n<link rel=\"canonical\" href=\"https:\/\/gambling6.com\/lv\/skrapejamas-kartites\/\" \/>\n<meta property=\"og:locale\" content=\"lv_LV\" \/>\n<meta property=\"og:type\" content=\"article\" \/>\n<meta property=\"og:title\" content=\"Kuras ir lab\u0101k\u0101s tie\u0161saistes momentloterijas vietnes?\" \/>\n<meta property=\"og:description\" content=\"S\u0101ciet sp\u0113l\u0113t lab\u0101kaj\u0101 tie\u0161saistes momentloterijas vietn\u0113. Pieejamas desmitiem momentloterijas kart\u012b\u0161u ar pla\u0161u balvu kl\u0101stu.\" \/>\n<meta property=\"og:url\" content=\"https:\/\/gambling6.com\/lv\/skrapejamas-kartites\/\" \/>\n<meta property=\"og:site_name\" content=\"Gambling6\" \/>\n<meta property=\"article:modified_time\" content=\"2025-11-15T10:21:23+00:00\" \/>\n<meta property=\"og:image\" content=\"https:\/\/gambling6.com\/wp-content\/uploads\/2013\/12\/best_online_scratchcards.jpg\" \/>\n\t<meta property=\"og:image:width\" content=\"446\" \/>\n\t<meta property=\"og:image:height\" content=\"243\" \/>\n\t<meta property=\"og:image:type\" content=\"image\/jpeg\" \/>\n<meta name=\"twitter:card\" content=\"summary_large_image\" \/>\n<meta name=\"twitter:label1\" content=\"Est. reading time\" \/>\n\t<meta name=\"twitter:data1\" content=\"2 minutes\" \/>\n<script type=\"application\/ld+json\" class=\"yoast-schema-graph\">{\"@context\":\"https:\\\/\\\/schema.org\",\"@graph\":[{\"@type\":\"WebPage\",\"@id\":\"https:\\\/\\\/gambling6.com\\\/lv\\\/skrapejamas-kartites\\\/\",\"url\":\"https:\\\/\\\/gambling6.com\\\/lv\\\/skrapejamas-kartites\\\/\",\"name\":\"Kuras ir lab\u0101k\u0101s tie\u0161saistes momentloterijas vietnes?\",\"isPartOf\":{\"@id\":\"https:\\\/\\\/gambling6.com\\\/lv\\\/#website\"},\"primaryImageOfPage\":{\"@id\":\"https:\\\/\\\/gambling6.com\\\/lv\\\/skrapejamas-kartites\\\/#primaryimage\"},\"image\":{\"@id\":\"https:\\\/\\\/gambling6.com\\\/lv\\\/skrapejamas-kartites\\\/#primaryimage\"},\"thumbnailUrl\":\"https:\\\/\\\/gambling6.com\\\/wp-content\\\/uploads\\\/2013\\\/12\\\/best_online_scratchcards.jpg\",\"datePublished\":\"2025-11-07T23:04:35+00:00\",\"dateModified\":\"2025-11-15T10:21:23+00:00\",\"description\":\"S\u0101ciet sp\u0113l\u0113t lab\u0101kaj\u0101 tie\u0161saistes momentloterijas vietn\u0113. Pieejamas desmitiem momentloterijas kart\u012b\u0161u ar pla\u0161u balvu kl\u0101stu.\",\"breadcrumb\":{\"@id\":\"https:\\\/\\\/gambling6.com\\\/lv\\\/skrapejamas-kartites\\\/#breadcrumb\"},\"inLanguage\":\"lv-LV\",\"potentialAction\":[{\"@type\":\"ReadAction\",\"target\":[\"https:\\\/\\\/gambling6.com\\\/lv\\\/skrapejamas-kartites\\\/\"]}]},{\"@type\":\"ImageObject\",\"inLanguage\":\"lv-LV\",\"@id\":\"https:\\\/\\\/gambling6.com\\\/lv\\\/skrapejamas-kartites\\\/#primaryimage\",\"url\":\"https:\\\/\\\/gambling6.com\\\/wp-content\\\/uploads\\\/2013\\\/12\\\/best_online_scratchcards.jpg\",\"contentUrl\":\"https:\\\/\\\/gambling6.com\\\/wp-content\\\/uploads\\\/2013\\\/12\\\/best_online_scratchcards.jpg\",\"width\":446,\"height\":243},{\"@type\":\"BreadcrumbList\",\"@id\":\"https:\\\/\\\/gambling6.com\\\/lv\\\/skrapejamas-kartites\\\/#breadcrumb\",\"itemListElement\":[{\"@type\":\"ListItem\",\"position\":1,\"name\":\"Home\",\"item\":\"https:\\\/\\\/gambling6.com\\\/lv\\\/home\\\/\"},{\"@type\":\"ListItem\",\"position\":2,\"name\":\"Skr\u0101p\u0113jam\u0101s kart\u012btes\"}]},{\"@type\":\"WebSite\",\"@id\":\"https:\\\/\\\/gambling6.com\\\/lv\\\/#website\",\"url\":\"https:\\\/\\\/gambling6.com\\\/lv\\\/\",\"name\":\"Gambling6\",\"description\":\"\",\"potentialAction\":[{\"@type\":\"SearchAction\",\"target\":{\"@type\":\"EntryPoint\",\"urlTemplate\":\"https:\\\/\\\/gambling6.com\\\/lv\\\/?s={search_term_string}\"},\"query-input\":{\"@type\":\"PropertyValueSpecification\",\"valueRequired\":true,\"valueName\":\"search_term_string\"}}],\"inLanguage\":\"lv-LV\"}]}<\/script>\n<!-- \/ Yoast SEO plugin. -->","yoast_head_json":{"title":"Kuras ir lab\u0101k\u0101s tie\u0161saistes momentloterijas vietnes?","description":"S\u0101ciet sp\u0113l\u0113t lab\u0101kaj\u0101 tie\u0161saistes momentloterijas vietn\u0113. Pieejamas desmitiem momentloterijas kart\u012b\u0161u ar pla\u0161u balvu kl\u0101stu.","robots":{"index":"index","follow":"follow","max-snippet":"max-snippet:-1","max-image-preview":"max-image-preview:large","max-video-preview":"max-video-preview:-1"},"canonical":"https:\/\/gambling6.com\/lv\/skrapejamas-kartites\/","og_locale":"lv_LV","og_type":"article","og_title":"Kuras ir lab\u0101k\u0101s tie\u0161saistes momentloterijas vietnes?","og_description":"S\u0101ciet sp\u0113l\u0113t lab\u0101kaj\u0101 tie\u0161saistes momentloterijas vietn\u0113. Pieejamas desmitiem momentloterijas kart\u012b\u0161u ar pla\u0161u balvu kl\u0101stu.","og_url":"https:\/\/gambling6.com\/lv\/skrapejamas-kartites\/","og_site_name":"Gambling6","article_modified_time":"2025-11-15T10:21:23+00:00","og_image":[{"width":446,"height":243,"url":"https:\/\/gambling6.com\/wp-content\/uploads\/2013\/12\/best_online_scratchcards.jpg","type":"image\/jpeg"}],"twitter_card":"summary_large_image","twitter_misc":{"Est. reading time":"2 minutes"},"schema":{"@context":"https:\/\/schema.org","@graph":[{"@type":"WebPage","@id":"https:\/\/gambling6.com\/lv\/skrapejamas-kartites\/","url":"https:\/\/gambling6.com\/lv\/skrapejamas-kartites\/","name":"Kuras ir lab\u0101k\u0101s tie\u0161saistes momentloterijas vietnes?","isPartOf":{"@id":"https:\/\/gambling6.com\/lv\/#website"},"primaryImageOfPage":{"@id":"https:\/\/gambling6.com\/lv\/skrapejamas-kartites\/#primaryimage"},"image":{"@id":"https:\/\/gambling6.com\/lv\/skrapejamas-kartites\/#primaryimage"},"thumbnailUrl":"https:\/\/gambling6.com\/wp-content\/uploads\/2013\/12\/best_online_scratchcards.jpg","datePublished":"2025-11-07T23:04:35+00:00","dateModified":"2025-11-15T10:21:23+00:00","description":"S\u0101ciet sp\u0113l\u0113t lab\u0101kaj\u0101 tie\u0161saistes momentloterijas vietn\u0113. Pieejamas desmitiem momentloterijas kart\u012b\u0161u ar pla\u0161u balvu kl\u0101stu.","breadcrumb":{"@id":"https:\/\/gambling6.com\/lv\/skrapejamas-kartites\/#breadcrumb"},"inLanguage":"lv-LV","potentialAction":[{"@type":"ReadAction","target":["https:\/\/gambling6.com\/lv\/skrapejamas-kartites\/"]}]},{"@type":"ImageObject","inLanguage":"lv-LV","@id":"https:\/\/gambling6.com\/lv\/skrapejamas-kartites\/#primaryimage","url":"https:\/\/gambling6.com\/wp-content\/uploads\/2013\/12\/best_online_scratchcards.jpg","contentUrl":"https:\/\/gambling6.com\/wp-content\/uploads\/2013\/12\/best_online_scratchcards.jpg","width":446,"height":243},{"@type":"BreadcrumbList","@id":"https:\/\/gambling6.com\/lv\/skrapejamas-kartites\/#breadcrumb","itemListElement":[{"@type":"ListItem","position":1,"name":"Home","item":"https:\/\/gambling6.com\/lv\/home\/"},{"@type":"ListItem","position":2,"name":"Skr\u0101p\u0113jam\u0101s kart\u012btes"}]},{"@type":"WebSite","@id":"https:\/\/gambling6.com\/lv\/#website","url":"https:\/\/gambling6.com\/lv\/","name":"Gambling6","description":"","potentialAction":[{"@type":"SearchAction","target":{"@type":"EntryPoint","urlTemplate":"https:\/\/gambling6.com\/lv\/?s={search_term_string}"},"query-input":{"@type":"PropertyValueSpecification","valueRequired":true,"valueName":"search_term_string"}}],"inLanguage":"lv-LV"}]}},"_links":{"self":[{"href":"https:\/\/gambling6.com\/lv\/wp-json\/wp\/v2\/pages\/8712","targetHints":{"allow":["GET"]}}],"collection":[{"href":"https:\/\/gambling6.com\/lv\/wp-json\/wp\/v2\/pages"}],"about":[{"href":"https:\/\/gambling6.com\/lv\/wp-json\/wp\/v2\/types\/page"}],"author":[{"embeddable":true,"href":"https:\/\/gambling6.com\/lv\/wp-json\/wp\/v2\/users\/1"}],"replies":[{"embeddable":true,"href":"https:\/\/gambling6.com\/lv\/wp-json\/wp\/v2\/comments?post=8712"}],"version-history":[{"count":1,"href":"https:\/\/gambling6.com\/lv\/wp-json\/wp\/v2\/pages\/8712\/revisions"}],"predecessor-version":[{"id":10923,"href":"https:\/\/gambling6.com\/lv\/wp-json\/wp\/v2\/pages\/8712\/revisions\/10923"}],"wp:featuredmedia":[{"embeddable":true,"href":"https:\/\/gambling6.com\/lv\/wp-json\/wp\/v2\/media\/8687"}],"wp:attachment":[{"href":"https:\/\/gambling6.com\/lv\/wp-json\/wp\/v2\/media?parent=8712"}],"curies":[{"name":"wp","href":"https:\/\/api.w.org\/{rel}","templated":true}]}}