{"id":8763,"date":"2025-11-07T23:50:57","date_gmt":"2025-11-07T23:50:57","guid":{"rendered":"https:\/\/gambling6.com\/poker\/"},"modified":"2025-11-15T08:11:11","modified_gmt":"2025-11-15T08:11:11","slug":"poker","status":"publish","type":"page","link":"https:\/\/gambling6.com\/lv\/poker\/","title":{"rendered":"Poker"},"content":{"rendered":"<h2 style=\"text-align: left;\"><img loading=\"lazy\" decoding=\"async\" class=\" wp-image-3009 alignright\" src=\"https:\/\/gambling6.com\/wp-content\/uploads\/2022\/04\/pokertournament-300x209.jpg\" alt=\"s\u0101kt pokeru\" width=\"266\" height=\"185\" srcset=\"https:\/\/gambling6.com\/wp-content\/uploads\/2022\/04\/pokertournament-300x209.jpg 300w, https:\/\/gambling6.com\/wp-content\/uploads\/2022\/04\/pokertournament.jpg 415w\" sizes=\"auto, (max-width: 266px) 100vw, 266px\" \/>S\u0101ciet sp\u0113l\u0113t tie\u0161saistes pokeru<\/h2>\n<p>Ja v\u0113laties s\u0101kt sp\u0113l\u0113t tie\u0161saistes pokeru, ir da\u017eas lietas, kas jums j\u0101zina. Pokers ir prasmju sp\u0113le. M\u0113s nesak\u0101m, ka veiksme nav nepiecie\u0161ama \u2013 paties\u012bb\u0101 t\u0101 ir nepiecie\u0161ama \u2013, ta\u010du paties\u012bba ir t\u0101da, ka, ja v\u0113laties nopeln\u012bt naudu, noteikti ir j\u0101apg\u016bst.<\/p>\n<h2>5 zelta likumi, uzs\u0101kot sp\u0113l\u0113t pokeru tie\u0161saist\u0113<\/h2>\n<ol>\n<li>Gudri izv\u0113lieties savu pokera istabu \u2014 izlasiet m\u016bsu atsauksmes, pirms izv\u0113laties vietni, kur\u0101 sp\u0113l\u0113siet.<\/li>\n<li>S\u0101ciet ar sp\u0113\u013cu naudu, lai iepaz\u012btos ar noteikumiem un pa\u0161u sp\u0113li, p\u0113c tam s\u0101ciet ar zem\u0101ko \u012bst\u0101s naudas l\u012bmeni.<\/li>\n<li>Veltiet daudz laika, lasot par pokera strat\u0113\u0123iju. Ziniet, kuras s\u0101kuma rokas ir labas katr\u0101 situ\u0101cij\u0101 un ziniet, k\u0101 t\u0101s sp\u0113l\u0113t katr\u0101 poz\u012bcij\u0101 pie galda. &#8220;Cie\u0161i ir pareizi&#8221; ir lab\u0101kais padoms ies\u0101c\u0113jiem, un j\u016bsu relat\u012bv\u0101 poz\u012bcija ir \u013coti svar\u012bga j\u016bsu l\u0113mumiem.<\/li>\n<li>Izmantojiet labu bonusa pied\u0101v\u0101jumu savam pirmajam depoz\u012btam vai pat izmantojiet bezmaksas bankas pied\u0101v\u0101jumu, piem\u0113ram, 888 Poker. Vi\u0146i jums pie\u0161\u0137irs 20,00 \u20ac (vai GBP, atkar\u012bb\u0101 no j\u016bsu dz\u012bvesvietas) bez maksas tikai par re\u0123istr\u0113\u0161anos! Un j\u016bs joproj\u0101m sa\u0146emat depoz\u012bta bonusu 100% apm\u0113r\u0101 un l\u012bdz pat 300,00 \u20ac vai GBP, veicot naudas iemaksu. <a class=\"thirstylink\" title=\"888 poker en\" href=\"https:\/\/gambling6.com\/go\/888-poker-en\/\" target=\"_blank\" rel=\"nofollow noopener\"><span style=\"text-decoration: underline;\"><strong>Noklik\u0161\u0137iniet \u0161eit, lai<\/strong><\/span><span style=\"text-decoration: underline;\"><strong>lai<\/strong><\/span><span style=\"text-decoration: underline;\"><strong>dotu <\/strong><\/span><span style=\"text-decoration: underline;\"><strong>uz <\/strong><\/span><span style=\"text-decoration: underline;\"><strong>8<\/strong><\/span><span style=\"text-decoration: underline;\"><strong>88 Poker tagad.<\/strong><\/span><\/a><\/li>\n<li>R\u016bp\u012bgi p\u0101rvaldiet savu naudas summu. Jums j\u0101b\u016bt vismaz 100 reizes, lab\u0101k 200 reizes liel\u0101kai par minim\u0101lo likmju summu j\u016bsu sp\u0113les l\u012bmen\u012b.<\/li>\n<\/ol>\n<p><a href=\"https:\/\/ic.aff-handler.com\/C\/46138?sr=1073333&amp;anid=\" rel=\"nofollow\"><img loading=\"lazy\" decoding=\"async\" class=\"aligncenter\" src=\"https:\/\/ic.aff-handler.com\/I\/46138?sr=1073333&amp;anid=\" width=\"563\" height=\"72\" \/><\/a><\/p>\n<h2>Lab\u0101k\u0101s vietnes tie\u0161saistes pokera sp\u0113l\u0113\u0161anai ies\u0101c\u0113jiem<\/h2>\n<p>Nu, viena vietne, ko m\u0113s jau piemin\u0113j\u0101m. T\u0101 ir 888 Poker, kur 20 \u20ac bezmaksas naudas summas akcija \u013cauj jums sp\u0113l\u0113t uz \u012bstu naudu uzreiz, bez nepiecie\u0161am\u012bbas veikt iemaksu. Un v\u0113l\u0101k, iemaks\u0101jot savu naudu, j\u016bs sa\u0146emsiet v\u0113l vienu bonusu, kas dubultos j\u016bsu naudu. \u0160is pakalpojumu sniedz\u0113js gan nepie\u0146em sp\u0113l\u0113t\u0101jus no ASV.<\/p>\n<h2>Lab\u0101k\u0101s vietnes ASV pokera sp\u0113l\u0113t\u0101jiem<\/h2>\n<p>ASV juridisko ierobe\u017eojumu d\u0113\u013c jums nav tik daudz izv\u0113les iesp\u0113ju. Liel\u0101k\u0101 da\u013ca operatoru ir izst\u0101ju\u0161ies no ASV tirgus, un regul\u0113ts tie\u0161saistes azartsp\u0113\u013cu tirgus ASV joproj\u0101m ir n\u0101kotnes lieta \u2013 vismaz liel\u0101kaj\u0101 da\u013c\u0101 \u0161tatu.<\/p>\n<p>Tom\u0113r pa\u0161laik j\u016bsu lab\u0101k\u0101 izv\u0113le b\u016btu BetOnline Poker. <a class=\"thirstylink\" title=\"Betonline poker en\" href=\"https:\/\/gambling6.com\/go\/betonline-poker-en\/\" target=\"_blank\" rel=\"nofollow noopener\">Noklik\u0161\u0137iniet uz \u0161\u012bs saites, lai apmekl\u0113tu vi\u0146u vietni<\/a>, kur varat sp\u0113l\u0113t pokeru, k\u0101 ar\u012b visu veidu kazino sp\u0113les.<\/p>\n","protected":false},"excerpt":{"rendered":"<p>S\u0101ciet sp\u0113l\u0113t tie\u0161saistes pokeru Ja v\u0113laties s\u0101kt sp\u0113l\u0113t tie\u0161saistes pokeru, ir da\u017eas lietas, kas jums j\u0101zina. Pokers ir prasmju sp\u0113le. M\u0113s nesak\u0101m, ka veiksme nav nepiecie\u0161ama \u2013 paties\u012bb\u0101 t\u0101 ir nepiecie\u0161ama \u2013, ta\u010du paties\u012bba ir t\u0101da, ka, ja v\u0113laties nopeln\u012bt naudu, noteikti ir j\u0101apg\u016bst. 5 zelta likumi, uzs\u0101kot sp\u0113l\u0113t pokeru tie\u0161saist\u0113 Gudri izv\u0113lieties savu pokera [&hellip;]<\/p>\n","protected":false},"author":1,"featured_media":0,"parent":0,"menu_order":5,"comment_status":"closed","ping_status":"closed","template":"","meta":{"footnotes":""},"class_list":["post-8763","page","type-page","status-publish","hentry"],"yoast_head":"<!-- This site is optimized with the Yoast SEO plugin v27.5 - https:\/\/yoast.com\/product\/yoast-seo-wordpress\/ -->\n<title>Lab\u0101k\u0101s vietas, kur s\u0101kt sp\u0113l\u0113t pokeru tie\u0161saist\u0113?<\/title>\n<meta name=\"description\" content=\"Lab\u0101k\u0101s vietas tie\u0161saistes pokeram, 5 zelta likumi, lai s\u0101ktu\" \/>\n<meta name=\"robots\" content=\"index, follow, max-snippet:-1, max-image-preview:large, max-video-preview:-1\" \/>\n<link rel=\"canonical\" href=\"https:\/\/gambling6.com\/lv\/poker\/\" \/>\n<meta property=\"og:locale\" content=\"lv_LV\" \/>\n<meta property=\"og:type\" content=\"article\" \/>\n<meta property=\"og:title\" content=\"Lab\u0101k\u0101s vietas, kur s\u0101kt sp\u0113l\u0113t pokeru tie\u0161saist\u0113?\" \/>\n<meta property=\"og:description\" content=\"Lab\u0101k\u0101s vietas tie\u0161saistes pokeram, 5 zelta likumi, lai s\u0101ktu\" \/>\n<meta property=\"og:url\" content=\"https:\/\/gambling6.com\/lv\/poker\/\" \/>\n<meta property=\"og:site_name\" content=\"Gambling6\" \/>\n<meta property=\"article:modified_time\" content=\"2025-11-15T08:11:11+00:00\" \/>\n<meta property=\"og:image\" content=\"https:\/\/gambling6.com\/wp-content\/uploads\/2022\/04\/pokertournament.jpg\" \/>\n\t<meta property=\"og:image:width\" content=\"415\" \/>\n\t<meta property=\"og:image:height\" content=\"289\" \/>\n\t<meta property=\"og:image:type\" content=\"image\/jpeg\" \/>\n<meta name=\"twitter:card\" content=\"summary_large_image\" \/>\n<meta name=\"twitter:label1\" content=\"Est. reading time\" \/>\n\t<meta name=\"twitter:data1\" content=\"2 minutes\" \/>\n<script type=\"application\/ld+json\" class=\"yoast-schema-graph\">{\"@context\":\"https:\\\/\\\/schema.org\",\"@graph\":[{\"@type\":\"WebPage\",\"@id\":\"https:\\\/\\\/gambling6.com\\\/lv\\\/poker\\\/\",\"url\":\"https:\\\/\\\/gambling6.com\\\/lv\\\/poker\\\/\",\"name\":\"Lab\u0101k\u0101s vietas, kur s\u0101kt sp\u0113l\u0113t pokeru tie\u0161saist\u0113?\",\"isPartOf\":{\"@id\":\"https:\\\/\\\/gambling6.com\\\/lv\\\/#website\"},\"primaryImageOfPage\":{\"@id\":\"https:\\\/\\\/gambling6.com\\\/lv\\\/poker\\\/#primaryimage\"},\"image\":{\"@id\":\"https:\\\/\\\/gambling6.com\\\/lv\\\/poker\\\/#primaryimage\"},\"thumbnailUrl\":\"https:\\\/\\\/gambling6.com\\\/wp-content\\\/uploads\\\/2022\\\/04\\\/pokertournament-300x209.jpg\",\"datePublished\":\"2025-11-07T23:50:57+00:00\",\"dateModified\":\"2025-11-15T08:11:11+00:00\",\"description\":\"Lab\u0101k\u0101s vietas tie\u0161saistes pokeram, 5 zelta likumi, lai s\u0101ktu\",\"breadcrumb\":{\"@id\":\"https:\\\/\\\/gambling6.com\\\/lv\\\/poker\\\/#breadcrumb\"},\"inLanguage\":\"lv-LV\",\"potentialAction\":[{\"@type\":\"ReadAction\",\"target\":[\"https:\\\/\\\/gambling6.com\\\/lv\\\/poker\\\/\"]}]},{\"@type\":\"ImageObject\",\"inLanguage\":\"lv-LV\",\"@id\":\"https:\\\/\\\/gambling6.com\\\/lv\\\/poker\\\/#primaryimage\",\"url\":\"https:\\\/\\\/gambling6.com\\\/wp-content\\\/uploads\\\/2022\\\/04\\\/pokertournament-300x209.jpg\",\"contentUrl\":\"https:\\\/\\\/gambling6.com\\\/wp-content\\\/uploads\\\/2022\\\/04\\\/pokertournament-300x209.jpg\"},{\"@type\":\"BreadcrumbList\",\"@id\":\"https:\\\/\\\/gambling6.com\\\/lv\\\/poker\\\/#breadcrumb\",\"itemListElement\":[{\"@type\":\"ListItem\",\"position\":1,\"name\":\"Home\",\"item\":\"https:\\\/\\\/gambling6.com\\\/lv\\\/home\\\/\"},{\"@type\":\"ListItem\",\"position\":2,\"name\":\"Poker\"}]},{\"@type\":\"WebSite\",\"@id\":\"https:\\\/\\\/gambling6.com\\\/lv\\\/#website\",\"url\":\"https:\\\/\\\/gambling6.com\\\/lv\\\/\",\"name\":\"Gambling6\",\"description\":\"\",\"potentialAction\":[{\"@type\":\"SearchAction\",\"target\":{\"@type\":\"EntryPoint\",\"urlTemplate\":\"https:\\\/\\\/gambling6.com\\\/lv\\\/?s={search_term_string}\"},\"query-input\":{\"@type\":\"PropertyValueSpecification\",\"valueRequired\":true,\"valueName\":\"search_term_string\"}}],\"inLanguage\":\"lv-LV\"}]}<\/script>\n<!-- \/ Yoast SEO plugin. -->","yoast_head_json":{"title":"Lab\u0101k\u0101s vietas, kur s\u0101kt sp\u0113l\u0113t pokeru tie\u0161saist\u0113?","description":"Lab\u0101k\u0101s vietas tie\u0161saistes pokeram, 5 zelta likumi, lai s\u0101ktu","robots":{"index":"index","follow":"follow","max-snippet":"max-snippet:-1","max-image-preview":"max-image-preview:large","max-video-preview":"max-video-preview:-1"},"canonical":"https:\/\/gambling6.com\/lv\/poker\/","og_locale":"lv_LV","og_type":"article","og_title":"Lab\u0101k\u0101s vietas, kur s\u0101kt sp\u0113l\u0113t pokeru tie\u0161saist\u0113?","og_description":"Lab\u0101k\u0101s vietas tie\u0161saistes pokeram, 5 zelta likumi, lai s\u0101ktu","og_url":"https:\/\/gambling6.com\/lv\/poker\/","og_site_name":"Gambling6","article_modified_time":"2025-11-15T08:11:11+00:00","og_image":[{"width":415,"height":289,"url":"https:\/\/gambling6.com\/wp-content\/uploads\/2022\/04\/pokertournament.jpg","type":"image\/jpeg"}],"twitter_card":"summary_large_image","twitter_misc":{"Est. reading time":"2 minutes"},"schema":{"@context":"https:\/\/schema.org","@graph":[{"@type":"WebPage","@id":"https:\/\/gambling6.com\/lv\/poker\/","url":"https:\/\/gambling6.com\/lv\/poker\/","name":"Lab\u0101k\u0101s vietas, kur s\u0101kt sp\u0113l\u0113t pokeru tie\u0161saist\u0113?","isPartOf":{"@id":"https:\/\/gambling6.com\/lv\/#website"},"primaryImageOfPage":{"@id":"https:\/\/gambling6.com\/lv\/poker\/#primaryimage"},"image":{"@id":"https:\/\/gambling6.com\/lv\/poker\/#primaryimage"},"thumbnailUrl":"https:\/\/gambling6.com\/wp-content\/uploads\/2022\/04\/pokertournament-300x209.jpg","datePublished":"2025-11-07T23:50:57+00:00","dateModified":"2025-11-15T08:11:11+00:00","description":"Lab\u0101k\u0101s vietas tie\u0161saistes pokeram, 5 zelta likumi, lai s\u0101ktu","breadcrumb":{"@id":"https:\/\/gambling6.com\/lv\/poker\/#breadcrumb"},"inLanguage":"lv-LV","potentialAction":[{"@type":"ReadAction","target":["https:\/\/gambling6.com\/lv\/poker\/"]}]},{"@type":"ImageObject","inLanguage":"lv-LV","@id":"https:\/\/gambling6.com\/lv\/poker\/#primaryimage","url":"https:\/\/gambling6.com\/wp-content\/uploads\/2022\/04\/pokertournament-300x209.jpg","contentUrl":"https:\/\/gambling6.com\/wp-content\/uploads\/2022\/04\/pokertournament-300x209.jpg"},{"@type":"BreadcrumbList","@id":"https:\/\/gambling6.com\/lv\/poker\/#breadcrumb","itemListElement":[{"@type":"ListItem","position":1,"name":"Home","item":"https:\/\/gambling6.com\/lv\/home\/"},{"@type":"ListItem","position":2,"name":"Poker"}]},{"@type":"WebSite","@id":"https:\/\/gambling6.com\/lv\/#website","url":"https:\/\/gambling6.com\/lv\/","name":"Gambling6","description":"","potentialAction":[{"@type":"SearchAction","target":{"@type":"EntryPoint","urlTemplate":"https:\/\/gambling6.com\/lv\/?s={search_term_string}"},"query-input":{"@type":"PropertyValueSpecification","valueRequired":true,"valueName":"search_term_string"}}],"inLanguage":"lv-LV"}]}},"_links":{"self":[{"href":"https:\/\/gambling6.com\/lv\/wp-json\/wp\/v2\/pages\/8763","targetHints":{"allow":["GET"]}}],"collection":[{"href":"https:\/\/gambling6.com\/lv\/wp-json\/wp\/v2\/pages"}],"about":[{"href":"https:\/\/gambling6.com\/lv\/wp-json\/wp\/v2\/types\/page"}],"author":[{"embeddable":true,"href":"https:\/\/gambling6.com\/lv\/wp-json\/wp\/v2\/users\/1"}],"replies":[{"embeddable":true,"href":"https:\/\/gambling6.com\/lv\/wp-json\/wp\/v2\/comments?post=8763"}],"version-history":[{"count":2,"href":"https:\/\/gambling6.com\/lv\/wp-json\/wp\/v2\/pages\/8763\/revisions"}],"predecessor-version":[{"id":10839,"href":"https:\/\/gambling6.com\/lv\/wp-json\/wp\/v2\/pages\/8763\/revisions\/10839"}],"wp:attachment":[{"href":"https:\/\/gambling6.com\/lv\/wp-json\/wp\/v2\/media?parent=8763"}],"curies":[{"name":"wp","href":"https:\/\/api.w.org\/{rel}","templated":true}]}}