{"id":8862,"date":"2025-11-08T09:02:31","date_gmt":"2025-11-08T09:02:31","guid":{"rendered":"https:\/\/gambling6.com\/kazino\/jusu-tiessaistes-azartspelu-konta-drosiba\/"},"modified":"2025-11-12T09:07:03","modified_gmt":"2025-11-12T09:07:03","slug":"jusu-tiessaistes-azartspelu-konta-drosiba","status":"publish","type":"page","link":"https:\/\/gambling6.com\/lv\/kazino\/jusu-tiessaistes-azartspelu-konta-drosiba\/","title":{"rendered":"J\u016bsu tie\u0161saistes azartsp\u0113\u013cu konta dro\u0161\u012bba"},"content":{"rendered":"<h2>Izvairieties no nedro\u0161\u0101m vietn\u0113m un veiciet da\u017eus dro\u0161\u012bbas pas\u0101kumus.<\/h2>\n<p>Tie\u0161saistes sp\u0113\u013cu pasaule ir iev\u0113rojami augusi, un, lai gan tas kopum\u0101 ir labi sp\u0113l\u0113t\u0101jiem, tam ir ar\u012b da\u017ei tr\u016bkumi. Kazino pied\u0101v\u0101t\u0101 tie\u0161saistes dro\u0161\u012bba, iesp\u0113jams, ir vissvar\u012bg\u0101kais elements, sp\u0113l\u0113jot uz \u012bstu naudu, un lietot\u0101jiem ir j\u0101garant\u0113 nevainojami finan\u0161u dar\u012bjumi.<\/p>\n<p>Diem\u017e\u0113l m\u016bsdienu tehnolo\u0123iski att\u012bst\u012btaj\u0101 pasaul\u0113 kr\u0101pniec\u012bba un kr\u0101p\u0161ana tie\u0161saist\u0113 ir p\u0101r\u0101k izplat\u012bta, lai pie\u0146emtu, ka t\u0101 ar jums nenotiks, un t\u0101p\u0113c neveiktu nek\u0101dus pas\u0101kumus, lai to nov\u0113rstu. Jauni tie\u0161saistes kazino par\u0101d\u0101s gandr\u012bz vienas nakts laik\u0101, solot milz\u012bgus bonusus, lai iekustin\u0101tu biznesu un piesaist\u012btu lielu klientu skaitu.<\/p>\n<p>Ir \u013coti svar\u012bgi zin\u0101t, vai tiem var uztic\u0113ties, un vispirms ir \u013coti ieteicams ieg\u016bt vair\u0101k inform\u0101cijas no cit\u0101m vietn\u0113m. Lietot\u0101ju vai pieredz\u0113ju\u0161u sp\u0113l\u0113t\u0101ju atsauksmes k\u013c\u016bst \u013coti popul\u0101ras internet\u0101, jo arvien vair\u0101k sp\u0113l\u0113t\u0101ju saskata risku iesaist\u012bties akli un vispirms mekl\u0113 k\u0101du p\u0101rliec\u012bbu.<\/p>\n<h2>Tie\u0161saistes azartsp\u0113les ASV<\/h2>\n<p><img loading=\"lazy\" decoding=\"async\" class=\" wp-image-2415 alignright\" src=\"https:\/\/gambling6.com\/wp-content\/uploads\/2022\/04\/1_play_euromillions_online3-300x200.jpg\" alt=\"kazino dro\u0161\u012bba\" width=\"263\" height=\"175\" srcset=\"https:\/\/gambling6.com\/wp-content\/uploads\/2022\/04\/1_play_euromillions_online3-300x200.jpg 300w, https:\/\/gambling6.com\/wp-content\/uploads\/2022\/04\/1_play_euromillions_online3.jpg 320w\" sizes=\"auto, (max-width: 263px) 100vw, 263px\" \/>ASV ir aizraujo\u0161s tie\u0161saistes azartsp\u0113\u013cu tirgus. Lai gan tie\u0161saistes kazino ir aizliegti vis\u0101s valst\u012bs, iz\u0146emot divus, pel\u0113k\u0101 tie\u0161saistes sp\u0113\u013cu nozare ir milz\u012bga, galvenok\u0101rt t\u0101p\u0113c, ka amerik\u0101\u0146u sp\u0113l\u0113t\u0101ji v\u0113las sp\u0113l\u0113t kazino sp\u0113les tie\u0161saist\u0113. Iev\u0113rojamais potenci\u0101lo klientu skaits noz\u012bm\u0113 ar\u012b to, ka ir vair\u0101k nek\u0101 tikai nedaudz ASV tie\u0161saistes kazino, kas amerik\u0101\u0146u sp\u0113l\u0113t\u0101jiem ir \u013coti viegli s\u0101kt sp\u0113l\u0113t.<\/p>\n<p>Faktiski vado\u0161\u0101s vietnes pat pie\u0146em amerik\u0101\u0146u kred\u012btkartes k\u0101 maks\u0101juma veidu, un viss ir izstr\u0101d\u0101ts t\u0101, lai sp\u0113l\u0113t\u0101jiem b\u016btu p\u0113c iesp\u0113jas \u0113rt\u0101k. Lai gan \u0161os tie\u0161saistes kazino neregul\u0113 ASV, tiem ir licences no \u0101rzonas jurisdikcij\u0101m, kas nodro\u0161ina dro\u0161u un aizsarg\u0101tu vidi. Probl\u0113ma ir t\u0101, ka l\u012bdz\u0101s lieliskajiem kazino, kas apkalpo ASV tirgu, ir ar\u012b daudz aizdom\u012bgu viet\u0146u, kur\u0101m ir probl\u0113mas ar izmaksu vai kuras vienk\u0101r\u0161i nepied\u0101v\u0101 god\u012bgu izmaksu procentu sav\u0101m sp\u0113l\u0113m.<\/p>\n<p>T\u0101p\u0113c vispirms ir svar\u012bgi izlas\u012bt da\u017eas atsauksmes par vietni, kurai v\u0113laties pievienoties, un p\u0101rliecin\u0101ties, vai t\u0101 ir tik laba, k\u0101 \u0161\u0137iet. Tas neaiz\u0146em vair\u0101k par da\u017e\u0101m min\u016bt\u0113m un nodro\u0161ina, ka j\u016bsu tie\u0161saistes sp\u0113\u013cu pieredze ir p\u0113c iesp\u0113jas lab\u0101ka. Run\u0101jot par god\u012bgu sp\u0113li, uzticami tie\u0161saistes kazino izmanto nejau\u0161o skait\u013cu \u0123eneratorus, lai p\u0101rliecin\u0101tos, ka katra sp\u0113le ir balst\u012bta tikai uz nejau\u0161\u012bbu. Tie\u0161saistes kazino var apvienot tradicion\u0101los kazino galdus ar tie\u0161saistes sp\u0113\u013cu priek\u0161roc\u012bb\u0101m, izmantojot d\u012blera tie\u0161raides video straum\u0113\u0161anu.<\/p>\n<p>K\u0101 ASV b\u0101z\u0113ts sp\u0113lmanis, j\u016bs nevarat k\u013c\u016bd\u012bties, izv\u0113loties tirg\u016b vado\u0161o tie\u0161saistes kazino sp\u0113\u013cu nodro\u0161in\u0101t\u0101ju, proti, BetOnline. <a class=\"thirstylink\" title=\"Betonline casino en\" href=\"https:\/\/gambling6.com\/go\/betonline-casino-en\/\" target=\"_blank\" rel=\"nofollow noopener\">Noklik\u0161\u0137iniet \u0161eit, lai apmekl\u0113tu vi\u0146u vietni<\/a>. J\u016bsu dro\u0161\u012bba tur ir lab\u0101s rok\u0101s, at\u0161\u0137ir\u012bb\u0101 no vairuma citu \u0101rzonas kazino operatoru, kas pie\u0146em ASV iedz\u012bvot\u0101jus.<\/p>\n<h2>Dro\u0161\u012bbas pas\u0101kumi, kas j\u0101\u0146em v\u0113r\u0101<\/h2>\n<p>J\u0101piemin ar\u012b, ka iev\u0113rojama da\u013ca atbild\u012bbas gulstas uz sp\u0113l\u0113t\u0101ju, un ir \u012bpa\u0161i pas\u0101kumi, ko vi\u0146\u0161 var veikt, lai nov\u0113rstu kr\u0101pniec\u012bbu un nodro\u0161in\u0101tu savu l\u012bdzek\u013cu dro\u0161\u012bbu.<\/p>\n<p><strong>1. Izmantojiet dro\u0161u paroli<\/strong><\/p>\n<p>Arvien vair\u0101k viet\u0146u mudina lietot\u0101jus izmantot dro\u0161as, gr\u016bti uzminamas paroles. Ciparu un burtu iek\u013cau\u0161ana gan ar lielajiem, gan mazajiem burtiem padara paroli daudz dro\u0161\u0101ku, un nav ieteicams izmantot vienu un to pa\u0161u paroli vair\u0101kiem kontiem.<\/p>\n<p><strong>2. P\u0101rliecinieties, ka jums ir laba pretv\u012brusu programma<\/strong><\/p>\n<p>Liel\u0101k\u0101 da\u013ca sp\u0113l\u0113t\u0101ju m\u0113dz aizmirst par laba pretv\u012brusu programmas noz\u012bmi. T\u0101 var nekav\u0113joties atkl\u0101t jebk\u0101das probl\u0113mas, s\u0113rfojot internet\u0101 vai lejupiel\u0101d\u0113jot kaut ko, piem\u0113ram, jauna tie\u0161saistes kazino lietotni.<\/p>\n<p><strong>3. Vienm\u0113r p\u0101rliecinieties, vai lapa ir dro\u0161a<\/strong><\/p>\n<p>Ievadot personas datus, piem\u0113ram, konta inform\u0101ciju, p\u0101rliecinieties, vai lapa ir dro\u0161a. To var izdar\u012bt, p\u0101rl\u016bkprogrammas adreses josl\u0101 p\u0101rbaudot HTTPS un mekl\u0113jot aizv\u0113rtas sl\u0113dzenes simbolu.<\/p>\n","protected":false},"excerpt":{"rendered":"<p>Izvairieties no nedro\u0161\u0101m vietn\u0113m un veiciet da\u017eus dro\u0161\u012bbas pas\u0101kumus. Tie\u0161saistes sp\u0113\u013cu pasaule ir iev\u0113rojami augusi, un, lai gan tas kopum\u0101 ir labi sp\u0113l\u0113t\u0101jiem, tam ir ar\u012b da\u017ei tr\u016bkumi. Kazino pied\u0101v\u0101t\u0101 tie\u0161saistes dro\u0161\u012bba, iesp\u0113jams, ir vissvar\u012bg\u0101kais elements, sp\u0113l\u0113jot uz \u012bstu naudu, un lietot\u0101jiem ir j\u0101garant\u0113 nevainojami finan\u0161u dar\u012bjumi. Diem\u017e\u0113l m\u016bsdienu tehnolo\u0123iski att\u012bst\u012btaj\u0101 pasaul\u0113 kr\u0101pniec\u012bba un kr\u0101p\u0161ana [&hellip;]<\/p>\n","protected":false},"author":1,"featured_media":0,"parent":8314,"menu_order":36,"comment_status":"closed","ping_status":"closed","template":"","meta":{"footnotes":""},"class_list":["post-8862","page","type-page","status-publish","hentry"],"yoast_head":"<!-- This site is optimized with the Yoast SEO plugin v27.4 - https:\/\/yoast.com\/product\/yoast-seo-wordpress\/ -->\n<title>K\u0101 es varu nodro\u0161in\u0101t sava tie\u0161saistes kazino konta dro\u0161\u012bbu?<\/title>\n<meta name=\"description\" content=\"Noder\u012bgi padomi azartsp\u0113\u013cu dro\u0161\u012bbai tie\u0161saist\u0113, lai p\u0101rliecin\u0101tos, ka j\u016bsu kazino konts ir dro\u0161\u012bb\u0101\" \/>\n<meta name=\"robots\" content=\"index, follow, max-snippet:-1, max-image-preview:large, max-video-preview:-1\" \/>\n<link rel=\"canonical\" href=\"https:\/\/gambling6.com\/lv\/kazino\/jusu-tiessaistes-azartspelu-konta-drosiba\/\" \/>\n<meta property=\"og:locale\" content=\"lv_LV\" \/>\n<meta property=\"og:type\" content=\"article\" \/>\n<meta property=\"og:title\" content=\"K\u0101 es varu nodro\u0161in\u0101t sava tie\u0161saistes kazino konta dro\u0161\u012bbu?\" \/>\n<meta property=\"og:description\" content=\"Noder\u012bgi padomi azartsp\u0113\u013cu dro\u0161\u012bbai tie\u0161saist\u0113, lai p\u0101rliecin\u0101tos, ka j\u016bsu kazino konts ir dro\u0161\u012bb\u0101\" \/>\n<meta property=\"og:url\" content=\"https:\/\/gambling6.com\/lv\/kazino\/jusu-tiessaistes-azartspelu-konta-drosiba\/\" \/>\n<meta property=\"og:site_name\" content=\"Gambling6\" \/>\n<meta property=\"article:modified_time\" content=\"2025-11-12T09:07:03+00:00\" \/>\n<meta property=\"og:image\" content=\"https:\/\/gambling6.com\/wp-content\/uploads\/2022\/04\/1_play_euromillions_online3.jpg\" \/>\n\t<meta property=\"og:image:width\" content=\"320\" \/>\n\t<meta property=\"og:image:height\" content=\"213\" \/>\n\t<meta property=\"og:image:type\" content=\"image\/jpeg\" \/>\n<meta name=\"twitter:card\" content=\"summary_large_image\" \/>\n<meta name=\"twitter:label1\" content=\"Est. reading time\" \/>\n\t<meta name=\"twitter:data1\" content=\"4 minutes\" \/>\n<script type=\"application\/ld+json\" class=\"yoast-schema-graph\">{\"@context\":\"https:\\\/\\\/schema.org\",\"@graph\":[{\"@type\":\"WebPage\",\"@id\":\"https:\\\/\\\/gambling6.com\\\/lv\\\/kazino\\\/jusu-tiessaistes-azartspelu-konta-drosiba\\\/\",\"url\":\"https:\\\/\\\/gambling6.com\\\/lv\\\/kazino\\\/jusu-tiessaistes-azartspelu-konta-drosiba\\\/\",\"name\":\"K\u0101 es varu nodro\u0161in\u0101t sava tie\u0161saistes kazino konta dro\u0161\u012bbu?\",\"isPartOf\":{\"@id\":\"https:\\\/\\\/gambling6.com\\\/lv\\\/#website\"},\"primaryImageOfPage\":{\"@id\":\"https:\\\/\\\/gambling6.com\\\/lv\\\/kazino\\\/jusu-tiessaistes-azartspelu-konta-drosiba\\\/#primaryimage\"},\"image\":{\"@id\":\"https:\\\/\\\/gambling6.com\\\/lv\\\/kazino\\\/jusu-tiessaistes-azartspelu-konta-drosiba\\\/#primaryimage\"},\"thumbnailUrl\":\"https:\\\/\\\/gambling6.com\\\/wp-content\\\/uploads\\\/2022\\\/04\\\/1_play_euromillions_online3-300x200.jpg\",\"datePublished\":\"2025-11-08T09:02:31+00:00\",\"dateModified\":\"2025-11-12T09:07:03+00:00\",\"description\":\"Noder\u012bgi padomi azartsp\u0113\u013cu dro\u0161\u012bbai tie\u0161saist\u0113, lai p\u0101rliecin\u0101tos, ka j\u016bsu kazino konts ir dro\u0161\u012bb\u0101\",\"breadcrumb\":{\"@id\":\"https:\\\/\\\/gambling6.com\\\/lv\\\/kazino\\\/jusu-tiessaistes-azartspelu-konta-drosiba\\\/#breadcrumb\"},\"inLanguage\":\"lv-LV\",\"potentialAction\":[{\"@type\":\"ReadAction\",\"target\":[\"https:\\\/\\\/gambling6.com\\\/lv\\\/kazino\\\/jusu-tiessaistes-azartspelu-konta-drosiba\\\/\"]}]},{\"@type\":\"ImageObject\",\"inLanguage\":\"lv-LV\",\"@id\":\"https:\\\/\\\/gambling6.com\\\/lv\\\/kazino\\\/jusu-tiessaistes-azartspelu-konta-drosiba\\\/#primaryimage\",\"url\":\"https:\\\/\\\/gambling6.com\\\/wp-content\\\/uploads\\\/2022\\\/04\\\/1_play_euromillions_online3-300x200.jpg\",\"contentUrl\":\"https:\\\/\\\/gambling6.com\\\/wp-content\\\/uploads\\\/2022\\\/04\\\/1_play_euromillions_online3-300x200.jpg\"},{\"@type\":\"BreadcrumbList\",\"@id\":\"https:\\\/\\\/gambling6.com\\\/lv\\\/kazino\\\/jusu-tiessaistes-azartspelu-konta-drosiba\\\/#breadcrumb\",\"itemListElement\":[{\"@type\":\"ListItem\",\"position\":1,\"name\":\"Home\",\"item\":\"https:\\\/\\\/gambling6.com\\\/lv\\\/home\\\/\"},{\"@type\":\"ListItem\",\"position\":2,\"name\":\"Kazino\",\"item\":\"https:\\\/\\\/gambling6.com\\\/lv\\\/get-started-with-online-gambling\\\/\"},{\"@type\":\"ListItem\",\"position\":3,\"name\":\"J\u016bsu tie\u0161saistes azartsp\u0113\u013cu konta dro\u0161\u012bba\"}]},{\"@type\":\"WebSite\",\"@id\":\"https:\\\/\\\/gambling6.com\\\/lv\\\/#website\",\"url\":\"https:\\\/\\\/gambling6.com\\\/lv\\\/\",\"name\":\"Gambling6\",\"description\":\"\",\"potentialAction\":[{\"@type\":\"SearchAction\",\"target\":{\"@type\":\"EntryPoint\",\"urlTemplate\":\"https:\\\/\\\/gambling6.com\\\/lv\\\/?s={search_term_string}\"},\"query-input\":{\"@type\":\"PropertyValueSpecification\",\"valueRequired\":true,\"valueName\":\"search_term_string\"}}],\"inLanguage\":\"lv-LV\"}]}<\/script>\n<!-- \/ Yoast SEO plugin. -->","yoast_head_json":{"title":"K\u0101 es varu nodro\u0161in\u0101t sava tie\u0161saistes kazino konta dro\u0161\u012bbu?","description":"Noder\u012bgi padomi azartsp\u0113\u013cu dro\u0161\u012bbai tie\u0161saist\u0113, lai p\u0101rliecin\u0101tos, ka j\u016bsu kazino konts ir dro\u0161\u012bb\u0101","robots":{"index":"index","follow":"follow","max-snippet":"max-snippet:-1","max-image-preview":"max-image-preview:large","max-video-preview":"max-video-preview:-1"},"canonical":"https:\/\/gambling6.com\/lv\/kazino\/jusu-tiessaistes-azartspelu-konta-drosiba\/","og_locale":"lv_LV","og_type":"article","og_title":"K\u0101 es varu nodro\u0161in\u0101t sava tie\u0161saistes kazino konta dro\u0161\u012bbu?","og_description":"Noder\u012bgi padomi azartsp\u0113\u013cu dro\u0161\u012bbai tie\u0161saist\u0113, lai p\u0101rliecin\u0101tos, ka j\u016bsu kazino konts ir dro\u0161\u012bb\u0101","og_url":"https:\/\/gambling6.com\/lv\/kazino\/jusu-tiessaistes-azartspelu-konta-drosiba\/","og_site_name":"Gambling6","article_modified_time":"2025-11-12T09:07:03+00:00","og_image":[{"width":320,"height":213,"url":"https:\/\/gambling6.com\/wp-content\/uploads\/2022\/04\/1_play_euromillions_online3.jpg","type":"image\/jpeg"}],"twitter_card":"summary_large_image","twitter_misc":{"Est. reading time":"4 minutes"},"schema":{"@context":"https:\/\/schema.org","@graph":[{"@type":"WebPage","@id":"https:\/\/gambling6.com\/lv\/kazino\/jusu-tiessaistes-azartspelu-konta-drosiba\/","url":"https:\/\/gambling6.com\/lv\/kazino\/jusu-tiessaistes-azartspelu-konta-drosiba\/","name":"K\u0101 es varu nodro\u0161in\u0101t sava tie\u0161saistes kazino konta dro\u0161\u012bbu?","isPartOf":{"@id":"https:\/\/gambling6.com\/lv\/#website"},"primaryImageOfPage":{"@id":"https:\/\/gambling6.com\/lv\/kazino\/jusu-tiessaistes-azartspelu-konta-drosiba\/#primaryimage"},"image":{"@id":"https:\/\/gambling6.com\/lv\/kazino\/jusu-tiessaistes-azartspelu-konta-drosiba\/#primaryimage"},"thumbnailUrl":"https:\/\/gambling6.com\/wp-content\/uploads\/2022\/04\/1_play_euromillions_online3-300x200.jpg","datePublished":"2025-11-08T09:02:31+00:00","dateModified":"2025-11-12T09:07:03+00:00","description":"Noder\u012bgi padomi azartsp\u0113\u013cu dro\u0161\u012bbai tie\u0161saist\u0113, lai p\u0101rliecin\u0101tos, ka j\u016bsu kazino konts ir dro\u0161\u012bb\u0101","breadcrumb":{"@id":"https:\/\/gambling6.com\/lv\/kazino\/jusu-tiessaistes-azartspelu-konta-drosiba\/#breadcrumb"},"inLanguage":"lv-LV","potentialAction":[{"@type":"ReadAction","target":["https:\/\/gambling6.com\/lv\/kazino\/jusu-tiessaistes-azartspelu-konta-drosiba\/"]}]},{"@type":"ImageObject","inLanguage":"lv-LV","@id":"https:\/\/gambling6.com\/lv\/kazino\/jusu-tiessaistes-azartspelu-konta-drosiba\/#primaryimage","url":"https:\/\/gambling6.com\/wp-content\/uploads\/2022\/04\/1_play_euromillions_online3-300x200.jpg","contentUrl":"https:\/\/gambling6.com\/wp-content\/uploads\/2022\/04\/1_play_euromillions_online3-300x200.jpg"},{"@type":"BreadcrumbList","@id":"https:\/\/gambling6.com\/lv\/kazino\/jusu-tiessaistes-azartspelu-konta-drosiba\/#breadcrumb","itemListElement":[{"@type":"ListItem","position":1,"name":"Home","item":"https:\/\/gambling6.com\/lv\/home\/"},{"@type":"ListItem","position":2,"name":"Kazino","item":"https:\/\/gambling6.com\/lv\/get-started-with-online-gambling\/"},{"@type":"ListItem","position":3,"name":"J\u016bsu tie\u0161saistes azartsp\u0113\u013cu konta dro\u0161\u012bba"}]},{"@type":"WebSite","@id":"https:\/\/gambling6.com\/lv\/#website","url":"https:\/\/gambling6.com\/lv\/","name":"Gambling6","description":"","potentialAction":[{"@type":"SearchAction","target":{"@type":"EntryPoint","urlTemplate":"https:\/\/gambling6.com\/lv\/?s={search_term_string}"},"query-input":{"@type":"PropertyValueSpecification","valueRequired":true,"valueName":"search_term_string"}}],"inLanguage":"lv-LV"}]}},"_links":{"self":[{"href":"https:\/\/gambling6.com\/lv\/wp-json\/wp\/v2\/pages\/8862","targetHints":{"allow":["GET"]}}],"collection":[{"href":"https:\/\/gambling6.com\/lv\/wp-json\/wp\/v2\/pages"}],"about":[{"href":"https:\/\/gambling6.com\/lv\/wp-json\/wp\/v2\/types\/page"}],"author":[{"embeddable":true,"href":"https:\/\/gambling6.com\/lv\/wp-json\/wp\/v2\/users\/1"}],"replies":[{"embeddable":true,"href":"https:\/\/gambling6.com\/lv\/wp-json\/wp\/v2\/comments?post=8862"}],"version-history":[{"count":1,"href":"https:\/\/gambling6.com\/lv\/wp-json\/wp\/v2\/pages\/8862\/revisions"}],"predecessor-version":[{"id":10443,"href":"https:\/\/gambling6.com\/lv\/wp-json\/wp\/v2\/pages\/8862\/revisions\/10443"}],"up":[{"embeddable":true,"href":"https:\/\/gambling6.com\/lv\/wp-json\/wp\/v2\/pages\/8314"}],"wp:attachment":[{"href":"https:\/\/gambling6.com\/lv\/wp-json\/wp\/v2\/media?parent=8862"}],"curies":[{"name":"wp","href":"https:\/\/api.w.org\/{rel}","templated":true}]}}