{"id":8895,"date":"2025-11-08T09:27:11","date_gmt":"2025-11-08T09:27:11","guid":{"rendered":"https:\/\/gambling6.com\/kazino\/blekdzeka-izcelsme\/"},"modified":"2025-11-15T09:22:19","modified_gmt":"2025-11-15T09:22:19","slug":"blekdzeka-izcelsme","status":"publish","type":"page","link":"https:\/\/gambling6.com\/lv\/kazino\/blekdzeka-izcelsme\/","title":{"rendered":"Blekd\u017eeka izcelsme"},"content":{"rendered":"<h2>Kad pirmo reizi tika sp\u0113l\u0113ts blekd\u017eeks<\/h2>\n<p><a href=\"http:\/\/gambling6.com\/wp-content\/uploads\/2013\/12\/history-of-balck-jack.jpg\"><img loading=\"lazy\" decoding=\"async\" class=\"aligncenter size-full wp-image-547 alignright size-full wp-image-183\" style=\"margin: 5px; float: right;\" src=\"http:\/\/gambling6.com\/wp-content\/uploads\/2013\/12\/history-of-balck-jack.jpg\" alt=\"blekd\u017eeka v\u0113sture\" width=\"243\" height=\"207\" \/><\/a>Azartsp\u0113\u013cu v\u0113sturnieki nav vienispr\u0101tis par sp\u0113les, ko m\u0113s paz\u012bstam k\u0101 blekd\u017eeku, v\u0113sturi un izcelsmi. Pat m\u016bsdien\u0101s t\u0101s v\u0113sture ir karsts diskusiju temats daudziem p\u0113tniekiem. No k\u0101r\u0161u sp\u0113\u013cu v\u0113stures var secin\u0101t, ka sp\u0113\u013cu k\u0101rtis s\u0101kotn\u0113ji tika izmantotas \u0136\u012bn\u0101, Indij\u0101 un \u0112\u0123ipt\u0113 jau 900. gad\u0101 p\u0113c Kristus. Tiek uzskat\u012bts, ka pirm\u0101s k\u0101r\u0161u sp\u0113les aizs\u0101k\u0101s \u0136\u012bn\u0101.<\/p>\n<p>Tom\u0113r joproj\u0101m tiek uzskat\u012bts, ka tie\u0161i franc\u016b\u017ei izgudroja blekd\u017eeka sp\u0113li. Franc\u016b\u017eiem bija k\u0101r\u0161u sp\u0113les, kas paz\u012bstamas k\u0101 \u201cchemin de fer\u201d un \u201cFrench Ferme\u201d. Tiek uzskat\u012bts, ka blekd\u017eeks paties\u012bb\u0101 ir \u0161o divu fran\u010du sp\u0113\u013cu atzars.<\/p>\n<p>Kaut kur 1700. gad\u0101 t\u0101 laika Francijas kazino tika ieviesta sp\u0113le, kas paz\u012bstama k\u0101 \u201cvingt-et-un\u201d, kas noz\u012bm\u0113 divdesmit viens. 19. gadsimt\u0101 \u0161\u012b pati sp\u0113le p\u0101rc\u0113l\u0101s uz Amerikas Savienotaj\u0101m Valst\u012bm.<\/p>\n<p>Lai gan \u201cvingt-et-un\u201d izskat\u0101s diezgan l\u012bdz\u012bgs blekd\u017eekam, tas da\u017eos aspektos tom\u0113r at\u0161\u0137iras. \u0160aj\u0101 sp\u0113l\u0113 m\u0113r\u0137is ir ieg\u016bt \u201cNatural\u201d ar k\u0101rt\u012bm, kuru kopsumma ir divdesmit viena. Turkl\u0101t k\u0101rtis tika dal\u012btas raundos, un likmes tika liktas katr\u0101 raund\u0101. Turkl\u0101t tikai d\u012blerim bija ties\u012bbas \u201cdubultot\u201d k\u0101rtis, un, ja vi\u0146\u0161 vai vi\u0146a ieguva Natural, visiem p\u0101r\u0113jiem sp\u0113l\u0113t\u0101jiem bija pien\u0101kums vi\u0146am vai vi\u0146ai maks\u0101t tr\u012bsk\u0101r\u0161u likmi.<\/p>\n<p>Cits attiec\u012bgo p\u0113tnieku arguments ir t\u0101ds, ka it\u0101\u013cu sp\u0113le, kas paz\u012bstama k\u0101 \u201cSepti\u0146i ar pusi\u201d, var\u0113tu b\u016bt ar\u012b devusi ieguld\u012bjumu m\u016bsdienu blekd\u017eeka att\u012bst\u012bb\u0101. Sp\u0113li sp\u0113l\u0113ja ar k\u0101rt\u012bm, kas numur\u0113tas ar 8, 9 un 10, k\u0101 ar\u012b ar z\u012bm\u0113m. Savuk\u0101rt z\u012bm\u0113s eso\u0161\u0101s k\u0101rtis tika skait\u012btas k\u0101 \u201cpuse\u201d. Turkl\u0101t Dimantu karalis tika uzskat\u012bts par \u201cwild\u201d k\u0101rti. Tiek uzskat\u012bts, ka \u0161\u012b bija pirm\u0101 sp\u0113le, kur\u0101 tika ieviests \u201cizg\u0101\u0161an\u0101s\u201d j\u0113dziens. Tas noz\u012bm\u0113, ka, ja k\u0101dam sp\u0113l\u0113t\u0101jam k\u0101r\u0161u summa p\u0101rsniedza septi\u0146as ar pusi, vi\u0146\u0161 vai vi\u0146a izst\u0101j\u0101s no sp\u0113les.<\/p>\n<p>Ar\u012b slaven\u0101 sp\u0101\u0146u sp\u0113le \u201cViens un tr\u012bsdesmit\u201d bija l\u012bdz\u012bga blekd\u017eekam. Ta\u010du \u0161aj\u0101 summa bija tr\u012bsdesmit viena, nevis divdesmit viena, turkl\u0101t t\u0101 tika sp\u0113l\u0113ta ar trim k\u0101rt\u012bm, nevis div\u0101m, k\u0101 blekd\u017eek\u0101.<\/p>\n<p>S\u0101kotn\u0113ji, kad blekd\u017eeks 1910. gad\u0101 ien\u0101ca Amerikas kazino, tas nebija \u012bpa\u0161i popul\u0101rs. Sp\u0113\u013cu nami ieviesa da\u017e\u0101dus stimulus un bonusus, lai piesaist\u012btu cilv\u0113kus sp\u0113lei. S\u0101kotn\u0113ji azartsp\u0113\u013cu nama pied\u0101v\u0101tais bonusa izmaksa bija 10 pret 1. Da\u017ei azartsp\u0113\u013cu nami pievienoja jaun\u0101s sp\u0113les vilin\u0101jumu, atpaz\u012bstot gan krusta kalpu, gan p\u012b\u0137a kalpu, lai laim\u0113jot desmit pret vienu.<\/p>\n<p>V\u0113l viena \u012bpatn\u012bba ir t\u0101, k\u0101 \u0161aj\u0101 sp\u0113l\u0113 tiek izmantots nosaukums &#8220;blekd\u017eeks&#8221;. Tiek uzskat\u012bts, ka sp\u0113le tika nosaukta par blekd\u017eeku, jo, lai sa\u0146emtu bonusa laimestu, sp\u0113l\u0113t\u0101jam pirmaj\u0101s div\u0101s k\u0101rt\u012bs bija j\u0101b\u016bt vai nu p\u012b\u0137a kalpam, vai p\u012b\u0137a d\u016bzim.<\/p>\n<p>Lai gan tagad kalps vairs nav nepiecie\u0161ams, lai izveidotu uzvaro\u0161u kombin\u0101ciju, un jebkura desmit v\u0113rta karte ar d\u016bzi tiks uzskat\u012bta par uzvaro\u0161u kombin\u0101ciju, nosaukums blekd\u017eeks to nes sev l\u012bdzi.<\/p>\n","protected":false},"excerpt":{"rendered":"<p>Kad pirmo reizi tika sp\u0113l\u0113ts blekd\u017eeks Azartsp\u0113\u013cu v\u0113sturnieki nav vienispr\u0101tis par sp\u0113les, ko m\u0113s paz\u012bstam k\u0101 blekd\u017eeku, v\u0113sturi un izcelsmi. Pat m\u016bsdien\u0101s t\u0101s v\u0113sture ir karsts diskusiju temats daudziem p\u0113tniekiem. No k\u0101r\u0161u sp\u0113\u013cu v\u0113stures var secin\u0101t, ka sp\u0113\u013cu k\u0101rtis s\u0101kotn\u0113ji tika izmantotas \u0136\u012bn\u0101, Indij\u0101 un \u0112\u0123ipt\u0113 jau 900. gad\u0101 p\u0113c Kristus. Tiek uzskat\u012bts, ka pirm\u0101s [&hellip;]<\/p>\n","protected":false},"author":1,"featured_media":8880,"parent":8314,"menu_order":56,"comment_status":"closed","ping_status":"closed","template":"","meta":{"footnotes":""},"class_list":["post-8895","page","type-page","status-publish","has-post-thumbnail","hentry"],"yoast_head":"<!-- This site is optimized with the Yoast SEO plugin v27.3 - https:\/\/yoast.com\/product\/yoast-seo-wordpress\/ -->\n<title>Blekd\u017eeka k\u0101r\u0161u sp\u0113les izcelsme<\/title>\n<meta name=\"description\" content=\"Lasiet par blekd\u017eeka v\u0113sturi, s\u0101kot no popul\u0101ras ielu sp\u0113les l\u012bdz kazino izklaidei un tie\u0161saistes kazino.\" \/>\n<meta name=\"robots\" content=\"index, follow, max-snippet:-1, max-image-preview:large, max-video-preview:-1\" \/>\n<link rel=\"canonical\" href=\"https:\/\/gambling6.com\/lv\/kazino\/blekdzeka-izcelsme\/\" \/>\n<meta property=\"og:locale\" content=\"lv_LV\" \/>\n<meta property=\"og:type\" content=\"article\" \/>\n<meta property=\"og:title\" content=\"Blekd\u017eeka k\u0101r\u0161u sp\u0113les izcelsme\" \/>\n<meta property=\"og:description\" content=\"Lasiet par blekd\u017eeka v\u0113sturi, s\u0101kot no popul\u0101ras ielu sp\u0113les l\u012bdz kazino izklaidei un tie\u0161saistes kazino.\" \/>\n<meta property=\"og:url\" content=\"https:\/\/gambling6.com\/lv\/kazino\/blekdzeka-izcelsme\/\" \/>\n<meta property=\"og:site_name\" content=\"Gambling6\" \/>\n<meta property=\"article:modified_time\" content=\"2025-11-15T09:22:19+00:00\" \/>\n<meta property=\"og:image\" content=\"https:\/\/gambling6.com\/wp-content\/uploads\/2013\/12\/history-of-balck-jack.jpg\" \/>\n\t<meta property=\"og:image:width\" content=\"243\" \/>\n\t<meta property=\"og:image:height\" content=\"207\" \/>\n\t<meta property=\"og:image:type\" content=\"image\/jpeg\" \/>\n<meta name=\"twitter:card\" content=\"summary_large_image\" \/>\n<meta name=\"twitter:label1\" content=\"Est. reading time\" \/>\n\t<meta name=\"twitter:data1\" content=\"3 minutes\" \/>\n<script type=\"application\/ld+json\" class=\"yoast-schema-graph\">{\"@context\":\"https:\\\/\\\/schema.org\",\"@graph\":[{\"@type\":\"WebPage\",\"@id\":\"https:\\\/\\\/gambling6.com\\\/lv\\\/kazino\\\/blekdzeka-izcelsme\\\/\",\"url\":\"https:\\\/\\\/gambling6.com\\\/lv\\\/kazino\\\/blekdzeka-izcelsme\\\/\",\"name\":\"Blekd\u017eeka k\u0101r\u0161u sp\u0113les izcelsme\",\"isPartOf\":{\"@id\":\"https:\\\/\\\/gambling6.com\\\/lv\\\/#website\"},\"primaryImageOfPage\":{\"@id\":\"https:\\\/\\\/gambling6.com\\\/lv\\\/kazino\\\/blekdzeka-izcelsme\\\/#primaryimage\"},\"image\":{\"@id\":\"https:\\\/\\\/gambling6.com\\\/lv\\\/kazino\\\/blekdzeka-izcelsme\\\/#primaryimage\"},\"thumbnailUrl\":\"https:\\\/\\\/gambling6.com\\\/wp-content\\\/uploads\\\/2013\\\/12\\\/history-of-balck-jack.jpg\",\"datePublished\":\"2025-11-08T09:27:11+00:00\",\"dateModified\":\"2025-11-15T09:22:19+00:00\",\"description\":\"Lasiet par blekd\u017eeka v\u0113sturi, s\u0101kot no popul\u0101ras ielu sp\u0113les l\u012bdz kazino izklaidei un tie\u0161saistes kazino.\",\"breadcrumb\":{\"@id\":\"https:\\\/\\\/gambling6.com\\\/lv\\\/kazino\\\/blekdzeka-izcelsme\\\/#breadcrumb\"},\"inLanguage\":\"lv-LV\",\"potentialAction\":[{\"@type\":\"ReadAction\",\"target\":[\"https:\\\/\\\/gambling6.com\\\/lv\\\/kazino\\\/blekdzeka-izcelsme\\\/\"]}]},{\"@type\":\"ImageObject\",\"inLanguage\":\"lv-LV\",\"@id\":\"https:\\\/\\\/gambling6.com\\\/lv\\\/kazino\\\/blekdzeka-izcelsme\\\/#primaryimage\",\"url\":\"https:\\\/\\\/gambling6.com\\\/wp-content\\\/uploads\\\/2013\\\/12\\\/history-of-balck-jack.jpg\",\"contentUrl\":\"https:\\\/\\\/gambling6.com\\\/wp-content\\\/uploads\\\/2013\\\/12\\\/history-of-balck-jack.jpg\",\"width\":243,\"height\":207,\"caption\":\"blackjack\"},{\"@type\":\"BreadcrumbList\",\"@id\":\"https:\\\/\\\/gambling6.com\\\/lv\\\/kazino\\\/blekdzeka-izcelsme\\\/#breadcrumb\",\"itemListElement\":[{\"@type\":\"ListItem\",\"position\":1,\"name\":\"Home\",\"item\":\"https:\\\/\\\/gambling6.com\\\/lv\\\/home\\\/\"},{\"@type\":\"ListItem\",\"position\":2,\"name\":\"Kazino\",\"item\":\"https:\\\/\\\/gambling6.com\\\/lv\\\/get-started-with-online-gambling\\\/\"},{\"@type\":\"ListItem\",\"position\":3,\"name\":\"Blekd\u017eeka izcelsme\"}]},{\"@type\":\"WebSite\",\"@id\":\"https:\\\/\\\/gambling6.com\\\/lv\\\/#website\",\"url\":\"https:\\\/\\\/gambling6.com\\\/lv\\\/\",\"name\":\"Gambling6\",\"description\":\"\",\"potentialAction\":[{\"@type\":\"SearchAction\",\"target\":{\"@type\":\"EntryPoint\",\"urlTemplate\":\"https:\\\/\\\/gambling6.com\\\/lv\\\/?s={search_term_string}\"},\"query-input\":{\"@type\":\"PropertyValueSpecification\",\"valueRequired\":true,\"valueName\":\"search_term_string\"}}],\"inLanguage\":\"lv-LV\"}]}<\/script>\n<!-- \/ Yoast SEO plugin. -->","yoast_head_json":{"title":"Blekd\u017eeka k\u0101r\u0161u sp\u0113les izcelsme","description":"Lasiet par blekd\u017eeka v\u0113sturi, s\u0101kot no popul\u0101ras ielu sp\u0113les l\u012bdz kazino izklaidei un tie\u0161saistes kazino.","robots":{"index":"index","follow":"follow","max-snippet":"max-snippet:-1","max-image-preview":"max-image-preview:large","max-video-preview":"max-video-preview:-1"},"canonical":"https:\/\/gambling6.com\/lv\/kazino\/blekdzeka-izcelsme\/","og_locale":"lv_LV","og_type":"article","og_title":"Blekd\u017eeka k\u0101r\u0161u sp\u0113les izcelsme","og_description":"Lasiet par blekd\u017eeka v\u0113sturi, s\u0101kot no popul\u0101ras ielu sp\u0113les l\u012bdz kazino izklaidei un tie\u0161saistes kazino.","og_url":"https:\/\/gambling6.com\/lv\/kazino\/blekdzeka-izcelsme\/","og_site_name":"Gambling6","article_modified_time":"2025-11-15T09:22:19+00:00","og_image":[{"width":243,"height":207,"url":"https:\/\/gambling6.com\/wp-content\/uploads\/2013\/12\/history-of-balck-jack.jpg","type":"image\/jpeg"}],"twitter_card":"summary_large_image","twitter_misc":{"Est. reading time":"3 minutes"},"schema":{"@context":"https:\/\/schema.org","@graph":[{"@type":"WebPage","@id":"https:\/\/gambling6.com\/lv\/kazino\/blekdzeka-izcelsme\/","url":"https:\/\/gambling6.com\/lv\/kazino\/blekdzeka-izcelsme\/","name":"Blekd\u017eeka k\u0101r\u0161u sp\u0113les izcelsme","isPartOf":{"@id":"https:\/\/gambling6.com\/lv\/#website"},"primaryImageOfPage":{"@id":"https:\/\/gambling6.com\/lv\/kazino\/blekdzeka-izcelsme\/#primaryimage"},"image":{"@id":"https:\/\/gambling6.com\/lv\/kazino\/blekdzeka-izcelsme\/#primaryimage"},"thumbnailUrl":"https:\/\/gambling6.com\/wp-content\/uploads\/2013\/12\/history-of-balck-jack.jpg","datePublished":"2025-11-08T09:27:11+00:00","dateModified":"2025-11-15T09:22:19+00:00","description":"Lasiet par blekd\u017eeka v\u0113sturi, s\u0101kot no popul\u0101ras ielu sp\u0113les l\u012bdz kazino izklaidei un tie\u0161saistes kazino.","breadcrumb":{"@id":"https:\/\/gambling6.com\/lv\/kazino\/blekdzeka-izcelsme\/#breadcrumb"},"inLanguage":"lv-LV","potentialAction":[{"@type":"ReadAction","target":["https:\/\/gambling6.com\/lv\/kazino\/blekdzeka-izcelsme\/"]}]},{"@type":"ImageObject","inLanguage":"lv-LV","@id":"https:\/\/gambling6.com\/lv\/kazino\/blekdzeka-izcelsme\/#primaryimage","url":"https:\/\/gambling6.com\/wp-content\/uploads\/2013\/12\/history-of-balck-jack.jpg","contentUrl":"https:\/\/gambling6.com\/wp-content\/uploads\/2013\/12\/history-of-balck-jack.jpg","width":243,"height":207,"caption":"blackjack"},{"@type":"BreadcrumbList","@id":"https:\/\/gambling6.com\/lv\/kazino\/blekdzeka-izcelsme\/#breadcrumb","itemListElement":[{"@type":"ListItem","position":1,"name":"Home","item":"https:\/\/gambling6.com\/lv\/home\/"},{"@type":"ListItem","position":2,"name":"Kazino","item":"https:\/\/gambling6.com\/lv\/get-started-with-online-gambling\/"},{"@type":"ListItem","position":3,"name":"Blekd\u017eeka izcelsme"}]},{"@type":"WebSite","@id":"https:\/\/gambling6.com\/lv\/#website","url":"https:\/\/gambling6.com\/lv\/","name":"Gambling6","description":"","potentialAction":[{"@type":"SearchAction","target":{"@type":"EntryPoint","urlTemplate":"https:\/\/gambling6.com\/lv\/?s={search_term_string}"},"query-input":{"@type":"PropertyValueSpecification","valueRequired":true,"valueName":"search_term_string"}}],"inLanguage":"lv-LV"}]}},"_links":{"self":[{"href":"https:\/\/gambling6.com\/lv\/wp-json\/wp\/v2\/pages\/8895","targetHints":{"allow":["GET"]}}],"collection":[{"href":"https:\/\/gambling6.com\/lv\/wp-json\/wp\/v2\/pages"}],"about":[{"href":"https:\/\/gambling6.com\/lv\/wp-json\/wp\/v2\/types\/page"}],"author":[{"embeddable":true,"href":"https:\/\/gambling6.com\/lv\/wp-json\/wp\/v2\/users\/1"}],"replies":[{"embeddable":true,"href":"https:\/\/gambling6.com\/lv\/wp-json\/wp\/v2\/comments?post=8895"}],"version-history":[{"count":1,"href":"https:\/\/gambling6.com\/lv\/wp-json\/wp\/v2\/pages\/8895\/revisions"}],"predecessor-version":[{"id":10871,"href":"https:\/\/gambling6.com\/lv\/wp-json\/wp\/v2\/pages\/8895\/revisions\/10871"}],"up":[{"embeddable":true,"href":"https:\/\/gambling6.com\/lv\/wp-json\/wp\/v2\/pages\/8314"}],"wp:featuredmedia":[{"embeddable":true,"href":"https:\/\/gambling6.com\/lv\/wp-json\/wp\/v2\/media\/8880"}],"wp:attachment":[{"href":"https:\/\/gambling6.com\/lv\/wp-json\/wp\/v2\/media?parent=8895"}],"curies":[{"name":"wp","href":"https:\/\/api.w.org\/{rel}","templated":true}]}}